{"id":80366,"date":"2026-04-27T04:44:07","date_gmt":"2026-04-27T04:44:07","guid":{"rendered":""},"modified":"2026-04-27T04:44:07","modified_gmt":"2026-04-27T04:44:07","slug":"znackovy-tona-expert-e165480-sroubovak-plochy-3x100-80366","status":"publish","type":"product","link":"https:\/\/www.domkraftpro.com\/index.php\/produkt\/znackovy-tona-expert-e165480-sroubovak-plochy-3x100-80366\/","title":{"rendered":"Zna\u010dkov\u00fd TONA EXPERT E165480 \u0160roubov\u00e1k ploch\u00fd 3&#215;100"},"content":{"rendered":"<table>\n<div class=\"tab-pane active product-description\" id=\"popis\" role=\"tabpanel\">\n<div class=\"short-description\" itemprop=\"description\"><\/div>\n<div class=\"description\"><span class='bullet-line'>NF ISO 2380-1 &#8211;<\/span>NF ISO 2380-2 &#8211; DIN 5263<span class='bullet-line'>Ergonomick\u00e1 trimateri\u00e1ln\u00ed rukoje\u0165 pro pohodln\u00e9 a pevn\u00e9 dr\u017een\u00ed<\/span><span class='bullet-line'>Barevn\u00fd k\u00f3d typu hrotu \u2013 \u010derven\u00e1 barva<\/span><span class='bullet-line'>D\u0159\u00edk kulat\u00e9ho pr\u016f\u0159ezu z chrom-vanadov\u00e9 oceli<\/span><span class='bullet-line'>P\u00edskovan\u00fd hrot<\/span><\/div>\n<\/table>\n","protected":false},"excerpt":{"rendered":"<p>NF ISO 2380-1 &#8211;NF ISO 2380-2 &#8211; DIN 5263Ergonomick\u00e1 trimateri\u00e1ln\u00ed rukoje\u0165 pro pohodln\u00e9 a pevn\u00e9 dr\u017een\u00edBarevn\u00fd k\u00f3d typu hrotu \u2013 \u010derven\u00e1 barvaD\u0159\u00edk kulat\u00e9ho pr\u016f\u0159ezu z chrom-vanadov\u00e9 oceliP\u00edskovan\u00fd hrot<\/p>\n","protected":false},"featured_media":80466,"comment_status":"open","ping_status":"open","template":"","meta":[],"product_brand":[],"product_cat":[52],"product_tag":[],"class_list":{"0":"post-80366","1":"product","2":"type-product","3":"status-publish","4":"has-post-thumbnail","6":"product_cat-naradi","8":"first","9":"instock","10":"sale","11":"shipping-taxable","12":"purchasable","13":"product-type-simple"},"yoast_head":"<!-- This site is optimized with the Yoast SEO plugin v26.8 - https:\/\/yoast.com\/product\/yoast-seo-wordpress\/ -->\n<title>Zna\u010dkov\u00fd TONA EXPERT E165480 \u0160roubov\u00e1k ploch\u00fd 3x100 -<\/title>\n<meta name=\"robots\" content=\"index, follow, max-snippet:-1, max-image-preview:large, max-video-preview:-1\" \/>\n<link rel=\"canonical\" href=\"https:\/\/www.domkraftpro.com\/index.php\/produkt\/znackovy-tona-expert-e165480-sroubovak-plochy-3x100-80366\/\" \/>\n<meta property=\"og:locale\" content=\"cs_CZ\" \/>\n<meta property=\"og:type\" content=\"article\" \/>\n<meta property=\"og:title\" content=\"Zna\u010dkov\u00fd TONA EXPERT E165480 \u0160roubov\u00e1k ploch\u00fd 3x100 -\" \/>\n<meta property=\"og:description\" content=\"NF ISO 2380-1 &#8211;NF ISO 2380-2 &#8211; DIN 5263Ergonomick\u00e1 trimateri\u00e1ln\u00ed rukoje\u0165 pro pohodln\u00e9 a pevn\u00e9 dr\u017een\u00edBarevn\u00fd k\u00f3d typu hrotu \u2013 \u010derven\u00e1 barvaD\u0159\u00edk kulat\u00e9ho pr\u016f\u0159ezu z chrom-vanadov\u00e9 oceliP\u00edskovan\u00fd hrot\" \/>\n<meta property=\"og:url\" content=\"https:\/\/www.domkraftpro.com\/index.php\/produkt\/znackovy-tona-expert-e165480-sroubovak-plochy-3x100-80366\/\" \/>\n<meta property=\"og:image\" content=\"https:\/\/www.domkraftpro.com\/wp-content\/uploads\/2026\/SK0009767-CZ20260425-092328-0-1777080210-e165141_ph01.webp\" \/>\n\t<meta property=\"og:image:width\" content=\"700\" \/>\n\t<meta property=\"og:image:height\" content=\"117\" \/>\n\t<meta property=\"og:image:type\" content=\"image\/webp\" \/>\n<meta name=\"twitter:card\" content=\"summary_large_image\" \/>\n<script type=\"application\/ld+json\" class=\"yoast-schema-graph\">{\"@context\":\"https:\/\/schema.org\",\"@graph\":[{\"@type\":\"WebPage\",\"@id\":\"https:\/\/www.domkraftpro.com\/index.php\/produkt\/znackovy-tona-expert-e165480-sroubovak-plochy-3x100-80366\/\",\"url\":\"https:\/\/www.domkraftpro.com\/index.php\/produkt\/znackovy-tona-expert-e165480-sroubovak-plochy-3x100-80366\/\",\"name\":\"Zna\u010dkov\u00fd TONA EXPERT E165480 \u0160roubov\u00e1k ploch\u00fd 3x100 -\",\"isPartOf\":{\"@id\":\"https:\/\/www.domkraftpro.com\/#website\"},\"primaryImageOfPage\":{\"@id\":\"https:\/\/www.domkraftpro.com\/index.php\/produkt\/znackovy-tona-expert-e165480-sroubovak-plochy-3x100-80366\/#primaryimage\"},\"image\":{\"@id\":\"https:\/\/www.domkraftpro.com\/index.php\/produkt\/znackovy-tona-expert-e165480-sroubovak-plochy-3x100-80366\/#primaryimage\"},\"thumbnailUrl\":\"https:\/\/www.domkraftpro.com\/wp-content\/uploads\/2026\/SK0009767-CZ20260425-092328-0-1777080210-e165141_ph01.webp\",\"datePublished\":\"2026-04-27T04:44:07+00:00\",\"breadcrumb\":{\"@id\":\"https:\/\/www.domkraftpro.com\/index.php\/produkt\/znackovy-tona-expert-e165480-sroubovak-plochy-3x100-80366\/#breadcrumb\"},\"inLanguage\":\"cs\",\"potentialAction\":[{\"@type\":\"ReadAction\",\"target\":[\"https:\/\/www.domkraftpro.com\/index.php\/produkt\/znackovy-tona-expert-e165480-sroubovak-plochy-3x100-80366\/\"]}]},{\"@type\":\"ImageObject\",\"inLanguage\":\"cs\",\"@id\":\"https:\/\/www.domkraftpro.com\/index.php\/produkt\/znackovy-tona-expert-e165480-sroubovak-plochy-3x100-80366\/#primaryimage\",\"url\":\"https:\/\/www.domkraftpro.com\/wp-content\/uploads\/2026\/SK0009767-CZ20260425-092328-0-1777080210-e165141_ph01.webp\",\"contentUrl\":\"https:\/\/www.domkraftpro.com\/wp-content\/uploads\/2026\/SK0009767-CZ20260425-092328-0-1777080210-e165141_ph01.webp\",\"width\":700,\"height\":117},{\"@type\":\"BreadcrumbList\",\"@id\":\"https:\/\/www.domkraftpro.com\/index.php\/produkt\/znackovy-tona-expert-e165480-sroubovak-plochy-3x100-80366\/#breadcrumb\",\"itemListElement\":[{\"@type\":\"ListItem\",\"position\":1,\"name\":\"Home\",\"item\":\"https:\/\/www.domkraftpro.com\/\"},{\"@type\":\"ListItem\",\"position\":2,\"name\":\"Products\",\"item\":\"https:\/\/www.domkraftpro.com\/index.php\/products\/\"},{\"@type\":\"ListItem\",\"position\":3,\"name\":\"Zna\u010dkov\u00fd TONA EXPERT E165480 \u0160roubov\u00e1k ploch\u00fd 3&#215;100\"}]},{\"@type\":\"WebSite\",\"@id\":\"https:\/\/www.domkraftpro.com\/#website\",\"url\":\"https:\/\/www.domkraftpro.com\/\",\"name\":\"\",\"description\":\"\",\"potentialAction\":[{\"@type\":\"SearchAction\",\"target\":{\"@type\":\"EntryPoint\",\"urlTemplate\":\"https:\/\/www.domkraftpro.com\/?s={search_term_string}\"},\"query-input\":{\"@type\":\"PropertyValueSpecification\",\"valueRequired\":true,\"valueName\":\"search_term_string\"}}],\"inLanguage\":\"cs\"}]}<\/script>\n<!-- \/ Yoast SEO plugin. -->","yoast_head_json":{"title":"Zna\u010dkov\u00fd TONA EXPERT E165480 \u0160roubov\u00e1k ploch\u00fd 3x100 -","robots":{"index":"index","follow":"follow","max-snippet":"max-snippet:-1","max-image-preview":"max-image-preview:large","max-video-preview":"max-video-preview:-1"},"canonical":"https:\/\/www.domkraftpro.com\/index.php\/produkt\/znackovy-tona-expert-e165480-sroubovak-plochy-3x100-80366\/","og_locale":"cs_CZ","og_type":"article","og_title":"Zna\u010dkov\u00fd TONA EXPERT E165480 \u0160roubov\u00e1k ploch\u00fd 3x100 -","og_description":"NF ISO 2380-1 &#8211;NF ISO 2380-2 &#8211; DIN 5263Ergonomick\u00e1 trimateri\u00e1ln\u00ed rukoje\u0165 pro pohodln\u00e9 a pevn\u00e9 dr\u017een\u00edBarevn\u00fd k\u00f3d typu hrotu \u2013 \u010derven\u00e1 barvaD\u0159\u00edk kulat\u00e9ho pr\u016f\u0159ezu z chrom-vanadov\u00e9 oceliP\u00edskovan\u00fd hrot","og_url":"https:\/\/www.domkraftpro.com\/index.php\/produkt\/znackovy-tona-expert-e165480-sroubovak-plochy-3x100-80366\/","og_image":[{"width":700,"height":117,"url":"https:\/\/www.domkraftpro.com\/wp-content\/uploads\/2026\/SK0009767-CZ20260425-092328-0-1777080210-e165141_ph01.webp","type":"image\/webp"}],"twitter_card":"summary_large_image","schema":{"@context":"https:\/\/schema.org","@graph":[{"@type":"WebPage","@id":"https:\/\/www.domkraftpro.com\/index.php\/produkt\/znackovy-tona-expert-e165480-sroubovak-plochy-3x100-80366\/","url":"https:\/\/www.domkraftpro.com\/index.php\/produkt\/znackovy-tona-expert-e165480-sroubovak-plochy-3x100-80366\/","name":"Zna\u010dkov\u00fd TONA EXPERT E165480 \u0160roubov\u00e1k ploch\u00fd 3x100 -","isPartOf":{"@id":"https:\/\/www.domkraftpro.com\/#website"},"primaryImageOfPage":{"@id":"https:\/\/www.domkraftpro.com\/index.php\/produkt\/znackovy-tona-expert-e165480-sroubovak-plochy-3x100-80366\/#primaryimage"},"image":{"@id":"https:\/\/www.domkraftpro.com\/index.php\/produkt\/znackovy-tona-expert-e165480-sroubovak-plochy-3x100-80366\/#primaryimage"},"thumbnailUrl":"https:\/\/www.domkraftpro.com\/wp-content\/uploads\/2026\/SK0009767-CZ20260425-092328-0-1777080210-e165141_ph01.webp","datePublished":"2026-04-27T04:44:07+00:00","breadcrumb":{"@id":"https:\/\/www.domkraftpro.com\/index.php\/produkt\/znackovy-tona-expert-e165480-sroubovak-plochy-3x100-80366\/#breadcrumb"},"inLanguage":"cs","potentialAction":[{"@type":"ReadAction","target":["https:\/\/www.domkraftpro.com\/index.php\/produkt\/znackovy-tona-expert-e165480-sroubovak-plochy-3x100-80366\/"]}]},{"@type":"ImageObject","inLanguage":"cs","@id":"https:\/\/www.domkraftpro.com\/index.php\/produkt\/znackovy-tona-expert-e165480-sroubovak-plochy-3x100-80366\/#primaryimage","url":"https:\/\/www.domkraftpro.com\/wp-content\/uploads\/2026\/SK0009767-CZ20260425-092328-0-1777080210-e165141_ph01.webp","contentUrl":"https:\/\/www.domkraftpro.com\/wp-content\/uploads\/2026\/SK0009767-CZ20260425-092328-0-1777080210-e165141_ph01.webp","width":700,"height":117},{"@type":"BreadcrumbList","@id":"https:\/\/www.domkraftpro.com\/index.php\/produkt\/znackovy-tona-expert-e165480-sroubovak-plochy-3x100-80366\/#breadcrumb","itemListElement":[{"@type":"ListItem","position":1,"name":"Home","item":"https:\/\/www.domkraftpro.com\/"},{"@type":"ListItem","position":2,"name":"Products","item":"https:\/\/www.domkraftpro.com\/index.php\/products\/"},{"@type":"ListItem","position":3,"name":"Zna\u010dkov\u00fd TONA EXPERT E165480 \u0160roubov\u00e1k ploch\u00fd 3&#215;100"}]},{"@type":"WebSite","@id":"https:\/\/www.domkraftpro.com\/#website","url":"https:\/\/www.domkraftpro.com\/","name":"","description":"","potentialAction":[{"@type":"SearchAction","target":{"@type":"EntryPoint","urlTemplate":"https:\/\/www.domkraftpro.com\/?s={search_term_string}"},"query-input":{"@type":"PropertyValueSpecification","valueRequired":true,"valueName":"search_term_string"}}],"inLanguage":"cs"}]}},"_links":{"self":[{"href":"https:\/\/www.domkraftpro.com\/index.php\/wp-json\/wp\/v2\/product\/80366","targetHints":{"allow":["GET"]}}],"collection":[{"href":"https:\/\/www.domkraftpro.com\/index.php\/wp-json\/wp\/v2\/product"}],"about":[{"href":"https:\/\/www.domkraftpro.com\/index.php\/wp-json\/wp\/v2\/types\/product"}],"replies":[{"embeddable":true,"href":"https:\/\/www.domkraftpro.com\/index.php\/wp-json\/wp\/v2\/comments?post=80366"}],"wp:featuredmedia":[{"embeddable":true,"href":"https:\/\/www.domkraftpro.com\/index.php\/wp-json\/wp\/v2\/media\/80466"}],"wp:attachment":[{"href":"https:\/\/www.domkraftpro.com\/index.php\/wp-json\/wp\/v2\/media?parent=80366"}],"wp:term":[{"taxonomy":"product_brand","embeddable":true,"href":"https:\/\/www.domkraftpro.com\/index.php\/wp-json\/wp\/v2\/product_brand?post=80366"},{"taxonomy":"product_cat","embeddable":true,"href":"https:\/\/www.domkraftpro.com\/index.php\/wp-json\/wp\/v2\/product_cat?post=80366"},{"taxonomy":"product_tag","embeddable":true,"href":"https:\/\/www.domkraftpro.com\/index.php\/wp-json\/wp\/v2\/product_tag?post=80366"}],"curies":[{"name":"wp","href":"https:\/\/api.w.org\/{rel}","templated":true}]}}