{"id":80127,"date":"2026-04-27T04:44:06","date_gmt":"2026-04-27T04:44:06","guid":{"rendered":""},"modified":"2026-04-27T04:44:06","modified_gmt":"2026-04-27T04:44:06","slug":"znackovy-tona-expert-e117063-1-2-12hranna-hlavice-20-mm-80127","status":"publish","type":"product","link":"https:\/\/www.domkraftpro.com\/index.php\/produkt\/znackovy-tona-expert-e117063-1-2-12hranna-hlavice-20-mm-80127\/","title":{"rendered":"Zna\u010dkov\u00fd TONA EXPERT E117063 1\/2&#8243; 12hrann\u00e1 hlavice 20 mm"},"content":{"rendered":"<table>\n<div class=\"tab-pane active product-description\" id=\"popis\" role=\"tabpanel\">\n<div class=\"short-description\" itemprop=\"description\"><\/div>\n<div class=\"description\"><span class='bullet-line'>ISO 2725 &#8211; DIN 3124<\/span><span class='bullet-line'>Vykovan\u00e9 z chrom-vanadov\u00e9 oceli<\/span><span class='bullet-line'>Chromovan\u00fd le\u0161t\u011bn\u00fd povrch<\/span><span class='bullet-line'>Profil<\/span>Maxi<br \/>Drive: utahovac\u00ed\/povolovac\u00ed moment je p\u0159en\u00e1\u0161en na st\u011bnu a ne na hranu matice<span class='bullet-line'>V\u00fdhradn\u011b pro ru\u010dn\u00ed pou\u017eit\u00ed<\/span><\/div>\n<\/table>\n","protected":false},"excerpt":{"rendered":"<p>ISO 2725 &#8211; DIN 3124Vykovan\u00e9 z chrom-vanadov\u00e9 oceliChromovan\u00fd le\u0161t\u011bn\u00fd povrchProfilMaxiDrive: utahovac\u00ed\/povolovac\u00ed moment je p\u0159en\u00e1\u0161en na st\u011bnu a ne na hranu maticeV\u00fdhradn\u011b pro ru\u010dn\u00ed pou\u017eit\u00ed<\/p>\n","protected":false},"featured_media":80227,"comment_status":"open","ping_status":"open","template":"","meta":[],"product_brand":[],"product_cat":[52],"product_tag":[],"class_list":{"0":"post-80127","1":"product","2":"type-product","3":"status-publish","4":"has-post-thumbnail","6":"product_cat-naradi","8":"first","9":"instock","10":"sale","11":"shipping-taxable","12":"purchasable","13":"product-type-simple"},"yoast_head":"<!-- This site is optimized with the Yoast SEO plugin v26.8 - https:\/\/yoast.com\/product\/yoast-seo-wordpress\/ -->\n<title>Zna\u010dkov\u00fd TONA EXPERT E117063 1\/2&quot; 12hrann\u00e1 hlavice 20 mm -<\/title>\n<meta name=\"robots\" content=\"index, follow, max-snippet:-1, max-image-preview:large, max-video-preview:-1\" \/>\n<link rel=\"canonical\" href=\"https:\/\/www.domkraftpro.com\/index.php\/produkt\/znackovy-tona-expert-e117063-1-2-12hranna-hlavice-20-mm-80127\/\" \/>\n<meta property=\"og:locale\" content=\"cs_CZ\" \/>\n<meta property=\"og:type\" content=\"article\" \/>\n<meta property=\"og:title\" content=\"Zna\u010dkov\u00fd TONA EXPERT E117063 1\/2&quot; 12hrann\u00e1 hlavice 20 mm -\" \/>\n<meta property=\"og:description\" content=\"ISO 2725 &#8211; DIN 3124Vykovan\u00e9 z chrom-vanadov\u00e9 oceliChromovan\u00fd le\u0161t\u011bn\u00fd povrchProfilMaxiDrive: utahovac\u00ed\/povolovac\u00ed moment je p\u0159en\u00e1\u0161en na st\u011bnu a ne na hranu maticeV\u00fdhradn\u011b pro ru\u010dn\u00ed pou\u017eit\u00ed\" \/>\n<meta property=\"og:url\" content=\"https:\/\/www.domkraftpro.com\/index.php\/produkt\/znackovy-tona-expert-e117063-1-2-12hranna-hlavice-20-mm-80127\/\" \/>\n<meta property=\"og:image\" content=\"https:\/\/www.domkraftpro.com\/wp-content\/uploads\/2026\/SK0009628-CZ20260425-092328-0-1777080210-e117058_ph01_1.webp\" \/>\n\t<meta property=\"og:image:width\" content=\"442\" \/>\n\t<meta property=\"og:image:height\" content=\"700\" \/>\n\t<meta property=\"og:image:type\" content=\"image\/webp\" \/>\n<meta name=\"twitter:card\" content=\"summary_large_image\" \/>\n<script type=\"application\/ld+json\" class=\"yoast-schema-graph\">{\"@context\":\"https:\/\/schema.org\",\"@graph\":[{\"@type\":\"WebPage\",\"@id\":\"https:\/\/www.domkraftpro.com\/index.php\/produkt\/znackovy-tona-expert-e117063-1-2-12hranna-hlavice-20-mm-80127\/\",\"url\":\"https:\/\/www.domkraftpro.com\/index.php\/produkt\/znackovy-tona-expert-e117063-1-2-12hranna-hlavice-20-mm-80127\/\",\"name\":\"Zna\u010dkov\u00fd TONA EXPERT E117063 1\/2\\\" 12hrann\u00e1 hlavice 20 mm -\",\"isPartOf\":{\"@id\":\"https:\/\/www.domkraftpro.com\/#website\"},\"primaryImageOfPage\":{\"@id\":\"https:\/\/www.domkraftpro.com\/index.php\/produkt\/znackovy-tona-expert-e117063-1-2-12hranna-hlavice-20-mm-80127\/#primaryimage\"},\"image\":{\"@id\":\"https:\/\/www.domkraftpro.com\/index.php\/produkt\/znackovy-tona-expert-e117063-1-2-12hranna-hlavice-20-mm-80127\/#primaryimage\"},\"thumbnailUrl\":\"https:\/\/www.domkraftpro.com\/wp-content\/uploads\/2026\/SK0009628-CZ20260425-092328-0-1777080210-e117058_ph01_1.webp\",\"datePublished\":\"2026-04-27T04:44:06+00:00\",\"breadcrumb\":{\"@id\":\"https:\/\/www.domkraftpro.com\/index.php\/produkt\/znackovy-tona-expert-e117063-1-2-12hranna-hlavice-20-mm-80127\/#breadcrumb\"},\"inLanguage\":\"cs\",\"potentialAction\":[{\"@type\":\"ReadAction\",\"target\":[\"https:\/\/www.domkraftpro.com\/index.php\/produkt\/znackovy-tona-expert-e117063-1-2-12hranna-hlavice-20-mm-80127\/\"]}]},{\"@type\":\"ImageObject\",\"inLanguage\":\"cs\",\"@id\":\"https:\/\/www.domkraftpro.com\/index.php\/produkt\/znackovy-tona-expert-e117063-1-2-12hranna-hlavice-20-mm-80127\/#primaryimage\",\"url\":\"https:\/\/www.domkraftpro.com\/wp-content\/uploads\/2026\/SK0009628-CZ20260425-092328-0-1777080210-e117058_ph01_1.webp\",\"contentUrl\":\"https:\/\/www.domkraftpro.com\/wp-content\/uploads\/2026\/SK0009628-CZ20260425-092328-0-1777080210-e117058_ph01_1.webp\",\"width\":442,\"height\":700},{\"@type\":\"BreadcrumbList\",\"@id\":\"https:\/\/www.domkraftpro.com\/index.php\/produkt\/znackovy-tona-expert-e117063-1-2-12hranna-hlavice-20-mm-80127\/#breadcrumb\",\"itemListElement\":[{\"@type\":\"ListItem\",\"position\":1,\"name\":\"Home\",\"item\":\"https:\/\/www.domkraftpro.com\/\"},{\"@type\":\"ListItem\",\"position\":2,\"name\":\"Products\",\"item\":\"https:\/\/www.domkraftpro.com\/index.php\/products\/\"},{\"@type\":\"ListItem\",\"position\":3,\"name\":\"Zna\u010dkov\u00fd TONA EXPERT E117063 1\/2&#8243; 12hrann\u00e1 hlavice 20 mm\"}]},{\"@type\":\"WebSite\",\"@id\":\"https:\/\/www.domkraftpro.com\/#website\",\"url\":\"https:\/\/www.domkraftpro.com\/\",\"name\":\"\",\"description\":\"\",\"potentialAction\":[{\"@type\":\"SearchAction\",\"target\":{\"@type\":\"EntryPoint\",\"urlTemplate\":\"https:\/\/www.domkraftpro.com\/?s={search_term_string}\"},\"query-input\":{\"@type\":\"PropertyValueSpecification\",\"valueRequired\":true,\"valueName\":\"search_term_string\"}}],\"inLanguage\":\"cs\"}]}<\/script>\n<!-- \/ Yoast SEO plugin. -->","yoast_head_json":{"title":"Zna\u010dkov\u00fd TONA EXPERT E117063 1\/2\" 12hrann\u00e1 hlavice 20 mm -","robots":{"index":"index","follow":"follow","max-snippet":"max-snippet:-1","max-image-preview":"max-image-preview:large","max-video-preview":"max-video-preview:-1"},"canonical":"https:\/\/www.domkraftpro.com\/index.php\/produkt\/znackovy-tona-expert-e117063-1-2-12hranna-hlavice-20-mm-80127\/","og_locale":"cs_CZ","og_type":"article","og_title":"Zna\u010dkov\u00fd TONA EXPERT E117063 1\/2\" 12hrann\u00e1 hlavice 20 mm -","og_description":"ISO 2725 &#8211; DIN 3124Vykovan\u00e9 z chrom-vanadov\u00e9 oceliChromovan\u00fd le\u0161t\u011bn\u00fd povrchProfilMaxiDrive: utahovac\u00ed\/povolovac\u00ed moment je p\u0159en\u00e1\u0161en na st\u011bnu a ne na hranu maticeV\u00fdhradn\u011b pro ru\u010dn\u00ed pou\u017eit\u00ed","og_url":"https:\/\/www.domkraftpro.com\/index.php\/produkt\/znackovy-tona-expert-e117063-1-2-12hranna-hlavice-20-mm-80127\/","og_image":[{"width":442,"height":700,"url":"https:\/\/www.domkraftpro.com\/wp-content\/uploads\/2026\/SK0009628-CZ20260425-092328-0-1777080210-e117058_ph01_1.webp","type":"image\/webp"}],"twitter_card":"summary_large_image","schema":{"@context":"https:\/\/schema.org","@graph":[{"@type":"WebPage","@id":"https:\/\/www.domkraftpro.com\/index.php\/produkt\/znackovy-tona-expert-e117063-1-2-12hranna-hlavice-20-mm-80127\/","url":"https:\/\/www.domkraftpro.com\/index.php\/produkt\/znackovy-tona-expert-e117063-1-2-12hranna-hlavice-20-mm-80127\/","name":"Zna\u010dkov\u00fd TONA EXPERT E117063 1\/2\" 12hrann\u00e1 hlavice 20 mm -","isPartOf":{"@id":"https:\/\/www.domkraftpro.com\/#website"},"primaryImageOfPage":{"@id":"https:\/\/www.domkraftpro.com\/index.php\/produkt\/znackovy-tona-expert-e117063-1-2-12hranna-hlavice-20-mm-80127\/#primaryimage"},"image":{"@id":"https:\/\/www.domkraftpro.com\/index.php\/produkt\/znackovy-tona-expert-e117063-1-2-12hranna-hlavice-20-mm-80127\/#primaryimage"},"thumbnailUrl":"https:\/\/www.domkraftpro.com\/wp-content\/uploads\/2026\/SK0009628-CZ20260425-092328-0-1777080210-e117058_ph01_1.webp","datePublished":"2026-04-27T04:44:06+00:00","breadcrumb":{"@id":"https:\/\/www.domkraftpro.com\/index.php\/produkt\/znackovy-tona-expert-e117063-1-2-12hranna-hlavice-20-mm-80127\/#breadcrumb"},"inLanguage":"cs","potentialAction":[{"@type":"ReadAction","target":["https:\/\/www.domkraftpro.com\/index.php\/produkt\/znackovy-tona-expert-e117063-1-2-12hranna-hlavice-20-mm-80127\/"]}]},{"@type":"ImageObject","inLanguage":"cs","@id":"https:\/\/www.domkraftpro.com\/index.php\/produkt\/znackovy-tona-expert-e117063-1-2-12hranna-hlavice-20-mm-80127\/#primaryimage","url":"https:\/\/www.domkraftpro.com\/wp-content\/uploads\/2026\/SK0009628-CZ20260425-092328-0-1777080210-e117058_ph01_1.webp","contentUrl":"https:\/\/www.domkraftpro.com\/wp-content\/uploads\/2026\/SK0009628-CZ20260425-092328-0-1777080210-e117058_ph01_1.webp","width":442,"height":700},{"@type":"BreadcrumbList","@id":"https:\/\/www.domkraftpro.com\/index.php\/produkt\/znackovy-tona-expert-e117063-1-2-12hranna-hlavice-20-mm-80127\/#breadcrumb","itemListElement":[{"@type":"ListItem","position":1,"name":"Home","item":"https:\/\/www.domkraftpro.com\/"},{"@type":"ListItem","position":2,"name":"Products","item":"https:\/\/www.domkraftpro.com\/index.php\/products\/"},{"@type":"ListItem","position":3,"name":"Zna\u010dkov\u00fd TONA EXPERT E117063 1\/2&#8243; 12hrann\u00e1 hlavice 20 mm"}]},{"@type":"WebSite","@id":"https:\/\/www.domkraftpro.com\/#website","url":"https:\/\/www.domkraftpro.com\/","name":"","description":"","potentialAction":[{"@type":"SearchAction","target":{"@type":"EntryPoint","urlTemplate":"https:\/\/www.domkraftpro.com\/?s={search_term_string}"},"query-input":{"@type":"PropertyValueSpecification","valueRequired":true,"valueName":"search_term_string"}}],"inLanguage":"cs"}]}},"_links":{"self":[{"href":"https:\/\/www.domkraftpro.com\/index.php\/wp-json\/wp\/v2\/product\/80127","targetHints":{"allow":["GET"]}}],"collection":[{"href":"https:\/\/www.domkraftpro.com\/index.php\/wp-json\/wp\/v2\/product"}],"about":[{"href":"https:\/\/www.domkraftpro.com\/index.php\/wp-json\/wp\/v2\/types\/product"}],"replies":[{"embeddable":true,"href":"https:\/\/www.domkraftpro.com\/index.php\/wp-json\/wp\/v2\/comments?post=80127"}],"wp:featuredmedia":[{"embeddable":true,"href":"https:\/\/www.domkraftpro.com\/index.php\/wp-json\/wp\/v2\/media\/80227"}],"wp:attachment":[{"href":"https:\/\/www.domkraftpro.com\/index.php\/wp-json\/wp\/v2\/media?parent=80127"}],"wp:term":[{"taxonomy":"product_brand","embeddable":true,"href":"https:\/\/www.domkraftpro.com\/index.php\/wp-json\/wp\/v2\/product_brand?post=80127"},{"taxonomy":"product_cat","embeddable":true,"href":"https:\/\/www.domkraftpro.com\/index.php\/wp-json\/wp\/v2\/product_cat?post=80127"},{"taxonomy":"product_tag","embeddable":true,"href":"https:\/\/www.domkraftpro.com\/index.php\/wp-json\/wp\/v2\/product_tag?post=80127"}],"curies":[{"name":"wp","href":"https:\/\/api.w.org\/{rel}","templated":true}]}}