{"id":79518,"date":"2026-04-27T04:44:04","date_gmt":"2026-04-27T04:44:04","guid":{"rendered":""},"modified":"2026-04-27T04:44:04","modified_gmt":"2026-04-27T04:44:04","slug":"akce-autolak-do-pistole-toyota-100ml-span-class-small-color-gray-text-muted-toyota-4m9-beige-span-79518","status":"publish","type":"product","link":"https:\/\/www.domkraftpro.com\/index.php\/produkt\/akce-autolak-do-pistole-toyota-100ml-span-class-small-color-gray-text-muted-toyota-4m9-beige-span-79518\/","title":{"rendered":"Akce Autolak do pistole Toyota 100ml<span class=\"small color-gray text-muted\"> &#8211; Toyota: 4M9 BEIGE<\/span>"},"content":{"rendered":"\n<ul class=\"nav nav-tabs nav-append-content\">\n<li>Popis <i class=\"fa fa-angle-down pull-right\"><\/i><\/li>\n<li>Diskuse  <i class=\"fa fa-angle-down pull-right\"><\/i><\/li>\n<li>M\u00e1te dotaz? <i class=\"fa fa-angle-down pull-right\"><\/i><\/li>\n<\/ul>\n<div class=\"tab-content TabsContentDynamicHeight\">\n<div class=\"tab-pane section-widget-base content-p\" id=\"tab-description\"> <!-- Tab-content - Long description -->\t\t\t\t\t\t\t<\/p>\n<p>Metalick\u00e9 i nemetalick\u00e9 odst\u00edny<\/p>\n<p>U\u00a0<strong>Nemetalick\u00fdch<\/strong>\u00a0odst\u00edn\u016f celkov\u00fd obsah SETU\u00a0<strong>100ml barvy + 50ml tu\u017eidla + 10ml \u0159edidla.<\/strong><\/p>\n<p><strong>Metalick\u00e9 odst\u00edny je t\u0159eba p\u0159elakovat bezbarv\u00fdm lakem, kter\u00fd nen\u00ed obsahem balen\u00ed. Celkov\u00fd obsah balen\u00ed Metalick\u00fdch odst\u00edn\u016f je 100ml &#8211; pouze barva.<\/strong><\/p>\n<\/p>\n<div class=\"clearfix\"><\/div>\n<\/p><\/div>\n","protected":false},"excerpt":{"rendered":"<p>Popis Diskuse M\u00e1te dotaz? Metalick\u00e9 i nemetalick\u00e9 odst\u00edny U\u00a0Nemetalick\u00fdch\u00a0odst\u00edn\u016f celkov\u00fd obsah SETU\u00a0100ml barvy + 50ml tu\u017eidla + 10ml \u0159edidla. Metalick\u00e9 odst\u00edny je t\u0159eba p\u0159elakovat bezbarv\u00fdm lakem, kter\u00fd nen\u00ed obsahem balen\u00ed. Celkov\u00fd obsah balen\u00ed Metalick\u00fdch odst\u00edn\u016f je 100ml &#8211; pouze barva.<\/p>\n","protected":false},"featured_media":79618,"comment_status":"open","ping_status":"open","template":"","meta":[],"product_brand":[],"product_cat":[53],"product_tag":[],"class_list":{"0":"post-79518","1":"product","2":"type-product","3":"status-publish","4":"has-post-thumbnail","6":"product_cat-autolaky-amp-prislusenstvi","8":"first","9":"instock","10":"sale","11":"shipping-taxable","12":"purchasable","13":"product-type-simple"},"yoast_head":"<!-- This site is optimized with the Yoast SEO plugin v26.8 - https:\/\/yoast.com\/product\/yoast-seo-wordpress\/ -->\n<title>Akce Autolak do pistole Toyota 100ml - Toyota: 4M9 BEIGE -<\/title>\n<meta name=\"robots\" content=\"index, follow, max-snippet:-1, max-image-preview:large, max-video-preview:-1\" \/>\n<link rel=\"canonical\" href=\"https:\/\/www.domkraftpro.com\/index.php\/produkt\/akce-autolak-do-pistole-toyota-100ml-span-class-small-color-gray-text-muted-toyota-4m9-beige-span-79518\/\" \/>\n<meta property=\"og:locale\" content=\"cs_CZ\" \/>\n<meta property=\"og:type\" content=\"article\" \/>\n<meta property=\"og:title\" content=\"Akce Autolak do pistole Toyota 100ml - Toyota: 4M9 BEIGE -\" \/>\n<meta property=\"og:description\" content=\"Popis Diskuse M\u00e1te dotaz? Metalick\u00e9 i nemetalick\u00e9 odst\u00edny U\u00a0Nemetalick\u00fdch\u00a0odst\u00edn\u016f celkov\u00fd obsah SETU\u00a0100ml barvy + 50ml tu\u017eidla + 10ml \u0159edidla. Metalick\u00e9 odst\u00edny je t\u0159eba p\u0159elakovat bezbarv\u00fdm lakem, kter\u00fd nen\u00ed obsahem balen\u00ed. Celkov\u00fd obsah balen\u00ed Metalick\u00fdch odst\u00edn\u016f je 100ml &#8211; pouze barva.\" \/>\n<meta property=\"og:url\" content=\"https:\/\/www.domkraftpro.com\/index.php\/produkt\/akce-autolak-do-pistole-toyota-100ml-span-class-small-color-gray-text-muted-toyota-4m9-beige-span-79518\/\" \/>\n<meta property=\"og:image\" content=\"https:\/\/www.domkraftpro.com\/wp-content\/uploads\/2026\/SK0050455-CZ20260425-092133-0-1777080118-f5b07b1ef525c9a33f4365d6d66f9071-toyota.webp\" \/>\n\t<meta property=\"og:image:width\" content=\"1000\" \/>\n\t<meta property=\"og:image:height\" content=\"710\" \/>\n\t<meta property=\"og:image:type\" content=\"image\/webp\" \/>\n<meta name=\"twitter:card\" content=\"summary_large_image\" \/>\n<script type=\"application\/ld+json\" class=\"yoast-schema-graph\">{\"@context\":\"https:\/\/schema.org\",\"@graph\":[{\"@type\":\"WebPage\",\"@id\":\"https:\/\/www.domkraftpro.com\/index.php\/produkt\/akce-autolak-do-pistole-toyota-100ml-span-class-small-color-gray-text-muted-toyota-4m9-beige-span-79518\/\",\"url\":\"https:\/\/www.domkraftpro.com\/index.php\/produkt\/akce-autolak-do-pistole-toyota-100ml-span-class-small-color-gray-text-muted-toyota-4m9-beige-span-79518\/\",\"name\":\"Akce Autolak do pistole Toyota 100ml - Toyota: 4M9 BEIGE -\",\"isPartOf\":{\"@id\":\"https:\/\/www.domkraftpro.com\/#website\"},\"primaryImageOfPage\":{\"@id\":\"https:\/\/www.domkraftpro.com\/index.php\/produkt\/akce-autolak-do-pistole-toyota-100ml-span-class-small-color-gray-text-muted-toyota-4m9-beige-span-79518\/#primaryimage\"},\"image\":{\"@id\":\"https:\/\/www.domkraftpro.com\/index.php\/produkt\/akce-autolak-do-pistole-toyota-100ml-span-class-small-color-gray-text-muted-toyota-4m9-beige-span-79518\/#primaryimage\"},\"thumbnailUrl\":\"https:\/\/www.domkraftpro.com\/wp-content\/uploads\/2026\/SK0050455-CZ20260425-092133-0-1777080118-f5b07b1ef525c9a33f4365d6d66f9071-toyota.webp\",\"datePublished\":\"2026-04-27T04:44:04+00:00\",\"breadcrumb\":{\"@id\":\"https:\/\/www.domkraftpro.com\/index.php\/produkt\/akce-autolak-do-pistole-toyota-100ml-span-class-small-color-gray-text-muted-toyota-4m9-beige-span-79518\/#breadcrumb\"},\"inLanguage\":\"cs\",\"potentialAction\":[{\"@type\":\"ReadAction\",\"target\":[\"https:\/\/www.domkraftpro.com\/index.php\/produkt\/akce-autolak-do-pistole-toyota-100ml-span-class-small-color-gray-text-muted-toyota-4m9-beige-span-79518\/\"]}]},{\"@type\":\"ImageObject\",\"inLanguage\":\"cs\",\"@id\":\"https:\/\/www.domkraftpro.com\/index.php\/produkt\/akce-autolak-do-pistole-toyota-100ml-span-class-small-color-gray-text-muted-toyota-4m9-beige-span-79518\/#primaryimage\",\"url\":\"https:\/\/www.domkraftpro.com\/wp-content\/uploads\/2026\/SK0050455-CZ20260425-092133-0-1777080118-f5b07b1ef525c9a33f4365d6d66f9071-toyota.webp\",\"contentUrl\":\"https:\/\/www.domkraftpro.com\/wp-content\/uploads\/2026\/SK0050455-CZ20260425-092133-0-1777080118-f5b07b1ef525c9a33f4365d6d66f9071-toyota.webp\",\"width\":1000,\"height\":710},{\"@type\":\"BreadcrumbList\",\"@id\":\"https:\/\/www.domkraftpro.com\/index.php\/produkt\/akce-autolak-do-pistole-toyota-100ml-span-class-small-color-gray-text-muted-toyota-4m9-beige-span-79518\/#breadcrumb\",\"itemListElement\":[{\"@type\":\"ListItem\",\"position\":1,\"name\":\"Home\",\"item\":\"https:\/\/www.domkraftpro.com\/\"},{\"@type\":\"ListItem\",\"position\":2,\"name\":\"Products\",\"item\":\"https:\/\/www.domkraftpro.com\/index.php\/products\/\"},{\"@type\":\"ListItem\",\"position\":3,\"name\":\"Akce Autolak do pistole Toyota 100ml &#8211; Toyota: 4M9 BEIGE\"}]},{\"@type\":\"WebSite\",\"@id\":\"https:\/\/www.domkraftpro.com\/#website\",\"url\":\"https:\/\/www.domkraftpro.com\/\",\"name\":\"\",\"description\":\"\",\"potentialAction\":[{\"@type\":\"SearchAction\",\"target\":{\"@type\":\"EntryPoint\",\"urlTemplate\":\"https:\/\/www.domkraftpro.com\/?s={search_term_string}\"},\"query-input\":{\"@type\":\"PropertyValueSpecification\",\"valueRequired\":true,\"valueName\":\"search_term_string\"}}],\"inLanguage\":\"cs\"}]}<\/script>\n<!-- \/ Yoast SEO plugin. -->","yoast_head_json":{"title":"Akce Autolak do pistole Toyota 100ml - Toyota: 4M9 BEIGE -","robots":{"index":"index","follow":"follow","max-snippet":"max-snippet:-1","max-image-preview":"max-image-preview:large","max-video-preview":"max-video-preview:-1"},"canonical":"https:\/\/www.domkraftpro.com\/index.php\/produkt\/akce-autolak-do-pistole-toyota-100ml-span-class-small-color-gray-text-muted-toyota-4m9-beige-span-79518\/","og_locale":"cs_CZ","og_type":"article","og_title":"Akce Autolak do pistole Toyota 100ml - Toyota: 4M9 BEIGE -","og_description":"Popis Diskuse M\u00e1te dotaz? Metalick\u00e9 i nemetalick\u00e9 odst\u00edny U\u00a0Nemetalick\u00fdch\u00a0odst\u00edn\u016f celkov\u00fd obsah SETU\u00a0100ml barvy + 50ml tu\u017eidla + 10ml \u0159edidla. Metalick\u00e9 odst\u00edny je t\u0159eba p\u0159elakovat bezbarv\u00fdm lakem, kter\u00fd nen\u00ed obsahem balen\u00ed. Celkov\u00fd obsah balen\u00ed Metalick\u00fdch odst\u00edn\u016f je 100ml &#8211; pouze barva.","og_url":"https:\/\/www.domkraftpro.com\/index.php\/produkt\/akce-autolak-do-pistole-toyota-100ml-span-class-small-color-gray-text-muted-toyota-4m9-beige-span-79518\/","og_image":[{"width":1000,"height":710,"url":"https:\/\/www.domkraftpro.com\/wp-content\/uploads\/2026\/SK0050455-CZ20260425-092133-0-1777080118-f5b07b1ef525c9a33f4365d6d66f9071-toyota.webp","type":"image\/webp"}],"twitter_card":"summary_large_image","schema":{"@context":"https:\/\/schema.org","@graph":[{"@type":"WebPage","@id":"https:\/\/www.domkraftpro.com\/index.php\/produkt\/akce-autolak-do-pistole-toyota-100ml-span-class-small-color-gray-text-muted-toyota-4m9-beige-span-79518\/","url":"https:\/\/www.domkraftpro.com\/index.php\/produkt\/akce-autolak-do-pistole-toyota-100ml-span-class-small-color-gray-text-muted-toyota-4m9-beige-span-79518\/","name":"Akce Autolak do pistole Toyota 100ml - Toyota: 4M9 BEIGE -","isPartOf":{"@id":"https:\/\/www.domkraftpro.com\/#website"},"primaryImageOfPage":{"@id":"https:\/\/www.domkraftpro.com\/index.php\/produkt\/akce-autolak-do-pistole-toyota-100ml-span-class-small-color-gray-text-muted-toyota-4m9-beige-span-79518\/#primaryimage"},"image":{"@id":"https:\/\/www.domkraftpro.com\/index.php\/produkt\/akce-autolak-do-pistole-toyota-100ml-span-class-small-color-gray-text-muted-toyota-4m9-beige-span-79518\/#primaryimage"},"thumbnailUrl":"https:\/\/www.domkraftpro.com\/wp-content\/uploads\/2026\/SK0050455-CZ20260425-092133-0-1777080118-f5b07b1ef525c9a33f4365d6d66f9071-toyota.webp","datePublished":"2026-04-27T04:44:04+00:00","breadcrumb":{"@id":"https:\/\/www.domkraftpro.com\/index.php\/produkt\/akce-autolak-do-pistole-toyota-100ml-span-class-small-color-gray-text-muted-toyota-4m9-beige-span-79518\/#breadcrumb"},"inLanguage":"cs","potentialAction":[{"@type":"ReadAction","target":["https:\/\/www.domkraftpro.com\/index.php\/produkt\/akce-autolak-do-pistole-toyota-100ml-span-class-small-color-gray-text-muted-toyota-4m9-beige-span-79518\/"]}]},{"@type":"ImageObject","inLanguage":"cs","@id":"https:\/\/www.domkraftpro.com\/index.php\/produkt\/akce-autolak-do-pistole-toyota-100ml-span-class-small-color-gray-text-muted-toyota-4m9-beige-span-79518\/#primaryimage","url":"https:\/\/www.domkraftpro.com\/wp-content\/uploads\/2026\/SK0050455-CZ20260425-092133-0-1777080118-f5b07b1ef525c9a33f4365d6d66f9071-toyota.webp","contentUrl":"https:\/\/www.domkraftpro.com\/wp-content\/uploads\/2026\/SK0050455-CZ20260425-092133-0-1777080118-f5b07b1ef525c9a33f4365d6d66f9071-toyota.webp","width":1000,"height":710},{"@type":"BreadcrumbList","@id":"https:\/\/www.domkraftpro.com\/index.php\/produkt\/akce-autolak-do-pistole-toyota-100ml-span-class-small-color-gray-text-muted-toyota-4m9-beige-span-79518\/#breadcrumb","itemListElement":[{"@type":"ListItem","position":1,"name":"Home","item":"https:\/\/www.domkraftpro.com\/"},{"@type":"ListItem","position":2,"name":"Products","item":"https:\/\/www.domkraftpro.com\/index.php\/products\/"},{"@type":"ListItem","position":3,"name":"Akce Autolak do pistole Toyota 100ml &#8211; Toyota: 4M9 BEIGE"}]},{"@type":"WebSite","@id":"https:\/\/www.domkraftpro.com\/#website","url":"https:\/\/www.domkraftpro.com\/","name":"","description":"","potentialAction":[{"@type":"SearchAction","target":{"@type":"EntryPoint","urlTemplate":"https:\/\/www.domkraftpro.com\/?s={search_term_string}"},"query-input":{"@type":"PropertyValueSpecification","valueRequired":true,"valueName":"search_term_string"}}],"inLanguage":"cs"}]}},"_links":{"self":[{"href":"https:\/\/www.domkraftpro.com\/index.php\/wp-json\/wp\/v2\/product\/79518","targetHints":{"allow":["GET"]}}],"collection":[{"href":"https:\/\/www.domkraftpro.com\/index.php\/wp-json\/wp\/v2\/product"}],"about":[{"href":"https:\/\/www.domkraftpro.com\/index.php\/wp-json\/wp\/v2\/types\/product"}],"replies":[{"embeddable":true,"href":"https:\/\/www.domkraftpro.com\/index.php\/wp-json\/wp\/v2\/comments?post=79518"}],"wp:featuredmedia":[{"embeddable":true,"href":"https:\/\/www.domkraftpro.com\/index.php\/wp-json\/wp\/v2\/media\/79618"}],"wp:attachment":[{"href":"https:\/\/www.domkraftpro.com\/index.php\/wp-json\/wp\/v2\/media?parent=79518"}],"wp:term":[{"taxonomy":"product_brand","embeddable":true,"href":"https:\/\/www.domkraftpro.com\/index.php\/wp-json\/wp\/v2\/product_brand?post=79518"},{"taxonomy":"product_cat","embeddable":true,"href":"https:\/\/www.domkraftpro.com\/index.php\/wp-json\/wp\/v2\/product_cat?post=79518"},{"taxonomy":"product_tag","embeddable":true,"href":"https:\/\/www.domkraftpro.com\/index.php\/wp-json\/wp\/v2\/product_tag?post=79518"}],"curies":[{"name":"wp","href":"https:\/\/api.w.org\/{rel}","templated":true}]}}