{"id":76144,"date":"2026-04-27T04:43:55","date_gmt":"2026-04-27T04:43:55","guid":{"rendered":""},"modified":"2026-04-27T04:43:55","modified_gmt":"2026-04-27T04:43:55","slug":"znackovy-klimas-wkret-met-vrtak-s-valcovou-stopkou-beton-6x300-76144","status":"publish","type":"product","link":"https:\/\/www.domkraftpro.com\/index.php\/produkt\/znackovy-klimas-wkret-met-vrtak-s-valcovou-stopkou-beton-6x300-76144\/","title":{"rendered":"Zna\u010dkov\u00fd Klimas Wkr\u0119t-met VRT\u00c1K S V\u00c1LCOVOU STOPKOU\/BETON 6X300"},"content":{"rendered":"<div class=\"detail-description__right\">\n<div class=\"parameters\">\n<div class=\"table table--simple\">\n<table>\n<tbody>\n<tr>\n<td colspan=\"2\">\n<h4>Vlastnosti<\/h4>\n<\/td>\n<\/tr>\n<tr>\n<td>Rozm\u011br<\/td>\n<td>3\u00a0\u2013 16\u00a0\u00d7\u00a060\u00a0\u2013 300\u00a0mm<\/td>\n<\/tr>\n<tr>\n<td colspan=\"2\">\n<h4>Parametry<\/h4>\n<\/td>\n<\/tr>\n<tr>\n<td>Z\u00e1ruka<\/td>\n<td>24 m\u011bs\u00edc\u016f<\/td>\n<\/tr>\n<tr>\n<td>Zna\u010dka<\/td>\n<td>Klimas Wkr\u0119t-met<\/td>\n<\/tr>\n<\/tbody>\n<\/table><\/div>\n<\/div><\/div>\n<div class=\"detail-description__top\">\t\t\t\t<\/div>\n<div class=\"detail-description__left\">\n<div class=\"detail-description__left__overflow\">\n<div class=\"detail-description__left__head\">\t\t\t\t\t\tPopis:\t\t\t\t\t<\/div>\n<div class=\"ul-style ul-style--check\">\n<p>Vrt\u00e1k s\u00a0v\u00e1lcovou stopkou do betonu, p\u0159\u00edrodn\u00edho a um\u011bl\u00e9ho kamene,cihel a p\u00f3robetonu<\/p>\n<\/div>\n<div class=\"detail-description__left__more\">\t\t\t\t\t\t<span> <\/span><span> <\/span>\t\t\t\t\t<\/div>\n<\/p><\/div>\n<\/p><\/div>\n<div class=\"detail-description__more\"><span> <\/span><span> <\/span><\/div>\n<\/p><\/div>\n<\/p><\/div>\n","protected":false},"excerpt":{"rendered":"<p>Vlastnosti Rozm\u011br 3\u00a0\u2013 16\u00a0\u00d7\u00a060\u00a0\u2013 300\u00a0mm Parametry Z\u00e1ruka 24 m\u011bs\u00edc\u016f Zna\u010dka Klimas Wkr\u0119t-met Popis: Vrt\u00e1k s\u00a0v\u00e1lcovou stopkou do betonu, p\u0159\u00edrodn\u00edho a um\u011bl\u00e9ho kamene,cihel a p\u00f3robetonu<\/p>\n","protected":false},"featured_media":76244,"comment_status":"open","ping_status":"open","template":"","meta":[],"product_brand":[],"product_cat":[44],"product_tag":[],"class_list":{"0":"post-76144","1":"product","2":"type-product","3":"status-publish","4":"has-post-thumbnail","6":"product_cat-stavba","8":"first","9":"instock","10":"sale","11":"shipping-taxable","12":"purchasable","13":"product-type-simple"},"yoast_head":"<!-- This site is optimized with the Yoast SEO plugin v26.8 - https:\/\/yoast.com\/product\/yoast-seo-wordpress\/ -->\n<title>Zna\u010dkov\u00fd Klimas Wkr\u0119t-met VRT\u00c1K S V\u00c1LCOVOU STOPKOU\/BETON 6X300 -<\/title>\n<meta name=\"robots\" content=\"index, follow, max-snippet:-1, max-image-preview:large, max-video-preview:-1\" \/>\n<link rel=\"canonical\" href=\"https:\/\/www.domkraftpro.com\/index.php\/produkt\/znackovy-klimas-wkret-met-vrtak-s-valcovou-stopkou-beton-6x300-76144\/\" \/>\n<meta property=\"og:locale\" content=\"cs_CZ\" \/>\n<meta property=\"og:type\" content=\"article\" \/>\n<meta property=\"og:title\" content=\"Zna\u010dkov\u00fd Klimas Wkr\u0119t-met VRT\u00c1K S V\u00c1LCOVOU STOPKOU\/BETON 6X300 -\" \/>\n<meta property=\"og:description\" content=\"Vlastnosti Rozm\u011br 3\u00a0\u2013 16\u00a0\u00d7\u00a060\u00a0\u2013 300\u00a0mm Parametry Z\u00e1ruka 24 m\u011bs\u00edc\u016f Zna\u010dka Klimas Wkr\u0119t-met Popis: Vrt\u00e1k s\u00a0v\u00e1lcovou stopkou do betonu, p\u0159\u00edrodn\u00edho a um\u011bl\u00e9ho kamene,cihel a p\u00f3robetonu\" \/>\n<meta property=\"og:url\" content=\"https:\/\/www.domkraftpro.com\/index.php\/produkt\/znackovy-klimas-wkret-met-vrtak-s-valcovou-stopkou-beton-6x300-76144\/\" \/>\n<meta property=\"og:image\" content=\"https:\/\/www.domkraftpro.com\/wp-content\/uploads\/2026\/SK0012548-CZ20260425-091936-0-1777079982-vrtak-s-valcovou-stopkou-beton-3x60-klimas-wkret-met-vrtak-.webp\" \/>\n\t<meta property=\"og:image:width\" content=\"1000\" \/>\n\t<meta property=\"og:image:height\" content=\"523\" \/>\n\t<meta property=\"og:image:type\" content=\"image\/webp\" \/>\n<meta name=\"twitter:card\" content=\"summary_large_image\" \/>\n<script type=\"application\/ld+json\" class=\"yoast-schema-graph\">{\"@context\":\"https:\/\/schema.org\",\"@graph\":[{\"@type\":\"WebPage\",\"@id\":\"https:\/\/www.domkraftpro.com\/index.php\/produkt\/znackovy-klimas-wkret-met-vrtak-s-valcovou-stopkou-beton-6x300-76144\/\",\"url\":\"https:\/\/www.domkraftpro.com\/index.php\/produkt\/znackovy-klimas-wkret-met-vrtak-s-valcovou-stopkou-beton-6x300-76144\/\",\"name\":\"Zna\u010dkov\u00fd Klimas Wkr\u0119t-met VRT\u00c1K S V\u00c1LCOVOU STOPKOU\/BETON 6X300 -\",\"isPartOf\":{\"@id\":\"https:\/\/www.domkraftpro.com\/#website\"},\"primaryImageOfPage\":{\"@id\":\"https:\/\/www.domkraftpro.com\/index.php\/produkt\/znackovy-klimas-wkret-met-vrtak-s-valcovou-stopkou-beton-6x300-76144\/#primaryimage\"},\"image\":{\"@id\":\"https:\/\/www.domkraftpro.com\/index.php\/produkt\/znackovy-klimas-wkret-met-vrtak-s-valcovou-stopkou-beton-6x300-76144\/#primaryimage\"},\"thumbnailUrl\":\"https:\/\/www.domkraftpro.com\/wp-content\/uploads\/2026\/SK0012548-CZ20260425-091936-0-1777079982-vrtak-s-valcovou-stopkou-beton-3x60-klimas-wkret-met-vrtak-.webp\",\"datePublished\":\"2026-04-27T04:43:55+00:00\",\"breadcrumb\":{\"@id\":\"https:\/\/www.domkraftpro.com\/index.php\/produkt\/znackovy-klimas-wkret-met-vrtak-s-valcovou-stopkou-beton-6x300-76144\/#breadcrumb\"},\"inLanguage\":\"cs\",\"potentialAction\":[{\"@type\":\"ReadAction\",\"target\":[\"https:\/\/www.domkraftpro.com\/index.php\/produkt\/znackovy-klimas-wkret-met-vrtak-s-valcovou-stopkou-beton-6x300-76144\/\"]}]},{\"@type\":\"ImageObject\",\"inLanguage\":\"cs\",\"@id\":\"https:\/\/www.domkraftpro.com\/index.php\/produkt\/znackovy-klimas-wkret-met-vrtak-s-valcovou-stopkou-beton-6x300-76144\/#primaryimage\",\"url\":\"https:\/\/www.domkraftpro.com\/wp-content\/uploads\/2026\/SK0012548-CZ20260425-091936-0-1777079982-vrtak-s-valcovou-stopkou-beton-3x60-klimas-wkret-met-vrtak-.webp\",\"contentUrl\":\"https:\/\/www.domkraftpro.com\/wp-content\/uploads\/2026\/SK0012548-CZ20260425-091936-0-1777079982-vrtak-s-valcovou-stopkou-beton-3x60-klimas-wkret-met-vrtak-.webp\",\"width\":1000,\"height\":523},{\"@type\":\"BreadcrumbList\",\"@id\":\"https:\/\/www.domkraftpro.com\/index.php\/produkt\/znackovy-klimas-wkret-met-vrtak-s-valcovou-stopkou-beton-6x300-76144\/#breadcrumb\",\"itemListElement\":[{\"@type\":\"ListItem\",\"position\":1,\"name\":\"Home\",\"item\":\"https:\/\/www.domkraftpro.com\/\"},{\"@type\":\"ListItem\",\"position\":2,\"name\":\"Products\",\"item\":\"https:\/\/www.domkraftpro.com\/index.php\/products\/\"},{\"@type\":\"ListItem\",\"position\":3,\"name\":\"Zna\u010dkov\u00fd Klimas Wkr\u0119t-met VRT\u00c1K S V\u00c1LCOVOU STOPKOU\/BETON 6X300\"}]},{\"@type\":\"WebSite\",\"@id\":\"https:\/\/www.domkraftpro.com\/#website\",\"url\":\"https:\/\/www.domkraftpro.com\/\",\"name\":\"\",\"description\":\"\",\"potentialAction\":[{\"@type\":\"SearchAction\",\"target\":{\"@type\":\"EntryPoint\",\"urlTemplate\":\"https:\/\/www.domkraftpro.com\/?s={search_term_string}\"},\"query-input\":{\"@type\":\"PropertyValueSpecification\",\"valueRequired\":true,\"valueName\":\"search_term_string\"}}],\"inLanguage\":\"cs\"}]}<\/script>\n<!-- \/ Yoast SEO plugin. -->","yoast_head_json":{"title":"Zna\u010dkov\u00fd Klimas Wkr\u0119t-met VRT\u00c1K S V\u00c1LCOVOU STOPKOU\/BETON 6X300 -","robots":{"index":"index","follow":"follow","max-snippet":"max-snippet:-1","max-image-preview":"max-image-preview:large","max-video-preview":"max-video-preview:-1"},"canonical":"https:\/\/www.domkraftpro.com\/index.php\/produkt\/znackovy-klimas-wkret-met-vrtak-s-valcovou-stopkou-beton-6x300-76144\/","og_locale":"cs_CZ","og_type":"article","og_title":"Zna\u010dkov\u00fd Klimas Wkr\u0119t-met VRT\u00c1K S V\u00c1LCOVOU STOPKOU\/BETON 6X300 -","og_description":"Vlastnosti Rozm\u011br 3\u00a0\u2013 16\u00a0\u00d7\u00a060\u00a0\u2013 300\u00a0mm Parametry Z\u00e1ruka 24 m\u011bs\u00edc\u016f Zna\u010dka Klimas Wkr\u0119t-met Popis: Vrt\u00e1k s\u00a0v\u00e1lcovou stopkou do betonu, p\u0159\u00edrodn\u00edho a um\u011bl\u00e9ho kamene,cihel a p\u00f3robetonu","og_url":"https:\/\/www.domkraftpro.com\/index.php\/produkt\/znackovy-klimas-wkret-met-vrtak-s-valcovou-stopkou-beton-6x300-76144\/","og_image":[{"width":1000,"height":523,"url":"https:\/\/www.domkraftpro.com\/wp-content\/uploads\/2026\/SK0012548-CZ20260425-091936-0-1777079982-vrtak-s-valcovou-stopkou-beton-3x60-klimas-wkret-met-vrtak-.webp","type":"image\/webp"}],"twitter_card":"summary_large_image","schema":{"@context":"https:\/\/schema.org","@graph":[{"@type":"WebPage","@id":"https:\/\/www.domkraftpro.com\/index.php\/produkt\/znackovy-klimas-wkret-met-vrtak-s-valcovou-stopkou-beton-6x300-76144\/","url":"https:\/\/www.domkraftpro.com\/index.php\/produkt\/znackovy-klimas-wkret-met-vrtak-s-valcovou-stopkou-beton-6x300-76144\/","name":"Zna\u010dkov\u00fd Klimas Wkr\u0119t-met VRT\u00c1K S V\u00c1LCOVOU STOPKOU\/BETON 6X300 -","isPartOf":{"@id":"https:\/\/www.domkraftpro.com\/#website"},"primaryImageOfPage":{"@id":"https:\/\/www.domkraftpro.com\/index.php\/produkt\/znackovy-klimas-wkret-met-vrtak-s-valcovou-stopkou-beton-6x300-76144\/#primaryimage"},"image":{"@id":"https:\/\/www.domkraftpro.com\/index.php\/produkt\/znackovy-klimas-wkret-met-vrtak-s-valcovou-stopkou-beton-6x300-76144\/#primaryimage"},"thumbnailUrl":"https:\/\/www.domkraftpro.com\/wp-content\/uploads\/2026\/SK0012548-CZ20260425-091936-0-1777079982-vrtak-s-valcovou-stopkou-beton-3x60-klimas-wkret-met-vrtak-.webp","datePublished":"2026-04-27T04:43:55+00:00","breadcrumb":{"@id":"https:\/\/www.domkraftpro.com\/index.php\/produkt\/znackovy-klimas-wkret-met-vrtak-s-valcovou-stopkou-beton-6x300-76144\/#breadcrumb"},"inLanguage":"cs","potentialAction":[{"@type":"ReadAction","target":["https:\/\/www.domkraftpro.com\/index.php\/produkt\/znackovy-klimas-wkret-met-vrtak-s-valcovou-stopkou-beton-6x300-76144\/"]}]},{"@type":"ImageObject","inLanguage":"cs","@id":"https:\/\/www.domkraftpro.com\/index.php\/produkt\/znackovy-klimas-wkret-met-vrtak-s-valcovou-stopkou-beton-6x300-76144\/#primaryimage","url":"https:\/\/www.domkraftpro.com\/wp-content\/uploads\/2026\/SK0012548-CZ20260425-091936-0-1777079982-vrtak-s-valcovou-stopkou-beton-3x60-klimas-wkret-met-vrtak-.webp","contentUrl":"https:\/\/www.domkraftpro.com\/wp-content\/uploads\/2026\/SK0012548-CZ20260425-091936-0-1777079982-vrtak-s-valcovou-stopkou-beton-3x60-klimas-wkret-met-vrtak-.webp","width":1000,"height":523},{"@type":"BreadcrumbList","@id":"https:\/\/www.domkraftpro.com\/index.php\/produkt\/znackovy-klimas-wkret-met-vrtak-s-valcovou-stopkou-beton-6x300-76144\/#breadcrumb","itemListElement":[{"@type":"ListItem","position":1,"name":"Home","item":"https:\/\/www.domkraftpro.com\/"},{"@type":"ListItem","position":2,"name":"Products","item":"https:\/\/www.domkraftpro.com\/index.php\/products\/"},{"@type":"ListItem","position":3,"name":"Zna\u010dkov\u00fd Klimas Wkr\u0119t-met VRT\u00c1K S V\u00c1LCOVOU STOPKOU\/BETON 6X300"}]},{"@type":"WebSite","@id":"https:\/\/www.domkraftpro.com\/#website","url":"https:\/\/www.domkraftpro.com\/","name":"","description":"","potentialAction":[{"@type":"SearchAction","target":{"@type":"EntryPoint","urlTemplate":"https:\/\/www.domkraftpro.com\/?s={search_term_string}"},"query-input":{"@type":"PropertyValueSpecification","valueRequired":true,"valueName":"search_term_string"}}],"inLanguage":"cs"}]}},"_links":{"self":[{"href":"https:\/\/www.domkraftpro.com\/index.php\/wp-json\/wp\/v2\/product\/76144","targetHints":{"allow":["GET"]}}],"collection":[{"href":"https:\/\/www.domkraftpro.com\/index.php\/wp-json\/wp\/v2\/product"}],"about":[{"href":"https:\/\/www.domkraftpro.com\/index.php\/wp-json\/wp\/v2\/types\/product"}],"replies":[{"embeddable":true,"href":"https:\/\/www.domkraftpro.com\/index.php\/wp-json\/wp\/v2\/comments?post=76144"}],"wp:featuredmedia":[{"embeddable":true,"href":"https:\/\/www.domkraftpro.com\/index.php\/wp-json\/wp\/v2\/media\/76244"}],"wp:attachment":[{"href":"https:\/\/www.domkraftpro.com\/index.php\/wp-json\/wp\/v2\/media?parent=76144"}],"wp:term":[{"taxonomy":"product_brand","embeddable":true,"href":"https:\/\/www.domkraftpro.com\/index.php\/wp-json\/wp\/v2\/product_brand?post=76144"},{"taxonomy":"product_cat","embeddable":true,"href":"https:\/\/www.domkraftpro.com\/index.php\/wp-json\/wp\/v2\/product_cat?post=76144"},{"taxonomy":"product_tag","embeddable":true,"href":"https:\/\/www.domkraftpro.com\/index.php\/wp-json\/wp\/v2\/product_tag?post=76144"}],"curies":[{"name":"wp","href":"https:\/\/api.w.org\/{rel}","templated":true}]}}