{"id":74388,"date":"2026-04-27T04:43:49","date_gmt":"2026-04-27T04:43:49","guid":{"rendered":""},"modified":"2026-04-27T04:43:49","modified_gmt":"2026-04-27T04:43:49","slug":"akce-led-strip-stmivac-s-dalkovym-ovladanim-bila-12-max-108w-design-rendl-74388","status":"publish","type":"product","link":"https:\/\/www.domkraftpro.com\/index.php\/produkt\/akce-led-strip-stmivac-s-dalkovym-ovladanim-bila-12-max-108w-design-rendl-74388\/","title":{"rendered":"Akce LED STRIP stm\u00edva\u010d s d\u00e1lkov\u00fdm ovl\u00e1d\u00e1n\u00edm b\u00edl\u00e1 12= max. 108W &#8211; DESIGN RENDL"},"content":{"rendered":"<h3 class=\"product-h3\">Popis produktu<\/h3>\n<p>D\u00e1lkov\u00e9 ovl\u00e1d\u00e1n\u00ed pro LED p\u00e1sky 12V = s mo\u017enost\u00ed regulace intenzity sv\u00edcen\u00ed. Vhodn\u00e9 pro LED p\u00e1sky G12366, G12367, G12371 nebo G12372.<\/p>\n<\/p><\/div>\n<div class=\"product-left-popis-vyrobce\">\n<div class='col-xs-12'>\n<h1>RED &#8211; dekorativn&iacute; osv\u011btlen&iacute; do ka\u017ed&eacute;ho interi&eacute;ru<\/h1>\n<p>Ka\u017ed&yacute; interi&eacute;r je unik&aacute;tn&iacute; a vy\u017eaduje individu&aacute;ln&iacute; p\u0159&iacute;stup p\u0159i \u0159e&scaron;en&iacute; ide&aacute;ln&iacute;ho osv\u011btlen&iacute;. N\u011bkam se hod&iacute; sp&iacute;&scaron; klasika, jinde vyniknou p\u0159edev&scaron;&iacute;m odv&aacute;\u017en&eacute; modern&iacute; kombinace materi&aacute;l\u016f, tvar\u016f a barev. Katalog sv&iacute;tidel <strong>RED<\/strong> nab&iacute;z&iacute; \u0159e&scaron;en&iacute; osv\u011btlen&iacute; do ka\u017ed&eacute;ho interi&eacute;ru.<\/p>\n<p>Z&aacute;v\u011bsn&aacute; sv&iacute;tidla podle posledn&iacute;ch trend\u016f se hod&iacute; do j&iacute;delny, pracovny, lo\u017enice i ob&yacute;vac&iacute;ho pokoje. Stropn&iacute; sv&iacute;tidla jsou k&nbsp;dispozici hranat&aacute;, kulat&aacute; i line&aacute;rn&iacute;, ta s dostate\u010dn&yacute;m IP kryt&iacute;m najdou sv&eacute; uplatn\u011bn&iacute; zejm&eacute;na v&nbsp;koupeln&aacute;ch. N&aacute;st\u011bnn&aacute; sv&iacute;tidla r\u016fzn&yacute;ch typ\u016f jsou velmi obl&iacute;ben&aacute; jako dopl\u0148kov&eacute; osv\u011btlen&iacute; do koupelen, j&iacute;delen i na chodbu. \u010casto se pou\u017e&iacute;vaj&iacute; tak&eacute; vestavn&eacute; bodovky, kter&eacute; jsou nen&aacute;padn&eacute; a p\u0159itom v&yacute;konn&eacute;. Um&iacute;stit je m\u016f\u017eete na strop i do st\u011bny. K dispozici jsou tak&eacute; samostatn&aacute; st&iacute;nidla a r\u016fzn&eacute; dal&scaron;&iacute; komponenty sv&iacute;tidel, stoln&iacute; i stojac&iacute; lampy.<\/p>\n<p>Nev&aacute;hejte kombinovat r\u016fzn&eacute; typy osv\u011btlen&iacute;, abyste dos&aacute;hli ve va&scaron;em interi&eacute;ru dokonal&eacute;ho osv\u011btlen&iacute;. Sv\u011btlo je ale d\u016fle\u017eit&eacute; i venku, v katalogu sv&iacute;tidel RED proto najdete tak&eacute; venkovn&iacute; sv&iacute;tidla nejr\u016fzn\u011bj&scaron;&iacute;ch tvar\u016f a typ\u016f &ndash; pojezdov&aacute;, sloupkov&aacute;, n&aacute;st\u011bnn&aacute;, stropn&iacute; i dekorativn&iacute;.<\/p>\n<p><strong>AULIX &#8211; p\u0159\u00edm\u00fd prodejce sv\u00edtidel RED v \u010cR<\/strong><\/p>\n<\/p><\/div>\n<\/p><\/div>\n<\/p><\/div>\n<p><\/p>\n<div class=\"top-params\">\n<h3 class=\"product-h3 collapse-header \" data-toggle=\"collapse\" data-target=\"#collapseOne\" aria-expanded=\"true\" aria-controls=\"collapseOne\">Parametry<\/h3>\n<div id=\"collapseOne\" class=\"collapse show\" aria-labelledby=\"headingOne\" data-parent=\"#product-info-accordion1\">\n<table class=\"table-striped\">\n<tr>\n<td>                Nap\u00e1jec\u00ed nap\u011bt\u00ed            <\/td>\n<td>                12V            <\/td>\n<\/tr>\n<tr>\n<td>                V\u00fdrobce            <\/td>\n<td>                RED &#8211; DESIGN RENDL            <\/td>\n<\/tr>\n<tr>\n<td>                Max. p\u0159\u00edkon sv\u011bteln\u00e9ho zdroje            <\/td>\n<td>                108W            <\/td>\n<\/tr>\n<tr>\n<td>                V\u00fdkon            <\/td>\n<td>                108W            <\/td>\n<\/tr>\n<tr>\n<td>                Typ sv\u011bteln\u00e9ho zdroje            <\/td>\n<td>                LED            <\/td>\n<\/tr>\n<tr>\n<td>                V\u010detn\u011b sv\u011bteln\u00e9ho zdroje            <\/td>\n<td>                ano            <\/td>\n<\/tr>\n<tr>\n<td>                Po\u010det sv\u011bteln\u00fdch zdroj\u016f            <\/td>\n<td>                1            <\/td>\n<\/tr>\n<tr>\n<td>                Patice            <\/td>\n<td>                LED            <\/td>\n<\/tr>\n<tr>\n<td>                \u0160\u00ed\u0159ka v mm            <\/td>\n<td>                54            <\/td>\n<\/tr>\n<tr>\n<td>                Hloubka v mm            <\/td>\n<td>                6            <\/td>\n<\/tr>\n<tr>\n<td>                V\u00fd\u0161ka v mm            <\/td>\n<td>                103            <\/td>\n<\/tr>\n<tr>\n<td>                Barva            <\/td>\n<td>                b\u00edl\u00e1            <\/td>\n<\/tr>\n<tr>\n<td>                U v\u00fdrobce dostupn\u00fdch            <\/td>\n<td>                23                    ks            <\/td>\n<\/tr>\n<\/table>\n<\/div><\/div>\n<\/div>\n<div class=\"accordion\" id=\"product-info-accordion2\">\n","protected":false},"excerpt":{"rendered":"<p>Popis produktu D\u00e1lkov\u00e9 ovl\u00e1d\u00e1n\u00ed pro LED p\u00e1sky 12V = s mo\u017enost\u00ed regulace intenzity sv\u00edcen\u00ed. Vhodn\u00e9 pro LED p\u00e1sky G12366, G12367, G12371 nebo G12372. RED &#8211; dekorativn&iacute; osv\u011btlen&iacute; do ka\u017ed&eacute;ho interi&eacute;ru Ka\u017ed&yacute; interi&eacute;r je unik&aacute;tn&iacute; a vy\u017eaduje individu&aacute;ln&iacute; p\u0159&iacute;stup p\u0159i \u0159e&scaron;en&iacute; ide&aacute;ln&iacute;ho osv\u011btlen&iacute;. N\u011bkam se hod&iacute; sp&iacute;&scaron; klasika, jinde vyniknou p\u0159edev&scaron;&iacute;m odv&aacute;\u017en&eacute; modern&iacute; kombinace materi&aacute;l\u016f, tvar\u016f [&hellip;]<\/p>\n","protected":false},"featured_media":74488,"comment_status":"open","ping_status":"open","template":"","meta":[],"product_brand":[],"product_cat":[31],"product_tag":[],"class_list":{"0":"post-74388","1":"product","2":"type-product","3":"status-publish","4":"has-post-thumbnail","6":"product_cat-interierova-svitidla","8":"first","9":"instock","10":"sale","11":"shipping-taxable","12":"purchasable","13":"product-type-simple"},"yoast_head":"<!-- This site is optimized with the Yoast SEO plugin v26.8 - https:\/\/yoast.com\/product\/yoast-seo-wordpress\/ -->\n<title>Akce LED STRIP stm\u00edva\u010d s d\u00e1lkov\u00fdm ovl\u00e1d\u00e1n\u00edm b\u00edl\u00e1 12= max. 108W - DESIGN RENDL -<\/title>\n<meta name=\"robots\" content=\"index, follow, max-snippet:-1, max-image-preview:large, max-video-preview:-1\" \/>\n<link rel=\"canonical\" href=\"https:\/\/www.domkraftpro.com\/index.php\/produkt\/akce-led-strip-stmivac-s-dalkovym-ovladanim-bila-12-max-108w-design-rendl-74388\/\" \/>\n<meta property=\"og:locale\" content=\"cs_CZ\" \/>\n<meta property=\"og:type\" content=\"article\" \/>\n<meta property=\"og:title\" content=\"Akce LED STRIP stm\u00edva\u010d s d\u00e1lkov\u00fdm ovl\u00e1d\u00e1n\u00edm b\u00edl\u00e1 12= max. 108W - DESIGN RENDL -\" \/>\n<meta property=\"og:description\" content=\"Popis produktu D\u00e1lkov\u00e9 ovl\u00e1d\u00e1n\u00ed pro LED p\u00e1sky 12V = s mo\u017enost\u00ed regulace intenzity sv\u00edcen\u00ed. Vhodn\u00e9 pro LED p\u00e1sky G12366, G12367, G12371 nebo G12372. RED &#8211; dekorativn&iacute; osv\u011btlen&iacute; do ka\u017ed&eacute;ho interi&eacute;ru Ka\u017ed&yacute; interi&eacute;r je unik&aacute;tn&iacute; a vy\u017eaduje individu&aacute;ln&iacute; p\u0159&iacute;stup p\u0159i \u0159e&scaron;en&iacute; ide&aacute;ln&iacute;ho osv\u011btlen&iacute;. N\u011bkam se hod&iacute; sp&iacute;&scaron; klasika, jinde vyniknou p\u0159edev&scaron;&iacute;m odv&aacute;\u017en&eacute; modern&iacute; kombinace materi&aacute;l\u016f, tvar\u016f [&hellip;]\" \/>\n<meta property=\"og:url\" content=\"https:\/\/www.domkraftpro.com\/index.php\/produkt\/akce-led-strip-stmivac-s-dalkovym-ovladanim-bila-12-max-108w-design-rendl-74388\/\" \/>\n<meta property=\"og:image\" content=\"https:\/\/www.domkraftpro.com\/wp-content\/uploads\/2026\/SK0057689-CZ20260425-091535-0-1777079744-RED-G12378.webp\" \/>\n\t<meta property=\"og:image:width\" content=\"700\" \/>\n\t<meta property=\"og:image:height\" content=\"700\" \/>\n\t<meta property=\"og:image:type\" content=\"image\/webp\" \/>\n<meta name=\"twitter:card\" content=\"summary_large_image\" \/>\n<meta name=\"twitter:label1\" content=\"Odhadovan\u00e1 doba \u010dten\u00ed\" \/>\n\t<meta name=\"twitter:data1\" content=\"2 minuty\" \/>\n<script type=\"application\/ld+json\" class=\"yoast-schema-graph\">{\"@context\":\"https:\/\/schema.org\",\"@graph\":[{\"@type\":\"WebPage\",\"@id\":\"https:\/\/www.domkraftpro.com\/index.php\/produkt\/akce-led-strip-stmivac-s-dalkovym-ovladanim-bila-12-max-108w-design-rendl-74388\/\",\"url\":\"https:\/\/www.domkraftpro.com\/index.php\/produkt\/akce-led-strip-stmivac-s-dalkovym-ovladanim-bila-12-max-108w-design-rendl-74388\/\",\"name\":\"Akce LED STRIP stm\u00edva\u010d s d\u00e1lkov\u00fdm ovl\u00e1d\u00e1n\u00edm b\u00edl\u00e1 12= max. 108W - DESIGN RENDL -\",\"isPartOf\":{\"@id\":\"https:\/\/www.domkraftpro.com\/#website\"},\"primaryImageOfPage\":{\"@id\":\"https:\/\/www.domkraftpro.com\/index.php\/produkt\/akce-led-strip-stmivac-s-dalkovym-ovladanim-bila-12-max-108w-design-rendl-74388\/#primaryimage\"},\"image\":{\"@id\":\"https:\/\/www.domkraftpro.com\/index.php\/produkt\/akce-led-strip-stmivac-s-dalkovym-ovladanim-bila-12-max-108w-design-rendl-74388\/#primaryimage\"},\"thumbnailUrl\":\"https:\/\/www.domkraftpro.com\/wp-content\/uploads\/2026\/SK0057689-CZ20260425-091535-0-1777079744-RED-G12378.webp\",\"datePublished\":\"2026-04-27T04:43:49+00:00\",\"breadcrumb\":{\"@id\":\"https:\/\/www.domkraftpro.com\/index.php\/produkt\/akce-led-strip-stmivac-s-dalkovym-ovladanim-bila-12-max-108w-design-rendl-74388\/#breadcrumb\"},\"inLanguage\":\"cs\",\"potentialAction\":[{\"@type\":\"ReadAction\",\"target\":[\"https:\/\/www.domkraftpro.com\/index.php\/produkt\/akce-led-strip-stmivac-s-dalkovym-ovladanim-bila-12-max-108w-design-rendl-74388\/\"]}]},{\"@type\":\"ImageObject\",\"inLanguage\":\"cs\",\"@id\":\"https:\/\/www.domkraftpro.com\/index.php\/produkt\/akce-led-strip-stmivac-s-dalkovym-ovladanim-bila-12-max-108w-design-rendl-74388\/#primaryimage\",\"url\":\"https:\/\/www.domkraftpro.com\/wp-content\/uploads\/2026\/SK0057689-CZ20260425-091535-0-1777079744-RED-G12378.webp\",\"contentUrl\":\"https:\/\/www.domkraftpro.com\/wp-content\/uploads\/2026\/SK0057689-CZ20260425-091535-0-1777079744-RED-G12378.webp\",\"width\":700,\"height\":700},{\"@type\":\"BreadcrumbList\",\"@id\":\"https:\/\/www.domkraftpro.com\/index.php\/produkt\/akce-led-strip-stmivac-s-dalkovym-ovladanim-bila-12-max-108w-design-rendl-74388\/#breadcrumb\",\"itemListElement\":[{\"@type\":\"ListItem\",\"position\":1,\"name\":\"Home\",\"item\":\"https:\/\/www.domkraftpro.com\/\"},{\"@type\":\"ListItem\",\"position\":2,\"name\":\"Products\",\"item\":\"https:\/\/www.domkraftpro.com\/index.php\/products\/\"},{\"@type\":\"ListItem\",\"position\":3,\"name\":\"Akce LED STRIP stm\u00edva\u010d s d\u00e1lkov\u00fdm ovl\u00e1d\u00e1n\u00edm b\u00edl\u00e1 12= max. 108W &#8211; DESIGN RENDL\"}]},{\"@type\":\"WebSite\",\"@id\":\"https:\/\/www.domkraftpro.com\/#website\",\"url\":\"https:\/\/www.domkraftpro.com\/\",\"name\":\"\",\"description\":\"\",\"potentialAction\":[{\"@type\":\"SearchAction\",\"target\":{\"@type\":\"EntryPoint\",\"urlTemplate\":\"https:\/\/www.domkraftpro.com\/?s={search_term_string}\"},\"query-input\":{\"@type\":\"PropertyValueSpecification\",\"valueRequired\":true,\"valueName\":\"search_term_string\"}}],\"inLanguage\":\"cs\"}]}<\/script>\n<!-- \/ Yoast SEO plugin. -->","yoast_head_json":{"title":"Akce LED STRIP stm\u00edva\u010d s d\u00e1lkov\u00fdm ovl\u00e1d\u00e1n\u00edm b\u00edl\u00e1 12= max. 108W - DESIGN RENDL -","robots":{"index":"index","follow":"follow","max-snippet":"max-snippet:-1","max-image-preview":"max-image-preview:large","max-video-preview":"max-video-preview:-1"},"canonical":"https:\/\/www.domkraftpro.com\/index.php\/produkt\/akce-led-strip-stmivac-s-dalkovym-ovladanim-bila-12-max-108w-design-rendl-74388\/","og_locale":"cs_CZ","og_type":"article","og_title":"Akce LED STRIP stm\u00edva\u010d s d\u00e1lkov\u00fdm ovl\u00e1d\u00e1n\u00edm b\u00edl\u00e1 12= max. 108W - DESIGN RENDL -","og_description":"Popis produktu D\u00e1lkov\u00e9 ovl\u00e1d\u00e1n\u00ed pro LED p\u00e1sky 12V = s mo\u017enost\u00ed regulace intenzity sv\u00edcen\u00ed. Vhodn\u00e9 pro LED p\u00e1sky G12366, G12367, G12371 nebo G12372. RED &#8211; dekorativn&iacute; osv\u011btlen&iacute; do ka\u017ed&eacute;ho interi&eacute;ru Ka\u017ed&yacute; interi&eacute;r je unik&aacute;tn&iacute; a vy\u017eaduje individu&aacute;ln&iacute; p\u0159&iacute;stup p\u0159i \u0159e&scaron;en&iacute; ide&aacute;ln&iacute;ho osv\u011btlen&iacute;. N\u011bkam se hod&iacute; sp&iacute;&scaron; klasika, jinde vyniknou p\u0159edev&scaron;&iacute;m odv&aacute;\u017en&eacute; modern&iacute; kombinace materi&aacute;l\u016f, tvar\u016f [&hellip;]","og_url":"https:\/\/www.domkraftpro.com\/index.php\/produkt\/akce-led-strip-stmivac-s-dalkovym-ovladanim-bila-12-max-108w-design-rendl-74388\/","og_image":[{"width":700,"height":700,"url":"https:\/\/www.domkraftpro.com\/wp-content\/uploads\/2026\/SK0057689-CZ20260425-091535-0-1777079744-RED-G12378.webp","type":"image\/webp"}],"twitter_card":"summary_large_image","twitter_misc":{"Odhadovan\u00e1 doba \u010dten\u00ed":"2 minuty"},"schema":{"@context":"https:\/\/schema.org","@graph":[{"@type":"WebPage","@id":"https:\/\/www.domkraftpro.com\/index.php\/produkt\/akce-led-strip-stmivac-s-dalkovym-ovladanim-bila-12-max-108w-design-rendl-74388\/","url":"https:\/\/www.domkraftpro.com\/index.php\/produkt\/akce-led-strip-stmivac-s-dalkovym-ovladanim-bila-12-max-108w-design-rendl-74388\/","name":"Akce LED STRIP stm\u00edva\u010d s d\u00e1lkov\u00fdm ovl\u00e1d\u00e1n\u00edm b\u00edl\u00e1 12= max. 108W - DESIGN RENDL -","isPartOf":{"@id":"https:\/\/www.domkraftpro.com\/#website"},"primaryImageOfPage":{"@id":"https:\/\/www.domkraftpro.com\/index.php\/produkt\/akce-led-strip-stmivac-s-dalkovym-ovladanim-bila-12-max-108w-design-rendl-74388\/#primaryimage"},"image":{"@id":"https:\/\/www.domkraftpro.com\/index.php\/produkt\/akce-led-strip-stmivac-s-dalkovym-ovladanim-bila-12-max-108w-design-rendl-74388\/#primaryimage"},"thumbnailUrl":"https:\/\/www.domkraftpro.com\/wp-content\/uploads\/2026\/SK0057689-CZ20260425-091535-0-1777079744-RED-G12378.webp","datePublished":"2026-04-27T04:43:49+00:00","breadcrumb":{"@id":"https:\/\/www.domkraftpro.com\/index.php\/produkt\/akce-led-strip-stmivac-s-dalkovym-ovladanim-bila-12-max-108w-design-rendl-74388\/#breadcrumb"},"inLanguage":"cs","potentialAction":[{"@type":"ReadAction","target":["https:\/\/www.domkraftpro.com\/index.php\/produkt\/akce-led-strip-stmivac-s-dalkovym-ovladanim-bila-12-max-108w-design-rendl-74388\/"]}]},{"@type":"ImageObject","inLanguage":"cs","@id":"https:\/\/www.domkraftpro.com\/index.php\/produkt\/akce-led-strip-stmivac-s-dalkovym-ovladanim-bila-12-max-108w-design-rendl-74388\/#primaryimage","url":"https:\/\/www.domkraftpro.com\/wp-content\/uploads\/2026\/SK0057689-CZ20260425-091535-0-1777079744-RED-G12378.webp","contentUrl":"https:\/\/www.domkraftpro.com\/wp-content\/uploads\/2026\/SK0057689-CZ20260425-091535-0-1777079744-RED-G12378.webp","width":700,"height":700},{"@type":"BreadcrumbList","@id":"https:\/\/www.domkraftpro.com\/index.php\/produkt\/akce-led-strip-stmivac-s-dalkovym-ovladanim-bila-12-max-108w-design-rendl-74388\/#breadcrumb","itemListElement":[{"@type":"ListItem","position":1,"name":"Home","item":"https:\/\/www.domkraftpro.com\/"},{"@type":"ListItem","position":2,"name":"Products","item":"https:\/\/www.domkraftpro.com\/index.php\/products\/"},{"@type":"ListItem","position":3,"name":"Akce LED STRIP stm\u00edva\u010d s d\u00e1lkov\u00fdm ovl\u00e1d\u00e1n\u00edm b\u00edl\u00e1 12= max. 108W &#8211; DESIGN RENDL"}]},{"@type":"WebSite","@id":"https:\/\/www.domkraftpro.com\/#website","url":"https:\/\/www.domkraftpro.com\/","name":"","description":"","potentialAction":[{"@type":"SearchAction","target":{"@type":"EntryPoint","urlTemplate":"https:\/\/www.domkraftpro.com\/?s={search_term_string}"},"query-input":{"@type":"PropertyValueSpecification","valueRequired":true,"valueName":"search_term_string"}}],"inLanguage":"cs"}]}},"_links":{"self":[{"href":"https:\/\/www.domkraftpro.com\/index.php\/wp-json\/wp\/v2\/product\/74388","targetHints":{"allow":["GET"]}}],"collection":[{"href":"https:\/\/www.domkraftpro.com\/index.php\/wp-json\/wp\/v2\/product"}],"about":[{"href":"https:\/\/www.domkraftpro.com\/index.php\/wp-json\/wp\/v2\/types\/product"}],"replies":[{"embeddable":true,"href":"https:\/\/www.domkraftpro.com\/index.php\/wp-json\/wp\/v2\/comments?post=74388"}],"wp:featuredmedia":[{"embeddable":true,"href":"https:\/\/www.domkraftpro.com\/index.php\/wp-json\/wp\/v2\/media\/74488"}],"wp:attachment":[{"href":"https:\/\/www.domkraftpro.com\/index.php\/wp-json\/wp\/v2\/media?parent=74388"}],"wp:term":[{"taxonomy":"product_brand","embeddable":true,"href":"https:\/\/www.domkraftpro.com\/index.php\/wp-json\/wp\/v2\/product_brand?post=74388"},{"taxonomy":"product_cat","embeddable":true,"href":"https:\/\/www.domkraftpro.com\/index.php\/wp-json\/wp\/v2\/product_cat?post=74388"},{"taxonomy":"product_tag","embeddable":true,"href":"https:\/\/www.domkraftpro.com\/index.php\/wp-json\/wp\/v2\/product_tag?post=74388"}],"curies":[{"name":"wp","href":"https:\/\/api.w.org\/{rel}","templated":true}]}}