{"id":73969,"date":"2026-04-27T04:43:48","date_gmt":"2026-04-27T04:43:48","guid":{"rendered":""},"modified":"2026-04-27T04:43:48","modified_gmt":"2026-04-27T04:43:48","slug":"znackovy-ukoncena-vyroba-arina-led-zavesne-svitidlo-ocel-prumer-60cm-modern-2700-5000k-paul-neuhaus-73969","status":"publish","type":"product","link":"https:\/\/www.domkraftpro.com\/index.php\/produkt\/znackovy-ukoncena-vyroba-arina-led-zavesne-svitidlo-ocel-prumer-60cm-modern-2700-5000k-paul-neuhaus-73969\/","title":{"rendered":"Zna\u010dkov\u00fd UKON\u010cENA V\u00ddROBA ARINA LED z\u00e1v\u011bsn\u00e9 sv\u00edtidlo, ocel, pr\u016fm\u011br 60cm, modern 2700-5000K &#8211; PAUL NEUHAUS"},"content":{"rendered":"<h3 class=\"product-h3\">Popis produktu<\/h3>\n<p>Sv\u00fdm modern\u00edm a z\u00e1rove\u0148 jednoduch\u00fdm designem zaujme z\u00e1v\u011bsn\u00e9 LED sv\u00edtidlo. P\u0159ep\u00edna\u010d sn\u00edma\u010de umo\u017e\u0148uje snadno zapnout a vypnout ocelovou lampu. Krom\u011b toho umo\u017e\u0148uje stm\u00edva\u010d senzoru postupn\u011b ztlumit sv\u011btelnou intenzitu sv\u00edtidla ze 100% na 10%. D\u00edky integrovan\u00e9mu syst\u00e9mu \u0159\u00edzen\u00ed osv\u011btlen\u00ed CCT m\u016f\u017eete tak\u00e9 pou\u017e\u00edt senzor k individu\u00e1ln\u00edmu ur\u010den\u00ed teploty barev ve t\u0159ech \u00farovn\u00edch, aby vyhovovaly va\u0161im pot\u0159eb\u00e1m, od tepl\u00e9 b\u00edl\u00e9 po studenou b\u00edlou. M\u016f\u017eete simulovat sv\u011btl\u00e9 barvy ka\u017edodenn\u00edho re\u017eimu. Modern\u00ed sv\u011bteln\u00fd zdroj je dod\u00e1v\u00e1n se dv\u011bma pevn\u011b instalovan\u00fdmi LED \u017e\u00e1rovkami. Z\u00edskejte n\u00e1dhern\u00e9 LED z\u00e1v\u011bsn\u00e9 sv\u00edtidlo ve va\u0161ich \u010dty\u0159ech zdech. <\/p>\n<\/p><\/div>\n<div class=\"product-left-popis-vyrobce\">\n<div class='col-xs-12'>\n<h1>Paul Neuhaus &ndash; modern&iacute; sv&iacute;tidla<\/h1>\n<p>Firma Paul Neuhaus nab&iacute;z&iacute; &scaron;irok&yacute; sortiment dom&aacute;c&iacute;ch sv&iacute;tidel a dokazuje, \u017ee kvalita a atraktivn&iacute; ceny se nevylu\u010duj&iacute;. Ve st\u0159edu pozornosti jsou v\u017edy z&aacute;kazn&iacute;ci a zbo\u017e&iacute;, kter&eacute; spl\u0148uje jejich nejr\u016fzn\u011bj&scaron;&iacute; po\u017eadavky. Optim&aacute;ln&iacute; v&yacute;choz&iacute; pozici pak poskytuje synergie zna\u010dek Paul Neuhaus a Leuchten Direkt v&nbsp;oblasti designu produkt\u016f, n&aacute;vrhu vzork\u016f, konstrukce a zaji&scaron;t\u011bn&iacute; kvality.<\/p>\n<p>V sortimentu naleznete interi&eacute;rov&aacute; sv&iacute;tidla (stropn&iacute;, z&aacute;v\u011bsn&aacute;, n&aacute;st\u011bnn&aacute;, LED panely, stoln&iacute; a stojac&iacute; lampy, kolejnicov&eacute; syst&eacute;my, lustry) a venkovn&iacute; sv&iacute;tidla (n&aacute;st\u011bnn&aacute;, stropn&iacute;, sloupkov&aacute;, sol&aacute;rn&iacute; a dekorativn&iacute;). Velkou rodinu sv&iacute;tidel tvo\u0159&iacute; zna\u010dka Q&reg; Smart Home Lights, co\u017e jsou sv&iacute;tidla kompatibiln&iacute; s inteligentn&iacute;m syst&eacute;mem ovl&aacute;d&aacute;n&iacute; Smart Home, nap\u0159. pro kancel&aacute;\u0159e, funk\u010dn&iacute; sv&iacute;tidla, univerz&aacute;ln\u011b pou\u017eiteln&eacute; kolejnicov&eacute; a li&scaron;tov&eacute; syst&eacute;my a\u017e po LED sv\u011bteln&eacute; zdroje pro osazen&iacute; st&aacute;vaj&iacute;c&iacute;ch sv&iacute;tidel.<\/p>\n<p><strong>AULIX &#8211; v\u00fdhradn\u00ed z\u00e1stupce a p\u0159\u00edm\u00fd dovozce sv\u00edtidel PAUL NEUHAUS do \u010cR<\/strong><\/p>\n<\/p><\/div>\n<\/p><\/div>\n<\/p><\/div>\n<p><\/p>\n<div class=\"top-params\">\n<h3 class=\"product-h3 collapse-header \" data-toggle=\"collapse\" data-target=\"#collapseOne\" aria-expanded=\"true\" aria-controls=\"collapseOne\">Parametry<\/h3>\n<div id=\"collapseOne\" class=\"collapse show\" aria-labelledby=\"headingOne\" data-parent=\"#product-info-accordion1\">\n<table class=\"table-striped\">\n<tr>\n<td>                Patice            <\/td>\n<td>                LED            <\/td>\n<\/tr>\n<tr>\n<td>                Po\u010det sv\u011bteln\u00fdch zdroj\u016f            <\/td>\n<td>                2            <\/td>\n<\/tr>\n<tr>\n<td>                Max. p\u0159\u00edkon sv\u011bteln\u00e9ho zdroje            <\/td>\n<td>                27W            <\/td>\n<\/tr>\n<tr>\n<td>                \u00dahel z\u00e1\u0159en\u00ed            <\/td>\n<td>                120\u00b0            <\/td>\n<\/tr>\n<tr>\n<td>                Stm\u00edvateln\u00e9            <\/td>\n<td>                ano            <\/td>\n<\/tr>\n<tr>\n<td>                \u017divotnost            <\/td>\n<td>                25000h            <\/td>\n<\/tr>\n<tr>\n<td>                Hmotnost g            <\/td>\n<td>                4847            <\/td>\n<\/tr>\n<tr>\n<td>                Energetick\u00e1 \u00fa\u010dinnost            <\/td>\n<td>                A+            <\/td>\n<\/tr>\n<tr>\n<td>                Ochrana IP            <\/td>\n<td>                IP20            <\/td>\n<\/tr>\n<tr>\n<td>                Teplota barvy sv\u011btla            <\/td>\n<td>                2700-5000K            <\/td>\n<\/tr>\n<tr>\n<td>                V\u00fdkon            <\/td>\n<td>                60W            <\/td>\n<\/tr>\n<tr>\n<td>                V\u010detn\u011b sv\u011bteln\u00e9ho zdroje            <\/td>\n<td>                ano            <\/td>\n<\/tr>\n<tr>\n<td>                Barva            <\/td>\n<td>                ocel            <\/td>\n<\/tr>\n<tr>\n<td>                Kolekce            <\/td>\n<td>                ARINA            <\/td>\n<\/tr>\n<tr>\n<td>                V\u00fdrobce            <\/td>\n<td>                PAUL NEUHAUS            <\/td>\n<\/tr>\n<tr>\n<td>                V\u00fd\u0161ka v mm            <\/td>\n<td>                1200            <\/td>\n<\/tr>\n<tr>\n<td>                Sv\u011bteln\u00fd tok            <\/td>\n<td>                3400lm            <\/td>\n<\/tr>\n<tr>\n<td>                \u0160\u00ed\u0159ka v mm            <\/td>\n<td>                600            <\/td>\n<\/tr>\n<tr>\n<td>                Pr\u016fm\u011br v mm            <\/td>\n<td>                600            <\/td>\n<\/tr>\n<tr>\n<td>                D\u00e9lka v mm            <\/td>\n<td>                600            <\/td>\n<\/tr>\n<tr>\n<td>                Z\u00e1ru\u010dn\u00ed doba            <\/td>\n<td>                5 let            <\/td>\n<\/tr>\n<\/table>\n<\/div><\/div>\n<\/div>\n<div class=\"accordion\" id=\"product-info-accordion2\">\n","protected":false},"excerpt":{"rendered":"<p>Popis produktu Sv\u00fdm modern\u00edm a z\u00e1rove\u0148 jednoduch\u00fdm designem zaujme z\u00e1v\u011bsn\u00e9 LED sv\u00edtidlo. P\u0159ep\u00edna\u010d sn\u00edma\u010de umo\u017e\u0148uje snadno zapnout a vypnout ocelovou lampu. Krom\u011b toho umo\u017e\u0148uje stm\u00edva\u010d senzoru postupn\u011b ztlumit sv\u011btelnou intenzitu sv\u00edtidla ze 100% na 10%. D\u00edky integrovan\u00e9mu syst\u00e9mu \u0159\u00edzen\u00ed osv\u011btlen\u00ed CCT m\u016f\u017eete tak\u00e9 pou\u017e\u00edt senzor k individu\u00e1ln\u00edmu ur\u010den\u00ed teploty barev ve t\u0159ech \u00farovn\u00edch, aby vyhovovaly [&hellip;]<\/p>\n","protected":false},"featured_media":74069,"comment_status":"open","ping_status":"open","template":"","meta":[],"product_brand":[],"product_cat":[31],"product_tag":[],"class_list":{"0":"post-73969","1":"product","2":"type-product","3":"status-publish","4":"has-post-thumbnail","6":"product_cat-interierova-svitidla","8":"first","9":"instock","10":"sale","11":"shipping-taxable","12":"purchasable","13":"product-type-simple"},"yoast_head":"<!-- This site is optimized with the Yoast SEO plugin v26.8 - https:\/\/yoast.com\/product\/yoast-seo-wordpress\/ -->\n<title>Zna\u010dkov\u00fd UKON\u010cENA V\u00ddROBA ARINA LED z\u00e1v\u011bsn\u00e9 sv\u00edtidlo, ocel, pr\u016fm\u011br 60cm, modern 2700-5000K - PAUL NEUHAUS -<\/title>\n<meta name=\"robots\" content=\"index, follow, max-snippet:-1, max-image-preview:large, max-video-preview:-1\" \/>\n<link rel=\"canonical\" href=\"https:\/\/www.domkraftpro.com\/index.php\/produkt\/znackovy-ukoncena-vyroba-arina-led-zavesne-svitidlo-ocel-prumer-60cm-modern-2700-5000k-paul-neuhaus-73969\/\" \/>\n<meta property=\"og:locale\" content=\"cs_CZ\" \/>\n<meta property=\"og:type\" content=\"article\" \/>\n<meta property=\"og:title\" content=\"Zna\u010dkov\u00fd UKON\u010cENA V\u00ddROBA ARINA LED z\u00e1v\u011bsn\u00e9 sv\u00edtidlo, ocel, pr\u016fm\u011br 60cm, modern 2700-5000K - PAUL NEUHAUS -\" \/>\n<meta property=\"og:description\" content=\"Popis produktu Sv\u00fdm modern\u00edm a z\u00e1rove\u0148 jednoduch\u00fdm designem zaujme z\u00e1v\u011bsn\u00e9 LED sv\u00edtidlo. P\u0159ep\u00edna\u010d sn\u00edma\u010de umo\u017e\u0148uje snadno zapnout a vypnout ocelovou lampu. Krom\u011b toho umo\u017e\u0148uje stm\u00edva\u010d senzoru postupn\u011b ztlumit sv\u011btelnou intenzitu sv\u00edtidla ze 100% na 10%. D\u00edky integrovan\u00e9mu syst\u00e9mu \u0159\u00edzen\u00ed osv\u011btlen\u00ed CCT m\u016f\u017eete tak\u00e9 pou\u017e\u00edt senzor k individu\u00e1ln\u00edmu ur\u010den\u00ed teploty barev ve t\u0159ech \u00farovn\u00edch, aby vyhovovaly [&hellip;]\" \/>\n<meta property=\"og:url\" content=\"https:\/\/www.domkraftpro.com\/index.php\/produkt\/znackovy-ukoncena-vyroba-arina-led-zavesne-svitidlo-ocel-prumer-60cm-modern-2700-5000k-paul-neuhaus-73969\/\" \/>\n<meta property=\"og:image\" content=\"https:\/\/www.domkraftpro.com\/wp-content\/uploads\/2026\/SK0057465-CZ20260425-091535-0-1777079744-PN-8361-55.webp\" \/>\n\t<meta property=\"og:image:width\" content=\"676\" \/>\n\t<meta property=\"og:image:height\" content=\"676\" \/>\n\t<meta property=\"og:image:type\" content=\"image\/webp\" \/>\n<meta name=\"twitter:card\" content=\"summary_large_image\" \/>\n<meta name=\"twitter:label1\" content=\"Odhadovan\u00e1 doba \u010dten\u00ed\" \/>\n\t<meta name=\"twitter:data1\" content=\"2 minuty\" \/>\n<script type=\"application\/ld+json\" class=\"yoast-schema-graph\">{\"@context\":\"https:\/\/schema.org\",\"@graph\":[{\"@type\":\"WebPage\",\"@id\":\"https:\/\/www.domkraftpro.com\/index.php\/produkt\/znackovy-ukoncena-vyroba-arina-led-zavesne-svitidlo-ocel-prumer-60cm-modern-2700-5000k-paul-neuhaus-73969\/\",\"url\":\"https:\/\/www.domkraftpro.com\/index.php\/produkt\/znackovy-ukoncena-vyroba-arina-led-zavesne-svitidlo-ocel-prumer-60cm-modern-2700-5000k-paul-neuhaus-73969\/\",\"name\":\"Zna\u010dkov\u00fd UKON\u010cENA V\u00ddROBA ARINA LED z\u00e1v\u011bsn\u00e9 sv\u00edtidlo, ocel, pr\u016fm\u011br 60cm, modern 2700-5000K - PAUL NEUHAUS -\",\"isPartOf\":{\"@id\":\"https:\/\/www.domkraftpro.com\/#website\"},\"primaryImageOfPage\":{\"@id\":\"https:\/\/www.domkraftpro.com\/index.php\/produkt\/znackovy-ukoncena-vyroba-arina-led-zavesne-svitidlo-ocel-prumer-60cm-modern-2700-5000k-paul-neuhaus-73969\/#primaryimage\"},\"image\":{\"@id\":\"https:\/\/www.domkraftpro.com\/index.php\/produkt\/znackovy-ukoncena-vyroba-arina-led-zavesne-svitidlo-ocel-prumer-60cm-modern-2700-5000k-paul-neuhaus-73969\/#primaryimage\"},\"thumbnailUrl\":\"https:\/\/www.domkraftpro.com\/wp-content\/uploads\/2026\/SK0057465-CZ20260425-091535-0-1777079744-PN-8361-55.webp\",\"datePublished\":\"2026-04-27T04:43:48+00:00\",\"breadcrumb\":{\"@id\":\"https:\/\/www.domkraftpro.com\/index.php\/produkt\/znackovy-ukoncena-vyroba-arina-led-zavesne-svitidlo-ocel-prumer-60cm-modern-2700-5000k-paul-neuhaus-73969\/#breadcrumb\"},\"inLanguage\":\"cs\",\"potentialAction\":[{\"@type\":\"ReadAction\",\"target\":[\"https:\/\/www.domkraftpro.com\/index.php\/produkt\/znackovy-ukoncena-vyroba-arina-led-zavesne-svitidlo-ocel-prumer-60cm-modern-2700-5000k-paul-neuhaus-73969\/\"]}]},{\"@type\":\"ImageObject\",\"inLanguage\":\"cs\",\"@id\":\"https:\/\/www.domkraftpro.com\/index.php\/produkt\/znackovy-ukoncena-vyroba-arina-led-zavesne-svitidlo-ocel-prumer-60cm-modern-2700-5000k-paul-neuhaus-73969\/#primaryimage\",\"url\":\"https:\/\/www.domkraftpro.com\/wp-content\/uploads\/2026\/SK0057465-CZ20260425-091535-0-1777079744-PN-8361-55.webp\",\"contentUrl\":\"https:\/\/www.domkraftpro.com\/wp-content\/uploads\/2026\/SK0057465-CZ20260425-091535-0-1777079744-PN-8361-55.webp\",\"width\":676,\"height\":676},{\"@type\":\"BreadcrumbList\",\"@id\":\"https:\/\/www.domkraftpro.com\/index.php\/produkt\/znackovy-ukoncena-vyroba-arina-led-zavesne-svitidlo-ocel-prumer-60cm-modern-2700-5000k-paul-neuhaus-73969\/#breadcrumb\",\"itemListElement\":[{\"@type\":\"ListItem\",\"position\":1,\"name\":\"Home\",\"item\":\"https:\/\/www.domkraftpro.com\/\"},{\"@type\":\"ListItem\",\"position\":2,\"name\":\"Products\",\"item\":\"https:\/\/www.domkraftpro.com\/index.php\/products\/\"},{\"@type\":\"ListItem\",\"position\":3,\"name\":\"Zna\u010dkov\u00fd UKON\u010cENA V\u00ddROBA ARINA LED z\u00e1v\u011bsn\u00e9 sv\u00edtidlo, ocel, pr\u016fm\u011br 60cm, modern 2700-5000K &#8211; PAUL NEUHAUS\"}]},{\"@type\":\"WebSite\",\"@id\":\"https:\/\/www.domkraftpro.com\/#website\",\"url\":\"https:\/\/www.domkraftpro.com\/\",\"name\":\"\",\"description\":\"\",\"potentialAction\":[{\"@type\":\"SearchAction\",\"target\":{\"@type\":\"EntryPoint\",\"urlTemplate\":\"https:\/\/www.domkraftpro.com\/?s={search_term_string}\"},\"query-input\":{\"@type\":\"PropertyValueSpecification\",\"valueRequired\":true,\"valueName\":\"search_term_string\"}}],\"inLanguage\":\"cs\"}]}<\/script>\n<!-- \/ Yoast SEO plugin. -->","yoast_head_json":{"title":"Zna\u010dkov\u00fd UKON\u010cENA V\u00ddROBA ARINA LED z\u00e1v\u011bsn\u00e9 sv\u00edtidlo, ocel, pr\u016fm\u011br 60cm, modern 2700-5000K - PAUL NEUHAUS -","robots":{"index":"index","follow":"follow","max-snippet":"max-snippet:-1","max-image-preview":"max-image-preview:large","max-video-preview":"max-video-preview:-1"},"canonical":"https:\/\/www.domkraftpro.com\/index.php\/produkt\/znackovy-ukoncena-vyroba-arina-led-zavesne-svitidlo-ocel-prumer-60cm-modern-2700-5000k-paul-neuhaus-73969\/","og_locale":"cs_CZ","og_type":"article","og_title":"Zna\u010dkov\u00fd UKON\u010cENA V\u00ddROBA ARINA LED z\u00e1v\u011bsn\u00e9 sv\u00edtidlo, ocel, pr\u016fm\u011br 60cm, modern 2700-5000K - PAUL NEUHAUS -","og_description":"Popis produktu Sv\u00fdm modern\u00edm a z\u00e1rove\u0148 jednoduch\u00fdm designem zaujme z\u00e1v\u011bsn\u00e9 LED sv\u00edtidlo. P\u0159ep\u00edna\u010d sn\u00edma\u010de umo\u017e\u0148uje snadno zapnout a vypnout ocelovou lampu. Krom\u011b toho umo\u017e\u0148uje stm\u00edva\u010d senzoru postupn\u011b ztlumit sv\u011btelnou intenzitu sv\u00edtidla ze 100% na 10%. D\u00edky integrovan\u00e9mu syst\u00e9mu \u0159\u00edzen\u00ed osv\u011btlen\u00ed CCT m\u016f\u017eete tak\u00e9 pou\u017e\u00edt senzor k individu\u00e1ln\u00edmu ur\u010den\u00ed teploty barev ve t\u0159ech \u00farovn\u00edch, aby vyhovovaly [&hellip;]","og_url":"https:\/\/www.domkraftpro.com\/index.php\/produkt\/znackovy-ukoncena-vyroba-arina-led-zavesne-svitidlo-ocel-prumer-60cm-modern-2700-5000k-paul-neuhaus-73969\/","og_image":[{"width":676,"height":676,"url":"https:\/\/www.domkraftpro.com\/wp-content\/uploads\/2026\/SK0057465-CZ20260425-091535-0-1777079744-PN-8361-55.webp","type":"image\/webp"}],"twitter_card":"summary_large_image","twitter_misc":{"Odhadovan\u00e1 doba \u010dten\u00ed":"2 minuty"},"schema":{"@context":"https:\/\/schema.org","@graph":[{"@type":"WebPage","@id":"https:\/\/www.domkraftpro.com\/index.php\/produkt\/znackovy-ukoncena-vyroba-arina-led-zavesne-svitidlo-ocel-prumer-60cm-modern-2700-5000k-paul-neuhaus-73969\/","url":"https:\/\/www.domkraftpro.com\/index.php\/produkt\/znackovy-ukoncena-vyroba-arina-led-zavesne-svitidlo-ocel-prumer-60cm-modern-2700-5000k-paul-neuhaus-73969\/","name":"Zna\u010dkov\u00fd UKON\u010cENA V\u00ddROBA ARINA LED z\u00e1v\u011bsn\u00e9 sv\u00edtidlo, ocel, pr\u016fm\u011br 60cm, modern 2700-5000K - PAUL NEUHAUS -","isPartOf":{"@id":"https:\/\/www.domkraftpro.com\/#website"},"primaryImageOfPage":{"@id":"https:\/\/www.domkraftpro.com\/index.php\/produkt\/znackovy-ukoncena-vyroba-arina-led-zavesne-svitidlo-ocel-prumer-60cm-modern-2700-5000k-paul-neuhaus-73969\/#primaryimage"},"image":{"@id":"https:\/\/www.domkraftpro.com\/index.php\/produkt\/znackovy-ukoncena-vyroba-arina-led-zavesne-svitidlo-ocel-prumer-60cm-modern-2700-5000k-paul-neuhaus-73969\/#primaryimage"},"thumbnailUrl":"https:\/\/www.domkraftpro.com\/wp-content\/uploads\/2026\/SK0057465-CZ20260425-091535-0-1777079744-PN-8361-55.webp","datePublished":"2026-04-27T04:43:48+00:00","breadcrumb":{"@id":"https:\/\/www.domkraftpro.com\/index.php\/produkt\/znackovy-ukoncena-vyroba-arina-led-zavesne-svitidlo-ocel-prumer-60cm-modern-2700-5000k-paul-neuhaus-73969\/#breadcrumb"},"inLanguage":"cs","potentialAction":[{"@type":"ReadAction","target":["https:\/\/www.domkraftpro.com\/index.php\/produkt\/znackovy-ukoncena-vyroba-arina-led-zavesne-svitidlo-ocel-prumer-60cm-modern-2700-5000k-paul-neuhaus-73969\/"]}]},{"@type":"ImageObject","inLanguage":"cs","@id":"https:\/\/www.domkraftpro.com\/index.php\/produkt\/znackovy-ukoncena-vyroba-arina-led-zavesne-svitidlo-ocel-prumer-60cm-modern-2700-5000k-paul-neuhaus-73969\/#primaryimage","url":"https:\/\/www.domkraftpro.com\/wp-content\/uploads\/2026\/SK0057465-CZ20260425-091535-0-1777079744-PN-8361-55.webp","contentUrl":"https:\/\/www.domkraftpro.com\/wp-content\/uploads\/2026\/SK0057465-CZ20260425-091535-0-1777079744-PN-8361-55.webp","width":676,"height":676},{"@type":"BreadcrumbList","@id":"https:\/\/www.domkraftpro.com\/index.php\/produkt\/znackovy-ukoncena-vyroba-arina-led-zavesne-svitidlo-ocel-prumer-60cm-modern-2700-5000k-paul-neuhaus-73969\/#breadcrumb","itemListElement":[{"@type":"ListItem","position":1,"name":"Home","item":"https:\/\/www.domkraftpro.com\/"},{"@type":"ListItem","position":2,"name":"Products","item":"https:\/\/www.domkraftpro.com\/index.php\/products\/"},{"@type":"ListItem","position":3,"name":"Zna\u010dkov\u00fd UKON\u010cENA V\u00ddROBA ARINA LED z\u00e1v\u011bsn\u00e9 sv\u00edtidlo, ocel, pr\u016fm\u011br 60cm, modern 2700-5000K &#8211; PAUL NEUHAUS"}]},{"@type":"WebSite","@id":"https:\/\/www.domkraftpro.com\/#website","url":"https:\/\/www.domkraftpro.com\/","name":"","description":"","potentialAction":[{"@type":"SearchAction","target":{"@type":"EntryPoint","urlTemplate":"https:\/\/www.domkraftpro.com\/?s={search_term_string}"},"query-input":{"@type":"PropertyValueSpecification","valueRequired":true,"valueName":"search_term_string"}}],"inLanguage":"cs"}]}},"_links":{"self":[{"href":"https:\/\/www.domkraftpro.com\/index.php\/wp-json\/wp\/v2\/product\/73969","targetHints":{"allow":["GET"]}}],"collection":[{"href":"https:\/\/www.domkraftpro.com\/index.php\/wp-json\/wp\/v2\/product"}],"about":[{"href":"https:\/\/www.domkraftpro.com\/index.php\/wp-json\/wp\/v2\/types\/product"}],"replies":[{"embeddable":true,"href":"https:\/\/www.domkraftpro.com\/index.php\/wp-json\/wp\/v2\/comments?post=73969"}],"wp:featuredmedia":[{"embeddable":true,"href":"https:\/\/www.domkraftpro.com\/index.php\/wp-json\/wp\/v2\/media\/74069"}],"wp:attachment":[{"href":"https:\/\/www.domkraftpro.com\/index.php\/wp-json\/wp\/v2\/media?parent=73969"}],"wp:term":[{"taxonomy":"product_brand","embeddable":true,"href":"https:\/\/www.domkraftpro.com\/index.php\/wp-json\/wp\/v2\/product_brand?post=73969"},{"taxonomy":"product_cat","embeddable":true,"href":"https:\/\/www.domkraftpro.com\/index.php\/wp-json\/wp\/v2\/product_cat?post=73969"},{"taxonomy":"product_tag","embeddable":true,"href":"https:\/\/www.domkraftpro.com\/index.php\/wp-json\/wp\/v2\/product_tag?post=73969"}],"curies":[{"name":"wp","href":"https:\/\/api.w.org\/{rel}","templated":true}]}}