{"id":73517,"date":"2026-04-27T04:43:47","date_gmt":"2026-04-27T04:43:47","guid":{"rendered":""},"modified":"2026-04-27T04:43:47","modified_gmt":"2026-04-27T04:43:47","slug":"akce-paul-neuhaus-led-stolni-lampa-q-adrianna-rgb-smart-home-zigbee-rgb-2700-5000k-paul-neuhaus-73517","status":"publish","type":"product","link":"https:\/\/www.domkraftpro.com\/index.php\/produkt\/akce-paul-neuhaus-led-stolni-lampa-q-adrianna-rgb-smart-home-zigbee-rgb-2700-5000k-paul-neuhaus-73517\/","title":{"rendered":"Akce Paul Neuhaus, LED stoln\u00ed lampa, Q-Adrianna, RGB, Smart Home ZigBee RGB+2700-5000K &#8211; PAUL NEUHAUS"},"content":{"rendered":"<h3 class=\"product-h3\">Popis produktu<\/h3>\n<p><p>Stoln\u00ed LED lampa v barv\u011b hlin\u00edku ze s\u00e9rie Q-ADRIANA boduje jednoduch\u00fdm vzhledem a zaujme na ka\u017ed\u00e9m no\u010dn\u00edm stolku nebo komod\u011b. Nechte sv\u016fj obytn\u00fd prostor rozz\u00e1\u0159it r\u016fzn\u00fdmi barvami. Zm\u011bna barvy RGB v\u00e1m umo\u017e\u0148uje nechat lampu z\u00e1\u0159it jednou barvou z v\u00edce ne\u017e 16 milion\u016f barevn\u00fdch nuanc\u00ed. S funkc\u00ed CCT m\u00e1te mo\u017enost upravit teplotu barvy sv\u011btla od tepl\u00e9 b\u00edl\u00e9 a\u017e po denn\u00ed b\u00edlou. Intenzitu sv\u011btla energeticky \u00fasporn\u00e9 stoln\u00ed lampy m\u016f\u017eete tak\u00e9 variabiln\u011b ztlumit. Tato regulace prob\u00edh\u00e1 pomoc\u00ed d\u00e1lkov\u00e9ho ovlada\u010de Q\u00ae, kter\u00fd je sou\u010d\u00e1st\u00ed ka\u017ed\u00e9 Q\u00ae lampy. D\u00e1lkov\u00fdm ovlada\u010dem lze ovl\u00e1dat jednotliv\u00e1 sv\u011btla a skupiny sv\u011btel (a\u017e 20 jednotliv\u00fdch sv\u011btel nebo Q\u00ae-\u017e\u00e1rovek do max. 3 skupin), m\u011bnit jejich jas a barvu a toto nastaven\u00ed ukl\u00e1dat. Vytvo\u0159te si atmosf\u00e9ru podle sv\u00e9 osobn\u00ed pohody. V\u0161echna sv\u011btla Q\u00ae lze tak\u00e9 integrovat do st\u00e1vaj\u00edc\u00edch syst\u00e9m\u016f chytr\u00e9 dom\u00e1cnosti, kter\u00e9 jsou zalo\u017eeny na bezdr\u00e1tov\u00e9m standardu ZigBee. Chytr\u00e9 reproduktory Echo (4. generace) *, Echo Studio * a Echo Show 10 (3. generace) * ji\u017e maj\u00ed integrovan\u00fd rozbo\u010dova\u010d ZigBee a mohou p\u0159\u00edmo komunikovat s na\u0161imi sv\u011btly Q\u00ae kompatibiln\u00edmi se ZigBee. Pro Echo Dot *, Echo Show 5 *, Echo Show 8 *, Google Home ** a Google Home mini ** je v\u0161ak vy\u017eadov\u00e1na dal\u0161\u00ed br\u00e1na. D\u00edky p\u0159ipojen\u00ed k br\u00e1n\u011b kompatibiln\u00ed se ZigBee od poskytovatele t\u0159et\u00ed strany (nap\u0159. homee atd.) lze sv\u011btla pohodln\u011b ovl\u00e1dat pomoc\u00ed chytr\u00e9ho telefonu, tabletu nebo PC pomoc\u00ed p\u0159idru\u017een\u00e9 aplikace. V kombinaci s hlasov\u00fdm asistentem Alexa * nebo Google Home ** lze sv\u011btla ovl\u00e1dat hlasem, tak\u017ee v\u011bty typu Alexo, zapni sv\u011btlo se pro v\u00e1s brzy stanou samoz\u0159ejmost\u00ed a zv\u00fd\u0161\u00ed v\u00e1\u0161 komfort a bezpe\u010d\u00ed ve va\u0161em vlastn\u00edm domov\u011b. * Amazon, Echo Plus a Alexa jsou ochrann\u00e9 zn\u00e1mky spole\u010dnosti Amazon Europe S.a r.l. a slou\u017e\u00ed pouze jako ozna\u010den\u00ed kompatibility a mo\u017en\u00e9ho pou\u017eit\u00ed na\u0161ich sv\u011btel Smart Home Q\u00ae. Zobrazen\u00e9 produkty a sv\u011btla nepoch\u00e1zej\u00ed z Amazonu. ** Google Home je ochrann\u00e1 zn\u00e1mka spole\u010dnosti Google a slou\u017e\u00ed pouze jako ozna\u010den\u00ed kompatibility a mo\u017en\u00e9ho pou\u017eit\u00ed na\u0161ich sv\u011btel Smart Home Q\u00ae , Tablet nebo PC lze pohodln\u011b ovl\u00e1dat pomoc\u00ed odpov\u00eddaj\u00edc\u00ed aplikace.<\/p>\n<\/p><\/div>\n<div class=\"product-left-popis-vyrobce\">\n<div class='col-xs-12'>\n<h1>Paul Neuhaus &ndash; modern&iacute; sv&iacute;tidla<\/h1>\n<p>Firma Paul Neuhaus nab&iacute;z&iacute; &scaron;irok&yacute; sortiment dom&aacute;c&iacute;ch sv&iacute;tidel a dokazuje, \u017ee kvalita a atraktivn&iacute; ceny se nevylu\u010duj&iacute;. Ve st\u0159edu pozornosti jsou v\u017edy z&aacute;kazn&iacute;ci a zbo\u017e&iacute;, kter&eacute; spl\u0148uje jejich nejr\u016fzn\u011bj&scaron;&iacute; po\u017eadavky. Optim&aacute;ln&iacute; v&yacute;choz&iacute; pozici pak poskytuje synergie zna\u010dek Paul Neuhaus a Leuchten Direkt v&nbsp;oblasti designu produkt\u016f, n&aacute;vrhu vzork\u016f, konstrukce a zaji&scaron;t\u011bn&iacute; kvality.<\/p>\n<p>V sortimentu naleznete interi&eacute;rov&aacute; sv&iacute;tidla (stropn&iacute;, z&aacute;v\u011bsn&aacute;, n&aacute;st\u011bnn&aacute;, LED panely, stoln&iacute; a stojac&iacute; lampy, kolejnicov&eacute; syst&eacute;my, lustry) a venkovn&iacute; sv&iacute;tidla (n&aacute;st\u011bnn&aacute;, stropn&iacute;, sloupkov&aacute;, sol&aacute;rn&iacute; a dekorativn&iacute;). Velkou rodinu sv&iacute;tidel tvo\u0159&iacute; zna\u010dka Q&reg; Smart Home Lights, co\u017e jsou sv&iacute;tidla kompatibiln&iacute; s inteligentn&iacute;m syst&eacute;mem ovl&aacute;d&aacute;n&iacute; Smart Home, nap\u0159. pro kancel&aacute;\u0159e, funk\u010dn&iacute; sv&iacute;tidla, univerz&aacute;ln\u011b pou\u017eiteln&eacute; kolejnicov&eacute; a li&scaron;tov&eacute; syst&eacute;my a\u017e po LED sv\u011bteln&eacute; zdroje pro osazen&iacute; st&aacute;vaj&iacute;c&iacute;ch sv&iacute;tidel.<\/p>\n<p><strong>AULIX &#8211; v\u00fdhradn\u00ed z\u00e1stupce a p\u0159\u00edm\u00fd dovozce sv\u00edtidel PAUL NEUHAUS do \u010cR<\/strong><\/p>\n<\/p><\/div>\n<\/p><\/div>\n<\/p><\/div>\n<p><\/p>\n<div class=\"top-params\">\n<h3 class=\"product-h3 collapse-header \" data-toggle=\"collapse\" data-target=\"#collapseOne\" aria-expanded=\"true\" aria-controls=\"collapseOne\">Parametry<\/h3>\n<div id=\"collapseOne\" class=\"collapse show\" aria-labelledby=\"headingOne\" data-parent=\"#product-info-accordion1\">\n<table class=\"table-striped\">\n<tr>\n<td>                V\u00fd\u0161ka v mm            <\/td>\n<td>                400            <\/td>\n<\/tr>\n<tr>\n<td>                D\u00e1lkov\u00e9 ovl\u00e1d\u00e1n\u00ed            <\/td>\n<td>                ano            <\/td>\n<\/tr>\n<tr>\n<td>                Hmotnost g            <\/td>\n<td>                1900            <\/td>\n<\/tr>\n<tr>\n<td>                \u0160\u00ed\u0159ka v mm            <\/td>\n<td>                140            <\/td>\n<\/tr>\n<tr>\n<td>                D\u00e9lka v mm            <\/td>\n<td>                140            <\/td>\n<\/tr>\n<tr>\n<td>                Ochrana IP            <\/td>\n<td>                IP20            <\/td>\n<\/tr>\n<tr>\n<td>                Sv\u011bteln\u00fd tok            <\/td>\n<td>                270lm            <\/td>\n<\/tr>\n<tr>\n<td>                Teplota barvy sv\u011btla            <\/td>\n<td>                RGB+2700-5000K            <\/td>\n<\/tr>\n<tr>\n<td>                Max. p\u0159\u00edkon sv\u011bteln\u00e9ho zdroje            <\/td>\n<td>                5W            <\/td>\n<\/tr>\n<tr>\n<td>                V\u00fdkon            <\/td>\n<td>                6,50W            <\/td>\n<\/tr>\n<tr>\n<td>                V\u010detn\u011b sv\u011bteln\u00e9ho zdroje            <\/td>\n<td>                ano            <\/td>\n<\/tr>\n<tr>\n<td>                Kolekce            <\/td>\n<td>                Q-ADRIANA            <\/td>\n<\/tr>\n<tr>\n<td>                V\u00fdrobce            <\/td>\n<td>                PAUL NEUHAUS            <\/td>\n<\/tr>\n<tr>\n<td>                Stm\u00edvateln\u00e9            <\/td>\n<td>                ano, ZigBee            <\/td>\n<\/tr>\n<tr>\n<td>                Z\u00e1ru\u010dn\u00ed doba            <\/td>\n<td>                5 let            <\/td>\n<\/tr>\n<\/table>\n<\/div><\/div>\n<\/div>\n<div class=\"accordion\" id=\"product-info-accordion2\">\n","protected":false},"excerpt":{"rendered":"<p>Popis produktu Stoln\u00ed LED lampa v barv\u011b hlin\u00edku ze s\u00e9rie Q-ADRIANA boduje jednoduch\u00fdm vzhledem a zaujme na ka\u017ed\u00e9m no\u010dn\u00edm stolku nebo komod\u011b. Nechte sv\u016fj obytn\u00fd prostor rozz\u00e1\u0159it r\u016fzn\u00fdmi barvami. Zm\u011bna barvy RGB v\u00e1m umo\u017e\u0148uje nechat lampu z\u00e1\u0159it jednou barvou z v\u00edce ne\u017e 16 milion\u016f barevn\u00fdch nuanc\u00ed. S funkc\u00ed CCT m\u00e1te mo\u017enost upravit teplotu barvy sv\u011btla [&hellip;]<\/p>\n","protected":false},"featured_media":73617,"comment_status":"open","ping_status":"open","template":"","meta":[],"product_brand":[],"product_cat":[31],"product_tag":[],"class_list":{"0":"post-73517","1":"product","2":"type-product","3":"status-publish","4":"has-post-thumbnail","6":"product_cat-interierova-svitidla","8":"first","9":"instock","10":"sale","11":"shipping-taxable","12":"purchasable","13":"product-type-simple"},"yoast_head":"<!-- This site is optimized with the Yoast SEO plugin v26.8 - https:\/\/yoast.com\/product\/yoast-seo-wordpress\/ -->\n<title>Akce Paul Neuhaus, LED stoln\u00ed lampa, Q-Adrianna, RGB, Smart Home ZigBee RGB+2700-5000K - PAUL NEUHAUS -<\/title>\n<meta name=\"robots\" content=\"index, follow, max-snippet:-1, max-image-preview:large, max-video-preview:-1\" \/>\n<link rel=\"canonical\" href=\"https:\/\/www.domkraftpro.com\/index.php\/produkt\/akce-paul-neuhaus-led-stolni-lampa-q-adrianna-rgb-smart-home-zigbee-rgb-2700-5000k-paul-neuhaus-73517\/\" \/>\n<meta property=\"og:locale\" content=\"cs_CZ\" \/>\n<meta property=\"og:type\" content=\"article\" \/>\n<meta property=\"og:title\" content=\"Akce Paul Neuhaus, LED stoln\u00ed lampa, Q-Adrianna, RGB, Smart Home ZigBee RGB+2700-5000K - PAUL NEUHAUS -\" \/>\n<meta property=\"og:description\" content=\"Popis produktu Stoln\u00ed LED lampa v barv\u011b hlin\u00edku ze s\u00e9rie Q-ADRIANA boduje jednoduch\u00fdm vzhledem a zaujme na ka\u017ed\u00e9m no\u010dn\u00edm stolku nebo komod\u011b. Nechte sv\u016fj obytn\u00fd prostor rozz\u00e1\u0159it r\u016fzn\u00fdmi barvami. Zm\u011bna barvy RGB v\u00e1m umo\u017e\u0148uje nechat lampu z\u00e1\u0159it jednou barvou z v\u00edce ne\u017e 16 milion\u016f barevn\u00fdch nuanc\u00ed. S funkc\u00ed CCT m\u00e1te mo\u017enost upravit teplotu barvy sv\u011btla [&hellip;]\" \/>\n<meta property=\"og:url\" content=\"https:\/\/www.domkraftpro.com\/index.php\/produkt\/akce-paul-neuhaus-led-stolni-lampa-q-adrianna-rgb-smart-home-zigbee-rgb-2700-5000k-paul-neuhaus-73517\/\" \/>\n<meta property=\"og:image\" content=\"https:\/\/www.domkraftpro.com\/wp-content\/uploads\/2026\/SK0057202-CZ20260425-091535-0-1777079744-PN-4460-95.webp\" \/>\n\t<meta property=\"og:image:width\" content=\"676\" \/>\n\t<meta property=\"og:image:height\" content=\"676\" \/>\n\t<meta property=\"og:image:type\" content=\"image\/webp\" \/>\n<meta name=\"twitter:card\" content=\"summary_large_image\" \/>\n<meta name=\"twitter:label1\" content=\"Odhadovan\u00e1 doba \u010dten\u00ed\" \/>\n\t<meta name=\"twitter:data1\" content=\"4 minuty\" \/>\n<script type=\"application\/ld+json\" class=\"yoast-schema-graph\">{\"@context\":\"https:\/\/schema.org\",\"@graph\":[{\"@type\":\"WebPage\",\"@id\":\"https:\/\/www.domkraftpro.com\/index.php\/produkt\/akce-paul-neuhaus-led-stolni-lampa-q-adrianna-rgb-smart-home-zigbee-rgb-2700-5000k-paul-neuhaus-73517\/\",\"url\":\"https:\/\/www.domkraftpro.com\/index.php\/produkt\/akce-paul-neuhaus-led-stolni-lampa-q-adrianna-rgb-smart-home-zigbee-rgb-2700-5000k-paul-neuhaus-73517\/\",\"name\":\"Akce Paul Neuhaus, LED stoln\u00ed lampa, Q-Adrianna, RGB, Smart Home ZigBee RGB+2700-5000K - PAUL NEUHAUS -\",\"isPartOf\":{\"@id\":\"https:\/\/www.domkraftpro.com\/#website\"},\"primaryImageOfPage\":{\"@id\":\"https:\/\/www.domkraftpro.com\/index.php\/produkt\/akce-paul-neuhaus-led-stolni-lampa-q-adrianna-rgb-smart-home-zigbee-rgb-2700-5000k-paul-neuhaus-73517\/#primaryimage\"},\"image\":{\"@id\":\"https:\/\/www.domkraftpro.com\/index.php\/produkt\/akce-paul-neuhaus-led-stolni-lampa-q-adrianna-rgb-smart-home-zigbee-rgb-2700-5000k-paul-neuhaus-73517\/#primaryimage\"},\"thumbnailUrl\":\"https:\/\/www.domkraftpro.com\/wp-content\/uploads\/2026\/SK0057202-CZ20260425-091535-0-1777079744-PN-4460-95.webp\",\"datePublished\":\"2026-04-27T04:43:47+00:00\",\"breadcrumb\":{\"@id\":\"https:\/\/www.domkraftpro.com\/index.php\/produkt\/akce-paul-neuhaus-led-stolni-lampa-q-adrianna-rgb-smart-home-zigbee-rgb-2700-5000k-paul-neuhaus-73517\/#breadcrumb\"},\"inLanguage\":\"cs\",\"potentialAction\":[{\"@type\":\"ReadAction\",\"target\":[\"https:\/\/www.domkraftpro.com\/index.php\/produkt\/akce-paul-neuhaus-led-stolni-lampa-q-adrianna-rgb-smart-home-zigbee-rgb-2700-5000k-paul-neuhaus-73517\/\"]}]},{\"@type\":\"ImageObject\",\"inLanguage\":\"cs\",\"@id\":\"https:\/\/www.domkraftpro.com\/index.php\/produkt\/akce-paul-neuhaus-led-stolni-lampa-q-adrianna-rgb-smart-home-zigbee-rgb-2700-5000k-paul-neuhaus-73517\/#primaryimage\",\"url\":\"https:\/\/www.domkraftpro.com\/wp-content\/uploads\/2026\/SK0057202-CZ20260425-091535-0-1777079744-PN-4460-95.webp\",\"contentUrl\":\"https:\/\/www.domkraftpro.com\/wp-content\/uploads\/2026\/SK0057202-CZ20260425-091535-0-1777079744-PN-4460-95.webp\",\"width\":676,\"height\":676},{\"@type\":\"BreadcrumbList\",\"@id\":\"https:\/\/www.domkraftpro.com\/index.php\/produkt\/akce-paul-neuhaus-led-stolni-lampa-q-adrianna-rgb-smart-home-zigbee-rgb-2700-5000k-paul-neuhaus-73517\/#breadcrumb\",\"itemListElement\":[{\"@type\":\"ListItem\",\"position\":1,\"name\":\"Home\",\"item\":\"https:\/\/www.domkraftpro.com\/\"},{\"@type\":\"ListItem\",\"position\":2,\"name\":\"Products\",\"item\":\"https:\/\/www.domkraftpro.com\/index.php\/products\/\"},{\"@type\":\"ListItem\",\"position\":3,\"name\":\"Akce Paul Neuhaus, LED stoln\u00ed lampa, Q-Adrianna, RGB, Smart Home ZigBee RGB+2700-5000K &#8211; PAUL NEUHAUS\"}]},{\"@type\":\"WebSite\",\"@id\":\"https:\/\/www.domkraftpro.com\/#website\",\"url\":\"https:\/\/www.domkraftpro.com\/\",\"name\":\"\",\"description\":\"\",\"potentialAction\":[{\"@type\":\"SearchAction\",\"target\":{\"@type\":\"EntryPoint\",\"urlTemplate\":\"https:\/\/www.domkraftpro.com\/?s={search_term_string}\"},\"query-input\":{\"@type\":\"PropertyValueSpecification\",\"valueRequired\":true,\"valueName\":\"search_term_string\"}}],\"inLanguage\":\"cs\"}]}<\/script>\n<!-- \/ Yoast SEO plugin. -->","yoast_head_json":{"title":"Akce Paul Neuhaus, LED stoln\u00ed lampa, Q-Adrianna, RGB, Smart Home ZigBee RGB+2700-5000K - PAUL NEUHAUS -","robots":{"index":"index","follow":"follow","max-snippet":"max-snippet:-1","max-image-preview":"max-image-preview:large","max-video-preview":"max-video-preview:-1"},"canonical":"https:\/\/www.domkraftpro.com\/index.php\/produkt\/akce-paul-neuhaus-led-stolni-lampa-q-adrianna-rgb-smart-home-zigbee-rgb-2700-5000k-paul-neuhaus-73517\/","og_locale":"cs_CZ","og_type":"article","og_title":"Akce Paul Neuhaus, LED stoln\u00ed lampa, Q-Adrianna, RGB, Smart Home ZigBee RGB+2700-5000K - PAUL NEUHAUS -","og_description":"Popis produktu Stoln\u00ed LED lampa v barv\u011b hlin\u00edku ze s\u00e9rie Q-ADRIANA boduje jednoduch\u00fdm vzhledem a zaujme na ka\u017ed\u00e9m no\u010dn\u00edm stolku nebo komod\u011b. Nechte sv\u016fj obytn\u00fd prostor rozz\u00e1\u0159it r\u016fzn\u00fdmi barvami. Zm\u011bna barvy RGB v\u00e1m umo\u017e\u0148uje nechat lampu z\u00e1\u0159it jednou barvou z v\u00edce ne\u017e 16 milion\u016f barevn\u00fdch nuanc\u00ed. S funkc\u00ed CCT m\u00e1te mo\u017enost upravit teplotu barvy sv\u011btla [&hellip;]","og_url":"https:\/\/www.domkraftpro.com\/index.php\/produkt\/akce-paul-neuhaus-led-stolni-lampa-q-adrianna-rgb-smart-home-zigbee-rgb-2700-5000k-paul-neuhaus-73517\/","og_image":[{"width":676,"height":676,"url":"https:\/\/www.domkraftpro.com\/wp-content\/uploads\/2026\/SK0057202-CZ20260425-091535-0-1777079744-PN-4460-95.webp","type":"image\/webp"}],"twitter_card":"summary_large_image","twitter_misc":{"Odhadovan\u00e1 doba \u010dten\u00ed":"4 minuty"},"schema":{"@context":"https:\/\/schema.org","@graph":[{"@type":"WebPage","@id":"https:\/\/www.domkraftpro.com\/index.php\/produkt\/akce-paul-neuhaus-led-stolni-lampa-q-adrianna-rgb-smart-home-zigbee-rgb-2700-5000k-paul-neuhaus-73517\/","url":"https:\/\/www.domkraftpro.com\/index.php\/produkt\/akce-paul-neuhaus-led-stolni-lampa-q-adrianna-rgb-smart-home-zigbee-rgb-2700-5000k-paul-neuhaus-73517\/","name":"Akce Paul Neuhaus, LED stoln\u00ed lampa, Q-Adrianna, RGB, Smart Home ZigBee RGB+2700-5000K - PAUL NEUHAUS -","isPartOf":{"@id":"https:\/\/www.domkraftpro.com\/#website"},"primaryImageOfPage":{"@id":"https:\/\/www.domkraftpro.com\/index.php\/produkt\/akce-paul-neuhaus-led-stolni-lampa-q-adrianna-rgb-smart-home-zigbee-rgb-2700-5000k-paul-neuhaus-73517\/#primaryimage"},"image":{"@id":"https:\/\/www.domkraftpro.com\/index.php\/produkt\/akce-paul-neuhaus-led-stolni-lampa-q-adrianna-rgb-smart-home-zigbee-rgb-2700-5000k-paul-neuhaus-73517\/#primaryimage"},"thumbnailUrl":"https:\/\/www.domkraftpro.com\/wp-content\/uploads\/2026\/SK0057202-CZ20260425-091535-0-1777079744-PN-4460-95.webp","datePublished":"2026-04-27T04:43:47+00:00","breadcrumb":{"@id":"https:\/\/www.domkraftpro.com\/index.php\/produkt\/akce-paul-neuhaus-led-stolni-lampa-q-adrianna-rgb-smart-home-zigbee-rgb-2700-5000k-paul-neuhaus-73517\/#breadcrumb"},"inLanguage":"cs","potentialAction":[{"@type":"ReadAction","target":["https:\/\/www.domkraftpro.com\/index.php\/produkt\/akce-paul-neuhaus-led-stolni-lampa-q-adrianna-rgb-smart-home-zigbee-rgb-2700-5000k-paul-neuhaus-73517\/"]}]},{"@type":"ImageObject","inLanguage":"cs","@id":"https:\/\/www.domkraftpro.com\/index.php\/produkt\/akce-paul-neuhaus-led-stolni-lampa-q-adrianna-rgb-smart-home-zigbee-rgb-2700-5000k-paul-neuhaus-73517\/#primaryimage","url":"https:\/\/www.domkraftpro.com\/wp-content\/uploads\/2026\/SK0057202-CZ20260425-091535-0-1777079744-PN-4460-95.webp","contentUrl":"https:\/\/www.domkraftpro.com\/wp-content\/uploads\/2026\/SK0057202-CZ20260425-091535-0-1777079744-PN-4460-95.webp","width":676,"height":676},{"@type":"BreadcrumbList","@id":"https:\/\/www.domkraftpro.com\/index.php\/produkt\/akce-paul-neuhaus-led-stolni-lampa-q-adrianna-rgb-smart-home-zigbee-rgb-2700-5000k-paul-neuhaus-73517\/#breadcrumb","itemListElement":[{"@type":"ListItem","position":1,"name":"Home","item":"https:\/\/www.domkraftpro.com\/"},{"@type":"ListItem","position":2,"name":"Products","item":"https:\/\/www.domkraftpro.com\/index.php\/products\/"},{"@type":"ListItem","position":3,"name":"Akce Paul Neuhaus, LED stoln\u00ed lampa, Q-Adrianna, RGB, Smart Home ZigBee RGB+2700-5000K &#8211; PAUL NEUHAUS"}]},{"@type":"WebSite","@id":"https:\/\/www.domkraftpro.com\/#website","url":"https:\/\/www.domkraftpro.com\/","name":"","description":"","potentialAction":[{"@type":"SearchAction","target":{"@type":"EntryPoint","urlTemplate":"https:\/\/www.domkraftpro.com\/?s={search_term_string}"},"query-input":{"@type":"PropertyValueSpecification","valueRequired":true,"valueName":"search_term_string"}}],"inLanguage":"cs"}]}},"_links":{"self":[{"href":"https:\/\/www.domkraftpro.com\/index.php\/wp-json\/wp\/v2\/product\/73517","targetHints":{"allow":["GET"]}}],"collection":[{"href":"https:\/\/www.domkraftpro.com\/index.php\/wp-json\/wp\/v2\/product"}],"about":[{"href":"https:\/\/www.domkraftpro.com\/index.php\/wp-json\/wp\/v2\/types\/product"}],"replies":[{"embeddable":true,"href":"https:\/\/www.domkraftpro.com\/index.php\/wp-json\/wp\/v2\/comments?post=73517"}],"wp:featuredmedia":[{"embeddable":true,"href":"https:\/\/www.domkraftpro.com\/index.php\/wp-json\/wp\/v2\/media\/73617"}],"wp:attachment":[{"href":"https:\/\/www.domkraftpro.com\/index.php\/wp-json\/wp\/v2\/media?parent=73517"}],"wp:term":[{"taxonomy":"product_brand","embeddable":true,"href":"https:\/\/www.domkraftpro.com\/index.php\/wp-json\/wp\/v2\/product_brand?post=73517"},{"taxonomy":"product_cat","embeddable":true,"href":"https:\/\/www.domkraftpro.com\/index.php\/wp-json\/wp\/v2\/product_cat?post=73517"},{"taxonomy":"product_tag","embeddable":true,"href":"https:\/\/www.domkraftpro.com\/index.php\/wp-json\/wp\/v2\/product_tag?post=73517"}],"curies":[{"name":"wp","href":"https:\/\/api.w.org\/{rel}","templated":true}]}}