{"id":72939,"date":"2026-04-27T04:43:45","date_gmt":"2026-04-27T04:43:45","guid":{"rendered":""},"modified":"2026-04-27T04:43:45","modified_gmt":"2026-04-27T04:43:45","slug":"znackovy-hue-bluetooth-led-white-and-color-ambiance-nastenne-svitidlo-philips-sana-8719514343382-20w-1400lm-2000-6500k-rgb-ip20-24v-cerne-stmivatelne-philips-929003052901-72939","status":"publish","type":"product","link":"https:\/\/www.domkraftpro.com\/index.php\/produkt\/znackovy-hue-bluetooth-led-white-and-color-ambiance-nastenne-svitidlo-philips-sana-8719514343382-20w-1400lm-2000-6500k-rgb-ip20-24v-cerne-stmivatelne-philips-929003052901-72939\/","title":{"rendered":"Zna\u010dkov\u00fd Hue Bluetooth LED White and Color Ambiance N\u00e1st\u011bnn\u00e9 sv\u00edtidlo Philips Sana 8719514343382 20W 1400lm 2000-6500K RGB IP20 24V \u010dern\u00e9, stm\u00edvateln\u00e9 &#8211; PHILIPS (929003052901)"},"content":{"rendered":"<h3 class=\"product-h3\">Popis produktu<\/h3>\n<p>N\u00e1st\u011bnn\u00e9 stm\u00edvateln\u00e9 LED sv\u00edtidlo Sana v \u010dern\u00e9m proveden\u00ed z kolekce chytr\u00e9ho dom\u00e1c\u00edho osv\u011btlen\u00ed Philips Hue m\u00e1 nev\u0161edn\u00ed design podsv\u00edcen\u00e9ho kruhu, kter\u00fd slou\u017e\u00ed jako nep\u0159\u00edm\u00e9 osv\u011btlen\u00ed a vymaluje st\u011bnu jedine\u010dn\u00fdmi sv\u011bteln\u00fdmi efekty v r\u016fzn\u00fdch barv\u00e1ch a intenzit\u00e1ch podle va\u0161\u00ed aktu\u00e1ln\u00ed pot\u0159eby a n\u00e1lady. Sv\u011btlo vych\u00e1z\u00ed z integrovan\u00e9ho Hue LED p\u00e1sku White and Color Ambiance s okam\u017eit\u00fdm startem a 100 % sv\u011bteln\u00fdm v\u00fdkonem o maxim\u00e1ln\u00edm p\u0159\u00edkonu 1 x 20 W, kter\u00fd nahrazuje klasickou 175 W \u017e\u00e1rovku. Nav\u00edc je mo\u017en\u00e9 ho jednodu\u0161e p\u0159ipojit p\u0159es Bluetooth anebo p\u0159es m\u016fstek Hue Bridge (nen\u00ed dod\u00e1v\u00e1n v balen\u00ed) a nastavovat intenzitu i barvy b\u00edl\u00e9ho svitu v rozsahu s teplotou chromati\u010dnosti 2000K &#8211; 6500K od h\u0159ejiv\u00e9 a\u017e po chladnou b\u00edlou, nebo barevn\u00e9ho sv\u011btla v a\u017e 16 mili\u00f3nech odst\u00ednech. Ovl\u00e1d\u00e1n\u00ed je snadn\u00e9 pomoc\u00ed aplikace ve va\u0161em smartphonu podporuj\u00edc\u00ed verze syst\u00e9m\u016f iOS 11 a vy\u0161\u0161\u00ed a Android 7.0 a vy\u0161\u0161\u00ed, kde s podporou Amazon Alexa anebo Google Assistant m\u016f\u017eete ovl\u00e1dat lampi\u010dku i hlasem. Anebo vyu\u017e\u00edvejte synchronizaci a u\u017e\u00edvejte si sv\u011bteln\u00fdch efekt\u016f s hudbou, filmy nebo hrami. Vytvo\u0159te si va\u0161\u00ed osobitou atmosf\u00e9ru p\u0159esn\u011b podle va\u0161\u00ed n\u00e1lady a p\u0159\u00e1n\u00ed. N\u00e1st\u011bnn\u00e1 lampa je vyrobena z kvalitn\u00edho hlin\u00edku s vn\u011bj\u0161\u00ed povrchovou \u00fapravou v \u010dern\u00e9 barv\u011b. Sv\u011bteln\u00fd zdroj je sou\u010d\u00e1st\u00ed sv\u00edtidla bez mo\u017enosti v\u00fdm\u011bny, jeho \u017eivotnost je a\u017e 25.000 h.<\/p>\n<\/p><\/div>\n<div class=\"product-left-popis-vyrobce\">\n<div class='col-xs-12'>\n<h1><strong>PHILIPS &ndash; chytr&eacute; osv\u011btlen&iacute; pro ka\u017ed&yacute; kousek prostoru<\/strong><\/h1>\n<p>Pocit skute\u010dn&eacute;ho domova p\u0159ich&aacute;z&iacute; nejen se za\u0159&iacute;zen&iacute;m a dopl\u0148ky, kter&eacute; si vyberete na m&iacute;ru. Velmi d\u016fle\u017eit&yacute;m prvkem v interi&eacute;ru je sv\u011btlo. To hraje d\u016fle\u017eitou roli p\u0159i vyu\u017eit&iacute; prostoru, ale tak&eacute; vytvo\u0159en&iacute; pocitu, atmosf&eacute;ry. Z&aacute;le\u017e&iacute; na intenzit\u011b, rozprost\u0159en&iacute; i barv\u011b sv\u011btla. To v&scaron;e ovliv\u0148uj&iacute; nejen sv&iacute;tidla, ale samoz\u0159ejm\u011b tak&eacute; sv\u011bteln&eacute; zdroje. Lidsk&eacute;mu oku je nejp\u0159&iacute;jemn\u011bj&scaron;&iacute; LED sv\u011btlo, kter&eacute; vyd&aacute;vaj&iacute; &uacute;sporn&eacute; <strong>LED \u017e&aacute;rovky \u010di p&aacute;sky<\/strong>. Tyto sv\u011bteln&eacute; zdroje maj&iacute; \u0159adu v&yacute;hod, zejm&eacute;na vysokou &uacute;sporu energie, v&yacute;raznou sv&iacute;tivost a z&aacute;rove\u0148 jsou zna\u010dn\u011b ekologick&eacute; a nezat\u011b\u017euj&iacute; \u017eivotn&iacute; prost\u0159ed&iacute; d&iacute;ky dlouh&eacute; \u017eivotnosti. Firma <strong>Philips<\/strong> je <strong>inovativn&iacute; v&yacute;robce sv&iacute;tidel a sv\u011bteln&yacute;ch zdroj\u016f<\/strong>, kter&yacute; se zam\u011b\u0159uje pr&aacute;v\u011b na modern&iacute; a vyhled&aacute;van&eacute; LED sv\u011bteln&eacute; zdroje a LED sv&iacute;tidla obecn\u011b. D&iacute;ky variabilit\u011b LED sv\u011bteln&yacute;ch zdroj\u016f lze navrhnout prakticky jak&yacute;koli tvar sv&iacute;tidla a osadit jej LED sv\u011bteln&yacute;mi zdroji tak, aby esteticky neru&scaron;ily a z&aacute;rove\u0148 byly maxim&aacute;ln\u011b funk\u010dn&iacute;.&nbsp;<\/p>\n<p>Od firmy Philips m\u016f\u017eete <strong>do interi&eacute;ru<\/strong> vyb&iacute;rat stoln&iacute; i stojac&iacute; lampy, n&aacute;st\u011bnn&aacute; i d\u011btsk&aacute; sv&iacute;tidla, lustry, vestavn&aacute; stropn&iacute; sv&iacute;tidla, bodov&eacute; osv\u011btlen&iacute; i speci&aacute;ln&iacute; osv\u011btlen&iacute; do kuchyn&iacute; a koupelen. <strong>K&nbsp;venkovn&iacute;mu vyu\u017eit&iacute;<\/strong> jsou ur\u010dena n&aacute;st\u011bnn&aacute; a stropn&iacute; sv&iacute;tidla \u010di sloupkov&eacute; a stojac&iacute; lampy. Philips vyr&aacute;b&iacute; tak&eacute; <strong>\u0159adu sv\u011bteln&yacute;ch zdroj\u016f<\/strong> s r\u016fzn&yacute;mi v&yacute;kony, barevnou teplotou a paticemi. D&iacute;ky maxim&aacute;ln\u011b inovativn&iacute;mu p\u0159&iacute;stupu nab&iacute;z&iacute; firma Philips modern&iacute; sv&iacute;tidla s nad\u010dasov&yacute;m designem, kter&aacute; vypln&iacute; z&aacute;\u0159iv&yacute;m sv\u011btlem ka\u017ed&yacute; kousek prostoru kolem v&aacute;s.<\/p>\n<\/p><\/div>\n<\/p><\/div>\n<\/p><\/div>\n<p><\/p>\n<div class=\"top-params\">\n<h3 class=\"product-h3 collapse-header \" data-toggle=\"collapse\" data-target=\"#collapseOne\" aria-expanded=\"true\" aria-controls=\"collapseOne\">Parametry<\/h3>\n<div id=\"collapseOne\" class=\"collapse show\" aria-labelledby=\"headingOne\" data-parent=\"#product-info-accordion1\">\n<table class=\"table-striped\">\n<tr>\n<td>                V\u00fd\u0161ka v mm            <\/td>\n<td>                255            <\/td>\n<\/tr>\n<tr>\n<td>                Zm\u011bna barev RGB            <\/td>\n<td>                ano            <\/td>\n<\/tr>\n<tr>\n<td>                T\u0159\u00edda ochrany            <\/td>\n<td>                III            <\/td>\n<\/tr>\n<tr>\n<td>                \u017divotnost            <\/td>\n<td>                25000 hodin            <\/td>\n<\/tr>\n<tr>\n<td>                Hmotnost g            <\/td>\n<td>                410            <\/td>\n<\/tr>\n<tr>\n<td>                Energetick\u00e1 \u00fa\u010dinnost            <\/td>\n<td>                G            <\/td>\n<\/tr>\n<tr>\n<td>                \u0160\u00ed\u0159ka v mm            <\/td>\n<td>                255            <\/td>\n<\/tr>\n<tr>\n<td>                Pr\u016fm\u011br v mm            <\/td>\n<td>                255            <\/td>\n<\/tr>\n<tr>\n<td>                D\u00e9lka v mm            <\/td>\n<td>                52            <\/td>\n<\/tr>\n<tr>\n<td>                Ochrana IP            <\/td>\n<td>                IP20            <\/td>\n<\/tr>\n<tr>\n<td>                Sv\u011bteln\u00fd tok            <\/td>\n<td>                1400lm            <\/td>\n<\/tr>\n<tr>\n<td>                Teplota barvy sv\u011btla            <\/td>\n<td>                RGB+2000-6500K            <\/td>\n<\/tr>\n<tr>\n<td>                Max. p\u0159\u00edkon sv\u011bteln\u00e9ho zdroje            <\/td>\n<td>                20W            <\/td>\n<\/tr>\n<tr>\n<td>                V\u00fdkon            <\/td>\n<td>                20W            <\/td>\n<\/tr>\n<tr>\n<td>                Nap\u00e1jec\u00ed nap\u011bt\u00ed            <\/td>\n<td>                24 V            <\/td>\n<\/tr>\n<tr>\n<td>                Patice            <\/td>\n<td>                LED            <\/td>\n<\/tr>\n<tr>\n<td>                V\u010detn\u011b sv\u011bteln\u00e9ho zdroje            <\/td>\n<td>                ano            <\/td>\n<\/tr>\n<tr>\n<td>                Materi\u00e1l            <\/td>\n<td>                kov            <\/td>\n<\/tr>\n<tr>\n<td>                Barva            <\/td>\n<td>                \u010dern\u00e1            <\/td>\n<\/tr>\n<tr>\n<td>                Kolekce            <\/td>\n<td>                Philips Hue            <\/td>\n<\/tr>\n<tr>\n<td>                Po\u010det sv\u011bteln\u00fdch zdroj\u016f            <\/td>\n<td>                1            <\/td>\n<\/tr>\n<tr>\n<td>                V\u00fdrobce            <\/td>\n<td>                PHILIPS            <\/td>\n<\/tr>\n<tr>\n<td>                Stm\u00edvateln\u00e9            <\/td>\n<td>                ano, ZigBee            <\/td>\n<\/tr>\n<\/table>\n<\/div><\/div>\n<\/div>\n<div class=\"accordion\" id=\"product-info-accordion2\">\n","protected":false},"excerpt":{"rendered":"<p>Popis produktu N\u00e1st\u011bnn\u00e9 stm\u00edvateln\u00e9 LED sv\u00edtidlo Sana v \u010dern\u00e9m proveden\u00ed z kolekce chytr\u00e9ho dom\u00e1c\u00edho osv\u011btlen\u00ed Philips Hue m\u00e1 nev\u0161edn\u00ed design podsv\u00edcen\u00e9ho kruhu, kter\u00fd slou\u017e\u00ed jako nep\u0159\u00edm\u00e9 osv\u011btlen\u00ed a vymaluje st\u011bnu jedine\u010dn\u00fdmi sv\u011bteln\u00fdmi efekty v r\u016fzn\u00fdch barv\u00e1ch a intenzit\u00e1ch podle va\u0161\u00ed aktu\u00e1ln\u00ed pot\u0159eby a n\u00e1lady. Sv\u011btlo vych\u00e1z\u00ed z integrovan\u00e9ho Hue LED p\u00e1sku White and Color Ambiance [&hellip;]<\/p>\n","protected":false},"featured_media":73039,"comment_status":"open","ping_status":"open","template":"","meta":[],"product_brand":[],"product_cat":[31],"product_tag":[],"class_list":{"0":"post-72939","1":"product","2":"type-product","3":"status-publish","4":"has-post-thumbnail","6":"product_cat-interierova-svitidla","8":"first","9":"instock","10":"sale","11":"shipping-taxable","12":"purchasable","13":"product-type-simple"},"yoast_head":"<!-- This site is optimized with the Yoast SEO plugin v26.8 - https:\/\/yoast.com\/product\/yoast-seo-wordpress\/ -->\n<title>Zna\u010dkov\u00fd Hue Bluetooth LED White and Color Ambiance N\u00e1st\u011bnn\u00e9 sv\u00edtidlo Philips Sana 8719514343382 20W 1400lm 2000-6500K RGB IP20 24V \u010dern\u00e9, stm\u00edvateln\u00e9 - PHILIPS (929003052901) -<\/title>\n<meta name=\"robots\" content=\"index, follow, max-snippet:-1, max-image-preview:large, max-video-preview:-1\" \/>\n<link rel=\"canonical\" href=\"https:\/\/www.domkraftpro.com\/index.php\/produkt\/znackovy-hue-bluetooth-led-white-and-color-ambiance-nastenne-svitidlo-philips-sana-8719514343382-20w-1400lm-2000-6500k-rgb-ip20-24v-cerne-stmivatelne-philips-929003052901-72939\/\" \/>\n<meta property=\"og:locale\" content=\"cs_CZ\" \/>\n<meta property=\"og:type\" content=\"article\" \/>\n<meta property=\"og:title\" content=\"Zna\u010dkov\u00fd Hue Bluetooth LED White and Color Ambiance N\u00e1st\u011bnn\u00e9 sv\u00edtidlo Philips Sana 8719514343382 20W 1400lm 2000-6500K RGB IP20 24V \u010dern\u00e9, stm\u00edvateln\u00e9 - PHILIPS (929003052901) -\" \/>\n<meta property=\"og:description\" content=\"Popis produktu N\u00e1st\u011bnn\u00e9 stm\u00edvateln\u00e9 LED sv\u00edtidlo Sana v \u010dern\u00e9m proveden\u00ed z kolekce chytr\u00e9ho dom\u00e1c\u00edho osv\u011btlen\u00ed Philips Hue m\u00e1 nev\u0161edn\u00ed design podsv\u00edcen\u00e9ho kruhu, kter\u00fd slou\u017e\u00ed jako nep\u0159\u00edm\u00e9 osv\u011btlen\u00ed a vymaluje st\u011bnu jedine\u010dn\u00fdmi sv\u011bteln\u00fdmi efekty v r\u016fzn\u00fdch barv\u00e1ch a intenzit\u00e1ch podle va\u0161\u00ed aktu\u00e1ln\u00ed pot\u0159eby a n\u00e1lady. Sv\u011btlo vych\u00e1z\u00ed z integrovan\u00e9ho Hue LED p\u00e1sku White and Color Ambiance [&hellip;]\" \/>\n<meta property=\"og:url\" content=\"https:\/\/www.domkraftpro.com\/index.php\/produkt\/znackovy-hue-bluetooth-led-white-and-color-ambiance-nastenne-svitidlo-philips-sana-8719514343382-20w-1400lm-2000-6500k-rgb-ip20-24v-cerne-stmivatelne-philips-929003052901-72939\/\" \/>\n<meta property=\"og:image\" content=\"https:\/\/www.domkraftpro.com\/wp-content\/uploads\/2026\/SK0056873-CZ20260425-091535-0-1777079744-PH-8719514343382.webp\" \/>\n\t<meta property=\"og:image:width\" content=\"480\" \/>\n\t<meta property=\"og:image:height\" content=\"480\" \/>\n\t<meta property=\"og:image:type\" content=\"image\/webp\" \/>\n<meta name=\"twitter:card\" content=\"summary_large_image\" \/>\n<meta name=\"twitter:label1\" content=\"Odhadovan\u00e1 doba \u010dten\u00ed\" \/>\n\t<meta name=\"twitter:data1\" content=\"4 minuty\" \/>\n<script type=\"application\/ld+json\" class=\"yoast-schema-graph\">{\"@context\":\"https:\/\/schema.org\",\"@graph\":[{\"@type\":\"WebPage\",\"@id\":\"https:\/\/www.domkraftpro.com\/index.php\/produkt\/znackovy-hue-bluetooth-led-white-and-color-ambiance-nastenne-svitidlo-philips-sana-8719514343382-20w-1400lm-2000-6500k-rgb-ip20-24v-cerne-stmivatelne-philips-929003052901-72939\/\",\"url\":\"https:\/\/www.domkraftpro.com\/index.php\/produkt\/znackovy-hue-bluetooth-led-white-and-color-ambiance-nastenne-svitidlo-philips-sana-8719514343382-20w-1400lm-2000-6500k-rgb-ip20-24v-cerne-stmivatelne-philips-929003052901-72939\/\",\"name\":\"Zna\u010dkov\u00fd Hue Bluetooth LED White and Color Ambiance N\u00e1st\u011bnn\u00e9 sv\u00edtidlo Philips Sana 8719514343382 20W 1400lm 2000-6500K RGB IP20 24V \u010dern\u00e9, stm\u00edvateln\u00e9 - PHILIPS (929003052901) -\",\"isPartOf\":{\"@id\":\"https:\/\/www.domkraftpro.com\/#website\"},\"primaryImageOfPage\":{\"@id\":\"https:\/\/www.domkraftpro.com\/index.php\/produkt\/znackovy-hue-bluetooth-led-white-and-color-ambiance-nastenne-svitidlo-philips-sana-8719514343382-20w-1400lm-2000-6500k-rgb-ip20-24v-cerne-stmivatelne-philips-929003052901-72939\/#primaryimage\"},\"image\":{\"@id\":\"https:\/\/www.domkraftpro.com\/index.php\/produkt\/znackovy-hue-bluetooth-led-white-and-color-ambiance-nastenne-svitidlo-philips-sana-8719514343382-20w-1400lm-2000-6500k-rgb-ip20-24v-cerne-stmivatelne-philips-929003052901-72939\/#primaryimage\"},\"thumbnailUrl\":\"https:\/\/www.domkraftpro.com\/wp-content\/uploads\/2026\/SK0056873-CZ20260425-091535-0-1777079744-PH-8719514343382.webp\",\"datePublished\":\"2026-04-27T04:43:45+00:00\",\"breadcrumb\":{\"@id\":\"https:\/\/www.domkraftpro.com\/index.php\/produkt\/znackovy-hue-bluetooth-led-white-and-color-ambiance-nastenne-svitidlo-philips-sana-8719514343382-20w-1400lm-2000-6500k-rgb-ip20-24v-cerne-stmivatelne-philips-929003052901-72939\/#breadcrumb\"},\"inLanguage\":\"cs\",\"potentialAction\":[{\"@type\":\"ReadAction\",\"target\":[\"https:\/\/www.domkraftpro.com\/index.php\/produkt\/znackovy-hue-bluetooth-led-white-and-color-ambiance-nastenne-svitidlo-philips-sana-8719514343382-20w-1400lm-2000-6500k-rgb-ip20-24v-cerne-stmivatelne-philips-929003052901-72939\/\"]}]},{\"@type\":\"ImageObject\",\"inLanguage\":\"cs\",\"@id\":\"https:\/\/www.domkraftpro.com\/index.php\/produkt\/znackovy-hue-bluetooth-led-white-and-color-ambiance-nastenne-svitidlo-philips-sana-8719514343382-20w-1400lm-2000-6500k-rgb-ip20-24v-cerne-stmivatelne-philips-929003052901-72939\/#primaryimage\",\"url\":\"https:\/\/www.domkraftpro.com\/wp-content\/uploads\/2026\/SK0056873-CZ20260425-091535-0-1777079744-PH-8719514343382.webp\",\"contentUrl\":\"https:\/\/www.domkraftpro.com\/wp-content\/uploads\/2026\/SK0056873-CZ20260425-091535-0-1777079744-PH-8719514343382.webp\",\"width\":480,\"height\":480},{\"@type\":\"BreadcrumbList\",\"@id\":\"https:\/\/www.domkraftpro.com\/index.php\/produkt\/znackovy-hue-bluetooth-led-white-and-color-ambiance-nastenne-svitidlo-philips-sana-8719514343382-20w-1400lm-2000-6500k-rgb-ip20-24v-cerne-stmivatelne-philips-929003052901-72939\/#breadcrumb\",\"itemListElement\":[{\"@type\":\"ListItem\",\"position\":1,\"name\":\"Home\",\"item\":\"https:\/\/www.domkraftpro.com\/\"},{\"@type\":\"ListItem\",\"position\":2,\"name\":\"Products\",\"item\":\"https:\/\/www.domkraftpro.com\/index.php\/products\/\"},{\"@type\":\"ListItem\",\"position\":3,\"name\":\"Zna\u010dkov\u00fd Hue Bluetooth LED White and Color Ambiance N\u00e1st\u011bnn\u00e9 sv\u00edtidlo Philips Sana 8719514343382 20W 1400lm 2000-6500K RGB IP20 24V \u010dern\u00e9, stm\u00edvateln\u00e9 &#8211; PHILIPS (929003052901)\"}]},{\"@type\":\"WebSite\",\"@id\":\"https:\/\/www.domkraftpro.com\/#website\",\"url\":\"https:\/\/www.domkraftpro.com\/\",\"name\":\"\",\"description\":\"\",\"potentialAction\":[{\"@type\":\"SearchAction\",\"target\":{\"@type\":\"EntryPoint\",\"urlTemplate\":\"https:\/\/www.domkraftpro.com\/?s={search_term_string}\"},\"query-input\":{\"@type\":\"PropertyValueSpecification\",\"valueRequired\":true,\"valueName\":\"search_term_string\"}}],\"inLanguage\":\"cs\"}]}<\/script>\n<!-- \/ Yoast SEO plugin. -->","yoast_head_json":{"title":"Zna\u010dkov\u00fd Hue Bluetooth LED White and Color Ambiance N\u00e1st\u011bnn\u00e9 sv\u00edtidlo Philips Sana 8719514343382 20W 1400lm 2000-6500K RGB IP20 24V \u010dern\u00e9, stm\u00edvateln\u00e9 - PHILIPS (929003052901) -","robots":{"index":"index","follow":"follow","max-snippet":"max-snippet:-1","max-image-preview":"max-image-preview:large","max-video-preview":"max-video-preview:-1"},"canonical":"https:\/\/www.domkraftpro.com\/index.php\/produkt\/znackovy-hue-bluetooth-led-white-and-color-ambiance-nastenne-svitidlo-philips-sana-8719514343382-20w-1400lm-2000-6500k-rgb-ip20-24v-cerne-stmivatelne-philips-929003052901-72939\/","og_locale":"cs_CZ","og_type":"article","og_title":"Zna\u010dkov\u00fd Hue Bluetooth LED White and Color Ambiance N\u00e1st\u011bnn\u00e9 sv\u00edtidlo Philips Sana 8719514343382 20W 1400lm 2000-6500K RGB IP20 24V \u010dern\u00e9, stm\u00edvateln\u00e9 - PHILIPS (929003052901) -","og_description":"Popis produktu N\u00e1st\u011bnn\u00e9 stm\u00edvateln\u00e9 LED sv\u00edtidlo Sana v \u010dern\u00e9m proveden\u00ed z kolekce chytr\u00e9ho dom\u00e1c\u00edho osv\u011btlen\u00ed Philips Hue m\u00e1 nev\u0161edn\u00ed design podsv\u00edcen\u00e9ho kruhu, kter\u00fd slou\u017e\u00ed jako nep\u0159\u00edm\u00e9 osv\u011btlen\u00ed a vymaluje st\u011bnu jedine\u010dn\u00fdmi sv\u011bteln\u00fdmi efekty v r\u016fzn\u00fdch barv\u00e1ch a intenzit\u00e1ch podle va\u0161\u00ed aktu\u00e1ln\u00ed pot\u0159eby a n\u00e1lady. Sv\u011btlo vych\u00e1z\u00ed z integrovan\u00e9ho Hue LED p\u00e1sku White and Color Ambiance [&hellip;]","og_url":"https:\/\/www.domkraftpro.com\/index.php\/produkt\/znackovy-hue-bluetooth-led-white-and-color-ambiance-nastenne-svitidlo-philips-sana-8719514343382-20w-1400lm-2000-6500k-rgb-ip20-24v-cerne-stmivatelne-philips-929003052901-72939\/","og_image":[{"width":480,"height":480,"url":"https:\/\/www.domkraftpro.com\/wp-content\/uploads\/2026\/SK0056873-CZ20260425-091535-0-1777079744-PH-8719514343382.webp","type":"image\/webp"}],"twitter_card":"summary_large_image","twitter_misc":{"Odhadovan\u00e1 doba \u010dten\u00ed":"4 minuty"},"schema":{"@context":"https:\/\/schema.org","@graph":[{"@type":"WebPage","@id":"https:\/\/www.domkraftpro.com\/index.php\/produkt\/znackovy-hue-bluetooth-led-white-and-color-ambiance-nastenne-svitidlo-philips-sana-8719514343382-20w-1400lm-2000-6500k-rgb-ip20-24v-cerne-stmivatelne-philips-929003052901-72939\/","url":"https:\/\/www.domkraftpro.com\/index.php\/produkt\/znackovy-hue-bluetooth-led-white-and-color-ambiance-nastenne-svitidlo-philips-sana-8719514343382-20w-1400lm-2000-6500k-rgb-ip20-24v-cerne-stmivatelne-philips-929003052901-72939\/","name":"Zna\u010dkov\u00fd Hue Bluetooth LED White and Color Ambiance N\u00e1st\u011bnn\u00e9 sv\u00edtidlo Philips Sana 8719514343382 20W 1400lm 2000-6500K RGB IP20 24V \u010dern\u00e9, stm\u00edvateln\u00e9 - PHILIPS (929003052901) -","isPartOf":{"@id":"https:\/\/www.domkraftpro.com\/#website"},"primaryImageOfPage":{"@id":"https:\/\/www.domkraftpro.com\/index.php\/produkt\/znackovy-hue-bluetooth-led-white-and-color-ambiance-nastenne-svitidlo-philips-sana-8719514343382-20w-1400lm-2000-6500k-rgb-ip20-24v-cerne-stmivatelne-philips-929003052901-72939\/#primaryimage"},"image":{"@id":"https:\/\/www.domkraftpro.com\/index.php\/produkt\/znackovy-hue-bluetooth-led-white-and-color-ambiance-nastenne-svitidlo-philips-sana-8719514343382-20w-1400lm-2000-6500k-rgb-ip20-24v-cerne-stmivatelne-philips-929003052901-72939\/#primaryimage"},"thumbnailUrl":"https:\/\/www.domkraftpro.com\/wp-content\/uploads\/2026\/SK0056873-CZ20260425-091535-0-1777079744-PH-8719514343382.webp","datePublished":"2026-04-27T04:43:45+00:00","breadcrumb":{"@id":"https:\/\/www.domkraftpro.com\/index.php\/produkt\/znackovy-hue-bluetooth-led-white-and-color-ambiance-nastenne-svitidlo-philips-sana-8719514343382-20w-1400lm-2000-6500k-rgb-ip20-24v-cerne-stmivatelne-philips-929003052901-72939\/#breadcrumb"},"inLanguage":"cs","potentialAction":[{"@type":"ReadAction","target":["https:\/\/www.domkraftpro.com\/index.php\/produkt\/znackovy-hue-bluetooth-led-white-and-color-ambiance-nastenne-svitidlo-philips-sana-8719514343382-20w-1400lm-2000-6500k-rgb-ip20-24v-cerne-stmivatelne-philips-929003052901-72939\/"]}]},{"@type":"ImageObject","inLanguage":"cs","@id":"https:\/\/www.domkraftpro.com\/index.php\/produkt\/znackovy-hue-bluetooth-led-white-and-color-ambiance-nastenne-svitidlo-philips-sana-8719514343382-20w-1400lm-2000-6500k-rgb-ip20-24v-cerne-stmivatelne-philips-929003052901-72939\/#primaryimage","url":"https:\/\/www.domkraftpro.com\/wp-content\/uploads\/2026\/SK0056873-CZ20260425-091535-0-1777079744-PH-8719514343382.webp","contentUrl":"https:\/\/www.domkraftpro.com\/wp-content\/uploads\/2026\/SK0056873-CZ20260425-091535-0-1777079744-PH-8719514343382.webp","width":480,"height":480},{"@type":"BreadcrumbList","@id":"https:\/\/www.domkraftpro.com\/index.php\/produkt\/znackovy-hue-bluetooth-led-white-and-color-ambiance-nastenne-svitidlo-philips-sana-8719514343382-20w-1400lm-2000-6500k-rgb-ip20-24v-cerne-stmivatelne-philips-929003052901-72939\/#breadcrumb","itemListElement":[{"@type":"ListItem","position":1,"name":"Home","item":"https:\/\/www.domkraftpro.com\/"},{"@type":"ListItem","position":2,"name":"Products","item":"https:\/\/www.domkraftpro.com\/index.php\/products\/"},{"@type":"ListItem","position":3,"name":"Zna\u010dkov\u00fd Hue Bluetooth LED White and Color Ambiance N\u00e1st\u011bnn\u00e9 sv\u00edtidlo Philips Sana 8719514343382 20W 1400lm 2000-6500K RGB IP20 24V \u010dern\u00e9, stm\u00edvateln\u00e9 &#8211; PHILIPS (929003052901)"}]},{"@type":"WebSite","@id":"https:\/\/www.domkraftpro.com\/#website","url":"https:\/\/www.domkraftpro.com\/","name":"","description":"","potentialAction":[{"@type":"SearchAction","target":{"@type":"EntryPoint","urlTemplate":"https:\/\/www.domkraftpro.com\/?s={search_term_string}"},"query-input":{"@type":"PropertyValueSpecification","valueRequired":true,"valueName":"search_term_string"}}],"inLanguage":"cs"}]}},"_links":{"self":[{"href":"https:\/\/www.domkraftpro.com\/index.php\/wp-json\/wp\/v2\/product\/72939","targetHints":{"allow":["GET"]}}],"collection":[{"href":"https:\/\/www.domkraftpro.com\/index.php\/wp-json\/wp\/v2\/product"}],"about":[{"href":"https:\/\/www.domkraftpro.com\/index.php\/wp-json\/wp\/v2\/types\/product"}],"replies":[{"embeddable":true,"href":"https:\/\/www.domkraftpro.com\/index.php\/wp-json\/wp\/v2\/comments?post=72939"}],"wp:featuredmedia":[{"embeddable":true,"href":"https:\/\/www.domkraftpro.com\/index.php\/wp-json\/wp\/v2\/media\/73039"}],"wp:attachment":[{"href":"https:\/\/www.domkraftpro.com\/index.php\/wp-json\/wp\/v2\/media?parent=72939"}],"wp:term":[{"taxonomy":"product_brand","embeddable":true,"href":"https:\/\/www.domkraftpro.com\/index.php\/wp-json\/wp\/v2\/product_brand?post=72939"},{"taxonomy":"product_cat","embeddable":true,"href":"https:\/\/www.domkraftpro.com\/index.php\/wp-json\/wp\/v2\/product_cat?post=72939"},{"taxonomy":"product_tag","embeddable":true,"href":"https:\/\/www.domkraftpro.com\/index.php\/wp-json\/wp\/v2\/product_tag?post=72939"}],"curies":[{"name":"wp","href":"https:\/\/api.w.org\/{rel}","templated":true}]}}