{"id":72914,"date":"2026-04-27T04:43:45","date_gmt":"2026-04-27T04:43:45","guid":{"rendered":""},"modified":"2026-04-27T04:43:45","modified_gmt":"2026-04-27T04:43:45","slug":"znackovy-moire-svitidlo-stropni-led-20w-2300lm-4000k-bila-philips-915005774211-72914","status":"publish","type":"product","link":"https:\/\/www.domkraftpro.com\/index.php\/produkt\/znackovy-moire-svitidlo-stropni-led-20w-2300lm-4000k-bila-philips-915005774211-72914\/","title":{"rendered":"Zna\u010dkov\u00fd Moire SV\u00cdTIDLO STROPN\u00cd LED 20W 2300lm 4000K, b\u00edl\u00e1 &#8211; PHILIPS (915005774211)"},"content":{"rendered":"<h3 class=\"product-h3\">Popis produktu<\/h3>\n<p>Kulat\u00e9 p\u0159isazen\u00e9 sv\u00edtidlo Moire z kolekce funk\u010dn\u00edho osv\u011btlen\u00ed zna\u010dky Philips v nejv\u011bt\u0161\u00ed variant\u011b s pr\u016fm\u011brem 39 cm a studen\u00fdm b\u00edl\u00fdm svitem s teplotou chromati\u010dnosti 4000K se snadno instaluje na strop nebo na st\u011bnu a je ide\u00e1ln\u00ed k rozsv\u00edcen\u00ed interi\u00e9rov\u00fdch ob\u00fdvac\u00edch prostor nebo men\u0161\u00edch chodeb. Kryt\u00ed IP20 ozna\u010duje vhodnost pou\u017eit\u00ed v m\u00edstnostech bez zv\u00fd\u0161en\u00e9 vlhkosti, nen\u00ed vhodn\u00e9 do koupelny. Pro jeho v\u00fdrobu byl pou\u017eit kov s b\u00edlou povrchovou \u00fapravou a hladk\u00fd ml\u00e9\u010dn\u00fd plast, kter\u00fd se snadno udr\u017euje a rovnom\u011brn\u011b rozptyluje svit. Sv\u011btlo, kter\u00e9 \u0161et\u0159\u00ed va\u0161e o\u010di d\u00edky technologii EyeComfort, zaji\u0161\u0165uje \u00fasporn\u00fd vysoce v\u00fdkonn\u00fd LED zdroj s maxim\u00e1ln\u00edm p\u0159\u00edkonem 1 x 20 W se sv\u00edtivost\u00ed a\u017e 2300 lm a \u017eivotnost\u00ed dosahuj\u00edc\u00ed a\u017e 15.000 hodin. Celkov\u00e9 rozm\u011bry sv\u00edtidla \u010din\u00ed 7 x 39 x 39 cm. Je nap\u00e1jeno ze s\u00edt\u011b na 220-240 V. Intenzitu sv\u011btla nen\u00ed mo\u017en\u00e9 stm\u00edvat. Index pod\u00e1n\u00ed barev je vy\u0161\u0161\u00ed a roven hodnot\u011b 80. Philips poskytuje na toto sv\u00edtidlo prodlou\u017eenou z\u00e1ruku 5 let.<\/p>\n<\/p><\/div>\n<div class=\"product-left-popis-vyrobce\">\n<div class='col-xs-12'>\n<h1><strong>PHILIPS &ndash; chytr&eacute; osv\u011btlen&iacute; pro ka\u017ed&yacute; kousek prostoru<\/strong><\/h1>\n<p>Pocit skute\u010dn&eacute;ho domova p\u0159ich&aacute;z&iacute; nejen se za\u0159&iacute;zen&iacute;m a dopl\u0148ky, kter&eacute; si vyberete na m&iacute;ru. Velmi d\u016fle\u017eit&yacute;m prvkem v interi&eacute;ru je sv\u011btlo. To hraje d\u016fle\u017eitou roli p\u0159i vyu\u017eit&iacute; prostoru, ale tak&eacute; vytvo\u0159en&iacute; pocitu, atmosf&eacute;ry. Z&aacute;le\u017e&iacute; na intenzit\u011b, rozprost\u0159en&iacute; i barv\u011b sv\u011btla. To v&scaron;e ovliv\u0148uj&iacute; nejen sv&iacute;tidla, ale samoz\u0159ejm\u011b tak&eacute; sv\u011bteln&eacute; zdroje. Lidsk&eacute;mu oku je nejp\u0159&iacute;jemn\u011bj&scaron;&iacute; LED sv\u011btlo, kter&eacute; vyd&aacute;vaj&iacute; &uacute;sporn&eacute; <strong>LED \u017e&aacute;rovky \u010di p&aacute;sky<\/strong>. Tyto sv\u011bteln&eacute; zdroje maj&iacute; \u0159adu v&yacute;hod, zejm&eacute;na vysokou &uacute;sporu energie, v&yacute;raznou sv&iacute;tivost a z&aacute;rove\u0148 jsou zna\u010dn\u011b ekologick&eacute; a nezat\u011b\u017euj&iacute; \u017eivotn&iacute; prost\u0159ed&iacute; d&iacute;ky dlouh&eacute; \u017eivotnosti. Firma <strong>Philips<\/strong> je <strong>inovativn&iacute; v&yacute;robce sv&iacute;tidel a sv\u011bteln&yacute;ch zdroj\u016f<\/strong>, kter&yacute; se zam\u011b\u0159uje pr&aacute;v\u011b na modern&iacute; a vyhled&aacute;van&eacute; LED sv\u011bteln&eacute; zdroje a LED sv&iacute;tidla obecn\u011b. D&iacute;ky variabilit\u011b LED sv\u011bteln&yacute;ch zdroj\u016f lze navrhnout prakticky jak&yacute;koli tvar sv&iacute;tidla a osadit jej LED sv\u011bteln&yacute;mi zdroji tak, aby esteticky neru&scaron;ily a z&aacute;rove\u0148 byly maxim&aacute;ln\u011b funk\u010dn&iacute;.&nbsp;<\/p>\n<p>Od firmy Philips m\u016f\u017eete <strong>do interi&eacute;ru<\/strong> vyb&iacute;rat stoln&iacute; i stojac&iacute; lampy, n&aacute;st\u011bnn&aacute; i d\u011btsk&aacute; sv&iacute;tidla, lustry, vestavn&aacute; stropn&iacute; sv&iacute;tidla, bodov&eacute; osv\u011btlen&iacute; i speci&aacute;ln&iacute; osv\u011btlen&iacute; do kuchyn&iacute; a koupelen. <strong>K&nbsp;venkovn&iacute;mu vyu\u017eit&iacute;<\/strong> jsou ur\u010dena n&aacute;st\u011bnn&aacute; a stropn&iacute; sv&iacute;tidla \u010di sloupkov&eacute; a stojac&iacute; lampy. Philips vyr&aacute;b&iacute; tak&eacute; <strong>\u0159adu sv\u011bteln&yacute;ch zdroj\u016f<\/strong> s r\u016fzn&yacute;mi v&yacute;kony, barevnou teplotou a paticemi. D&iacute;ky maxim&aacute;ln\u011b inovativn&iacute;mu p\u0159&iacute;stupu nab&iacute;z&iacute; firma Philips modern&iacute; sv&iacute;tidla s nad\u010dasov&yacute;m designem, kter&aacute; vypln&iacute; z&aacute;\u0159iv&yacute;m sv\u011btlem ka\u017ed&yacute; kousek prostoru kolem v&aacute;s.<\/p>\n<\/p><\/div>\n<\/p><\/div>\n<\/p><\/div>\n<p><\/p>\n<div class=\"top-params\">\n<h3 class=\"product-h3 collapse-header \" data-toggle=\"collapse\" data-target=\"#collapseOne\" aria-expanded=\"true\" aria-controls=\"collapseOne\">Parametry<\/h3>\n<div id=\"collapseOne\" class=\"collapse show\" aria-labelledby=\"headingOne\" data-parent=\"#product-info-accordion1\">\n<table class=\"table-striped\">\n<tr>\n<td>                V\u00fd\u0161ka v mm            <\/td>\n<td>                70            <\/td>\n<\/tr>\n<tr>\n<td>                T\u0159\u00edda ochrany            <\/td>\n<td>                I            <\/td>\n<\/tr>\n<tr>\n<td>                \u017divotnost            <\/td>\n<td>                15000 hodin            <\/td>\n<\/tr>\n<tr>\n<td>                Hmotnost g            <\/td>\n<td>                570            <\/td>\n<\/tr>\n<tr>\n<td>                Energetick\u00e1 \u00fa\u010dinnost            <\/td>\n<td>                E            <\/td>\n<\/tr>\n<tr>\n<td>                Index pod\u00e1n\u00ed barev            <\/td>\n<td>                80            <\/td>\n<\/tr>\n<tr>\n<td>                \u0160\u00ed\u0159ka v mm            <\/td>\n<td>                390            <\/td>\n<\/tr>\n<tr>\n<td>                Pr\u016fm\u011br v mm            <\/td>\n<td>                390            <\/td>\n<\/tr>\n<tr>\n<td>                D\u00e9lka v mm            <\/td>\n<td>                390            <\/td>\n<\/tr>\n<tr>\n<td>                Ochrana IP            <\/td>\n<td>                IP20            <\/td>\n<\/tr>\n<tr>\n<td>                Sv\u011bteln\u00fd tok            <\/td>\n<td>                2300lm            <\/td>\n<\/tr>\n<tr>\n<td>                Teplota barvy sv\u011btla            <\/td>\n<td>                4000K            <\/td>\n<\/tr>\n<tr>\n<td>                Max. p\u0159\u00edkon sv\u011bteln\u00e9ho zdroje            <\/td>\n<td>                20W            <\/td>\n<\/tr>\n<tr>\n<td>                V\u00fdkon            <\/td>\n<td>                20W            <\/td>\n<\/tr>\n<tr>\n<td>                Nap\u00e1jec\u00ed nap\u011bt\u00ed            <\/td>\n<td>                220-240 V            <\/td>\n<\/tr>\n<tr>\n<td>                Patice            <\/td>\n<td>                LED            <\/td>\n<\/tr>\n<tr>\n<td>                V\u010detn\u011b sv\u011bteln\u00e9ho zdroje            <\/td>\n<td>                ano            <\/td>\n<\/tr>\n<tr>\n<td>                Materi\u00e1l            <\/td>\n<td>                plast            <\/td>\n<\/tr>\n<tr>\n<td>                Barva            <\/td>\n<td>                b\u00edl\u00e1            <\/td>\n<\/tr>\n<tr>\n<td>                Kolekce            <\/td>\n<td>                Philips            <\/td>\n<\/tr>\n<tr>\n<td>                Po\u010det sv\u011bteln\u00fdch zdroj\u016f            <\/td>\n<td>                1            <\/td>\n<\/tr>\n<tr>\n<td>                V\u00fdrobce            <\/td>\n<td>                PHILIPS            <\/td>\n<\/tr>\n<\/table>\n<\/div><\/div>\n<\/div>\n<div class=\"accordion\" id=\"product-info-accordion2\">\n","protected":false},"excerpt":{"rendered":"<p>Popis produktu Kulat\u00e9 p\u0159isazen\u00e9 sv\u00edtidlo Moire z kolekce funk\u010dn\u00edho osv\u011btlen\u00ed zna\u010dky Philips v nejv\u011bt\u0161\u00ed variant\u011b s pr\u016fm\u011brem 39 cm a studen\u00fdm b\u00edl\u00fdm svitem s teplotou chromati\u010dnosti 4000K se snadno instaluje na strop nebo na st\u011bnu a je ide\u00e1ln\u00ed k rozsv\u00edcen\u00ed interi\u00e9rov\u00fdch ob\u00fdvac\u00edch prostor nebo men\u0161\u00edch chodeb. Kryt\u00ed IP20 ozna\u010duje vhodnost pou\u017eit\u00ed v m\u00edstnostech bez zv\u00fd\u0161en\u00e9 [&hellip;]<\/p>\n","protected":false},"featured_media":73014,"comment_status":"open","ping_status":"open","template":"","meta":[],"product_brand":[],"product_cat":[31],"product_tag":[],"class_list":{"0":"post-72914","1":"product","2":"type-product","3":"status-publish","4":"has-post-thumbnail","6":"product_cat-interierova-svitidla","8":"first","9":"instock","10":"sale","11":"shipping-taxable","12":"purchasable","13":"product-type-simple"},"yoast_head":"<!-- This site is optimized with the Yoast SEO plugin v26.8 - https:\/\/yoast.com\/product\/yoast-seo-wordpress\/ -->\n<title>Zna\u010dkov\u00fd Moire SV\u00cdTIDLO STROPN\u00cd LED 20W 2300lm 4000K, b\u00edl\u00e1 - PHILIPS (915005774211) -<\/title>\n<meta name=\"robots\" content=\"index, follow, max-snippet:-1, max-image-preview:large, max-video-preview:-1\" \/>\n<link rel=\"canonical\" href=\"https:\/\/www.domkraftpro.com\/index.php\/produkt\/znackovy-moire-svitidlo-stropni-led-20w-2300lm-4000k-bila-philips-915005774211-72914\/\" \/>\n<meta property=\"og:locale\" content=\"cs_CZ\" \/>\n<meta property=\"og:type\" content=\"article\" \/>\n<meta property=\"og:title\" content=\"Zna\u010dkov\u00fd Moire SV\u00cdTIDLO STROPN\u00cd LED 20W 2300lm 4000K, b\u00edl\u00e1 - PHILIPS (915005774211) -\" \/>\n<meta property=\"og:description\" content=\"Popis produktu Kulat\u00e9 p\u0159isazen\u00e9 sv\u00edtidlo Moire z kolekce funk\u010dn\u00edho osv\u011btlen\u00ed zna\u010dky Philips v nejv\u011bt\u0161\u00ed variant\u011b s pr\u016fm\u011brem 39 cm a studen\u00fdm b\u00edl\u00fdm svitem s teplotou chromati\u010dnosti 4000K se snadno instaluje na strop nebo na st\u011bnu a je ide\u00e1ln\u00ed k rozsv\u00edcen\u00ed interi\u00e9rov\u00fdch ob\u00fdvac\u00edch prostor nebo men\u0161\u00edch chodeb. Kryt\u00ed IP20 ozna\u010duje vhodnost pou\u017eit\u00ed v m\u00edstnostech bez zv\u00fd\u0161en\u00e9 [&hellip;]\" \/>\n<meta property=\"og:url\" content=\"https:\/\/www.domkraftpro.com\/index.php\/produkt\/znackovy-moire-svitidlo-stropni-led-20w-2300lm-4000k-bila-philips-915005774211-72914\/\" \/>\n<meta property=\"og:image\" content=\"https:\/\/www.domkraftpro.com\/wp-content\/uploads\/2026\/SK0056848-CZ20260425-091535-0-1777079744-PH-8719514334991.webp\" \/>\n\t<meta property=\"og:image:width\" content=\"480\" \/>\n\t<meta property=\"og:image:height\" content=\"624\" \/>\n\t<meta property=\"og:image:type\" content=\"image\/webp\" \/>\n<meta name=\"twitter:card\" content=\"summary_large_image\" \/>\n<meta name=\"twitter:label1\" content=\"Odhadovan\u00e1 doba \u010dten\u00ed\" \/>\n\t<meta name=\"twitter:data1\" content=\"4 minuty\" \/>\n<script type=\"application\/ld+json\" class=\"yoast-schema-graph\">{\"@context\":\"https:\/\/schema.org\",\"@graph\":[{\"@type\":\"WebPage\",\"@id\":\"https:\/\/www.domkraftpro.com\/index.php\/produkt\/znackovy-moire-svitidlo-stropni-led-20w-2300lm-4000k-bila-philips-915005774211-72914\/\",\"url\":\"https:\/\/www.domkraftpro.com\/index.php\/produkt\/znackovy-moire-svitidlo-stropni-led-20w-2300lm-4000k-bila-philips-915005774211-72914\/\",\"name\":\"Zna\u010dkov\u00fd Moire SV\u00cdTIDLO STROPN\u00cd LED 20W 2300lm 4000K, b\u00edl\u00e1 - PHILIPS (915005774211) -\",\"isPartOf\":{\"@id\":\"https:\/\/www.domkraftpro.com\/#website\"},\"primaryImageOfPage\":{\"@id\":\"https:\/\/www.domkraftpro.com\/index.php\/produkt\/znackovy-moire-svitidlo-stropni-led-20w-2300lm-4000k-bila-philips-915005774211-72914\/#primaryimage\"},\"image\":{\"@id\":\"https:\/\/www.domkraftpro.com\/index.php\/produkt\/znackovy-moire-svitidlo-stropni-led-20w-2300lm-4000k-bila-philips-915005774211-72914\/#primaryimage\"},\"thumbnailUrl\":\"https:\/\/www.domkraftpro.com\/wp-content\/uploads\/2026\/SK0056848-CZ20260425-091535-0-1777079744-PH-8719514334991.webp\",\"datePublished\":\"2026-04-27T04:43:45+00:00\",\"breadcrumb\":{\"@id\":\"https:\/\/www.domkraftpro.com\/index.php\/produkt\/znackovy-moire-svitidlo-stropni-led-20w-2300lm-4000k-bila-philips-915005774211-72914\/#breadcrumb\"},\"inLanguage\":\"cs\",\"potentialAction\":[{\"@type\":\"ReadAction\",\"target\":[\"https:\/\/www.domkraftpro.com\/index.php\/produkt\/znackovy-moire-svitidlo-stropni-led-20w-2300lm-4000k-bila-philips-915005774211-72914\/\"]}]},{\"@type\":\"ImageObject\",\"inLanguage\":\"cs\",\"@id\":\"https:\/\/www.domkraftpro.com\/index.php\/produkt\/znackovy-moire-svitidlo-stropni-led-20w-2300lm-4000k-bila-philips-915005774211-72914\/#primaryimage\",\"url\":\"https:\/\/www.domkraftpro.com\/wp-content\/uploads\/2026\/SK0056848-CZ20260425-091535-0-1777079744-PH-8719514334991.webp\",\"contentUrl\":\"https:\/\/www.domkraftpro.com\/wp-content\/uploads\/2026\/SK0056848-CZ20260425-091535-0-1777079744-PH-8719514334991.webp\",\"width\":480,\"height\":624},{\"@type\":\"BreadcrumbList\",\"@id\":\"https:\/\/www.domkraftpro.com\/index.php\/produkt\/znackovy-moire-svitidlo-stropni-led-20w-2300lm-4000k-bila-philips-915005774211-72914\/#breadcrumb\",\"itemListElement\":[{\"@type\":\"ListItem\",\"position\":1,\"name\":\"Home\",\"item\":\"https:\/\/www.domkraftpro.com\/\"},{\"@type\":\"ListItem\",\"position\":2,\"name\":\"Products\",\"item\":\"https:\/\/www.domkraftpro.com\/index.php\/products\/\"},{\"@type\":\"ListItem\",\"position\":3,\"name\":\"Zna\u010dkov\u00fd Moire SV\u00cdTIDLO STROPN\u00cd LED 20W 2300lm 4000K, b\u00edl\u00e1 &#8211; PHILIPS (915005774211)\"}]},{\"@type\":\"WebSite\",\"@id\":\"https:\/\/www.domkraftpro.com\/#website\",\"url\":\"https:\/\/www.domkraftpro.com\/\",\"name\":\"\",\"description\":\"\",\"potentialAction\":[{\"@type\":\"SearchAction\",\"target\":{\"@type\":\"EntryPoint\",\"urlTemplate\":\"https:\/\/www.domkraftpro.com\/?s={search_term_string}\"},\"query-input\":{\"@type\":\"PropertyValueSpecification\",\"valueRequired\":true,\"valueName\":\"search_term_string\"}}],\"inLanguage\":\"cs\"}]}<\/script>\n<!-- \/ Yoast SEO plugin. -->","yoast_head_json":{"title":"Zna\u010dkov\u00fd Moire SV\u00cdTIDLO STROPN\u00cd LED 20W 2300lm 4000K, b\u00edl\u00e1 - PHILIPS (915005774211) -","robots":{"index":"index","follow":"follow","max-snippet":"max-snippet:-1","max-image-preview":"max-image-preview:large","max-video-preview":"max-video-preview:-1"},"canonical":"https:\/\/www.domkraftpro.com\/index.php\/produkt\/znackovy-moire-svitidlo-stropni-led-20w-2300lm-4000k-bila-philips-915005774211-72914\/","og_locale":"cs_CZ","og_type":"article","og_title":"Zna\u010dkov\u00fd Moire SV\u00cdTIDLO STROPN\u00cd LED 20W 2300lm 4000K, b\u00edl\u00e1 - PHILIPS (915005774211) -","og_description":"Popis produktu Kulat\u00e9 p\u0159isazen\u00e9 sv\u00edtidlo Moire z kolekce funk\u010dn\u00edho osv\u011btlen\u00ed zna\u010dky Philips v nejv\u011bt\u0161\u00ed variant\u011b s pr\u016fm\u011brem 39 cm a studen\u00fdm b\u00edl\u00fdm svitem s teplotou chromati\u010dnosti 4000K se snadno instaluje na strop nebo na st\u011bnu a je ide\u00e1ln\u00ed k rozsv\u00edcen\u00ed interi\u00e9rov\u00fdch ob\u00fdvac\u00edch prostor nebo men\u0161\u00edch chodeb. Kryt\u00ed IP20 ozna\u010duje vhodnost pou\u017eit\u00ed v m\u00edstnostech bez zv\u00fd\u0161en\u00e9 [&hellip;]","og_url":"https:\/\/www.domkraftpro.com\/index.php\/produkt\/znackovy-moire-svitidlo-stropni-led-20w-2300lm-4000k-bila-philips-915005774211-72914\/","og_image":[{"width":480,"height":624,"url":"https:\/\/www.domkraftpro.com\/wp-content\/uploads\/2026\/SK0056848-CZ20260425-091535-0-1777079744-PH-8719514334991.webp","type":"image\/webp"}],"twitter_card":"summary_large_image","twitter_misc":{"Odhadovan\u00e1 doba \u010dten\u00ed":"4 minuty"},"schema":{"@context":"https:\/\/schema.org","@graph":[{"@type":"WebPage","@id":"https:\/\/www.domkraftpro.com\/index.php\/produkt\/znackovy-moire-svitidlo-stropni-led-20w-2300lm-4000k-bila-philips-915005774211-72914\/","url":"https:\/\/www.domkraftpro.com\/index.php\/produkt\/znackovy-moire-svitidlo-stropni-led-20w-2300lm-4000k-bila-philips-915005774211-72914\/","name":"Zna\u010dkov\u00fd Moire SV\u00cdTIDLO STROPN\u00cd LED 20W 2300lm 4000K, b\u00edl\u00e1 - PHILIPS (915005774211) -","isPartOf":{"@id":"https:\/\/www.domkraftpro.com\/#website"},"primaryImageOfPage":{"@id":"https:\/\/www.domkraftpro.com\/index.php\/produkt\/znackovy-moire-svitidlo-stropni-led-20w-2300lm-4000k-bila-philips-915005774211-72914\/#primaryimage"},"image":{"@id":"https:\/\/www.domkraftpro.com\/index.php\/produkt\/znackovy-moire-svitidlo-stropni-led-20w-2300lm-4000k-bila-philips-915005774211-72914\/#primaryimage"},"thumbnailUrl":"https:\/\/www.domkraftpro.com\/wp-content\/uploads\/2026\/SK0056848-CZ20260425-091535-0-1777079744-PH-8719514334991.webp","datePublished":"2026-04-27T04:43:45+00:00","breadcrumb":{"@id":"https:\/\/www.domkraftpro.com\/index.php\/produkt\/znackovy-moire-svitidlo-stropni-led-20w-2300lm-4000k-bila-philips-915005774211-72914\/#breadcrumb"},"inLanguage":"cs","potentialAction":[{"@type":"ReadAction","target":["https:\/\/www.domkraftpro.com\/index.php\/produkt\/znackovy-moire-svitidlo-stropni-led-20w-2300lm-4000k-bila-philips-915005774211-72914\/"]}]},{"@type":"ImageObject","inLanguage":"cs","@id":"https:\/\/www.domkraftpro.com\/index.php\/produkt\/znackovy-moire-svitidlo-stropni-led-20w-2300lm-4000k-bila-philips-915005774211-72914\/#primaryimage","url":"https:\/\/www.domkraftpro.com\/wp-content\/uploads\/2026\/SK0056848-CZ20260425-091535-0-1777079744-PH-8719514334991.webp","contentUrl":"https:\/\/www.domkraftpro.com\/wp-content\/uploads\/2026\/SK0056848-CZ20260425-091535-0-1777079744-PH-8719514334991.webp","width":480,"height":624},{"@type":"BreadcrumbList","@id":"https:\/\/www.domkraftpro.com\/index.php\/produkt\/znackovy-moire-svitidlo-stropni-led-20w-2300lm-4000k-bila-philips-915005774211-72914\/#breadcrumb","itemListElement":[{"@type":"ListItem","position":1,"name":"Home","item":"https:\/\/www.domkraftpro.com\/"},{"@type":"ListItem","position":2,"name":"Products","item":"https:\/\/www.domkraftpro.com\/index.php\/products\/"},{"@type":"ListItem","position":3,"name":"Zna\u010dkov\u00fd Moire SV\u00cdTIDLO STROPN\u00cd LED 20W 2300lm 4000K, b\u00edl\u00e1 &#8211; PHILIPS (915005774211)"}]},{"@type":"WebSite","@id":"https:\/\/www.domkraftpro.com\/#website","url":"https:\/\/www.domkraftpro.com\/","name":"","description":"","potentialAction":[{"@type":"SearchAction","target":{"@type":"EntryPoint","urlTemplate":"https:\/\/www.domkraftpro.com\/?s={search_term_string}"},"query-input":{"@type":"PropertyValueSpecification","valueRequired":true,"valueName":"search_term_string"}}],"inLanguage":"cs"}]}},"_links":{"self":[{"href":"https:\/\/www.domkraftpro.com\/index.php\/wp-json\/wp\/v2\/product\/72914","targetHints":{"allow":["GET"]}}],"collection":[{"href":"https:\/\/www.domkraftpro.com\/index.php\/wp-json\/wp\/v2\/product"}],"about":[{"href":"https:\/\/www.domkraftpro.com\/index.php\/wp-json\/wp\/v2\/types\/product"}],"replies":[{"embeddable":true,"href":"https:\/\/www.domkraftpro.com\/index.php\/wp-json\/wp\/v2\/comments?post=72914"}],"wp:featuredmedia":[{"embeddable":true,"href":"https:\/\/www.domkraftpro.com\/index.php\/wp-json\/wp\/v2\/media\/73014"}],"wp:attachment":[{"href":"https:\/\/www.domkraftpro.com\/index.php\/wp-json\/wp\/v2\/media?parent=72914"}],"wp:term":[{"taxonomy":"product_brand","embeddable":true,"href":"https:\/\/www.domkraftpro.com\/index.php\/wp-json\/wp\/v2\/product_brand?post=72914"},{"taxonomy":"product_cat","embeddable":true,"href":"https:\/\/www.domkraftpro.com\/index.php\/wp-json\/wp\/v2\/product_cat?post=72914"},{"taxonomy":"product_tag","embeddable":true,"href":"https:\/\/www.domkraftpro.com\/index.php\/wp-json\/wp\/v2\/product_tag?post=72914"}],"curies":[{"name":"wp","href":"https:\/\/api.w.org\/{rel}","templated":true}]}}