{"id":72752,"date":"2026-04-27T04:43:44","date_gmt":"2026-04-27T04:43:44","guid":{"rendered":""},"modified":"2026-04-27T04:43:44","modified_gmt":"2026-04-27T04:43:44","slug":"znackovy-hue-bluetooth-led-white-ambiance-zarovka-philips-8719514288195-e27-a67-13w-1521lm-2200-6500k-stmivatelna-philips-929002471901-72752","status":"publish","type":"product","link":"https:\/\/www.domkraftpro.com\/index.php\/produkt\/znackovy-hue-bluetooth-led-white-ambiance-zarovka-philips-8719514288195-e27-a67-13w-1521lm-2200-6500k-stmivatelna-philips-929002471901-72752\/","title":{"rendered":"Zna\u010dkov\u00fd Hue Bluetooth LED White Ambiance \u017e\u00e1rovka Philips 8719514288195 E27 A67 13W 1521lm 2200-6500K stm\u00edvateln\u00e1 &#8211; PHILIPS (929002471901)"},"content":{"rendered":"<h3 class=\"product-h3\">Popis produktu<\/h3>\n<p>Sada s 1 ks chytr\u00e9 LED \u017e\u00e1rovky Philips Hue White Ambiance s patic\u00ed E27 a tvarem ba\u0148ky A67 je ide\u00e1ln\u00ed volbou pro Va\u0161e st\u00e1vaj\u00edc\u00ed sv\u00edtidla, kter\u00e1 m\u00e1te doma. \u017d\u00e1rovka vyza\u0159uje p\u0159\u00edjemn\u00e9 neosl\u0148uj\u00edc\u00ed sv\u011btlo s nastavitelnou teplotou chromati\u010dnosti od 2200K (tepl\u00e1 \u017elut\u00e1 barva) do 6500K (studen\u00e1 namodral\u00e1 barva), jej\u00ed\u017e intenzitu lze plynule stm\u00edvat, a to n\u011bkolika zp\u016fsoby &#8211; pomoc\u00ed aplikace Hue Bluetooth, kterou si snadno st\u00e1hnete do sv\u00e9ho mobiln\u00edho telefonu, d\u00e1lkov\u00fdm ovl\u00e1d\u00e1n\u00edm Hue Switch (nen\u00ed sou\u010d\u00e1st\u00ed balen\u00ed) anebo pomoc\u00ed mobiln\u00ed aplikace ve va\u0161em smartphonu p\u0159ipojen\u00edm p\u0159es m\u016fstek Philips Hue Bridge (nen\u00ed sou\u010d\u00e1st\u00ed balen\u00ed) pro mo\u017enost vyu\u017e\u00edvat v\u0161ech jej\u00edch funkc\u00ed. M\u016f\u017eete tak nejen regulovat intenzitu jej\u00edho sv\u011btla, m\u011bnit teplotu sv\u00edcen\u00ed, ale tak\u00e9 nastavovat sv\u011bteln\u00e9 rozvrhy, ovl\u00e1dat ji odkudkoli, i kdy\u017e pr\u00e1v\u011b nejste doma, a p\u0159esn\u011b p\u0159izp\u016fsobit atmosf\u00e9ru sv\u011btla va\u0161im denn\u00edm pot\u0159eb\u00e1m a n\u00e1lad\u011b. \u017d\u00e1rovka s p\u0159\u00edkonem 1 x 13 W a sv\u00edtivost\u00ed 1521lm je adekv\u00e1tn\u00ed n\u00e1hradou za klasickou 100W \u017e\u00e1rovku. Jej\u00ed \u017eivotnost dosahuje a\u017e 25.000 h p\u0159i a\u017e 50.000 sp\u00ednac\u00edch cyklech. Celkov\u00e9 rozm\u011bry \u017e\u00e1rovky \u010din\u00ed 131 x 67 mm. Vztahuje se na ni z\u00e1ruka 2 roky.<\/p>\n<\/p><\/div>\n<div class=\"product-left-popis-vyrobce\">\n<div class='col-xs-12'>\n<h1><strong>PHILIPS &ndash; chytr&eacute; osv\u011btlen&iacute; pro ka\u017ed&yacute; kousek prostoru<\/strong><\/h1>\n<p>Pocit skute\u010dn&eacute;ho domova p\u0159ich&aacute;z&iacute; nejen se za\u0159&iacute;zen&iacute;m a dopl\u0148ky, kter&eacute; si vyberete na m&iacute;ru. Velmi d\u016fle\u017eit&yacute;m prvkem v interi&eacute;ru je sv\u011btlo. To hraje d\u016fle\u017eitou roli p\u0159i vyu\u017eit&iacute; prostoru, ale tak&eacute; vytvo\u0159en&iacute; pocitu, atmosf&eacute;ry. Z&aacute;le\u017e&iacute; na intenzit\u011b, rozprost\u0159en&iacute; i barv\u011b sv\u011btla. To v&scaron;e ovliv\u0148uj&iacute; nejen sv&iacute;tidla, ale samoz\u0159ejm\u011b tak&eacute; sv\u011bteln&eacute; zdroje. Lidsk&eacute;mu oku je nejp\u0159&iacute;jemn\u011bj&scaron;&iacute; LED sv\u011btlo, kter&eacute; vyd&aacute;vaj&iacute; &uacute;sporn&eacute; <strong>LED \u017e&aacute;rovky \u010di p&aacute;sky<\/strong>. Tyto sv\u011bteln&eacute; zdroje maj&iacute; \u0159adu v&yacute;hod, zejm&eacute;na vysokou &uacute;sporu energie, v&yacute;raznou sv&iacute;tivost a z&aacute;rove\u0148 jsou zna\u010dn\u011b ekologick&eacute; a nezat\u011b\u017euj&iacute; \u017eivotn&iacute; prost\u0159ed&iacute; d&iacute;ky dlouh&eacute; \u017eivotnosti. Firma <strong>Philips<\/strong> je <strong>inovativn&iacute; v&yacute;robce sv&iacute;tidel a sv\u011bteln&yacute;ch zdroj\u016f<\/strong>, kter&yacute; se zam\u011b\u0159uje pr&aacute;v\u011b na modern&iacute; a vyhled&aacute;van&eacute; LED sv\u011bteln&eacute; zdroje a LED sv&iacute;tidla obecn\u011b. D&iacute;ky variabilit\u011b LED sv\u011bteln&yacute;ch zdroj\u016f lze navrhnout prakticky jak&yacute;koli tvar sv&iacute;tidla a osadit jej LED sv\u011bteln&yacute;mi zdroji tak, aby esteticky neru&scaron;ily a z&aacute;rove\u0148 byly maxim&aacute;ln\u011b funk\u010dn&iacute;.&nbsp;<\/p>\n<p>Od firmy Philips m\u016f\u017eete <strong>do interi&eacute;ru<\/strong> vyb&iacute;rat stoln&iacute; i stojac&iacute; lampy, n&aacute;st\u011bnn&aacute; i d\u011btsk&aacute; sv&iacute;tidla, lustry, vestavn&aacute; stropn&iacute; sv&iacute;tidla, bodov&eacute; osv\u011btlen&iacute; i speci&aacute;ln&iacute; osv\u011btlen&iacute; do kuchyn&iacute; a koupelen. <strong>K&nbsp;venkovn&iacute;mu vyu\u017eit&iacute;<\/strong> jsou ur\u010dena n&aacute;st\u011bnn&aacute; a stropn&iacute; sv&iacute;tidla \u010di sloupkov&eacute; a stojac&iacute; lampy. Philips vyr&aacute;b&iacute; tak&eacute; <strong>\u0159adu sv\u011bteln&yacute;ch zdroj\u016f<\/strong> s r\u016fzn&yacute;mi v&yacute;kony, barevnou teplotou a paticemi. D&iacute;ky maxim&aacute;ln\u011b inovativn&iacute;mu p\u0159&iacute;stupu nab&iacute;z&iacute; firma Philips modern&iacute; sv&iacute;tidla s nad\u010dasov&yacute;m designem, kter&aacute; vypln&iacute; z&aacute;\u0159iv&yacute;m sv\u011btlem ka\u017ed&yacute; kousek prostoru kolem v&aacute;s.<\/p>\n<\/p><\/div>\n<\/p><\/div>\n<\/p><\/div>\n<p><\/p>\n<div class=\"top-params\">\n<h3 class=\"product-h3 collapse-header \" data-toggle=\"collapse\" data-target=\"#collapseOne\" aria-expanded=\"true\" aria-controls=\"collapseOne\">Parametry<\/h3>\n<div id=\"collapseOne\" class=\"collapse show\" aria-labelledby=\"headingOne\" data-parent=\"#product-info-accordion1\">\n<table class=\"table-striped\">\n<tr>\n<td>                V\u00fd\u0161ka v mm            <\/td>\n<td>                131            <\/td>\n<\/tr>\n<tr>\n<td>                Stm\u00edvateln\u00e9            <\/td>\n<td>                ano, ZigBee            <\/td>\n<\/tr>\n<tr>\n<td>                \u017divotnost            <\/td>\n<td>                25000 hodin            <\/td>\n<\/tr>\n<tr>\n<td>                Hmotnost g            <\/td>\n<td>                150            <\/td>\n<\/tr>\n<tr>\n<td>                Energetick\u00e1 \u00fa\u010dinnost            <\/td>\n<td>                F            <\/td>\n<\/tr>\n<tr>\n<td>                \u0160\u00ed\u0159ka v mm            <\/td>\n<td>                67            <\/td>\n<\/tr>\n<tr>\n<td>                Pr\u016fm\u011br v mm            <\/td>\n<td>                67            <\/td>\n<\/tr>\n<tr>\n<td>                D\u00e9lka v mm            <\/td>\n<td>                67            <\/td>\n<\/tr>\n<tr>\n<td>                Sv\u011bteln\u00fd tok            <\/td>\n<td>                1521lm            <\/td>\n<\/tr>\n<tr>\n<td>                Teplota barvy sv\u011btla            <\/td>\n<td>                2200K-6500K            <\/td>\n<\/tr>\n<tr>\n<td>                Max. p\u0159\u00edkon sv\u011bteln\u00e9ho zdroje            <\/td>\n<td>                13W            <\/td>\n<\/tr>\n<tr>\n<td>                V\u00fdkon            <\/td>\n<td>                13W            <\/td>\n<\/tr>\n<tr>\n<td>                Nap\u00e1jec\u00ed nap\u011bt\u00ed            <\/td>\n<td>                220-240 V            <\/td>\n<\/tr>\n<tr>\n<td>                Patice            <\/td>\n<td>                E27            <\/td>\n<\/tr>\n<tr>\n<td>                V\u010detn\u011b sv\u011bteln\u00e9ho zdroje            <\/td>\n<td>                ano            <\/td>\n<\/tr>\n<tr>\n<td>                Materi\u00e1l            <\/td>\n<td>                plast            <\/td>\n<\/tr>\n<tr>\n<td>                Barva            <\/td>\n<td>                b\u00edl\u00e1            <\/td>\n<\/tr>\n<tr>\n<td>                Po\u010det sv\u011bteln\u00fdch zdroj\u016f            <\/td>\n<td>                1            <\/td>\n<\/tr>\n<tr>\n<td>                V\u00fdrobce            <\/td>\n<td>                PHILIPS            <\/td>\n<\/tr>\n<\/table>\n<\/div><\/div>\n<\/div>\n<div class=\"accordion\" id=\"product-info-accordion2\">\n","protected":false},"excerpt":{"rendered":"<p>Popis produktu Sada s 1 ks chytr\u00e9 LED \u017e\u00e1rovky Philips Hue White Ambiance s patic\u00ed E27 a tvarem ba\u0148ky A67 je ide\u00e1ln\u00ed volbou pro Va\u0161e st\u00e1vaj\u00edc\u00ed sv\u00edtidla, kter\u00e1 m\u00e1te doma. \u017d\u00e1rovka vyza\u0159uje p\u0159\u00edjemn\u00e9 neosl\u0148uj\u00edc\u00ed sv\u011btlo s nastavitelnou teplotou chromati\u010dnosti od 2200K (tepl\u00e1 \u017elut\u00e1 barva) do 6500K (studen\u00e1 namodral\u00e1 barva), jej\u00ed\u017e intenzitu lze plynule stm\u00edvat, a [&hellip;]<\/p>\n","protected":false},"featured_media":72852,"comment_status":"open","ping_status":"open","template":"","meta":[],"product_brand":[],"product_cat":[31],"product_tag":[],"class_list":{"0":"post-72752","1":"product","2":"type-product","3":"status-publish","4":"has-post-thumbnail","6":"product_cat-interierova-svitidla","8":"first","9":"instock","10":"sale","11":"shipping-taxable","12":"purchasable","13":"product-type-simple"},"yoast_head":"<!-- This site is optimized with the Yoast SEO plugin v26.8 - https:\/\/yoast.com\/product\/yoast-seo-wordpress\/ -->\n<title>Zna\u010dkov\u00fd Hue Bluetooth LED White Ambiance \u017e\u00e1rovka Philips 8719514288195 E27 A67 13W 1521lm 2200-6500K stm\u00edvateln\u00e1 - PHILIPS (929002471901) -<\/title>\n<meta name=\"robots\" content=\"index, follow, max-snippet:-1, max-image-preview:large, max-video-preview:-1\" \/>\n<link rel=\"canonical\" href=\"https:\/\/www.domkraftpro.com\/index.php\/produkt\/znackovy-hue-bluetooth-led-white-ambiance-zarovka-philips-8719514288195-e27-a67-13w-1521lm-2200-6500k-stmivatelna-philips-929002471901-72752\/\" \/>\n<meta property=\"og:locale\" content=\"cs_CZ\" \/>\n<meta property=\"og:type\" content=\"article\" \/>\n<meta property=\"og:title\" content=\"Zna\u010dkov\u00fd Hue Bluetooth LED White Ambiance \u017e\u00e1rovka Philips 8719514288195 E27 A67 13W 1521lm 2200-6500K stm\u00edvateln\u00e1 - PHILIPS (929002471901) -\" \/>\n<meta property=\"og:description\" content=\"Popis produktu Sada s 1 ks chytr\u00e9 LED \u017e\u00e1rovky Philips Hue White Ambiance s patic\u00ed E27 a tvarem ba\u0148ky A67 je ide\u00e1ln\u00ed volbou pro Va\u0161e st\u00e1vaj\u00edc\u00ed sv\u00edtidla, kter\u00e1 m\u00e1te doma. \u017d\u00e1rovka vyza\u0159uje p\u0159\u00edjemn\u00e9 neosl\u0148uj\u00edc\u00ed sv\u011btlo s nastavitelnou teplotou chromati\u010dnosti od 2200K (tepl\u00e1 \u017elut\u00e1 barva) do 6500K (studen\u00e1 namodral\u00e1 barva), jej\u00ed\u017e intenzitu lze plynule stm\u00edvat, a [&hellip;]\" \/>\n<meta property=\"og:url\" content=\"https:\/\/www.domkraftpro.com\/index.php\/produkt\/znackovy-hue-bluetooth-led-white-ambiance-zarovka-philips-8719514288195-e27-a67-13w-1521lm-2200-6500k-stmivatelna-philips-929002471901-72752\/\" \/>\n<meta property=\"og:image\" content=\"https:\/\/www.domkraftpro.com\/wp-content\/uploads\/2026\/SK0056786-CZ20260425-091535-0-1777079744-PH-8719514288195.webp\" \/>\n\t<meta property=\"og:image:width\" content=\"480\" \/>\n\t<meta property=\"og:image:height\" content=\"480\" \/>\n\t<meta property=\"og:image:type\" content=\"image\/webp\" \/>\n<meta name=\"twitter:card\" content=\"summary_large_image\" \/>\n<meta name=\"twitter:label1\" content=\"Odhadovan\u00e1 doba \u010dten\u00ed\" \/>\n\t<meta name=\"twitter:data1\" content=\"4 minuty\" \/>\n<script type=\"application\/ld+json\" class=\"yoast-schema-graph\">{\"@context\":\"https:\/\/schema.org\",\"@graph\":[{\"@type\":\"WebPage\",\"@id\":\"https:\/\/www.domkraftpro.com\/index.php\/produkt\/znackovy-hue-bluetooth-led-white-ambiance-zarovka-philips-8719514288195-e27-a67-13w-1521lm-2200-6500k-stmivatelna-philips-929002471901-72752\/\",\"url\":\"https:\/\/www.domkraftpro.com\/index.php\/produkt\/znackovy-hue-bluetooth-led-white-ambiance-zarovka-philips-8719514288195-e27-a67-13w-1521lm-2200-6500k-stmivatelna-philips-929002471901-72752\/\",\"name\":\"Zna\u010dkov\u00fd Hue Bluetooth LED White Ambiance \u017e\u00e1rovka Philips 8719514288195 E27 A67 13W 1521lm 2200-6500K stm\u00edvateln\u00e1 - PHILIPS (929002471901) -\",\"isPartOf\":{\"@id\":\"https:\/\/www.domkraftpro.com\/#website\"},\"primaryImageOfPage\":{\"@id\":\"https:\/\/www.domkraftpro.com\/index.php\/produkt\/znackovy-hue-bluetooth-led-white-ambiance-zarovka-philips-8719514288195-e27-a67-13w-1521lm-2200-6500k-stmivatelna-philips-929002471901-72752\/#primaryimage\"},\"image\":{\"@id\":\"https:\/\/www.domkraftpro.com\/index.php\/produkt\/znackovy-hue-bluetooth-led-white-ambiance-zarovka-philips-8719514288195-e27-a67-13w-1521lm-2200-6500k-stmivatelna-philips-929002471901-72752\/#primaryimage\"},\"thumbnailUrl\":\"https:\/\/www.domkraftpro.com\/wp-content\/uploads\/2026\/SK0056786-CZ20260425-091535-0-1777079744-PH-8719514288195.webp\",\"datePublished\":\"2026-04-27T04:43:44+00:00\",\"breadcrumb\":{\"@id\":\"https:\/\/www.domkraftpro.com\/index.php\/produkt\/znackovy-hue-bluetooth-led-white-ambiance-zarovka-philips-8719514288195-e27-a67-13w-1521lm-2200-6500k-stmivatelna-philips-929002471901-72752\/#breadcrumb\"},\"inLanguage\":\"cs\",\"potentialAction\":[{\"@type\":\"ReadAction\",\"target\":[\"https:\/\/www.domkraftpro.com\/index.php\/produkt\/znackovy-hue-bluetooth-led-white-ambiance-zarovka-philips-8719514288195-e27-a67-13w-1521lm-2200-6500k-stmivatelna-philips-929002471901-72752\/\"]}]},{\"@type\":\"ImageObject\",\"inLanguage\":\"cs\",\"@id\":\"https:\/\/www.domkraftpro.com\/index.php\/produkt\/znackovy-hue-bluetooth-led-white-ambiance-zarovka-philips-8719514288195-e27-a67-13w-1521lm-2200-6500k-stmivatelna-philips-929002471901-72752\/#primaryimage\",\"url\":\"https:\/\/www.domkraftpro.com\/wp-content\/uploads\/2026\/SK0056786-CZ20260425-091535-0-1777079744-PH-8719514288195.webp\",\"contentUrl\":\"https:\/\/www.domkraftpro.com\/wp-content\/uploads\/2026\/SK0056786-CZ20260425-091535-0-1777079744-PH-8719514288195.webp\",\"width\":480,\"height\":480},{\"@type\":\"BreadcrumbList\",\"@id\":\"https:\/\/www.domkraftpro.com\/index.php\/produkt\/znackovy-hue-bluetooth-led-white-ambiance-zarovka-philips-8719514288195-e27-a67-13w-1521lm-2200-6500k-stmivatelna-philips-929002471901-72752\/#breadcrumb\",\"itemListElement\":[{\"@type\":\"ListItem\",\"position\":1,\"name\":\"Home\",\"item\":\"https:\/\/www.domkraftpro.com\/\"},{\"@type\":\"ListItem\",\"position\":2,\"name\":\"Products\",\"item\":\"https:\/\/www.domkraftpro.com\/index.php\/products\/\"},{\"@type\":\"ListItem\",\"position\":3,\"name\":\"Zna\u010dkov\u00fd Hue Bluetooth LED White Ambiance \u017e\u00e1rovka Philips 8719514288195 E27 A67 13W 1521lm 2200-6500K stm\u00edvateln\u00e1 &#8211; PHILIPS (929002471901)\"}]},{\"@type\":\"WebSite\",\"@id\":\"https:\/\/www.domkraftpro.com\/#website\",\"url\":\"https:\/\/www.domkraftpro.com\/\",\"name\":\"\",\"description\":\"\",\"potentialAction\":[{\"@type\":\"SearchAction\",\"target\":{\"@type\":\"EntryPoint\",\"urlTemplate\":\"https:\/\/www.domkraftpro.com\/?s={search_term_string}\"},\"query-input\":{\"@type\":\"PropertyValueSpecification\",\"valueRequired\":true,\"valueName\":\"search_term_string\"}}],\"inLanguage\":\"cs\"}]}<\/script>\n<!-- \/ Yoast SEO plugin. -->","yoast_head_json":{"title":"Zna\u010dkov\u00fd Hue Bluetooth LED White Ambiance \u017e\u00e1rovka Philips 8719514288195 E27 A67 13W 1521lm 2200-6500K stm\u00edvateln\u00e1 - PHILIPS (929002471901) -","robots":{"index":"index","follow":"follow","max-snippet":"max-snippet:-1","max-image-preview":"max-image-preview:large","max-video-preview":"max-video-preview:-1"},"canonical":"https:\/\/www.domkraftpro.com\/index.php\/produkt\/znackovy-hue-bluetooth-led-white-ambiance-zarovka-philips-8719514288195-e27-a67-13w-1521lm-2200-6500k-stmivatelna-philips-929002471901-72752\/","og_locale":"cs_CZ","og_type":"article","og_title":"Zna\u010dkov\u00fd Hue Bluetooth LED White Ambiance \u017e\u00e1rovka Philips 8719514288195 E27 A67 13W 1521lm 2200-6500K stm\u00edvateln\u00e1 - PHILIPS (929002471901) -","og_description":"Popis produktu Sada s 1 ks chytr\u00e9 LED \u017e\u00e1rovky Philips Hue White Ambiance s patic\u00ed E27 a tvarem ba\u0148ky A67 je ide\u00e1ln\u00ed volbou pro Va\u0161e st\u00e1vaj\u00edc\u00ed sv\u00edtidla, kter\u00e1 m\u00e1te doma. \u017d\u00e1rovka vyza\u0159uje p\u0159\u00edjemn\u00e9 neosl\u0148uj\u00edc\u00ed sv\u011btlo s nastavitelnou teplotou chromati\u010dnosti od 2200K (tepl\u00e1 \u017elut\u00e1 barva) do 6500K (studen\u00e1 namodral\u00e1 barva), jej\u00ed\u017e intenzitu lze plynule stm\u00edvat, a [&hellip;]","og_url":"https:\/\/www.domkraftpro.com\/index.php\/produkt\/znackovy-hue-bluetooth-led-white-ambiance-zarovka-philips-8719514288195-e27-a67-13w-1521lm-2200-6500k-stmivatelna-philips-929002471901-72752\/","og_image":[{"width":480,"height":480,"url":"https:\/\/www.domkraftpro.com\/wp-content\/uploads\/2026\/SK0056786-CZ20260425-091535-0-1777079744-PH-8719514288195.webp","type":"image\/webp"}],"twitter_card":"summary_large_image","twitter_misc":{"Odhadovan\u00e1 doba \u010dten\u00ed":"4 minuty"},"schema":{"@context":"https:\/\/schema.org","@graph":[{"@type":"WebPage","@id":"https:\/\/www.domkraftpro.com\/index.php\/produkt\/znackovy-hue-bluetooth-led-white-ambiance-zarovka-philips-8719514288195-e27-a67-13w-1521lm-2200-6500k-stmivatelna-philips-929002471901-72752\/","url":"https:\/\/www.domkraftpro.com\/index.php\/produkt\/znackovy-hue-bluetooth-led-white-ambiance-zarovka-philips-8719514288195-e27-a67-13w-1521lm-2200-6500k-stmivatelna-philips-929002471901-72752\/","name":"Zna\u010dkov\u00fd Hue Bluetooth LED White Ambiance \u017e\u00e1rovka Philips 8719514288195 E27 A67 13W 1521lm 2200-6500K stm\u00edvateln\u00e1 - PHILIPS (929002471901) -","isPartOf":{"@id":"https:\/\/www.domkraftpro.com\/#website"},"primaryImageOfPage":{"@id":"https:\/\/www.domkraftpro.com\/index.php\/produkt\/znackovy-hue-bluetooth-led-white-ambiance-zarovka-philips-8719514288195-e27-a67-13w-1521lm-2200-6500k-stmivatelna-philips-929002471901-72752\/#primaryimage"},"image":{"@id":"https:\/\/www.domkraftpro.com\/index.php\/produkt\/znackovy-hue-bluetooth-led-white-ambiance-zarovka-philips-8719514288195-e27-a67-13w-1521lm-2200-6500k-stmivatelna-philips-929002471901-72752\/#primaryimage"},"thumbnailUrl":"https:\/\/www.domkraftpro.com\/wp-content\/uploads\/2026\/SK0056786-CZ20260425-091535-0-1777079744-PH-8719514288195.webp","datePublished":"2026-04-27T04:43:44+00:00","breadcrumb":{"@id":"https:\/\/www.domkraftpro.com\/index.php\/produkt\/znackovy-hue-bluetooth-led-white-ambiance-zarovka-philips-8719514288195-e27-a67-13w-1521lm-2200-6500k-stmivatelna-philips-929002471901-72752\/#breadcrumb"},"inLanguage":"cs","potentialAction":[{"@type":"ReadAction","target":["https:\/\/www.domkraftpro.com\/index.php\/produkt\/znackovy-hue-bluetooth-led-white-ambiance-zarovka-philips-8719514288195-e27-a67-13w-1521lm-2200-6500k-stmivatelna-philips-929002471901-72752\/"]}]},{"@type":"ImageObject","inLanguage":"cs","@id":"https:\/\/www.domkraftpro.com\/index.php\/produkt\/znackovy-hue-bluetooth-led-white-ambiance-zarovka-philips-8719514288195-e27-a67-13w-1521lm-2200-6500k-stmivatelna-philips-929002471901-72752\/#primaryimage","url":"https:\/\/www.domkraftpro.com\/wp-content\/uploads\/2026\/SK0056786-CZ20260425-091535-0-1777079744-PH-8719514288195.webp","contentUrl":"https:\/\/www.domkraftpro.com\/wp-content\/uploads\/2026\/SK0056786-CZ20260425-091535-0-1777079744-PH-8719514288195.webp","width":480,"height":480},{"@type":"BreadcrumbList","@id":"https:\/\/www.domkraftpro.com\/index.php\/produkt\/znackovy-hue-bluetooth-led-white-ambiance-zarovka-philips-8719514288195-e27-a67-13w-1521lm-2200-6500k-stmivatelna-philips-929002471901-72752\/#breadcrumb","itemListElement":[{"@type":"ListItem","position":1,"name":"Home","item":"https:\/\/www.domkraftpro.com\/"},{"@type":"ListItem","position":2,"name":"Products","item":"https:\/\/www.domkraftpro.com\/index.php\/products\/"},{"@type":"ListItem","position":3,"name":"Zna\u010dkov\u00fd Hue Bluetooth LED White Ambiance \u017e\u00e1rovka Philips 8719514288195 E27 A67 13W 1521lm 2200-6500K stm\u00edvateln\u00e1 &#8211; PHILIPS (929002471901)"}]},{"@type":"WebSite","@id":"https:\/\/www.domkraftpro.com\/#website","url":"https:\/\/www.domkraftpro.com\/","name":"","description":"","potentialAction":[{"@type":"SearchAction","target":{"@type":"EntryPoint","urlTemplate":"https:\/\/www.domkraftpro.com\/?s={search_term_string}"},"query-input":{"@type":"PropertyValueSpecification","valueRequired":true,"valueName":"search_term_string"}}],"inLanguage":"cs"}]}},"_links":{"self":[{"href":"https:\/\/www.domkraftpro.com\/index.php\/wp-json\/wp\/v2\/product\/72752","targetHints":{"allow":["GET"]}}],"collection":[{"href":"https:\/\/www.domkraftpro.com\/index.php\/wp-json\/wp\/v2\/product"}],"about":[{"href":"https:\/\/www.domkraftpro.com\/index.php\/wp-json\/wp\/v2\/types\/product"}],"replies":[{"embeddable":true,"href":"https:\/\/www.domkraftpro.com\/index.php\/wp-json\/wp\/v2\/comments?post=72752"}],"wp:featuredmedia":[{"embeddable":true,"href":"https:\/\/www.domkraftpro.com\/index.php\/wp-json\/wp\/v2\/media\/72852"}],"wp:attachment":[{"href":"https:\/\/www.domkraftpro.com\/index.php\/wp-json\/wp\/v2\/media?parent=72752"}],"wp:term":[{"taxonomy":"product_brand","embeddable":true,"href":"https:\/\/www.domkraftpro.com\/index.php\/wp-json\/wp\/v2\/product_brand?post=72752"},{"taxonomy":"product_cat","embeddable":true,"href":"https:\/\/www.domkraftpro.com\/index.php\/wp-json\/wp\/v2\/product_cat?post=72752"},{"taxonomy":"product_tag","embeddable":true,"href":"https:\/\/www.domkraftpro.com\/index.php\/wp-json\/wp\/v2\/product_tag?post=72752"}],"curies":[{"name":"wp","href":"https:\/\/api.w.org\/{rel}","templated":true}]}}