{"id":72354,"date":"2026-04-27T04:43:43","date_gmt":"2026-04-27T04:43:43","guid":{"rendered":""},"modified":"2026-04-27T04:43:43","modified_gmt":"2026-04-27T04:43:43","slug":"znackovy-ukoncena-vyroba-haraz-svitidlo-stropni-led-30w-2800lm-2700-6500k-bila-trpyt-dalk-ovl-45-5cm-philips-915005676301-72354","status":"publish","type":"product","link":"https:\/\/www.domkraftpro.com\/index.php\/produkt\/znackovy-ukoncena-vyroba-haraz-svitidlo-stropni-led-30w-2800lm-2700-6500k-bila-trpyt-dalk-ovl-45-5cm-philips-915005676301-72354\/","title":{"rendered":"Zna\u010dkov\u00fd UKON\u010cENA V\u00ddROBA Haraz SV\u00cdTIDLO STROPN\u00cd LED 30W 2800lm 2700-6500K, b\u00edl\u00e1 t\u0159pyt + d\u00e1lk.ovl. 45,5cm &#8211; PHILIPS (915005676301)"},"content":{"rendered":"<h3 class=\"product-h3\">Popis produktu<\/h3>\n<p>Jedine\u010dn\u00e9 stropn\u00ed LED sv\u00edtidlo Haraz v men\u0161\u00ed b\u00edl\u00e9 variant\u011b \u00d8 45,5 cm z kolekce interi\u00e9rov\u00e9ho osv\u011btlen\u00ed Philips je dod\u00e1v\u00e1no v\u010detn\u011b d\u00e1lkov\u00e9ho ovl\u00e1d\u00e1n\u00ed, pomoc\u00ed kter\u00e9ho snadno nastavujete teplotu i intenzitu sv\u011btla podle pot\u0159eby. Integrovan\u00fd \u00fasporn\u00fd LED zdroj SceneSwitch o celkov\u00e9m p\u0159\u00edkonu 1 x 30 W se stm\u00edv\u00e1n\u00edm v kroc\u00edch se 6 sv\u011bteln\u00fdmi sch\u00e9maty nebo jemn\u00fdm postupn\u00fdm stm\u00edv\u00e1n\u00edm v rozsahu 2700K &#8211; 6500K od p\u0159\u00edjemn\u00e9 tepl\u00e9 b\u00edl\u00e9 p\u0159es jasnou denn\u00ed a\u017e po chladnou b\u00edlou barvu si p\u0159izp\u016fsobujete p\u0159esn\u011b podle va\u0161ich pot\u0159eb a n\u00e1lady. \u017divotnost sv\u00edtidla je a\u017e 15.000 h p\u0159i a\u017e 50.000 sepnut\u00edch. Pro v\u00fdrobu byl pou\u017eit kov a odoln\u00e9 pr\u00e9miov\u00e9 syntetick\u00e9 materi\u00e1ly v b\u00edl\u00e9 barv\u011b. Nav\u00edc je st\u00ednidlo dopln\u011bno o jemn\u00e9 dekorativn\u00ed t\u0159pyt\u00edc\u00ed se prvky.<\/p>\n<\/p><\/div>\n<div class=\"product-left-popis-vyrobce\">\n<div class='col-xs-12'>\n<h1><strong>PHILIPS &ndash; chytr&eacute; osv\u011btlen&iacute; pro ka\u017ed&yacute; kousek prostoru<\/strong><\/h1>\n<p>Pocit skute\u010dn&eacute;ho domova p\u0159ich&aacute;z&iacute; nejen se za\u0159&iacute;zen&iacute;m a dopl\u0148ky, kter&eacute; si vyberete na m&iacute;ru. Velmi d\u016fle\u017eit&yacute;m prvkem v interi&eacute;ru je sv\u011btlo. To hraje d\u016fle\u017eitou roli p\u0159i vyu\u017eit&iacute; prostoru, ale tak&eacute; vytvo\u0159en&iacute; pocitu, atmosf&eacute;ry. Z&aacute;le\u017e&iacute; na intenzit\u011b, rozprost\u0159en&iacute; i barv\u011b sv\u011btla. To v&scaron;e ovliv\u0148uj&iacute; nejen sv&iacute;tidla, ale samoz\u0159ejm\u011b tak&eacute; sv\u011bteln&eacute; zdroje. Lidsk&eacute;mu oku je nejp\u0159&iacute;jemn\u011bj&scaron;&iacute; LED sv\u011btlo, kter&eacute; vyd&aacute;vaj&iacute; &uacute;sporn&eacute; <strong>LED \u017e&aacute;rovky \u010di p&aacute;sky<\/strong>. Tyto sv\u011bteln&eacute; zdroje maj&iacute; \u0159adu v&yacute;hod, zejm&eacute;na vysokou &uacute;sporu energie, v&yacute;raznou sv&iacute;tivost a z&aacute;rove\u0148 jsou zna\u010dn\u011b ekologick&eacute; a nezat\u011b\u017euj&iacute; \u017eivotn&iacute; prost\u0159ed&iacute; d&iacute;ky dlouh&eacute; \u017eivotnosti. Firma <strong>Philips<\/strong> je <strong>inovativn&iacute; v&yacute;robce sv&iacute;tidel a sv\u011bteln&yacute;ch zdroj\u016f<\/strong>, kter&yacute; se zam\u011b\u0159uje pr&aacute;v\u011b na modern&iacute; a vyhled&aacute;van&eacute; LED sv\u011bteln&eacute; zdroje a LED sv&iacute;tidla obecn\u011b. D&iacute;ky variabilit\u011b LED sv\u011bteln&yacute;ch zdroj\u016f lze navrhnout prakticky jak&yacute;koli tvar sv&iacute;tidla a osadit jej LED sv\u011bteln&yacute;mi zdroji tak, aby esteticky neru&scaron;ily a z&aacute;rove\u0148 byly maxim&aacute;ln\u011b funk\u010dn&iacute;.&nbsp;<\/p>\n<p>Od firmy Philips m\u016f\u017eete <strong>do interi&eacute;ru<\/strong> vyb&iacute;rat stoln&iacute; i stojac&iacute; lampy, n&aacute;st\u011bnn&aacute; i d\u011btsk&aacute; sv&iacute;tidla, lustry, vestavn&aacute; stropn&iacute; sv&iacute;tidla, bodov&eacute; osv\u011btlen&iacute; i speci&aacute;ln&iacute; osv\u011btlen&iacute; do kuchyn&iacute; a koupelen. <strong>K&nbsp;venkovn&iacute;mu vyu\u017eit&iacute;<\/strong> jsou ur\u010dena n&aacute;st\u011bnn&aacute; a stropn&iacute; sv&iacute;tidla \u010di sloupkov&eacute; a stojac&iacute; lampy. Philips vyr&aacute;b&iacute; tak&eacute; <strong>\u0159adu sv\u011bteln&yacute;ch zdroj\u016f<\/strong> s r\u016fzn&yacute;mi v&yacute;kony, barevnou teplotou a paticemi. D&iacute;ky maxim&aacute;ln\u011b inovativn&iacute;mu p\u0159&iacute;stupu nab&iacute;z&iacute; firma Philips modern&iacute; sv&iacute;tidla s nad\u010dasov&yacute;m designem, kter&aacute; vypln&iacute; z&aacute;\u0159iv&yacute;m sv\u011btlem ka\u017ed&yacute; kousek prostoru kolem v&aacute;s.<\/p>\n<\/p><\/div>\n<\/p><\/div>\n<\/p><\/div>\n<p><\/p>\n<div class=\"top-params\">\n<h3 class=\"product-h3 collapse-header \" data-toggle=\"collapse\" data-target=\"#collapseOne\" aria-expanded=\"true\" aria-controls=\"collapseOne\">Parametry<\/h3>\n<div id=\"collapseOne\" class=\"collapse show\" aria-labelledby=\"headingOne\" data-parent=\"#product-info-accordion1\">\n<table class=\"table-striped\">\n<tr>\n<td>                V\u00fd\u0161ka v mm            <\/td>\n<td>                57            <\/td>\n<\/tr>\n<tr>\n<td>                D\u00e1lkov\u00e9 ovl\u00e1d\u00e1n\u00ed            <\/td>\n<td>                ano            <\/td>\n<\/tr>\n<tr>\n<td>                T\u0159\u00edda ochrany            <\/td>\n<td>                II            <\/td>\n<\/tr>\n<tr>\n<td>                Stm\u00edvateln\u00e9            <\/td>\n<td>                ano            <\/td>\n<\/tr>\n<tr>\n<td>                \u017divotnost            <\/td>\n<td>                15000 hodin            <\/td>\n<\/tr>\n<tr>\n<td>                Hmotnost g            <\/td>\n<td>                1150            <\/td>\n<\/tr>\n<tr>\n<td>                \u0160\u00ed\u0159ka v mm            <\/td>\n<td>                455            <\/td>\n<\/tr>\n<tr>\n<td>                D\u00e9lka v mm            <\/td>\n<td>                455            <\/td>\n<\/tr>\n<tr>\n<td>                Ochrana IP            <\/td>\n<td>                IP20            <\/td>\n<\/tr>\n<tr>\n<td>                Sv\u011bteln\u00fd tok            <\/td>\n<td>                2800lm            <\/td>\n<\/tr>\n<tr>\n<td>                Teplota barvy sv\u011btla            <\/td>\n<td>                2700K-6500K            <\/td>\n<\/tr>\n<tr>\n<td>                Max. p\u0159\u00edkon sv\u011bteln\u00e9ho zdroje            <\/td>\n<td>                30W            <\/td>\n<\/tr>\n<tr>\n<td>                V\u00fdkon            <\/td>\n<td>                30W            <\/td>\n<\/tr>\n<tr>\n<td>                Nap\u00e1jec\u00ed nap\u011bt\u00ed            <\/td>\n<td>                220-240 V            <\/td>\n<\/tr>\n<tr>\n<td>                Patice            <\/td>\n<td>                LED            <\/td>\n<\/tr>\n<tr>\n<td>                V\u010detn\u011b sv\u011bteln\u00e9ho zdroje            <\/td>\n<td>                ano            <\/td>\n<\/tr>\n<tr>\n<td>                Materi\u00e1l            <\/td>\n<td>                kov            <\/td>\n<\/tr>\n<tr>\n<td>                Barva            <\/td>\n<td>                b\u00edl\u00e1            <\/td>\n<\/tr>\n<tr>\n<td>                Kolekce            <\/td>\n<td>                Philips            <\/td>\n<\/tr>\n<tr>\n<td>                Po\u010det sv\u011bteln\u00fdch zdroj\u016f            <\/td>\n<td>                1            <\/td>\n<\/tr>\n<tr>\n<td>                V\u00fdrobce            <\/td>\n<td>                PHILIPS            <\/td>\n<\/tr>\n<\/table>\n<\/div><\/div>\n<\/div>\n<div class=\"accordion\" id=\"product-info-accordion2\">\n","protected":false},"excerpt":{"rendered":"<p>Popis produktu Jedine\u010dn\u00e9 stropn\u00ed LED sv\u00edtidlo Haraz v men\u0161\u00ed b\u00edl\u00e9 variant\u011b \u00d8 45,5 cm z kolekce interi\u00e9rov\u00e9ho osv\u011btlen\u00ed Philips je dod\u00e1v\u00e1no v\u010detn\u011b d\u00e1lkov\u00e9ho ovl\u00e1d\u00e1n\u00ed, pomoc\u00ed kter\u00e9ho snadno nastavujete teplotu i intenzitu sv\u011btla podle pot\u0159eby. Integrovan\u00fd \u00fasporn\u00fd LED zdroj SceneSwitch o celkov\u00e9m p\u0159\u00edkonu 1 x 30 W se stm\u00edv\u00e1n\u00edm v kroc\u00edch se 6 sv\u011bteln\u00fdmi sch\u00e9maty nebo [&hellip;]<\/p>\n","protected":false},"featured_media":72454,"comment_status":"open","ping_status":"open","template":"","meta":[],"product_brand":[],"product_cat":[31],"product_tag":[],"class_list":{"0":"post-72354","1":"product","2":"type-product","3":"status-publish","4":"has-post-thumbnail","6":"product_cat-interierova-svitidla","8":"first","9":"instock","10":"sale","11":"shipping-taxable","12":"purchasable","13":"product-type-simple"},"yoast_head":"<!-- This site is optimized with the Yoast SEO plugin v26.8 - https:\/\/yoast.com\/product\/yoast-seo-wordpress\/ -->\n<title>Zna\u010dkov\u00fd UKON\u010cENA V\u00ddROBA Haraz SV\u00cdTIDLO STROPN\u00cd LED 30W 2800lm 2700-6500K, b\u00edl\u00e1 t\u0159pyt + d\u00e1lk.ovl. 45,5cm - PHILIPS (915005676301) -<\/title>\n<meta name=\"robots\" content=\"index, follow, max-snippet:-1, max-image-preview:large, max-video-preview:-1\" \/>\n<link rel=\"canonical\" href=\"https:\/\/www.domkraftpro.com\/index.php\/produkt\/znackovy-ukoncena-vyroba-haraz-svitidlo-stropni-led-30w-2800lm-2700-6500k-bila-trpyt-dalk-ovl-45-5cm-philips-915005676301-72354\/\" \/>\n<meta property=\"og:locale\" content=\"cs_CZ\" \/>\n<meta property=\"og:type\" content=\"article\" \/>\n<meta property=\"og:title\" content=\"Zna\u010dkov\u00fd UKON\u010cENA V\u00ddROBA Haraz SV\u00cdTIDLO STROPN\u00cd LED 30W 2800lm 2700-6500K, b\u00edl\u00e1 t\u0159pyt + d\u00e1lk.ovl. 45,5cm - PHILIPS (915005676301) -\" \/>\n<meta property=\"og:description\" content=\"Popis produktu Jedine\u010dn\u00e9 stropn\u00ed LED sv\u00edtidlo Haraz v men\u0161\u00ed b\u00edl\u00e9 variant\u011b \u00d8 45,5 cm z kolekce interi\u00e9rov\u00e9ho osv\u011btlen\u00ed Philips je dod\u00e1v\u00e1no v\u010detn\u011b d\u00e1lkov\u00e9ho ovl\u00e1d\u00e1n\u00ed, pomoc\u00ed kter\u00e9ho snadno nastavujete teplotu i intenzitu sv\u011btla podle pot\u0159eby. Integrovan\u00fd \u00fasporn\u00fd LED zdroj SceneSwitch o celkov\u00e9m p\u0159\u00edkonu 1 x 30 W se stm\u00edv\u00e1n\u00edm v kroc\u00edch se 6 sv\u011bteln\u00fdmi sch\u00e9maty nebo [&hellip;]\" \/>\n<meta property=\"og:url\" content=\"https:\/\/www.domkraftpro.com\/index.php\/produkt\/znackovy-ukoncena-vyroba-haraz-svitidlo-stropni-led-30w-2800lm-2700-6500k-bila-trpyt-dalk-ovl-45-5cm-philips-915005676301-72354\/\" \/>\n<meta property=\"og:image\" content=\"https:\/\/www.domkraftpro.com\/wp-content\/uploads\/2026\/SK0056587-CZ20260425-091535-0-1777079744-PH-61083-31-P5.webp\" \/>\n\t<meta property=\"og:image:width\" content=\"640\" \/>\n\t<meta property=\"og:image:height\" content=\"438\" \/>\n\t<meta property=\"og:image:type\" content=\"image\/webp\" \/>\n<meta name=\"twitter:card\" content=\"summary_large_image\" \/>\n<meta name=\"twitter:label1\" content=\"Odhadovan\u00e1 doba \u010dten\u00ed\" \/>\n\t<meta name=\"twitter:data1\" content=\"3 minuty\" \/>\n<script type=\"application\/ld+json\" class=\"yoast-schema-graph\">{\"@context\":\"https:\/\/schema.org\",\"@graph\":[{\"@type\":\"WebPage\",\"@id\":\"https:\/\/www.domkraftpro.com\/index.php\/produkt\/znackovy-ukoncena-vyroba-haraz-svitidlo-stropni-led-30w-2800lm-2700-6500k-bila-trpyt-dalk-ovl-45-5cm-philips-915005676301-72354\/\",\"url\":\"https:\/\/www.domkraftpro.com\/index.php\/produkt\/znackovy-ukoncena-vyroba-haraz-svitidlo-stropni-led-30w-2800lm-2700-6500k-bila-trpyt-dalk-ovl-45-5cm-philips-915005676301-72354\/\",\"name\":\"Zna\u010dkov\u00fd UKON\u010cENA V\u00ddROBA Haraz SV\u00cdTIDLO STROPN\u00cd LED 30W 2800lm 2700-6500K, b\u00edl\u00e1 t\u0159pyt + d\u00e1lk.ovl. 45,5cm - PHILIPS (915005676301) -\",\"isPartOf\":{\"@id\":\"https:\/\/www.domkraftpro.com\/#website\"},\"primaryImageOfPage\":{\"@id\":\"https:\/\/www.domkraftpro.com\/index.php\/produkt\/znackovy-ukoncena-vyroba-haraz-svitidlo-stropni-led-30w-2800lm-2700-6500k-bila-trpyt-dalk-ovl-45-5cm-philips-915005676301-72354\/#primaryimage\"},\"image\":{\"@id\":\"https:\/\/www.domkraftpro.com\/index.php\/produkt\/znackovy-ukoncena-vyroba-haraz-svitidlo-stropni-led-30w-2800lm-2700-6500k-bila-trpyt-dalk-ovl-45-5cm-philips-915005676301-72354\/#primaryimage\"},\"thumbnailUrl\":\"https:\/\/www.domkraftpro.com\/wp-content\/uploads\/2026\/SK0056587-CZ20260425-091535-0-1777079744-PH-61083-31-P5.webp\",\"datePublished\":\"2026-04-27T04:43:43+00:00\",\"breadcrumb\":{\"@id\":\"https:\/\/www.domkraftpro.com\/index.php\/produkt\/znackovy-ukoncena-vyroba-haraz-svitidlo-stropni-led-30w-2800lm-2700-6500k-bila-trpyt-dalk-ovl-45-5cm-philips-915005676301-72354\/#breadcrumb\"},\"inLanguage\":\"cs\",\"potentialAction\":[{\"@type\":\"ReadAction\",\"target\":[\"https:\/\/www.domkraftpro.com\/index.php\/produkt\/znackovy-ukoncena-vyroba-haraz-svitidlo-stropni-led-30w-2800lm-2700-6500k-bila-trpyt-dalk-ovl-45-5cm-philips-915005676301-72354\/\"]}]},{\"@type\":\"ImageObject\",\"inLanguage\":\"cs\",\"@id\":\"https:\/\/www.domkraftpro.com\/index.php\/produkt\/znackovy-ukoncena-vyroba-haraz-svitidlo-stropni-led-30w-2800lm-2700-6500k-bila-trpyt-dalk-ovl-45-5cm-philips-915005676301-72354\/#primaryimage\",\"url\":\"https:\/\/www.domkraftpro.com\/wp-content\/uploads\/2026\/SK0056587-CZ20260425-091535-0-1777079744-PH-61083-31-P5.webp\",\"contentUrl\":\"https:\/\/www.domkraftpro.com\/wp-content\/uploads\/2026\/SK0056587-CZ20260425-091535-0-1777079744-PH-61083-31-P5.webp\",\"width\":640,\"height\":438},{\"@type\":\"BreadcrumbList\",\"@id\":\"https:\/\/www.domkraftpro.com\/index.php\/produkt\/znackovy-ukoncena-vyroba-haraz-svitidlo-stropni-led-30w-2800lm-2700-6500k-bila-trpyt-dalk-ovl-45-5cm-philips-915005676301-72354\/#breadcrumb\",\"itemListElement\":[{\"@type\":\"ListItem\",\"position\":1,\"name\":\"Home\",\"item\":\"https:\/\/www.domkraftpro.com\/\"},{\"@type\":\"ListItem\",\"position\":2,\"name\":\"Products\",\"item\":\"https:\/\/www.domkraftpro.com\/index.php\/products\/\"},{\"@type\":\"ListItem\",\"position\":3,\"name\":\"Zna\u010dkov\u00fd UKON\u010cENA V\u00ddROBA Haraz SV\u00cdTIDLO STROPN\u00cd LED 30W 2800lm 2700-6500K, b\u00edl\u00e1 t\u0159pyt + d\u00e1lk.ovl. 45,5cm &#8211; PHILIPS (915005676301)\"}]},{\"@type\":\"WebSite\",\"@id\":\"https:\/\/www.domkraftpro.com\/#website\",\"url\":\"https:\/\/www.domkraftpro.com\/\",\"name\":\"\",\"description\":\"\",\"potentialAction\":[{\"@type\":\"SearchAction\",\"target\":{\"@type\":\"EntryPoint\",\"urlTemplate\":\"https:\/\/www.domkraftpro.com\/?s={search_term_string}\"},\"query-input\":{\"@type\":\"PropertyValueSpecification\",\"valueRequired\":true,\"valueName\":\"search_term_string\"}}],\"inLanguage\":\"cs\"}]}<\/script>\n<!-- \/ Yoast SEO plugin. -->","yoast_head_json":{"title":"Zna\u010dkov\u00fd UKON\u010cENA V\u00ddROBA Haraz SV\u00cdTIDLO STROPN\u00cd LED 30W 2800lm 2700-6500K, b\u00edl\u00e1 t\u0159pyt + d\u00e1lk.ovl. 45,5cm - PHILIPS (915005676301) -","robots":{"index":"index","follow":"follow","max-snippet":"max-snippet:-1","max-image-preview":"max-image-preview:large","max-video-preview":"max-video-preview:-1"},"canonical":"https:\/\/www.domkraftpro.com\/index.php\/produkt\/znackovy-ukoncena-vyroba-haraz-svitidlo-stropni-led-30w-2800lm-2700-6500k-bila-trpyt-dalk-ovl-45-5cm-philips-915005676301-72354\/","og_locale":"cs_CZ","og_type":"article","og_title":"Zna\u010dkov\u00fd UKON\u010cENA V\u00ddROBA Haraz SV\u00cdTIDLO STROPN\u00cd LED 30W 2800lm 2700-6500K, b\u00edl\u00e1 t\u0159pyt + d\u00e1lk.ovl. 45,5cm - PHILIPS (915005676301) -","og_description":"Popis produktu Jedine\u010dn\u00e9 stropn\u00ed LED sv\u00edtidlo Haraz v men\u0161\u00ed b\u00edl\u00e9 variant\u011b \u00d8 45,5 cm z kolekce interi\u00e9rov\u00e9ho osv\u011btlen\u00ed Philips je dod\u00e1v\u00e1no v\u010detn\u011b d\u00e1lkov\u00e9ho ovl\u00e1d\u00e1n\u00ed, pomoc\u00ed kter\u00e9ho snadno nastavujete teplotu i intenzitu sv\u011btla podle pot\u0159eby. Integrovan\u00fd \u00fasporn\u00fd LED zdroj SceneSwitch o celkov\u00e9m p\u0159\u00edkonu 1 x 30 W se stm\u00edv\u00e1n\u00edm v kroc\u00edch se 6 sv\u011bteln\u00fdmi sch\u00e9maty nebo [&hellip;]","og_url":"https:\/\/www.domkraftpro.com\/index.php\/produkt\/znackovy-ukoncena-vyroba-haraz-svitidlo-stropni-led-30w-2800lm-2700-6500k-bila-trpyt-dalk-ovl-45-5cm-philips-915005676301-72354\/","og_image":[{"width":640,"height":438,"url":"https:\/\/www.domkraftpro.com\/wp-content\/uploads\/2026\/SK0056587-CZ20260425-091535-0-1777079744-PH-61083-31-P5.webp","type":"image\/webp"}],"twitter_card":"summary_large_image","twitter_misc":{"Odhadovan\u00e1 doba \u010dten\u00ed":"3 minuty"},"schema":{"@context":"https:\/\/schema.org","@graph":[{"@type":"WebPage","@id":"https:\/\/www.domkraftpro.com\/index.php\/produkt\/znackovy-ukoncena-vyroba-haraz-svitidlo-stropni-led-30w-2800lm-2700-6500k-bila-trpyt-dalk-ovl-45-5cm-philips-915005676301-72354\/","url":"https:\/\/www.domkraftpro.com\/index.php\/produkt\/znackovy-ukoncena-vyroba-haraz-svitidlo-stropni-led-30w-2800lm-2700-6500k-bila-trpyt-dalk-ovl-45-5cm-philips-915005676301-72354\/","name":"Zna\u010dkov\u00fd UKON\u010cENA V\u00ddROBA Haraz SV\u00cdTIDLO STROPN\u00cd LED 30W 2800lm 2700-6500K, b\u00edl\u00e1 t\u0159pyt + d\u00e1lk.ovl. 45,5cm - PHILIPS (915005676301) -","isPartOf":{"@id":"https:\/\/www.domkraftpro.com\/#website"},"primaryImageOfPage":{"@id":"https:\/\/www.domkraftpro.com\/index.php\/produkt\/znackovy-ukoncena-vyroba-haraz-svitidlo-stropni-led-30w-2800lm-2700-6500k-bila-trpyt-dalk-ovl-45-5cm-philips-915005676301-72354\/#primaryimage"},"image":{"@id":"https:\/\/www.domkraftpro.com\/index.php\/produkt\/znackovy-ukoncena-vyroba-haraz-svitidlo-stropni-led-30w-2800lm-2700-6500k-bila-trpyt-dalk-ovl-45-5cm-philips-915005676301-72354\/#primaryimage"},"thumbnailUrl":"https:\/\/www.domkraftpro.com\/wp-content\/uploads\/2026\/SK0056587-CZ20260425-091535-0-1777079744-PH-61083-31-P5.webp","datePublished":"2026-04-27T04:43:43+00:00","breadcrumb":{"@id":"https:\/\/www.domkraftpro.com\/index.php\/produkt\/znackovy-ukoncena-vyroba-haraz-svitidlo-stropni-led-30w-2800lm-2700-6500k-bila-trpyt-dalk-ovl-45-5cm-philips-915005676301-72354\/#breadcrumb"},"inLanguage":"cs","potentialAction":[{"@type":"ReadAction","target":["https:\/\/www.domkraftpro.com\/index.php\/produkt\/znackovy-ukoncena-vyroba-haraz-svitidlo-stropni-led-30w-2800lm-2700-6500k-bila-trpyt-dalk-ovl-45-5cm-philips-915005676301-72354\/"]}]},{"@type":"ImageObject","inLanguage":"cs","@id":"https:\/\/www.domkraftpro.com\/index.php\/produkt\/znackovy-ukoncena-vyroba-haraz-svitidlo-stropni-led-30w-2800lm-2700-6500k-bila-trpyt-dalk-ovl-45-5cm-philips-915005676301-72354\/#primaryimage","url":"https:\/\/www.domkraftpro.com\/wp-content\/uploads\/2026\/SK0056587-CZ20260425-091535-0-1777079744-PH-61083-31-P5.webp","contentUrl":"https:\/\/www.domkraftpro.com\/wp-content\/uploads\/2026\/SK0056587-CZ20260425-091535-0-1777079744-PH-61083-31-P5.webp","width":640,"height":438},{"@type":"BreadcrumbList","@id":"https:\/\/www.domkraftpro.com\/index.php\/produkt\/znackovy-ukoncena-vyroba-haraz-svitidlo-stropni-led-30w-2800lm-2700-6500k-bila-trpyt-dalk-ovl-45-5cm-philips-915005676301-72354\/#breadcrumb","itemListElement":[{"@type":"ListItem","position":1,"name":"Home","item":"https:\/\/www.domkraftpro.com\/"},{"@type":"ListItem","position":2,"name":"Products","item":"https:\/\/www.domkraftpro.com\/index.php\/products\/"},{"@type":"ListItem","position":3,"name":"Zna\u010dkov\u00fd UKON\u010cENA V\u00ddROBA Haraz SV\u00cdTIDLO STROPN\u00cd LED 30W 2800lm 2700-6500K, b\u00edl\u00e1 t\u0159pyt + d\u00e1lk.ovl. 45,5cm &#8211; PHILIPS (915005676301)"}]},{"@type":"WebSite","@id":"https:\/\/www.domkraftpro.com\/#website","url":"https:\/\/www.domkraftpro.com\/","name":"","description":"","potentialAction":[{"@type":"SearchAction","target":{"@type":"EntryPoint","urlTemplate":"https:\/\/www.domkraftpro.com\/?s={search_term_string}"},"query-input":{"@type":"PropertyValueSpecification","valueRequired":true,"valueName":"search_term_string"}}],"inLanguage":"cs"}]}},"_links":{"self":[{"href":"https:\/\/www.domkraftpro.com\/index.php\/wp-json\/wp\/v2\/product\/72354","targetHints":{"allow":["GET"]}}],"collection":[{"href":"https:\/\/www.domkraftpro.com\/index.php\/wp-json\/wp\/v2\/product"}],"about":[{"href":"https:\/\/www.domkraftpro.com\/index.php\/wp-json\/wp\/v2\/types\/product"}],"replies":[{"embeddable":true,"href":"https:\/\/www.domkraftpro.com\/index.php\/wp-json\/wp\/v2\/comments?post=72354"}],"wp:featuredmedia":[{"embeddable":true,"href":"https:\/\/www.domkraftpro.com\/index.php\/wp-json\/wp\/v2\/media\/72454"}],"wp:attachment":[{"href":"https:\/\/www.domkraftpro.com\/index.php\/wp-json\/wp\/v2\/media?parent=72354"}],"wp:term":[{"taxonomy":"product_brand","embeddable":true,"href":"https:\/\/www.domkraftpro.com\/index.php\/wp-json\/wp\/v2\/product_brand?post=72354"},{"taxonomy":"product_cat","embeddable":true,"href":"https:\/\/www.domkraftpro.com\/index.php\/wp-json\/wp\/v2\/product_cat?post=72354"},{"taxonomy":"product_tag","embeddable":true,"href":"https:\/\/www.domkraftpro.com\/index.php\/wp-json\/wp\/v2\/product_tag?post=72354"}],"curies":[{"name":"wp","href":"https:\/\/api.w.org\/{rel}","templated":true}]}}