{"id":7157,"date":"2026-04-27T04:40:38","date_gmt":"2026-04-27T04:40:38","guid":{"rendered":""},"modified":"2026-04-27T04:40:38","modified_gmt":"2026-04-27T04:40:38","slug":"akce-di-hladitko-nerez-480x130mm-profi-e6-drev-ruk-7157","status":"publish","type":"product","link":"https:\/\/www.domkraftpro.com\/index.php\/produkt\/akce-di-hladitko-nerez-480x130mm-profi-e6-drev-ruk-7157\/","title":{"rendered":"Akce DI hlad\u00edtko nerez 480x130mm Profi E6 d\u0159ev.ruk."},"content":{"rendered":"<p>DI hlad\u00edtko nerez 480x130mm Profi E6 d\u0159ev.ruk.<\/p>\n","protected":false},"excerpt":{"rendered":"<p>DI hlad\u00edtko nerez 480x130mm Profi E6 d\u0159ev.ruk.<\/p>\n","protected":false},"featured_media":7257,"comment_status":"open","ping_status":"open","template":"","meta":[],"product_brand":[],"product_cat":[52],"product_tag":[],"class_list":{"0":"post-7157","1":"product","2":"type-product","3":"status-publish","4":"has-post-thumbnail","6":"product_cat-naradi","8":"first","9":"instock","10":"sale","11":"shipping-taxable","12":"purchasable","13":"product-type-simple"},"yoast_head":"<!-- This site is optimized with the Yoast SEO plugin v26.8 - https:\/\/yoast.com\/product\/yoast-seo-wordpress\/ -->\n<title>Akce DI hlad\u00edtko nerez 480x130mm Profi E6 d\u0159ev.ruk. -<\/title>\n<meta name=\"robots\" content=\"index, follow, max-snippet:-1, max-image-preview:large, max-video-preview:-1\" \/>\n<link rel=\"canonical\" href=\"https:\/\/www.domkraftpro.com\/index.php\/produkt\/akce-di-hladitko-nerez-480x130mm-profi-e6-drev-ruk-7157\/\" \/>\n<meta property=\"og:locale\" content=\"cs_CZ\" \/>\n<meta property=\"og:type\" content=\"article\" \/>\n<meta property=\"og:title\" content=\"Akce DI hlad\u00edtko nerez 480x130mm Profi E6 d\u0159ev.ruk. -\" \/>\n<meta property=\"og:description\" content=\"DI hlad\u00edtko nerez 480x130mm Profi E6 d\u0159ev.ruk.\" \/>\n<meta property=\"og:url\" content=\"https:\/\/www.domkraftpro.com\/index.php\/produkt\/akce-di-hladitko-nerez-480x130mm-profi-e6-drev-ruk-7157\/\" \/>\n<meta property=\"og:image\" content=\"https:\/\/www.domkraftpro.com\/wp-content\/uploads\/2026\/SK0007801-CZ20260425-092044-0-1777080044-911309.webp\" \/>\n\t<meta property=\"og:image:width\" content=\"490\" \/>\n\t<meta property=\"og:image:height\" content=\"291\" \/>\n\t<meta property=\"og:image:type\" content=\"image\/webp\" \/>\n<meta name=\"twitter:card\" content=\"summary_large_image\" \/>\n<script type=\"application\/ld+json\" class=\"yoast-schema-graph\">{\"@context\":\"https:\/\/schema.org\",\"@graph\":[{\"@type\":\"WebPage\",\"@id\":\"https:\/\/www.domkraftpro.com\/index.php\/produkt\/akce-di-hladitko-nerez-480x130mm-profi-e6-drev-ruk-7157\/\",\"url\":\"https:\/\/www.domkraftpro.com\/index.php\/produkt\/akce-di-hladitko-nerez-480x130mm-profi-e6-drev-ruk-7157\/\",\"name\":\"Akce DI hlad\u00edtko nerez 480x130mm Profi E6 d\u0159ev.ruk. -\",\"isPartOf\":{\"@id\":\"https:\/\/www.domkraftpro.com\/#website\"},\"primaryImageOfPage\":{\"@id\":\"https:\/\/www.domkraftpro.com\/index.php\/produkt\/akce-di-hladitko-nerez-480x130mm-profi-e6-drev-ruk-7157\/#primaryimage\"},\"image\":{\"@id\":\"https:\/\/www.domkraftpro.com\/index.php\/produkt\/akce-di-hladitko-nerez-480x130mm-profi-e6-drev-ruk-7157\/#primaryimage\"},\"thumbnailUrl\":\"https:\/\/www.domkraftpro.com\/wp-content\/uploads\/2026\/SK0007801-CZ20260425-092044-0-1777080044-911309.webp\",\"datePublished\":\"2026-04-27T04:40:38+00:00\",\"breadcrumb\":{\"@id\":\"https:\/\/www.domkraftpro.com\/index.php\/produkt\/akce-di-hladitko-nerez-480x130mm-profi-e6-drev-ruk-7157\/#breadcrumb\"},\"inLanguage\":\"cs\",\"potentialAction\":[{\"@type\":\"ReadAction\",\"target\":[\"https:\/\/www.domkraftpro.com\/index.php\/produkt\/akce-di-hladitko-nerez-480x130mm-profi-e6-drev-ruk-7157\/\"]}]},{\"@type\":\"ImageObject\",\"inLanguage\":\"cs\",\"@id\":\"https:\/\/www.domkraftpro.com\/index.php\/produkt\/akce-di-hladitko-nerez-480x130mm-profi-e6-drev-ruk-7157\/#primaryimage\",\"url\":\"https:\/\/www.domkraftpro.com\/wp-content\/uploads\/2026\/SK0007801-CZ20260425-092044-0-1777080044-911309.webp\",\"contentUrl\":\"https:\/\/www.domkraftpro.com\/wp-content\/uploads\/2026\/SK0007801-CZ20260425-092044-0-1777080044-911309.webp\",\"width\":490,\"height\":291},{\"@type\":\"BreadcrumbList\",\"@id\":\"https:\/\/www.domkraftpro.com\/index.php\/produkt\/akce-di-hladitko-nerez-480x130mm-profi-e6-drev-ruk-7157\/#breadcrumb\",\"itemListElement\":[{\"@type\":\"ListItem\",\"position\":1,\"name\":\"Home\",\"item\":\"https:\/\/www.domkraftpro.com\/\"},{\"@type\":\"ListItem\",\"position\":2,\"name\":\"Products\",\"item\":\"https:\/\/www.domkraftpro.com\/index.php\/products\/\"},{\"@type\":\"ListItem\",\"position\":3,\"name\":\"Akce DI hlad\u00edtko nerez 480x130mm Profi E6 d\u0159ev.ruk.\"}]},{\"@type\":\"WebSite\",\"@id\":\"https:\/\/www.domkraftpro.com\/#website\",\"url\":\"https:\/\/www.domkraftpro.com\/\",\"name\":\"\",\"description\":\"\",\"potentialAction\":[{\"@type\":\"SearchAction\",\"target\":{\"@type\":\"EntryPoint\",\"urlTemplate\":\"https:\/\/www.domkraftpro.com\/?s={search_term_string}\"},\"query-input\":{\"@type\":\"PropertyValueSpecification\",\"valueRequired\":true,\"valueName\":\"search_term_string\"}}],\"inLanguage\":\"cs\"}]}<\/script>\n<!-- \/ Yoast SEO plugin. -->","yoast_head_json":{"title":"Akce DI hlad\u00edtko nerez 480x130mm Profi E6 d\u0159ev.ruk. -","robots":{"index":"index","follow":"follow","max-snippet":"max-snippet:-1","max-image-preview":"max-image-preview:large","max-video-preview":"max-video-preview:-1"},"canonical":"https:\/\/www.domkraftpro.com\/index.php\/produkt\/akce-di-hladitko-nerez-480x130mm-profi-e6-drev-ruk-7157\/","og_locale":"cs_CZ","og_type":"article","og_title":"Akce DI hlad\u00edtko nerez 480x130mm Profi E6 d\u0159ev.ruk. -","og_description":"DI hlad\u00edtko nerez 480x130mm Profi E6 d\u0159ev.ruk.","og_url":"https:\/\/www.domkraftpro.com\/index.php\/produkt\/akce-di-hladitko-nerez-480x130mm-profi-e6-drev-ruk-7157\/","og_image":[{"width":490,"height":291,"url":"https:\/\/www.domkraftpro.com\/wp-content\/uploads\/2026\/SK0007801-CZ20260425-092044-0-1777080044-911309.webp","type":"image\/webp"}],"twitter_card":"summary_large_image","schema":{"@context":"https:\/\/schema.org","@graph":[{"@type":"WebPage","@id":"https:\/\/www.domkraftpro.com\/index.php\/produkt\/akce-di-hladitko-nerez-480x130mm-profi-e6-drev-ruk-7157\/","url":"https:\/\/www.domkraftpro.com\/index.php\/produkt\/akce-di-hladitko-nerez-480x130mm-profi-e6-drev-ruk-7157\/","name":"Akce DI hlad\u00edtko nerez 480x130mm Profi E6 d\u0159ev.ruk. -","isPartOf":{"@id":"https:\/\/www.domkraftpro.com\/#website"},"primaryImageOfPage":{"@id":"https:\/\/www.domkraftpro.com\/index.php\/produkt\/akce-di-hladitko-nerez-480x130mm-profi-e6-drev-ruk-7157\/#primaryimage"},"image":{"@id":"https:\/\/www.domkraftpro.com\/index.php\/produkt\/akce-di-hladitko-nerez-480x130mm-profi-e6-drev-ruk-7157\/#primaryimage"},"thumbnailUrl":"https:\/\/www.domkraftpro.com\/wp-content\/uploads\/2026\/SK0007801-CZ20260425-092044-0-1777080044-911309.webp","datePublished":"2026-04-27T04:40:38+00:00","breadcrumb":{"@id":"https:\/\/www.domkraftpro.com\/index.php\/produkt\/akce-di-hladitko-nerez-480x130mm-profi-e6-drev-ruk-7157\/#breadcrumb"},"inLanguage":"cs","potentialAction":[{"@type":"ReadAction","target":["https:\/\/www.domkraftpro.com\/index.php\/produkt\/akce-di-hladitko-nerez-480x130mm-profi-e6-drev-ruk-7157\/"]}]},{"@type":"ImageObject","inLanguage":"cs","@id":"https:\/\/www.domkraftpro.com\/index.php\/produkt\/akce-di-hladitko-nerez-480x130mm-profi-e6-drev-ruk-7157\/#primaryimage","url":"https:\/\/www.domkraftpro.com\/wp-content\/uploads\/2026\/SK0007801-CZ20260425-092044-0-1777080044-911309.webp","contentUrl":"https:\/\/www.domkraftpro.com\/wp-content\/uploads\/2026\/SK0007801-CZ20260425-092044-0-1777080044-911309.webp","width":490,"height":291},{"@type":"BreadcrumbList","@id":"https:\/\/www.domkraftpro.com\/index.php\/produkt\/akce-di-hladitko-nerez-480x130mm-profi-e6-drev-ruk-7157\/#breadcrumb","itemListElement":[{"@type":"ListItem","position":1,"name":"Home","item":"https:\/\/www.domkraftpro.com\/"},{"@type":"ListItem","position":2,"name":"Products","item":"https:\/\/www.domkraftpro.com\/index.php\/products\/"},{"@type":"ListItem","position":3,"name":"Akce DI hlad\u00edtko nerez 480x130mm Profi E6 d\u0159ev.ruk."}]},{"@type":"WebSite","@id":"https:\/\/www.domkraftpro.com\/#website","url":"https:\/\/www.domkraftpro.com\/","name":"","description":"","potentialAction":[{"@type":"SearchAction","target":{"@type":"EntryPoint","urlTemplate":"https:\/\/www.domkraftpro.com\/?s={search_term_string}"},"query-input":{"@type":"PropertyValueSpecification","valueRequired":true,"valueName":"search_term_string"}}],"inLanguage":"cs"}]}},"_links":{"self":[{"href":"https:\/\/www.domkraftpro.com\/index.php\/wp-json\/wp\/v2\/product\/7157","targetHints":{"allow":["GET"]}}],"collection":[{"href":"https:\/\/www.domkraftpro.com\/index.php\/wp-json\/wp\/v2\/product"}],"about":[{"href":"https:\/\/www.domkraftpro.com\/index.php\/wp-json\/wp\/v2\/types\/product"}],"replies":[{"embeddable":true,"href":"https:\/\/www.domkraftpro.com\/index.php\/wp-json\/wp\/v2\/comments?post=7157"}],"wp:featuredmedia":[{"embeddable":true,"href":"https:\/\/www.domkraftpro.com\/index.php\/wp-json\/wp\/v2\/media\/7257"}],"wp:attachment":[{"href":"https:\/\/www.domkraftpro.com\/index.php\/wp-json\/wp\/v2\/media?parent=7157"}],"wp:term":[{"taxonomy":"product_brand","embeddable":true,"href":"https:\/\/www.domkraftpro.com\/index.php\/wp-json\/wp\/v2\/product_brand?post=7157"},{"taxonomy":"product_cat","embeddable":true,"href":"https:\/\/www.domkraftpro.com\/index.php\/wp-json\/wp\/v2\/product_cat?post=7157"},{"taxonomy":"product_tag","embeddable":true,"href":"https:\/\/www.domkraftpro.com\/index.php\/wp-json\/wp\/v2\/product_tag?post=7157"}],"curies":[{"name":"wp","href":"https:\/\/api.w.org\/{rel}","templated":true}]}}