{"id":70751,"date":"2026-04-27T04:43:38","date_gmt":"2026-04-27T04:43:38","guid":{"rendered":""},"modified":"2026-04-27T04:43:38","modified_gmt":"2026-04-27T04:43:38","slug":"akce-cerano-sprchova-zastena-walk-in-onyx-y-l-p-8-mm-cerna-matna-transparentni-sklo-70x200-cm-70751","status":"publish","type":"product","link":"https:\/\/www.domkraftpro.com\/index.php\/produkt\/akce-cerano-sprchova-zastena-walk-in-onyx-y-l-p-8-mm-cerna-matna-transparentni-sklo-70x200-cm-70751\/","title":{"rendered":"Akce CERANO &#8211; Sprchov\u00e1 z\u00e1st\u011bna Walk-in Onyx Y L\/P &#8211; 8 mm &#8211; \u010dern\u00e1 matn\u00e1, transparentn\u00ed sklo &#8211; 70&#215;200 cm"},"content":{"rendered":"<h3>Dopl\u0148kov\u00e9 parametry<\/h3>\n<table class=\"detail-parameters\">\n<tbody>\n<tr>\n<th>        <span class=\"row-header-label\">            Kategorie<span class=\"row-header-label-colon\">:<\/span>        <\/span>    <\/th>\n<td>        Sprchov\u00e9 z\u00e1st\u011bny (walk- in) \u0161\u00ed\u0159ka 70 cm    <\/td>\n<\/tr>\n<tr>\n<th>            <span class=\"row-header-label\">                Z\u00e1ruka<span class=\"row-header-label-colon\">:<\/span>            <\/span>        <\/th>\n<td>            5 let        <\/td>\n<\/tr>\n<tr>\n<th>            <span class=\"row-header-label\">                Hmotnost<span class=\"row-header-label-colon\">:<\/span>            <\/span>        <\/th>\n<td>            33 kg        <\/td>\n<\/tr>\n<tr class=\"productEan\">\n<th>          <span class=\"row-header-label productEan__label\">              EAN<span class=\"row-header-label-colon\">:<\/span>          <\/span>      <\/th>\n<td>          <span class=\"productEan__value\">8595725626915<\/span>      <\/td>\n<\/tr>\n<tr>\n<th>                <span class=\"row-header-label\">                                            Barva profilu<span class=\"row-header-label-colon\">:<\/span>                                    <\/span>            <\/th>\n<td>                                                            \u010cern\u00e1                                                <\/td>\n<\/tr>\n<tr>\n<th>                <span class=\"row-header-label\">                                            Barva skla<span class=\"row-header-label-colon\">:<\/span>                                    <\/span>            <\/th>\n<td>                                                            Transparentn\u00ed                                                <\/td>\n<\/tr>\n<tr>\n<th>                <span class=\"row-header-label\">                                            Instalace<span class=\"row-header-label-colon\">:<\/span>                                    <\/span>            <\/th>\n<td>                                                            Univerz\u00e1ln\u00ed                                                <\/td>\n<\/tr>\n<tr>\n<th>                <span class=\"row-header-label\">                                            S\u00e9rie<span class=\"row-header-label-colon\">:<\/span>                                    <\/span>            <\/th>\n<td>                                                            Onyx Y                                                <\/td>\n<\/tr>\n<tr>\n<th>                <span class=\"row-header-label\">                                            \u0160\u00ed\u0159ka<span class=\"row-header-label-colon\">:<\/span>                                    <\/span>            <\/th>\n<td>                                                            70 cm                                                <\/td>\n<\/tr>\n<tr>\n<th>                <span class=\"row-header-label\">                                            Tlou\u0161\u0165ka skla<span class=\"row-header-label-colon\">:<\/span>                                    <\/span>            <\/th>\n<td>                                                            8 mm                                                <\/td>\n<\/tr>\n<tr>\n<th>                <span class=\"row-header-label\">                                            Typ<span class=\"row-header-label-colon\">:<\/span>                                    <\/span>            <\/th>\n<td>                                                            Walk-in                                                <\/td>\n<\/tr>\n<tr>\n<th>                <span class=\"row-header-label\">                                            V\u00fd\u0161ka<span class=\"row-header-label-colon\">:<\/span>                                    <\/span>            <\/th>\n<td>                                                            200 cm                                                <\/td>\n<\/tr>\n<tr>\n<th>                <span class=\"row-header-label\">                                                                        Typ skla<span class=\"row-header-label-colon\">:<\/span>                                                            <\/span>            <\/th>\n<td>Bezpe\u010dnostn\u00ed, tvrzen\u00e9<\/td>\n<\/tr>\n<tr>\n<th>                <span class=\"row-header-label\">                                                                        Materi\u00e1l profilu<span class=\"row-header-label-colon\">:<\/span>                                                            <\/span>            <\/th>\n<td>Hlin\u00edk<\/td>\n<\/tr>\n<tr>\n<th>                <span class=\"row-header-label\">                                                                        Nutnost aklimatizace p\u0159ed instalac\u00ed<span class=\"row-header-label-colon\">:<\/span>                                                            <\/span>            <\/th>\n<td>48 hodin<\/td>\n<\/tr>\n<tr>\n<th>                <span class=\"row-header-label\">                                                                        Vzp\u011bra sou\u010d\u00e1st\u00ed<span class=\"row-header-label-colon\">:<\/span>                                                            <\/span>            <\/th>\n<td>Ano<\/td>\n<\/tr>\n<tr>\n<th>                <span class=\"row-header-label\">                                                                        \u0160\u00ed\u0159ka profilu<span class=\"row-header-label-colon\">:<\/span>                                                            <\/span>            <\/th>\n<td>3 cm<\/td>\n<\/tr>\n<tr>\n<th>                <span class=\"row-header-label\">                                                                        Hloubka profilu<span class=\"row-header-label-colon\">:<\/span>                                                            <\/span>            <\/th>\n<td>1,7 cm<\/td>\n<\/tr>\n<tr>\n<th>                <span class=\"row-header-label\">                                                                        FastInstall<span class=\"row-header-label-colon\">:<\/span>                                                            <\/span>            <\/th>\n<td>Ano<\/td>\n<\/tr>\n<\/tbody>\n<\/table><\/div>\n<\/p><\/div>\n<\/p><\/div>\n","protected":false},"excerpt":{"rendered":"<p>Dopl\u0148kov\u00e9 parametry Kategorie: Sprchov\u00e9 z\u00e1st\u011bny (walk- in) \u0161\u00ed\u0159ka 70 cm Z\u00e1ruka: 5 let Hmotnost: 33 kg EAN: 8595725626915 Barva profilu: \u010cern\u00e1 Barva skla: Transparentn\u00ed Instalace: Univerz\u00e1ln\u00ed S\u00e9rie: Onyx Y \u0160\u00ed\u0159ka: 70 cm Tlou\u0161\u0165ka skla: 8 mm Typ: Walk-in V\u00fd\u0161ka: 200 cm Typ skla: Bezpe\u010dnostn\u00ed, tvrzen\u00e9 Materi\u00e1l profilu: Hlin\u00edk Nutnost aklimatizace p\u0159ed instalac\u00ed: 48 hodin Vzp\u011bra [&hellip;]<\/p>\n","protected":false},"featured_media":70851,"comment_status":"open","ping_status":"open","template":"","meta":[],"product_brand":[],"product_cat":[95],"product_tag":[],"class_list":{"0":"post-70751","1":"product","2":"type-product","3":"status-publish","4":"has-post-thumbnail","6":"product_cat-koupelna","8":"first","9":"instock","10":"sale","11":"shipping-taxable","12":"purchasable","13":"product-type-simple"},"yoast_head":"<!-- This site is optimized with the Yoast SEO plugin v26.8 - https:\/\/yoast.com\/product\/yoast-seo-wordpress\/ -->\n<title>Akce CERANO - Sprchov\u00e1 z\u00e1st\u011bna Walk-in Onyx Y L\/P - 8 mm - \u010dern\u00e1 matn\u00e1, transparentn\u00ed sklo - 70x200 cm -<\/title>\n<meta name=\"robots\" content=\"index, follow, max-snippet:-1, max-image-preview:large, max-video-preview:-1\" \/>\n<link rel=\"canonical\" href=\"https:\/\/www.domkraftpro.com\/index.php\/produkt\/akce-cerano-sprchova-zastena-walk-in-onyx-y-l-p-8-mm-cerna-matna-transparentni-sklo-70x200-cm-70751\/\" \/>\n<meta property=\"og:locale\" content=\"cs_CZ\" \/>\n<meta property=\"og:type\" content=\"article\" \/>\n<meta property=\"og:title\" content=\"Akce CERANO - Sprchov\u00e1 z\u00e1st\u011bna Walk-in Onyx Y L\/P - 8 mm - \u010dern\u00e1 matn\u00e1, transparentn\u00ed sklo - 70x200 cm -\" \/>\n<meta property=\"og:description\" content=\"Dopl\u0148kov\u00e9 parametry Kategorie: Sprchov\u00e9 z\u00e1st\u011bny (walk- in) \u0161\u00ed\u0159ka 70 cm Z\u00e1ruka: 5 let Hmotnost: 33 kg EAN: 8595725626915 Barva profilu: \u010cern\u00e1 Barva skla: Transparentn\u00ed Instalace: Univerz\u00e1ln\u00ed S\u00e9rie: Onyx Y \u0160\u00ed\u0159ka: 70 cm Tlou\u0161\u0165ka skla: 8 mm Typ: Walk-in V\u00fd\u0161ka: 200 cm Typ skla: Bezpe\u010dnostn\u00ed, tvrzen\u00e9 Materi\u00e1l profilu: Hlin\u00edk Nutnost aklimatizace p\u0159ed instalac\u00ed: 48 hodin Vzp\u011bra [&hellip;]\" \/>\n<meta property=\"og:url\" content=\"https:\/\/www.domkraftpro.com\/index.php\/produkt\/akce-cerano-sprchova-zastena-walk-in-onyx-y-l-p-8-mm-cerna-matna-transparentni-sklo-70x200-cm-70751\/\" \/>\n<meta property=\"og:image\" content=\"https:\/\/www.domkraftpro.com\/wp-content\/uploads\/2026\/SK0007665-CZ20260425-093702-0-1777081025-449831_y.webp\" \/>\n\t<meta property=\"og:image:width\" content=\"1000\" \/>\n\t<meta property=\"og:image:height\" content=\"750\" \/>\n\t<meta property=\"og:image:type\" content=\"image\/webp\" \/>\n<meta name=\"twitter:card\" content=\"summary_large_image\" \/>\n<script type=\"application\/ld+json\" class=\"yoast-schema-graph\">{\"@context\":\"https:\/\/schema.org\",\"@graph\":[{\"@type\":\"WebPage\",\"@id\":\"https:\/\/www.domkraftpro.com\/index.php\/produkt\/akce-cerano-sprchova-zastena-walk-in-onyx-y-l-p-8-mm-cerna-matna-transparentni-sklo-70x200-cm-70751\/\",\"url\":\"https:\/\/www.domkraftpro.com\/index.php\/produkt\/akce-cerano-sprchova-zastena-walk-in-onyx-y-l-p-8-mm-cerna-matna-transparentni-sklo-70x200-cm-70751\/\",\"name\":\"Akce CERANO - Sprchov\u00e1 z\u00e1st\u011bna Walk-in Onyx Y L\/P - 8 mm - \u010dern\u00e1 matn\u00e1, transparentn\u00ed sklo - 70x200 cm -\",\"isPartOf\":{\"@id\":\"https:\/\/www.domkraftpro.com\/#website\"},\"primaryImageOfPage\":{\"@id\":\"https:\/\/www.domkraftpro.com\/index.php\/produkt\/akce-cerano-sprchova-zastena-walk-in-onyx-y-l-p-8-mm-cerna-matna-transparentni-sklo-70x200-cm-70751\/#primaryimage\"},\"image\":{\"@id\":\"https:\/\/www.domkraftpro.com\/index.php\/produkt\/akce-cerano-sprchova-zastena-walk-in-onyx-y-l-p-8-mm-cerna-matna-transparentni-sklo-70x200-cm-70751\/#primaryimage\"},\"thumbnailUrl\":\"https:\/\/www.domkraftpro.com\/wp-content\/uploads\/2026\/SK0007665-CZ20260425-093702-0-1777081025-449831_y.webp\",\"datePublished\":\"2026-04-27T04:43:38+00:00\",\"breadcrumb\":{\"@id\":\"https:\/\/www.domkraftpro.com\/index.php\/produkt\/akce-cerano-sprchova-zastena-walk-in-onyx-y-l-p-8-mm-cerna-matna-transparentni-sklo-70x200-cm-70751\/#breadcrumb\"},\"inLanguage\":\"cs\",\"potentialAction\":[{\"@type\":\"ReadAction\",\"target\":[\"https:\/\/www.domkraftpro.com\/index.php\/produkt\/akce-cerano-sprchova-zastena-walk-in-onyx-y-l-p-8-mm-cerna-matna-transparentni-sklo-70x200-cm-70751\/\"]}]},{\"@type\":\"ImageObject\",\"inLanguage\":\"cs\",\"@id\":\"https:\/\/www.domkraftpro.com\/index.php\/produkt\/akce-cerano-sprchova-zastena-walk-in-onyx-y-l-p-8-mm-cerna-matna-transparentni-sklo-70x200-cm-70751\/#primaryimage\",\"url\":\"https:\/\/www.domkraftpro.com\/wp-content\/uploads\/2026\/SK0007665-CZ20260425-093702-0-1777081025-449831_y.webp\",\"contentUrl\":\"https:\/\/www.domkraftpro.com\/wp-content\/uploads\/2026\/SK0007665-CZ20260425-093702-0-1777081025-449831_y.webp\",\"width\":1000,\"height\":750},{\"@type\":\"BreadcrumbList\",\"@id\":\"https:\/\/www.domkraftpro.com\/index.php\/produkt\/akce-cerano-sprchova-zastena-walk-in-onyx-y-l-p-8-mm-cerna-matna-transparentni-sklo-70x200-cm-70751\/#breadcrumb\",\"itemListElement\":[{\"@type\":\"ListItem\",\"position\":1,\"name\":\"Home\",\"item\":\"https:\/\/www.domkraftpro.com\/\"},{\"@type\":\"ListItem\",\"position\":2,\"name\":\"Products\",\"item\":\"https:\/\/www.domkraftpro.com\/index.php\/products\/\"},{\"@type\":\"ListItem\",\"position\":3,\"name\":\"Akce CERANO &#8211; Sprchov\u00e1 z\u00e1st\u011bna Walk-in Onyx Y L\/P &#8211; 8 mm &#8211; \u010dern\u00e1 matn\u00e1, transparentn\u00ed sklo &#8211; 70&#215;200 cm\"}]},{\"@type\":\"WebSite\",\"@id\":\"https:\/\/www.domkraftpro.com\/#website\",\"url\":\"https:\/\/www.domkraftpro.com\/\",\"name\":\"\",\"description\":\"\",\"potentialAction\":[{\"@type\":\"SearchAction\",\"target\":{\"@type\":\"EntryPoint\",\"urlTemplate\":\"https:\/\/www.domkraftpro.com\/?s={search_term_string}\"},\"query-input\":{\"@type\":\"PropertyValueSpecification\",\"valueRequired\":true,\"valueName\":\"search_term_string\"}}],\"inLanguage\":\"cs\"}]}<\/script>\n<!-- \/ Yoast SEO plugin. -->","yoast_head_json":{"title":"Akce CERANO - Sprchov\u00e1 z\u00e1st\u011bna Walk-in Onyx Y L\/P - 8 mm - \u010dern\u00e1 matn\u00e1, transparentn\u00ed sklo - 70x200 cm -","robots":{"index":"index","follow":"follow","max-snippet":"max-snippet:-1","max-image-preview":"max-image-preview:large","max-video-preview":"max-video-preview:-1"},"canonical":"https:\/\/www.domkraftpro.com\/index.php\/produkt\/akce-cerano-sprchova-zastena-walk-in-onyx-y-l-p-8-mm-cerna-matna-transparentni-sklo-70x200-cm-70751\/","og_locale":"cs_CZ","og_type":"article","og_title":"Akce CERANO - Sprchov\u00e1 z\u00e1st\u011bna Walk-in Onyx Y L\/P - 8 mm - \u010dern\u00e1 matn\u00e1, transparentn\u00ed sklo - 70x200 cm -","og_description":"Dopl\u0148kov\u00e9 parametry Kategorie: Sprchov\u00e9 z\u00e1st\u011bny (walk- in) \u0161\u00ed\u0159ka 70 cm Z\u00e1ruka: 5 let Hmotnost: 33 kg EAN: 8595725626915 Barva profilu: \u010cern\u00e1 Barva skla: Transparentn\u00ed Instalace: Univerz\u00e1ln\u00ed S\u00e9rie: Onyx Y \u0160\u00ed\u0159ka: 70 cm Tlou\u0161\u0165ka skla: 8 mm Typ: Walk-in V\u00fd\u0161ka: 200 cm Typ skla: Bezpe\u010dnostn\u00ed, tvrzen\u00e9 Materi\u00e1l profilu: Hlin\u00edk Nutnost aklimatizace p\u0159ed instalac\u00ed: 48 hodin Vzp\u011bra [&hellip;]","og_url":"https:\/\/www.domkraftpro.com\/index.php\/produkt\/akce-cerano-sprchova-zastena-walk-in-onyx-y-l-p-8-mm-cerna-matna-transparentni-sklo-70x200-cm-70751\/","og_image":[{"width":1000,"height":750,"url":"https:\/\/www.domkraftpro.com\/wp-content\/uploads\/2026\/SK0007665-CZ20260425-093702-0-1777081025-449831_y.webp","type":"image\/webp"}],"twitter_card":"summary_large_image","schema":{"@context":"https:\/\/schema.org","@graph":[{"@type":"WebPage","@id":"https:\/\/www.domkraftpro.com\/index.php\/produkt\/akce-cerano-sprchova-zastena-walk-in-onyx-y-l-p-8-mm-cerna-matna-transparentni-sklo-70x200-cm-70751\/","url":"https:\/\/www.domkraftpro.com\/index.php\/produkt\/akce-cerano-sprchova-zastena-walk-in-onyx-y-l-p-8-mm-cerna-matna-transparentni-sklo-70x200-cm-70751\/","name":"Akce CERANO - Sprchov\u00e1 z\u00e1st\u011bna Walk-in Onyx Y L\/P - 8 mm - \u010dern\u00e1 matn\u00e1, transparentn\u00ed sklo - 70x200 cm -","isPartOf":{"@id":"https:\/\/www.domkraftpro.com\/#website"},"primaryImageOfPage":{"@id":"https:\/\/www.domkraftpro.com\/index.php\/produkt\/akce-cerano-sprchova-zastena-walk-in-onyx-y-l-p-8-mm-cerna-matna-transparentni-sklo-70x200-cm-70751\/#primaryimage"},"image":{"@id":"https:\/\/www.domkraftpro.com\/index.php\/produkt\/akce-cerano-sprchova-zastena-walk-in-onyx-y-l-p-8-mm-cerna-matna-transparentni-sklo-70x200-cm-70751\/#primaryimage"},"thumbnailUrl":"https:\/\/www.domkraftpro.com\/wp-content\/uploads\/2026\/SK0007665-CZ20260425-093702-0-1777081025-449831_y.webp","datePublished":"2026-04-27T04:43:38+00:00","breadcrumb":{"@id":"https:\/\/www.domkraftpro.com\/index.php\/produkt\/akce-cerano-sprchova-zastena-walk-in-onyx-y-l-p-8-mm-cerna-matna-transparentni-sklo-70x200-cm-70751\/#breadcrumb"},"inLanguage":"cs","potentialAction":[{"@type":"ReadAction","target":["https:\/\/www.domkraftpro.com\/index.php\/produkt\/akce-cerano-sprchova-zastena-walk-in-onyx-y-l-p-8-mm-cerna-matna-transparentni-sklo-70x200-cm-70751\/"]}]},{"@type":"ImageObject","inLanguage":"cs","@id":"https:\/\/www.domkraftpro.com\/index.php\/produkt\/akce-cerano-sprchova-zastena-walk-in-onyx-y-l-p-8-mm-cerna-matna-transparentni-sklo-70x200-cm-70751\/#primaryimage","url":"https:\/\/www.domkraftpro.com\/wp-content\/uploads\/2026\/SK0007665-CZ20260425-093702-0-1777081025-449831_y.webp","contentUrl":"https:\/\/www.domkraftpro.com\/wp-content\/uploads\/2026\/SK0007665-CZ20260425-093702-0-1777081025-449831_y.webp","width":1000,"height":750},{"@type":"BreadcrumbList","@id":"https:\/\/www.domkraftpro.com\/index.php\/produkt\/akce-cerano-sprchova-zastena-walk-in-onyx-y-l-p-8-mm-cerna-matna-transparentni-sklo-70x200-cm-70751\/#breadcrumb","itemListElement":[{"@type":"ListItem","position":1,"name":"Home","item":"https:\/\/www.domkraftpro.com\/"},{"@type":"ListItem","position":2,"name":"Products","item":"https:\/\/www.domkraftpro.com\/index.php\/products\/"},{"@type":"ListItem","position":3,"name":"Akce CERANO &#8211; Sprchov\u00e1 z\u00e1st\u011bna Walk-in Onyx Y L\/P &#8211; 8 mm &#8211; \u010dern\u00e1 matn\u00e1, transparentn\u00ed sklo &#8211; 70&#215;200 cm"}]},{"@type":"WebSite","@id":"https:\/\/www.domkraftpro.com\/#website","url":"https:\/\/www.domkraftpro.com\/","name":"","description":"","potentialAction":[{"@type":"SearchAction","target":{"@type":"EntryPoint","urlTemplate":"https:\/\/www.domkraftpro.com\/?s={search_term_string}"},"query-input":{"@type":"PropertyValueSpecification","valueRequired":true,"valueName":"search_term_string"}}],"inLanguage":"cs"}]}},"_links":{"self":[{"href":"https:\/\/www.domkraftpro.com\/index.php\/wp-json\/wp\/v2\/product\/70751","targetHints":{"allow":["GET"]}}],"collection":[{"href":"https:\/\/www.domkraftpro.com\/index.php\/wp-json\/wp\/v2\/product"}],"about":[{"href":"https:\/\/www.domkraftpro.com\/index.php\/wp-json\/wp\/v2\/types\/product"}],"replies":[{"embeddable":true,"href":"https:\/\/www.domkraftpro.com\/index.php\/wp-json\/wp\/v2\/comments?post=70751"}],"wp:featuredmedia":[{"embeddable":true,"href":"https:\/\/www.domkraftpro.com\/index.php\/wp-json\/wp\/v2\/media\/70851"}],"wp:attachment":[{"href":"https:\/\/www.domkraftpro.com\/index.php\/wp-json\/wp\/v2\/media?parent=70751"}],"wp:term":[{"taxonomy":"product_brand","embeddable":true,"href":"https:\/\/www.domkraftpro.com\/index.php\/wp-json\/wp\/v2\/product_brand?post=70751"},{"taxonomy":"product_cat","embeddable":true,"href":"https:\/\/www.domkraftpro.com\/index.php\/wp-json\/wp\/v2\/product_cat?post=70751"},{"taxonomy":"product_tag","embeddable":true,"href":"https:\/\/www.domkraftpro.com\/index.php\/wp-json\/wp\/v2\/product_tag?post=70751"}],"curies":[{"name":"wp","href":"https:\/\/api.w.org\/{rel}","templated":true}]}}