{"id":68985,"date":"2026-04-27T04:43:33","date_gmt":"2026-04-27T04:43:33","guid":{"rendered":""},"modified":"2026-04-27T04:43:33","modified_gmt":"2026-04-27T04:43:33","slug":"akce-pmh-rosendal-420-x-950-mm-r1-6-koupelnovy-radiator-68985","status":"publish","type":"product","link":"https:\/\/www.domkraftpro.com\/index.php\/produkt\/akce-pmh-rosendal-420-x-950-mm-r1-6-koupelnovy-radiator-68985\/","title":{"rendered":"Akce PMH Rosendal 420 x 950 mm R1\/6 koupelnov\u00fd radi\u00e1tor"},"content":{"rendered":"<div class=\"basic-description\">\n<h3>Detailn\u00ed popis produktu<\/h3>\n<p style=\"text-align: justify;\"><strong>Radi\u00e1tor&nbsp;<\/strong><strong>Rosendal&nbsp;<\/strong><strong>R1\/6&nbsp;<\/strong>od firmy PMH. Neobvykl\u00fd, prostorov\u011b&nbsp; nen\u00e1ro\u010dn\u00fd, elegantn\u00ed radi\u00e1tor vhodn\u00fd nejen do Va\u0161\u00ed koupelny, ale i kuchyn\u011b, chodby, p\u0159eds\u00edn\u011b&#8230;&nbsp; U&nbsp; model\u016f na v\u00fd\u0161ku je&nbsp; nav\u00edc dopln\u011bn o h\u00e1\u010dky.<\/p>\n<p style=\"text-align: justify;\"><strong>U proveden\u00ed&nbsp; L a XL&nbsp; nedoporu\u010dujeme vyt\u00e1p\u011bn\u00ed pouze&nbsp; el. topnou&nbsp; ty\u010d\u00ed.<\/strong><\/p>\n<p style=\"text-align: justify;\">\n<p style=\"text-align: justify;\">\n<p><strong>Informace k produktu:<br \/><\/strong>Rozm\u011br: 420 x 950 mm<br \/>Profil: kulat\u00fd<br \/>Horizont\u00e1ln\u00ed trubky: O 20 mm<br \/>Vertik\u00e1ln\u00ed trubky: O 38 mm<br \/>Objem: 6,3&nbsp; l<br \/>Hmotnost: 8,25 kg<br \/>Elektrick\u00e9 vyt\u00e1p\u011bn\u00ed: ano<br \/>Kombinovan\u00e9 vyt\u00e1p\u011bn\u00ed: ano<br \/>V\u00fdkon 75\/65\u00b0C: 372 W<br \/>Doporu\u010den\u00fd v\u00fdkon el. topn\u00e9 ty\u010de: 300 W<br \/>Rozte\u010d: 380 mm<\/p>\n<p style=\"text-align: justify;\"><strong><br \/>Sou\u010d\u00e1st\u00ed balen\u00ed je<\/strong>&nbsp;mont\u00e1\u017en\u00ed sada na ze\u010f s&nbsp;n\u00e1vodem (v sad\u011b jsou dod\u00e1v\u00e1ny: konkr\u00e9tn\u00ed po\u010det up\u00ednac\u00edch konzol, 1 odvzdu\u0161\u0148ovac\u00ed ventil, 1 zaslepovac\u00ed z\u00e1tka).&nbsp;<strong>Sou\u010d\u00e1st\u00ed nejsou&nbsp;<\/strong>p\u0159ipojovac\u00ed armatury a topn\u00e1 ty\u010d.<\/p>\n<\/p>\n<\/p>\n<div class=\"row\">\n<div class=\"col-md-23 thumbnail\">&nbsp; &nbsp;<\/div>\n<\/div>\n<h5 class=\"col-md-23 thumbnail col-md-offset-2\" style=\"text-align: center;\">&nbsp;<br \/><span style=\"color: #ff6600;\"><\/span><\/h5>\n<h5 class=\"col-md-23 thumbnail col-md-offset-2\" style=\"text-align: center;\"><span style=\"color: #ff6600;\">&nbsp;V\u00fdb\u011br barevn\u00fdch proveden\u00ed<\/span><\/h5>\n<p style=\"text-align: center;\"><span style=\"font-size: 12pt;\"><strong><span style=\"color: #000000;\">Chrom:&nbsp;<\/span><\/strong><\/span><\/p>\n<div class=\"plus-gallery-wrap\">\n<div class=\"plus-gallery-item\" style=\"height: 100px; width: 100px;\"><\/div>\n<\/div>\n<div class=\"plus-gallery-wrap\" style=\"text-align: center;\"><span style=\"font-size: 12pt;\"><strong>Nerez:<\/strong><\/span><\/div>\n<div class=\"plus-gallery-wrap\" style=\"text-align: center;\">\n<div class=\"plus-gallery-wrap\">\n<div class=\"plus-gallery-item\" style=\"height: 100px; width: 100px;\"><\/div>\n<\/div>\n<\/div>\n<div class=\"plus-gallery-wrap\"><span style=\"font-size: 12pt;\"><strong>Barvy &#8211; Lak (lesk):<\/strong><\/span><\/div>\n<div class=\"plus-gallery-wrap\">\n<div class=\"plus-gallery-item\" style=\"height: 100px; width: 100px;\"><\/div>\n<div class=\"plus-gallery-item\" style=\"height: 100px; width: 100px;\"><\/div>\n<div class=\"plus-gallery-item\" style=\"height: 100px; width: 100px;\"><\/div>\n<div class=\"plus-gallery-item\" style=\"height: 100px; width: 100px;\"><\/div>\n<div class=\"plus-gallery-item\" style=\"height: 100px; width: 100px;\"><\/div>\n<\/div>\n<div class=\"plus-gallery-wrap\">\n<h5><span style=\"font-size: 12pt;\">Struktur\u00e1ln\u00ed barvy &#8211; Lak (mat):<\/span><\/h5>\n<div class=\"plus-gallery-wrap\">\n<div class=\"plus-gallery-item\" style=\"height: 100px; width: 100px;\"><\/div>\n<div class=\"plus-gallery-item\" style=\"height: 100px; width: 100px;\"><\/div>\n<div class=\"plus-gallery-item\" style=\"height: 100px; width: 100px;\"><\/div>\n<div class=\"plus-gallery-item\" style=\"height: 100px; width: 100px;\"><\/div>\n<div class=\"plus-gallery-item\" style=\"height: 100px; width: 100px;\"><\/div>\n<div class=\"plus-gallery-item\" style=\"height: 100px; width: 100px;\"><\/div>\n<div class=\"plus-gallery-item\" style=\"height: 100px; width: 100px;\"><\/div>\n<p>&nbsp;<\/p>\n<p style=\"text-align: left;\"><strong>D\u016fle\u017eit\u00e9&nbsp; upozorn\u011bn\u00ed:<\/strong>&nbsp;K \u010dist\u011bn\u00ed radi\u00e1tor\u016f pou\u017e\u00edvejte vlhkou&nbsp; ut\u011brku z&nbsp; mikrovl\u00e1kna. V \u017e\u00e1dn\u00e9m p\u0159\u00edpad\u011b nen\u00ed&nbsp; vhodn\u00e9 pou\u017e\u00edt&nbsp; abrazivn\u00edch&nbsp; nebo&nbsp; chemick\u00fdch&nbsp; \u010dist\u00edc\u00edch&nbsp; prost\u0159edk\u016f.<\/p>\n<\/div>\n<\/div>\n<p>Upozorn\u011bn\u00ed pro z\u00e1kazn\u00edky ke koupi produkt\u016f na objedn\u00e1n\u00ed: Toto zbo\u017e\u00ed nen\u00ed standardn\u00edm s\u00e9riov\u00fdm v\u00fdrobkem. Bude vyrobeno na p\u0159\u00e1n\u00ed z\u00e1kazn\u00edka a proto jej nelze dodavateli v z\u00e1konn\u00e9 lh\u016ft\u011b vr\u00e1tit. (viz \u00a71837 odst.d, ob\u010dansk\u00e9ho z\u00e1kon\u00edku). V tomto p\u0159\u00edpad\u011b m\u016f\u017eeme po\u017eadovat nevratnou z\u00e1lohu a\u017e do v\u00fd\u0161e 100 % z ceny v\u00fdrobku.<\/p>\n<\/p><\/div>\n","protected":false},"excerpt":{"rendered":"<p>Detailn\u00ed popis produktu Radi\u00e1tor&nbsp;Rosendal&nbsp;R1\/6&nbsp;od firmy PMH. Neobvykl\u00fd, prostorov\u011b&nbsp; nen\u00e1ro\u010dn\u00fd, elegantn\u00ed radi\u00e1tor vhodn\u00fd nejen do Va\u0161\u00ed koupelny, ale i kuchyn\u011b, chodby, p\u0159eds\u00edn\u011b&#8230;&nbsp; U&nbsp; model\u016f na v\u00fd\u0161ku je&nbsp; nav\u00edc dopln\u011bn o h\u00e1\u010dky. U proveden\u00ed&nbsp; L a XL&nbsp; nedoporu\u010dujeme vyt\u00e1p\u011bn\u00ed pouze&nbsp; el. topnou&nbsp; ty\u010d\u00ed. Informace k produktu:Rozm\u011br: 420 x 950 mmProfil: kulat\u00fdHorizont\u00e1ln\u00ed trubky: O 20 mmVertik\u00e1ln\u00ed trubky: O [&hellip;]<\/p>\n","protected":false},"featured_media":69085,"comment_status":"open","ping_status":"open","template":"","meta":[],"product_brand":[],"product_cat":[114],"product_tag":[],"class_list":{"0":"post-68985","1":"product","2":"type-product","3":"status-publish","4":"has-post-thumbnail","6":"product_cat-vytapeni","8":"first","9":"instock","10":"sale","11":"shipping-taxable","12":"purchasable","13":"product-type-simple"},"yoast_head":"<!-- This site is optimized with the Yoast SEO plugin v26.8 - https:\/\/yoast.com\/product\/yoast-seo-wordpress\/ -->\n<title>Akce PMH Rosendal 420 x 950 mm R1\/6 koupelnov\u00fd radi\u00e1tor -<\/title>\n<meta name=\"robots\" content=\"index, follow, max-snippet:-1, max-image-preview:large, max-video-preview:-1\" \/>\n<link rel=\"canonical\" href=\"https:\/\/www.domkraftpro.com\/index.php\/produkt\/akce-pmh-rosendal-420-x-950-mm-r1-6-koupelnovy-radiator-68985\/\" \/>\n<meta property=\"og:locale\" content=\"cs_CZ\" \/>\n<meta property=\"og:type\" content=\"article\" \/>\n<meta property=\"og:title\" content=\"Akce PMH Rosendal 420 x 950 mm R1\/6 koupelnov\u00fd radi\u00e1tor -\" \/>\n<meta property=\"og:description\" content=\"Detailn\u00ed popis produktu Radi\u00e1tor&nbsp;Rosendal&nbsp;R1\/6&nbsp;od firmy PMH. Neobvykl\u00fd, prostorov\u011b&nbsp; nen\u00e1ro\u010dn\u00fd, elegantn\u00ed radi\u00e1tor vhodn\u00fd nejen do Va\u0161\u00ed koupelny, ale i kuchyn\u011b, chodby, p\u0159eds\u00edn\u011b&#8230;&nbsp; U&nbsp; model\u016f na v\u00fd\u0161ku je&nbsp; nav\u00edc dopln\u011bn o h\u00e1\u010dky. U proveden\u00ed&nbsp; L a XL&nbsp; nedoporu\u010dujeme vyt\u00e1p\u011bn\u00ed pouze&nbsp; el. topnou&nbsp; ty\u010d\u00ed. Informace k produktu:Rozm\u011br: 420 x 950 mmProfil: kulat\u00fdHorizont\u00e1ln\u00ed trubky: O 20 mmVertik\u00e1ln\u00ed trubky: O [&hellip;]\" \/>\n<meta property=\"og:url\" content=\"https:\/\/www.domkraftpro.com\/index.php\/produkt\/akce-pmh-rosendal-420-x-950-mm-r1-6-koupelnovy-radiator-68985\/\" \/>\n<meta property=\"og:image\" content=\"https:\/\/www.domkraftpro.com\/wp-content\/uploads\/2026\/SK0009020-CZ20260425-093631-0-1777080994-250512_otopne-teleso-radiator-topny-zebrik--pmh-rosendal-42.webp\" \/>\n\t<meta property=\"og:image:width\" content=\"1000\" \/>\n\t<meta property=\"og:image:height\" content=\"750\" \/>\n\t<meta property=\"og:image:type\" content=\"image\/webp\" \/>\n<meta name=\"twitter:card\" content=\"summary_large_image\" \/>\n<meta name=\"twitter:label1\" content=\"Odhadovan\u00e1 doba \u010dten\u00ed\" \/>\n\t<meta name=\"twitter:data1\" content=\"1 minuta\" \/>\n<script type=\"application\/ld+json\" class=\"yoast-schema-graph\">{\"@context\":\"https:\/\/schema.org\",\"@graph\":[{\"@type\":\"WebPage\",\"@id\":\"https:\/\/www.domkraftpro.com\/index.php\/produkt\/akce-pmh-rosendal-420-x-950-mm-r1-6-koupelnovy-radiator-68985\/\",\"url\":\"https:\/\/www.domkraftpro.com\/index.php\/produkt\/akce-pmh-rosendal-420-x-950-mm-r1-6-koupelnovy-radiator-68985\/\",\"name\":\"Akce PMH Rosendal 420 x 950 mm R1\/6 koupelnov\u00fd radi\u00e1tor -\",\"isPartOf\":{\"@id\":\"https:\/\/www.domkraftpro.com\/#website\"},\"primaryImageOfPage\":{\"@id\":\"https:\/\/www.domkraftpro.com\/index.php\/produkt\/akce-pmh-rosendal-420-x-950-mm-r1-6-koupelnovy-radiator-68985\/#primaryimage\"},\"image\":{\"@id\":\"https:\/\/www.domkraftpro.com\/index.php\/produkt\/akce-pmh-rosendal-420-x-950-mm-r1-6-koupelnovy-radiator-68985\/#primaryimage\"},\"thumbnailUrl\":\"https:\/\/www.domkraftpro.com\/wp-content\/uploads\/2026\/SK0009020-CZ20260425-093631-0-1777080994-250512_otopne-teleso-radiator-topny-zebrik--pmh-rosendal-42.webp\",\"datePublished\":\"2026-04-27T04:43:33+00:00\",\"breadcrumb\":{\"@id\":\"https:\/\/www.domkraftpro.com\/index.php\/produkt\/akce-pmh-rosendal-420-x-950-mm-r1-6-koupelnovy-radiator-68985\/#breadcrumb\"},\"inLanguage\":\"cs\",\"potentialAction\":[{\"@type\":\"ReadAction\",\"target\":[\"https:\/\/www.domkraftpro.com\/index.php\/produkt\/akce-pmh-rosendal-420-x-950-mm-r1-6-koupelnovy-radiator-68985\/\"]}]},{\"@type\":\"ImageObject\",\"inLanguage\":\"cs\",\"@id\":\"https:\/\/www.domkraftpro.com\/index.php\/produkt\/akce-pmh-rosendal-420-x-950-mm-r1-6-koupelnovy-radiator-68985\/#primaryimage\",\"url\":\"https:\/\/www.domkraftpro.com\/wp-content\/uploads\/2026\/SK0009020-CZ20260425-093631-0-1777080994-250512_otopne-teleso-radiator-topny-zebrik--pmh-rosendal-42.webp\",\"contentUrl\":\"https:\/\/www.domkraftpro.com\/wp-content\/uploads\/2026\/SK0009020-CZ20260425-093631-0-1777080994-250512_otopne-teleso-radiator-topny-zebrik--pmh-rosendal-42.webp\",\"width\":1000,\"height\":750},{\"@type\":\"BreadcrumbList\",\"@id\":\"https:\/\/www.domkraftpro.com\/index.php\/produkt\/akce-pmh-rosendal-420-x-950-mm-r1-6-koupelnovy-radiator-68985\/#breadcrumb\",\"itemListElement\":[{\"@type\":\"ListItem\",\"position\":1,\"name\":\"Home\",\"item\":\"https:\/\/www.domkraftpro.com\/\"},{\"@type\":\"ListItem\",\"position\":2,\"name\":\"Products\",\"item\":\"https:\/\/www.domkraftpro.com\/index.php\/products\/\"},{\"@type\":\"ListItem\",\"position\":3,\"name\":\"Akce PMH Rosendal 420 x 950 mm R1\/6 koupelnov\u00fd radi\u00e1tor\"}]},{\"@type\":\"WebSite\",\"@id\":\"https:\/\/www.domkraftpro.com\/#website\",\"url\":\"https:\/\/www.domkraftpro.com\/\",\"name\":\"\",\"description\":\"\",\"potentialAction\":[{\"@type\":\"SearchAction\",\"target\":{\"@type\":\"EntryPoint\",\"urlTemplate\":\"https:\/\/www.domkraftpro.com\/?s={search_term_string}\"},\"query-input\":{\"@type\":\"PropertyValueSpecification\",\"valueRequired\":true,\"valueName\":\"search_term_string\"}}],\"inLanguage\":\"cs\"}]}<\/script>\n<!-- \/ Yoast SEO plugin. -->","yoast_head_json":{"title":"Akce PMH Rosendal 420 x 950 mm R1\/6 koupelnov\u00fd radi\u00e1tor -","robots":{"index":"index","follow":"follow","max-snippet":"max-snippet:-1","max-image-preview":"max-image-preview:large","max-video-preview":"max-video-preview:-1"},"canonical":"https:\/\/www.domkraftpro.com\/index.php\/produkt\/akce-pmh-rosendal-420-x-950-mm-r1-6-koupelnovy-radiator-68985\/","og_locale":"cs_CZ","og_type":"article","og_title":"Akce PMH Rosendal 420 x 950 mm R1\/6 koupelnov\u00fd radi\u00e1tor -","og_description":"Detailn\u00ed popis produktu Radi\u00e1tor&nbsp;Rosendal&nbsp;R1\/6&nbsp;od firmy PMH. Neobvykl\u00fd, prostorov\u011b&nbsp; nen\u00e1ro\u010dn\u00fd, elegantn\u00ed radi\u00e1tor vhodn\u00fd nejen do Va\u0161\u00ed koupelny, ale i kuchyn\u011b, chodby, p\u0159eds\u00edn\u011b&#8230;&nbsp; U&nbsp; model\u016f na v\u00fd\u0161ku je&nbsp; nav\u00edc dopln\u011bn o h\u00e1\u010dky. U proveden\u00ed&nbsp; L a XL&nbsp; nedoporu\u010dujeme vyt\u00e1p\u011bn\u00ed pouze&nbsp; el. topnou&nbsp; ty\u010d\u00ed. Informace k produktu:Rozm\u011br: 420 x 950 mmProfil: kulat\u00fdHorizont\u00e1ln\u00ed trubky: O 20 mmVertik\u00e1ln\u00ed trubky: O [&hellip;]","og_url":"https:\/\/www.domkraftpro.com\/index.php\/produkt\/akce-pmh-rosendal-420-x-950-mm-r1-6-koupelnovy-radiator-68985\/","og_image":[{"width":1000,"height":750,"url":"https:\/\/www.domkraftpro.com\/wp-content\/uploads\/2026\/SK0009020-CZ20260425-093631-0-1777080994-250512_otopne-teleso-radiator-topny-zebrik--pmh-rosendal-42.webp","type":"image\/webp"}],"twitter_card":"summary_large_image","twitter_misc":{"Odhadovan\u00e1 doba \u010dten\u00ed":"1 minuta"},"schema":{"@context":"https:\/\/schema.org","@graph":[{"@type":"WebPage","@id":"https:\/\/www.domkraftpro.com\/index.php\/produkt\/akce-pmh-rosendal-420-x-950-mm-r1-6-koupelnovy-radiator-68985\/","url":"https:\/\/www.domkraftpro.com\/index.php\/produkt\/akce-pmh-rosendal-420-x-950-mm-r1-6-koupelnovy-radiator-68985\/","name":"Akce PMH Rosendal 420 x 950 mm R1\/6 koupelnov\u00fd radi\u00e1tor -","isPartOf":{"@id":"https:\/\/www.domkraftpro.com\/#website"},"primaryImageOfPage":{"@id":"https:\/\/www.domkraftpro.com\/index.php\/produkt\/akce-pmh-rosendal-420-x-950-mm-r1-6-koupelnovy-radiator-68985\/#primaryimage"},"image":{"@id":"https:\/\/www.domkraftpro.com\/index.php\/produkt\/akce-pmh-rosendal-420-x-950-mm-r1-6-koupelnovy-radiator-68985\/#primaryimage"},"thumbnailUrl":"https:\/\/www.domkraftpro.com\/wp-content\/uploads\/2026\/SK0009020-CZ20260425-093631-0-1777080994-250512_otopne-teleso-radiator-topny-zebrik--pmh-rosendal-42.webp","datePublished":"2026-04-27T04:43:33+00:00","breadcrumb":{"@id":"https:\/\/www.domkraftpro.com\/index.php\/produkt\/akce-pmh-rosendal-420-x-950-mm-r1-6-koupelnovy-radiator-68985\/#breadcrumb"},"inLanguage":"cs","potentialAction":[{"@type":"ReadAction","target":["https:\/\/www.domkraftpro.com\/index.php\/produkt\/akce-pmh-rosendal-420-x-950-mm-r1-6-koupelnovy-radiator-68985\/"]}]},{"@type":"ImageObject","inLanguage":"cs","@id":"https:\/\/www.domkraftpro.com\/index.php\/produkt\/akce-pmh-rosendal-420-x-950-mm-r1-6-koupelnovy-radiator-68985\/#primaryimage","url":"https:\/\/www.domkraftpro.com\/wp-content\/uploads\/2026\/SK0009020-CZ20260425-093631-0-1777080994-250512_otopne-teleso-radiator-topny-zebrik--pmh-rosendal-42.webp","contentUrl":"https:\/\/www.domkraftpro.com\/wp-content\/uploads\/2026\/SK0009020-CZ20260425-093631-0-1777080994-250512_otopne-teleso-radiator-topny-zebrik--pmh-rosendal-42.webp","width":1000,"height":750},{"@type":"BreadcrumbList","@id":"https:\/\/www.domkraftpro.com\/index.php\/produkt\/akce-pmh-rosendal-420-x-950-mm-r1-6-koupelnovy-radiator-68985\/#breadcrumb","itemListElement":[{"@type":"ListItem","position":1,"name":"Home","item":"https:\/\/www.domkraftpro.com\/"},{"@type":"ListItem","position":2,"name":"Products","item":"https:\/\/www.domkraftpro.com\/index.php\/products\/"},{"@type":"ListItem","position":3,"name":"Akce PMH Rosendal 420 x 950 mm R1\/6 koupelnov\u00fd radi\u00e1tor"}]},{"@type":"WebSite","@id":"https:\/\/www.domkraftpro.com\/#website","url":"https:\/\/www.domkraftpro.com\/","name":"","description":"","potentialAction":[{"@type":"SearchAction","target":{"@type":"EntryPoint","urlTemplate":"https:\/\/www.domkraftpro.com\/?s={search_term_string}"},"query-input":{"@type":"PropertyValueSpecification","valueRequired":true,"valueName":"search_term_string"}}],"inLanguage":"cs"}]}},"_links":{"self":[{"href":"https:\/\/www.domkraftpro.com\/index.php\/wp-json\/wp\/v2\/product\/68985","targetHints":{"allow":["GET"]}}],"collection":[{"href":"https:\/\/www.domkraftpro.com\/index.php\/wp-json\/wp\/v2\/product"}],"about":[{"href":"https:\/\/www.domkraftpro.com\/index.php\/wp-json\/wp\/v2\/types\/product"}],"replies":[{"embeddable":true,"href":"https:\/\/www.domkraftpro.com\/index.php\/wp-json\/wp\/v2\/comments?post=68985"}],"wp:featuredmedia":[{"embeddable":true,"href":"https:\/\/www.domkraftpro.com\/index.php\/wp-json\/wp\/v2\/media\/69085"}],"wp:attachment":[{"href":"https:\/\/www.domkraftpro.com\/index.php\/wp-json\/wp\/v2\/media?parent=68985"}],"wp:term":[{"taxonomy":"product_brand","embeddable":true,"href":"https:\/\/www.domkraftpro.com\/index.php\/wp-json\/wp\/v2\/product_brand?post=68985"},{"taxonomy":"product_cat","embeddable":true,"href":"https:\/\/www.domkraftpro.com\/index.php\/wp-json\/wp\/v2\/product_cat?post=68985"},{"taxonomy":"product_tag","embeddable":true,"href":"https:\/\/www.domkraftpro.com\/index.php\/wp-json\/wp\/v2\/product_tag?post=68985"}],"curies":[{"name":"wp","href":"https:\/\/api.w.org\/{rel}","templated":true}]}}