{"id":68965,"date":"2026-04-27T04:43:33","date_gmt":"2026-04-27T04:43:33","guid":{"rendered":""},"modified":"2026-04-27T04:43:33","modified_gmt":"2026-04-27T04:43:33","slug":"akce-polysan-flexia-vanicka-z-liteho-mramoru-ctvrtkruh-s-moznosti-upravy-rozmeru-110x80cm-r550-prava-91271-68965","status":"publish","type":"product","link":"https:\/\/www.domkraftpro.com\/index.php\/produkt\/akce-polysan-flexia-vanicka-z-liteho-mramoru-ctvrtkruh-s-moznosti-upravy-rozmeru-110x80cm-r550-prava-91271-68965\/","title":{"rendered":"Akce Polysan FLEXIA vani\u010dka z lit\u00e9ho mramoru \u010dtvrtkruh, s mo\u017enost\u00ed \u00fapravy rozm\u011bru, 110x80cm, R550, prav\u00e1 91271"},"content":{"rendered":"<div class=\"basic-description\">\n<h3>Detailn\u00ed popis produktu<\/h3>\n<p><\/p>\n<p style=\"text-align: justify;\"><span>Vani\u010dka z lit\u00e9ho mramoru FLEXIA je prav\u00fdm \u0159e\u0161en\u00edm zejm\u00e9na p\u0159i v\u00fdm\u011bn\u011b vany za sprchov\u00fd kout. Elegantn\u00ed design vani\u010dky, ke kter\u00e9 je na v\u00fdb\u011br sifon s krytkou ve t\u0159ech barevn\u00fdch proveden\u00edch, dod\u00e1 va\u0161emu sprchov\u00e9mu koutu nezam\u011bniteln\u00fd a origin\u00e1ln\u00ed vzhled.<\/span><\/p>\n<ul style=\"text-align: justify;\">\n<li style=\"text-align: justify;\">Konstrukce podlahy &#8211; vani\u010dky umo\u017e\u0148uje jej\u00ed instalaci i do zcela netypick\u00fdch prostor jako jsou kouty s v\u00fd\u0159ezy, pop\u0159. do kout\u016f nepravideln\u00e9ho tvaru (vani\u010dky s \u00fakosem)<\/li>\n<li style=\"text-align: justify;\"><span>Sprchovou podlahu je mo\u017en\u00e9 \u0159ezem upravit na po\u017eadovan\u00fd rozm\u011br. \u0158ez podlahou FLEXIA mus\u00ed b\u00fdt rovn\u00fd (kr\u00e1cen\u00ed, \u00fakosy, v\u00fd\u0159ezy), nelze \u0159ezat do r\u00e1diusu (oblouky). Po\u017eadavek na \u00fapravu rozm\u011bru uv\u00e1d\u011bjte z\u00e1rove\u0148 s objedn\u00e1vkou vani\u010dky.<\/span><\/li>\n<li>P\u0159\u00edplatek za \u00fapravu rozm\u011bru dle platn\u00e9ho cen\u00edku<span><\/span><\/li>\n<li style=\"text-align: justify;\">\u010ctvercov\u00e9 a obd\u00e9ln\u00edkov\u00e9 vani\u010dky nab\u00edz\u00edme v \u0161\u00ed\u0159ce od 80 do 180 cm a v d\u00e9lce od 70 do 100 cm<\/li>\n<li style=\"text-align: justify;\">\u010ctvrtkruhov\u00e9 vani\u010dky nab\u00edz\u00edme v rozm\u011brech 80&#215;80 a\u017e 120&#215;90 cm<\/li>\n<li style=\"text-align: justify;\">Vani\u010dky lze instalovat s no\u017ei\u010dkami; vhodn\u00fd typ no\u017ei\u010dek je uveden u ka\u017ed\u00e9 vani\u010dky.&nbsp;<\/li>\n<li style=\"text-align: justify;\">Standardn\u00ed proveden\u00ed v b\u00edl\u00e9 barv\u011b, mo\u017eno objednat i barevn\u00e9 proveden\u00ed dle vzorn\u00edku RAL za p\u0159\u00edplatek 30 % k z\u00e1kladn\u00ed cen\u011b<\/li>\n<\/ul>\n<p style=\"text-align: justify;\">P\u0159i zad\u00e1v\u00e1n\u00ed rozm\u011br\u016f je d\u016fle\u017eit\u00e9 po\u010d\u00edtat s toleranc\u00ed na p\u0159esnost \u0159ezu. Sprchov\u00e9 podlahy FLEXIA jsou \u0159ez\u00e1ny na po\u017eadovan\u00fd rozm\u011br na strojn\u00ed form\u00e1tovac\u00ed pile s toleranc\u00ed \u00b1 2 mm na metr \u0159ezu. N\u00e1sledn\u00fd \u0159ez nen\u00ed pohledov\u00fd.<br \/><span style=\"line-height: 1.5;\">Um\u00edst\u011bn\u00ed otvoru na sifon je pevn\u011b dan\u00fd a nelze ho zm\u011bnit. Okolo sifonu je, vzhledem k pevnosti podlahy, doporu\u010deno p\u0159\u00edpadn\u00fd \u0159ez v\u00e9st minim\u00e1ln\u011b 15 cm od st\u0159edu sifonu.&nbsp;<br \/><span>Z&nbsp;d\u016fvodu dilatace nedoporu\u010dujeme mont\u00e1\u017e vani\u010dek pod obklad.<\/span><\/span><\/p>\n<ul>\n<li style=\"text-align: justify;\"><strong>Nutno objednat samostatn\u011b speci\u00e1ln\u00ed sifon s krytkou. Na v\u00fdb\u011br je sifon s krytkou v nerezu, b\u00edl\u00e9, \u010dern\u00e9 nebo zlat\u00e9 matn\u00e9 barv\u011b.<\/strong><\/li>\n<\/ul>\n<p style=\"text-align: justify;\">Na sprchov\u00e9 vani\u010dky POLYSAN vyroben\u00e9 z lit\u00e9ho mramoru poskytujeme z\u00e1ruku 2 roky.&nbsp;Podm\u00ednkou z\u00e1ruky je spr\u00e1vn\u00e9 usazen\u00ed podle n\u00e1vodu.<\/p>\n<p>P\u0159\u00edklady atypick\u00e9ho \u0159ezu:<\/p>\n<p style=\"float: left; width: 50%;\">\n<p style=\"float: left; width: 50%;\">\n<p style=\"clear: both;\">\n<h2 class=\"props-title\">Vlastnosti<\/h2>\n<table>\n<tr>\n<th>Zna\u010dka<\/th>\n<td>POLYSAN<\/td>\n<\/tr>\n<tr>\n<th>S\u00e9rie<\/th>\n<td>FLEXIA<\/td>\n<\/tr>\n<tr>\n<th>Rozm\u011br<\/th>\n<td>110x80x2,5 cm<\/td>\n<\/tr>\n<tr>\n<th>D\u00e9lka<\/th>\n<td>1100&nbsp;mm<\/td>\n<\/tr>\n<tr>\n<th>\u0160\u00ed\u0159ka<\/th>\n<td>800&nbsp;mm<\/td>\n<\/tr>\n<tr>\n<th>V\u00fd\u0161ka<\/th>\n<td>25&nbsp;mm<\/td>\n<\/tr>\n<tr>\n<th>Barva<\/th>\n<td>B\u00edl\u00e1<\/td>\n<\/tr>\n<tr>\n<th>Materi\u00e1l<\/th>\n<td>Lit\u00fd mramor<\/td>\n<\/tr>\n<tr>\n<th>Tvar<\/th>\n<td>Asymetrick\u00e9<\/td>\n<\/tr>\n<tr>\n<th>Pr\u016fm\u011br odpadu<\/th>\n<td>90&nbsp;mm<\/td>\n<\/tr>\n<tr>\n<th>R\u00e1dius<\/th>\n<td>R550<\/td>\n<\/tr>\n<tr>\n<th>Hmotnost \/ ks<\/th>\n<td>47.0000&nbsp;kg<\/td>\n<\/tr>\n<tr>\n<th>Balen\u00ed<\/th>\n<td>1&nbsp;ks<\/td>\n<\/tr>\n<tr>\n<th>EAN<\/th>\n<td>8590729000778<\/td>\n<\/tr>\n<tr>\n<th>Taric<\/th>\n<td>39221000<\/td>\n<\/tr>\n<tr>\n<th>Z\u00e1ruka<\/th>\n<td>2 roky<\/td>\n<\/tr>\n<\/table>\n<div class=\"product-explanation-item\">\n<h3><strong>Lit\u00fd mramor &#8211; materi\u00e1l s tepeln\u011b-izola\u010dn\u00edmi vlastnostmi, kter\u00e9 ocen\u00edte p\u0159i ka\u017ed\u00e9m doteku<\/strong><\/h3>\n<p style=\"text-align: justify;\">Pou\u017e\u00edv\u00e1 se pro v\u00fdrobu sprchov\u00fdch vani\u010dek, van, umyvadel i dal\u0161\u00edch produkt\u016f. Vyr\u00e1b\u00ed se ze sm\u011bsi mlet\u00e9ho v\u00e1pence, skl\u00e1\u0159sk\u00e9ho p\u00edsku, polyesterov\u00e9 prysky\u0159ice a barviv. V\u00fdrobky z lit\u00e9ho mramoru se vyzna\u010duj\u00ed vysokou pevnost\u00ed, nulov\u00fdm pr\u016fhybem, stabilitou a elegantn\u00edm designem.<\/p>\n<\/div>\n<p>   Upozorn\u011bn\u00ed pro z\u00e1kazn\u00edky ke koupi produkt\u016f na objedn\u00e1n\u00ed: Toto zbo\u017e\u00ed nen\u00ed standardn\u00edm s\u00e9riov\u00fdm v\u00fdrobkem. Bude vyrobeno na p\u0159\u00e1n\u00ed z\u00e1kazn\u00edka a proto jej nelze dodavateli v z\u00e1konn\u00e9 lh\u016ft\u011b vr\u00e1tit. (viz \u00a71837 odst.d, ob\u010dansk\u00e9ho z\u00e1kon\u00edku). V tomto p\u0159\u00edpad\u011b m\u016f\u017eeme po\u017eadovat nevratnou z\u00e1lohu a\u017e do v\u00fd\u0161e 100 % z ceny v\u00fdrobku.                            <\/p><\/div>\n","protected":false},"excerpt":{"rendered":"<p>Detailn\u00ed popis produktu Vani\u010dka z lit\u00e9ho mramoru FLEXIA je prav\u00fdm \u0159e\u0161en\u00edm zejm\u00e9na p\u0159i v\u00fdm\u011bn\u011b vany za sprchov\u00fd kout. Elegantn\u00ed design vani\u010dky, ke kter\u00e9 je na v\u00fdb\u011br sifon s krytkou ve t\u0159ech barevn\u00fdch proveden\u00edch, dod\u00e1 va\u0161emu sprchov\u00e9mu koutu nezam\u011bniteln\u00fd a origin\u00e1ln\u00ed vzhled. Konstrukce podlahy &#8211; vani\u010dky umo\u017e\u0148uje jej\u00ed instalaci i do zcela netypick\u00fdch prostor jako jsou [&hellip;]<\/p>\n","protected":false},"featured_media":69065,"comment_status":"open","ping_status":"open","template":"","meta":[],"product_brand":[],"product_cat":[67],"product_tag":[],"class_list":{"0":"post-68965","1":"product","2":"type-product","3":"status-publish","4":"has-post-thumbnail","6":"product_cat-sprchove-kouty","8":"first","9":"instock","10":"sale","11":"shipping-taxable","12":"purchasable","13":"product-type-simple"},"yoast_head":"<!-- This site is optimized with the Yoast SEO plugin v26.8 - https:\/\/yoast.com\/product\/yoast-seo-wordpress\/ -->\n<title>Akce Polysan FLEXIA vani\u010dka z lit\u00e9ho mramoru \u010dtvrtkruh, s mo\u017enost\u00ed \u00fapravy rozm\u011bru, 110x80cm, R550, prav\u00e1 91271 -<\/title>\n<meta name=\"robots\" content=\"index, follow, max-snippet:-1, max-image-preview:large, max-video-preview:-1\" \/>\n<link rel=\"canonical\" href=\"https:\/\/www.domkraftpro.com\/index.php\/produkt\/akce-polysan-flexia-vanicka-z-liteho-mramoru-ctvrtkruh-s-moznosti-upravy-rozmeru-110x80cm-r550-prava-91271-68965\/\" \/>\n<meta property=\"og:locale\" content=\"cs_CZ\" \/>\n<meta property=\"og:type\" content=\"article\" \/>\n<meta property=\"og:title\" content=\"Akce Polysan FLEXIA vani\u010dka z lit\u00e9ho mramoru \u010dtvrtkruh, s mo\u017enost\u00ed \u00fapravy rozm\u011bru, 110x80cm, R550, prav\u00e1 91271 -\" \/>\n<meta property=\"og:description\" content=\"Detailn\u00ed popis produktu Vani\u010dka z lit\u00e9ho mramoru FLEXIA je prav\u00fdm \u0159e\u0161en\u00edm zejm\u00e9na p\u0159i v\u00fdm\u011bn\u011b vany za sprchov\u00fd kout. Elegantn\u00ed design vani\u010dky, ke kter\u00e9 je na v\u00fdb\u011br sifon s krytkou ve t\u0159ech barevn\u00fdch proveden\u00edch, dod\u00e1 va\u0161emu sprchov\u00e9mu koutu nezam\u011bniteln\u00fd a origin\u00e1ln\u00ed vzhled. Konstrukce podlahy &#8211; vani\u010dky umo\u017e\u0148uje jej\u00ed instalaci i do zcela netypick\u00fdch prostor jako jsou [&hellip;]\" \/>\n<meta property=\"og:url\" content=\"https:\/\/www.domkraftpro.com\/index.php\/produkt\/akce-polysan-flexia-vanicka-z-liteho-mramoru-ctvrtkruh-s-moznosti-upravy-rozmeru-110x80cm-r550-prava-91271-68965\/\" \/>\n<meta property=\"og:image\" content=\"https:\/\/www.domkraftpro.com\/wp-content\/uploads\/2026\/SK0008998-CZ20260425-093631-0-1777080994-245883-1_polysan-flexia-vanicka-z-liteho-mramoru-ctvrtkruh-.webp\" \/>\n\t<meta property=\"og:image:width\" content=\"1000\" \/>\n\t<meta property=\"og:image:height\" content=\"750\" \/>\n\t<meta property=\"og:image:type\" content=\"image\/webp\" \/>\n<meta name=\"twitter:card\" content=\"summary_large_image\" \/>\n<meta name=\"twitter:label1\" content=\"Odhadovan\u00e1 doba \u010dten\u00ed\" \/>\n\t<meta name=\"twitter:data1\" content=\"3 minuty\" \/>\n<script type=\"application\/ld+json\" class=\"yoast-schema-graph\">{\"@context\":\"https:\/\/schema.org\",\"@graph\":[{\"@type\":\"WebPage\",\"@id\":\"https:\/\/www.domkraftpro.com\/index.php\/produkt\/akce-polysan-flexia-vanicka-z-liteho-mramoru-ctvrtkruh-s-moznosti-upravy-rozmeru-110x80cm-r550-prava-91271-68965\/\",\"url\":\"https:\/\/www.domkraftpro.com\/index.php\/produkt\/akce-polysan-flexia-vanicka-z-liteho-mramoru-ctvrtkruh-s-moznosti-upravy-rozmeru-110x80cm-r550-prava-91271-68965\/\",\"name\":\"Akce Polysan FLEXIA vani\u010dka z lit\u00e9ho mramoru \u010dtvrtkruh, s mo\u017enost\u00ed \u00fapravy rozm\u011bru, 110x80cm, R550, prav\u00e1 91271 -\",\"isPartOf\":{\"@id\":\"https:\/\/www.domkraftpro.com\/#website\"},\"primaryImageOfPage\":{\"@id\":\"https:\/\/www.domkraftpro.com\/index.php\/produkt\/akce-polysan-flexia-vanicka-z-liteho-mramoru-ctvrtkruh-s-moznosti-upravy-rozmeru-110x80cm-r550-prava-91271-68965\/#primaryimage\"},\"image\":{\"@id\":\"https:\/\/www.domkraftpro.com\/index.php\/produkt\/akce-polysan-flexia-vanicka-z-liteho-mramoru-ctvrtkruh-s-moznosti-upravy-rozmeru-110x80cm-r550-prava-91271-68965\/#primaryimage\"},\"thumbnailUrl\":\"https:\/\/www.domkraftpro.com\/wp-content\/uploads\/2026\/SK0008998-CZ20260425-093631-0-1777080994-245883-1_polysan-flexia-vanicka-z-liteho-mramoru-ctvrtkruh-.webp\",\"datePublished\":\"2026-04-27T04:43:33+00:00\",\"breadcrumb\":{\"@id\":\"https:\/\/www.domkraftpro.com\/index.php\/produkt\/akce-polysan-flexia-vanicka-z-liteho-mramoru-ctvrtkruh-s-moznosti-upravy-rozmeru-110x80cm-r550-prava-91271-68965\/#breadcrumb\"},\"inLanguage\":\"cs\",\"potentialAction\":[{\"@type\":\"ReadAction\",\"target\":[\"https:\/\/www.domkraftpro.com\/index.php\/produkt\/akce-polysan-flexia-vanicka-z-liteho-mramoru-ctvrtkruh-s-moznosti-upravy-rozmeru-110x80cm-r550-prava-91271-68965\/\"]}]},{\"@type\":\"ImageObject\",\"inLanguage\":\"cs\",\"@id\":\"https:\/\/www.domkraftpro.com\/index.php\/produkt\/akce-polysan-flexia-vanicka-z-liteho-mramoru-ctvrtkruh-s-moznosti-upravy-rozmeru-110x80cm-r550-prava-91271-68965\/#primaryimage\",\"url\":\"https:\/\/www.domkraftpro.com\/wp-content\/uploads\/2026\/SK0008998-CZ20260425-093631-0-1777080994-245883-1_polysan-flexia-vanicka-z-liteho-mramoru-ctvrtkruh-.webp\",\"contentUrl\":\"https:\/\/www.domkraftpro.com\/wp-content\/uploads\/2026\/SK0008998-CZ20260425-093631-0-1777080994-245883-1_polysan-flexia-vanicka-z-liteho-mramoru-ctvrtkruh-.webp\",\"width\":1000,\"height\":750},{\"@type\":\"BreadcrumbList\",\"@id\":\"https:\/\/www.domkraftpro.com\/index.php\/produkt\/akce-polysan-flexia-vanicka-z-liteho-mramoru-ctvrtkruh-s-moznosti-upravy-rozmeru-110x80cm-r550-prava-91271-68965\/#breadcrumb\",\"itemListElement\":[{\"@type\":\"ListItem\",\"position\":1,\"name\":\"Home\",\"item\":\"https:\/\/www.domkraftpro.com\/\"},{\"@type\":\"ListItem\",\"position\":2,\"name\":\"Products\",\"item\":\"https:\/\/www.domkraftpro.com\/index.php\/products\/\"},{\"@type\":\"ListItem\",\"position\":3,\"name\":\"Akce Polysan FLEXIA vani\u010dka z lit\u00e9ho mramoru \u010dtvrtkruh, s mo\u017enost\u00ed \u00fapravy rozm\u011bru, 110x80cm, R550, prav\u00e1 91271\"}]},{\"@type\":\"WebSite\",\"@id\":\"https:\/\/www.domkraftpro.com\/#website\",\"url\":\"https:\/\/www.domkraftpro.com\/\",\"name\":\"\",\"description\":\"\",\"potentialAction\":[{\"@type\":\"SearchAction\",\"target\":{\"@type\":\"EntryPoint\",\"urlTemplate\":\"https:\/\/www.domkraftpro.com\/?s={search_term_string}\"},\"query-input\":{\"@type\":\"PropertyValueSpecification\",\"valueRequired\":true,\"valueName\":\"search_term_string\"}}],\"inLanguage\":\"cs\"}]}<\/script>\n<!-- \/ Yoast SEO plugin. -->","yoast_head_json":{"title":"Akce Polysan FLEXIA vani\u010dka z lit\u00e9ho mramoru \u010dtvrtkruh, s mo\u017enost\u00ed \u00fapravy rozm\u011bru, 110x80cm, R550, prav\u00e1 91271 -","robots":{"index":"index","follow":"follow","max-snippet":"max-snippet:-1","max-image-preview":"max-image-preview:large","max-video-preview":"max-video-preview:-1"},"canonical":"https:\/\/www.domkraftpro.com\/index.php\/produkt\/akce-polysan-flexia-vanicka-z-liteho-mramoru-ctvrtkruh-s-moznosti-upravy-rozmeru-110x80cm-r550-prava-91271-68965\/","og_locale":"cs_CZ","og_type":"article","og_title":"Akce Polysan FLEXIA vani\u010dka z lit\u00e9ho mramoru \u010dtvrtkruh, s mo\u017enost\u00ed \u00fapravy rozm\u011bru, 110x80cm, R550, prav\u00e1 91271 -","og_description":"Detailn\u00ed popis produktu Vani\u010dka z lit\u00e9ho mramoru FLEXIA je prav\u00fdm \u0159e\u0161en\u00edm zejm\u00e9na p\u0159i v\u00fdm\u011bn\u011b vany za sprchov\u00fd kout. Elegantn\u00ed design vani\u010dky, ke kter\u00e9 je na v\u00fdb\u011br sifon s krytkou ve t\u0159ech barevn\u00fdch proveden\u00edch, dod\u00e1 va\u0161emu sprchov\u00e9mu koutu nezam\u011bniteln\u00fd a origin\u00e1ln\u00ed vzhled. Konstrukce podlahy &#8211; vani\u010dky umo\u017e\u0148uje jej\u00ed instalaci i do zcela netypick\u00fdch prostor jako jsou [&hellip;]","og_url":"https:\/\/www.domkraftpro.com\/index.php\/produkt\/akce-polysan-flexia-vanicka-z-liteho-mramoru-ctvrtkruh-s-moznosti-upravy-rozmeru-110x80cm-r550-prava-91271-68965\/","og_image":[{"width":1000,"height":750,"url":"https:\/\/www.domkraftpro.com\/wp-content\/uploads\/2026\/SK0008998-CZ20260425-093631-0-1777080994-245883-1_polysan-flexia-vanicka-z-liteho-mramoru-ctvrtkruh-.webp","type":"image\/webp"}],"twitter_card":"summary_large_image","twitter_misc":{"Odhadovan\u00e1 doba \u010dten\u00ed":"3 minuty"},"schema":{"@context":"https:\/\/schema.org","@graph":[{"@type":"WebPage","@id":"https:\/\/www.domkraftpro.com\/index.php\/produkt\/akce-polysan-flexia-vanicka-z-liteho-mramoru-ctvrtkruh-s-moznosti-upravy-rozmeru-110x80cm-r550-prava-91271-68965\/","url":"https:\/\/www.domkraftpro.com\/index.php\/produkt\/akce-polysan-flexia-vanicka-z-liteho-mramoru-ctvrtkruh-s-moznosti-upravy-rozmeru-110x80cm-r550-prava-91271-68965\/","name":"Akce Polysan FLEXIA vani\u010dka z lit\u00e9ho mramoru \u010dtvrtkruh, s mo\u017enost\u00ed \u00fapravy rozm\u011bru, 110x80cm, R550, prav\u00e1 91271 -","isPartOf":{"@id":"https:\/\/www.domkraftpro.com\/#website"},"primaryImageOfPage":{"@id":"https:\/\/www.domkraftpro.com\/index.php\/produkt\/akce-polysan-flexia-vanicka-z-liteho-mramoru-ctvrtkruh-s-moznosti-upravy-rozmeru-110x80cm-r550-prava-91271-68965\/#primaryimage"},"image":{"@id":"https:\/\/www.domkraftpro.com\/index.php\/produkt\/akce-polysan-flexia-vanicka-z-liteho-mramoru-ctvrtkruh-s-moznosti-upravy-rozmeru-110x80cm-r550-prava-91271-68965\/#primaryimage"},"thumbnailUrl":"https:\/\/www.domkraftpro.com\/wp-content\/uploads\/2026\/SK0008998-CZ20260425-093631-0-1777080994-245883-1_polysan-flexia-vanicka-z-liteho-mramoru-ctvrtkruh-.webp","datePublished":"2026-04-27T04:43:33+00:00","breadcrumb":{"@id":"https:\/\/www.domkraftpro.com\/index.php\/produkt\/akce-polysan-flexia-vanicka-z-liteho-mramoru-ctvrtkruh-s-moznosti-upravy-rozmeru-110x80cm-r550-prava-91271-68965\/#breadcrumb"},"inLanguage":"cs","potentialAction":[{"@type":"ReadAction","target":["https:\/\/www.domkraftpro.com\/index.php\/produkt\/akce-polysan-flexia-vanicka-z-liteho-mramoru-ctvrtkruh-s-moznosti-upravy-rozmeru-110x80cm-r550-prava-91271-68965\/"]}]},{"@type":"ImageObject","inLanguage":"cs","@id":"https:\/\/www.domkraftpro.com\/index.php\/produkt\/akce-polysan-flexia-vanicka-z-liteho-mramoru-ctvrtkruh-s-moznosti-upravy-rozmeru-110x80cm-r550-prava-91271-68965\/#primaryimage","url":"https:\/\/www.domkraftpro.com\/wp-content\/uploads\/2026\/SK0008998-CZ20260425-093631-0-1777080994-245883-1_polysan-flexia-vanicka-z-liteho-mramoru-ctvrtkruh-.webp","contentUrl":"https:\/\/www.domkraftpro.com\/wp-content\/uploads\/2026\/SK0008998-CZ20260425-093631-0-1777080994-245883-1_polysan-flexia-vanicka-z-liteho-mramoru-ctvrtkruh-.webp","width":1000,"height":750},{"@type":"BreadcrumbList","@id":"https:\/\/www.domkraftpro.com\/index.php\/produkt\/akce-polysan-flexia-vanicka-z-liteho-mramoru-ctvrtkruh-s-moznosti-upravy-rozmeru-110x80cm-r550-prava-91271-68965\/#breadcrumb","itemListElement":[{"@type":"ListItem","position":1,"name":"Home","item":"https:\/\/www.domkraftpro.com\/"},{"@type":"ListItem","position":2,"name":"Products","item":"https:\/\/www.domkraftpro.com\/index.php\/products\/"},{"@type":"ListItem","position":3,"name":"Akce Polysan FLEXIA vani\u010dka z lit\u00e9ho mramoru \u010dtvrtkruh, s mo\u017enost\u00ed \u00fapravy rozm\u011bru, 110x80cm, R550, prav\u00e1 91271"}]},{"@type":"WebSite","@id":"https:\/\/www.domkraftpro.com\/#website","url":"https:\/\/www.domkraftpro.com\/","name":"","description":"","potentialAction":[{"@type":"SearchAction","target":{"@type":"EntryPoint","urlTemplate":"https:\/\/www.domkraftpro.com\/?s={search_term_string}"},"query-input":{"@type":"PropertyValueSpecification","valueRequired":true,"valueName":"search_term_string"}}],"inLanguage":"cs"}]}},"_links":{"self":[{"href":"https:\/\/www.domkraftpro.com\/index.php\/wp-json\/wp\/v2\/product\/68965","targetHints":{"allow":["GET"]}}],"collection":[{"href":"https:\/\/www.domkraftpro.com\/index.php\/wp-json\/wp\/v2\/product"}],"about":[{"href":"https:\/\/www.domkraftpro.com\/index.php\/wp-json\/wp\/v2\/types\/product"}],"replies":[{"embeddable":true,"href":"https:\/\/www.domkraftpro.com\/index.php\/wp-json\/wp\/v2\/comments?post=68965"}],"wp:featuredmedia":[{"embeddable":true,"href":"https:\/\/www.domkraftpro.com\/index.php\/wp-json\/wp\/v2\/media\/69065"}],"wp:attachment":[{"href":"https:\/\/www.domkraftpro.com\/index.php\/wp-json\/wp\/v2\/media?parent=68965"}],"wp:term":[{"taxonomy":"product_brand","embeddable":true,"href":"https:\/\/www.domkraftpro.com\/index.php\/wp-json\/wp\/v2\/product_brand?post=68965"},{"taxonomy":"product_cat","embeddable":true,"href":"https:\/\/www.domkraftpro.com\/index.php\/wp-json\/wp\/v2\/product_cat?post=68965"},{"taxonomy":"product_tag","embeddable":true,"href":"https:\/\/www.domkraftpro.com\/index.php\/wp-json\/wp\/v2\/product_tag?post=68965"}],"curies":[{"name":"wp","href":"https:\/\/api.w.org\/{rel}","templated":true}]}}