{"id":68780,"date":"2026-04-27T04:43:32","date_gmt":"2026-04-27T04:43:32","guid":{"rendered":""},"modified":"2026-04-27T04:43:32","modified_gmt":"2026-04-27T04:43:32","slug":"akce-sapho-twin-combi-pripojovaci-sada-ventilu-termostaticka-pro-stredove-pripojeni-prava-nerez-mat-cp5510s-68780","status":"publish","type":"product","link":"https:\/\/www.domkraftpro.com\/produkt\/akce-sapho-twin-combi-pripojovaci-sada-ventilu-termostaticka-pro-stredove-pripojeni-prava-nerez-mat-cp5510s-68780\/","title":{"rendered":"Akce Sapho TWIN COMBI p\u0159ipojovac\u00ed sada ventil\u016f termostatick\u00e1 pro st\u0159edov\u00e9 p\u0159ipojen\u00ed, prav\u00e1, nerez mat CP5510S"},"content":{"rendered":"<div class=\"basic-description\">\n<h3>Detailn\u00ed popis produktu<\/h3>\n<p><\/p>\n<h2 class=\"props-title\">Vlastnosti<\/h2>\n<table>\n<tr>\n<th>Zna\u010dka<\/th>\n<td>SAPHO<\/td>\n<\/tr>\n<tr>\n<th>Barva<\/th>\n<td>Brou\u0161en\u00fd nerez<\/td>\n<\/tr>\n<tr>\n<th>Mo\u017enost vyt\u00e1p\u011bn\u00ed<\/th>\n<td>Kombinovan\u00e9 vyt\u00e1p\u011bn\u00ed<\/td>\n<\/tr>\n<tr>\n<th>V\u00fdbava<\/th>\n<td>Termostat, hlavice vpravo, St\u0159edov\u00e9 50 mm<\/td>\n<\/tr>\n<tr>\n<th>Hmotnost \/ ks<\/th>\n<td>1.0300&nbsp;kg<\/td>\n<\/tr>\n<tr>\n<th>Balen\u00ed<\/th>\n<td>1&nbsp;ks<\/td>\n<\/tr>\n<tr>\n<th>EAN<\/th>\n<td>8590913897870<\/td>\n<\/tr>\n<tr>\n<th>Taric<\/th>\n<td>84818051<\/td>\n<\/tr>\n<tr>\n<th>Z\u00e1ruka<\/th>\n<td>2 roky<\/td>\n<\/tr>\n<\/table>\n<div class=\"product-explanation-item\">\n<h3>Kombinace \u00fast\u0159edn\u00edho a elektrick\u00e9ho vyt\u00e1p\u011bn\u00ed<\/h3>\n<p style=\"text-align: justify;\">Kombinovan\u00e9 p\u0159ipojen\u00ed umo\u017e\u0148uje oh\u0159\u00edvat t\u011bleso jak centr\u00e1ln\u00edm syst\u00e9mem vyt\u00e1p\u011bn\u00ed, tak vyu\u017e\u00edt pro samostatn\u00fd oh\u0159ev elektrickou topnou ty\u010d mimo topnou sezonu. Topnou ty\u010d doporu\u010dujeme se stejn\u00fdm nebo podobn\u00fdm v\u00fdkonem dle specifikace dan\u00e9ho topn\u00e9ho t\u011blesa.<\/p>\n<p style=\"text-align: justify;\">Pokud se jedn\u00e1 o t\u011bleso se st\u0159edov\u00fdm p\u0159ipojen\u00edm, z\u00e1le\u017e\u00ed na tom, zda lze ty\u010d propojit p\u0159es ventil (v tomto p\u0159\u00edpad\u011b se pou\u017eije kombinovan\u00fd ventil) nebo se ty\u010d p\u0159ipojuje samostatn\u011b do stojny t\u011blesa (v tomto p\u0159\u00edpad\u011b se pou\u017eije klasick\u00fd ventil). V p\u0159\u00edpad\u011b bo\u010dn\u00edho p\u0159ipojen\u00ed se v\u017edy pou\u017eije kombinovan\u00fd ventil. Na v\u00fdb\u011br je pou\u017eit\u00ed ru\u010dn\u00edho ventilu nebo ventilu s termostatickou hlavic\u00ed. <\/p>\n<p style=\"text-align: justify;\"><strong>Ru\u010dn\u00ed ventil:<\/strong> Ovl\u00e1d\u00e1n\u00ed regulace teploty je manu\u00e1ln\u00ed. P\u0159\u00edvod tepl\u00e9 vody lze p\u0159ipojit na levou \/ pravou stranu ventilu bez omezen\u00ed.<br \/><strong>Ventil s termostatickou hlavic\u00ed:<\/strong> Integrovan\u00fd termostat udr\u017euje nastavenou teplotu okol\u00ed. <strong>Termostatick\u00e1 hlavice mus\u00ed b\u00fdt v m\u00edst\u011b p\u0159\u00edvodu tepl\u00e9 vody (mimo MONO ONE).<\/strong><\/p>\n<p style=\"text-align: justify;\">N\u00e1mi nab\u00edzen\u00e9 p\u0159ipojovac\u00ed ventily jsou dod\u00e1v\u00e1ny v\u010detn\u011b sv\u011brn\u00e9ho \u0161rouben\u00ed na nejb\u011b\u017en\u011bj\u0161\u00ed potrub\u00ed (\u00d815 mm Cu a \u00d816 mm Alupex), pro dopojen\u00ed tak nen\u00ed t\u0159eba nic dokupovat. Pro zakryt\u00ed p\u0159\u00edvodn\u00edch trubek a otvor\u016f ve zdi doporu\u010dujeme p\u0159ikoupit kryc\u00ed rozety.<\/p>\n<\/div>\n<p>   Upozorn\u011bn\u00ed pro z\u00e1kazn\u00edky ke koupi produkt\u016f na objedn\u00e1n\u00ed: Toto zbo\u017e\u00ed nen\u00ed standardn\u00edm s\u00e9riov\u00fdm v\u00fdrobkem. Bude vyrobeno na p\u0159\u00e1n\u00ed z\u00e1kazn\u00edka a proto jej nelze dodavateli v z\u00e1konn\u00e9 lh\u016ft\u011b vr\u00e1tit. (viz \u00a71837 odst.d, ob\u010dansk\u00e9ho z\u00e1kon\u00edku). V tomto p\u0159\u00edpad\u011b m\u016f\u017eeme po\u017eadovat nevratnou z\u00e1lohu a\u017e do v\u00fd\u0161e 100 % z ceny v\u00fdrobku.                            <\/p><\/div>\n","protected":false},"excerpt":{"rendered":"<p>Detailn\u00ed popis produktu Vlastnosti Zna\u010dka SAPHO Barva Brou\u0161en\u00fd nerez Mo\u017enost vyt\u00e1p\u011bn\u00ed Kombinovan\u00e9 vyt\u00e1p\u011bn\u00ed V\u00fdbava Termostat, hlavice vpravo, St\u0159edov\u00e9 50 mm Hmotnost \/ ks 1.0300&nbsp;kg Balen\u00ed 1&nbsp;ks EAN 8590913897870 Taric 84818051 Z\u00e1ruka 2 roky Kombinace \u00fast\u0159edn\u00edho a elektrick\u00e9ho vyt\u00e1p\u011bn\u00ed Kombinovan\u00e9 p\u0159ipojen\u00ed umo\u017e\u0148uje oh\u0159\u00edvat t\u011bleso jak centr\u00e1ln\u00edm syst\u00e9mem vyt\u00e1p\u011bn\u00ed, tak vyu\u017e\u00edt pro samostatn\u00fd oh\u0159ev elektrickou topnou ty\u010d [&hellip;]<\/p>\n","protected":false},"featured_media":68880,"comment_status":"open","ping_status":"open","template":"","meta":[],"product_brand":[],"product_cat":[114],"product_tag":[],"class_list":{"0":"post-68780","1":"product","2":"type-product","3":"status-publish","4":"has-post-thumbnail","6":"product_cat-vytapeni","8":"first","9":"instock","10":"sale","11":"shipping-taxable","12":"purchasable","13":"product-type-simple"},"yoast_head":"<!-- This site is optimized with the Yoast SEO plugin v26.8 - https:\/\/yoast.com\/product\/yoast-seo-wordpress\/ -->\n<title>Akce Sapho TWIN COMBI p\u0159ipojovac\u00ed sada ventil\u016f termostatick\u00e1 pro st\u0159edov\u00e9 p\u0159ipojen\u00ed, prav\u00e1, nerez mat CP5510S -<\/title>\n<meta name=\"robots\" content=\"index, follow, max-snippet:-1, max-image-preview:large, max-video-preview:-1\" \/>\n<link rel=\"canonical\" href=\"https:\/\/www.domkraftpro.com\/index.php\/produkt\/akce-sapho-twin-combi-pripojovaci-sada-ventilu-termostaticka-pro-stredove-pripojeni-prava-nerez-mat-cp5510s-68780\/\" \/>\n<meta property=\"og:locale\" content=\"cs_CZ\" \/>\n<meta property=\"og:type\" content=\"article\" \/>\n<meta property=\"og:title\" content=\"Akce Sapho TWIN COMBI p\u0159ipojovac\u00ed sada ventil\u016f termostatick\u00e1 pro st\u0159edov\u00e9 p\u0159ipojen\u00ed, prav\u00e1, nerez mat CP5510S -\" \/>\n<meta property=\"og:description\" content=\"Detailn\u00ed popis produktu Vlastnosti Zna\u010dka SAPHO Barva Brou\u0161en\u00fd nerez Mo\u017enost vyt\u00e1p\u011bn\u00ed Kombinovan\u00e9 vyt\u00e1p\u011bn\u00ed V\u00fdbava Termostat, hlavice vpravo, St\u0159edov\u00e9 50 mm Hmotnost \/ ks 1.0300&nbsp;kg Balen\u00ed 1&nbsp;ks EAN 8590913897870 Taric 84818051 Z\u00e1ruka 2 roky Kombinace \u00fast\u0159edn\u00edho a elektrick\u00e9ho vyt\u00e1p\u011bn\u00ed Kombinovan\u00e9 p\u0159ipojen\u00ed umo\u017e\u0148uje oh\u0159\u00edvat t\u011bleso jak centr\u00e1ln\u00edm syst\u00e9mem vyt\u00e1p\u011bn\u00ed, tak vyu\u017e\u00edt pro samostatn\u00fd oh\u0159ev elektrickou topnou ty\u010d [&hellip;]\" \/>\n<meta property=\"og:url\" content=\"https:\/\/www.domkraftpro.com\/index.php\/produkt\/akce-sapho-twin-combi-pripojovaci-sada-ventilu-termostaticka-pro-stredove-pripojeni-prava-nerez-mat-cp5510s-68780\/\" \/>\n<meta property=\"og:image\" content=\"https:\/\/www.domkraftpro.com\/wp-content\/uploads\/2026\/SK0008913-CZ20260425-093631-0-1777080994-245028-1_cp5510s-186822487444669.webp\" \/>\n\t<meta property=\"og:image:width\" content=\"1000\" \/>\n\t<meta property=\"og:image:height\" content=\"750\" \/>\n\t<meta property=\"og:image:type\" content=\"image\/webp\" \/>\n<meta name=\"twitter:card\" content=\"summary_large_image\" \/>\n<meta name=\"twitter:label1\" content=\"Odhadovan\u00e1 doba \u010dten\u00ed\" \/>\n\t<meta name=\"twitter:data1\" content=\"2 minuty\" \/>\n<script type=\"application\/ld+json\" class=\"yoast-schema-graph\">{\"@context\":\"https:\/\/schema.org\",\"@graph\":[{\"@type\":\"WebPage\",\"@id\":\"https:\/\/www.domkraftpro.com\/index.php\/produkt\/akce-sapho-twin-combi-pripojovaci-sada-ventilu-termostaticka-pro-stredove-pripojeni-prava-nerez-mat-cp5510s-68780\/\",\"url\":\"https:\/\/www.domkraftpro.com\/index.php\/produkt\/akce-sapho-twin-combi-pripojovaci-sada-ventilu-termostaticka-pro-stredove-pripojeni-prava-nerez-mat-cp5510s-68780\/\",\"name\":\"Akce Sapho TWIN COMBI p\u0159ipojovac\u00ed sada ventil\u016f termostatick\u00e1 pro st\u0159edov\u00e9 p\u0159ipojen\u00ed, prav\u00e1, nerez mat CP5510S -\",\"isPartOf\":{\"@id\":\"https:\/\/www.domkraftpro.com\/#website\"},\"primaryImageOfPage\":{\"@id\":\"https:\/\/www.domkraftpro.com\/index.php\/produkt\/akce-sapho-twin-combi-pripojovaci-sada-ventilu-termostaticka-pro-stredove-pripojeni-prava-nerez-mat-cp5510s-68780\/#primaryimage\"},\"image\":{\"@id\":\"https:\/\/www.domkraftpro.com\/index.php\/produkt\/akce-sapho-twin-combi-pripojovaci-sada-ventilu-termostaticka-pro-stredove-pripojeni-prava-nerez-mat-cp5510s-68780\/#primaryimage\"},\"thumbnailUrl\":\"https:\/\/www.domkraftpro.com\/wp-content\/uploads\/2026\/SK0008913-CZ20260425-093631-0-1777080994-245028-1_cp5510s-186822487444669.webp\",\"datePublished\":\"2026-04-27T04:43:32+00:00\",\"breadcrumb\":{\"@id\":\"https:\/\/www.domkraftpro.com\/index.php\/produkt\/akce-sapho-twin-combi-pripojovaci-sada-ventilu-termostaticka-pro-stredove-pripojeni-prava-nerez-mat-cp5510s-68780\/#breadcrumb\"},\"inLanguage\":\"cs\",\"potentialAction\":[{\"@type\":\"ReadAction\",\"target\":[\"https:\/\/www.domkraftpro.com\/index.php\/produkt\/akce-sapho-twin-combi-pripojovaci-sada-ventilu-termostaticka-pro-stredove-pripojeni-prava-nerez-mat-cp5510s-68780\/\"]}]},{\"@type\":\"ImageObject\",\"inLanguage\":\"cs\",\"@id\":\"https:\/\/www.domkraftpro.com\/index.php\/produkt\/akce-sapho-twin-combi-pripojovaci-sada-ventilu-termostaticka-pro-stredove-pripojeni-prava-nerez-mat-cp5510s-68780\/#primaryimage\",\"url\":\"https:\/\/www.domkraftpro.com\/wp-content\/uploads\/2026\/SK0008913-CZ20260425-093631-0-1777080994-245028-1_cp5510s-186822487444669.webp\",\"contentUrl\":\"https:\/\/www.domkraftpro.com\/wp-content\/uploads\/2026\/SK0008913-CZ20260425-093631-0-1777080994-245028-1_cp5510s-186822487444669.webp\",\"width\":1000,\"height\":750},{\"@type\":\"BreadcrumbList\",\"@id\":\"https:\/\/www.domkraftpro.com\/index.php\/produkt\/akce-sapho-twin-combi-pripojovaci-sada-ventilu-termostaticka-pro-stredove-pripojeni-prava-nerez-mat-cp5510s-68780\/#breadcrumb\",\"itemListElement\":[{\"@type\":\"ListItem\",\"position\":1,\"name\":\"Home\",\"item\":\"https:\/\/www.domkraftpro.com\/\"},{\"@type\":\"ListItem\",\"position\":2,\"name\":\"Products\",\"item\":\"https:\/\/www.domkraftpro.com\/products\/\"},{\"@type\":\"ListItem\",\"position\":3,\"name\":\"Akce Sapho TWIN COMBI p\u0159ipojovac\u00ed sada ventil\u016f termostatick\u00e1 pro st\u0159edov\u00e9 p\u0159ipojen\u00ed, prav\u00e1, nerez mat CP5510S\"}]},{\"@type\":\"WebSite\",\"@id\":\"https:\/\/www.domkraftpro.com\/#website\",\"url\":\"https:\/\/www.domkraftpro.com\/\",\"name\":\"\",\"description\":\"\",\"potentialAction\":[{\"@type\":\"SearchAction\",\"target\":{\"@type\":\"EntryPoint\",\"urlTemplate\":\"https:\/\/www.domkraftpro.com\/?s={search_term_string}\"},\"query-input\":{\"@type\":\"PropertyValueSpecification\",\"valueRequired\":true,\"valueName\":\"search_term_string\"}}],\"inLanguage\":\"cs\"}]}<\/script>\n<!-- \/ Yoast SEO plugin. -->","yoast_head_json":{"title":"Akce Sapho TWIN COMBI p\u0159ipojovac\u00ed sada ventil\u016f termostatick\u00e1 pro st\u0159edov\u00e9 p\u0159ipojen\u00ed, prav\u00e1, nerez mat CP5510S -","robots":{"index":"index","follow":"follow","max-snippet":"max-snippet:-1","max-image-preview":"max-image-preview:large","max-video-preview":"max-video-preview:-1"},"canonical":"https:\/\/www.domkraftpro.com\/index.php\/produkt\/akce-sapho-twin-combi-pripojovaci-sada-ventilu-termostaticka-pro-stredove-pripojeni-prava-nerez-mat-cp5510s-68780\/","og_locale":"cs_CZ","og_type":"article","og_title":"Akce Sapho TWIN COMBI p\u0159ipojovac\u00ed sada ventil\u016f termostatick\u00e1 pro st\u0159edov\u00e9 p\u0159ipojen\u00ed, prav\u00e1, nerez mat CP5510S -","og_description":"Detailn\u00ed popis produktu Vlastnosti Zna\u010dka SAPHO Barva Brou\u0161en\u00fd nerez Mo\u017enost vyt\u00e1p\u011bn\u00ed Kombinovan\u00e9 vyt\u00e1p\u011bn\u00ed V\u00fdbava Termostat, hlavice vpravo, St\u0159edov\u00e9 50 mm Hmotnost \/ ks 1.0300&nbsp;kg Balen\u00ed 1&nbsp;ks EAN 8590913897870 Taric 84818051 Z\u00e1ruka 2 roky Kombinace \u00fast\u0159edn\u00edho a elektrick\u00e9ho vyt\u00e1p\u011bn\u00ed Kombinovan\u00e9 p\u0159ipojen\u00ed umo\u017e\u0148uje oh\u0159\u00edvat t\u011bleso jak centr\u00e1ln\u00edm syst\u00e9mem vyt\u00e1p\u011bn\u00ed, tak vyu\u017e\u00edt pro samostatn\u00fd oh\u0159ev elektrickou topnou ty\u010d [&hellip;]","og_url":"https:\/\/www.domkraftpro.com\/index.php\/produkt\/akce-sapho-twin-combi-pripojovaci-sada-ventilu-termostaticka-pro-stredove-pripojeni-prava-nerez-mat-cp5510s-68780\/","og_image":[{"width":1000,"height":750,"url":"https:\/\/www.domkraftpro.com\/wp-content\/uploads\/2026\/SK0008913-CZ20260425-093631-0-1777080994-245028-1_cp5510s-186822487444669.webp","type":"image\/webp"}],"twitter_card":"summary_large_image","twitter_misc":{"Odhadovan\u00e1 doba \u010dten\u00ed":"2 minuty"},"schema":{"@context":"https:\/\/schema.org","@graph":[{"@type":"WebPage","@id":"https:\/\/www.domkraftpro.com\/index.php\/produkt\/akce-sapho-twin-combi-pripojovaci-sada-ventilu-termostaticka-pro-stredove-pripojeni-prava-nerez-mat-cp5510s-68780\/","url":"https:\/\/www.domkraftpro.com\/index.php\/produkt\/akce-sapho-twin-combi-pripojovaci-sada-ventilu-termostaticka-pro-stredove-pripojeni-prava-nerez-mat-cp5510s-68780\/","name":"Akce Sapho TWIN COMBI p\u0159ipojovac\u00ed sada ventil\u016f termostatick\u00e1 pro st\u0159edov\u00e9 p\u0159ipojen\u00ed, prav\u00e1, nerez mat CP5510S -","isPartOf":{"@id":"https:\/\/www.domkraftpro.com\/#website"},"primaryImageOfPage":{"@id":"https:\/\/www.domkraftpro.com\/index.php\/produkt\/akce-sapho-twin-combi-pripojovaci-sada-ventilu-termostaticka-pro-stredove-pripojeni-prava-nerez-mat-cp5510s-68780\/#primaryimage"},"image":{"@id":"https:\/\/www.domkraftpro.com\/index.php\/produkt\/akce-sapho-twin-combi-pripojovaci-sada-ventilu-termostaticka-pro-stredove-pripojeni-prava-nerez-mat-cp5510s-68780\/#primaryimage"},"thumbnailUrl":"https:\/\/www.domkraftpro.com\/wp-content\/uploads\/2026\/SK0008913-CZ20260425-093631-0-1777080994-245028-1_cp5510s-186822487444669.webp","datePublished":"2026-04-27T04:43:32+00:00","breadcrumb":{"@id":"https:\/\/www.domkraftpro.com\/index.php\/produkt\/akce-sapho-twin-combi-pripojovaci-sada-ventilu-termostaticka-pro-stredove-pripojeni-prava-nerez-mat-cp5510s-68780\/#breadcrumb"},"inLanguage":"cs","potentialAction":[{"@type":"ReadAction","target":["https:\/\/www.domkraftpro.com\/index.php\/produkt\/akce-sapho-twin-combi-pripojovaci-sada-ventilu-termostaticka-pro-stredove-pripojeni-prava-nerez-mat-cp5510s-68780\/"]}]},{"@type":"ImageObject","inLanguage":"cs","@id":"https:\/\/www.domkraftpro.com\/index.php\/produkt\/akce-sapho-twin-combi-pripojovaci-sada-ventilu-termostaticka-pro-stredove-pripojeni-prava-nerez-mat-cp5510s-68780\/#primaryimage","url":"https:\/\/www.domkraftpro.com\/wp-content\/uploads\/2026\/SK0008913-CZ20260425-093631-0-1777080994-245028-1_cp5510s-186822487444669.webp","contentUrl":"https:\/\/www.domkraftpro.com\/wp-content\/uploads\/2026\/SK0008913-CZ20260425-093631-0-1777080994-245028-1_cp5510s-186822487444669.webp","width":1000,"height":750},{"@type":"BreadcrumbList","@id":"https:\/\/www.domkraftpro.com\/index.php\/produkt\/akce-sapho-twin-combi-pripojovaci-sada-ventilu-termostaticka-pro-stredove-pripojeni-prava-nerez-mat-cp5510s-68780\/#breadcrumb","itemListElement":[{"@type":"ListItem","position":1,"name":"Home","item":"https:\/\/www.domkraftpro.com\/"},{"@type":"ListItem","position":2,"name":"Products","item":"https:\/\/www.domkraftpro.com\/products\/"},{"@type":"ListItem","position":3,"name":"Akce Sapho TWIN COMBI p\u0159ipojovac\u00ed sada ventil\u016f termostatick\u00e1 pro st\u0159edov\u00e9 p\u0159ipojen\u00ed, prav\u00e1, nerez mat CP5510S"}]},{"@type":"WebSite","@id":"https:\/\/www.domkraftpro.com\/#website","url":"https:\/\/www.domkraftpro.com\/","name":"","description":"","potentialAction":[{"@type":"SearchAction","target":{"@type":"EntryPoint","urlTemplate":"https:\/\/www.domkraftpro.com\/?s={search_term_string}"},"query-input":{"@type":"PropertyValueSpecification","valueRequired":true,"valueName":"search_term_string"}}],"inLanguage":"cs"}]}},"_links":{"self":[{"href":"https:\/\/www.domkraftpro.com\/wp-json\/wp\/v2\/product\/68780","targetHints":{"allow":["GET"]}}],"collection":[{"href":"https:\/\/www.domkraftpro.com\/wp-json\/wp\/v2\/product"}],"about":[{"href":"https:\/\/www.domkraftpro.com\/wp-json\/wp\/v2\/types\/product"}],"replies":[{"embeddable":true,"href":"https:\/\/www.domkraftpro.com\/wp-json\/wp\/v2\/comments?post=68780"}],"wp:featuredmedia":[{"embeddable":true,"href":"https:\/\/www.domkraftpro.com\/wp-json\/wp\/v2\/media\/68880"}],"wp:attachment":[{"href":"https:\/\/www.domkraftpro.com\/wp-json\/wp\/v2\/media?parent=68780"}],"wp:term":[{"taxonomy":"product_brand","embeddable":true,"href":"https:\/\/www.domkraftpro.com\/wp-json\/wp\/v2\/product_brand?post=68780"},{"taxonomy":"product_cat","embeddable":true,"href":"https:\/\/www.domkraftpro.com\/wp-json\/wp\/v2\/product_cat?post=68780"},{"taxonomy":"product_tag","embeddable":true,"href":"https:\/\/www.domkraftpro.com\/wp-json\/wp\/v2\/product_tag?post=68780"}],"curies":[{"name":"wp","href":"https:\/\/api.w.org\/{rel}","templated":true}]}}