{"id":68498,"date":"2026-04-27T04:43:32","date_gmt":"2026-04-27T04:43:32","guid":{"rendered":""},"modified":"2026-04-27T04:43:32","modified_gmt":"2026-04-27T04:43:32","slug":"akce-intedoor-omp-zs-zrcadlova-skrinka-70x72-cm-omp-zs-70-68498","status":"publish","type":"product","link":"https:\/\/www.domkraftpro.com\/index.php\/produkt\/akce-intedoor-omp-zs-zrcadlova-skrinka-70x72-cm-omp-zs-70-68498\/","title":{"rendered":"Akce Intedoor OMP ZS, zrcadlov\u00e1 sk\u0159\u00ednka, 70&#215;72 cm &#8211; OMP ZS 70"},"content":{"rendered":"<div class=\"basic-description\">\n<h3>Detailn\u00ed popis produktu<\/h3>\n<h2>Intedoor OMP ZS 70 2D zrcadlov\u00e1 sk\u0159\u00ednka<\/h2>\n<p>&nbsp;<\/p>\n<p><span>Zrcadlov\u00e9 sk\u0159\u00ed\u0148ky pro n\u00e1bytkovou s\u00e9rii OXO Multi Dv\u00ed\u0159ka &#8211; oboustrann\u00e9 zrcadlo 6 mm.<\/span><\/p>\n<p><span>OXO zrcadlov\u00e1 sk\u0159\u00ed\u0148 70 cm, 2 dve\u0159e<\/span><\/p>\n<p><span>Hloubka zrcadlov\u00fdch sk\u0159\u00edn\u011bk 145 mm<\/span><\/p>\n<p><span>Z\u00e1suvka a vyp\u00edna\u010d BERKER jsou um\u00edst\u011bny na spodn\u00ed stran\u011b korpusu zrcadlov\u00e9 sk\u0159\u00ed\u0148ky&nbsp;<\/span><\/p>\n<p><span>St\u0159\u00edb\u0159en\u00e9 zrcadlov\u00e9 sklo nejvy\u0161\u0161\u00ed kvality (odoln\u00e9 proti korozi)<\/span><\/p>\n<p><span>Sou\u010d\u00e1st\u00ed jsou staviteln\u00e9 sklen\u011bn\u00e9 police<\/span><\/p>\n<h4><strong>Povrchy:<\/strong><\/h4>\n<table>\n<tbody>\n<tr>\n<td><\/td>\n<\/tr>\n<\/tbody>\n<\/table>\n<p>&nbsp;<\/p>\n<p><meta charset=\"utf-8\" \/><\/p>\n<div class=\"plus-gallery-wrap\">\n<div>\n<p style=\"text-align: left;\"><strong>Garance kvality<\/strong><br \/>Certifikovan\u00e9 materi\u00e1ly v\u00fdznamn\u00fdch evropsk\u00fdch v\u00fdrobc\u016f.<br \/>Certifikace v\u00fdrobn\u00edho procesu LQS, T\u00dcV elektrov\u00fdzbroj a sv\u00edtidla.<br \/>Olepen\u00ed hran PUR lepidlem, se zv\u00fd\u0161enou ochranou proti vlhkosti.<br \/>P\u00e9\u010de o \u017eivotn\u00ed prost\u0159ed\u00ed s vyu\u017eit\u00edm BAT technologi\u00ed.<\/p>\n<h4 style=\"text-align: left;\"><strong>Technick\u00e9 informace:<\/strong><\/h4>\n<p style=\"text-align: left;\"><strong>A) N\u00e1bytek<\/strong><\/p>\n<p style=\"text-align: left;\">\u010celn\u00ed plochy n\u00e1bytku 18 &#8211; 22 mm<br \/>&#8211; Lakovan\u00e9 proveden\u00ed MDF 18 &#8211; 22 mm, sedmivrstv\u00fd n\u00e1st\u0159ik PUR (polyuretanov\u00fdmi) barvami ve vysok\u00e9m lesku nebo matu.<br \/>&#8211; D\u0159evodekorov\u00e9 proveden\u00ed LTD 18 mm + hrana ABS 1 &#8211; 2 mm ve stejn\u00e9m dekoru.<br \/>Korpusy n\u00e1bytku jsou z LTD 12 &#8211; 32 mm<br \/>&#8211; Lakovan\u00e9 proveden\u00ed LTD + ABS 1 &#8211; 2 mm + 2 x n\u00e1st\u0159ik PUR barvou ve vysok\u00e9m lesku nebo matu.<br \/>&#8211; D\u0159evodekorov\u00e9 proveden\u00ed LTD 12 &#8211; 32 mm + hrana ABS 1 &#8211; 2 mm ve stejn\u00e9m dekoru a struktu\u0159e.<br \/>Lakov\u00e1n\u00ed<br \/>PUR barvy maj\u00ed zv\u00fd\u0161enou odolnost v\u016f\u010di vlhkosti, ot\u011bru a mechanick\u00e9mu po\u0161kozen\u00ed.<br \/>D\u0159evodekory a n\u00e1bytkov\u00e9 ABS hrany<br \/>LTD materi\u00e1l je v\u017edy olepen hranou ABS 0,5 &#8211; 2 mm, za pou\u017eit\u00ed PUR lepidla (Jowat). PUR lepidlo je vhodn\u00e9 do vlhk\u00e9ho prost\u0159ed\u00ed, vynik\u00e1 vy\u0161\u0161\u00ed odolnost\u00ed proti vlhkosti a teplotn\u00ed stabilitou.<\/p>\n<p style=\"text-align: left;\"><strong>B) Kov\u00e1n\u00ed<\/strong> (panty, z\u00e1suvky)<\/p>\n<p style=\"text-align: left;\">&#8211; Panty (Hettich, Blum, Strong, Grass) jsou v\u017edy vybaveny tlumen\u00edm (soft closing).<br \/>&#8211; Z\u00e1suvky (Hettich, Blum, Strong) jsou op\u011bt v\u017edy vybaveny tlumen\u00fdm dov\u00edr\u00e1n\u00edm (soft closing), nebo v proveden\u00ed bez \u00fachytek (InnoTech Atira &#8211; Hettich Push to open).<br \/>Z\u00e1suvky jsou v n\u011bkolika hloubk\u00e1ch (270 \u2013 450 mm), tak\u017ee sk\u0159\u00ed\u0148ky nab\u00edzej\u00ed maximum u\u017eitn\u00e9ho prostoru.<br \/>D\u00e1le jsou z\u00e1suvky ve 3 r\u016fzn\u00fdch v\u00fd\u0161k\u00e1ch. Do v\u0161ech typ\u016f z\u00e1suvek je mo\u017en\u00e9 objednat organiz\u00e9r.<\/p>\n<p style=\"text-align: left;\"><strong>C) Umyvadla<\/strong><\/p>\n<p style=\"text-align: left;\">&#8211; Keramick\u00e1.<br \/>&#8211; P\u0159i pl\u00e1nov\u00e1n\u00ed koupelny je pot\u0159eba po\u010d\u00edtat s povolenou toleranc\u00ed ve velikosti umyvadel od &#8211; 5 do + 15 mm.<\/p>\n<p style=\"text-align: left;\"><strong>D) Osv\u011btlen\u00ed a elektrov\u00fdbava<\/strong><\/p>\n<p style=\"text-align: left;\">&#8211; \u0160irok\u00fd v\u00fdb\u011br LED osv\u011btlen\u00ed, jak samostatn\u00fdch sv\u011btel tak integrovan\u00fdch v zrcadlech, nebo zrcadlov\u00fdch dv\u00ed\u0159k\u00e1ch sk\u0159\u00edn\u011bk.<br \/>&#8211; Z\u00e1suvky a vyp\u00edna\u010de Berker na v\u00fdb\u011br \u010dern\u00e1 nebo b\u00edl\u00e1.<br \/>V\u0161e s kryt\u00edm IP44 umo\u017e\u0148uj\u00edc\u00edm bezpe\u010dnou instalaci dle n\u00e1rodn\u00edch p\u0159edpis\u016f. Certifikace T\u00dcV.<\/p>\n<p style=\"text-align: left;\"><strong>E) Zrcadla &#8211; zrcadlov\u00e9 sk\u0159\u00ed\u0148ky<\/strong><\/p>\n<p style=\"text-align: left;\">&#8211; Proveden\u00ed float 3 &#8211; 5 mm (Saint Gobain) s ochranou proti slepnut\u00ed.<br \/>&#8211; Oboustrann\u00e1 zrcadlov\u00e1 dv\u00ed\u0159ka float 6 mm (Saint Gobain).<\/p>\n<p style=\"text-align: left;\"><strong>F) \u00dachytky<\/strong> &#8211; v\u017edy celokovov\u00e9 s povrchovou \u00fapravou chrom u cel\u00e9ho sortimentu.<\/p>\n<p style=\"text-align: left;\">Cel\u00fd v\u00fdrobn\u00ed proces prob\u00edh\u00e1 na CNC stroj\u00edch (Homag, Venjakob &#8230;)<br \/>zaru\u010duj\u00edc\u00edch \u0161pi\u010dkov\u00e9 zpracov\u00e1n\u00ed hran, vrt\u00e1n\u00ed, fr\u00e9zov\u00e1n\u00ed, tuhost a pravo\u00fahlost n\u00e1bytku.<br \/>Sk\u0159\u00ed\u0148ky dod\u00e1v\u00e1me smontovan\u00e9 a p\u0159ipraven\u00e9 k mont\u00e1\u017ei (instalaci).<br \/>V\u0161e pe\u010dliv\u011b zabaleno do karton\u016f z p\u011btivrstv\u00e9 lepenky za pou\u017eit\u00ed ochrann\u00fdch roh\u016f z PVC, nebo polystyrenu a stre\u010dov\u00e9 f\u00f3lie.<br \/>Sou\u010d\u00e1st\u00ed balen\u00ed je n\u00e1vod na mont\u00e1\u017e a \u00fadr\u017ebu.<\/p>\n<\/div>\n<\/div>\n<p style=\"text-align: left;\"><strong>Upozorn\u011bn\u00ed pro z\u00e1kazn\u00edky ke koupi produkt\u016f na objedn\u00e1n\u00ed:<\/strong><span>&nbsp;Toto zbo\u017e\u00ed nen\u00ed standardn\u00edm s\u00e9riov\u00fdm v\u00fdrobkem. Bude vyrobeno na p\u0159\u00e1n\u00ed z\u00e1kazn\u00edka a proto jej&nbsp;<\/span><strong>nelze dodavateli v z\u00e1konn\u00e9 lh\u016ft\u011b vr\u00e1tit<\/strong><span>. (viz \u00a71837 odst.d, ob\u010dansk\u00e9ho z\u00e1kon\u00edku). V tomto p\u0159\u00edpad\u011b m\u016f\u017eeme po\u017eadovat nevratnou z\u00e1lohu a\u017e do v\u00fd\u0161e 100 % z ceny v\u00fdrobku.<\/span><\/p>\n<\/p><\/div>\n","protected":false},"excerpt":{"rendered":"<p>Detailn\u00ed popis produktu Intedoor OMP ZS 70 2D zrcadlov\u00e1 sk\u0159\u00ednka &nbsp; Zrcadlov\u00e9 sk\u0159\u00ed\u0148ky pro n\u00e1bytkovou s\u00e9rii OXO Multi Dv\u00ed\u0159ka &#8211; oboustrann\u00e9 zrcadlo 6 mm. OXO zrcadlov\u00e1 sk\u0159\u00ed\u0148 70 cm, 2 dve\u0159e Hloubka zrcadlov\u00fdch sk\u0159\u00edn\u011bk 145 mm Z\u00e1suvka a vyp\u00edna\u010d BERKER jsou um\u00edst\u011bny na spodn\u00ed stran\u011b korpusu zrcadlov\u00e9 sk\u0159\u00ed\u0148ky&nbsp; St\u0159\u00edb\u0159en\u00e9 zrcadlov\u00e9 sklo nejvy\u0161\u0161\u00ed kvality (odoln\u00e9 proti [&hellip;]<\/p>\n","protected":false},"featured_media":68598,"comment_status":"open","ping_status":"open","template":"","meta":[],"product_brand":[],"product_cat":[76],"product_tag":[],"class_list":{"0":"post-68498","1":"product","2":"type-product","3":"status-publish","4":"has-post-thumbnail","6":"product_cat-koupelnovy-nabytek","8":"first","9":"instock","10":"sale","11":"shipping-taxable","12":"purchasable","13":"product-type-simple"},"yoast_head":"<!-- This site is optimized with the Yoast SEO plugin v26.8 - https:\/\/yoast.com\/product\/yoast-seo-wordpress\/ -->\n<title>Akce Intedoor OMP ZS, zrcadlov\u00e1 sk\u0159\u00ednka, 70x72 cm - OMP ZS 70 -<\/title>\n<meta name=\"robots\" content=\"index, follow, max-snippet:-1, max-image-preview:large, max-video-preview:-1\" \/>\n<link rel=\"canonical\" href=\"https:\/\/www.domkraftpro.com\/index.php\/produkt\/akce-intedoor-omp-zs-zrcadlova-skrinka-70x72-cm-omp-zs-70-68498\/\" \/>\n<meta property=\"og:locale\" content=\"cs_CZ\" \/>\n<meta property=\"og:type\" content=\"article\" \/>\n<meta property=\"og:title\" content=\"Akce Intedoor OMP ZS, zrcadlov\u00e1 sk\u0159\u00ednka, 70x72 cm - OMP ZS 70 -\" \/>\n<meta property=\"og:description\" content=\"Detailn\u00ed popis produktu Intedoor OMP ZS 70 2D zrcadlov\u00e1 sk\u0159\u00ednka &nbsp; Zrcadlov\u00e9 sk\u0159\u00ed\u0148ky pro n\u00e1bytkovou s\u00e9rii OXO Multi Dv\u00ed\u0159ka &#8211; oboustrann\u00e9 zrcadlo 6 mm. OXO zrcadlov\u00e1 sk\u0159\u00ed\u0148 70 cm, 2 dve\u0159e Hloubka zrcadlov\u00fdch sk\u0159\u00edn\u011bk 145 mm Z\u00e1suvka a vyp\u00edna\u010d BERKER jsou um\u00edst\u011bny na spodn\u00ed stran\u011b korpusu zrcadlov\u00e9 sk\u0159\u00ed\u0148ky&nbsp; St\u0159\u00edb\u0159en\u00e9 zrcadlov\u00e9 sklo nejvy\u0161\u0161\u00ed kvality (odoln\u00e9 proti [&hellip;]\" \/>\n<meta property=\"og:url\" content=\"https:\/\/www.domkraftpro.com\/index.php\/produkt\/akce-intedoor-omp-zs-zrcadlova-skrinka-70x72-cm-omp-zs-70-68498\/\" \/>\n<meta property=\"og:image\" content=\"https:\/\/www.domkraftpro.com\/wp-content\/uploads\/2026\/SK0008698-CZ20260425-093631-0-1777080994-242601_intedoor-omp-zs--zrcadlova-skrinka--70x72-cm-omp-zs-.webp\" \/>\n\t<meta property=\"og:image:width\" content=\"1000\" \/>\n\t<meta property=\"og:image:height\" content=\"750\" \/>\n\t<meta property=\"og:image:type\" content=\"image\/webp\" \/>\n<meta name=\"twitter:card\" content=\"summary_large_image\" \/>\n<meta name=\"twitter:label1\" content=\"Odhadovan\u00e1 doba \u010dten\u00ed\" \/>\n\t<meta name=\"twitter:data1\" content=\"3 minuty\" \/>\n<script type=\"application\/ld+json\" class=\"yoast-schema-graph\">{\"@context\":\"https:\/\/schema.org\",\"@graph\":[{\"@type\":\"WebPage\",\"@id\":\"https:\/\/www.domkraftpro.com\/index.php\/produkt\/akce-intedoor-omp-zs-zrcadlova-skrinka-70x72-cm-omp-zs-70-68498\/\",\"url\":\"https:\/\/www.domkraftpro.com\/index.php\/produkt\/akce-intedoor-omp-zs-zrcadlova-skrinka-70x72-cm-omp-zs-70-68498\/\",\"name\":\"Akce Intedoor OMP ZS, zrcadlov\u00e1 sk\u0159\u00ednka, 70x72 cm - OMP ZS 70 -\",\"isPartOf\":{\"@id\":\"https:\/\/www.domkraftpro.com\/#website\"},\"primaryImageOfPage\":{\"@id\":\"https:\/\/www.domkraftpro.com\/index.php\/produkt\/akce-intedoor-omp-zs-zrcadlova-skrinka-70x72-cm-omp-zs-70-68498\/#primaryimage\"},\"image\":{\"@id\":\"https:\/\/www.domkraftpro.com\/index.php\/produkt\/akce-intedoor-omp-zs-zrcadlova-skrinka-70x72-cm-omp-zs-70-68498\/#primaryimage\"},\"thumbnailUrl\":\"https:\/\/www.domkraftpro.com\/wp-content\/uploads\/2026\/SK0008698-CZ20260425-093631-0-1777080994-242601_intedoor-omp-zs--zrcadlova-skrinka--70x72-cm-omp-zs-.webp\",\"datePublished\":\"2026-04-27T04:43:32+00:00\",\"breadcrumb\":{\"@id\":\"https:\/\/www.domkraftpro.com\/index.php\/produkt\/akce-intedoor-omp-zs-zrcadlova-skrinka-70x72-cm-omp-zs-70-68498\/#breadcrumb\"},\"inLanguage\":\"cs\",\"potentialAction\":[{\"@type\":\"ReadAction\",\"target\":[\"https:\/\/www.domkraftpro.com\/index.php\/produkt\/akce-intedoor-omp-zs-zrcadlova-skrinka-70x72-cm-omp-zs-70-68498\/\"]}]},{\"@type\":\"ImageObject\",\"inLanguage\":\"cs\",\"@id\":\"https:\/\/www.domkraftpro.com\/index.php\/produkt\/akce-intedoor-omp-zs-zrcadlova-skrinka-70x72-cm-omp-zs-70-68498\/#primaryimage\",\"url\":\"https:\/\/www.domkraftpro.com\/wp-content\/uploads\/2026\/SK0008698-CZ20260425-093631-0-1777080994-242601_intedoor-omp-zs--zrcadlova-skrinka--70x72-cm-omp-zs-.webp\",\"contentUrl\":\"https:\/\/www.domkraftpro.com\/wp-content\/uploads\/2026\/SK0008698-CZ20260425-093631-0-1777080994-242601_intedoor-omp-zs--zrcadlova-skrinka--70x72-cm-omp-zs-.webp\",\"width\":1000,\"height\":750},{\"@type\":\"BreadcrumbList\",\"@id\":\"https:\/\/www.domkraftpro.com\/index.php\/produkt\/akce-intedoor-omp-zs-zrcadlova-skrinka-70x72-cm-omp-zs-70-68498\/#breadcrumb\",\"itemListElement\":[{\"@type\":\"ListItem\",\"position\":1,\"name\":\"Home\",\"item\":\"https:\/\/www.domkraftpro.com\/\"},{\"@type\":\"ListItem\",\"position\":2,\"name\":\"Products\",\"item\":\"https:\/\/www.domkraftpro.com\/index.php\/products\/\"},{\"@type\":\"ListItem\",\"position\":3,\"name\":\"Akce Intedoor OMP ZS, zrcadlov\u00e1 sk\u0159\u00ednka, 70&#215;72 cm &#8211; OMP ZS 70\"}]},{\"@type\":\"WebSite\",\"@id\":\"https:\/\/www.domkraftpro.com\/#website\",\"url\":\"https:\/\/www.domkraftpro.com\/\",\"name\":\"\",\"description\":\"\",\"potentialAction\":[{\"@type\":\"SearchAction\",\"target\":{\"@type\":\"EntryPoint\",\"urlTemplate\":\"https:\/\/www.domkraftpro.com\/?s={search_term_string}\"},\"query-input\":{\"@type\":\"PropertyValueSpecification\",\"valueRequired\":true,\"valueName\":\"search_term_string\"}}],\"inLanguage\":\"cs\"}]}<\/script>\n<!-- \/ Yoast SEO plugin. -->","yoast_head_json":{"title":"Akce Intedoor OMP ZS, zrcadlov\u00e1 sk\u0159\u00ednka, 70x72 cm - OMP ZS 70 -","robots":{"index":"index","follow":"follow","max-snippet":"max-snippet:-1","max-image-preview":"max-image-preview:large","max-video-preview":"max-video-preview:-1"},"canonical":"https:\/\/www.domkraftpro.com\/index.php\/produkt\/akce-intedoor-omp-zs-zrcadlova-skrinka-70x72-cm-omp-zs-70-68498\/","og_locale":"cs_CZ","og_type":"article","og_title":"Akce Intedoor OMP ZS, zrcadlov\u00e1 sk\u0159\u00ednka, 70x72 cm - OMP ZS 70 -","og_description":"Detailn\u00ed popis produktu Intedoor OMP ZS 70 2D zrcadlov\u00e1 sk\u0159\u00ednka &nbsp; Zrcadlov\u00e9 sk\u0159\u00ed\u0148ky pro n\u00e1bytkovou s\u00e9rii OXO Multi Dv\u00ed\u0159ka &#8211; oboustrann\u00e9 zrcadlo 6 mm. OXO zrcadlov\u00e1 sk\u0159\u00ed\u0148 70 cm, 2 dve\u0159e Hloubka zrcadlov\u00fdch sk\u0159\u00edn\u011bk 145 mm Z\u00e1suvka a vyp\u00edna\u010d BERKER jsou um\u00edst\u011bny na spodn\u00ed stran\u011b korpusu zrcadlov\u00e9 sk\u0159\u00ed\u0148ky&nbsp; St\u0159\u00edb\u0159en\u00e9 zrcadlov\u00e9 sklo nejvy\u0161\u0161\u00ed kvality (odoln\u00e9 proti [&hellip;]","og_url":"https:\/\/www.domkraftpro.com\/index.php\/produkt\/akce-intedoor-omp-zs-zrcadlova-skrinka-70x72-cm-omp-zs-70-68498\/","og_image":[{"width":1000,"height":750,"url":"https:\/\/www.domkraftpro.com\/wp-content\/uploads\/2026\/SK0008698-CZ20260425-093631-0-1777080994-242601_intedoor-omp-zs--zrcadlova-skrinka--70x72-cm-omp-zs-.webp","type":"image\/webp"}],"twitter_card":"summary_large_image","twitter_misc":{"Odhadovan\u00e1 doba \u010dten\u00ed":"3 minuty"},"schema":{"@context":"https:\/\/schema.org","@graph":[{"@type":"WebPage","@id":"https:\/\/www.domkraftpro.com\/index.php\/produkt\/akce-intedoor-omp-zs-zrcadlova-skrinka-70x72-cm-omp-zs-70-68498\/","url":"https:\/\/www.domkraftpro.com\/index.php\/produkt\/akce-intedoor-omp-zs-zrcadlova-skrinka-70x72-cm-omp-zs-70-68498\/","name":"Akce Intedoor OMP ZS, zrcadlov\u00e1 sk\u0159\u00ednka, 70x72 cm - OMP ZS 70 -","isPartOf":{"@id":"https:\/\/www.domkraftpro.com\/#website"},"primaryImageOfPage":{"@id":"https:\/\/www.domkraftpro.com\/index.php\/produkt\/akce-intedoor-omp-zs-zrcadlova-skrinka-70x72-cm-omp-zs-70-68498\/#primaryimage"},"image":{"@id":"https:\/\/www.domkraftpro.com\/index.php\/produkt\/akce-intedoor-omp-zs-zrcadlova-skrinka-70x72-cm-omp-zs-70-68498\/#primaryimage"},"thumbnailUrl":"https:\/\/www.domkraftpro.com\/wp-content\/uploads\/2026\/SK0008698-CZ20260425-093631-0-1777080994-242601_intedoor-omp-zs--zrcadlova-skrinka--70x72-cm-omp-zs-.webp","datePublished":"2026-04-27T04:43:32+00:00","breadcrumb":{"@id":"https:\/\/www.domkraftpro.com\/index.php\/produkt\/akce-intedoor-omp-zs-zrcadlova-skrinka-70x72-cm-omp-zs-70-68498\/#breadcrumb"},"inLanguage":"cs","potentialAction":[{"@type":"ReadAction","target":["https:\/\/www.domkraftpro.com\/index.php\/produkt\/akce-intedoor-omp-zs-zrcadlova-skrinka-70x72-cm-omp-zs-70-68498\/"]}]},{"@type":"ImageObject","inLanguage":"cs","@id":"https:\/\/www.domkraftpro.com\/index.php\/produkt\/akce-intedoor-omp-zs-zrcadlova-skrinka-70x72-cm-omp-zs-70-68498\/#primaryimage","url":"https:\/\/www.domkraftpro.com\/wp-content\/uploads\/2026\/SK0008698-CZ20260425-093631-0-1777080994-242601_intedoor-omp-zs--zrcadlova-skrinka--70x72-cm-omp-zs-.webp","contentUrl":"https:\/\/www.domkraftpro.com\/wp-content\/uploads\/2026\/SK0008698-CZ20260425-093631-0-1777080994-242601_intedoor-omp-zs--zrcadlova-skrinka--70x72-cm-omp-zs-.webp","width":1000,"height":750},{"@type":"BreadcrumbList","@id":"https:\/\/www.domkraftpro.com\/index.php\/produkt\/akce-intedoor-omp-zs-zrcadlova-skrinka-70x72-cm-omp-zs-70-68498\/#breadcrumb","itemListElement":[{"@type":"ListItem","position":1,"name":"Home","item":"https:\/\/www.domkraftpro.com\/"},{"@type":"ListItem","position":2,"name":"Products","item":"https:\/\/www.domkraftpro.com\/index.php\/products\/"},{"@type":"ListItem","position":3,"name":"Akce Intedoor OMP ZS, zrcadlov\u00e1 sk\u0159\u00ednka, 70&#215;72 cm &#8211; OMP ZS 70"}]},{"@type":"WebSite","@id":"https:\/\/www.domkraftpro.com\/#website","url":"https:\/\/www.domkraftpro.com\/","name":"","description":"","potentialAction":[{"@type":"SearchAction","target":{"@type":"EntryPoint","urlTemplate":"https:\/\/www.domkraftpro.com\/?s={search_term_string}"},"query-input":{"@type":"PropertyValueSpecification","valueRequired":true,"valueName":"search_term_string"}}],"inLanguage":"cs"}]}},"_links":{"self":[{"href":"https:\/\/www.domkraftpro.com\/index.php\/wp-json\/wp\/v2\/product\/68498","targetHints":{"allow":["GET"]}}],"collection":[{"href":"https:\/\/www.domkraftpro.com\/index.php\/wp-json\/wp\/v2\/product"}],"about":[{"href":"https:\/\/www.domkraftpro.com\/index.php\/wp-json\/wp\/v2\/types\/product"}],"replies":[{"embeddable":true,"href":"https:\/\/www.domkraftpro.com\/index.php\/wp-json\/wp\/v2\/comments?post=68498"}],"wp:featuredmedia":[{"embeddable":true,"href":"https:\/\/www.domkraftpro.com\/index.php\/wp-json\/wp\/v2\/media\/68598"}],"wp:attachment":[{"href":"https:\/\/www.domkraftpro.com\/index.php\/wp-json\/wp\/v2\/media?parent=68498"}],"wp:term":[{"taxonomy":"product_brand","embeddable":true,"href":"https:\/\/www.domkraftpro.com\/index.php\/wp-json\/wp\/v2\/product_brand?post=68498"},{"taxonomy":"product_cat","embeddable":true,"href":"https:\/\/www.domkraftpro.com\/index.php\/wp-json\/wp\/v2\/product_cat?post=68498"},{"taxonomy":"product_tag","embeddable":true,"href":"https:\/\/www.domkraftpro.com\/index.php\/wp-json\/wp\/v2\/product_tag?post=68498"}],"curies":[{"name":"wp","href":"https:\/\/api.w.org\/{rel}","templated":true}]}}