{"id":68311,"date":"2026-04-27T04:43:31","date_gmt":"2026-04-27T04:43:31","guid":{"rendered":""},"modified":"2026-04-27T04:43:31","modified_gmt":"2026-04-27T04:43:31","slug":"znackovy-ronal-easy-str4p-walk-in-pevna-stena-samostatna-120-cm-68311","status":"publish","type":"product","link":"https:\/\/www.domkraftpro.com\/index.php\/produkt\/znackovy-ronal-easy-str4p-walk-in-pevna-stena-samostatna-120-cm-68311\/","title":{"rendered":"Zna\u010dkov\u00fd Ronal EASY STR4P Walk-In Pevn\u00e1 st\u011bna samostatn\u00e1 120 cm"},"content":{"rendered":"<div class=\"basic-description\">\n<h3>Detailn\u00ed popis produktu<\/h3>\n<p><span><b>WALK-IN<\/b> z\u00e1st\u011bny SanSwiss umo\u017e\u0148uj\u00ed pohodln\u00fd \u0161irok\u00fd vstup. \u0160irok\u00e9 pevn\u00e9 st\u011bny poskytuj\u00ed velk\u00fd prostor pro relaxaci p\u0159i sprchov\u00e1n\u00ed. Transparentn\u00ed plochy pevn\u00fdch z\u00e1st\u011bn jsou dominantn\u00edm prvkem koupelny. Walk-in z\u00e1st\u011bny je mo\u017en\u00e9 instalovat do rohu, voln\u011b do prostoru nebo jako vanov\u00e9 z\u00e1st\u011bny. Podle p\u016fdorysu a uspo\u0159\u00e1d\u00e1n\u00ed koupelny lze n\u011bkter\u00e9 modely doplnit i o pevnou nebo oto\u010dnou st\u011bnu v prav\u00e9m \u00fahlu. Instalace je mo\u017en\u00e1 na plochou Vani\u010dku, p\u0159\u00edmo na dla\u017ebu nebo p\u0159\u00edpadn\u011b na vanu s ploch\u00fdm lemem.<\/span><\/p>\n<p>STR4P | PEVN\u00c1 ST\u011aNA SAMOSTATN\u00c1 S VYROVN\u00c1VAC\u00cdM PROFILEM<br \/>8mm bezpe\u010dnostn\u00ed sklo | vodorovn\u00e1 vzp\u011bra 1250 mm (lze zkr\u00e1tit), celkov\u00e1 v\u00fd\u0161ka v\u010d. vzp\u011bry 2017 mm | lze namontovat vpravo i vlevo<\/p>\n<p><strong>Vlastnosti:<\/strong><br \/>\u2022 8mm bezpe\u010dnostn\u00ed sklo<br \/>\u2022 Standardn\u00ed v\u00fd\u0161ka 2000 mm<br \/>\u2022 Antiplakov\u00e1 \u00faprava Aquaperle<br \/>\u2022 Standardn\u00ed i zvl\u00e1\u0161tn\u00ed rozm\u011bry<br \/>\u2022 Maxim\u00e1ln\u00ed stabilita a jednoduch\u00e1 mont\u00e1\u017e<br \/>\u2022 Velk\u00e1 \u0161\u00ed\u0159ka vstupu<\/p>\n<\/p>\n<p>&nbsp;<\/p>\n<\/p>\n<div class=\"content_container_max1280px center f90 overflow_hidden line_height_1_4 image_margin_b_8px\">\n<div class=\"box_px width_160px box_with_selection\" style=\"text-align: center;\"><strong><\/strong><\/p>\n<h2 class=\"center margin_b_40px f200\"><span>DOSTUPN\u00c9 PRO BARVY PROFIL\u016e A PANT\u016e<\/span><\/h2>\n<table width=\"789\" height=\"204\">\n<tbody>\n<tr>\n<td><\/td>\n<td><\/td>\n<td><\/td>\n<td><\/td>\n<\/tr>\n<tr>\n<td>\u010cERN\u00c1 MATN\u00c1 06<\/td>\n<td>B\u00cdL\u00c1 09<\/td>\n<td><\/td>\n<td>ALUCHROM 50<\/td>\n<\/tr>\n<\/tbody>\n<\/table>\n<div class=\"content_container_max1280px overflow_hidden center line_height_1_4 uppercase\">\n<div class=\"overflow_hidden\">\n<div class=\"box_px width_200px\">&nbsp;<\/div>\n<div class=\"box_px width_200px\">\n<div class=\"onmouseover_div_container\">&nbsp;<\/div>\n<div>\n<div class=\"onmouseover_div_container\"><strong><span>VARIANTY SKEL<\/span><\/strong><\/div>\n<div class=\"onmouseover_div_container\">\n<div class=\"onmouseover_div_container\">\n<table width=\"787\" height=\"233\">\n<tbody>\n<tr>\n<td><\/td>\n<td><\/td>\n<td><\/td>\n<\/tr>\n<tr>\n<td>HLADK\u00c9 \u010cIR\u00c9 07<\/td>\n<td><\/td>\n<td><\/td>\n<\/tr>\n<\/tbody>\n<\/table>\n<\/div>\n<\/div>\n<\/div>\n<\/div>\n<\/div>\n<\/div>\n<div class=\"box_px width_160px box_with_selection\">\n<div class=\"content_container_max1280px overflow_hidden center line_height_1_4 uppercase\">\n<div class=\"overflow_hidden\">\n<div class=\"box_px width_200px\">\n<div class=\"onmouseover_div_container\">&nbsp;<\/div>\n<div class=\"onmouseover_div_container\">&nbsp;<\/div>\n<div class=\"onmouseover_div_container\">\n<div class=\"onmouseover_div_container\">&nbsp;<\/div>\n<div class=\"onmouseover_div_container\">&nbsp;<\/div>\n<div class=\"onmouseover_div_container\"><\/div>\n<\/div>\n<\/div>\n<\/div>\n<\/div>\n<\/div>\n<\/div>\n<div class=\"box_px width_160px box_with_selection\">\n<div class=\"content_container_max1280px overflow_hidden center line_height_1_4 uppercase\">\n<div class=\"overflow_hidden\">\n<div class=\"box_px width_200px\">\n<div class=\"onmouseover_div_container\">&nbsp;<\/div>\n<div class=\"onmouseover_div_container\"><span><meta charset=\"utf-8\" \/><strong>Upozorn\u011bn\u00ed pro z\u00e1kazn\u00edky ke koupi produkt\u016f na objedn\u00e1n\u00ed:<\/strong>&nbsp;Toto zbo\u017e\u00ed nen\u00ed standardn\u00edm s\u00e9riov\u00fdm v\u00fdrobkem. Bude vyrobeno na p\u0159\u00e1n\u00ed z\u00e1kazn\u00edka a proto jej&nbsp;<strong>nelze dodavateli v z\u00e1konn\u00e9 lh\u016ft\u011b vr\u00e1tit<\/strong>. (viz \u00a71837 odst.d, ob\u010dansk\u00e9ho z\u00e1kon\u00edku). V tomto p\u0159\u00edpad\u011b m\u016f\u017eeme po\u017eadovat nevratnou z\u00e1lohu a\u017e do v\u00fd\u0161e 100 % z ceny v\u00fdrobku.<\/span><\/div>\n<\/div>\n<\/div>\n<\/div>\n<\/div>\n<\/div><\/div>\n","protected":false},"excerpt":{"rendered":"<p>Detailn\u00ed popis produktu WALK-IN z\u00e1st\u011bny SanSwiss umo\u017e\u0148uj\u00ed pohodln\u00fd \u0161irok\u00fd vstup. \u0160irok\u00e9 pevn\u00e9 st\u011bny poskytuj\u00ed velk\u00fd prostor pro relaxaci p\u0159i sprchov\u00e1n\u00ed. Transparentn\u00ed plochy pevn\u00fdch z\u00e1st\u011bn jsou dominantn\u00edm prvkem koupelny. Walk-in z\u00e1st\u011bny je mo\u017en\u00e9 instalovat do rohu, voln\u011b do prostoru nebo jako vanov\u00e9 z\u00e1st\u011bny. Podle p\u016fdorysu a uspo\u0159\u00e1d\u00e1n\u00ed koupelny lze n\u011bkter\u00e9 modely doplnit i o pevnou nebo [&hellip;]<\/p>\n","protected":false},"featured_media":68411,"comment_status":"open","ping_status":"open","template":"","meta":[],"product_brand":[],"product_cat":[67],"product_tag":[],"class_list":{"0":"post-68311","1":"product","2":"type-product","3":"status-publish","4":"has-post-thumbnail","6":"product_cat-sprchove-kouty","8":"first","9":"instock","10":"sale","11":"shipping-taxable","12":"purchasable","13":"product-type-simple"},"yoast_head":"<!-- This site is optimized with the Yoast SEO plugin v26.8 - https:\/\/yoast.com\/product\/yoast-seo-wordpress\/ -->\n<title>Zna\u010dkov\u00fd Ronal EASY STR4P Walk-In Pevn\u00e1 st\u011bna samostatn\u00e1 120 cm -<\/title>\n<meta name=\"robots\" content=\"index, follow, max-snippet:-1, max-image-preview:large, max-video-preview:-1\" \/>\n<link rel=\"canonical\" href=\"https:\/\/www.domkraftpro.com\/index.php\/produkt\/znackovy-ronal-easy-str4p-walk-in-pevna-stena-samostatna-120-cm-68311\/\" \/>\n<meta property=\"og:locale\" content=\"cs_CZ\" \/>\n<meta property=\"og:type\" content=\"article\" \/>\n<meta property=\"og:title\" content=\"Zna\u010dkov\u00fd Ronal EASY STR4P Walk-In Pevn\u00e1 st\u011bna samostatn\u00e1 120 cm -\" \/>\n<meta property=\"og:description\" content=\"Detailn\u00ed popis produktu WALK-IN z\u00e1st\u011bny SanSwiss umo\u017e\u0148uj\u00ed pohodln\u00fd \u0161irok\u00fd vstup. \u0160irok\u00e9 pevn\u00e9 st\u011bny poskytuj\u00ed velk\u00fd prostor pro relaxaci p\u0159i sprchov\u00e1n\u00ed. Transparentn\u00ed plochy pevn\u00fdch z\u00e1st\u011bn jsou dominantn\u00edm prvkem koupelny. Walk-in z\u00e1st\u011bny je mo\u017en\u00e9 instalovat do rohu, voln\u011b do prostoru nebo jako vanov\u00e9 z\u00e1st\u011bny. Podle p\u016fdorysu a uspo\u0159\u00e1d\u00e1n\u00ed koupelny lze n\u011bkter\u00e9 modely doplnit i o pevnou nebo [&hellip;]\" \/>\n<meta property=\"og:url\" content=\"https:\/\/www.domkraftpro.com\/index.php\/produkt\/znackovy-ronal-easy-str4p-walk-in-pevna-stena-samostatna-120-cm-68311\/\" \/>\n<meta property=\"og:image\" content=\"https:\/\/www.domkraftpro.com\/wp-content\/uploads\/2026\/SK0008522-CZ20260425-093631-0-1777080994-240519_ronal-easy-str4p-walk-in-pevna-stena-samostatna-120-.webp\" \/>\n\t<meta property=\"og:image:width\" content=\"1000\" \/>\n\t<meta property=\"og:image:height\" content=\"750\" \/>\n\t<meta property=\"og:image:type\" content=\"image\/webp\" \/>\n<meta name=\"twitter:card\" content=\"summary_large_image\" \/>\n<meta name=\"twitter:label1\" content=\"Odhadovan\u00e1 doba \u010dten\u00ed\" \/>\n\t<meta name=\"twitter:data1\" content=\"1 minuta\" \/>\n<script type=\"application\/ld+json\" class=\"yoast-schema-graph\">{\"@context\":\"https:\/\/schema.org\",\"@graph\":[{\"@type\":\"WebPage\",\"@id\":\"https:\/\/www.domkraftpro.com\/index.php\/produkt\/znackovy-ronal-easy-str4p-walk-in-pevna-stena-samostatna-120-cm-68311\/\",\"url\":\"https:\/\/www.domkraftpro.com\/index.php\/produkt\/znackovy-ronal-easy-str4p-walk-in-pevna-stena-samostatna-120-cm-68311\/\",\"name\":\"Zna\u010dkov\u00fd Ronal EASY STR4P Walk-In Pevn\u00e1 st\u011bna samostatn\u00e1 120 cm -\",\"isPartOf\":{\"@id\":\"https:\/\/www.domkraftpro.com\/#website\"},\"primaryImageOfPage\":{\"@id\":\"https:\/\/www.domkraftpro.com\/index.php\/produkt\/znackovy-ronal-easy-str4p-walk-in-pevna-stena-samostatna-120-cm-68311\/#primaryimage\"},\"image\":{\"@id\":\"https:\/\/www.domkraftpro.com\/index.php\/produkt\/znackovy-ronal-easy-str4p-walk-in-pevna-stena-samostatna-120-cm-68311\/#primaryimage\"},\"thumbnailUrl\":\"https:\/\/www.domkraftpro.com\/wp-content\/uploads\/2026\/SK0008522-CZ20260425-093631-0-1777080994-240519_ronal-easy-str4p-walk-in-pevna-stena-samostatna-120-.webp\",\"datePublished\":\"2026-04-27T04:43:31+00:00\",\"breadcrumb\":{\"@id\":\"https:\/\/www.domkraftpro.com\/index.php\/produkt\/znackovy-ronal-easy-str4p-walk-in-pevna-stena-samostatna-120-cm-68311\/#breadcrumb\"},\"inLanguage\":\"cs\",\"potentialAction\":[{\"@type\":\"ReadAction\",\"target\":[\"https:\/\/www.domkraftpro.com\/index.php\/produkt\/znackovy-ronal-easy-str4p-walk-in-pevna-stena-samostatna-120-cm-68311\/\"]}]},{\"@type\":\"ImageObject\",\"inLanguage\":\"cs\",\"@id\":\"https:\/\/www.domkraftpro.com\/index.php\/produkt\/znackovy-ronal-easy-str4p-walk-in-pevna-stena-samostatna-120-cm-68311\/#primaryimage\",\"url\":\"https:\/\/www.domkraftpro.com\/wp-content\/uploads\/2026\/SK0008522-CZ20260425-093631-0-1777080994-240519_ronal-easy-str4p-walk-in-pevna-stena-samostatna-120-.webp\",\"contentUrl\":\"https:\/\/www.domkraftpro.com\/wp-content\/uploads\/2026\/SK0008522-CZ20260425-093631-0-1777080994-240519_ronal-easy-str4p-walk-in-pevna-stena-samostatna-120-.webp\",\"width\":1000,\"height\":750},{\"@type\":\"BreadcrumbList\",\"@id\":\"https:\/\/www.domkraftpro.com\/index.php\/produkt\/znackovy-ronal-easy-str4p-walk-in-pevna-stena-samostatna-120-cm-68311\/#breadcrumb\",\"itemListElement\":[{\"@type\":\"ListItem\",\"position\":1,\"name\":\"Home\",\"item\":\"https:\/\/www.domkraftpro.com\/\"},{\"@type\":\"ListItem\",\"position\":2,\"name\":\"Products\",\"item\":\"https:\/\/www.domkraftpro.com\/index.php\/products\/\"},{\"@type\":\"ListItem\",\"position\":3,\"name\":\"Zna\u010dkov\u00fd Ronal EASY STR4P Walk-In Pevn\u00e1 st\u011bna samostatn\u00e1 120 cm\"}]},{\"@type\":\"WebSite\",\"@id\":\"https:\/\/www.domkraftpro.com\/#website\",\"url\":\"https:\/\/www.domkraftpro.com\/\",\"name\":\"\",\"description\":\"\",\"potentialAction\":[{\"@type\":\"SearchAction\",\"target\":{\"@type\":\"EntryPoint\",\"urlTemplate\":\"https:\/\/www.domkraftpro.com\/?s={search_term_string}\"},\"query-input\":{\"@type\":\"PropertyValueSpecification\",\"valueRequired\":true,\"valueName\":\"search_term_string\"}}],\"inLanguage\":\"cs\"}]}<\/script>\n<!-- \/ Yoast SEO plugin. -->","yoast_head_json":{"title":"Zna\u010dkov\u00fd Ronal EASY STR4P Walk-In Pevn\u00e1 st\u011bna samostatn\u00e1 120 cm -","robots":{"index":"index","follow":"follow","max-snippet":"max-snippet:-1","max-image-preview":"max-image-preview:large","max-video-preview":"max-video-preview:-1"},"canonical":"https:\/\/www.domkraftpro.com\/index.php\/produkt\/znackovy-ronal-easy-str4p-walk-in-pevna-stena-samostatna-120-cm-68311\/","og_locale":"cs_CZ","og_type":"article","og_title":"Zna\u010dkov\u00fd Ronal EASY STR4P Walk-In Pevn\u00e1 st\u011bna samostatn\u00e1 120 cm -","og_description":"Detailn\u00ed popis produktu WALK-IN z\u00e1st\u011bny SanSwiss umo\u017e\u0148uj\u00ed pohodln\u00fd \u0161irok\u00fd vstup. \u0160irok\u00e9 pevn\u00e9 st\u011bny poskytuj\u00ed velk\u00fd prostor pro relaxaci p\u0159i sprchov\u00e1n\u00ed. Transparentn\u00ed plochy pevn\u00fdch z\u00e1st\u011bn jsou dominantn\u00edm prvkem koupelny. Walk-in z\u00e1st\u011bny je mo\u017en\u00e9 instalovat do rohu, voln\u011b do prostoru nebo jako vanov\u00e9 z\u00e1st\u011bny. Podle p\u016fdorysu a uspo\u0159\u00e1d\u00e1n\u00ed koupelny lze n\u011bkter\u00e9 modely doplnit i o pevnou nebo [&hellip;]","og_url":"https:\/\/www.domkraftpro.com\/index.php\/produkt\/znackovy-ronal-easy-str4p-walk-in-pevna-stena-samostatna-120-cm-68311\/","og_image":[{"width":1000,"height":750,"url":"https:\/\/www.domkraftpro.com\/wp-content\/uploads\/2026\/SK0008522-CZ20260425-093631-0-1777080994-240519_ronal-easy-str4p-walk-in-pevna-stena-samostatna-120-.webp","type":"image\/webp"}],"twitter_card":"summary_large_image","twitter_misc":{"Odhadovan\u00e1 doba \u010dten\u00ed":"1 minuta"},"schema":{"@context":"https:\/\/schema.org","@graph":[{"@type":"WebPage","@id":"https:\/\/www.domkraftpro.com\/index.php\/produkt\/znackovy-ronal-easy-str4p-walk-in-pevna-stena-samostatna-120-cm-68311\/","url":"https:\/\/www.domkraftpro.com\/index.php\/produkt\/znackovy-ronal-easy-str4p-walk-in-pevna-stena-samostatna-120-cm-68311\/","name":"Zna\u010dkov\u00fd Ronal EASY STR4P Walk-In Pevn\u00e1 st\u011bna samostatn\u00e1 120 cm -","isPartOf":{"@id":"https:\/\/www.domkraftpro.com\/#website"},"primaryImageOfPage":{"@id":"https:\/\/www.domkraftpro.com\/index.php\/produkt\/znackovy-ronal-easy-str4p-walk-in-pevna-stena-samostatna-120-cm-68311\/#primaryimage"},"image":{"@id":"https:\/\/www.domkraftpro.com\/index.php\/produkt\/znackovy-ronal-easy-str4p-walk-in-pevna-stena-samostatna-120-cm-68311\/#primaryimage"},"thumbnailUrl":"https:\/\/www.domkraftpro.com\/wp-content\/uploads\/2026\/SK0008522-CZ20260425-093631-0-1777080994-240519_ronal-easy-str4p-walk-in-pevna-stena-samostatna-120-.webp","datePublished":"2026-04-27T04:43:31+00:00","breadcrumb":{"@id":"https:\/\/www.domkraftpro.com\/index.php\/produkt\/znackovy-ronal-easy-str4p-walk-in-pevna-stena-samostatna-120-cm-68311\/#breadcrumb"},"inLanguage":"cs","potentialAction":[{"@type":"ReadAction","target":["https:\/\/www.domkraftpro.com\/index.php\/produkt\/znackovy-ronal-easy-str4p-walk-in-pevna-stena-samostatna-120-cm-68311\/"]}]},{"@type":"ImageObject","inLanguage":"cs","@id":"https:\/\/www.domkraftpro.com\/index.php\/produkt\/znackovy-ronal-easy-str4p-walk-in-pevna-stena-samostatna-120-cm-68311\/#primaryimage","url":"https:\/\/www.domkraftpro.com\/wp-content\/uploads\/2026\/SK0008522-CZ20260425-093631-0-1777080994-240519_ronal-easy-str4p-walk-in-pevna-stena-samostatna-120-.webp","contentUrl":"https:\/\/www.domkraftpro.com\/wp-content\/uploads\/2026\/SK0008522-CZ20260425-093631-0-1777080994-240519_ronal-easy-str4p-walk-in-pevna-stena-samostatna-120-.webp","width":1000,"height":750},{"@type":"BreadcrumbList","@id":"https:\/\/www.domkraftpro.com\/index.php\/produkt\/znackovy-ronal-easy-str4p-walk-in-pevna-stena-samostatna-120-cm-68311\/#breadcrumb","itemListElement":[{"@type":"ListItem","position":1,"name":"Home","item":"https:\/\/www.domkraftpro.com\/"},{"@type":"ListItem","position":2,"name":"Products","item":"https:\/\/www.domkraftpro.com\/index.php\/products\/"},{"@type":"ListItem","position":3,"name":"Zna\u010dkov\u00fd Ronal EASY STR4P Walk-In Pevn\u00e1 st\u011bna samostatn\u00e1 120 cm"}]},{"@type":"WebSite","@id":"https:\/\/www.domkraftpro.com\/#website","url":"https:\/\/www.domkraftpro.com\/","name":"","description":"","potentialAction":[{"@type":"SearchAction","target":{"@type":"EntryPoint","urlTemplate":"https:\/\/www.domkraftpro.com\/?s={search_term_string}"},"query-input":{"@type":"PropertyValueSpecification","valueRequired":true,"valueName":"search_term_string"}}],"inLanguage":"cs"}]}},"_links":{"self":[{"href":"https:\/\/www.domkraftpro.com\/index.php\/wp-json\/wp\/v2\/product\/68311","targetHints":{"allow":["GET"]}}],"collection":[{"href":"https:\/\/www.domkraftpro.com\/index.php\/wp-json\/wp\/v2\/product"}],"about":[{"href":"https:\/\/www.domkraftpro.com\/index.php\/wp-json\/wp\/v2\/types\/product"}],"replies":[{"embeddable":true,"href":"https:\/\/www.domkraftpro.com\/index.php\/wp-json\/wp\/v2\/comments?post=68311"}],"wp:featuredmedia":[{"embeddable":true,"href":"https:\/\/www.domkraftpro.com\/index.php\/wp-json\/wp\/v2\/media\/68411"}],"wp:attachment":[{"href":"https:\/\/www.domkraftpro.com\/index.php\/wp-json\/wp\/v2\/media?parent=68311"}],"wp:term":[{"taxonomy":"product_brand","embeddable":true,"href":"https:\/\/www.domkraftpro.com\/index.php\/wp-json\/wp\/v2\/product_brand?post=68311"},{"taxonomy":"product_cat","embeddable":true,"href":"https:\/\/www.domkraftpro.com\/index.php\/wp-json\/wp\/v2\/product_cat?post=68311"},{"taxonomy":"product_tag","embeddable":true,"href":"https:\/\/www.domkraftpro.com\/index.php\/wp-json\/wp\/v2\/product_tag?post=68311"}],"curies":[{"name":"wp","href":"https:\/\/api.w.org\/{rel}","templated":true}]}}