{"id":68137,"date":"2026-04-27T04:43:31","date_gmt":"2026-04-27T04:43:31","guid":{"rendered":""},"modified":"2026-04-27T04:43:31","modified_gmt":"2026-04-27T04:43:31","slug":"znackovy-ronal-divera-d22t31-d22f1-sprchovy-kout-obdelnikovy-140x80-cm-68137","status":"publish","type":"product","link":"https:\/\/www.domkraftpro.com\/index.php\/produkt\/znackovy-ronal-divera-d22t31-d22f1-sprchovy-kout-obdelnikovy-140x80-cm-68137\/","title":{"rendered":"Zna\u010dkov\u00fd Ronal DIVERA D22T31+D22F1 sprchov\u00fd kout obd\u00e9ln\u00edkov\u00fd 140&#215;80 cm"},"content":{"rendered":"<div class=\"basic-description\">\n<h3>Detailn\u00ed popis produktu<\/h3>\n<p><span>Sprchov\u00e9 z\u00e1st\u011bny <\/span><b>DIVERA<\/b><span> byly navr\u017eeny s maxim\u00e1ln\u00edm d\u016frazem na kvalitu, funk\u010dnost a flexibilitu. Sprchov\u00e9 dve\u0159e v sob\u011b kombinuj\u00ed komfort, jednoduchost a spl\u0148uj\u00ed nejb\u011b\u017en\u011bj\u0161\u00ed pot\u0159eby u\u017eivatel\u016f koupelny. Sprchov\u00e9 z\u00e1st\u011bny \u0159ady DIVERA maj\u00ed zcela modul\u00e1rn\u00ed strukturu a jsou v\u00fdsledkem nejnov\u011bj\u0161\u00ed inovace SanSwiss.<\/span><br \/><span>A\u0165 u\u017e se jedn\u00e1 o sprchov\u00e9 kouty um\u00edst\u011bn\u00e9 v rohu, sprchov\u00e9 dve\u0159e do niky nebo v kombinaci s bo\u010dn\u00ed st\u011bnou, <\/span><b>DIVERA<\/b><span> vnese do Va\u0161\u00ed koupelny eleganci a nad\u010dasovost. P\u0159irozen\u011b se p\u0159izp\u016fsob\u00ed prostoru koupelny. Ergonomick\u00e9 madlo zaru\u010d\u00ed maxim\u00e1ln\u00ed komfort. Antiplakov\u00e1 \u00faprava skla v\u00fdrazn\u011b usnad\u0148uje \u010di\u0161t\u011bn\u00ed sprchov\u00e9 z\u00e1st\u011bny.<\/span><\/p>\n<p>D22T31 | JEDNOK\u0158\u00cdDL\u00c9 DVE\u0158E S PANTEM U ZDI A PEVNOU ST\u011aNOU V ROVIN\u011a<br \/>6mm bezpe\u010dnostn\u00ed sklo | otv\u00edr\u00e1n\u00ed ven i dovnit\u0159 | magnetick\u00e9 t\u011bsn\u011bn\u00ed | 15mm prahov\u00e1 li\u0161ta | rohov\u00e1 vzp\u011bra v balen\u00ed | dod\u00e1vka ve 2 balen\u00edch<\/p>\n<p>D22F1 | BO\u010cN\u00cd ST\u011aNA <br \/>6mm bezpe\u010dnostn\u00ed sklo | dod\u00e1vka v 1 balen\u00ed<\/p>\n<p><strong>Vlastnosti:<\/strong><\/p>\n<p><span>&#8211; 6 mm bezpe\u010dnostn\u00ed sklo<br \/>&#8211; Standardn\u00ed v\u00fd\u0161ka 2000 mm<br \/>&#8211; Antiplakov\u00e1 \u00faprava Aquaperle<br \/>&#8211; K\u0159\u00eddlov\u00e9 dve\u0159e s otv\u00edr\u00e1n\u00edm ven (pop\u0159\u00edpad\u011b i dovnit\u0159)<br \/>&#8211; Jednoduch\u00e1 mont\u00e1\u017e<br \/>&#8211; Standardn\u00ed i zvl\u00e1\u0161tn\u00ed rozm\u011bry<\/span><\/p>\n<p><span><\/span><\/p>\n<p>&nbsp;<\/p>\n<\/p>\n<p>&nbsp;<\/p>\n<div class=\"content_container_max1280px center f90 overflow_hidden line_height_1_4 image_margin_b_8px\">\n<p><span style=\"text-align: center;\">&nbsp;<\/span><\/p>\n<div class=\"content_container_max1280px center f90 overflow_hidden line_height_1_4 image_margin_b_8px\">\n<div class=\"content_container_max1280px center f90 overflow_hidden line_height_1_4 image_margin_b_8px\">\n<div class=\"onmouseover_div_container\" style=\"text-align: center;\"><strong><span>BARVY PROFIL\u016e A PANT\u016e<\/span><\/strong><\/div>\n<div class=\"onmouseover_div_container\">&nbsp;<\/div>\n<div class=\"onmouseover_div_container\">\n<div class=\"onmouseover_div_container\">\n<table height=\"237\" style=\"margin: 0 auto;\">\n<tbody>\n<tr>\n<td style=\"padding: 8px;\"><\/td>\n<td style=\"padding: 8px;\"><\/td>\n<\/tr>\n<tr>\n<td style=\"text-align: center;\">ALUCHROME 50<\/td>\n<td style=\"text-align: center;\">BLACK LINE 06<\/td>\n<\/tr>\n<\/tbody>\n<\/table>\n<\/div>\n<\/div>\n<div class=\"onmouseover_div_container\" style=\"text-align: center;\">&nbsp;<\/div>\n<div class=\"onmouseover_div_container\" style=\"text-align: center;\">&nbsp;<\/div>\n<div class=\"onmouseover_div_container\" style=\"text-align: center;\"><strong><span>VARIANTY SKEL<\/span><\/strong><\/div>\n<div class=\"onmouseover_div_container\">&nbsp;<\/div>\n<div class=\"onmouseover_div_container\">\n<div class=\"onmouseover_div_container\">\n<table width=\"787\" height=\"233\">\n<tbody>\n<tr>\n<td><\/td>\n<td><\/td>\n<td><\/td>\n<td><\/td>\n<\/tr>\n<tr>\n<td style=\"text-align: center;\">HLADK\u00c9 \u010cIR\u00c9 07<\/td>\n<td style=\"text-align: center;\">B\u00cdL\u00c9 LINKY 88<\/td>\n<td style=\"text-align: center;\">SCREEN 87<\/td>\n<td style=\"text-align: center;\">DURLUX 22<\/td>\n<\/tr>\n<\/tbody>\n<\/table>\n<\/div>\n<\/div>\n<div class=\"onmouseover_div_container\">&nbsp;<\/div>\n<div class=\"onmouseover_div_container\"><\/div>\n<div class=\"onmouseover_div_container\">&nbsp;<\/div>\n<\/div>\n<\/div>\n<\/div>\n<p><strong>Upozorn\u011bn\u00ed pro z\u00e1kazn\u00edky ke koupi produkt\u016f na objedn\u00e1n\u00ed:<\/strong><span>&nbsp;Toto zbo\u017e\u00ed nen\u00ed standardn\u00edm s\u00e9riov\u00fdm v\u00fdrobkem. Bude vyrobeno na p\u0159\u00e1n\u00ed z\u00e1kazn\u00edka a proto jej&nbsp;<\/span><strong>nelze dodavateli v z\u00e1konn\u00e9 lh\u016ft\u011b vr\u00e1tit<\/strong><span>. (viz \u00a71837 odst.d, ob\u010dansk\u00e9ho z\u00e1kon\u00edku). V tomto p\u0159\u00edpad\u011b m\u016f\u017eeme po\u017eadovat nevratnou z\u00e1lohu a\u017e do v\u00fd\u0161e 100 % z ceny v\u00fdrobku.<\/span><\/p>\n<\/p><\/div>\n","protected":false},"excerpt":{"rendered":"<p>Detailn\u00ed popis produktu Sprchov\u00e9 z\u00e1st\u011bny DIVERA byly navr\u017eeny s maxim\u00e1ln\u00edm d\u016frazem na kvalitu, funk\u010dnost a flexibilitu. Sprchov\u00e9 dve\u0159e v sob\u011b kombinuj\u00ed komfort, jednoduchost a spl\u0148uj\u00ed nejb\u011b\u017en\u011bj\u0161\u00ed pot\u0159eby u\u017eivatel\u016f koupelny. Sprchov\u00e9 z\u00e1st\u011bny \u0159ady DIVERA maj\u00ed zcela modul\u00e1rn\u00ed strukturu a jsou v\u00fdsledkem nejnov\u011bj\u0161\u00ed inovace SanSwiss.A\u0165 u\u017e se jedn\u00e1 o sprchov\u00e9 kouty um\u00edst\u011bn\u00e9 v rohu, sprchov\u00e9 dve\u0159e do [&hellip;]<\/p>\n","protected":false},"featured_media":68237,"comment_status":"open","ping_status":"open","template":"","meta":[],"product_brand":[],"product_cat":[67],"product_tag":[],"class_list":{"0":"post-68137","1":"product","2":"type-product","3":"status-publish","4":"has-post-thumbnail","6":"product_cat-sprchove-kouty","8":"first","9":"instock","10":"sale","11":"shipping-taxable","12":"purchasable","13":"product-type-simple"},"yoast_head":"<!-- This site is optimized with the Yoast SEO plugin v26.8 - https:\/\/yoast.com\/product\/yoast-seo-wordpress\/ -->\n<title>Zna\u010dkov\u00fd Ronal DIVERA D22T31+D22F1 sprchov\u00fd kout obd\u00e9ln\u00edkov\u00fd 140x80 cm -<\/title>\n<meta name=\"robots\" content=\"index, follow, max-snippet:-1, max-image-preview:large, max-video-preview:-1\" \/>\n<link rel=\"canonical\" href=\"https:\/\/www.domkraftpro.com\/index.php\/produkt\/znackovy-ronal-divera-d22t31-d22f1-sprchovy-kout-obdelnikovy-140x80-cm-68137\/\" \/>\n<meta property=\"og:locale\" content=\"cs_CZ\" \/>\n<meta property=\"og:type\" content=\"article\" \/>\n<meta property=\"og:title\" content=\"Zna\u010dkov\u00fd Ronal DIVERA D22T31+D22F1 sprchov\u00fd kout obd\u00e9ln\u00edkov\u00fd 140x80 cm -\" \/>\n<meta property=\"og:description\" content=\"Detailn\u00ed popis produktu Sprchov\u00e9 z\u00e1st\u011bny DIVERA byly navr\u017eeny s maxim\u00e1ln\u00edm d\u016frazem na kvalitu, funk\u010dnost a flexibilitu. Sprchov\u00e9 dve\u0159e v sob\u011b kombinuj\u00ed komfort, jednoduchost a spl\u0148uj\u00ed nejb\u011b\u017en\u011bj\u0161\u00ed pot\u0159eby u\u017eivatel\u016f koupelny. Sprchov\u00e9 z\u00e1st\u011bny \u0159ady DIVERA maj\u00ed zcela modul\u00e1rn\u00ed strukturu a jsou v\u00fdsledkem nejnov\u011bj\u0161\u00ed inovace SanSwiss.A\u0165 u\u017e se jedn\u00e1 o sprchov\u00e9 kouty um\u00edst\u011bn\u00e9 v rohu, sprchov\u00e9 dve\u0159e do [&hellip;]\" \/>\n<meta property=\"og:url\" content=\"https:\/\/www.domkraftpro.com\/index.php\/produkt\/znackovy-ronal-divera-d22t31-d22f1-sprchovy-kout-obdelnikovy-140x80-cm-68137\/\" \/>\n<meta property=\"og:image\" content=\"https:\/\/www.domkraftpro.com\/wp-content\/uploads\/2026\/SK0008328-CZ20260425-093631-0-1777080994-239241-6_ronal-divera-d22t31-d22f1-sprchovy-kout-obdelnikov.webp\" \/>\n\t<meta property=\"og:image:width\" content=\"1000\" \/>\n\t<meta property=\"og:image:height\" content=\"750\" \/>\n\t<meta property=\"og:image:type\" content=\"image\/webp\" \/>\n<meta name=\"twitter:card\" content=\"summary_large_image\" \/>\n<meta name=\"twitter:label1\" content=\"Odhadovan\u00e1 doba \u010dten\u00ed\" \/>\n\t<meta name=\"twitter:data1\" content=\"2 minuty\" \/>\n<script type=\"application\/ld+json\" class=\"yoast-schema-graph\">{\"@context\":\"https:\/\/schema.org\",\"@graph\":[{\"@type\":\"WebPage\",\"@id\":\"https:\/\/www.domkraftpro.com\/index.php\/produkt\/znackovy-ronal-divera-d22t31-d22f1-sprchovy-kout-obdelnikovy-140x80-cm-68137\/\",\"url\":\"https:\/\/www.domkraftpro.com\/index.php\/produkt\/znackovy-ronal-divera-d22t31-d22f1-sprchovy-kout-obdelnikovy-140x80-cm-68137\/\",\"name\":\"Zna\u010dkov\u00fd Ronal DIVERA D22T31+D22F1 sprchov\u00fd kout obd\u00e9ln\u00edkov\u00fd 140x80 cm -\",\"isPartOf\":{\"@id\":\"https:\/\/www.domkraftpro.com\/#website\"},\"primaryImageOfPage\":{\"@id\":\"https:\/\/www.domkraftpro.com\/index.php\/produkt\/znackovy-ronal-divera-d22t31-d22f1-sprchovy-kout-obdelnikovy-140x80-cm-68137\/#primaryimage\"},\"image\":{\"@id\":\"https:\/\/www.domkraftpro.com\/index.php\/produkt\/znackovy-ronal-divera-d22t31-d22f1-sprchovy-kout-obdelnikovy-140x80-cm-68137\/#primaryimage\"},\"thumbnailUrl\":\"https:\/\/www.domkraftpro.com\/wp-content\/uploads\/2026\/SK0008328-CZ20260425-093631-0-1777080994-239241-6_ronal-divera-d22t31-d22f1-sprchovy-kout-obdelnikov.webp\",\"datePublished\":\"2026-04-27T04:43:31+00:00\",\"breadcrumb\":{\"@id\":\"https:\/\/www.domkraftpro.com\/index.php\/produkt\/znackovy-ronal-divera-d22t31-d22f1-sprchovy-kout-obdelnikovy-140x80-cm-68137\/#breadcrumb\"},\"inLanguage\":\"cs\",\"potentialAction\":[{\"@type\":\"ReadAction\",\"target\":[\"https:\/\/www.domkraftpro.com\/index.php\/produkt\/znackovy-ronal-divera-d22t31-d22f1-sprchovy-kout-obdelnikovy-140x80-cm-68137\/\"]}]},{\"@type\":\"ImageObject\",\"inLanguage\":\"cs\",\"@id\":\"https:\/\/www.domkraftpro.com\/index.php\/produkt\/znackovy-ronal-divera-d22t31-d22f1-sprchovy-kout-obdelnikovy-140x80-cm-68137\/#primaryimage\",\"url\":\"https:\/\/www.domkraftpro.com\/wp-content\/uploads\/2026\/SK0008328-CZ20260425-093631-0-1777080994-239241-6_ronal-divera-d22t31-d22f1-sprchovy-kout-obdelnikov.webp\",\"contentUrl\":\"https:\/\/www.domkraftpro.com\/wp-content\/uploads\/2026\/SK0008328-CZ20260425-093631-0-1777080994-239241-6_ronal-divera-d22t31-d22f1-sprchovy-kout-obdelnikov.webp\",\"width\":1000,\"height\":750},{\"@type\":\"BreadcrumbList\",\"@id\":\"https:\/\/www.domkraftpro.com\/index.php\/produkt\/znackovy-ronal-divera-d22t31-d22f1-sprchovy-kout-obdelnikovy-140x80-cm-68137\/#breadcrumb\",\"itemListElement\":[{\"@type\":\"ListItem\",\"position\":1,\"name\":\"Home\",\"item\":\"https:\/\/www.domkraftpro.com\/\"},{\"@type\":\"ListItem\",\"position\":2,\"name\":\"Products\",\"item\":\"https:\/\/www.domkraftpro.com\/index.php\/products\/\"},{\"@type\":\"ListItem\",\"position\":3,\"name\":\"Zna\u010dkov\u00fd Ronal DIVERA D22T31+D22F1 sprchov\u00fd kout obd\u00e9ln\u00edkov\u00fd 140&#215;80 cm\"}]},{\"@type\":\"WebSite\",\"@id\":\"https:\/\/www.domkraftpro.com\/#website\",\"url\":\"https:\/\/www.domkraftpro.com\/\",\"name\":\"\",\"description\":\"\",\"potentialAction\":[{\"@type\":\"SearchAction\",\"target\":{\"@type\":\"EntryPoint\",\"urlTemplate\":\"https:\/\/www.domkraftpro.com\/?s={search_term_string}\"},\"query-input\":{\"@type\":\"PropertyValueSpecification\",\"valueRequired\":true,\"valueName\":\"search_term_string\"}}],\"inLanguage\":\"cs\"}]}<\/script>\n<!-- \/ Yoast SEO plugin. -->","yoast_head_json":{"title":"Zna\u010dkov\u00fd Ronal DIVERA D22T31+D22F1 sprchov\u00fd kout obd\u00e9ln\u00edkov\u00fd 140x80 cm -","robots":{"index":"index","follow":"follow","max-snippet":"max-snippet:-1","max-image-preview":"max-image-preview:large","max-video-preview":"max-video-preview:-1"},"canonical":"https:\/\/www.domkraftpro.com\/index.php\/produkt\/znackovy-ronal-divera-d22t31-d22f1-sprchovy-kout-obdelnikovy-140x80-cm-68137\/","og_locale":"cs_CZ","og_type":"article","og_title":"Zna\u010dkov\u00fd Ronal DIVERA D22T31+D22F1 sprchov\u00fd kout obd\u00e9ln\u00edkov\u00fd 140x80 cm -","og_description":"Detailn\u00ed popis produktu Sprchov\u00e9 z\u00e1st\u011bny DIVERA byly navr\u017eeny s maxim\u00e1ln\u00edm d\u016frazem na kvalitu, funk\u010dnost a flexibilitu. Sprchov\u00e9 dve\u0159e v sob\u011b kombinuj\u00ed komfort, jednoduchost a spl\u0148uj\u00ed nejb\u011b\u017en\u011bj\u0161\u00ed pot\u0159eby u\u017eivatel\u016f koupelny. Sprchov\u00e9 z\u00e1st\u011bny \u0159ady DIVERA maj\u00ed zcela modul\u00e1rn\u00ed strukturu a jsou v\u00fdsledkem nejnov\u011bj\u0161\u00ed inovace SanSwiss.A\u0165 u\u017e se jedn\u00e1 o sprchov\u00e9 kouty um\u00edst\u011bn\u00e9 v rohu, sprchov\u00e9 dve\u0159e do [&hellip;]","og_url":"https:\/\/www.domkraftpro.com\/index.php\/produkt\/znackovy-ronal-divera-d22t31-d22f1-sprchovy-kout-obdelnikovy-140x80-cm-68137\/","og_image":[{"width":1000,"height":750,"url":"https:\/\/www.domkraftpro.com\/wp-content\/uploads\/2026\/SK0008328-CZ20260425-093631-0-1777080994-239241-6_ronal-divera-d22t31-d22f1-sprchovy-kout-obdelnikov.webp","type":"image\/webp"}],"twitter_card":"summary_large_image","twitter_misc":{"Odhadovan\u00e1 doba \u010dten\u00ed":"2 minuty"},"schema":{"@context":"https:\/\/schema.org","@graph":[{"@type":"WebPage","@id":"https:\/\/www.domkraftpro.com\/index.php\/produkt\/znackovy-ronal-divera-d22t31-d22f1-sprchovy-kout-obdelnikovy-140x80-cm-68137\/","url":"https:\/\/www.domkraftpro.com\/index.php\/produkt\/znackovy-ronal-divera-d22t31-d22f1-sprchovy-kout-obdelnikovy-140x80-cm-68137\/","name":"Zna\u010dkov\u00fd Ronal DIVERA D22T31+D22F1 sprchov\u00fd kout obd\u00e9ln\u00edkov\u00fd 140x80 cm -","isPartOf":{"@id":"https:\/\/www.domkraftpro.com\/#website"},"primaryImageOfPage":{"@id":"https:\/\/www.domkraftpro.com\/index.php\/produkt\/znackovy-ronal-divera-d22t31-d22f1-sprchovy-kout-obdelnikovy-140x80-cm-68137\/#primaryimage"},"image":{"@id":"https:\/\/www.domkraftpro.com\/index.php\/produkt\/znackovy-ronal-divera-d22t31-d22f1-sprchovy-kout-obdelnikovy-140x80-cm-68137\/#primaryimage"},"thumbnailUrl":"https:\/\/www.domkraftpro.com\/wp-content\/uploads\/2026\/SK0008328-CZ20260425-093631-0-1777080994-239241-6_ronal-divera-d22t31-d22f1-sprchovy-kout-obdelnikov.webp","datePublished":"2026-04-27T04:43:31+00:00","breadcrumb":{"@id":"https:\/\/www.domkraftpro.com\/index.php\/produkt\/znackovy-ronal-divera-d22t31-d22f1-sprchovy-kout-obdelnikovy-140x80-cm-68137\/#breadcrumb"},"inLanguage":"cs","potentialAction":[{"@type":"ReadAction","target":["https:\/\/www.domkraftpro.com\/index.php\/produkt\/znackovy-ronal-divera-d22t31-d22f1-sprchovy-kout-obdelnikovy-140x80-cm-68137\/"]}]},{"@type":"ImageObject","inLanguage":"cs","@id":"https:\/\/www.domkraftpro.com\/index.php\/produkt\/znackovy-ronal-divera-d22t31-d22f1-sprchovy-kout-obdelnikovy-140x80-cm-68137\/#primaryimage","url":"https:\/\/www.domkraftpro.com\/wp-content\/uploads\/2026\/SK0008328-CZ20260425-093631-0-1777080994-239241-6_ronal-divera-d22t31-d22f1-sprchovy-kout-obdelnikov.webp","contentUrl":"https:\/\/www.domkraftpro.com\/wp-content\/uploads\/2026\/SK0008328-CZ20260425-093631-0-1777080994-239241-6_ronal-divera-d22t31-d22f1-sprchovy-kout-obdelnikov.webp","width":1000,"height":750},{"@type":"BreadcrumbList","@id":"https:\/\/www.domkraftpro.com\/index.php\/produkt\/znackovy-ronal-divera-d22t31-d22f1-sprchovy-kout-obdelnikovy-140x80-cm-68137\/#breadcrumb","itemListElement":[{"@type":"ListItem","position":1,"name":"Home","item":"https:\/\/www.domkraftpro.com\/"},{"@type":"ListItem","position":2,"name":"Products","item":"https:\/\/www.domkraftpro.com\/index.php\/products\/"},{"@type":"ListItem","position":3,"name":"Zna\u010dkov\u00fd Ronal DIVERA D22T31+D22F1 sprchov\u00fd kout obd\u00e9ln\u00edkov\u00fd 140&#215;80 cm"}]},{"@type":"WebSite","@id":"https:\/\/www.domkraftpro.com\/#website","url":"https:\/\/www.domkraftpro.com\/","name":"","description":"","potentialAction":[{"@type":"SearchAction","target":{"@type":"EntryPoint","urlTemplate":"https:\/\/www.domkraftpro.com\/?s={search_term_string}"},"query-input":{"@type":"PropertyValueSpecification","valueRequired":true,"valueName":"search_term_string"}}],"inLanguage":"cs"}]}},"_links":{"self":[{"href":"https:\/\/www.domkraftpro.com\/index.php\/wp-json\/wp\/v2\/product\/68137","targetHints":{"allow":["GET"]}}],"collection":[{"href":"https:\/\/www.domkraftpro.com\/index.php\/wp-json\/wp\/v2\/product"}],"about":[{"href":"https:\/\/www.domkraftpro.com\/index.php\/wp-json\/wp\/v2\/types\/product"}],"replies":[{"embeddable":true,"href":"https:\/\/www.domkraftpro.com\/index.php\/wp-json\/wp\/v2\/comments?post=68137"}],"wp:featuredmedia":[{"embeddable":true,"href":"https:\/\/www.domkraftpro.com\/index.php\/wp-json\/wp\/v2\/media\/68237"}],"wp:attachment":[{"href":"https:\/\/www.domkraftpro.com\/index.php\/wp-json\/wp\/v2\/media?parent=68137"}],"wp:term":[{"taxonomy":"product_brand","embeddable":true,"href":"https:\/\/www.domkraftpro.com\/index.php\/wp-json\/wp\/v2\/product_brand?post=68137"},{"taxonomy":"product_cat","embeddable":true,"href":"https:\/\/www.domkraftpro.com\/index.php\/wp-json\/wp\/v2\/product_cat?post=68137"},{"taxonomy":"product_tag","embeddable":true,"href":"https:\/\/www.domkraftpro.com\/index.php\/wp-json\/wp\/v2\/product_tag?post=68137"}],"curies":[{"name":"wp","href":"https:\/\/api.w.org\/{rel}","templated":true}]}}