{"id":67929,"date":"2026-04-27T04:43:30","date_gmt":"2026-04-27T04:43:30","guid":{"rendered":""},"modified":"2026-04-27T04:43:30","modified_gmt":"2026-04-27T04:43:30","slug":"akce-roth-project-ld3-lsb-sprchovy-kout-obdelnikovy-80x90-cm-67929","status":"publish","type":"product","link":"https:\/\/www.domkraftpro.com\/index.php\/produkt\/akce-roth-project-ld3-lsb-sprchovy-kout-obdelnikovy-80x90-cm-67929\/","title":{"rendered":"Akce Roth PROJECT LD3+LSB Sprchov\u00fd kout obd\u00e9ln\u00edkov\u00fd 80&#215;90 cm"},"content":{"rendered":"<div class=\"basic-description\">\n<h3>Detailn\u00ed popis produktu<\/h3>\n<div class=\"cHeading \">\n<div class=\"cHeading \">\n<div class=\"cHeading \">\n<div class=\"cHeading \">\n<div class=\"cHeading \">\n<div class=\"cHeading \">\n<div class=\"cHeading \">\n<div class=\"cHeading \">\n<div class=\"cHeading \">\n<div class=\"cHeading \">\n<div class=\"cHeading \">\n<div class=\"cHeading \">\n<div class=\"cHeading \">\n<div class=\"cHeading \">\n<div class=\"cHeading \">\n<div class=\"cHeading \">\n<div class=\"cHeading \">\n<div class=\"cHeading \">\n<div class=\"cHeading \">\n<div class=\"cHeading \">\n<div class=\"cHeading \">\n<div class=\"cHeading \">\n<div class=\"cHeading \">\n<div class=\"cHeading \">\n<div class=\"cHeading \">\n<div class=\"cHeading \">\n<div class=\"cHeading \">\n<h1 class=\"cHeading__hx\">PROJECT<\/h1>\n<\/div>\n<div class=\"cPerex__desc \">\n<h2>Cenov\u011b dostupn\u00e9 r\u00e1mov\u00e9 sprchy<\/h2>\n<p>P\u0159edstavuje<span>&nbsp;<\/span><strong>ekonomicky p\u0159\u00edzniv\u00fd<\/strong><span>&nbsp;<\/span>segment v&nbsp;osv\u011bd\u010den\u00fdch a&nbsp;obl\u00edben\u00fdch designech, ani\u017e by byl z\u00e1kazn\u00edk nucen d\u011blat kompromisy v&nbsp;kvalit\u011b. Ide\u00e1ln\u00ed v\u00fdrobky k vyu\u017eit\u00ed v<span>&nbsp;<\/span><strong>projektov\u00fdch \u0159e\u0161en\u00edch<\/strong>.<\/p>\n<\/div>\n<\/article>\n<\/div>\n<\/div>\n<\/div>\n<\/div>\n<\/div>\n<\/div>\n<\/div>\n<\/div>\n<\/div>\n<ul>\n<li>3, 4 nebo 6 mm bezpe\u010dnost\u00ed sklo<\/li>\n<li>\u0160irok\u00e1 nab\u00eddka designu proveden\u00ed<\/li>\n<li>Produkty s otev\u00edrac\u00edmi i posuvn\u00fdmi dve\u0159mi<span><\/span><\/li>\n<li>Dobr\u00e1 kvalita za n\u00edzkou cenu<\/li>\n<\/ul>\n<\/div>\n<\/div>\n<\/div>\n<\/div>\n<\/div>\n<\/div>\n<\/div>\n<\/div>\n<div class=\"cHeading \">\n<div class=\"cHeading \">\n<div class=\"cHeading \">\n<div class=\"cHeading \">\n<h1 class=\"cHeading__hx\">LD3+LSB<\/h1>\n<\/div>\n<div class=\"cPerex__desc \">\n<h2>Sprchov\u00e9 dve\u0159e posuvn\u00e9 pro instalaci do niky nebo pro kombinaci s bo\u010dn\u00ed st\u011bnou<\/h2>\n<p><strong>Jednoduch\u00e9<\/strong>, osv\u011bd\u010den\u00e9 a<strong>&nbsp;cenov\u011b snadno dostupn\u00e9<\/strong><span>&nbsp;<\/span>\u0159e\u0161en\u00ed pro va\u0161i sprchu. Na v\u00fdb\u011br je ze dvou v\u00fdpln\u00ed &#8211;&nbsp;3&nbsp;mm bezpe\u010dnostn\u00ed sklo v&nbsp;proveden\u00ed Grape a&nbsp;3&nbsp;mm v\u00fdpl\u0148 z&nbsp;polystyrolu se vzorem Damp. Vzhledem ke<span>&nbsp;<\/span><strong>snadn\u00e9 instalaci<\/strong>, p\u0159\u00edzniv\u00e9 cen\u011b a&nbsp;<strong>univerz\u00e1ln\u00edmu vzhledu<\/strong><span>&nbsp;<\/span>jsou tyto produkty<strong><span>&nbsp;<\/span>obl\u00edbenou volbou<\/strong><span>&nbsp;<\/span>p\u0159i projektov\u00fdch \u0159e\u0161en\u00edch osazov\u00e1n\u00ed koupelen sportovn\u00edch center, zdravotnick\u00fdch za\u0159\u00edzen\u00ed nebo ubytoven.<\/p>\n<\/div>\n<\/article>\n<\/div>\n<\/div>\n<\/div>\n<table height=\"156\" style=\"width: 497.391px;\">\n<tbody>\n<tr>\n<td style=\"text-align: center; width: 104px;\"><\/td>\n<td style=\"text-align: center; width: 120px;\"><\/td>\n<td style=\"text-align: center; width: 118px;\"><\/td>\n<td style=\"text-align: center; width: 121.391px;\"><\/td>\n<\/tr>\n<tr>\n<td style=\"width: 104px; text-align: center;\">\n<p>Tvrzen\u00e9 ESG sklo<\/p>\n<\/td>\n<td style=\"width: 120px; text-align: center;\">\n<p>Bezr\u00e1mov\u00e9 proveden\u00ed<\/p>\n<\/td>\n<td style=\"width: 118px; text-align: center;\">\n<p>Polystyrol<\/p>\n<\/td>\n<td style=\"width: 121.391px; text-align: center;\">\n<p>Z\u00e1ruka od n\u00e1s<\/p>\n<\/td>\n<\/tr>\n<\/tbody>\n<\/table>\n<div class=\"grid__item one-third lap--one-third palm--one-third\">&nbsp;<\/div>\n<\/article>\n<h3>Detailn\u00ed popis<\/h3>\n<p><b><strong>LD3<\/strong><\/b>&nbsp;jsou<span>&nbsp;<\/span><b><strong>skl\u00e1dac\u00ed posuvn\u00e9 sprchov\u00e9 dve\u0159e<span>&nbsp;<\/span><\/strong><\/b>v&nbsp;kombinaci s&nbsp;<b><strong>bo\u010dn\u00ed st\u011bnou LSB,<\/strong><\/b><span>&nbsp;<\/span>je\u017e pak tvo\u0159\u00ed dohromady sprchov\u00fd kout<span>&nbsp;<\/span><b><strong>LD3+LSB<\/strong><\/b>, ze s\u00e9rie<span>&nbsp;<\/span><b><strong>PROJECT<\/strong><\/b>. &nbsp;Sprchov\u00e9 dve\u0159e jsou vyu\u017e\u00edv\u00e1ny&nbsp;nejen v&nbsp;koupeln\u00e1ch, ale \u010dasto tak\u00e9 nap\u0159. ve sportovn\u00edch \u010di&nbsp;zdravotnick\u00fdch za\u0159\u00edzen\u00edch nebo tak\u00e9 v&nbsp;penzionech.&nbsp;<\/p>\n<h4>Proveden\u00ed sprchov\u00fdch dve\u0159\u00ed<\/h4>\n<p>Sprchov\u00e9 dve\u0159e<span>&nbsp;<\/span><b><strong>LD3<\/strong><\/b><span>&nbsp;<\/span>jsou&nbsp;<b><strong>t\u0159\u00edd\u00edln\u00e9<\/strong><\/b>&nbsp;a&nbsp;jsou vhodn\u00e9 pro instalaci&nbsp;do&nbsp;<b><strong>niky<\/strong><\/b>&nbsp;nebo pro kombinaci&nbsp;<b><strong>s&nbsp;bo\u010dn\u00ed st\u011bnou<\/strong><\/b>.&nbsp;Na v\u00fdb\u011br m\u00e1te ze<span>&nbsp;<\/span><b><strong>2&nbsp;typ\u016f v\u00fdpln\u00ed<\/strong><\/b>:&nbsp;<b><strong>bezpe\u010dnostn\u00ed sklo&nbsp;<\/strong><\/b>nebo&nbsp;<b><strong>polystyrolov\u00e1 v\u00fdpl\u0148<\/strong><\/b>.&nbsp;<\/p>\n<p>U&nbsp;bezpe\u010dnostn\u00edho skla nab\u00edz\u00edme proveden\u00ed&nbsp;<b><strong>Grape<\/strong><\/b><span>&nbsp;<\/span>a&nbsp;polystyrolovou v\u00fdpl\u0148&nbsp;nab\u00edz\u00edme se&nbsp;vzorem&nbsp;<b><strong>Damp<\/strong><\/b>.&nbsp;Tradi\u010dn\u00ed&nbsp;<b><strong>b\u00edl\u00e9 hlin\u00edkov\u00e9 profily<\/strong><\/b><span>&nbsp;<\/span>dve\u0159\u00ed a&nbsp;st\u011bny mohou b\u00fdt zaj\u00edmavou m\u00f3dn\u00ed zm\u011bnou, kter\u00e1<span>&nbsp;<\/span><b><strong>ozvl\u00e1\u0161tn\u00ed<\/strong><\/b><span>&nbsp;<\/span>ka\u017edou koupelnu. V&nbsp;kombinaci s&nbsp;pevnou st\u011bnou LSB je ide\u00e1ln\u00edm<span>&nbsp;<\/span><b><strong>ekonomick\u00fdm \u0159e\u0161en\u00edm<\/strong><\/b>.&nbsp;<\/p>\n<p>Na tyto sprchov\u00e9 dve\u0159e je poskytov\u00e1na<span>&nbsp;<\/span><b><strong>standardn\u00ed<\/strong><\/b><span>&nbsp;<\/span><b><strong>z\u00e1ruka 2&nbsp;roky<\/strong><\/b>.<\/p>\n<h4>Nemus\u00edte se b\u00e1t poran\u011bn\u00ed<\/h4>\n<p>Sprchov\u00fd kout<span>&nbsp;<\/span><b><strong>LD3+LSB<\/strong><\/b><span>&nbsp;<\/span>se py\u0161n\u00ed<span>&nbsp;<\/span><b><strong>bezpe\u010dnostn\u00edmi sklen\u011bn\u00fdmi v\u00fdpln\u011bmi o&nbsp;s\u00edle 3<\/strong><\/b><span>&nbsp;<\/span><b><strong>mm<\/strong><\/b>, kter\u00e9 jsou vyroben\u00e9 tzv.<b><strong>&nbsp;kalen\u00edm<\/strong><\/b>&nbsp;(zah\u0159\u00e1t\u00edm a&nbsp;n\u00e1sledn\u011b prudk\u00fdm ochlazen\u00edm). Tento proces vysoce zvy\u0161uje jejich mechanickou a&nbsp;tepelnou odolnost i&nbsp;ohybovou pevnost. P\u0159i&nbsp;<b><strong>testov\u00e1n\u00ed&nbsp;<\/strong><\/b>vydr\u017eela skla (zav\u011b\u0161en\u00e1 za hrany nale\u017eato) koncentrovanou v\u00e1hu, p\u016fsob\u00edc\u00ed do jejich st\u0159edu, p\u0159es 140 kg. Tato situace nem\u016f\u017ee v&nbsp;koupeln\u011b b\u011b\u017en\u011b nastat, proto je&nbsp;<b><strong>\u0161ance na rozbit\u00ed skla&nbsp;minim\u00e1ln\u00ed<\/strong><\/b>.&nbsp;Pakli\u017ee i&nbsp;p\u0159esto dojde k&nbsp;po\u0161kozen\u00ed skla, rozpadne se (obdobn\u011b jako u&nbsp;autoskel) na drobn\u00e9 \u00falomky&nbsp;<b><strong>bez ostr\u00fdch hran<\/strong><\/b>, tak\u017ee se nemus\u00edte b\u00e1t poran\u011bn\u00ed.<\/p>\n<h4>Povrchov\u00e1 \u00faprava skla<\/h4>\n<p>Sprchov\u00fd kout&nbsp;<b><strong>LD3+LSB<\/strong><\/b>&nbsp;se py\u0161n\u00ed, jak je v\u00fd\u0161e zm\u00edn\u011bno, v\u00fdpln\u011bmi skel v&nbsp;proveden\u00edch<span>&nbsp;<\/span><b><strong>Grape<\/strong><\/b><span>&nbsp;<\/span>a&nbsp;<b><strong>Damp<\/strong><\/b>.&nbsp;V\u00fdpl\u0148<span>&nbsp;<\/span><b><strong>Grape<\/strong><\/b><span>&nbsp;<\/span>m\u00e1 \u00fapravu, p\u0159ipom\u00ednaj\u00edc\u00ed otisk tkaniny, d\u00edky \u010demu\u017e je sklo&nbsp;<b><strong>zvenku<\/strong><\/b>&nbsp;<b><strong>hrub\u00e9<\/strong><\/b>&nbsp;a&nbsp;zp\u016fsobuje hor\u0161\u00ed pr\u016fhlednost. V\u00fdpl\u0148<span>&nbsp;<\/span><b><strong>Damp<\/strong><\/b><span>&nbsp;<\/span>nen\u00ed zvenku tolik hrub\u00e1 jako Grape a&nbsp;m\u00e1 na sob\u011b vzor, je\u017e vypad\u00e1 jako zaschl\u00e9 kapi\u010dky vody.<\/p>\n<table height=\"457\" width=\"985\">\n<tbody>\n<tr>\n<td style=\"width: 321px;\"><strong>Barva profil\u016f: <\/strong>b\u00edl\u00e1<\/td>\n<td style=\"width: 321px;\"><strong>V\u00fdpl\u0148 skla:<\/strong> Grape<\/td>\n<td style=\"width: 321px;\"><strong>V\u00fdpl\u0148 skla: <\/strong>Damp<\/td>\n<\/tr>\n<tr>\n<td style=\"width: 321px;\"><\/td>\n<td style=\"width: 321px;\"><\/td>\n<td style=\"width: 321px;\"><\/td>\n<\/tr>\n<\/tbody>\n<\/table>\n<h2><strong>Technick\u00e9 parametry<\/strong><\/h2>\n<div class=\"content_container_max1280px center f90 overflow_hidden line_height_1_4 image_margin_b_8px\">\n<div class=\"box_px width_160px box_with_selection\">\n<div class=\"content_container_max1280px overflow_hidden center line_height_1_4 uppercase\">\n<div class=\"overflow_hidden\">\n<div class=\"box_px width_200px\">\n<div class=\"onmouseover_div_container\">\n<table class=\"table table--features m-b-0\" border=\"1\" height=\"300\" width=\"388\">\n<tbody>\n<tr>\n<td style=\"width: 178.25px;\"><strong>V\u00fd\u0161ka koutu (h)<\/strong><\/td>\n<td style=\"width: 193.75px;\">1800 mm<\/td>\n<\/tr>\n<tr>\n<td style=\"width: 178.25px;\"><strong>Typ v\u00fdpln\u011b<\/strong><\/td>\n<td style=\"width: 193.75px;\">Grape \/ Damp<\/td>\n<\/tr>\n<tr>\n<td style=\"width: 178.25px;\"><strong>P\u016fdorys<\/strong><\/td>\n<td style=\"width: 193.75px;\">Dve\u0159e do niky<\/td>\n<\/tr>\n<tr>\n<td style=\"width: 178.25px;\"><strong>Materi\u00e1l v\u00fdpln\u011b<\/strong><\/td>\n<td style=\"width: 193.75px;\">Bezpe\u010dnostn\u00ed sklo<\/td>\n<\/tr>\n<tr>\n<td style=\"width: 178.25px;\"><strong>Materi\u00e1l profilu<\/strong><\/td>\n<td style=\"width: 193.75px;\">Hlin\u00edk<\/td>\n<\/tr>\n<tr>\n<td style=\"width: 178.25px;\"><strong>Dve\u0159e<\/strong><\/td>\n<td style=\"width: 193.75px;\">Posuvn\u00e9 dvoud\u00edln\u00e9<\/td>\n<\/tr>\n<tr>\n<td style=\"width: 178.25px;\"><strong>S\u00edla skla<\/strong><\/td>\n<td style=\"width: 193.75px;\">3 mm<\/td>\n<\/tr>\n<tr>\n<td style=\"width: 178.25px;\"><strong>Typ profilu<\/strong><\/td>\n<td style=\"width: 193.75px;\">B\u00edl\u00e1<span style=\"font-family: var(--template-font),sans-serif; font-size: 14px;\">&nbsp;<\/span><\/td>\n<\/tr>\n<\/tbody>\n<\/table>\n<\/div>\n<\/div>\n<\/div>\n<\/div>\n<\/div>\n<\/div>\n<\/div>\n<\/div>\n<\/div>\n<\/div>\n<\/div>\n<\/div>\n<\/div>\n<\/div>\n<\/div>\n<p><strong>Upozorn\u011bn\u00ed pro z\u00e1kazn\u00edky ke koupi produkt\u016f na objedn\u00e1n\u00ed:<\/strong><span>&nbsp;Toto zbo\u017e\u00ed nen\u00ed standardn\u00edm s\u00e9riov\u00fdm v\u00fdrobkem. Bude vyrobeno na p\u0159\u00e1n\u00ed z\u00e1kazn\u00edka a proto jej&nbsp;<\/span><strong>nelze dodavateli v z\u00e1konn\u00e9 lh\u016ft\u011b vr\u00e1tit<\/strong><span>. (viz \u00a71837 odst.d, ob\u010dansk\u00e9ho z\u00e1kon\u00edku). V tomto p\u0159\u00edpad\u011b m\u016f\u017eeme po\u017eadovat nevratnou z\u00e1lohu a\u017e do v\u00fd\u0161e 100 % z ceny v\u00fdrobku.<\/span><\/p>\n<\/p><\/div>\n","protected":false},"excerpt":{"rendered":"<p>Detailn\u00ed popis produktu PROJECT Cenov\u011b dostupn\u00e9 r\u00e1mov\u00e9 sprchy P\u0159edstavuje&nbsp;ekonomicky p\u0159\u00edzniv\u00fd&nbsp;segment v&nbsp;osv\u011bd\u010den\u00fdch a&nbsp;obl\u00edben\u00fdch designech, ani\u017e by byl z\u00e1kazn\u00edk nucen d\u011blat kompromisy v&nbsp;kvalit\u011b. Ide\u00e1ln\u00ed v\u00fdrobky k vyu\u017eit\u00ed v&nbsp;projektov\u00fdch \u0159e\u0161en\u00edch. 3, 4 nebo 6 mm bezpe\u010dnost\u00ed sklo \u0160irok\u00e1 nab\u00eddka designu proveden\u00ed Produkty s otev\u00edrac\u00edmi i posuvn\u00fdmi dve\u0159mi Dobr\u00e1 kvalita za n\u00edzkou cenu LD3+LSB Sprchov\u00e9 dve\u0159e posuvn\u00e9 pro instalaci [&hellip;]<\/p>\n","protected":false},"featured_media":68029,"comment_status":"open","ping_status":"open","template":"","meta":[],"product_brand":[],"product_cat":[67],"product_tag":[],"class_list":{"0":"post-67929","1":"product","2":"type-product","3":"status-publish","4":"has-post-thumbnail","6":"product_cat-sprchove-kouty","8":"first","9":"instock","10":"sale","11":"shipping-taxable","12":"purchasable","13":"product-type-simple"},"yoast_head":"<!-- This site is optimized with the Yoast SEO plugin v26.8 - https:\/\/yoast.com\/product\/yoast-seo-wordpress\/ -->\n<title>Akce Roth PROJECT LD3+LSB Sprchov\u00fd kout obd\u00e9ln\u00edkov\u00fd 80x90 cm -<\/title>\n<meta name=\"robots\" content=\"index, follow, max-snippet:-1, max-image-preview:large, max-video-preview:-1\" \/>\n<link rel=\"canonical\" href=\"https:\/\/www.domkraftpro.com\/index.php\/produkt\/akce-roth-project-ld3-lsb-sprchovy-kout-obdelnikovy-80x90-cm-67929\/\" \/>\n<meta property=\"og:locale\" content=\"cs_CZ\" \/>\n<meta property=\"og:type\" content=\"article\" \/>\n<meta property=\"og:title\" content=\"Akce Roth PROJECT LD3+LSB Sprchov\u00fd kout obd\u00e9ln\u00edkov\u00fd 80x90 cm -\" \/>\n<meta property=\"og:description\" content=\"Detailn\u00ed popis produktu PROJECT Cenov\u011b dostupn\u00e9 r\u00e1mov\u00e9 sprchy P\u0159edstavuje&nbsp;ekonomicky p\u0159\u00edzniv\u00fd&nbsp;segment v&nbsp;osv\u011bd\u010den\u00fdch a&nbsp;obl\u00edben\u00fdch designech, ani\u017e by byl z\u00e1kazn\u00edk nucen d\u011blat kompromisy v&nbsp;kvalit\u011b. Ide\u00e1ln\u00ed v\u00fdrobky k vyu\u017eit\u00ed v&nbsp;projektov\u00fdch \u0159e\u0161en\u00edch. 3, 4 nebo 6 mm bezpe\u010dnost\u00ed sklo \u0160irok\u00e1 nab\u00eddka designu proveden\u00ed Produkty s otev\u00edrac\u00edmi i posuvn\u00fdmi dve\u0159mi Dobr\u00e1 kvalita za n\u00edzkou cenu LD3+LSB Sprchov\u00e9 dve\u0159e posuvn\u00e9 pro instalaci [&hellip;]\" \/>\n<meta property=\"og:url\" content=\"https:\/\/www.domkraftpro.com\/index.php\/produkt\/akce-roth-project-ld3-lsb-sprchovy-kout-obdelnikovy-80x90-cm-67929\/\" \/>\n<meta property=\"og:image\" content=\"https:\/\/www.domkraftpro.com\/wp-content\/uploads\/2026\/SK0008119-CZ20260425-093631-0-1777080994-238338_roth-project-ld3-lsb-sprchovy-kout-obdelnikovy-80x90.webp\" \/>\n\t<meta property=\"og:image:width\" content=\"1000\" \/>\n\t<meta property=\"og:image:height\" content=\"750\" \/>\n\t<meta property=\"og:image:type\" content=\"image\/webp\" \/>\n<meta name=\"twitter:card\" content=\"summary_large_image\" \/>\n<meta name=\"twitter:label1\" content=\"Odhadovan\u00e1 doba \u010dten\u00ed\" \/>\n\t<meta name=\"twitter:data1\" content=\"4 minuty\" \/>\n<script type=\"application\/ld+json\" class=\"yoast-schema-graph\">{\"@context\":\"https:\/\/schema.org\",\"@graph\":[{\"@type\":\"WebPage\",\"@id\":\"https:\/\/www.domkraftpro.com\/index.php\/produkt\/akce-roth-project-ld3-lsb-sprchovy-kout-obdelnikovy-80x90-cm-67929\/\",\"url\":\"https:\/\/www.domkraftpro.com\/index.php\/produkt\/akce-roth-project-ld3-lsb-sprchovy-kout-obdelnikovy-80x90-cm-67929\/\",\"name\":\"Akce Roth PROJECT LD3+LSB Sprchov\u00fd kout obd\u00e9ln\u00edkov\u00fd 80x90 cm -\",\"isPartOf\":{\"@id\":\"https:\/\/www.domkraftpro.com\/#website\"},\"primaryImageOfPage\":{\"@id\":\"https:\/\/www.domkraftpro.com\/index.php\/produkt\/akce-roth-project-ld3-lsb-sprchovy-kout-obdelnikovy-80x90-cm-67929\/#primaryimage\"},\"image\":{\"@id\":\"https:\/\/www.domkraftpro.com\/index.php\/produkt\/akce-roth-project-ld3-lsb-sprchovy-kout-obdelnikovy-80x90-cm-67929\/#primaryimage\"},\"thumbnailUrl\":\"https:\/\/www.domkraftpro.com\/wp-content\/uploads\/2026\/SK0008119-CZ20260425-093631-0-1777080994-238338_roth-project-ld3-lsb-sprchovy-kout-obdelnikovy-80x90.webp\",\"datePublished\":\"2026-04-27T04:43:30+00:00\",\"breadcrumb\":{\"@id\":\"https:\/\/www.domkraftpro.com\/index.php\/produkt\/akce-roth-project-ld3-lsb-sprchovy-kout-obdelnikovy-80x90-cm-67929\/#breadcrumb\"},\"inLanguage\":\"cs\",\"potentialAction\":[{\"@type\":\"ReadAction\",\"target\":[\"https:\/\/www.domkraftpro.com\/index.php\/produkt\/akce-roth-project-ld3-lsb-sprchovy-kout-obdelnikovy-80x90-cm-67929\/\"]}]},{\"@type\":\"ImageObject\",\"inLanguage\":\"cs\",\"@id\":\"https:\/\/www.domkraftpro.com\/index.php\/produkt\/akce-roth-project-ld3-lsb-sprchovy-kout-obdelnikovy-80x90-cm-67929\/#primaryimage\",\"url\":\"https:\/\/www.domkraftpro.com\/wp-content\/uploads\/2026\/SK0008119-CZ20260425-093631-0-1777080994-238338_roth-project-ld3-lsb-sprchovy-kout-obdelnikovy-80x90.webp\",\"contentUrl\":\"https:\/\/www.domkraftpro.com\/wp-content\/uploads\/2026\/SK0008119-CZ20260425-093631-0-1777080994-238338_roth-project-ld3-lsb-sprchovy-kout-obdelnikovy-80x90.webp\",\"width\":1000,\"height\":750},{\"@type\":\"BreadcrumbList\",\"@id\":\"https:\/\/www.domkraftpro.com\/index.php\/produkt\/akce-roth-project-ld3-lsb-sprchovy-kout-obdelnikovy-80x90-cm-67929\/#breadcrumb\",\"itemListElement\":[{\"@type\":\"ListItem\",\"position\":1,\"name\":\"Home\",\"item\":\"https:\/\/www.domkraftpro.com\/\"},{\"@type\":\"ListItem\",\"position\":2,\"name\":\"Products\",\"item\":\"https:\/\/www.domkraftpro.com\/index.php\/products\/\"},{\"@type\":\"ListItem\",\"position\":3,\"name\":\"Akce Roth PROJECT LD3+LSB Sprchov\u00fd kout obd\u00e9ln\u00edkov\u00fd 80&#215;90 cm\"}]},{\"@type\":\"WebSite\",\"@id\":\"https:\/\/www.domkraftpro.com\/#website\",\"url\":\"https:\/\/www.domkraftpro.com\/\",\"name\":\"\",\"description\":\"\",\"potentialAction\":[{\"@type\":\"SearchAction\",\"target\":{\"@type\":\"EntryPoint\",\"urlTemplate\":\"https:\/\/www.domkraftpro.com\/?s={search_term_string}\"},\"query-input\":{\"@type\":\"PropertyValueSpecification\",\"valueRequired\":true,\"valueName\":\"search_term_string\"}}],\"inLanguage\":\"cs\"}]}<\/script>\n<!-- \/ Yoast SEO plugin. -->","yoast_head_json":{"title":"Akce Roth PROJECT LD3+LSB Sprchov\u00fd kout obd\u00e9ln\u00edkov\u00fd 80x90 cm -","robots":{"index":"index","follow":"follow","max-snippet":"max-snippet:-1","max-image-preview":"max-image-preview:large","max-video-preview":"max-video-preview:-1"},"canonical":"https:\/\/www.domkraftpro.com\/index.php\/produkt\/akce-roth-project-ld3-lsb-sprchovy-kout-obdelnikovy-80x90-cm-67929\/","og_locale":"cs_CZ","og_type":"article","og_title":"Akce Roth PROJECT LD3+LSB Sprchov\u00fd kout obd\u00e9ln\u00edkov\u00fd 80x90 cm -","og_description":"Detailn\u00ed popis produktu PROJECT Cenov\u011b dostupn\u00e9 r\u00e1mov\u00e9 sprchy P\u0159edstavuje&nbsp;ekonomicky p\u0159\u00edzniv\u00fd&nbsp;segment v&nbsp;osv\u011bd\u010den\u00fdch a&nbsp;obl\u00edben\u00fdch designech, ani\u017e by byl z\u00e1kazn\u00edk nucen d\u011blat kompromisy v&nbsp;kvalit\u011b. Ide\u00e1ln\u00ed v\u00fdrobky k vyu\u017eit\u00ed v&nbsp;projektov\u00fdch \u0159e\u0161en\u00edch. 3, 4 nebo 6 mm bezpe\u010dnost\u00ed sklo \u0160irok\u00e1 nab\u00eddka designu proveden\u00ed Produkty s otev\u00edrac\u00edmi i posuvn\u00fdmi dve\u0159mi Dobr\u00e1 kvalita za n\u00edzkou cenu LD3+LSB Sprchov\u00e9 dve\u0159e posuvn\u00e9 pro instalaci [&hellip;]","og_url":"https:\/\/www.domkraftpro.com\/index.php\/produkt\/akce-roth-project-ld3-lsb-sprchovy-kout-obdelnikovy-80x90-cm-67929\/","og_image":[{"width":1000,"height":750,"url":"https:\/\/www.domkraftpro.com\/wp-content\/uploads\/2026\/SK0008119-CZ20260425-093631-0-1777080994-238338_roth-project-ld3-lsb-sprchovy-kout-obdelnikovy-80x90.webp","type":"image\/webp"}],"twitter_card":"summary_large_image","twitter_misc":{"Odhadovan\u00e1 doba \u010dten\u00ed":"4 minuty"},"schema":{"@context":"https:\/\/schema.org","@graph":[{"@type":"WebPage","@id":"https:\/\/www.domkraftpro.com\/index.php\/produkt\/akce-roth-project-ld3-lsb-sprchovy-kout-obdelnikovy-80x90-cm-67929\/","url":"https:\/\/www.domkraftpro.com\/index.php\/produkt\/akce-roth-project-ld3-lsb-sprchovy-kout-obdelnikovy-80x90-cm-67929\/","name":"Akce Roth PROJECT LD3+LSB Sprchov\u00fd kout obd\u00e9ln\u00edkov\u00fd 80x90 cm -","isPartOf":{"@id":"https:\/\/www.domkraftpro.com\/#website"},"primaryImageOfPage":{"@id":"https:\/\/www.domkraftpro.com\/index.php\/produkt\/akce-roth-project-ld3-lsb-sprchovy-kout-obdelnikovy-80x90-cm-67929\/#primaryimage"},"image":{"@id":"https:\/\/www.domkraftpro.com\/index.php\/produkt\/akce-roth-project-ld3-lsb-sprchovy-kout-obdelnikovy-80x90-cm-67929\/#primaryimage"},"thumbnailUrl":"https:\/\/www.domkraftpro.com\/wp-content\/uploads\/2026\/SK0008119-CZ20260425-093631-0-1777080994-238338_roth-project-ld3-lsb-sprchovy-kout-obdelnikovy-80x90.webp","datePublished":"2026-04-27T04:43:30+00:00","breadcrumb":{"@id":"https:\/\/www.domkraftpro.com\/index.php\/produkt\/akce-roth-project-ld3-lsb-sprchovy-kout-obdelnikovy-80x90-cm-67929\/#breadcrumb"},"inLanguage":"cs","potentialAction":[{"@type":"ReadAction","target":["https:\/\/www.domkraftpro.com\/index.php\/produkt\/akce-roth-project-ld3-lsb-sprchovy-kout-obdelnikovy-80x90-cm-67929\/"]}]},{"@type":"ImageObject","inLanguage":"cs","@id":"https:\/\/www.domkraftpro.com\/index.php\/produkt\/akce-roth-project-ld3-lsb-sprchovy-kout-obdelnikovy-80x90-cm-67929\/#primaryimage","url":"https:\/\/www.domkraftpro.com\/wp-content\/uploads\/2026\/SK0008119-CZ20260425-093631-0-1777080994-238338_roth-project-ld3-lsb-sprchovy-kout-obdelnikovy-80x90.webp","contentUrl":"https:\/\/www.domkraftpro.com\/wp-content\/uploads\/2026\/SK0008119-CZ20260425-093631-0-1777080994-238338_roth-project-ld3-lsb-sprchovy-kout-obdelnikovy-80x90.webp","width":1000,"height":750},{"@type":"BreadcrumbList","@id":"https:\/\/www.domkraftpro.com\/index.php\/produkt\/akce-roth-project-ld3-lsb-sprchovy-kout-obdelnikovy-80x90-cm-67929\/#breadcrumb","itemListElement":[{"@type":"ListItem","position":1,"name":"Home","item":"https:\/\/www.domkraftpro.com\/"},{"@type":"ListItem","position":2,"name":"Products","item":"https:\/\/www.domkraftpro.com\/index.php\/products\/"},{"@type":"ListItem","position":3,"name":"Akce Roth PROJECT LD3+LSB Sprchov\u00fd kout obd\u00e9ln\u00edkov\u00fd 80&#215;90 cm"}]},{"@type":"WebSite","@id":"https:\/\/www.domkraftpro.com\/#website","url":"https:\/\/www.domkraftpro.com\/","name":"","description":"","potentialAction":[{"@type":"SearchAction","target":{"@type":"EntryPoint","urlTemplate":"https:\/\/www.domkraftpro.com\/?s={search_term_string}"},"query-input":{"@type":"PropertyValueSpecification","valueRequired":true,"valueName":"search_term_string"}}],"inLanguage":"cs"}]}},"_links":{"self":[{"href":"https:\/\/www.domkraftpro.com\/index.php\/wp-json\/wp\/v2\/product\/67929","targetHints":{"allow":["GET"]}}],"collection":[{"href":"https:\/\/www.domkraftpro.com\/index.php\/wp-json\/wp\/v2\/product"}],"about":[{"href":"https:\/\/www.domkraftpro.com\/index.php\/wp-json\/wp\/v2\/types\/product"}],"replies":[{"embeddable":true,"href":"https:\/\/www.domkraftpro.com\/index.php\/wp-json\/wp\/v2\/comments?post=67929"}],"wp:featuredmedia":[{"embeddable":true,"href":"https:\/\/www.domkraftpro.com\/index.php\/wp-json\/wp\/v2\/media\/68029"}],"wp:attachment":[{"href":"https:\/\/www.domkraftpro.com\/index.php\/wp-json\/wp\/v2\/media?parent=67929"}],"wp:term":[{"taxonomy":"product_brand","embeddable":true,"href":"https:\/\/www.domkraftpro.com\/index.php\/wp-json\/wp\/v2\/product_brand?post=67929"},{"taxonomy":"product_cat","embeddable":true,"href":"https:\/\/www.domkraftpro.com\/index.php\/wp-json\/wp\/v2\/product_cat?post=67929"},{"taxonomy":"product_tag","embeddable":true,"href":"https:\/\/www.domkraftpro.com\/index.php\/wp-json\/wp\/v2\/product_tag?post=67929"}],"curies":[{"name":"wp","href":"https:\/\/api.w.org\/{rel}","templated":true}]}}