{"id":67761,"date":"2026-04-27T04:43:29","date_gmt":"2026-04-27T04:43:29","guid":{"rendered":""},"modified":"2026-04-27T04:43:29","modified_gmt":"2026-04-27T04:43:29","slug":"akce-roth-lega-line-lldo1-llb-sprchovy-kout-ctvercovy-70x70-cm-67761","status":"publish","type":"product","link":"https:\/\/www.domkraftpro.com\/index.php\/produkt\/akce-roth-lega-line-lldo1-llb-sprchovy-kout-ctvercovy-70x70-cm-67761\/","title":{"rendered":"Akce Roth LEGA LINE LLDO1+LLB Sprchov\u00fd kout \u010dtvercov\u00fd 70&#215;70 cm"},"content":{"rendered":"<div class=\"basic-description\">\n<h3>Detailn\u00ed popis produktu<\/h3>\n<div class=\"cHeading \">\n<div class=\"cHeading \">\n<div class=\"cHeading \">\n<div class=\"cHeading \">\n<div class=\"cHeading \">\n<div class=\"cHeading \">\n<div class=\"cHeading \">\n<div class=\"cHeading \">\n<div class=\"cHeading \">\n<h1 class=\"cHeading__hx\">LEGA LINE<\/h1>\n<\/div>\n<div class=\"cPerex__desc \">\n<h2>Elegance ji\u017e ve standardn\u00edm \u0159e\u0161en\u00ed<\/h2>\n<p>Nov\u00e1 generace polor\u00e1mov\u00fdch sprchov\u00fdch kout\u016f&nbsp;vyhov\u00ed va\u0161im po\u017eadavk\u016fm ve v\u0161ech sm\u011brech.&nbsp;Kombinace 4 mm a&nbsp;5 mm bezpe\u010dnostn\u00edho skla,<span>&nbsp;<\/span><strong>dvojit\u00e9 pojezdy<\/strong><span>&nbsp;<\/span>a&nbsp;designov\u00e9 madlo a&nbsp;panty&nbsp;jsou zaru\u010denou cestou k&nbsp;\u00fasp\u011bchu. V\u0161e p\u0159i zachov\u00e1n\u00ed jednoduchosti a&nbsp;trvanlivosti.<\/p>\n<\/div>\n<\/article>\n<\/div>\n<\/div>\n<\/div>\n<\/div>\n<\/div>\n<\/div>\n<\/div>\n<\/div>\n<ul>\n<li>Odoln\u00e9 dvojit\u00e9 horn\u00ed pojezdy zaji\u0161\u0165uj\u00ed hladk\u00fd pohyb dve\u0159\u00ed<\/li>\n<li>\u0158e\u0161en\u00ed pro standardn\u00ed modely i velkorozm\u011brov\u00e9 sprchy<\/li>\n<li>Univerz\u00e1ln\u00ed oto\u010dn\u00fd mechanismus pro otev\u00edr\u00e1n\u00ed dve\u0159\u00ed dovnit\u0159 i ven<span><\/span><\/li>\n<\/ul>\n<div class=\"cHeading \">\n<div class=\"cHeading \">\n<div class=\"cHeading \">\n<div class=\"cHeading \">\n<div class=\"cHeading \">\n<div class=\"cHeading \">\n<div class=\"cHeading \">\n<div class=\"cHeading \">\n<div class=\"cHeading \">\n<div class=\"cHeading \">\n<div class=\"cHeading \">\n<div class=\"cHeading \">\n<h1 class=\"cHeading__hx\">LLDO1+LLB<\/h1>\n<\/div>\n<div class=\"cPerex__desc \">\n<h2>Sprchov\u00e9 dve\u0159e jednok\u0159\u00eddl\u00e9 v kombinaci s bo\u010dn\u00ed st\u011bnou<\/h2>\n<p>Zcela nov\u00e1 polor\u00e1mov\u00e1 \u0159ada prakticky kombinuje<span>&nbsp;<\/span><strong>5mm&nbsp;<\/strong><strong>dve\u0159n\u00ed<\/strong><strong><span>&nbsp;<\/span>a<\/strong><span>&nbsp;<\/span><strong>4mm<\/strong><span>&nbsp;<\/span><strong>bezpe\u010dnostn\u00ed sklo<\/strong><span>&nbsp;<\/span>pevn\u00fdch \u010d\u00e1st\u00ed v&nbsp;r\u00e1mu. Kompletn\u00ed \u0159ada nab\u00edz\u00ed<span>&nbsp;<\/span><strong>praktick\u00e9 \u0159e\u0161en\u00ed<span>&nbsp;<\/span><\/strong>pro standardn\u00ed modely, stejn\u011b jako<span>&nbsp;<\/span><strong>pro<\/strong><span>&nbsp;<\/span><strong>velkorozm\u011brov\u00e9 sprchy<\/strong>, kter\u00e9 se t\u011b\u0161\u00ed st\u00e1le v\u011bt\u0161\u00ed oblib\u011b. Jednoduchost, trvanlivost a&nbsp;<strong>vynikaj\u00edc\u00ed pom\u011br ceny a&nbsp;kvality<\/strong><span>&nbsp;<\/span>m\u016f\u017ee tuto \u0159adu LEGA LINE u\u010dinit novou hv\u011bzdou s\u00e9riov\u00e9 v\u00fdroby.<\/p>\n<\/div>\n<\/article>\n<\/div>\n<\/div>\n<\/div>\n<\/div>\n<\/div>\n<\/div>\n<\/div>\n<\/div>\n<\/div>\n<\/div>\n<\/div>\n<table style=\"width: 542px;\" height=\"162\">\n<tbody>\n<tr style=\"height: 82px;\">\n<td style=\"width: 101.375px; text-align: center; height: 82px;\"><\/td>\n<td style=\"width: 101.375px; text-align: center; height: 82px;\"><\/td>\n<td style=\"width: 102.484px; text-align: center; height: 82px;\"><\/td>\n<td style=\"width: 101.375px; text-align: center; height: 82px;\"><\/td>\n<td style=\"width: 101.391px; height: 82px;\"><\/td>\n<\/tr>\n<tr style=\"height: 11px;\">\n<td style=\"width: 101.375px; height: 11px; text-align: center;\">\n<p>Tvrzen\u00e9 ESG sklo<\/p>\n<\/td>\n<td style=\"width: 101.375px; height: 11px; text-align: center;\">\n<p>Bezr\u00e1mov\u00e9 proveden\u00ed<\/p>\n<\/td>\n<td style=\"width: 102.484px; height: 11px; text-align: center; vertical-align: middle;\">\n<p>Povrchov\u00e1 \u00faprava<\/p>\n<\/td>\n<td style=\"width: 101.375px; height: 11px; text-align: center;\">\n<p>\u0158e\u0161en\u00ed bez bari\u00e9r<\/p>\n<\/td>\n<td style=\"width: 101.391px; height: 11px; text-align: center;\">\n<p>Z\u00e1ruka od n\u00e1s<\/p>\n<\/td>\n<\/tr>\n<\/tbody>\n<\/table>\n<div class=\"grid__item one-half lap--one-half palm--one-whole\">&nbsp;<\/div>\n<h3>Detailn\u00ed popis<\/h3>\n<p><strong>LLDO1<\/strong><strong>+<\/strong><strong>LLB<\/strong><span>&nbsp;<\/span>jsou<span>&nbsp;<\/span><strong>jednok\u0159\u00eddl\u00e9 sprchov\u00e9 dve\u0159e<\/strong>, kter\u00e9 v\u00e1m nab\u00edz\u00ed mo\u017enost<span>&nbsp;<\/span><strong>zkombinovat je s&nbsp;bo\u010dn\u00ed st\u011bnou LLB,<\/strong><span>&nbsp;<\/span>a&nbsp;jsou produktem s\u00e9rie LEGA LINE. D\u00edky mo\u017enosti kombinace z\u00edsk\u00e1te<span>&nbsp;<\/span><strong>ide\u00e1ln\u00ed kout<\/strong><span>&nbsp;<\/span>do va\u0161\u00ed koupelny.&nbsp;Sprchov\u00e9&nbsp;<strong>dve\u0159e LLDO1&nbsp;jsou dod\u00e1v\u00e1ny v proveden\u00ed SMONT<\/strong>&nbsp;&#8211; sta\u010d\u00ed je p\u0159i\u0161roubovat ke st\u011bn\u011b, se\u0159\u00eddit a ut\u011bsnit.&nbsp;<strong>Univerz\u00e1ln\u00ed proveden\u00ed LLB i LLDO1 &#8211; nainstalujete PRAV\u00c9 i LEV\u00c9 otev\u00edr\u00e1n\u00ed.<\/strong><\/p>\n<h4>Proveden\u00ed sprchov\u00fdch dve\u0159\u00ed<\/h4>\n<p>Dve\u0159e maj\u00ed<span>&nbsp;<\/span><strong>hlin\u00edkov\u00e9 profily<span>&nbsp;<\/span><\/strong>v&nbsp;\u00faprav\u011b<strong><span>&nbsp;<\/span>Brillant<\/strong><span>&nbsp;<\/span>v\u00fdpln\u011b bezpe\u010dnostn\u00edch skel ve variant\u00e1ch<span>&nbsp;<\/span><strong>Transparent<\/strong><span>&nbsp;<\/span>(sklo) a&nbsp;<strong>Intimglass<\/strong><span>&nbsp;<\/span>(sklo). Tyto dva prvky tvo\u0159\u00ed nerozlu\u010dnou<span>&nbsp;<\/span><strong>nad\u010dasovou<\/strong><span>&nbsp;<\/span>dvojici, kter\u00e1 se vyj\u00edm\u00e1 v&nbsp;ka\u017ed\u00e9 koupeln\u011b. Dve\u0159e tak\u00e9 disponuj\u00ed<span>&nbsp;<\/span><strong>univerz\u00e1ln\u00edm oto\u010dn\u00fdm mechanismem<\/strong>, kter\u00fd umo\u017e\u0148uje manipulaci s&nbsp;dve\u0159mi sm\u011brem<span>&nbsp;<\/span><strong>dovnit\u0159 i&nbsp;ven<\/strong>, co\u017e m\u016f\u017ee b\u00fdt \u0159e\u0161en\u00edm pro atypick\u00e9 \u010di m\u00e1lo prostorn\u00e9 koupelny. Ozdobou sprchov\u00fdch dve\u0159\u00ed je<span>&nbsp;<\/span><strong>designov\u00e9<\/strong><span>&nbsp;<\/span><strong>madlo z&nbsp;le\u0161t\u011bn\u00e9 nerez oceli<\/strong>.<\/p>\n<p><span>Na sprchov\u00fd kout&nbsp;<\/span><strong>LLDO1+LLB<\/strong><span>&nbsp;v\u00e1m poskytneme&nbsp;<\/span><strong>prodlou\u017eenou z\u00e1ruku 5&nbsp;let.<\/strong><\/p>\n<h4>T\u011bsn\u011bn\u00ed zamezuj\u00edc\u00ed potop\u011b<\/h4>\n<p><span>V\u00fdhodou je tak\u00e9&nbsp;<\/span><strong>precizn\u00ed t\u011bsn\u011bn\u00ed<\/strong><span>, kter\u00e9 zajist\u00ed, \u017ee to u&nbsp;v\u00e1s doma&nbsp;nebude vypadat jako po povodni. V&nbsp;\u010dem je t\u011bsn\u011bn\u00ed natolik precizn\u00ed? Na spodn\u00ed \u010d\u00e1sti dve\u0159\u00ed se nach\u00e1z\u00ed&nbsp;<strong>t\u011bsn\u00edc\u00ed<\/strong>&nbsp;<strong>silikonov\u00fd praporek<\/strong>, kter\u00fd&nbsp;<strong>zabra\u0148uje prost\u0159iku<\/strong>&nbsp;vody&nbsp;<strong>ven<\/strong>.&nbsp;Dve\u0159e a&nbsp;profil jsou tak\u00e9 vybaveny&nbsp;<strong>magnety<\/strong>, d\u00edky kter\u00fdm se dve\u0159e k&nbsp;profilu&nbsp;<strong>p\u0159isaj\u00ed<\/strong>&nbsp;a&nbsp;tud\u00ed\u017e skv\u011ble t\u011bsn\u00ed. P\u0159i spr\u00e1vn\u00e9m se\u0159\u00edzen\u00ed by se dve\u0159e m\u011bly, pr\u00e1v\u011b d\u00edky magnet\u016fm,&nbsp;<strong>dov\u0159\u00edt samy<\/strong>.<\/span><\/p>\n<h4>Bezpe\u010dnostn\u00ed skla s povrchovou \u00fapravou<\/h4>\n<p>Sprchov\u00e9 dve\u0159e&nbsp;<strong>LLDO1+LLB<\/strong>&nbsp;disponuj\u00ed<span>&nbsp;<\/span><strong>bezpe\u010dnostn\u00edmi skly o&nbsp;s\u00edle<\/strong>&nbsp;<strong>5<\/strong><strong>&nbsp;mm a&nbsp;4&nbsp;mm<\/strong>&nbsp;<span>vyroben\u00fdm tzv.&nbsp;<\/span><strong>kalen\u00edm<\/strong><span>&nbsp;(zah\u0159\u00e1t\u00edm a&nbsp;n\u00e1sledn\u011b prudk\u00fdm ochlazen\u00edm), kter\u00e9 vysoce zvy\u0161uje jejich mechanickou a&nbsp;tepelnou odolnost i&nbsp;ohybovou pevnost.<\/span><span>&nbsp;<\/span><span>V\u00fddr\u017e byla&nbsp;<strong>testov\u00e1na&nbsp;na 6&nbsp;mm&nbsp;<\/strong>bezpe\u010dnostn\u00edm skle, kdy byl na sklo vyvinut rovnom\u011brn\u00fd tlak odpov\u00eddaj\u00edc\u00ed 140 kg, koncentrovan\u00fd do st\u0159edu skla zav\u011b\u0161en\u00e9ho za hrany. D\u00edky tomu si m\u016f\u017eete ud\u011blat&nbsp;<strong>p\u0159ibli\u017enou p\u0159edstavu<\/strong>&nbsp;o&nbsp;v\u00fddr\u017ei tohoto skla.<\/span><span>&nbsp;<\/span><span>Je velmi nepravd\u011bpodobn\u00e9, \u017ee by tato situace b\u011b\u017en\u011b nastala, a&nbsp;proto je \u0161ance na rozbit\u00ed skla minim\u00e1ln\u00ed. Pokud p\u0159esto dojde k&nbsp;po\u0161kozen\u00ed skla, rozpadne se (obdobn\u011b jako u&nbsp;autoskel) na drobn\u00e9 \u00falomky&nbsp;<strong>bez ostr\u00fdch hran<\/strong>, tak\u017ee se nemus\u00edte b\u00e1t poran\u011bn\u00ed.<\/span><\/p>\n<p>V\u0161echna bezpe\u010dnostn\u00ed skla jsou opat\u0159ena povrchovou&nbsp;\u00fapravou<strong>&nbsp;RothETC<\/strong>.&nbsp;Jedn\u00e1 se o&nbsp;nejnov\u011bj\u0161\u00ed&nbsp;<strong>nanotechnologii<\/strong>, kter\u00e1<span>&nbsp;<\/span><strong>zabra\u0148uje usazov\u00e1n\u00ed ne\u010distot, mastnot a&nbsp;vodn\u00edho kamene<\/strong>.Tato technologie V\u00e1m zajist\u00ed m\u00e9n\u011b pr\u00e1ce a&nbsp;hez\u010d\u00ed vzhled sprchov\u00fdch dve\u0159\u00ed.<\/p>\n<table style=\"width: 1048px;\" height=\"448\">\n<tbody>\n<tr style=\"height: 17px;\">\n<td style=\"width: 314.078px; height: 17px;\"><b>Barva profil\u016f: <\/b>brillant<\/td>\n<td style=\"width: 314.391px; height: 17px;\"><strong>V\u00fdpl\u0148 skla:<\/strong>&nbsp;\u010dir\u00e9<\/td>\n<td style=\"width: 397.531px; height: 17px;\"><strong>V\u00fdpl\u0148 skla:<\/strong>&nbsp;Intimglass (Potisk)<b><\/b><\/td>\n<\/tr>\n<tr style=\"height: 221px;\">\n<td style=\"width: 314.078px; height: 221px;\"><\/td>\n<td style=\"width: 314.391px; height: 221px;\"><\/td>\n<td style=\"width: 397.531px; height: 221px;\"><\/td>\n<\/tr>\n<\/tbody>\n<\/table>\n<div class=\"content_container_max1280px center f90 overflow_hidden line_height_1_4 image_margin_b_8px\">&nbsp;<\/div>\n<div class=\"content_container_max1280px center f90 overflow_hidden line_height_1_4 image_margin_b_8px\">\n<div class=\"box_px width_160px box_with_selection\">\n<div class=\"content_container_max1280px overflow_hidden center line_height_1_4 uppercase\">\n<div class=\"overflow_hidden\">\n<div class=\"box_px width_200px\">\n<div class=\"onmouseover_div_container\">\n<h2>Technick\u00e9 parametry<\/h2>\n<table class=\"table table--features m-b-0\" border=\"1\" height=\"237\" style=\"width: 538px;\">\n<tbody>\n<tr>\n<td style=\"width: 191.609px;\"><strong>V\u00fd\u0161ka koutu (h)<\/strong><\/td>\n<td style=\"width: 330.391px;\">1900 mm<\/td>\n<\/tr>\n<tr>\n<td style=\"width: 191.609px;\"><strong>Typ v\u00fdpln\u011b<\/strong><\/td>\n<td style=\"width: 330.391px;\">Transparent \/ Intimglass<\/td>\n<\/tr>\n<tr>\n<td style=\"width: 191.609px;\"><strong>P\u016fdorys<\/strong><\/td>\n<td style=\"width: 330.391px;\">\u010ctverec \/ obd\u00e9ln\u00edk<\/td>\n<\/tr>\n<tr>\n<td style=\"width: 191.609px;\"><strong>Materi\u00e1l v\u00fdpln\u011b<\/strong><\/td>\n<td style=\"width: 330.391px;\">Bezpe\u010dnostn\u00ed sklo<\/td>\n<\/tr>\n<tr>\n<td style=\"width: 191.609px;\"><strong>Materi\u00e1l profilu<\/strong><\/td>\n<td style=\"width: 330.391px;\">Hlin\u00edk<\/td>\n<\/tr>\n<tr>\n<td style=\"width: 191.609px;\"><strong>S\u00edla skla<\/strong><\/td>\n<td style=\"width: 330.391px;\">4+5 mm<\/td>\n<\/tr>\n<tr>\n<td style=\"width: 191.609px;\"><strong>Povrchov\u00e1 \u00faprava<\/strong><\/td>\n<td style=\"width: 330.391px;\">RothETC<\/td>\n<\/tr>\n<tr>\n<td style=\"width: 191.609px;\"><strong>Typ profilu<\/strong><\/td>\n<td style=\"width: 330.391px;\">Brillant<\/td>\n<\/tr>\n<tr>\n<td style=\"width: 191.609px;\"><strong>Dve\u0159e<\/strong><\/td>\n<td style=\"width: 330.391px;\">Otev\u00edrac\u00ed jednok\u0159\u00eddl\u00e9<span style=\"font-family: var(--template-font),sans-serif; font-size: 14px;\">&nbsp;<\/span><\/td>\n<\/tr>\n<\/tbody>\n<\/table>\n<\/div>\n<\/div>\n<\/div>\n<\/div>\n<\/div>\n<\/div>\n<p><strong>Upozorn\u011bn\u00ed pro z\u00e1kazn\u00edky ke koupi produkt\u016f na objedn\u00e1n\u00ed:<\/strong><span>&nbsp;Toto zbo\u017e\u00ed nen\u00ed standardn\u00edm s\u00e9riov\u00fdm v\u00fdrobkem. Bude vyrobeno na p\u0159\u00e1n\u00ed z\u00e1kazn\u00edka a proto jej&nbsp;<\/span><strong>nelze dodavateli v z\u00e1konn\u00e9 lh\u016ft\u011b vr\u00e1tit<\/strong><span>. (viz \u00a71837 odst.d, ob\u010dansk\u00e9ho z\u00e1kon\u00edku). V tomto p\u0159\u00edpad\u011b m\u016f\u017eeme po\u017eadovat nevratnou z\u00e1lohu a\u017e do v\u00fd\u0161e 100 % z ceny v\u00fdrobku.<\/span><\/p>\n<\/p><\/div>\n","protected":false},"excerpt":{"rendered":"<p>Detailn\u00ed popis produktu LEGA LINE Elegance ji\u017e ve standardn\u00edm \u0159e\u0161en\u00ed Nov\u00e1 generace polor\u00e1mov\u00fdch sprchov\u00fdch kout\u016f&nbsp;vyhov\u00ed va\u0161im po\u017eadavk\u016fm ve v\u0161ech sm\u011brech.&nbsp;Kombinace 4 mm a&nbsp;5 mm bezpe\u010dnostn\u00edho skla,&nbsp;dvojit\u00e9 pojezdy&nbsp;a&nbsp;designov\u00e9 madlo a&nbsp;panty&nbsp;jsou zaru\u010denou cestou k&nbsp;\u00fasp\u011bchu. V\u0161e p\u0159i zachov\u00e1n\u00ed jednoduchosti a&nbsp;trvanlivosti. Odoln\u00e9 dvojit\u00e9 horn\u00ed pojezdy zaji\u0161\u0165uj\u00ed hladk\u00fd pohyb dve\u0159\u00ed \u0158e\u0161en\u00ed pro standardn\u00ed modely i velkorozm\u011brov\u00e9 sprchy Univerz\u00e1ln\u00ed oto\u010dn\u00fd mechanismus [&hellip;]<\/p>\n","protected":false},"featured_media":67861,"comment_status":"open","ping_status":"open","template":"","meta":[],"product_brand":[],"product_cat":[67],"product_tag":[],"class_list":{"0":"post-67761","1":"product","2":"type-product","3":"status-publish","4":"has-post-thumbnail","6":"product_cat-sprchove-kouty","8":"first","9":"instock","10":"sale","11":"shipping-taxable","12":"purchasable","13":"product-type-simple"},"yoast_head":"<!-- This site is optimized with the Yoast SEO plugin v26.8 - https:\/\/yoast.com\/product\/yoast-seo-wordpress\/ -->\n<title>Akce Roth LEGA LINE LLDO1+LLB Sprchov\u00fd kout \u010dtvercov\u00fd 70x70 cm -<\/title>\n<meta name=\"robots\" content=\"index, follow, max-snippet:-1, max-image-preview:large, max-video-preview:-1\" \/>\n<link rel=\"canonical\" href=\"https:\/\/www.domkraftpro.com\/index.php\/produkt\/akce-roth-lega-line-lldo1-llb-sprchovy-kout-ctvercovy-70x70-cm-67761\/\" \/>\n<meta property=\"og:locale\" content=\"cs_CZ\" \/>\n<meta property=\"og:type\" content=\"article\" \/>\n<meta property=\"og:title\" content=\"Akce Roth LEGA LINE LLDO1+LLB Sprchov\u00fd kout \u010dtvercov\u00fd 70x70 cm -\" \/>\n<meta property=\"og:description\" content=\"Detailn\u00ed popis produktu LEGA LINE Elegance ji\u017e ve standardn\u00edm \u0159e\u0161en\u00ed Nov\u00e1 generace polor\u00e1mov\u00fdch sprchov\u00fdch kout\u016f&nbsp;vyhov\u00ed va\u0161im po\u017eadavk\u016fm ve v\u0161ech sm\u011brech.&nbsp;Kombinace 4 mm a&nbsp;5 mm bezpe\u010dnostn\u00edho skla,&nbsp;dvojit\u00e9 pojezdy&nbsp;a&nbsp;designov\u00e9 madlo a&nbsp;panty&nbsp;jsou zaru\u010denou cestou k&nbsp;\u00fasp\u011bchu. V\u0161e p\u0159i zachov\u00e1n\u00ed jednoduchosti a&nbsp;trvanlivosti. Odoln\u00e9 dvojit\u00e9 horn\u00ed pojezdy zaji\u0161\u0165uj\u00ed hladk\u00fd pohyb dve\u0159\u00ed \u0158e\u0161en\u00ed pro standardn\u00ed modely i velkorozm\u011brov\u00e9 sprchy Univerz\u00e1ln\u00ed oto\u010dn\u00fd mechanismus [&hellip;]\" \/>\n<meta property=\"og:url\" content=\"https:\/\/www.domkraftpro.com\/index.php\/produkt\/akce-roth-lega-line-lldo1-llb-sprchovy-kout-ctvercovy-70x70-cm-67761\/\" \/>\n<meta property=\"og:image\" content=\"https:\/\/www.domkraftpro.com\/wp-content\/uploads\/2026\/SK0008051-CZ20260425-093631-0-1777080994-238044-3_roth-lega-line-lldo1-llb-sprchovy-kout-ctvercovy-7.webp\" \/>\n\t<meta property=\"og:image:width\" content=\"1000\" \/>\n\t<meta property=\"og:image:height\" content=\"750\" \/>\n\t<meta property=\"og:image:type\" content=\"image\/webp\" \/>\n<meta name=\"twitter:card\" content=\"summary_large_image\" \/>\n<meta name=\"twitter:label1\" content=\"Odhadovan\u00e1 doba \u010dten\u00ed\" \/>\n\t<meta name=\"twitter:data1\" content=\"5 minut\" \/>\n<script type=\"application\/ld+json\" class=\"yoast-schema-graph\">{\"@context\":\"https:\/\/schema.org\",\"@graph\":[{\"@type\":\"WebPage\",\"@id\":\"https:\/\/www.domkraftpro.com\/index.php\/produkt\/akce-roth-lega-line-lldo1-llb-sprchovy-kout-ctvercovy-70x70-cm-67761\/\",\"url\":\"https:\/\/www.domkraftpro.com\/index.php\/produkt\/akce-roth-lega-line-lldo1-llb-sprchovy-kout-ctvercovy-70x70-cm-67761\/\",\"name\":\"Akce Roth LEGA LINE LLDO1+LLB Sprchov\u00fd kout \u010dtvercov\u00fd 70x70 cm -\",\"isPartOf\":{\"@id\":\"https:\/\/www.domkraftpro.com\/#website\"},\"primaryImageOfPage\":{\"@id\":\"https:\/\/www.domkraftpro.com\/index.php\/produkt\/akce-roth-lega-line-lldo1-llb-sprchovy-kout-ctvercovy-70x70-cm-67761\/#primaryimage\"},\"image\":{\"@id\":\"https:\/\/www.domkraftpro.com\/index.php\/produkt\/akce-roth-lega-line-lldo1-llb-sprchovy-kout-ctvercovy-70x70-cm-67761\/#primaryimage\"},\"thumbnailUrl\":\"https:\/\/www.domkraftpro.com\/wp-content\/uploads\/2026\/SK0008051-CZ20260425-093631-0-1777080994-238044-3_roth-lega-line-lldo1-llb-sprchovy-kout-ctvercovy-7.webp\",\"datePublished\":\"2026-04-27T04:43:29+00:00\",\"breadcrumb\":{\"@id\":\"https:\/\/www.domkraftpro.com\/index.php\/produkt\/akce-roth-lega-line-lldo1-llb-sprchovy-kout-ctvercovy-70x70-cm-67761\/#breadcrumb\"},\"inLanguage\":\"cs\",\"potentialAction\":[{\"@type\":\"ReadAction\",\"target\":[\"https:\/\/www.domkraftpro.com\/index.php\/produkt\/akce-roth-lega-line-lldo1-llb-sprchovy-kout-ctvercovy-70x70-cm-67761\/\"]}]},{\"@type\":\"ImageObject\",\"inLanguage\":\"cs\",\"@id\":\"https:\/\/www.domkraftpro.com\/index.php\/produkt\/akce-roth-lega-line-lldo1-llb-sprchovy-kout-ctvercovy-70x70-cm-67761\/#primaryimage\",\"url\":\"https:\/\/www.domkraftpro.com\/wp-content\/uploads\/2026\/SK0008051-CZ20260425-093631-0-1777080994-238044-3_roth-lega-line-lldo1-llb-sprchovy-kout-ctvercovy-7.webp\",\"contentUrl\":\"https:\/\/www.domkraftpro.com\/wp-content\/uploads\/2026\/SK0008051-CZ20260425-093631-0-1777080994-238044-3_roth-lega-line-lldo1-llb-sprchovy-kout-ctvercovy-7.webp\",\"width\":1000,\"height\":750},{\"@type\":\"BreadcrumbList\",\"@id\":\"https:\/\/www.domkraftpro.com\/index.php\/produkt\/akce-roth-lega-line-lldo1-llb-sprchovy-kout-ctvercovy-70x70-cm-67761\/#breadcrumb\",\"itemListElement\":[{\"@type\":\"ListItem\",\"position\":1,\"name\":\"Home\",\"item\":\"https:\/\/www.domkraftpro.com\/\"},{\"@type\":\"ListItem\",\"position\":2,\"name\":\"Products\",\"item\":\"https:\/\/www.domkraftpro.com\/index.php\/products\/\"},{\"@type\":\"ListItem\",\"position\":3,\"name\":\"Akce Roth LEGA LINE LLDO1+LLB Sprchov\u00fd kout \u010dtvercov\u00fd 70&#215;70 cm\"}]},{\"@type\":\"WebSite\",\"@id\":\"https:\/\/www.domkraftpro.com\/#website\",\"url\":\"https:\/\/www.domkraftpro.com\/\",\"name\":\"\",\"description\":\"\",\"potentialAction\":[{\"@type\":\"SearchAction\",\"target\":{\"@type\":\"EntryPoint\",\"urlTemplate\":\"https:\/\/www.domkraftpro.com\/?s={search_term_string}\"},\"query-input\":{\"@type\":\"PropertyValueSpecification\",\"valueRequired\":true,\"valueName\":\"search_term_string\"}}],\"inLanguage\":\"cs\"}]}<\/script>\n<!-- \/ Yoast SEO plugin. -->","yoast_head_json":{"title":"Akce Roth LEGA LINE LLDO1+LLB Sprchov\u00fd kout \u010dtvercov\u00fd 70x70 cm -","robots":{"index":"index","follow":"follow","max-snippet":"max-snippet:-1","max-image-preview":"max-image-preview:large","max-video-preview":"max-video-preview:-1"},"canonical":"https:\/\/www.domkraftpro.com\/index.php\/produkt\/akce-roth-lega-line-lldo1-llb-sprchovy-kout-ctvercovy-70x70-cm-67761\/","og_locale":"cs_CZ","og_type":"article","og_title":"Akce Roth LEGA LINE LLDO1+LLB Sprchov\u00fd kout \u010dtvercov\u00fd 70x70 cm -","og_description":"Detailn\u00ed popis produktu LEGA LINE Elegance ji\u017e ve standardn\u00edm \u0159e\u0161en\u00ed Nov\u00e1 generace polor\u00e1mov\u00fdch sprchov\u00fdch kout\u016f&nbsp;vyhov\u00ed va\u0161im po\u017eadavk\u016fm ve v\u0161ech sm\u011brech.&nbsp;Kombinace 4 mm a&nbsp;5 mm bezpe\u010dnostn\u00edho skla,&nbsp;dvojit\u00e9 pojezdy&nbsp;a&nbsp;designov\u00e9 madlo a&nbsp;panty&nbsp;jsou zaru\u010denou cestou k&nbsp;\u00fasp\u011bchu. V\u0161e p\u0159i zachov\u00e1n\u00ed jednoduchosti a&nbsp;trvanlivosti. Odoln\u00e9 dvojit\u00e9 horn\u00ed pojezdy zaji\u0161\u0165uj\u00ed hladk\u00fd pohyb dve\u0159\u00ed \u0158e\u0161en\u00ed pro standardn\u00ed modely i velkorozm\u011brov\u00e9 sprchy Univerz\u00e1ln\u00ed oto\u010dn\u00fd mechanismus [&hellip;]","og_url":"https:\/\/www.domkraftpro.com\/index.php\/produkt\/akce-roth-lega-line-lldo1-llb-sprchovy-kout-ctvercovy-70x70-cm-67761\/","og_image":[{"width":1000,"height":750,"url":"https:\/\/www.domkraftpro.com\/wp-content\/uploads\/2026\/SK0008051-CZ20260425-093631-0-1777080994-238044-3_roth-lega-line-lldo1-llb-sprchovy-kout-ctvercovy-7.webp","type":"image\/webp"}],"twitter_card":"summary_large_image","twitter_misc":{"Odhadovan\u00e1 doba \u010dten\u00ed":"5 minut"},"schema":{"@context":"https:\/\/schema.org","@graph":[{"@type":"WebPage","@id":"https:\/\/www.domkraftpro.com\/index.php\/produkt\/akce-roth-lega-line-lldo1-llb-sprchovy-kout-ctvercovy-70x70-cm-67761\/","url":"https:\/\/www.domkraftpro.com\/index.php\/produkt\/akce-roth-lega-line-lldo1-llb-sprchovy-kout-ctvercovy-70x70-cm-67761\/","name":"Akce Roth LEGA LINE LLDO1+LLB Sprchov\u00fd kout \u010dtvercov\u00fd 70x70 cm -","isPartOf":{"@id":"https:\/\/www.domkraftpro.com\/#website"},"primaryImageOfPage":{"@id":"https:\/\/www.domkraftpro.com\/index.php\/produkt\/akce-roth-lega-line-lldo1-llb-sprchovy-kout-ctvercovy-70x70-cm-67761\/#primaryimage"},"image":{"@id":"https:\/\/www.domkraftpro.com\/index.php\/produkt\/akce-roth-lega-line-lldo1-llb-sprchovy-kout-ctvercovy-70x70-cm-67761\/#primaryimage"},"thumbnailUrl":"https:\/\/www.domkraftpro.com\/wp-content\/uploads\/2026\/SK0008051-CZ20260425-093631-0-1777080994-238044-3_roth-lega-line-lldo1-llb-sprchovy-kout-ctvercovy-7.webp","datePublished":"2026-04-27T04:43:29+00:00","breadcrumb":{"@id":"https:\/\/www.domkraftpro.com\/index.php\/produkt\/akce-roth-lega-line-lldo1-llb-sprchovy-kout-ctvercovy-70x70-cm-67761\/#breadcrumb"},"inLanguage":"cs","potentialAction":[{"@type":"ReadAction","target":["https:\/\/www.domkraftpro.com\/index.php\/produkt\/akce-roth-lega-line-lldo1-llb-sprchovy-kout-ctvercovy-70x70-cm-67761\/"]}]},{"@type":"ImageObject","inLanguage":"cs","@id":"https:\/\/www.domkraftpro.com\/index.php\/produkt\/akce-roth-lega-line-lldo1-llb-sprchovy-kout-ctvercovy-70x70-cm-67761\/#primaryimage","url":"https:\/\/www.domkraftpro.com\/wp-content\/uploads\/2026\/SK0008051-CZ20260425-093631-0-1777080994-238044-3_roth-lega-line-lldo1-llb-sprchovy-kout-ctvercovy-7.webp","contentUrl":"https:\/\/www.domkraftpro.com\/wp-content\/uploads\/2026\/SK0008051-CZ20260425-093631-0-1777080994-238044-3_roth-lega-line-lldo1-llb-sprchovy-kout-ctvercovy-7.webp","width":1000,"height":750},{"@type":"BreadcrumbList","@id":"https:\/\/www.domkraftpro.com\/index.php\/produkt\/akce-roth-lega-line-lldo1-llb-sprchovy-kout-ctvercovy-70x70-cm-67761\/#breadcrumb","itemListElement":[{"@type":"ListItem","position":1,"name":"Home","item":"https:\/\/www.domkraftpro.com\/"},{"@type":"ListItem","position":2,"name":"Products","item":"https:\/\/www.domkraftpro.com\/index.php\/products\/"},{"@type":"ListItem","position":3,"name":"Akce Roth LEGA LINE LLDO1+LLB Sprchov\u00fd kout \u010dtvercov\u00fd 70&#215;70 cm"}]},{"@type":"WebSite","@id":"https:\/\/www.domkraftpro.com\/#website","url":"https:\/\/www.domkraftpro.com\/","name":"","description":"","potentialAction":[{"@type":"SearchAction","target":{"@type":"EntryPoint","urlTemplate":"https:\/\/www.domkraftpro.com\/?s={search_term_string}"},"query-input":{"@type":"PropertyValueSpecification","valueRequired":true,"valueName":"search_term_string"}}],"inLanguage":"cs"}]}},"_links":{"self":[{"href":"https:\/\/www.domkraftpro.com\/index.php\/wp-json\/wp\/v2\/product\/67761","targetHints":{"allow":["GET"]}}],"collection":[{"href":"https:\/\/www.domkraftpro.com\/index.php\/wp-json\/wp\/v2\/product"}],"about":[{"href":"https:\/\/www.domkraftpro.com\/index.php\/wp-json\/wp\/v2\/types\/product"}],"replies":[{"embeddable":true,"href":"https:\/\/www.domkraftpro.com\/index.php\/wp-json\/wp\/v2\/comments?post=67761"}],"wp:featuredmedia":[{"embeddable":true,"href":"https:\/\/www.domkraftpro.com\/index.php\/wp-json\/wp\/v2\/media\/67861"}],"wp:attachment":[{"href":"https:\/\/www.domkraftpro.com\/index.php\/wp-json\/wp\/v2\/media?parent=67761"}],"wp:term":[{"taxonomy":"product_brand","embeddable":true,"href":"https:\/\/www.domkraftpro.com\/index.php\/wp-json\/wp\/v2\/product_brand?post=67761"},{"taxonomy":"product_cat","embeddable":true,"href":"https:\/\/www.domkraftpro.com\/index.php\/wp-json\/wp\/v2\/product_cat?post=67761"},{"taxonomy":"product_tag","embeddable":true,"href":"https:\/\/www.domkraftpro.com\/index.php\/wp-json\/wp\/v2\/product_tag?post=67761"}],"curies":[{"name":"wp","href":"https:\/\/api.w.org\/{rel}","templated":true}]}}