{"id":67751,"date":"2026-04-27T04:43:29","date_gmt":"2026-04-27T04:43:29","guid":{"rendered":""},"modified":"2026-04-27T04:43:29","modified_gmt":"2026-04-27T04:43:29","slug":"znackovy-roth-lega-line-lld4-ctyrdilne-posuvne-sprchove-dvere-pro-instalaci-do-niky-110-cm-574-1100000-00-02-67751","status":"publish","type":"product","link":"https:\/\/www.domkraftpro.com\/index.php\/produkt\/znackovy-roth-lega-line-lld4-ctyrdilne-posuvne-sprchove-dvere-pro-instalaci-do-niky-110-cm-574-1100000-00-02-67751\/","title":{"rendered":"Zna\u010dkov\u00fd Roth LEGA LINE LLD4 \u010cty\u0159d\u00edln\u00e9 posuvn\u00e9 sprchov\u00e9 dve\u0159e pro instalaci do niky 110 cm 574-1100000-00-02"},"content":{"rendered":"<div class=\"basic-description\">\n<h3>Detailn\u00ed popis produktu<\/h3>\n<div class=\"cHeading \">\n<div class=\"cHeading \">\n<div class=\"cHeading \">\n<div class=\"cHeading \">\n<div class=\"cHeading \">\n<div class=\"cHeading \">\n<div class=\"cHeading \">\n<div class=\"cHeading \">\n<h1 class=\"cHeading__hx\">LEGA LINE<\/h1>\n<\/div>\n<div class=\"cPerex__desc \">\n<h2>Elegance ji\u017e ve standardn\u00edm \u0159e\u0161en\u00ed<\/h2>\n<p>Nov\u00e1 generace polor\u00e1mov\u00fdch sprchov\u00fdch kout\u016f&nbsp;vyhov\u00ed va\u0161im po\u017eadavk\u016fm ve v\u0161ech sm\u011brech.&nbsp;Kombinace 4 mm a&nbsp;5 mm bezpe\u010dnostn\u00edho skla,<span>&nbsp;<\/span><strong>dvojit\u00e9 pojezdy<\/strong><span>&nbsp;<\/span>a&nbsp;designov\u00e9 madlo a&nbsp;panty&nbsp;jsou zaru\u010denou cestou k&nbsp;\u00fasp\u011bchu. V\u0161e p\u0159i zachov\u00e1n\u00ed jednoduchosti a&nbsp;trvanlivosti.<\/p>\n<\/div>\n<\/article>\n<\/div>\n<\/div>\n<\/div>\n<\/div>\n<\/div>\n<\/div>\n<\/div>\n<ul>\n<li>Odoln\u00e9 dvojit\u00e9 horn\u00ed pojezdy zaji\u0161\u0165uj\u00ed hladk\u00fd pohyb dve\u0159\u00ed<\/li>\n<li>\u0158e\u0161en\u00ed pro standardn\u00ed modely i velkorozm\u011brov\u00e9 sprchy<\/li>\n<li>Univerz\u00e1ln\u00ed oto\u010dn\u00fd mechanismus pro otev\u00edr\u00e1n\u00ed dve\u0159\u00ed dovnit\u0159 i ven<\/li>\n<\/ul>\n<div class=\"cHeading \">\n<div class=\"cHeading \">\n<div class=\"cHeading \">\n<div class=\"cHeading \">\n<h1 class=\"cHeading__hx\">LLD4<\/h1>\n<\/div>\n<div class=\"cPerex__desc \">\n<h2>\u010cty\u0159d\u00edln\u00e9 sprchov\u00e9 dve\u0159e posuvn\u00e9 pro instalaci do niky<\/h2>\n<p>Zcela nov\u00e1 polor\u00e1mov\u00e1 \u0159ada prakticky kombinuje<span>&nbsp;<\/span><strong>5mm&nbsp;<\/strong><strong>dve\u0159n\u00ed<\/strong><strong><span>&nbsp;<\/span>a<\/strong><span>&nbsp;<\/span><strong>4mm<\/strong><span>&nbsp;<\/span><strong>bezpe\u010dnostn\u00ed sklo<\/strong><span>&nbsp;<\/span>pevn\u00fdch \u010d\u00e1st\u00ed v&nbsp;r\u00e1mu. Kompletn\u00ed \u0159ada nab\u00edz\u00ed<span>&nbsp;<\/span><strong>praktick\u00e9 \u0159e\u0161en\u00ed<span>&nbsp;<\/span><\/strong>pro standardn\u00ed modely, stejn\u011b jako<span>&nbsp;<\/span><strong>pro<\/strong><span>&nbsp;<\/span><strong>velkorozm\u011brov\u00e9 sprchy<\/strong>, kter\u00e9 se t\u011b\u0161\u00ed st\u00e1le v\u011bt\u0161\u00ed oblib\u011b. Jednoduchost, trvanlivost a&nbsp;<strong>vynikaj\u00edc\u00ed pom\u011br ceny a&nbsp;kvality<\/strong><span>&nbsp;<\/span>m\u016f\u017ee tuto \u0159adu LEGA LINE u\u010dinit novou hv\u011bzdou s\u00e9riov\u00e9 v\u00fdroby.<\/p>\n<\/div>\n<\/article>\n<\/div>\n<\/div>\n<\/div>\n<table style=\"width: 585.922px;\">\n<tbody>\n<tr style=\"height: 82px;\">\n<td style=\"width: 104px; text-align: center; height: 82px;\"><\/td>\n<td style=\"width: 104px; text-align: center; height: 82px;\"><\/td>\n<td style=\"width: 105px; text-align: center; height: 82px;\"><\/td>\n<td style=\"width: 104px; text-align: center; height: 82px;\"><\/td>\n<td style=\"width: 104px; height: 82px;\"><\/td>\n<\/tr>\n<tr style=\"height: 11px;\">\n<td style=\"width: 104px; height: 11px; text-align: center;\">\n<p>Tvrzen\u00e9 ESG sklo<\/p>\n<\/td>\n<td style=\"width: 104px; height: 11px; text-align: center;\">\n<p>Bezr\u00e1mov\u00e9 proveden\u00ed<\/p>\n<\/td>\n<td style=\"width: 105px; height: 11px; text-align: center; vertical-align: middle;\">\n<p>Povrchov\u00e1 \u00faprava<\/p>\n<\/td>\n<td style=\"width: 104px; height: 11px; text-align: center;\">\n<p>Spodn\u00ed odkl\u00e1p\u011bn\u00ed<\/p>\n<\/td>\n<td style=\"width: 104px; height: 11px; text-align: center;\">\n<p>Z\u00e1ruka od n\u00e1s<\/p>\n<\/td>\n<\/tr>\n<\/tbody>\n<\/table>\n<div class=\"cPerex__desc \">&nbsp;<\/div>\n<\/article>\n<h3>Detailn\u00ed popis<\/h3>\n<p><strong><span>Posuvn\u00e9 s<\/span>prchov\u00e9 dve\u0159e PD3N&nbsp;<span>pro instalaci do niky s novou v\u00fd\u0161kou 1900 mm<\/span><\/strong><span>&nbsp;v\u00e1s uchv\u00e1t\u00ed&nbsp;<strong>oboustrann\u00fdm<\/strong>&nbsp;vstupem. Jsou dal\u0161\u00edm skv\u011bl\u00fdm produktem s\u00e9rie LEGA LINE. Sprchov\u00e9 kouty typu nika jsou v&nbsp;posledn\u00ed dob\u011b velice popul\u00e1rn\u00ed, av\u0161ak<strong>&nbsp;masivn\u00ed hlin\u00edkov\u00fd r\u00e1m v proveden\u00ed Brillant nebo v b\u00edl\u00e9 barv\u011b<\/strong>&nbsp;tomu teprve dod\u00e1 po\u0159\u00e1dn\u00fd \u0161mrnc. Sprchov\u00e9&nbsp;d<strong>ve\u0159e PD3N jsou dod\u00e1v\u00e1ny v proveden\u00ed SMONT<\/strong>&nbsp;&#8211; sta\u010d\u00ed je p\u0159i\u0161roubovat ke st\u011bn\u011b, se\u0159\u00eddit a ut\u011bsnit.<\/span><\/p>\n<h4><span>Proveden\u00ed sprchov\u00fdch dve\u0159\u00ed<\/span><\/h4>\n<p>D\u00edky<span>&nbsp;<\/span><strong>masivn\u00edmu<\/strong><span>&nbsp;<\/span><strong>hlin\u00edkov\u00e9mu<\/strong><span>&nbsp;<\/span>r\u00e1mu jsou dve\u0159e velmi&nbsp;<strong>stabiln\u00ed&nbsp;a&nbsp;odoln\u00e9<\/strong>.&nbsp;<strong>Magnetick\u00e9 t\u011bsn\u011bn\u00ed<\/strong>, barevn\u011b lad\u00edc\u00ed s&nbsp;hlin\u00edkov\u00fdm r\u00e1mem v&nbsp;<strong>b\u00edl\u00e9<\/strong><span>&nbsp;<\/span>barv\u011b, v\u00e1s zaru\u010den\u011b oslov\u00ed. D\u00edky n\u011bmu ze sprchov\u00e9ho koutu u\u017e<span>&nbsp;<\/span><strong>neunikne ani kapka<\/strong><span>&nbsp;<\/span>vody. Profil\u016fm d\u00e1vaj\u00ed vyniknout v\u00fdpln\u011b v&nbsp;proveden\u00ed<span>&nbsp;<\/span><strong>Transparent<\/strong><span>&nbsp;<\/span>(sklo),<span>&nbsp;<\/span><strong>Rugiada<span>&nbsp;<\/span><\/strong>(polystyrol) a<strong>&nbsp;Grape<\/strong><span>&nbsp;<\/span>(sklo).&nbsp;Posuvn\u00e9 dve\u0159e umo\u017e\u0148uj\u00ed pohodln\u00fd vstup do sprchov\u00e9ho koutu.<\/p>\n<p><span>Na tyto sprchov\u00e9 dve\u0159e poskytujeme&nbsp;<\/span><strong>prodlou\u017eenou z\u00e1ruku 5&nbsp;let<\/strong><span>.<\/span><\/p>\n<h4>Odkl\u00e1p\u011bn\u00ed dve\u0159\u00ed pro snadnou \u00fadr\u017ebu<\/h4>\n<p><span>Dve\u0159e lze odklopit velmi snadno. Vstoup\u00edte do sprchov\u00e9ho koutu, zevnit\u0159 pouze&nbsp;<\/span><strong>nadzvednete doln\u00ed li\u0161tu<\/strong><span>&nbsp;a&nbsp;t\u00edm umo\u017en\u00edte&nbsp;<\/span><strong>vyklopen\u00ed<\/strong><span>&nbsp;dve\u0159\u00ed. M\u016f\u017eete vid\u011bt na obr\u00e1zku. Dve\u0159e se v\u0161ak daj\u00ed vyklopit pouze v&nbsp;<\/span><strong>doln\u00ed \u010d\u00e1sti<\/strong><span>, v&nbsp;horn\u00ed \u010d\u00e1sti z\u016fst\u00e1vaj\u00ed&nbsp;<\/span><strong>st\u00e1le<\/strong><span>&nbsp;<\/span><strong>p\u0159ipevn\u011bn\u00e9<\/strong><span>, co\u017e zaji\u0161\u0165uje, \u017ee na v\u00e1s dve\u0159e nespadnou a&nbsp;<\/span><strong>nezp\u016fsob\u00ed \u017e\u00e1dn\u00fd \u00faraz<\/strong><span>.&nbsp;Po vy\u010di\u0161t\u011bn\u00ed dve\u0159e op\u011bt&nbsp;<\/span><strong>nacvaknete<\/strong><span>&nbsp;zp\u011bt. Jednodu\u0161\u0161\u00ed u\u017e to ani b\u00fdt nem\u016f\u017ee.<\/span><\/p>\n<h4>Bezpe\u010dnostn\u00ed skla s povrchovou \u00fapravou<\/h4>\n<p>Sprchov\u00e9 dve\u0159e&nbsp;<strong>PD3N<\/strong>&nbsp;disponuj\u00ed<span>&nbsp;<\/span><strong>bezpe\u010dnostn\u00edm sklem o&nbsp;s\u00edle 4<\/strong><strong>&nbsp;mm,<span>&nbsp;<\/span><\/strong>kter\u00e9 je<strong>&nbsp;<\/strong><span>vyrobeno tzv.&nbsp;<\/span><strong>kalen\u00edm<\/strong><span>&nbsp;(zah\u0159\u00e1t\u00edm a&nbsp;n\u00e1sledn\u011b prudk\u00fdm ochlazen\u00edm), kter\u00e9 vysoce zvy\u0161uje jejich mechanickou a&nbsp;tepelnou odolnost i&nbsp;ohybovou pevnost.&nbsp;<\/span><span>&nbsp;<\/span><span>V\u00fddr\u017e byla&nbsp;<strong>testov\u00e1na&nbsp;na 6&nbsp;mm&nbsp;<\/strong>bezpe\u010dnostn\u00edm skle, kdy byl na sklo vyvinut rovnom\u011brn\u00fd tlak odpov\u00eddaj\u00edc\u00ed 140 kg, koncentrovan\u00fd do st\u0159edu skla zav\u011b\u0161en\u00e9ho za hrany. D\u00edky tomu si m\u016f\u017eete ud\u011blat&nbsp;<strong>p\u0159ibli\u017enou p\u0159edstavu<\/strong>&nbsp;o&nbsp;v\u00fddr\u017ei tohoto skla.<\/span><span>&nbsp;<\/span><span>Je velmi nepravd\u011bpodobn\u00e9, \u017ee by tato situace b\u011b\u017en\u011b nastala, a&nbsp;proto je \u0161ance na rozbit\u00ed skla minim\u00e1ln\u00ed. Pokud p\u0159esto dojde k&nbsp;po\u0161kozen\u00ed skla, rozpadne se (obdobn\u011b jako u&nbsp;autoskel) na drobn\u00e9 \u00falomky&nbsp;<strong>bez ostr\u00fdch hran<\/strong>, tak\u017ee se nemus\u00edte b\u00e1t poran\u011bn\u00ed.<\/span><\/p>\n<p>V\u0161echna bezpe\u010dnostn\u00ed skla jsou opat\u0159ena povrchovou&nbsp;\u00fapravou<strong>&nbsp;RothETC<\/strong>.&nbsp;Jedn\u00e1 se o&nbsp;nejnov\u011bj\u0161\u00ed&nbsp;<strong>nanotechnologii<\/strong>, kter\u00e1<span>&nbsp;<\/span><strong>zabra\u0148uje usazov\u00e1n\u00ed ne\u010distot, mastnot a&nbsp;vodn\u00edho kamene<\/strong>.&nbsp;D\u00edky t\u00e9to technologii u\u017e V\u00e1s nebudou bolet ruce od drhnut\u00ed skla.&nbsp;<\/p>\n<table style=\"width: 652px;\" height=\"442\">\n<tbody>\n<tr style=\"height: 17px;\">\n<td style=\"width: 318.484px; height: 17px;\"><strong>Barva profil\u016f: <\/strong>brillant<\/td>\n<td style=\"width: 317.516px; height: 17px;\"><strong>V\u00fdpl\u0148 skla:<\/strong> \u010dir\u00e9<\/td>\n<\/tr>\n<tr style=\"height: 408px;\">\n<td style=\"width: 318.484px; height: 408px;\"><\/td>\n<td style=\"width: 317.516px; height: 408px;\"><\/td>\n<\/tr>\n<\/tbody>\n<\/table>\n<h2 style=\"font-weight: 400;\"><strong>Technick\u00e9 parametry<\/strong><\/h2>\n<div class=\"content_container_max1280px center f90 overflow_hidden line_height_1_4 image_margin_b_8px\">\n<div class=\"box_px width_160px box_with_selection\">\n<div class=\"content_container_max1280px overflow_hidden center line_height_1_4 uppercase\">\n<div class=\"overflow_hidden\">\n<div class=\"box_px width_200px\">\n<div class=\"onmouseover_div_container\">\n<table class=\"table table--features m-b-0\" border=\"1\" height=\"310\" style=\"width: 466px;\">\n<tbody>\n<tr>\n<td style=\"width: 171.562px;\"><strong>V\u00fd\u0161ka koutu (h)<\/strong><\/td>\n<td style=\"width: 277.438px;\">1900 mm<\/td>\n<\/tr>\n<tr>\n<td style=\"width: 171.562px;\"><strong>Typ v\u00fdpln\u011b<\/strong><\/td>\n<td style=\"width: 277.438px;\">Transparent<\/td>\n<\/tr>\n<tr>\n<td style=\"width: 171.562px;\"><strong>P\u016fdorys<\/strong><\/td>\n<td style=\"width: 277.438px;\">Dve\u0159e do niky<\/td>\n<\/tr>\n<tr>\n<td style=\"width: 171.562px;\"><strong>Materi\u00e1l v\u00fdpln\u011b<\/strong><\/td>\n<td style=\"width: 277.438px;\">Bezpe\u010dnostn\u00ed sklo<\/td>\n<\/tr>\n<tr>\n<td style=\"width: 171.562px;\"><strong>Materi\u00e1l profilu<\/strong><\/td>\n<td style=\"width: 277.438px;\">Hlin\u00edk<\/td>\n<\/tr>\n<tr>\n<td style=\"width: 171.562px;\"><strong>Dve\u0159e<\/strong><\/td>\n<td style=\"width: 277.438px;\">Posuvn\u00e9 dvoud\u00edln\u00e9<\/td>\n<\/tr>\n<tr>\n<td style=\"width: 171.562px;\"><strong>S\u00edla skla<\/strong><\/td>\n<td style=\"width: 277.438px;\">4+5 mm<\/td>\n<\/tr>\n<tr>\n<td style=\"width: 171.562px;\"><strong>Povrchov\u00e1 \u00faprava<\/strong><\/td>\n<td style=\"width: 277.438px;\">RothETC<\/td>\n<\/tr>\n<tr>\n<td style=\"width: 171.562px;\"><strong>Typ profilu<\/strong><\/td>\n<td style=\"width: 277.438px;\">Brillant<\/td>\n<\/tr>\n<\/tbody>\n<\/table>\n<h4><span><\/span><\/h4>\n<\/div>\n<div class=\"onmouseover_div_container\">&nbsp;<strong style=\"font-family: var(--template-font),sans-serif; font-size: 14px;\">Upozorn\u011bn\u00ed pro z\u00e1kazn\u00edky ke koupi produkt\u016f na objedn\u00e1n\u00ed:<\/strong><span style=\"font-family: var(--template-font),sans-serif; font-size: 14px;\">&nbsp;Toto zbo\u017e\u00ed nen\u00ed standardn\u00edm s\u00e9riov\u00fdm v\u00fdrobkem. Bude vyrobeno na p\u0159\u00e1n\u00ed z\u00e1kazn\u00edka a proto jej&nbsp;<\/span><strong style=\"font-family: var(--template-font),sans-serif; font-size: 14px;\">nelze dodavateli v z\u00e1konn\u00e9 lh\u016ft\u011b vr\u00e1tit<\/strong><span style=\"font-family: var(--template-font),sans-serif; font-size: 14px;\">. (viz \u00a71837 odst.d, ob\u010dansk\u00e9ho z\u00e1kon\u00edku). V tomto p\u0159\u00edpad\u011b m\u016f\u017eeme po\u017eadovat nevratnou z\u00e1lohu a\u017e do v\u00fd\u0161e 100 % z ceny v\u00fdrobku.<\/span><\/div>\n<\/div>\n<\/div>\n<\/div>\n<\/div>\n<\/div><\/div>\n","protected":false},"excerpt":{"rendered":"<p>Detailn\u00ed popis produktu LEGA LINE Elegance ji\u017e ve standardn\u00edm \u0159e\u0161en\u00ed Nov\u00e1 generace polor\u00e1mov\u00fdch sprchov\u00fdch kout\u016f&nbsp;vyhov\u00ed va\u0161im po\u017eadavk\u016fm ve v\u0161ech sm\u011brech.&nbsp;Kombinace 4 mm a&nbsp;5 mm bezpe\u010dnostn\u00edho skla,&nbsp;dvojit\u00e9 pojezdy&nbsp;a&nbsp;designov\u00e9 madlo a&nbsp;panty&nbsp;jsou zaru\u010denou cestou k&nbsp;\u00fasp\u011bchu. V\u0161e p\u0159i zachov\u00e1n\u00ed jednoduchosti a&nbsp;trvanlivosti. Odoln\u00e9 dvojit\u00e9 horn\u00ed pojezdy zaji\u0161\u0165uj\u00ed hladk\u00fd pohyb dve\u0159\u00ed \u0158e\u0161en\u00ed pro standardn\u00ed modely i velkorozm\u011brov\u00e9 sprchy Univerz\u00e1ln\u00ed oto\u010dn\u00fd mechanismus [&hellip;]<\/p>\n","protected":false},"featured_media":67851,"comment_status":"open","ping_status":"open","template":"","meta":[],"product_brand":[],"product_cat":[67],"product_tag":[],"class_list":{"0":"post-67751","1":"product","2":"type-product","3":"status-publish","4":"has-post-thumbnail","6":"product_cat-sprchove-kouty","8":"first","9":"instock","10":"sale","11":"shipping-taxable","12":"purchasable","13":"product-type-simple"},"yoast_head":"<!-- This site is optimized with the Yoast SEO plugin v26.8 - https:\/\/yoast.com\/product\/yoast-seo-wordpress\/ -->\n<title>Zna\u010dkov\u00fd Roth LEGA LINE LLD4 \u010cty\u0159d\u00edln\u00e9 posuvn\u00e9 sprchov\u00e9 dve\u0159e pro instalaci do niky 110 cm 574-1100000-00-02 -<\/title>\n<meta name=\"robots\" content=\"index, follow, max-snippet:-1, max-image-preview:large, max-video-preview:-1\" \/>\n<link rel=\"canonical\" href=\"https:\/\/www.domkraftpro.com\/index.php\/produkt\/znackovy-roth-lega-line-lld4-ctyrdilne-posuvne-sprchove-dvere-pro-instalaci-do-niky-110-cm-574-1100000-00-02-67751\/\" \/>\n<meta property=\"og:locale\" content=\"cs_CZ\" \/>\n<meta property=\"og:type\" content=\"article\" \/>\n<meta property=\"og:title\" content=\"Zna\u010dkov\u00fd Roth LEGA LINE LLD4 \u010cty\u0159d\u00edln\u00e9 posuvn\u00e9 sprchov\u00e9 dve\u0159e pro instalaci do niky 110 cm 574-1100000-00-02 -\" \/>\n<meta property=\"og:description\" content=\"Detailn\u00ed popis produktu LEGA LINE Elegance ji\u017e ve standardn\u00edm \u0159e\u0161en\u00ed Nov\u00e1 generace polor\u00e1mov\u00fdch sprchov\u00fdch kout\u016f&nbsp;vyhov\u00ed va\u0161im po\u017eadavk\u016fm ve v\u0161ech sm\u011brech.&nbsp;Kombinace 4 mm a&nbsp;5 mm bezpe\u010dnostn\u00edho skla,&nbsp;dvojit\u00e9 pojezdy&nbsp;a&nbsp;designov\u00e9 madlo a&nbsp;panty&nbsp;jsou zaru\u010denou cestou k&nbsp;\u00fasp\u011bchu. V\u0161e p\u0159i zachov\u00e1n\u00ed jednoduchosti a&nbsp;trvanlivosti. Odoln\u00e9 dvojit\u00e9 horn\u00ed pojezdy zaji\u0161\u0165uj\u00ed hladk\u00fd pohyb dve\u0159\u00ed \u0158e\u0161en\u00ed pro standardn\u00ed modely i velkorozm\u011brov\u00e9 sprchy Univerz\u00e1ln\u00ed oto\u010dn\u00fd mechanismus [&hellip;]\" \/>\n<meta property=\"og:url\" content=\"https:\/\/www.domkraftpro.com\/index.php\/produkt\/znackovy-roth-lega-line-lld4-ctyrdilne-posuvne-sprchove-dvere-pro-instalaci-do-niky-110-cm-574-1100000-00-02-67751\/\" \/>\n<meta property=\"og:image\" content=\"https:\/\/www.domkraftpro.com\/wp-content\/uploads\/2026\/SK0008041-CZ20260425-093631-0-1777080994-237999-3_roth-lega-line-lld4-ctyrdilne-posuvne-sprchove-dve.webp\" \/>\n\t<meta property=\"og:image:width\" content=\"1000\" \/>\n\t<meta property=\"og:image:height\" content=\"750\" \/>\n\t<meta property=\"og:image:type\" content=\"image\/webp\" \/>\n<meta name=\"twitter:card\" content=\"summary_large_image\" \/>\n<meta name=\"twitter:label1\" content=\"Odhadovan\u00e1 doba \u010dten\u00ed\" \/>\n\t<meta name=\"twitter:data1\" content=\"4 minuty\" \/>\n<script type=\"application\/ld+json\" class=\"yoast-schema-graph\">{\"@context\":\"https:\/\/schema.org\",\"@graph\":[{\"@type\":\"WebPage\",\"@id\":\"https:\/\/www.domkraftpro.com\/index.php\/produkt\/znackovy-roth-lega-line-lld4-ctyrdilne-posuvne-sprchove-dvere-pro-instalaci-do-niky-110-cm-574-1100000-00-02-67751\/\",\"url\":\"https:\/\/www.domkraftpro.com\/index.php\/produkt\/znackovy-roth-lega-line-lld4-ctyrdilne-posuvne-sprchove-dvere-pro-instalaci-do-niky-110-cm-574-1100000-00-02-67751\/\",\"name\":\"Zna\u010dkov\u00fd Roth LEGA LINE LLD4 \u010cty\u0159d\u00edln\u00e9 posuvn\u00e9 sprchov\u00e9 dve\u0159e pro instalaci do niky 110 cm 574-1100000-00-02 -\",\"isPartOf\":{\"@id\":\"https:\/\/www.domkraftpro.com\/#website\"},\"primaryImageOfPage\":{\"@id\":\"https:\/\/www.domkraftpro.com\/index.php\/produkt\/znackovy-roth-lega-line-lld4-ctyrdilne-posuvne-sprchove-dvere-pro-instalaci-do-niky-110-cm-574-1100000-00-02-67751\/#primaryimage\"},\"image\":{\"@id\":\"https:\/\/www.domkraftpro.com\/index.php\/produkt\/znackovy-roth-lega-line-lld4-ctyrdilne-posuvne-sprchove-dvere-pro-instalaci-do-niky-110-cm-574-1100000-00-02-67751\/#primaryimage\"},\"thumbnailUrl\":\"https:\/\/www.domkraftpro.com\/wp-content\/uploads\/2026\/SK0008041-CZ20260425-093631-0-1777080994-237999-3_roth-lega-line-lld4-ctyrdilne-posuvne-sprchove-dve.webp\",\"datePublished\":\"2026-04-27T04:43:29+00:00\",\"breadcrumb\":{\"@id\":\"https:\/\/www.domkraftpro.com\/index.php\/produkt\/znackovy-roth-lega-line-lld4-ctyrdilne-posuvne-sprchove-dvere-pro-instalaci-do-niky-110-cm-574-1100000-00-02-67751\/#breadcrumb\"},\"inLanguage\":\"cs\",\"potentialAction\":[{\"@type\":\"ReadAction\",\"target\":[\"https:\/\/www.domkraftpro.com\/index.php\/produkt\/znackovy-roth-lega-line-lld4-ctyrdilne-posuvne-sprchove-dvere-pro-instalaci-do-niky-110-cm-574-1100000-00-02-67751\/\"]}]},{\"@type\":\"ImageObject\",\"inLanguage\":\"cs\",\"@id\":\"https:\/\/www.domkraftpro.com\/index.php\/produkt\/znackovy-roth-lega-line-lld4-ctyrdilne-posuvne-sprchove-dvere-pro-instalaci-do-niky-110-cm-574-1100000-00-02-67751\/#primaryimage\",\"url\":\"https:\/\/www.domkraftpro.com\/wp-content\/uploads\/2026\/SK0008041-CZ20260425-093631-0-1777080994-237999-3_roth-lega-line-lld4-ctyrdilne-posuvne-sprchove-dve.webp\",\"contentUrl\":\"https:\/\/www.domkraftpro.com\/wp-content\/uploads\/2026\/SK0008041-CZ20260425-093631-0-1777080994-237999-3_roth-lega-line-lld4-ctyrdilne-posuvne-sprchove-dve.webp\",\"width\":1000,\"height\":750},{\"@type\":\"BreadcrumbList\",\"@id\":\"https:\/\/www.domkraftpro.com\/index.php\/produkt\/znackovy-roth-lega-line-lld4-ctyrdilne-posuvne-sprchove-dvere-pro-instalaci-do-niky-110-cm-574-1100000-00-02-67751\/#breadcrumb\",\"itemListElement\":[{\"@type\":\"ListItem\",\"position\":1,\"name\":\"Home\",\"item\":\"https:\/\/www.domkraftpro.com\/\"},{\"@type\":\"ListItem\",\"position\":2,\"name\":\"Products\",\"item\":\"https:\/\/www.domkraftpro.com\/index.php\/products\/\"},{\"@type\":\"ListItem\",\"position\":3,\"name\":\"Zna\u010dkov\u00fd Roth LEGA LINE LLD4 \u010cty\u0159d\u00edln\u00e9 posuvn\u00e9 sprchov\u00e9 dve\u0159e pro instalaci do niky 110 cm 574-1100000-00-02\"}]},{\"@type\":\"WebSite\",\"@id\":\"https:\/\/www.domkraftpro.com\/#website\",\"url\":\"https:\/\/www.domkraftpro.com\/\",\"name\":\"\",\"description\":\"\",\"potentialAction\":[{\"@type\":\"SearchAction\",\"target\":{\"@type\":\"EntryPoint\",\"urlTemplate\":\"https:\/\/www.domkraftpro.com\/?s={search_term_string}\"},\"query-input\":{\"@type\":\"PropertyValueSpecification\",\"valueRequired\":true,\"valueName\":\"search_term_string\"}}],\"inLanguage\":\"cs\"}]}<\/script>\n<!-- \/ Yoast SEO plugin. -->","yoast_head_json":{"title":"Zna\u010dkov\u00fd Roth LEGA LINE LLD4 \u010cty\u0159d\u00edln\u00e9 posuvn\u00e9 sprchov\u00e9 dve\u0159e pro instalaci do niky 110 cm 574-1100000-00-02 -","robots":{"index":"index","follow":"follow","max-snippet":"max-snippet:-1","max-image-preview":"max-image-preview:large","max-video-preview":"max-video-preview:-1"},"canonical":"https:\/\/www.domkraftpro.com\/index.php\/produkt\/znackovy-roth-lega-line-lld4-ctyrdilne-posuvne-sprchove-dvere-pro-instalaci-do-niky-110-cm-574-1100000-00-02-67751\/","og_locale":"cs_CZ","og_type":"article","og_title":"Zna\u010dkov\u00fd Roth LEGA LINE LLD4 \u010cty\u0159d\u00edln\u00e9 posuvn\u00e9 sprchov\u00e9 dve\u0159e pro instalaci do niky 110 cm 574-1100000-00-02 -","og_description":"Detailn\u00ed popis produktu LEGA LINE Elegance ji\u017e ve standardn\u00edm \u0159e\u0161en\u00ed Nov\u00e1 generace polor\u00e1mov\u00fdch sprchov\u00fdch kout\u016f&nbsp;vyhov\u00ed va\u0161im po\u017eadavk\u016fm ve v\u0161ech sm\u011brech.&nbsp;Kombinace 4 mm a&nbsp;5 mm bezpe\u010dnostn\u00edho skla,&nbsp;dvojit\u00e9 pojezdy&nbsp;a&nbsp;designov\u00e9 madlo a&nbsp;panty&nbsp;jsou zaru\u010denou cestou k&nbsp;\u00fasp\u011bchu. V\u0161e p\u0159i zachov\u00e1n\u00ed jednoduchosti a&nbsp;trvanlivosti. Odoln\u00e9 dvojit\u00e9 horn\u00ed pojezdy zaji\u0161\u0165uj\u00ed hladk\u00fd pohyb dve\u0159\u00ed \u0158e\u0161en\u00ed pro standardn\u00ed modely i velkorozm\u011brov\u00e9 sprchy Univerz\u00e1ln\u00ed oto\u010dn\u00fd mechanismus [&hellip;]","og_url":"https:\/\/www.domkraftpro.com\/index.php\/produkt\/znackovy-roth-lega-line-lld4-ctyrdilne-posuvne-sprchove-dvere-pro-instalaci-do-niky-110-cm-574-1100000-00-02-67751\/","og_image":[{"width":1000,"height":750,"url":"https:\/\/www.domkraftpro.com\/wp-content\/uploads\/2026\/SK0008041-CZ20260425-093631-0-1777080994-237999-3_roth-lega-line-lld4-ctyrdilne-posuvne-sprchove-dve.webp","type":"image\/webp"}],"twitter_card":"summary_large_image","twitter_misc":{"Odhadovan\u00e1 doba \u010dten\u00ed":"4 minuty"},"schema":{"@context":"https:\/\/schema.org","@graph":[{"@type":"WebPage","@id":"https:\/\/www.domkraftpro.com\/index.php\/produkt\/znackovy-roth-lega-line-lld4-ctyrdilne-posuvne-sprchove-dvere-pro-instalaci-do-niky-110-cm-574-1100000-00-02-67751\/","url":"https:\/\/www.domkraftpro.com\/index.php\/produkt\/znackovy-roth-lega-line-lld4-ctyrdilne-posuvne-sprchove-dvere-pro-instalaci-do-niky-110-cm-574-1100000-00-02-67751\/","name":"Zna\u010dkov\u00fd Roth LEGA LINE LLD4 \u010cty\u0159d\u00edln\u00e9 posuvn\u00e9 sprchov\u00e9 dve\u0159e pro instalaci do niky 110 cm 574-1100000-00-02 -","isPartOf":{"@id":"https:\/\/www.domkraftpro.com\/#website"},"primaryImageOfPage":{"@id":"https:\/\/www.domkraftpro.com\/index.php\/produkt\/znackovy-roth-lega-line-lld4-ctyrdilne-posuvne-sprchove-dvere-pro-instalaci-do-niky-110-cm-574-1100000-00-02-67751\/#primaryimage"},"image":{"@id":"https:\/\/www.domkraftpro.com\/index.php\/produkt\/znackovy-roth-lega-line-lld4-ctyrdilne-posuvne-sprchove-dvere-pro-instalaci-do-niky-110-cm-574-1100000-00-02-67751\/#primaryimage"},"thumbnailUrl":"https:\/\/www.domkraftpro.com\/wp-content\/uploads\/2026\/SK0008041-CZ20260425-093631-0-1777080994-237999-3_roth-lega-line-lld4-ctyrdilne-posuvne-sprchove-dve.webp","datePublished":"2026-04-27T04:43:29+00:00","breadcrumb":{"@id":"https:\/\/www.domkraftpro.com\/index.php\/produkt\/znackovy-roth-lega-line-lld4-ctyrdilne-posuvne-sprchove-dvere-pro-instalaci-do-niky-110-cm-574-1100000-00-02-67751\/#breadcrumb"},"inLanguage":"cs","potentialAction":[{"@type":"ReadAction","target":["https:\/\/www.domkraftpro.com\/index.php\/produkt\/znackovy-roth-lega-line-lld4-ctyrdilne-posuvne-sprchove-dvere-pro-instalaci-do-niky-110-cm-574-1100000-00-02-67751\/"]}]},{"@type":"ImageObject","inLanguage":"cs","@id":"https:\/\/www.domkraftpro.com\/index.php\/produkt\/znackovy-roth-lega-line-lld4-ctyrdilne-posuvne-sprchove-dvere-pro-instalaci-do-niky-110-cm-574-1100000-00-02-67751\/#primaryimage","url":"https:\/\/www.domkraftpro.com\/wp-content\/uploads\/2026\/SK0008041-CZ20260425-093631-0-1777080994-237999-3_roth-lega-line-lld4-ctyrdilne-posuvne-sprchove-dve.webp","contentUrl":"https:\/\/www.domkraftpro.com\/wp-content\/uploads\/2026\/SK0008041-CZ20260425-093631-0-1777080994-237999-3_roth-lega-line-lld4-ctyrdilne-posuvne-sprchove-dve.webp","width":1000,"height":750},{"@type":"BreadcrumbList","@id":"https:\/\/www.domkraftpro.com\/index.php\/produkt\/znackovy-roth-lega-line-lld4-ctyrdilne-posuvne-sprchove-dvere-pro-instalaci-do-niky-110-cm-574-1100000-00-02-67751\/#breadcrumb","itemListElement":[{"@type":"ListItem","position":1,"name":"Home","item":"https:\/\/www.domkraftpro.com\/"},{"@type":"ListItem","position":2,"name":"Products","item":"https:\/\/www.domkraftpro.com\/index.php\/products\/"},{"@type":"ListItem","position":3,"name":"Zna\u010dkov\u00fd Roth LEGA LINE LLD4 \u010cty\u0159d\u00edln\u00e9 posuvn\u00e9 sprchov\u00e9 dve\u0159e pro instalaci do niky 110 cm 574-1100000-00-02"}]},{"@type":"WebSite","@id":"https:\/\/www.domkraftpro.com\/#website","url":"https:\/\/www.domkraftpro.com\/","name":"","description":"","potentialAction":[{"@type":"SearchAction","target":{"@type":"EntryPoint","urlTemplate":"https:\/\/www.domkraftpro.com\/?s={search_term_string}"},"query-input":{"@type":"PropertyValueSpecification","valueRequired":true,"valueName":"search_term_string"}}],"inLanguage":"cs"}]}},"_links":{"self":[{"href":"https:\/\/www.domkraftpro.com\/index.php\/wp-json\/wp\/v2\/product\/67751","targetHints":{"allow":["GET"]}}],"collection":[{"href":"https:\/\/www.domkraftpro.com\/index.php\/wp-json\/wp\/v2\/product"}],"about":[{"href":"https:\/\/www.domkraftpro.com\/index.php\/wp-json\/wp\/v2\/types\/product"}],"replies":[{"embeddable":true,"href":"https:\/\/www.domkraftpro.com\/index.php\/wp-json\/wp\/v2\/comments?post=67751"}],"wp:featuredmedia":[{"embeddable":true,"href":"https:\/\/www.domkraftpro.com\/index.php\/wp-json\/wp\/v2\/media\/67851"}],"wp:attachment":[{"href":"https:\/\/www.domkraftpro.com\/index.php\/wp-json\/wp\/v2\/media?parent=67751"}],"wp:term":[{"taxonomy":"product_brand","embeddable":true,"href":"https:\/\/www.domkraftpro.com\/index.php\/wp-json\/wp\/v2\/product_brand?post=67751"},{"taxonomy":"product_cat","embeddable":true,"href":"https:\/\/www.domkraftpro.com\/index.php\/wp-json\/wp\/v2\/product_cat?post=67751"},{"taxonomy":"product_tag","embeddable":true,"href":"https:\/\/www.domkraftpro.com\/index.php\/wp-json\/wp\/v2\/product_tag?post=67751"}],"curies":[{"name":"wp","href":"https:\/\/api.w.org\/{rel}","templated":true}]}}