{"id":67492,"date":"2026-04-27T04:43:29","date_gmt":"2026-04-27T04:43:29","guid":{"rendered":""},"modified":"2026-04-27T04:43:29","modified_gmt":"2026-04-27T04:43:29","slug":"akce-roth-elegant-neo-line-gdo1n-gzn-jednokridle-sprchove-dvere-set-profilu-gzn-120-cm-gdo1n-1200-gzn-67492","status":"publish","type":"product","link":"https:\/\/www.domkraftpro.com\/index.php\/produkt\/akce-roth-elegant-neo-line-gdo1n-gzn-jednokridle-sprchove-dvere-set-profilu-gzn-120-cm-gdo1n-1200-gzn-67492\/","title":{"rendered":"Akce Roth ELEGANT NEO LINE GDO1N+GZN Jednok\u0159\u00eddl\u00e9 sprchov\u00e9 dve\u0159e + set profil\u016f GZN 120 cm GDO1N\/1200_GZN"},"content":{"rendered":"<div class=\"basic-description\">\n<h3>Detailn\u00ed popis produktu<\/h3>\n<div class=\"cHeading \">\n<h1 class=\"cHeading__hx\">ELEGANT NEO LINE<\/h1>\n<\/div>\n<div class=\"cHeading \">\n<h1 class=\"cHeading__hx\">GDO1N+GZN<\/h1>\n<\/div>\n<div class=\"cPerex__desc \">\n<h3>Jednok\u0159\u00eddl\u00e9 sprchov\u00e9 dve\u0159e GDO1N se setem profil\u016f GZN pro instalaci do niky<\/h3>\n<p>Nejnov\u011bj\u0161\u00ed<span>&nbsp;<\/span><strong>bezr\u00e1mov\u00e1 \u0159ada ELEGANT NEO<\/strong><span>&nbsp;<\/span>se vyzna\u010duje lehkost\u00ed a \u010dist\u00fdm designem, tak\u017ee nech\u00e1v\u00e1 vyniknout vzdu\u0161nosti a eleganci jednotliv\u00fdch produkt\u016f. Opravdu jedine\u010dn\u00e1 je ale hlavn\u011b sv\u00fdm<span>&nbsp;<\/span><strong>bezkonkuren\u010dn\u00edm rozsahem instala\u010dn\u00edch rozm\u011br\u016f<\/strong>, tak\u017ee se nebudete muset ni\u010d\u00edm omezovat. Pou\u017e\u00edv\u00e1<span>&nbsp;<\/span><strong>6 mm&nbsp;<\/strong><strong>bezpe\u010dnostn\u00ed sklo<\/strong>&nbsp;s&nbsp;aplikovanou ochrannou vrstvou<span>&nbsp;<\/span>RothETC, kov\u00e1n\u00ed z kvalitn\u00ed chromovan\u00e9 oceli a integrovanou vzp\u011bru.&nbsp;P\u0159i standardn\u00ed v\u00fd\u0161ce 2000 mm poskytuje<span>&nbsp;<\/span><strong>v\u0161echna pot\u0159ebn\u00e1 \u0159e\u0161en\u00ed<\/strong><span>&nbsp;<\/span>pro Va\u0161i koupelnu.<\/p>\n<\/div>\n<\/article>\n<table width=\"557\">\n<tbody>\n<tr style=\"height: 82px;\">\n<td style=\"width: 104.328px; text-align: center; height: 82px;\"><\/td>\n<td style=\"width: 104.328px; text-align: center; height: 82px;\"><\/td>\n<td style=\"width: 105.609px; text-align: center; height: 82px;\"><\/td>\n<td style=\"width: 104.328px; text-align: center; height: 82px;\"><\/td>\n<td style=\"width: 104.406px; height: 82px;\"><\/td>\n<\/tr>\n<tr style=\"height: 11px;\">\n<td style=\"width: 104.328px; height: 11px; text-align: center;\">\n<p>Tvrzen\u00e9 ESG sklo<\/p>\n<\/td>\n<td style=\"width: 104.328px; height: 11px; text-align: center;\">\n<p>Bezr\u00e1mov\u00e9 proveden\u00ed<\/p>\n<\/td>\n<td style=\"width: 105.609px; height: 11px; text-align: center; vertical-align: middle;\">\n<p>Povrchov\u00e1 \u00faprava<\/p>\n<\/td>\n<td style=\"width: 104.328px; height: 11px; text-align: center;\">\n<p>\u0158e\u0161en\u00ed bez bari\u00e9r<\/p>\n<\/td>\n<td style=\"width: 104.406px; height: 11px; text-align: center;\">\n<p>Z\u00e1ruka od n\u00e1s<\/p>\n<\/td>\n<\/tr>\n<\/tbody>\n<\/table>\n<h3>Detailn\u00ed popis<\/h3>\n<p style=\"font-weight: 400;\">Hledali jste n\u011bkdy&nbsp;<b><strong>perfektn\u00ed otev\u00edrac\u00ed dve\u0159e do niky<\/strong><\/b>, kter\u00e9 budou p\u016fsobit lehce a p\u0159itom budou stabiln\u00ed a skv\u011ble fungovat? M\u00e1me pro V\u00e1s perfektn\u00ed \u0159e\u0161en\u00ed v&nbsp;podob\u011b<span>&nbsp;<\/span><b><strong>jednok\u0159\u00eddl\u00fdch dve\u0159\u00ed GDO1N+GZN<\/strong><\/b>, kter\u00e9 spl\u0148uj\u00ed nejen v\u00fd\u0161e popsan\u00e9 po\u017eadavky, ale nav\u00edc sv\u00fdmi p\u011bti variantami dve\u0159\u00ed&nbsp;<b><strong>umo\u017e\u0148uj\u00ed instalace v plynul\u00e9m rozsahu od 685 do 1225 mm<\/strong><\/b>. Toho je dasa\u017eeno d\u00edky velk\u00e9 variabilit\u011b posunu uchycen\u00ed dve\u0159n\u00edch skel v ocelov\u00fdch pantech.<\/p>\n<p style=\"font-weight: 400;\">Na tyto sprchov\u00e9 dve\u0159e V\u00e1m nab\u00edz\u00edme<span>&nbsp;<\/span><b><strong>mo\u017enost&nbsp;prodlou\u017een\u00e9 z\u00e1ruky 5&nbsp;let<\/strong><\/b>.<\/p>\n<h4 style=\"font-weight: 600;\">Technick\u00e9 proveden\u00ed<\/h4>\n<p style=\"font-weight: 400;\">Sprchov\u00e9 dve\u0159e do niky p\u016fsob\u00ed velmi elegantn\u011b. Napom\u00e1h\u00e1 tomu velice n\u00e1padit\u00e1<b><strong><span>&nbsp;<\/span>integrovan\u00e1 vzp\u011bra z chromovan\u00e9 oceli<\/strong><\/b>, kter\u00e1 zaji\u0161\u0165uje<span>&nbsp;<\/span><b><strong>stabilitu<\/strong><\/b><span>&nbsp;<\/span>sprchov\u00e9ho koutu. Vzhled dopl\u0148uje tak\u00e9<span>&nbsp;<\/span><b><strong>rovn\u00e9 ocelov\u00e9 madlo<\/strong><\/b>.&nbsp;<\/p>\n<h4 style=\"font-weight: 600;\">Jeden typ dve\u0159\u00ed pro v\u0161echny kombinace<\/h4>\n<ul style=\"font-weight: 400;\">\n<li><b><strong>jednok\u0159\u00eddl\u00e9 dve\u0159e do niky<\/strong><\/b><span>&nbsp;<\/span>s&nbsp;pou\u017eit\u00edm setu profil\u016f GZN<\/li>\n<li><b><strong>rohov\u00fd sprchov\u00fd kout<\/strong><\/b><span>&nbsp;<\/span>s&nbsp;dvouk\u0159\u00eddl\u00fdmi dve\u0159mi GDO1N+GDO1N<\/li>\n<li><b><strong>jednok\u0159\u00eddl\u00e9 dve\u0159e v&nbsp;kombinaci<\/strong><\/b><span>&nbsp;<\/span>s&nbsp;pevnou st\u011bnou GBN<\/li>\n<\/ul>\n<p style=\"font-weight: 400;\">V&nbsp;na\u0161\u00ed nab\u00eddce si m\u016f\u017eete zvolit kombinaci jednoho z p\u011bti rozm\u011br\u016f dve\u0159\u00ed a setu profil\u016f GZN, aby jste z\u00edskali&nbsp;<b><strong>skv\u011ble funguj\u00edc\u00ed dve\u0159e pro instalaci&nbsp;do niky GDO1N+GZN<\/strong><\/b>.<\/p>\n<p style=\"font-weight: 400;\">P\u0159esn\u00e1 v\u00fd\u0161ka v\u010detn\u011b kotv\u00edc\u00edch element\u016f je u dve\u0159\u00ed GDO1N&nbsp;<b><strong>2015 mm<\/strong><\/b>&nbsp;a&nbsp;set profil\u016f GZN m\u00e1 v\u00fd\u0161ku&nbsp;<b><strong>1995 mm<\/strong><\/b>.<\/p>\n<p style=\"font-weight: 400;\"><b><strong>UPOZORN\u011aN\u00cd<\/strong><\/b>:&nbsp;Nomin\u00e1ln\u00ed rozm\u011bry sprchov\u00fdch z\u00e1st\u011bn jsou ur\u010deny pro INSTALACI NA VANI\u010cKU a&nbsp;montuj\u00ed se v\u017edy s&nbsp;odsazen\u00edm od kraje vani\u010dky. P\u0159i INSTALACI NA DLA\u017dBU tak hroz\u00ed, \u017ee rozm\u011br sprchov\u00e9 z\u00e1st\u011bny bude men\u0161\u00ed ne\u017e zm\u011b\u0159en\u00e1 \u0161\u00ed\u0159ka dla\u017eby.<\/p>\n<h4 style=\"font-weight: 600;\">T\u011bsn\u011bn\u00ed zamezuj\u00edc\u00ed potop\u011b<\/h4>\n<p style=\"font-weight: 400;\">V\u00fdhodou je tak\u00e9&nbsp;<b><strong>precizn\u00ed dve\u0159n\u00ed magnetick\u00e9 t\u011bsn\u011bn\u00ed<\/strong><\/b>, kter\u00e9 zajist\u00ed, \u017ee to u&nbsp;V\u00e1s doma&nbsp;nebude vypadat jako po povodni. Dve\u0159n\u00ed t\u011bsn\u011bn\u00ed jsou vybavena<span>&nbsp;<\/span><b><strong>magnety<\/strong><\/b>, d\u00edky kter\u00fdm se dve\u0159n\u00ed k\u0159\u00eddla k sob\u011b<span>&nbsp;<\/span><b><strong>p\u0159isaj\u00ed<\/strong><\/b><span>&nbsp;<\/span>a&nbsp;tud\u00ed\u017e skv\u011ble t\u011bsn\u00ed. P\u0159i spr\u00e1vn\u00e9m se\u0159\u00edzen\u00ed by se dve\u0159e m\u011bly, pr\u00e1v\u011b d\u00edky magnet\u016fm,<span>&nbsp;<\/span><b><strong>dov\u0159\u00edt samy<\/strong><\/b>.<\/p>\n<h4 style=\"font-weight: 600;\">Bezpe\u010dnostn\u00ed skla s povrchovou \u00fapravou<\/h4>\n<p style=\"font-weight: 400;\">Sprchov\u00e9 dve\u0159e<span>&nbsp;<\/span><b><strong>GDO1N<\/strong><\/b><span>&nbsp;<\/span>se py\u0161n\u00ed<b><strong><span>&nbsp;<\/span>bezpe\u010dnostn\u00edmi sklen\u011bn\u00fdmi v\u00fdpln\u011bmi o&nbsp;s\u00edle&nbsp;<\/strong><\/b><b><strong>6<\/strong><\/b>&nbsp;<b><strong>mm<\/strong><\/b>, kter\u00e9 jsou vyroben\u00e9 tzv.<b><strong>&nbsp;kalen\u00edm<\/strong><\/b>&nbsp;(zah\u0159\u00e1t\u00edm a&nbsp;n\u00e1sledn\u011b prudk\u00fdm ochlazen\u00edm). Tento proces vysoce zvy\u0161uje jejich mechanickou a&nbsp;tepelnou odolnost i&nbsp;ohybovou pevnost.&nbsp;V\u00fddr\u017e byla&nbsp;<b><strong>testov\u00e1na&nbsp;na 6&nbsp;mm<span>&nbsp;<\/span><\/strong><\/b>bezpe\u010dnostn\u00edm skle, kdy byl na sklo vyvinut rovnom\u011brn\u00fd tlak odpov\u00eddaj\u00edc\u00ed 140 kg, koncentrovan\u00fd do st\u0159edu skla zav\u011b\u0161en\u00e9ho za hrany. D\u00edky tomu si m\u016f\u017eete ud\u011blat<span>&nbsp;<\/span><b><strong>p\u0159ibli\u017enou p\u0159edstavu<\/strong><\/b><span>&nbsp;<\/span>o&nbsp;v\u00fddr\u017ei tohoto skla.<span>&nbsp;<\/span>Tato situace nem\u016f\u017ee v&nbsp;koupeln\u011b b\u011b\u017en\u011b nastat, proto je&nbsp;<b><strong>\u0161ance na rozbit\u00ed skla&nbsp;minim\u00e1ln\u00ed<\/strong><\/b>.&nbsp;Pakli\u017ee i&nbsp;p\u0159esto dojde k&nbsp;po\u0161kozen\u00ed skla, rozpadne se (obdobn\u011b jako u&nbsp;autoskel) na drobn\u00e9 \u00falomky&nbsp;<b><strong>bez ostr\u00fdch hran<\/strong><\/b>, tak\u017ee se nemus\u00edte b\u00e1t poran\u011bn\u00ed.<\/p>\n<p style=\"font-weight: 400;\">Skla dve\u0159\u00ed jsou nav\u00edc o\u0161et\u0159ena&nbsp;<b><strong>hydrofobn\u00ed povrchovou vrstvou<\/strong><\/b><b><strong>&nbsp;RothETC<\/strong><\/b>.&nbsp;P\u0159in\u00e1\u0161\u00edme v\u00e1m tak nejnov\u011bj\u0161\u00ed&nbsp;<b><strong>nanotechnologii<\/strong><\/b>, kter\u00e1<span>&nbsp;<\/span><b><strong>zabra\u0148uje usazov\u00e1n\u00ed ne\u010distot, mastnot a&nbsp;vodn\u00edho kamene<\/strong><\/b>.&nbsp;Tato nanotechnologie zabr\u00e1n\u00ed tvorb\u011b nevzhledn\u00fdch map od vodn\u00edho kamene a&nbsp;vy si tak nemus\u00edte l\u00e1mat hlavu s&nbsp;\u010di\u0161t\u011bn\u00edm.<\/p>\n<table width=\"680\" height=\"483\">\n<tbody>\n<tr>\n<td style=\"width: 332.547px;\"><strong>Barva profil\u016f: brillant<\/strong><\/td>\n<td style=\"width: 331.453px;\"><strong>Barva skla: \u010dir\u00e9<\/strong><\/td>\n<\/tr>\n<tr>\n<td style=\"width: 332.547px;\"><\/td>\n<td style=\"width: 331.453px;\"><\/td>\n<\/tr>\n<\/tbody>\n<\/table>\n<h3 style=\"font-weight: 400;\"><strong>Technick\u00e9 parametry<\/strong><\/h3>\n<div class=\"content_container_max1280px center f90 overflow_hidden line_height_1_4 image_margin_b_8px\">\n<div class=\"box_px width_160px box_with_selection\">\n<div class=\"content_container_max1280px overflow_hidden center line_height_1_4 uppercase\">\n<div class=\"overflow_hidden\">\n<div class=\"box_px width_200px\">\n<div class=\"onmouseover_div_container\">\n<table class=\"table table--features m-b-0\" border=\"1\" width=\"345\" height=\"237\">\n<tbody>\n<tr>\n<td><strong>V\u00fd\u0161ka koutu (h)<\/strong><\/td>\n<td>2015 mm<\/td>\n<\/tr>\n<tr>\n<td><strong>Barva<\/strong><\/td>\n<td>Brillant<\/td>\n<\/tr>\n<tr>\n<td><strong>Typ v\u00fdpln\u011b<\/strong><\/td>\n<td>Transparent<\/td>\n<\/tr>\n<tr>\n<td><strong>P\u016fdorys<\/strong><\/td>\n<td>Dve\u0159e do niky<\/td>\n<\/tr>\n<tr>\n<td><strong>Materi\u00e1l v\u00fdpln\u011b<\/strong><\/td>\n<td>Bezpe\u010dnostn\u00ed sklo<\/td>\n<\/tr>\n<tr>\n<td><strong>Materi\u00e1l profilu<\/strong><\/td>\n<td>Hlin\u00edk<\/td>\n<\/tr>\n<tr>\n<td><strong>Dve\u0159e<\/strong><\/td>\n<td>Otev\u00edrac\u00ed jednod\u00edln\u00e9<\/td>\n<\/tr>\n<tr>\n<td><strong>S\u00edla skla<\/strong><\/td>\n<td>6 mm<\/td>\n<\/tr>\n<tr>\n<td><strong>Povrchov\u00e1 \u00faprava<\/strong><\/td>\n<td>RothETC<\/td>\n<\/tr>\n<tr>\n<td><strong>Typ profilu<\/strong><\/td>\n<td>Brillant<span style=\"font-family: var(--template-font),sans-serif; font-size: 14px;\">&nbsp;<\/span><\/td>\n<\/tr>\n<\/tbody>\n<\/table>\n<\/div>\n<\/div>\n<\/div>\n<\/div>\n<\/div>\n<\/div>\n<p><strong>Upozorn\u011bn\u00ed pro z\u00e1kazn\u00edky ke koupi produkt\u016f na objedn\u00e1n\u00ed:<\/strong><span>&nbsp;Toto zbo\u017e\u00ed nen\u00ed standardn\u00edm s\u00e9riov\u00fdm v\u00fdrobkem. Bude vyrobeno na p\u0159\u00e1n\u00ed z\u00e1kazn\u00edka a proto jej&nbsp;<\/span><strong>nelze dodavateli v z\u00e1konn\u00e9 lh\u016ft\u011b vr\u00e1tit<\/strong><span>. (viz \u00a71837 odst.d, ob\u010dansk\u00e9ho z\u00e1kon\u00edku). V tomto p\u0159\u00edpad\u011b m\u016f\u017eeme po\u017eadovat nevratnou z\u00e1lohu a\u017e do v\u00fd\u0161e 100 % z ceny v\u00fdrobku.<\/span><\/p>\n<\/p><\/div>\n","protected":false},"excerpt":{"rendered":"<p>Detailn\u00ed popis produktu ELEGANT NEO LINE GDO1N+GZN Jednok\u0159\u00eddl\u00e9 sprchov\u00e9 dve\u0159e GDO1N se setem profil\u016f GZN pro instalaci do niky Nejnov\u011bj\u0161\u00ed&nbsp;bezr\u00e1mov\u00e1 \u0159ada ELEGANT NEO&nbsp;se vyzna\u010duje lehkost\u00ed a \u010dist\u00fdm designem, tak\u017ee nech\u00e1v\u00e1 vyniknout vzdu\u0161nosti a eleganci jednotliv\u00fdch produkt\u016f. Opravdu jedine\u010dn\u00e1 je ale hlavn\u011b sv\u00fdm&nbsp;bezkonkuren\u010dn\u00edm rozsahem instala\u010dn\u00edch rozm\u011br\u016f, tak\u017ee se nebudete muset ni\u010d\u00edm omezovat. Pou\u017e\u00edv\u00e1&nbsp;6 mm&nbsp;bezpe\u010dnostn\u00ed sklo&nbsp;s&nbsp;aplikovanou ochrannou [&hellip;]<\/p>\n","protected":false},"featured_media":67592,"comment_status":"open","ping_status":"open","template":"","meta":[],"product_brand":[],"product_cat":[67],"product_tag":[],"class_list":{"0":"post-67492","1":"product","2":"type-product","3":"status-publish","4":"has-post-thumbnail","6":"product_cat-sprchove-kouty","8":"first","9":"instock","10":"sale","11":"shipping-taxable","12":"purchasable","13":"product-type-simple"},"yoast_head":"<!-- This site is optimized with the Yoast SEO plugin v26.8 - https:\/\/yoast.com\/product\/yoast-seo-wordpress\/ -->\n<title>Akce Roth ELEGANT NEO LINE GDO1N+GZN Jednok\u0159\u00eddl\u00e9 sprchov\u00e9 dve\u0159e + set profil\u016f GZN 120 cm GDO1N\/1200_GZN -<\/title>\n<meta name=\"robots\" content=\"index, follow, max-snippet:-1, max-image-preview:large, max-video-preview:-1\" \/>\n<link rel=\"canonical\" href=\"https:\/\/www.domkraftpro.com\/index.php\/produkt\/akce-roth-elegant-neo-line-gdo1n-gzn-jednokridle-sprchove-dvere-set-profilu-gzn-120-cm-gdo1n-1200-gzn-67492\/\" \/>\n<meta property=\"og:locale\" content=\"cs_CZ\" \/>\n<meta property=\"og:type\" content=\"article\" \/>\n<meta property=\"og:title\" content=\"Akce Roth ELEGANT NEO LINE GDO1N+GZN Jednok\u0159\u00eddl\u00e9 sprchov\u00e9 dve\u0159e + set profil\u016f GZN 120 cm GDO1N\/1200_GZN -\" \/>\n<meta property=\"og:description\" content=\"Detailn\u00ed popis produktu ELEGANT NEO LINE GDO1N+GZN Jednok\u0159\u00eddl\u00e9 sprchov\u00e9 dve\u0159e GDO1N se setem profil\u016f GZN pro instalaci do niky Nejnov\u011bj\u0161\u00ed&nbsp;bezr\u00e1mov\u00e1 \u0159ada ELEGANT NEO&nbsp;se vyzna\u010duje lehkost\u00ed a \u010dist\u00fdm designem, tak\u017ee nech\u00e1v\u00e1 vyniknout vzdu\u0161nosti a eleganci jednotliv\u00fdch produkt\u016f. Opravdu jedine\u010dn\u00e1 je ale hlavn\u011b sv\u00fdm&nbsp;bezkonkuren\u010dn\u00edm rozsahem instala\u010dn\u00edch rozm\u011br\u016f, tak\u017ee se nebudete muset ni\u010d\u00edm omezovat. Pou\u017e\u00edv\u00e1&nbsp;6 mm&nbsp;bezpe\u010dnostn\u00ed sklo&nbsp;s&nbsp;aplikovanou ochrannou [&hellip;]\" \/>\n<meta property=\"og:url\" content=\"https:\/\/www.domkraftpro.com\/index.php\/produkt\/akce-roth-elegant-neo-line-gdo1n-gzn-jednokridle-sprchove-dvere-set-profilu-gzn-120-cm-gdo1n-1200-gzn-67492\/\" \/>\n<meta property=\"og:image\" content=\"https:\/\/www.domkraftpro.com\/wp-content\/uploads\/2026\/SK0007811-CZ20260425-093631-0-1777080994-236727_roth-elegant-neo-line-gdo1n-gzn-jednokridle-sprchove.webp\" \/>\n\t<meta property=\"og:image:width\" content=\"1000\" \/>\n\t<meta property=\"og:image:height\" content=\"750\" \/>\n\t<meta property=\"og:image:type\" content=\"image\/webp\" \/>\n<meta name=\"twitter:card\" content=\"summary_large_image\" \/>\n<meta name=\"twitter:label1\" content=\"Odhadovan\u00e1 doba \u010dten\u00ed\" \/>\n\t<meta name=\"twitter:data1\" content=\"5 minut\" \/>\n<script type=\"application\/ld+json\" class=\"yoast-schema-graph\">{\"@context\":\"https:\/\/schema.org\",\"@graph\":[{\"@type\":\"WebPage\",\"@id\":\"https:\/\/www.domkraftpro.com\/index.php\/produkt\/akce-roth-elegant-neo-line-gdo1n-gzn-jednokridle-sprchove-dvere-set-profilu-gzn-120-cm-gdo1n-1200-gzn-67492\/\",\"url\":\"https:\/\/www.domkraftpro.com\/index.php\/produkt\/akce-roth-elegant-neo-line-gdo1n-gzn-jednokridle-sprchove-dvere-set-profilu-gzn-120-cm-gdo1n-1200-gzn-67492\/\",\"name\":\"Akce Roth ELEGANT NEO LINE GDO1N+GZN Jednok\u0159\u00eddl\u00e9 sprchov\u00e9 dve\u0159e + set profil\u016f GZN 120 cm GDO1N\/1200_GZN -\",\"isPartOf\":{\"@id\":\"https:\/\/www.domkraftpro.com\/#website\"},\"primaryImageOfPage\":{\"@id\":\"https:\/\/www.domkraftpro.com\/index.php\/produkt\/akce-roth-elegant-neo-line-gdo1n-gzn-jednokridle-sprchove-dvere-set-profilu-gzn-120-cm-gdo1n-1200-gzn-67492\/#primaryimage\"},\"image\":{\"@id\":\"https:\/\/www.domkraftpro.com\/index.php\/produkt\/akce-roth-elegant-neo-line-gdo1n-gzn-jednokridle-sprchove-dvere-set-profilu-gzn-120-cm-gdo1n-1200-gzn-67492\/#primaryimage\"},\"thumbnailUrl\":\"https:\/\/www.domkraftpro.com\/wp-content\/uploads\/2026\/SK0007811-CZ20260425-093631-0-1777080994-236727_roth-elegant-neo-line-gdo1n-gzn-jednokridle-sprchove.webp\",\"datePublished\":\"2026-04-27T04:43:29+00:00\",\"breadcrumb\":{\"@id\":\"https:\/\/www.domkraftpro.com\/index.php\/produkt\/akce-roth-elegant-neo-line-gdo1n-gzn-jednokridle-sprchove-dvere-set-profilu-gzn-120-cm-gdo1n-1200-gzn-67492\/#breadcrumb\"},\"inLanguage\":\"cs\",\"potentialAction\":[{\"@type\":\"ReadAction\",\"target\":[\"https:\/\/www.domkraftpro.com\/index.php\/produkt\/akce-roth-elegant-neo-line-gdo1n-gzn-jednokridle-sprchove-dvere-set-profilu-gzn-120-cm-gdo1n-1200-gzn-67492\/\"]}]},{\"@type\":\"ImageObject\",\"inLanguage\":\"cs\",\"@id\":\"https:\/\/www.domkraftpro.com\/index.php\/produkt\/akce-roth-elegant-neo-line-gdo1n-gzn-jednokridle-sprchove-dvere-set-profilu-gzn-120-cm-gdo1n-1200-gzn-67492\/#primaryimage\",\"url\":\"https:\/\/www.domkraftpro.com\/wp-content\/uploads\/2026\/SK0007811-CZ20260425-093631-0-1777080994-236727_roth-elegant-neo-line-gdo1n-gzn-jednokridle-sprchove.webp\",\"contentUrl\":\"https:\/\/www.domkraftpro.com\/wp-content\/uploads\/2026\/SK0007811-CZ20260425-093631-0-1777080994-236727_roth-elegant-neo-line-gdo1n-gzn-jednokridle-sprchove.webp\",\"width\":1000,\"height\":750},{\"@type\":\"BreadcrumbList\",\"@id\":\"https:\/\/www.domkraftpro.com\/index.php\/produkt\/akce-roth-elegant-neo-line-gdo1n-gzn-jednokridle-sprchove-dvere-set-profilu-gzn-120-cm-gdo1n-1200-gzn-67492\/#breadcrumb\",\"itemListElement\":[{\"@type\":\"ListItem\",\"position\":1,\"name\":\"Home\",\"item\":\"https:\/\/www.domkraftpro.com\/\"},{\"@type\":\"ListItem\",\"position\":2,\"name\":\"Products\",\"item\":\"https:\/\/www.domkraftpro.com\/index.php\/products\/\"},{\"@type\":\"ListItem\",\"position\":3,\"name\":\"Akce Roth ELEGANT NEO LINE GDO1N+GZN Jednok\u0159\u00eddl\u00e9 sprchov\u00e9 dve\u0159e + set profil\u016f GZN 120 cm GDO1N\/1200_GZN\"}]},{\"@type\":\"WebSite\",\"@id\":\"https:\/\/www.domkraftpro.com\/#website\",\"url\":\"https:\/\/www.domkraftpro.com\/\",\"name\":\"\",\"description\":\"\",\"potentialAction\":[{\"@type\":\"SearchAction\",\"target\":{\"@type\":\"EntryPoint\",\"urlTemplate\":\"https:\/\/www.domkraftpro.com\/?s={search_term_string}\"},\"query-input\":{\"@type\":\"PropertyValueSpecification\",\"valueRequired\":true,\"valueName\":\"search_term_string\"}}],\"inLanguage\":\"cs\"}]}<\/script>\n<!-- \/ Yoast SEO plugin. -->","yoast_head_json":{"title":"Akce Roth ELEGANT NEO LINE GDO1N+GZN Jednok\u0159\u00eddl\u00e9 sprchov\u00e9 dve\u0159e + set profil\u016f GZN 120 cm GDO1N\/1200_GZN -","robots":{"index":"index","follow":"follow","max-snippet":"max-snippet:-1","max-image-preview":"max-image-preview:large","max-video-preview":"max-video-preview:-1"},"canonical":"https:\/\/www.domkraftpro.com\/index.php\/produkt\/akce-roth-elegant-neo-line-gdo1n-gzn-jednokridle-sprchove-dvere-set-profilu-gzn-120-cm-gdo1n-1200-gzn-67492\/","og_locale":"cs_CZ","og_type":"article","og_title":"Akce Roth ELEGANT NEO LINE GDO1N+GZN Jednok\u0159\u00eddl\u00e9 sprchov\u00e9 dve\u0159e + set profil\u016f GZN 120 cm GDO1N\/1200_GZN -","og_description":"Detailn\u00ed popis produktu ELEGANT NEO LINE GDO1N+GZN Jednok\u0159\u00eddl\u00e9 sprchov\u00e9 dve\u0159e GDO1N se setem profil\u016f GZN pro instalaci do niky Nejnov\u011bj\u0161\u00ed&nbsp;bezr\u00e1mov\u00e1 \u0159ada ELEGANT NEO&nbsp;se vyzna\u010duje lehkost\u00ed a \u010dist\u00fdm designem, tak\u017ee nech\u00e1v\u00e1 vyniknout vzdu\u0161nosti a eleganci jednotliv\u00fdch produkt\u016f. Opravdu jedine\u010dn\u00e1 je ale hlavn\u011b sv\u00fdm&nbsp;bezkonkuren\u010dn\u00edm rozsahem instala\u010dn\u00edch rozm\u011br\u016f, tak\u017ee se nebudete muset ni\u010d\u00edm omezovat. Pou\u017e\u00edv\u00e1&nbsp;6 mm&nbsp;bezpe\u010dnostn\u00ed sklo&nbsp;s&nbsp;aplikovanou ochrannou [&hellip;]","og_url":"https:\/\/www.domkraftpro.com\/index.php\/produkt\/akce-roth-elegant-neo-line-gdo1n-gzn-jednokridle-sprchove-dvere-set-profilu-gzn-120-cm-gdo1n-1200-gzn-67492\/","og_image":[{"width":1000,"height":750,"url":"https:\/\/www.domkraftpro.com\/wp-content\/uploads\/2026\/SK0007811-CZ20260425-093631-0-1777080994-236727_roth-elegant-neo-line-gdo1n-gzn-jednokridle-sprchove.webp","type":"image\/webp"}],"twitter_card":"summary_large_image","twitter_misc":{"Odhadovan\u00e1 doba \u010dten\u00ed":"5 minut"},"schema":{"@context":"https:\/\/schema.org","@graph":[{"@type":"WebPage","@id":"https:\/\/www.domkraftpro.com\/index.php\/produkt\/akce-roth-elegant-neo-line-gdo1n-gzn-jednokridle-sprchove-dvere-set-profilu-gzn-120-cm-gdo1n-1200-gzn-67492\/","url":"https:\/\/www.domkraftpro.com\/index.php\/produkt\/akce-roth-elegant-neo-line-gdo1n-gzn-jednokridle-sprchove-dvere-set-profilu-gzn-120-cm-gdo1n-1200-gzn-67492\/","name":"Akce Roth ELEGANT NEO LINE GDO1N+GZN Jednok\u0159\u00eddl\u00e9 sprchov\u00e9 dve\u0159e + set profil\u016f GZN 120 cm GDO1N\/1200_GZN -","isPartOf":{"@id":"https:\/\/www.domkraftpro.com\/#website"},"primaryImageOfPage":{"@id":"https:\/\/www.domkraftpro.com\/index.php\/produkt\/akce-roth-elegant-neo-line-gdo1n-gzn-jednokridle-sprchove-dvere-set-profilu-gzn-120-cm-gdo1n-1200-gzn-67492\/#primaryimage"},"image":{"@id":"https:\/\/www.domkraftpro.com\/index.php\/produkt\/akce-roth-elegant-neo-line-gdo1n-gzn-jednokridle-sprchove-dvere-set-profilu-gzn-120-cm-gdo1n-1200-gzn-67492\/#primaryimage"},"thumbnailUrl":"https:\/\/www.domkraftpro.com\/wp-content\/uploads\/2026\/SK0007811-CZ20260425-093631-0-1777080994-236727_roth-elegant-neo-line-gdo1n-gzn-jednokridle-sprchove.webp","datePublished":"2026-04-27T04:43:29+00:00","breadcrumb":{"@id":"https:\/\/www.domkraftpro.com\/index.php\/produkt\/akce-roth-elegant-neo-line-gdo1n-gzn-jednokridle-sprchove-dvere-set-profilu-gzn-120-cm-gdo1n-1200-gzn-67492\/#breadcrumb"},"inLanguage":"cs","potentialAction":[{"@type":"ReadAction","target":["https:\/\/www.domkraftpro.com\/index.php\/produkt\/akce-roth-elegant-neo-line-gdo1n-gzn-jednokridle-sprchove-dvere-set-profilu-gzn-120-cm-gdo1n-1200-gzn-67492\/"]}]},{"@type":"ImageObject","inLanguage":"cs","@id":"https:\/\/www.domkraftpro.com\/index.php\/produkt\/akce-roth-elegant-neo-line-gdo1n-gzn-jednokridle-sprchove-dvere-set-profilu-gzn-120-cm-gdo1n-1200-gzn-67492\/#primaryimage","url":"https:\/\/www.domkraftpro.com\/wp-content\/uploads\/2026\/SK0007811-CZ20260425-093631-0-1777080994-236727_roth-elegant-neo-line-gdo1n-gzn-jednokridle-sprchove.webp","contentUrl":"https:\/\/www.domkraftpro.com\/wp-content\/uploads\/2026\/SK0007811-CZ20260425-093631-0-1777080994-236727_roth-elegant-neo-line-gdo1n-gzn-jednokridle-sprchove.webp","width":1000,"height":750},{"@type":"BreadcrumbList","@id":"https:\/\/www.domkraftpro.com\/index.php\/produkt\/akce-roth-elegant-neo-line-gdo1n-gzn-jednokridle-sprchove-dvere-set-profilu-gzn-120-cm-gdo1n-1200-gzn-67492\/#breadcrumb","itemListElement":[{"@type":"ListItem","position":1,"name":"Home","item":"https:\/\/www.domkraftpro.com\/"},{"@type":"ListItem","position":2,"name":"Products","item":"https:\/\/www.domkraftpro.com\/index.php\/products\/"},{"@type":"ListItem","position":3,"name":"Akce Roth ELEGANT NEO LINE GDO1N+GZN Jednok\u0159\u00eddl\u00e9 sprchov\u00e9 dve\u0159e + set profil\u016f GZN 120 cm GDO1N\/1200_GZN"}]},{"@type":"WebSite","@id":"https:\/\/www.domkraftpro.com\/#website","url":"https:\/\/www.domkraftpro.com\/","name":"","description":"","potentialAction":[{"@type":"SearchAction","target":{"@type":"EntryPoint","urlTemplate":"https:\/\/www.domkraftpro.com\/?s={search_term_string}"},"query-input":{"@type":"PropertyValueSpecification","valueRequired":true,"valueName":"search_term_string"}}],"inLanguage":"cs"}]}},"_links":{"self":[{"href":"https:\/\/www.domkraftpro.com\/index.php\/wp-json\/wp\/v2\/product\/67492","targetHints":{"allow":["GET"]}}],"collection":[{"href":"https:\/\/www.domkraftpro.com\/index.php\/wp-json\/wp\/v2\/product"}],"about":[{"href":"https:\/\/www.domkraftpro.com\/index.php\/wp-json\/wp\/v2\/types\/product"}],"replies":[{"embeddable":true,"href":"https:\/\/www.domkraftpro.com\/index.php\/wp-json\/wp\/v2\/comments?post=67492"}],"wp:featuredmedia":[{"embeddable":true,"href":"https:\/\/www.domkraftpro.com\/index.php\/wp-json\/wp\/v2\/media\/67592"}],"wp:attachment":[{"href":"https:\/\/www.domkraftpro.com\/index.php\/wp-json\/wp\/v2\/media?parent=67492"}],"wp:term":[{"taxonomy":"product_brand","embeddable":true,"href":"https:\/\/www.domkraftpro.com\/index.php\/wp-json\/wp\/v2\/product_brand?post=67492"},{"taxonomy":"product_cat","embeddable":true,"href":"https:\/\/www.domkraftpro.com\/index.php\/wp-json\/wp\/v2\/product_cat?post=67492"},{"taxonomy":"product_tag","embeddable":true,"href":"https:\/\/www.domkraftpro.com\/index.php\/wp-json\/wp\/v2\/product_tag?post=67492"}],"curies":[{"name":"wp","href":"https:\/\/api.w.org\/{rel}","templated":true}]}}