{"id":6741,"date":"2026-04-27T04:40:37","date_gmt":"2026-04-27T04:40:37","guid":{"rendered":""},"modified":"2026-04-27T04:40:37","modified_gmt":"2026-04-27T04:40:37","slug":"specialni-cena-di-spachtle-perforovana-100mm-eu-6741","status":"publish","type":"product","link":"https:\/\/www.domkraftpro.com\/index.php\/produkt\/specialni-cena-di-spachtle-perforovana-100mm-eu-6741\/","title":{"rendered":"Speci\u00e1ln\u00ed Cena DI \u0161pachtle perforovan\u00e1 100mm EU"},"content":{"rendered":"<p>DI \u0161pachtle perforovan\u00e1 100mm EU<\/p>\n","protected":false},"excerpt":{"rendered":"<p>DI \u0161pachtle perforovan\u00e1 100mm EU<\/p>\n","protected":false},"featured_media":6841,"comment_status":"open","ping_status":"open","template":"","meta":[],"product_brand":[],"product_cat":[52],"product_tag":[],"class_list":{"0":"post-6741","1":"product","2":"type-product","3":"status-publish","4":"has-post-thumbnail","6":"product_cat-naradi","8":"first","9":"instock","10":"sale","11":"shipping-taxable","12":"purchasable","13":"product-type-simple"},"yoast_head":"<!-- This site is optimized with the Yoast SEO plugin v26.8 - https:\/\/yoast.com\/product\/yoast-seo-wordpress\/ -->\n<title>Speci\u00e1ln\u00ed Cena DI \u0161pachtle perforovan\u00e1 100mm EU -<\/title>\n<meta name=\"robots\" content=\"index, follow, max-snippet:-1, max-image-preview:large, max-video-preview:-1\" \/>\n<link rel=\"canonical\" href=\"https:\/\/www.domkraftpro.com\/index.php\/produkt\/specialni-cena-di-spachtle-perforovana-100mm-eu-6741\/\" \/>\n<meta property=\"og:locale\" content=\"cs_CZ\" \/>\n<meta property=\"og:type\" content=\"article\" \/>\n<meta property=\"og:title\" content=\"Speci\u00e1ln\u00ed Cena DI \u0161pachtle perforovan\u00e1 100mm EU -\" \/>\n<meta property=\"og:description\" content=\"DI \u0161pachtle perforovan\u00e1 100mm EU\" \/>\n<meta property=\"og:url\" content=\"https:\/\/www.domkraftpro.com\/index.php\/produkt\/specialni-cena-di-spachtle-perforovana-100mm-eu-6741\/\" \/>\n<meta property=\"og:image\" content=\"https:\/\/www.domkraftpro.com\/wp-content\/uploads\/2026\/SK0007579-CZ20260425-092044-0-1777080044-990810-Spachtle-perforovana-40-100-mm-EU.webp\" \/>\n\t<meta property=\"og:image:width\" content=\"750\" \/>\n\t<meta property=\"og:image:height\" content=\"502\" \/>\n\t<meta property=\"og:image:type\" content=\"image\/webp\" \/>\n<meta name=\"twitter:card\" content=\"summary_large_image\" \/>\n<script type=\"application\/ld+json\" class=\"yoast-schema-graph\">{\"@context\":\"https:\/\/schema.org\",\"@graph\":[{\"@type\":\"WebPage\",\"@id\":\"https:\/\/www.domkraftpro.com\/index.php\/produkt\/specialni-cena-di-spachtle-perforovana-100mm-eu-6741\/\",\"url\":\"https:\/\/www.domkraftpro.com\/index.php\/produkt\/specialni-cena-di-spachtle-perforovana-100mm-eu-6741\/\",\"name\":\"Speci\u00e1ln\u00ed Cena DI \u0161pachtle perforovan\u00e1 100mm EU -\",\"isPartOf\":{\"@id\":\"https:\/\/www.domkraftpro.com\/#website\"},\"primaryImageOfPage\":{\"@id\":\"https:\/\/www.domkraftpro.com\/index.php\/produkt\/specialni-cena-di-spachtle-perforovana-100mm-eu-6741\/#primaryimage\"},\"image\":{\"@id\":\"https:\/\/www.domkraftpro.com\/index.php\/produkt\/specialni-cena-di-spachtle-perforovana-100mm-eu-6741\/#primaryimage\"},\"thumbnailUrl\":\"https:\/\/www.domkraftpro.com\/wp-content\/uploads\/2026\/SK0007579-CZ20260425-092044-0-1777080044-990810-Spachtle-perforovana-40-100-mm-EU.webp\",\"datePublished\":\"2026-04-27T04:40:37+00:00\",\"breadcrumb\":{\"@id\":\"https:\/\/www.domkraftpro.com\/index.php\/produkt\/specialni-cena-di-spachtle-perforovana-100mm-eu-6741\/#breadcrumb\"},\"inLanguage\":\"cs\",\"potentialAction\":[{\"@type\":\"ReadAction\",\"target\":[\"https:\/\/www.domkraftpro.com\/index.php\/produkt\/specialni-cena-di-spachtle-perforovana-100mm-eu-6741\/\"]}]},{\"@type\":\"ImageObject\",\"inLanguage\":\"cs\",\"@id\":\"https:\/\/www.domkraftpro.com\/index.php\/produkt\/specialni-cena-di-spachtle-perforovana-100mm-eu-6741\/#primaryimage\",\"url\":\"https:\/\/www.domkraftpro.com\/wp-content\/uploads\/2026\/SK0007579-CZ20260425-092044-0-1777080044-990810-Spachtle-perforovana-40-100-mm-EU.webp\",\"contentUrl\":\"https:\/\/www.domkraftpro.com\/wp-content\/uploads\/2026\/SK0007579-CZ20260425-092044-0-1777080044-990810-Spachtle-perforovana-40-100-mm-EU.webp\",\"width\":750,\"height\":502},{\"@type\":\"BreadcrumbList\",\"@id\":\"https:\/\/www.domkraftpro.com\/index.php\/produkt\/specialni-cena-di-spachtle-perforovana-100mm-eu-6741\/#breadcrumb\",\"itemListElement\":[{\"@type\":\"ListItem\",\"position\":1,\"name\":\"Home\",\"item\":\"https:\/\/www.domkraftpro.com\/\"},{\"@type\":\"ListItem\",\"position\":2,\"name\":\"Products\",\"item\":\"https:\/\/www.domkraftpro.com\/index.php\/products\/\"},{\"@type\":\"ListItem\",\"position\":3,\"name\":\"Speci\u00e1ln\u00ed Cena DI \u0161pachtle perforovan\u00e1 100mm EU\"}]},{\"@type\":\"WebSite\",\"@id\":\"https:\/\/www.domkraftpro.com\/#website\",\"url\":\"https:\/\/www.domkraftpro.com\/\",\"name\":\"\",\"description\":\"\",\"potentialAction\":[{\"@type\":\"SearchAction\",\"target\":{\"@type\":\"EntryPoint\",\"urlTemplate\":\"https:\/\/www.domkraftpro.com\/?s={search_term_string}\"},\"query-input\":{\"@type\":\"PropertyValueSpecification\",\"valueRequired\":true,\"valueName\":\"search_term_string\"}}],\"inLanguage\":\"cs\"}]}<\/script>\n<!-- \/ Yoast SEO plugin. -->","yoast_head_json":{"title":"Speci\u00e1ln\u00ed Cena DI \u0161pachtle perforovan\u00e1 100mm EU -","robots":{"index":"index","follow":"follow","max-snippet":"max-snippet:-1","max-image-preview":"max-image-preview:large","max-video-preview":"max-video-preview:-1"},"canonical":"https:\/\/www.domkraftpro.com\/index.php\/produkt\/specialni-cena-di-spachtle-perforovana-100mm-eu-6741\/","og_locale":"cs_CZ","og_type":"article","og_title":"Speci\u00e1ln\u00ed Cena DI \u0161pachtle perforovan\u00e1 100mm EU -","og_description":"DI \u0161pachtle perforovan\u00e1 100mm EU","og_url":"https:\/\/www.domkraftpro.com\/index.php\/produkt\/specialni-cena-di-spachtle-perforovana-100mm-eu-6741\/","og_image":[{"width":750,"height":502,"url":"https:\/\/www.domkraftpro.com\/wp-content\/uploads\/2026\/SK0007579-CZ20260425-092044-0-1777080044-990810-Spachtle-perforovana-40-100-mm-EU.webp","type":"image\/webp"}],"twitter_card":"summary_large_image","schema":{"@context":"https:\/\/schema.org","@graph":[{"@type":"WebPage","@id":"https:\/\/www.domkraftpro.com\/index.php\/produkt\/specialni-cena-di-spachtle-perforovana-100mm-eu-6741\/","url":"https:\/\/www.domkraftpro.com\/index.php\/produkt\/specialni-cena-di-spachtle-perforovana-100mm-eu-6741\/","name":"Speci\u00e1ln\u00ed Cena DI \u0161pachtle perforovan\u00e1 100mm EU -","isPartOf":{"@id":"https:\/\/www.domkraftpro.com\/#website"},"primaryImageOfPage":{"@id":"https:\/\/www.domkraftpro.com\/index.php\/produkt\/specialni-cena-di-spachtle-perforovana-100mm-eu-6741\/#primaryimage"},"image":{"@id":"https:\/\/www.domkraftpro.com\/index.php\/produkt\/specialni-cena-di-spachtle-perforovana-100mm-eu-6741\/#primaryimage"},"thumbnailUrl":"https:\/\/www.domkraftpro.com\/wp-content\/uploads\/2026\/SK0007579-CZ20260425-092044-0-1777080044-990810-Spachtle-perforovana-40-100-mm-EU.webp","datePublished":"2026-04-27T04:40:37+00:00","breadcrumb":{"@id":"https:\/\/www.domkraftpro.com\/index.php\/produkt\/specialni-cena-di-spachtle-perforovana-100mm-eu-6741\/#breadcrumb"},"inLanguage":"cs","potentialAction":[{"@type":"ReadAction","target":["https:\/\/www.domkraftpro.com\/index.php\/produkt\/specialni-cena-di-spachtle-perforovana-100mm-eu-6741\/"]}]},{"@type":"ImageObject","inLanguage":"cs","@id":"https:\/\/www.domkraftpro.com\/index.php\/produkt\/specialni-cena-di-spachtle-perforovana-100mm-eu-6741\/#primaryimage","url":"https:\/\/www.domkraftpro.com\/wp-content\/uploads\/2026\/SK0007579-CZ20260425-092044-0-1777080044-990810-Spachtle-perforovana-40-100-mm-EU.webp","contentUrl":"https:\/\/www.domkraftpro.com\/wp-content\/uploads\/2026\/SK0007579-CZ20260425-092044-0-1777080044-990810-Spachtle-perforovana-40-100-mm-EU.webp","width":750,"height":502},{"@type":"BreadcrumbList","@id":"https:\/\/www.domkraftpro.com\/index.php\/produkt\/specialni-cena-di-spachtle-perforovana-100mm-eu-6741\/#breadcrumb","itemListElement":[{"@type":"ListItem","position":1,"name":"Home","item":"https:\/\/www.domkraftpro.com\/"},{"@type":"ListItem","position":2,"name":"Products","item":"https:\/\/www.domkraftpro.com\/index.php\/products\/"},{"@type":"ListItem","position":3,"name":"Speci\u00e1ln\u00ed Cena DI \u0161pachtle perforovan\u00e1 100mm EU"}]},{"@type":"WebSite","@id":"https:\/\/www.domkraftpro.com\/#website","url":"https:\/\/www.domkraftpro.com\/","name":"","description":"","potentialAction":[{"@type":"SearchAction","target":{"@type":"EntryPoint","urlTemplate":"https:\/\/www.domkraftpro.com\/?s={search_term_string}"},"query-input":{"@type":"PropertyValueSpecification","valueRequired":true,"valueName":"search_term_string"}}],"inLanguage":"cs"}]}},"_links":{"self":[{"href":"https:\/\/www.domkraftpro.com\/index.php\/wp-json\/wp\/v2\/product\/6741","targetHints":{"allow":["GET"]}}],"collection":[{"href":"https:\/\/www.domkraftpro.com\/index.php\/wp-json\/wp\/v2\/product"}],"about":[{"href":"https:\/\/www.domkraftpro.com\/index.php\/wp-json\/wp\/v2\/types\/product"}],"replies":[{"embeddable":true,"href":"https:\/\/www.domkraftpro.com\/index.php\/wp-json\/wp\/v2\/comments?post=6741"}],"wp:featuredmedia":[{"embeddable":true,"href":"https:\/\/www.domkraftpro.com\/index.php\/wp-json\/wp\/v2\/media\/6841"}],"wp:attachment":[{"href":"https:\/\/www.domkraftpro.com\/index.php\/wp-json\/wp\/v2\/media?parent=6741"}],"wp:term":[{"taxonomy":"product_brand","embeddable":true,"href":"https:\/\/www.domkraftpro.com\/index.php\/wp-json\/wp\/v2\/product_brand?post=6741"},{"taxonomy":"product_cat","embeddable":true,"href":"https:\/\/www.domkraftpro.com\/index.php\/wp-json\/wp\/v2\/product_cat?post=6741"},{"taxonomy":"product_tag","embeddable":true,"href":"https:\/\/www.domkraftpro.com\/index.php\/wp-json\/wp\/v2\/product_tag?post=6741"}],"curies":[{"name":"wp","href":"https:\/\/api.w.org\/{rel}","templated":true}]}}