{"id":67378,"date":"2026-04-27T04:43:28","date_gmt":"2026-04-27T04:43:28","guid":{"rendered":""},"modified":"2026-04-27T04:43:28","modified_gmt":"2026-04-27T04:43:28","slug":"akce-roth-viki-lux-sprchova-vanicka-ctvrtkruhova-hluboka-80x80-cm-8000047-67378","status":"publish","type":"product","link":"https:\/\/www.domkraftpro.com\/index.php\/produkt\/akce-roth-viki-lux-sprchova-vanicka-ctvrtkruhova-hluboka-80x80-cm-8000047-67378\/","title":{"rendered":"Akce Roth Viki Lux, Sprchov\u00e1 vani\u010dka \u010dtvrtkruhov\u00e1 hlubok\u00e1 80&#215;80 cm 8000047"},"content":{"rendered":"<div class=\"basic-description\">\n<h3>Detailn\u00ed popis produktu<\/h3>\n<p><strong>Hlubok\u00e1 \u010dtvrtkruhov\u00e1 sprchov\u00e1 vani\u010dka VIKI LUX<\/strong>&nbsp;je dal\u0161\u00edm z&nbsp;mnoha produkt\u016f obl\u00edben\u00e9 s\u00e9rie PROJECT. Tuto vani\u010dku, stejn\u011b jako celou s\u00e9rii PROJECT, charakterizuje<span>&nbsp;<\/span><strong>skv\u011bl\u00fd pom\u011br<\/strong><span>&nbsp;<\/span>ceny a&nbsp;kvality.&nbsp;Vani\u010dka je<span>&nbsp;<\/span><strong>v\u00e1s oslov\u00ed<\/strong><span>&nbsp;<\/span>nejen d\u00edky tomuto aspektu.<\/p>\n<h2>Hlubok\u00e1 vani\u010dka? Zna\u010dn\u00e1 v\u00fdhoda!<\/h2>\n<p>Hlubok\u00e9 vani\u010dky nab\u00edz\u00ed rozmanit\u00e9 a&nbsp;z\u00e1rove\u0148<span>&nbsp;<\/span><strong>praktick\u00e9 vyu\u017eit\u00ed<\/strong>, kter\u00e9 ocen\u00ed ka\u017ed\u00fd, kdo doma nem\u00e1 klasickou vanu. M\u016f\u017eete v&nbsp;n\u00ed<span>&nbsp;<\/span><strong>p\u0159eprat<\/strong><span>&nbsp;<\/span>p\u00e1r kousk\u016f pr\u00e1dla nebo si ud\u011blat pohodlnou dom\u00e1c\u00ed<span>&nbsp;<\/span><strong>pedik\u00faru<\/strong>.&nbsp;Hlubokou vani\u010dku ocen\u00edte d\u00edky tomu, \u017ee v&nbsp;n\u00ed<span>&nbsp;<\/span><strong>dob\u0159e<\/strong><span>&nbsp;<\/span><strong>vykoupete<\/strong><span>&nbsp;<\/span>t\u0159eba mal\u00e9 d\u011bti nebo tak\u00e9 dom\u00e1c\u00ed mazl\u00ed\u010dky. Hloubka vani\u010dky \u010din\u00ed<span>&nbsp;<\/span><strong>480 mm<\/strong><span>&nbsp;<\/span>a&nbsp;pr\u00e1v\u011b d\u00edky tomu je natolik vhodn\u00e1 k&nbsp;ji\u017e zm\u00edn\u011bn\u00fdch \u010dinnostem. V\u011bt\u0161\u00edmu pohodl\u00ed p\u0159i t\u011bchto, a&nbsp;mnoha jin\u00fdch, \u00fakonech napom\u00e1h\u00e1<span>&nbsp;<\/span><strong>integrovan\u00e1 sedac\u00ed plocha<\/strong>.<\/p>\n<p>Na sprchovou vani\u010dku VIKI LUX poskytujeme<span>&nbsp;<\/span><strong>standardn\u00ed z\u00e1ruku 2&nbsp;roky.<\/strong><\/p>\n<h2>Technologie Greensir pro v\u011bt\u0161\u00ed odolnost<\/h2>\n<p>Co je<span>&nbsp;<\/span><strong>GREENSIR?<\/strong><span>&nbsp;<\/span>Jedn\u00e1 se o&nbsp;<strong>vn\u011bj\u0161\u00ed laminaci<\/strong><span>&nbsp;<\/span>provedenou speci\u00e1ln\u00edm zpev\u0148ovac\u00edm n\u00e1st\u0159ikem, kter\u00fd je<span>&nbsp;<\/span><strong>zdravotn\u011b nez\u00e1vadn\u00fd<\/strong>.&nbsp;<span>D\u00edky tomu m\u00e1 vani\u010dka&nbsp;<strong>velmi dlouhou \u017eivotnost<\/strong>&nbsp;a&nbsp;hodn\u011b toho vydr\u017e\u00ed &#8211;&nbsp;nap\u0159\u00edklad i&nbsp;\u010di\u0161t\u011bn\u00ed.&nbsp;<\/span><span>A&nbsp;jak to vlastn\u011b funguje? \u010ct\u011bte d\u00e1l!<\/span><\/p>\n<p>Dno akryl\u00e1tov\u00e9 vani\u010dky se nejprve z&nbsp;vn\u011bj\u0161\u00ed strany osad\u00ed<strong><span>&nbsp;<\/span>tvrzen\u00fdm polystyrenem<span>&nbsp;<\/span><\/strong>nebo<strong><span>&nbsp;<\/span>d\u0159evem<\/strong>, a&nbsp;n\u00e1sledn\u011b se na oblepenou vani\u010dku<span>&nbsp;<\/span><strong>n\u00e1st\u0159ikem<span>&nbsp;<\/span><\/strong>nanese hmota GREENSIR.&nbsp;Pt\u00e1te se, z&nbsp;\u010deho se tato hmota skl\u00e1d\u00e1? Dalo by se \u0159\u00edci, \u017ee GREENSIR je ekologick\u00e1 technologie, jeliko\u017e se vyr\u00e1b\u00ed z&nbsp;r\u016fzn\u00fdch od\u0159ezk\u016f a&nbsp;dal\u0161\u00edch slo\u017eek, tud\u00ed\u017e vlastn\u011b<span>&nbsp;<\/span><strong>zpracov\u00e1v\u00e1me vznikl\u00fd odpad<\/strong>.&nbsp;Po nanesen\u00ed se hmota nech\u00e1 zaschnout a&nbsp;na spodu vani\u010dky tak vznik\u00e1<span>&nbsp;<\/span><strong>tvrd\u00e1 zelen\u00e1 hmota<\/strong>, je\u017e zaji\u0161\u0165uje onu<span>&nbsp;<\/span><strong>vysokou odolnost<\/strong>.&nbsp;Vyztu\u017een\u00ed pomoc\u00ed GREENSIR umo\u017e\u0148uje um\u00edst\u011bn\u00ed vani\u010dky<span>&nbsp;<\/span><strong>bez nutnosti podezd\u011bn\u00ed.<\/strong><\/p>\n<h2>Nezapome\u0148te!<\/h2>\n<p>K&nbsp;instalaci sprchov\u00e9 vani\u010dky vyu\u017eijete&nbsp;<strong>p\u0159ilo\u017een\u00e9&nbsp;vani\u010dkov\u00e9 no\u017ei\u010dky&nbsp;a odn\u00edmateln\u00fd \u010deln\u00ed kryc\u00ed panel.<\/strong><\/p>\n<p><strong>Nezapome\u0148te<\/strong><span>&nbsp;<\/span><strong>na&nbsp;sifon<\/strong>, kter\u00fd nen\u00ed sou\u010d\u00e1st\u00ed sprchov\u00e9 vani\u010dky. K&nbsp;t\u00e9to vani\u010dce objedn\u00e1vejte sifony<span>&nbsp;<\/span><strong>o&nbsp;pr\u016fm\u011bru 50\/60 mm<\/strong>.<\/p>\n<p><strong>Upozorn\u011bn\u00ed pro z\u00e1kazn\u00edky ke koupi produkt\u016f na objedn\u00e1n\u00ed:<\/strong><span>&nbsp;Toto zbo\u017e\u00ed nen\u00ed standardn\u00edm s\u00e9riov\u00fdm v\u00fdrobkem. Bude vyrobeno na p\u0159\u00e1n\u00ed z\u00e1kazn\u00edka a proto jej&nbsp;<\/span><strong>nelze dodavateli v z\u00e1konn\u00e9 lh\u016ft\u011b vr\u00e1tit<\/strong><span>. (viz \u00a71837 odst.d, ob\u010dansk\u00e9ho z\u00e1kon\u00edku). V tomto p\u0159\u00edpad\u011b m\u016f\u017eeme po\u017eadovat nevratnou z\u00e1lohu a\u017e do v\u00fd\u0161e 100 % z ceny v\u00fdrobku.<\/span><\/p>\n<\/p><\/div>\n","protected":false},"excerpt":{"rendered":"<p>Detailn\u00ed popis produktu Hlubok\u00e1 \u010dtvrtkruhov\u00e1 sprchov\u00e1 vani\u010dka VIKI LUX&nbsp;je dal\u0161\u00edm z&nbsp;mnoha produkt\u016f obl\u00edben\u00e9 s\u00e9rie PROJECT. Tuto vani\u010dku, stejn\u011b jako celou s\u00e9rii PROJECT, charakterizuje&nbsp;skv\u011bl\u00fd pom\u011br&nbsp;ceny a&nbsp;kvality.&nbsp;Vani\u010dka je&nbsp;v\u00e1s oslov\u00ed&nbsp;nejen d\u00edky tomuto aspektu. Hlubok\u00e1 vani\u010dka? Zna\u010dn\u00e1 v\u00fdhoda! Hlubok\u00e9 vani\u010dky nab\u00edz\u00ed rozmanit\u00e9 a&nbsp;z\u00e1rove\u0148&nbsp;praktick\u00e9 vyu\u017eit\u00ed, kter\u00e9 ocen\u00ed ka\u017ed\u00fd, kdo doma nem\u00e1 klasickou vanu. M\u016f\u017eete v&nbsp;n\u00ed&nbsp;p\u0159eprat&nbsp;p\u00e1r kousk\u016f pr\u00e1dla nebo si ud\u011blat [&hellip;]<\/p>\n","protected":false},"featured_media":67478,"comment_status":"open","ping_status":"open","template":"","meta":[],"product_brand":[],"product_cat":[67],"product_tag":[],"class_list":{"0":"post-67378","1":"product","2":"type-product","3":"status-publish","4":"has-post-thumbnail","6":"product_cat-sprchove-kouty","8":"first","9":"instock","10":"sale","11":"shipping-taxable","12":"purchasable","13":"product-type-simple"},"yoast_head":"<!-- This site is optimized with the Yoast SEO plugin v26.8 - https:\/\/yoast.com\/product\/yoast-seo-wordpress\/ -->\n<title>Akce Roth Viki Lux, Sprchov\u00e1 vani\u010dka \u010dtvrtkruhov\u00e1 hlubok\u00e1 80x80 cm 8000047 -<\/title>\n<meta name=\"robots\" content=\"index, follow, max-snippet:-1, max-image-preview:large, max-video-preview:-1\" \/>\n<link rel=\"canonical\" href=\"https:\/\/www.domkraftpro.com\/index.php\/produkt\/akce-roth-viki-lux-sprchova-vanicka-ctvrtkruhova-hluboka-80x80-cm-8000047-67378\/\" \/>\n<meta property=\"og:locale\" content=\"cs_CZ\" \/>\n<meta property=\"og:type\" content=\"article\" \/>\n<meta property=\"og:title\" content=\"Akce Roth Viki Lux, Sprchov\u00e1 vani\u010dka \u010dtvrtkruhov\u00e1 hlubok\u00e1 80x80 cm 8000047 -\" \/>\n<meta property=\"og:description\" content=\"Detailn\u00ed popis produktu Hlubok\u00e1 \u010dtvrtkruhov\u00e1 sprchov\u00e1 vani\u010dka VIKI LUX&nbsp;je dal\u0161\u00edm z&nbsp;mnoha produkt\u016f obl\u00edben\u00e9 s\u00e9rie PROJECT. Tuto vani\u010dku, stejn\u011b jako celou s\u00e9rii PROJECT, charakterizuje&nbsp;skv\u011bl\u00fd pom\u011br&nbsp;ceny a&nbsp;kvality.&nbsp;Vani\u010dka je&nbsp;v\u00e1s oslov\u00ed&nbsp;nejen d\u00edky tomuto aspektu. Hlubok\u00e1 vani\u010dka? Zna\u010dn\u00e1 v\u00fdhoda! Hlubok\u00e9 vani\u010dky nab\u00edz\u00ed rozmanit\u00e9 a&nbsp;z\u00e1rove\u0148&nbsp;praktick\u00e9 vyu\u017eit\u00ed, kter\u00e9 ocen\u00ed ka\u017ed\u00fd, kdo doma nem\u00e1 klasickou vanu. M\u016f\u017eete v&nbsp;n\u00ed&nbsp;p\u0159eprat&nbsp;p\u00e1r kousk\u016f pr\u00e1dla nebo si ud\u011blat [&hellip;]\" \/>\n<meta property=\"og:url\" content=\"https:\/\/www.domkraftpro.com\/index.php\/produkt\/akce-roth-viki-lux-sprchova-vanicka-ctvrtkruhova-hluboka-80x80-cm-8000047-67378\/\" \/>\n<meta property=\"og:image\" content=\"https:\/\/www.domkraftpro.com\/wp-content\/uploads\/2026\/SK0007778-CZ20260425-093631-0-1777080994-236484_filename-541-l.webp\" \/>\n\t<meta property=\"og:image:width\" content=\"1000\" \/>\n\t<meta property=\"og:image:height\" content=\"750\" \/>\n\t<meta property=\"og:image:type\" content=\"image\/webp\" \/>\n<meta name=\"twitter:card\" content=\"summary_large_image\" \/>\n<meta name=\"twitter:label1\" content=\"Odhadovan\u00e1 doba \u010dten\u00ed\" \/>\n\t<meta name=\"twitter:data1\" content=\"3 minuty\" \/>\n<script type=\"application\/ld+json\" class=\"yoast-schema-graph\">{\"@context\":\"https:\/\/schema.org\",\"@graph\":[{\"@type\":\"WebPage\",\"@id\":\"https:\/\/www.domkraftpro.com\/index.php\/produkt\/akce-roth-viki-lux-sprchova-vanicka-ctvrtkruhova-hluboka-80x80-cm-8000047-67378\/\",\"url\":\"https:\/\/www.domkraftpro.com\/index.php\/produkt\/akce-roth-viki-lux-sprchova-vanicka-ctvrtkruhova-hluboka-80x80-cm-8000047-67378\/\",\"name\":\"Akce Roth Viki Lux, Sprchov\u00e1 vani\u010dka \u010dtvrtkruhov\u00e1 hlubok\u00e1 80x80 cm 8000047 -\",\"isPartOf\":{\"@id\":\"https:\/\/www.domkraftpro.com\/#website\"},\"primaryImageOfPage\":{\"@id\":\"https:\/\/www.domkraftpro.com\/index.php\/produkt\/akce-roth-viki-lux-sprchova-vanicka-ctvrtkruhova-hluboka-80x80-cm-8000047-67378\/#primaryimage\"},\"image\":{\"@id\":\"https:\/\/www.domkraftpro.com\/index.php\/produkt\/akce-roth-viki-lux-sprchova-vanicka-ctvrtkruhova-hluboka-80x80-cm-8000047-67378\/#primaryimage\"},\"thumbnailUrl\":\"https:\/\/www.domkraftpro.com\/wp-content\/uploads\/2026\/SK0007778-CZ20260425-093631-0-1777080994-236484_filename-541-l.webp\",\"datePublished\":\"2026-04-27T04:43:28+00:00\",\"breadcrumb\":{\"@id\":\"https:\/\/www.domkraftpro.com\/index.php\/produkt\/akce-roth-viki-lux-sprchova-vanicka-ctvrtkruhova-hluboka-80x80-cm-8000047-67378\/#breadcrumb\"},\"inLanguage\":\"cs\",\"potentialAction\":[{\"@type\":\"ReadAction\",\"target\":[\"https:\/\/www.domkraftpro.com\/index.php\/produkt\/akce-roth-viki-lux-sprchova-vanicka-ctvrtkruhova-hluboka-80x80-cm-8000047-67378\/\"]}]},{\"@type\":\"ImageObject\",\"inLanguage\":\"cs\",\"@id\":\"https:\/\/www.domkraftpro.com\/index.php\/produkt\/akce-roth-viki-lux-sprchova-vanicka-ctvrtkruhova-hluboka-80x80-cm-8000047-67378\/#primaryimage\",\"url\":\"https:\/\/www.domkraftpro.com\/wp-content\/uploads\/2026\/SK0007778-CZ20260425-093631-0-1777080994-236484_filename-541-l.webp\",\"contentUrl\":\"https:\/\/www.domkraftpro.com\/wp-content\/uploads\/2026\/SK0007778-CZ20260425-093631-0-1777080994-236484_filename-541-l.webp\",\"width\":1000,\"height\":750},{\"@type\":\"BreadcrumbList\",\"@id\":\"https:\/\/www.domkraftpro.com\/index.php\/produkt\/akce-roth-viki-lux-sprchova-vanicka-ctvrtkruhova-hluboka-80x80-cm-8000047-67378\/#breadcrumb\",\"itemListElement\":[{\"@type\":\"ListItem\",\"position\":1,\"name\":\"Home\",\"item\":\"https:\/\/www.domkraftpro.com\/\"},{\"@type\":\"ListItem\",\"position\":2,\"name\":\"Products\",\"item\":\"https:\/\/www.domkraftpro.com\/index.php\/products\/\"},{\"@type\":\"ListItem\",\"position\":3,\"name\":\"Akce Roth Viki Lux, Sprchov\u00e1 vani\u010dka \u010dtvrtkruhov\u00e1 hlubok\u00e1 80&#215;80 cm 8000047\"}]},{\"@type\":\"WebSite\",\"@id\":\"https:\/\/www.domkraftpro.com\/#website\",\"url\":\"https:\/\/www.domkraftpro.com\/\",\"name\":\"\",\"description\":\"\",\"potentialAction\":[{\"@type\":\"SearchAction\",\"target\":{\"@type\":\"EntryPoint\",\"urlTemplate\":\"https:\/\/www.domkraftpro.com\/?s={search_term_string}\"},\"query-input\":{\"@type\":\"PropertyValueSpecification\",\"valueRequired\":true,\"valueName\":\"search_term_string\"}}],\"inLanguage\":\"cs\"}]}<\/script>\n<!-- \/ Yoast SEO plugin. -->","yoast_head_json":{"title":"Akce Roth Viki Lux, Sprchov\u00e1 vani\u010dka \u010dtvrtkruhov\u00e1 hlubok\u00e1 80x80 cm 8000047 -","robots":{"index":"index","follow":"follow","max-snippet":"max-snippet:-1","max-image-preview":"max-image-preview:large","max-video-preview":"max-video-preview:-1"},"canonical":"https:\/\/www.domkraftpro.com\/index.php\/produkt\/akce-roth-viki-lux-sprchova-vanicka-ctvrtkruhova-hluboka-80x80-cm-8000047-67378\/","og_locale":"cs_CZ","og_type":"article","og_title":"Akce Roth Viki Lux, Sprchov\u00e1 vani\u010dka \u010dtvrtkruhov\u00e1 hlubok\u00e1 80x80 cm 8000047 -","og_description":"Detailn\u00ed popis produktu Hlubok\u00e1 \u010dtvrtkruhov\u00e1 sprchov\u00e1 vani\u010dka VIKI LUX&nbsp;je dal\u0161\u00edm z&nbsp;mnoha produkt\u016f obl\u00edben\u00e9 s\u00e9rie PROJECT. Tuto vani\u010dku, stejn\u011b jako celou s\u00e9rii PROJECT, charakterizuje&nbsp;skv\u011bl\u00fd pom\u011br&nbsp;ceny a&nbsp;kvality.&nbsp;Vani\u010dka je&nbsp;v\u00e1s oslov\u00ed&nbsp;nejen d\u00edky tomuto aspektu. Hlubok\u00e1 vani\u010dka? Zna\u010dn\u00e1 v\u00fdhoda! Hlubok\u00e9 vani\u010dky nab\u00edz\u00ed rozmanit\u00e9 a&nbsp;z\u00e1rove\u0148&nbsp;praktick\u00e9 vyu\u017eit\u00ed, kter\u00e9 ocen\u00ed ka\u017ed\u00fd, kdo doma nem\u00e1 klasickou vanu. M\u016f\u017eete v&nbsp;n\u00ed&nbsp;p\u0159eprat&nbsp;p\u00e1r kousk\u016f pr\u00e1dla nebo si ud\u011blat [&hellip;]","og_url":"https:\/\/www.domkraftpro.com\/index.php\/produkt\/akce-roth-viki-lux-sprchova-vanicka-ctvrtkruhova-hluboka-80x80-cm-8000047-67378\/","og_image":[{"width":1000,"height":750,"url":"https:\/\/www.domkraftpro.com\/wp-content\/uploads\/2026\/SK0007778-CZ20260425-093631-0-1777080994-236484_filename-541-l.webp","type":"image\/webp"}],"twitter_card":"summary_large_image","twitter_misc":{"Odhadovan\u00e1 doba \u010dten\u00ed":"3 minuty"},"schema":{"@context":"https:\/\/schema.org","@graph":[{"@type":"WebPage","@id":"https:\/\/www.domkraftpro.com\/index.php\/produkt\/akce-roth-viki-lux-sprchova-vanicka-ctvrtkruhova-hluboka-80x80-cm-8000047-67378\/","url":"https:\/\/www.domkraftpro.com\/index.php\/produkt\/akce-roth-viki-lux-sprchova-vanicka-ctvrtkruhova-hluboka-80x80-cm-8000047-67378\/","name":"Akce Roth Viki Lux, Sprchov\u00e1 vani\u010dka \u010dtvrtkruhov\u00e1 hlubok\u00e1 80x80 cm 8000047 -","isPartOf":{"@id":"https:\/\/www.domkraftpro.com\/#website"},"primaryImageOfPage":{"@id":"https:\/\/www.domkraftpro.com\/index.php\/produkt\/akce-roth-viki-lux-sprchova-vanicka-ctvrtkruhova-hluboka-80x80-cm-8000047-67378\/#primaryimage"},"image":{"@id":"https:\/\/www.domkraftpro.com\/index.php\/produkt\/akce-roth-viki-lux-sprchova-vanicka-ctvrtkruhova-hluboka-80x80-cm-8000047-67378\/#primaryimage"},"thumbnailUrl":"https:\/\/www.domkraftpro.com\/wp-content\/uploads\/2026\/SK0007778-CZ20260425-093631-0-1777080994-236484_filename-541-l.webp","datePublished":"2026-04-27T04:43:28+00:00","breadcrumb":{"@id":"https:\/\/www.domkraftpro.com\/index.php\/produkt\/akce-roth-viki-lux-sprchova-vanicka-ctvrtkruhova-hluboka-80x80-cm-8000047-67378\/#breadcrumb"},"inLanguage":"cs","potentialAction":[{"@type":"ReadAction","target":["https:\/\/www.domkraftpro.com\/index.php\/produkt\/akce-roth-viki-lux-sprchova-vanicka-ctvrtkruhova-hluboka-80x80-cm-8000047-67378\/"]}]},{"@type":"ImageObject","inLanguage":"cs","@id":"https:\/\/www.domkraftpro.com\/index.php\/produkt\/akce-roth-viki-lux-sprchova-vanicka-ctvrtkruhova-hluboka-80x80-cm-8000047-67378\/#primaryimage","url":"https:\/\/www.domkraftpro.com\/wp-content\/uploads\/2026\/SK0007778-CZ20260425-093631-0-1777080994-236484_filename-541-l.webp","contentUrl":"https:\/\/www.domkraftpro.com\/wp-content\/uploads\/2026\/SK0007778-CZ20260425-093631-0-1777080994-236484_filename-541-l.webp","width":1000,"height":750},{"@type":"BreadcrumbList","@id":"https:\/\/www.domkraftpro.com\/index.php\/produkt\/akce-roth-viki-lux-sprchova-vanicka-ctvrtkruhova-hluboka-80x80-cm-8000047-67378\/#breadcrumb","itemListElement":[{"@type":"ListItem","position":1,"name":"Home","item":"https:\/\/www.domkraftpro.com\/"},{"@type":"ListItem","position":2,"name":"Products","item":"https:\/\/www.domkraftpro.com\/index.php\/products\/"},{"@type":"ListItem","position":3,"name":"Akce Roth Viki Lux, Sprchov\u00e1 vani\u010dka \u010dtvrtkruhov\u00e1 hlubok\u00e1 80&#215;80 cm 8000047"}]},{"@type":"WebSite","@id":"https:\/\/www.domkraftpro.com\/#website","url":"https:\/\/www.domkraftpro.com\/","name":"","description":"","potentialAction":[{"@type":"SearchAction","target":{"@type":"EntryPoint","urlTemplate":"https:\/\/www.domkraftpro.com\/?s={search_term_string}"},"query-input":{"@type":"PropertyValueSpecification","valueRequired":true,"valueName":"search_term_string"}}],"inLanguage":"cs"}]}},"_links":{"self":[{"href":"https:\/\/www.domkraftpro.com\/index.php\/wp-json\/wp\/v2\/product\/67378","targetHints":{"allow":["GET"]}}],"collection":[{"href":"https:\/\/www.domkraftpro.com\/index.php\/wp-json\/wp\/v2\/product"}],"about":[{"href":"https:\/\/www.domkraftpro.com\/index.php\/wp-json\/wp\/v2\/types\/product"}],"replies":[{"embeddable":true,"href":"https:\/\/www.domkraftpro.com\/index.php\/wp-json\/wp\/v2\/comments?post=67378"}],"wp:featuredmedia":[{"embeddable":true,"href":"https:\/\/www.domkraftpro.com\/index.php\/wp-json\/wp\/v2\/media\/67478"}],"wp:attachment":[{"href":"https:\/\/www.domkraftpro.com\/index.php\/wp-json\/wp\/v2\/media?parent=67378"}],"wp:term":[{"taxonomy":"product_brand","embeddable":true,"href":"https:\/\/www.domkraftpro.com\/index.php\/wp-json\/wp\/v2\/product_brand?post=67378"},{"taxonomy":"product_cat","embeddable":true,"href":"https:\/\/www.domkraftpro.com\/index.php\/wp-json\/wp\/v2\/product_cat?post=67378"},{"taxonomy":"product_tag","embeddable":true,"href":"https:\/\/www.domkraftpro.com\/index.php\/wp-json\/wp\/v2\/product_tag?post=67378"}],"curies":[{"name":"wp","href":"https:\/\/api.w.org\/{rel}","templated":true}]}}