{"id":67354,"date":"2026-04-27T04:43:28","date_gmt":"2026-04-27T04:43:28","guid":{"rendered":""},"modified":"2026-04-27T04:43:28","modified_gmt":"2026-04-27T04:43:28","slug":"znackovy-roth-flat-kvadro-sprchova-vanicka-obdelnikova-100x80-cm-8000121-67354","status":"publish","type":"product","link":"https:\/\/www.domkraftpro.com\/index.php\/produkt\/znackovy-roth-flat-kvadro-sprchova-vanicka-obdelnikova-100x80-cm-8000121-67354\/","title":{"rendered":"Zna\u010dkov\u00fd Roth Flat Kvadro, Sprchov\u00e1 vani\u010dka obd\u00e9ln\u00edkov\u00e1 100&#215;80 cm 8000121"},"content":{"rendered":"<div class=\"basic-description\">\n<h3>Detailn\u00ed popis produktu<\/h3>\n<p>Z&nbsp;<strong>obd\u00e9ln\u00edkov\u00e9 akryl\u00e1tov\u00e9 sprchov\u00e9 vani\u010dky FLAT KVADRO obd\u00e9ln\u00edk<\/strong><span>&nbsp;<\/span>budete ur\u010dit\u011b nad\u0161eni. Obzvl\u00e1\u0161t\u011b, jestli v\u00e1s bav\u00ed<span>&nbsp;<\/span><strong>elegantn\u00ed<span>&nbsp;<\/span><\/strong>tvary.&nbsp;Va\u0161e sympatie si z\u00edsk\u00e1 tak\u00e9 d\u00edky<span>&nbsp;<\/span><strong>snadn\u00e9 instalaci<span>&nbsp;<\/span><\/strong>i<strong>&nbsp;\u00fadr\u017eb\u011b.<\/strong><\/p>\n<h2>Technick\u00e9 proveden\u00ed<\/h2>\n<p>Sprchov\u00e1 vani\u010dka je vyrobena z<strong><span>&nbsp;<\/span>b\u00edl\u00e9ho akryl\u00e1tu<\/strong>, je\u017e se py\u0161n\u00ed<span>&nbsp;<\/span><strong>vysoce<\/strong><span>&nbsp;<\/span><strong>kvalitn\u00ed<span>&nbsp;<\/span><\/strong>povrchovou vrstvou, tak\u017ee ani po letech pou\u017e\u00edv\u00e1n\u00ed nejsou patrn\u00e9 zn\u00e1mky opot\u0159eben\u00ed.&nbsp;Odoln\u00e9 povrchov\u00e9 vlastnosti vani\u010dky zaji\u0161\u0165uj\u00ed jednoduchou a<strong>&nbsp;rychlou \u00fadr\u017ebu<\/strong><span>&nbsp;<\/span>i&nbsp;s&nbsp;pou\u017eit\u00edm b\u011b\u017en\u00fdch \u010dist\u00edc\u00edch p\u0159\u00edpravk\u016f. Vani\u010dku jsme vyztu\u017eili<strong><span>&nbsp;<\/span>sklolamin\u00e1tovou<span>&nbsp;<\/span><\/strong>vrstvou, aby v\u00e1m vydr\u017eela co nejd\u00e9le. D\u00edky velmi n\u00edzk\u00e9 n\u00e1stupn\u00ed hran\u011b (<strong>pouh\u00fdch 5&nbsp;cm<\/strong>)&nbsp;je ide\u00e1ln\u00edm \u0159e\u0161en\u00edm tak\u00e9 do<span>&nbsp;<\/span><strong>bezbari\u00e9rov\u00fdch<span>&nbsp;<\/span><\/strong>koupelen.<\/p>\n<p><strong>POZOR!<\/strong><span>&nbsp;<\/span>Sou\u010d\u00e1st\u00ed vani\u010dky<span>&nbsp;<\/span><strong>nen\u00ed<\/strong><span>&nbsp;<\/span>sifon, a&nbsp;tud\u00ed\u017e si ho mus\u00edte<span>&nbsp;<\/span><strong>doobjednat<\/strong>.&nbsp;Objedn\u00e1vejte v\u0161ak pouze sifon<span>&nbsp;<\/span><strong>o&nbsp;pr\u016fm\u011bru 90 mm.<\/strong><\/p>\n<p>Na d\u016fkaz vysok\u00e9 \u017eivotnosti a&nbsp;odolnosti t\u00e9to vani\u010dky v\u00e1m<span>&nbsp;<\/span><strong>poskytneme neuv\u011b\u0159itelnou z\u00e1ruku 10 let.<\/strong><\/p>\n<h2>Mo\u017enost\u00ed instalace je v\u00edc<\/h2>\n<p>U&nbsp;t\u00e9to sprchov\u00e9 vani\u010dky m\u00e1te mo\u017enost vybrat si rovnou ze<span>&nbsp;<\/span><strong>3&nbsp;typ\u016f instalace<\/strong>:<\/p>\n<ul>\n<li>p\u0159\u00edmo na podlahu<\/li>\n<li>na hotov\u00fd obklad pomoc\u00ed speci\u00e1ln\u00edch no\u017ei\u010dek<\/li>\n<li>instalace podezd\u011bn\u00edm<\/li>\n<\/ul>\n<p>Pokud se rozhodnete pro mont\u00e1\u017e na<strong><span>&nbsp;<\/span>hotov\u00fd obklad<span>&nbsp;<\/span><\/strong>pomoc\u00ed&nbsp;speci\u00e1ln\u00edch no\u017ei\u010dek, mus\u00edme v\u00e1s upozornit, \u017ee no\u017ei\u010dky nejsou sou\u010d\u00e1st\u00ed vani\u010dky a&nbsp;mus\u00edte si je<span>&nbsp;<\/span><strong>objednat zvl\u00e1\u0161\u0165.<\/strong>&nbsp;No\u017ei\u010dky se prod\u00e1vaj\u00ed po<span>&nbsp;<\/span><strong>5&nbsp;kusech<\/strong><span>&nbsp;<\/span>a&nbsp;jsou nastaviteln\u00e9.&nbsp;D\u00edky tomu dok\u00e1\u017eete<span>&nbsp;<\/span><strong>eliminovat<\/strong><span>&nbsp;<\/span>drobn\u00e9<span>&nbsp;<\/span><strong>nerovnosti<\/strong><span>&nbsp;<\/span>na podlaze a&nbsp;vani\u010dka bude st\u00e1t hezky v&nbsp;rovin\u011b.<\/p>\n<h2>Sklolamin\u00e1tov\u00e1 vrstva pro neopot\u0159eben\u00fd vzhled<\/h2>\n<p>Sklolamin\u00e1t je<span>&nbsp;<\/span><strong>kompozitn\u00ed<\/strong>, neboli v\u00edceslo\u017ekov\u00fd, materi\u00e1l. Tvo\u0159\u00ed ho<span>&nbsp;<\/span><strong>sklen\u011bn\u00e1 vl\u00e1kna<\/strong><span>&nbsp;<\/span>(tkanina) a&nbsp;tvrzen\u00e1 um\u011bl\u00e1<strong><span>&nbsp;<\/span>prysky\u0159ice<span>&nbsp;<\/span><\/strong>(polymer).&nbsp;Sklolamin\u00e1t je zn\u00e1m pro svou pevnost, odolnost v\u016f\u010di chemik\u00e1li\u00edm a&nbsp;dobr\u00e9<span>&nbsp;<\/span><strong>hygienick\u00e9<\/strong><span>&nbsp;<\/span><strong>vlastnosti<\/strong>.&nbsp;P\u0159\u00edjemn\u00fdm bonusem je n\u00edzk\u00e1 hmotnost i&nbsp;cena tohoto materi\u00e1lu. Nemus\u00edte se tedy ob\u00e1vat, \u017ee by po roce pou\u017e\u00edv\u00e1n\u00ed vani\u010dka vypadala jako po 20 letech pou\u017e\u00edv\u00e1n\u00ed. Sklolamin\u00e1tov\u00e1 vrstva zaru\u010duje, \u017ee vani\u010dka<span>&nbsp;<\/span><strong>nebude<span>&nbsp;<\/span><\/strong>jevit zn\u00e1mky<span>&nbsp;<\/span><strong>opot\u0159eben\u00ed<\/strong><span>&nbsp;<\/span>a&nbsp;i&nbsp;po letech bude perfektn\u011b<span>&nbsp;<\/span><strong>dr\u017eet<span>&nbsp;<\/span><\/strong>sv\u016fj<strong><span>&nbsp;<\/span>tvar.<\/strong><\/p>\n<p><strong>Upozorn\u011bn\u00ed pro z\u00e1kazn\u00edky ke koupi produkt\u016f na objedn\u00e1n\u00ed:<\/strong><span>&nbsp;Toto zbo\u017e\u00ed nen\u00ed standardn\u00edm s\u00e9riov\u00fdm v\u00fdrobkem. Bude vyrobeno na p\u0159\u00e1n\u00ed z\u00e1kazn\u00edka a proto jej&nbsp;<\/span><strong>nelze dodavateli v z\u00e1konn\u00e9 lh\u016ft\u011b vr\u00e1tit<\/strong><span>. (viz \u00a71837 odst.d, ob\u010dansk\u00e9ho z\u00e1kon\u00edku). V tomto p\u0159\u00edpad\u011b m\u016f\u017eeme po\u017eadovat nevratnou z\u00e1lohu a\u017e do v\u00fd\u0161e 100 % z ceny v\u00fdrobku.<\/span><\/p>\n<\/p><\/div>\n","protected":false},"excerpt":{"rendered":"<p>Detailn\u00ed popis produktu Z&nbsp;obd\u00e9ln\u00edkov\u00e9 akryl\u00e1tov\u00e9 sprchov\u00e9 vani\u010dky FLAT KVADRO obd\u00e9ln\u00edk&nbsp;budete ur\u010dit\u011b nad\u0161eni. Obzvl\u00e1\u0161t\u011b, jestli v\u00e1s bav\u00ed&nbsp;elegantn\u00ed&nbsp;tvary.&nbsp;Va\u0161e sympatie si z\u00edsk\u00e1 tak\u00e9 d\u00edky&nbsp;snadn\u00e9 instalaci&nbsp;i&nbsp;\u00fadr\u017eb\u011b. Technick\u00e9 proveden\u00ed Sprchov\u00e1 vani\u010dka je vyrobena z&nbsp;b\u00edl\u00e9ho akryl\u00e1tu, je\u017e se py\u0161n\u00ed&nbsp;vysoce&nbsp;kvalitn\u00ed&nbsp;povrchovou vrstvou, tak\u017ee ani po letech pou\u017e\u00edv\u00e1n\u00ed nejsou patrn\u00e9 zn\u00e1mky opot\u0159eben\u00ed.&nbsp;Odoln\u00e9 povrchov\u00e9 vlastnosti vani\u010dky zaji\u0161\u0165uj\u00ed jednoduchou a&nbsp;rychlou \u00fadr\u017ebu&nbsp;i&nbsp;s&nbsp;pou\u017eit\u00edm b\u011b\u017en\u00fdch \u010dist\u00edc\u00edch p\u0159\u00edpravk\u016f. Vani\u010dku jsme [&hellip;]<\/p>\n","protected":false},"featured_media":67454,"comment_status":"open","ping_status":"open","template":"","meta":[],"product_brand":[],"product_cat":[67],"product_tag":[],"class_list":{"0":"post-67354","1":"product","2":"type-product","3":"status-publish","4":"has-post-thumbnail","6":"product_cat-sprchove-kouty","8":"first","9":"instock","10":"sale","11":"shipping-taxable","12":"purchasable","13":"product-type-simple"},"yoast_head":"<!-- This site is optimized with the Yoast SEO plugin v26.8 - https:\/\/yoast.com\/product\/yoast-seo-wordpress\/ -->\n<title>Zna\u010dkov\u00fd Roth Flat Kvadro, Sprchov\u00e1 vani\u010dka obd\u00e9ln\u00edkov\u00e1 100x80 cm 8000121 -<\/title>\n<meta name=\"robots\" content=\"index, follow, max-snippet:-1, max-image-preview:large, max-video-preview:-1\" \/>\n<link rel=\"canonical\" href=\"https:\/\/www.domkraftpro.com\/index.php\/produkt\/znackovy-roth-flat-kvadro-sprchova-vanicka-obdelnikova-100x80-cm-8000121-67354\/\" \/>\n<meta property=\"og:locale\" content=\"cs_CZ\" \/>\n<meta property=\"og:type\" content=\"article\" \/>\n<meta property=\"og:title\" content=\"Zna\u010dkov\u00fd Roth Flat Kvadro, Sprchov\u00e1 vani\u010dka obd\u00e9ln\u00edkov\u00e1 100x80 cm 8000121 -\" \/>\n<meta property=\"og:description\" content=\"Detailn\u00ed popis produktu Z&nbsp;obd\u00e9ln\u00edkov\u00e9 akryl\u00e1tov\u00e9 sprchov\u00e9 vani\u010dky FLAT KVADRO obd\u00e9ln\u00edk&nbsp;budete ur\u010dit\u011b nad\u0161eni. Obzvl\u00e1\u0161t\u011b, jestli v\u00e1s bav\u00ed&nbsp;elegantn\u00ed&nbsp;tvary.&nbsp;Va\u0161e sympatie si z\u00edsk\u00e1 tak\u00e9 d\u00edky&nbsp;snadn\u00e9 instalaci&nbsp;i&nbsp;\u00fadr\u017eb\u011b. Technick\u00e9 proveden\u00ed Sprchov\u00e1 vani\u010dka je vyrobena z&nbsp;b\u00edl\u00e9ho akryl\u00e1tu, je\u017e se py\u0161n\u00ed&nbsp;vysoce&nbsp;kvalitn\u00ed&nbsp;povrchovou vrstvou, tak\u017ee ani po letech pou\u017e\u00edv\u00e1n\u00ed nejsou patrn\u00e9 zn\u00e1mky opot\u0159eben\u00ed.&nbsp;Odoln\u00e9 povrchov\u00e9 vlastnosti vani\u010dky zaji\u0161\u0165uj\u00ed jednoduchou a&nbsp;rychlou \u00fadr\u017ebu&nbsp;i&nbsp;s&nbsp;pou\u017eit\u00edm b\u011b\u017en\u00fdch \u010dist\u00edc\u00edch p\u0159\u00edpravk\u016f. Vani\u010dku jsme [&hellip;]\" \/>\n<meta property=\"og:url\" content=\"https:\/\/www.domkraftpro.com\/index.php\/produkt\/znackovy-roth-flat-kvadro-sprchova-vanicka-obdelnikova-100x80-cm-8000121-67354\/\" \/>\n<meta property=\"og:image\" content=\"https:\/\/www.domkraftpro.com\/wp-content\/uploads\/2026\/SK0007754-CZ20260425-093631-0-1777080994-236400_filename-669-l.webp\" \/>\n\t<meta property=\"og:image:width\" content=\"1000\" \/>\n\t<meta property=\"og:image:height\" content=\"750\" \/>\n\t<meta property=\"og:image:type\" content=\"image\/webp\" \/>\n<meta name=\"twitter:card\" content=\"summary_large_image\" \/>\n<meta name=\"twitter:label1\" content=\"Odhadovan\u00e1 doba \u010dten\u00ed\" \/>\n\t<meta name=\"twitter:data1\" content=\"3 minuty\" \/>\n<script type=\"application\/ld+json\" class=\"yoast-schema-graph\">{\"@context\":\"https:\/\/schema.org\",\"@graph\":[{\"@type\":\"WebPage\",\"@id\":\"https:\/\/www.domkraftpro.com\/index.php\/produkt\/znackovy-roth-flat-kvadro-sprchova-vanicka-obdelnikova-100x80-cm-8000121-67354\/\",\"url\":\"https:\/\/www.domkraftpro.com\/index.php\/produkt\/znackovy-roth-flat-kvadro-sprchova-vanicka-obdelnikova-100x80-cm-8000121-67354\/\",\"name\":\"Zna\u010dkov\u00fd Roth Flat Kvadro, Sprchov\u00e1 vani\u010dka obd\u00e9ln\u00edkov\u00e1 100x80 cm 8000121 -\",\"isPartOf\":{\"@id\":\"https:\/\/www.domkraftpro.com\/#website\"},\"primaryImageOfPage\":{\"@id\":\"https:\/\/www.domkraftpro.com\/index.php\/produkt\/znackovy-roth-flat-kvadro-sprchova-vanicka-obdelnikova-100x80-cm-8000121-67354\/#primaryimage\"},\"image\":{\"@id\":\"https:\/\/www.domkraftpro.com\/index.php\/produkt\/znackovy-roth-flat-kvadro-sprchova-vanicka-obdelnikova-100x80-cm-8000121-67354\/#primaryimage\"},\"thumbnailUrl\":\"https:\/\/www.domkraftpro.com\/wp-content\/uploads\/2026\/SK0007754-CZ20260425-093631-0-1777080994-236400_filename-669-l.webp\",\"datePublished\":\"2026-04-27T04:43:28+00:00\",\"breadcrumb\":{\"@id\":\"https:\/\/www.domkraftpro.com\/index.php\/produkt\/znackovy-roth-flat-kvadro-sprchova-vanicka-obdelnikova-100x80-cm-8000121-67354\/#breadcrumb\"},\"inLanguage\":\"cs\",\"potentialAction\":[{\"@type\":\"ReadAction\",\"target\":[\"https:\/\/www.domkraftpro.com\/index.php\/produkt\/znackovy-roth-flat-kvadro-sprchova-vanicka-obdelnikova-100x80-cm-8000121-67354\/\"]}]},{\"@type\":\"ImageObject\",\"inLanguage\":\"cs\",\"@id\":\"https:\/\/www.domkraftpro.com\/index.php\/produkt\/znackovy-roth-flat-kvadro-sprchova-vanicka-obdelnikova-100x80-cm-8000121-67354\/#primaryimage\",\"url\":\"https:\/\/www.domkraftpro.com\/wp-content\/uploads\/2026\/SK0007754-CZ20260425-093631-0-1777080994-236400_filename-669-l.webp\",\"contentUrl\":\"https:\/\/www.domkraftpro.com\/wp-content\/uploads\/2026\/SK0007754-CZ20260425-093631-0-1777080994-236400_filename-669-l.webp\",\"width\":1000,\"height\":750},{\"@type\":\"BreadcrumbList\",\"@id\":\"https:\/\/www.domkraftpro.com\/index.php\/produkt\/znackovy-roth-flat-kvadro-sprchova-vanicka-obdelnikova-100x80-cm-8000121-67354\/#breadcrumb\",\"itemListElement\":[{\"@type\":\"ListItem\",\"position\":1,\"name\":\"Home\",\"item\":\"https:\/\/www.domkraftpro.com\/\"},{\"@type\":\"ListItem\",\"position\":2,\"name\":\"Products\",\"item\":\"https:\/\/www.domkraftpro.com\/index.php\/products\/\"},{\"@type\":\"ListItem\",\"position\":3,\"name\":\"Zna\u010dkov\u00fd Roth Flat Kvadro, Sprchov\u00e1 vani\u010dka obd\u00e9ln\u00edkov\u00e1 100&#215;80 cm 8000121\"}]},{\"@type\":\"WebSite\",\"@id\":\"https:\/\/www.domkraftpro.com\/#website\",\"url\":\"https:\/\/www.domkraftpro.com\/\",\"name\":\"\",\"description\":\"\",\"potentialAction\":[{\"@type\":\"SearchAction\",\"target\":{\"@type\":\"EntryPoint\",\"urlTemplate\":\"https:\/\/www.domkraftpro.com\/?s={search_term_string}\"},\"query-input\":{\"@type\":\"PropertyValueSpecification\",\"valueRequired\":true,\"valueName\":\"search_term_string\"}}],\"inLanguage\":\"cs\"}]}<\/script>\n<!-- \/ Yoast SEO plugin. -->","yoast_head_json":{"title":"Zna\u010dkov\u00fd Roth Flat Kvadro, Sprchov\u00e1 vani\u010dka obd\u00e9ln\u00edkov\u00e1 100x80 cm 8000121 -","robots":{"index":"index","follow":"follow","max-snippet":"max-snippet:-1","max-image-preview":"max-image-preview:large","max-video-preview":"max-video-preview:-1"},"canonical":"https:\/\/www.domkraftpro.com\/index.php\/produkt\/znackovy-roth-flat-kvadro-sprchova-vanicka-obdelnikova-100x80-cm-8000121-67354\/","og_locale":"cs_CZ","og_type":"article","og_title":"Zna\u010dkov\u00fd Roth Flat Kvadro, Sprchov\u00e1 vani\u010dka obd\u00e9ln\u00edkov\u00e1 100x80 cm 8000121 -","og_description":"Detailn\u00ed popis produktu Z&nbsp;obd\u00e9ln\u00edkov\u00e9 akryl\u00e1tov\u00e9 sprchov\u00e9 vani\u010dky FLAT KVADRO obd\u00e9ln\u00edk&nbsp;budete ur\u010dit\u011b nad\u0161eni. Obzvl\u00e1\u0161t\u011b, jestli v\u00e1s bav\u00ed&nbsp;elegantn\u00ed&nbsp;tvary.&nbsp;Va\u0161e sympatie si z\u00edsk\u00e1 tak\u00e9 d\u00edky&nbsp;snadn\u00e9 instalaci&nbsp;i&nbsp;\u00fadr\u017eb\u011b. Technick\u00e9 proveden\u00ed Sprchov\u00e1 vani\u010dka je vyrobena z&nbsp;b\u00edl\u00e9ho akryl\u00e1tu, je\u017e se py\u0161n\u00ed&nbsp;vysoce&nbsp;kvalitn\u00ed&nbsp;povrchovou vrstvou, tak\u017ee ani po letech pou\u017e\u00edv\u00e1n\u00ed nejsou patrn\u00e9 zn\u00e1mky opot\u0159eben\u00ed.&nbsp;Odoln\u00e9 povrchov\u00e9 vlastnosti vani\u010dky zaji\u0161\u0165uj\u00ed jednoduchou a&nbsp;rychlou \u00fadr\u017ebu&nbsp;i&nbsp;s&nbsp;pou\u017eit\u00edm b\u011b\u017en\u00fdch \u010dist\u00edc\u00edch p\u0159\u00edpravk\u016f. Vani\u010dku jsme [&hellip;]","og_url":"https:\/\/www.domkraftpro.com\/index.php\/produkt\/znackovy-roth-flat-kvadro-sprchova-vanicka-obdelnikova-100x80-cm-8000121-67354\/","og_image":[{"width":1000,"height":750,"url":"https:\/\/www.domkraftpro.com\/wp-content\/uploads\/2026\/SK0007754-CZ20260425-093631-0-1777080994-236400_filename-669-l.webp","type":"image\/webp"}],"twitter_card":"summary_large_image","twitter_misc":{"Odhadovan\u00e1 doba \u010dten\u00ed":"3 minuty"},"schema":{"@context":"https:\/\/schema.org","@graph":[{"@type":"WebPage","@id":"https:\/\/www.domkraftpro.com\/index.php\/produkt\/znackovy-roth-flat-kvadro-sprchova-vanicka-obdelnikova-100x80-cm-8000121-67354\/","url":"https:\/\/www.domkraftpro.com\/index.php\/produkt\/znackovy-roth-flat-kvadro-sprchova-vanicka-obdelnikova-100x80-cm-8000121-67354\/","name":"Zna\u010dkov\u00fd Roth Flat Kvadro, Sprchov\u00e1 vani\u010dka obd\u00e9ln\u00edkov\u00e1 100x80 cm 8000121 -","isPartOf":{"@id":"https:\/\/www.domkraftpro.com\/#website"},"primaryImageOfPage":{"@id":"https:\/\/www.domkraftpro.com\/index.php\/produkt\/znackovy-roth-flat-kvadro-sprchova-vanicka-obdelnikova-100x80-cm-8000121-67354\/#primaryimage"},"image":{"@id":"https:\/\/www.domkraftpro.com\/index.php\/produkt\/znackovy-roth-flat-kvadro-sprchova-vanicka-obdelnikova-100x80-cm-8000121-67354\/#primaryimage"},"thumbnailUrl":"https:\/\/www.domkraftpro.com\/wp-content\/uploads\/2026\/SK0007754-CZ20260425-093631-0-1777080994-236400_filename-669-l.webp","datePublished":"2026-04-27T04:43:28+00:00","breadcrumb":{"@id":"https:\/\/www.domkraftpro.com\/index.php\/produkt\/znackovy-roth-flat-kvadro-sprchova-vanicka-obdelnikova-100x80-cm-8000121-67354\/#breadcrumb"},"inLanguage":"cs","potentialAction":[{"@type":"ReadAction","target":["https:\/\/www.domkraftpro.com\/index.php\/produkt\/znackovy-roth-flat-kvadro-sprchova-vanicka-obdelnikova-100x80-cm-8000121-67354\/"]}]},{"@type":"ImageObject","inLanguage":"cs","@id":"https:\/\/www.domkraftpro.com\/index.php\/produkt\/znackovy-roth-flat-kvadro-sprchova-vanicka-obdelnikova-100x80-cm-8000121-67354\/#primaryimage","url":"https:\/\/www.domkraftpro.com\/wp-content\/uploads\/2026\/SK0007754-CZ20260425-093631-0-1777080994-236400_filename-669-l.webp","contentUrl":"https:\/\/www.domkraftpro.com\/wp-content\/uploads\/2026\/SK0007754-CZ20260425-093631-0-1777080994-236400_filename-669-l.webp","width":1000,"height":750},{"@type":"BreadcrumbList","@id":"https:\/\/www.domkraftpro.com\/index.php\/produkt\/znackovy-roth-flat-kvadro-sprchova-vanicka-obdelnikova-100x80-cm-8000121-67354\/#breadcrumb","itemListElement":[{"@type":"ListItem","position":1,"name":"Home","item":"https:\/\/www.domkraftpro.com\/"},{"@type":"ListItem","position":2,"name":"Products","item":"https:\/\/www.domkraftpro.com\/index.php\/products\/"},{"@type":"ListItem","position":3,"name":"Zna\u010dkov\u00fd Roth Flat Kvadro, Sprchov\u00e1 vani\u010dka obd\u00e9ln\u00edkov\u00e1 100&#215;80 cm 8000121"}]},{"@type":"WebSite","@id":"https:\/\/www.domkraftpro.com\/#website","url":"https:\/\/www.domkraftpro.com\/","name":"","description":"","potentialAction":[{"@type":"SearchAction","target":{"@type":"EntryPoint","urlTemplate":"https:\/\/www.domkraftpro.com\/?s={search_term_string}"},"query-input":{"@type":"PropertyValueSpecification","valueRequired":true,"valueName":"search_term_string"}}],"inLanguage":"cs"}]}},"_links":{"self":[{"href":"https:\/\/www.domkraftpro.com\/index.php\/wp-json\/wp\/v2\/product\/67354","targetHints":{"allow":["GET"]}}],"collection":[{"href":"https:\/\/www.domkraftpro.com\/index.php\/wp-json\/wp\/v2\/product"}],"about":[{"href":"https:\/\/www.domkraftpro.com\/index.php\/wp-json\/wp\/v2\/types\/product"}],"replies":[{"embeddable":true,"href":"https:\/\/www.domkraftpro.com\/index.php\/wp-json\/wp\/v2\/comments?post=67354"}],"wp:featuredmedia":[{"embeddable":true,"href":"https:\/\/www.domkraftpro.com\/index.php\/wp-json\/wp\/v2\/media\/67454"}],"wp:attachment":[{"href":"https:\/\/www.domkraftpro.com\/index.php\/wp-json\/wp\/v2\/media?parent=67354"}],"wp:term":[{"taxonomy":"product_brand","embeddable":true,"href":"https:\/\/www.domkraftpro.com\/index.php\/wp-json\/wp\/v2\/product_brand?post=67354"},{"taxonomy":"product_cat","embeddable":true,"href":"https:\/\/www.domkraftpro.com\/index.php\/wp-json\/wp\/v2\/product_cat?post=67354"},{"taxonomy":"product_tag","embeddable":true,"href":"https:\/\/www.domkraftpro.com\/index.php\/wp-json\/wp\/v2\/product_tag?post=67354"}],"curies":[{"name":"wp","href":"https:\/\/api.w.org\/{rel}","templated":true}]}}