{"id":67094,"date":"2026-04-27T04:43:28","date_gmt":"2026-04-27T04:43:28","guid":{"rendered":""},"modified":"2026-04-27T04:43:28","modified_gmt":"2026-04-27T04:43:28","slug":"akce-ravak-nexty-ndop2-sprchove-dvere-dvoudilne-110-cm-67094","status":"publish","type":"product","link":"https:\/\/www.domkraftpro.com\/index.php\/produkt\/akce-ravak-nexty-ndop2-sprchove-dvere-dvoudilne-110-cm-67094\/","title":{"rendered":"Akce Ravak Nexty NDOP2 Sprchov\u00e9 dve\u0159e dvoud\u00edln\u00e9 110 cm"},"content":{"rendered":"<div class=\"basic-description\">\n<h3>Detailn\u00ed popis produktu<\/h3>\n<h2>O krok bl\u00ed\u017e k dokonalosti<\/h2>\n<p>Minimalistick\u00e9, sou\u010dasn\u00e9 tvaroslov\u00ed sprchov\u00e9ho koutu univerz\u00e1ln\u011b zapad\u00e1 do naprost\u00e9 v\u011bt\u0161iny koupelen. R\u00e1m, oto\u010dn\u00fd pant a \u010dist\u00e9 sklo. Nic dal\u0161\u00edho nen\u00ed pro dokonalou spokojenost pot\u0159eba.<\/p>\n<div id=\"serie-info\"><\/p>\n<h2>\u010cist\u00fd a modern\u00ed design<\/h2>\n<p>Minimum kovov\u00fdch profil\u016f a maximum \u010dist\u00e9ho bezpe\u010dnostn\u00edho skla o tlou\u0161\u0165ce 6 mm. V\u00fdrobky \u0159ady Nexty se vyzna\u010duj\u00ed modern\u00edm tvarem oto\u010dn\u00e9ho pantu a madla a s odleh\u010den\u00fdm r\u00e1mem vytv\u00e1\u0159\u00ed charakteristickou tv\u00e1\u0159 minimalistick\u00fdch sprchov\u00fdch kout\u016f a dve\u0159\u00ed. V p\u011bti barevn\u00fdch kombinac\u00edch decentn\u011b p\u0159itahuj\u00ed pozornost.<\/p>\n<p><\/p>\n<h2>Spolehliv\u00e9 otev\u00edr\u00e1n\u00ed<\/h2>\n<p>Jednoduch\u00fd a nezni\u010diteln\u00fd syst\u00e9m otev\u00edr\u00e1n\u00ed dve\u0159\u00ed, kter\u00fd nevy\u017eaduje \u017e\u00e1dnou \u00fadr\u017ebu. Vlastn\u00ed \u010dep je tvo\u0159en kvalitn\u00ed nerezovou ocel\u00ed zasazenou do t\u011bla pantu. Pivot neboli nerezov\u00fd \u010dep zapad\u00e1 zcela p\u0159esn\u011b do plastov\u00e9ho pouzdra, ve kter\u00e9m se ot\u00e1\u010d\u00ed. D\u00edky pevnostn\u00edm a kluzn\u00fdm vlastnostem materi\u00e1l\u016f nen\u00ed nutn\u00e9 mechanismus mazat a d\u00edky pou\u017eit\u00ed pouze dvou p\u0159esn\u00fdch komponent je zaru\u010dena jeho nezni\u010ditelnost.<\/p>\n<p><\/p>\n<h2>Madlo na t\u0159i zp\u016fsoby<\/h2>\n<p>Polohu madla k p\u0159ipevn\u011bn\u00ed si m\u016f\u017eete zvolit dle va\u0161ich p\u0159edstav. Oto\u010den\u00e9 sm\u011brem dol\u016f nebo do strany umo\u017en\u00ed pohodln\u00e9 otev\u00edr\u00e1n\u00ed. P\u0159ipevn\u011bn\u00e9 sm\u011brem nahoru zafunguje nav\u00edc i jako v\u011b\u0161\u00e1k ru\u010dn\u00edk\u016f.<\/p>\n<\/div>\n<div id=\"desc\">\n<div id=\"serie-info\">\n<p><strong>Vlastnosti:<\/strong><\/p>\n<ul>\n<li>rozm\u011bry: NDOP2 100, 110, 120 cm + NPSS 80, 90, 100 cm<\/li>\n<li>typov\u00e9 proveden\u00ed: oto\u010diteln\u00fd v\u00fdrobek (L\/R)<\/li>\n<li>barevn\u00e9 proveden\u00ed:\n<ul>\n<li><strong>chrom<\/strong><span> <\/span>(r\u00e1m b\u00edl\u00fd, madla a panty v proveden\u00ed chrom)<\/li>\n<li><strong>b\u00edl\u00e1<\/strong><span> <\/span>(r\u00e1m, madla a panty v proveden\u00ed b\u00edl\u00e9)<\/li>\n<li><strong>lesk<\/strong><span> <\/span>(r\u00e1m, madla a panty v proveden\u00ed chrom)<\/li>\n<li><strong>satin<\/strong><span> <\/span>(r\u00e1m, madla a panty v proveden\u00ed satin)<\/li>\n<li><strong>\u010dern\u00e1<\/strong><span> <\/span>(r\u00e1m, madla a panty v proveden\u00ed \u010dern\u00e9)<\/li>\n<\/ul>\n<\/li>\n<li>v\u00fdpl\u0148 z bezpe\u010dnostn\u00edho skla: 6 mm; Transparent<\/li>\n<li>v\u00fd\u0161ka v\u00fdrobku: 195 cm<\/li>\n<li>z\u00e1ruka: 5 let<\/li>\n<\/ul>\n<p>Oto\u010den\u00edm sprchov\u00fdch dve\u0159\u00ed o 180\u00b0 z\u00edsk\u00e1te levou nebo pravou variantu otev\u00edr\u00e1n\u00ed. Montuje se do oblo\u017een\u00e9ho rohu koupelny na<span> <\/span>vani\u010dky RAVAK Angela,<span> <\/span>Perseus,<span> <\/span>Perseus Pro,<span> <\/span>Perseus Pro Flat,<span> <\/span>Perseus Pro Chrome,<span> <\/span>Perseus Pro 10\u00b0,<span> <\/span>Gigant Pro,<span> <\/span>Gigant Pro Flat,<span> <\/span>Gigant Pro Chrome,<span> <\/span>Gigant Pro 10\u00b0<span> <\/span>nebo p\u0159\u00edmo na podlahu se zabudovan\u00fdm<span> <\/span>odtokov\u00fdm \u017elabem \u010di podlahovou vpust\u00ed. Kombinac\u00ed se dv\u011bma pevn\u00fdmi st\u011bnami typu NPSS vytvo\u0159\u00edte sprchov\u00fd kout ve tvaru \u201eU\u201c. Pou\u017eit\u00edm<span> <\/span>nastavovac\u00edho profilu NNPS<span> <\/span>lze v\u00fdrobky roz\u0161\u00ed\u0159it o 20 mm, proto se dokonale p\u0159izp\u016fsob\u00ed stavebn\u00edm nerovnostem a\u017e o 4 cm na ka\u017ed\u00e9 stran\u011b.<\/p>\n<div><\/div>\n<\/div>\n<\/div>\n<div>\n<h1 class=\"nadpis\">V\u00fdpln\u011b<\/h1>\n<div id=\"page-detail\" class=\"object-detail\">\n<p align=\"justify\">Z nab\u00eddky v\u00fdpln\u00ed sprchov\u00e9ho koutu nebo dve\u0159\u00ed si vybere opravdu ka\u017ed\u00fd. V\u00fdpl\u0148 m\u016f\u017ee b\u00fdt z kalen\u00e9ho bezpe\u010dnostn\u00edho skla nebo z um\u011bl\u00e9 hmoty. Bezpe\u010dnostn\u00ed skla ve sprchov\u00fdch koutech mus\u00ed spl\u0148ovat zcela mimo\u0159\u00e1dn\u00e9 po\u017eadavky a jsou z\u00e1rukou bezpe\u010dnosti p\u0159i sprchov\u00e1n\u00ed. Sklen\u011bn\u00e9 v\u00fdpln\u011b jsou opat\u0159eny ochranou vrstvou<span> <\/span>RAVAK AntiCalc<sup>\u00ae<\/sup>.<\/p>\n<table border=\"0\">\n<tbody>\n<tr valign=\"top\">\n<td width=\"400\"><\/td>\n<td width=\"20\"><\/td>\n<td>\n<h3>V\u00fdpl\u0148 z kalen\u00e9ho bezpe\u010dnostn\u00edho skla TRANSPARENT (bez dekoru)<\/h3>\n<p>Supernova,<span> <\/span>Blix,<span> <\/span>Blix Slim,<span> <\/span>10\u00b0,<span> <\/span>Pivot,<span> <\/span>Chrome,<span> <\/span>SmartLine,<span> <\/span>Brilliant,<span> <\/span>Walk-In,<span> <\/span>Matrix<\/td>\n<\/tr>\n<\/tbody>\n<\/table>\n<p>&nbsp;<\/p>\n<p align=\"justify\">Ve\u0161ker\u00e9 povrchov\u00e9 \u00fapravy jsou prov\u00e1d\u011bny ve vlastn\u00ed galvanovn\u011b a lakovn\u011b v P\u0159\u00edbrami, \u010d\u00edm\u017e p\u0159edch\u00e1z\u00edme po\u0161kozen\u00ed povrch\u016f ji\u017e p\u0159i p\u0159eprav\u011b v\u00fdrobn\u00edho materi\u00e1lu.<br \/>Pro povrchov\u00e9 \u00fapravy pou\u017e\u00edv\u00e1 RAVAK barvy epoxypolyesterov\u00e9, kter\u00e9 jsou z pr\u00e1\u0161kov\u00fdch barev nejdra\u017e\u0161\u00ed a vykazuj\u00ed nejlep\u0161\u00ed vlastnosti:<br \/>jsou elastick\u00e9, chemicky odoln\u00e9 a z\u00e1rove\u0148 barevn\u011b st\u00e1l\u00e9 a v\u016f\u010di st\u00e1rnut\u00ed odoln\u00e9.<\/p>\n<p>&nbsp;<\/p>\n<h1 class=\"nadpis\">Konstrukce a otev\u00edr\u00e1n\u00ed<\/h1>\n<div id=\"page-detail\" class=\"object-detail\">\n<p align=\"justify\">Z hlediska vlastnost\u00ed v\u00fdrobku, jeho vzhledu a funkce rozd\u011blujeme sprchov\u00e9 kouty dle designu na konstrukci r\u00e1movou a bezr\u00e1movou.<br \/>Ka\u017ed\u00e1 z nich m\u00e1 specifick\u00fd pom\u011br funk\u010dnosti, designu a ceny.<br \/>Z\u00e1kladn\u00edm po\u017eadavkem z\u00e1kazn\u00edka u sprchov\u00e9ho koutu je jeho vodot\u011bsnost \u2013 p\u0159i sprchov\u00e1n\u00ed m\u00e1 voda z\u016fstat ve sprchov\u00e9m koutu. A z\u00e1kladn\u00edm pravidlem je, \u017ee ve srovn\u00e1n\u00ed s ostatn\u00edmi typy konstrukce poskytuje r\u00e1mov\u00e1 konstrukce v\u017edy vy\u0161\u0161\u00ed vodot\u011bsnost. Z tohoto d\u016fvodu budou tak\u00e9 v\u017edy v\u00fdhodn\u011bj\u0161\u00ed posuvn\u00e9 dve\u0159e, kde ani p\u0159i otev\u00edr\u00e1n\u00ed a zav\u00edr\u00e1n\u00ed sprchov\u00e9ho koutu nemohou st\u00e9kat kapky vody na zem mimo sprchov\u00fd kout.<br \/>Vodot\u011bsnost v\u00fdrobku mus\u00ed b\u00fdt z\u00e1rove\u0148 zaru\u010dena postupem mont\u00e1\u017ee dle mont\u00e1\u017en\u00edho n\u00e1vodu v\u00fdrobce. Dal\u0161\u00ed podm\u00ednkou optim\u00e1ln\u00ed funk\u010dnosti je kombinace v\u00fdrobk\u016f jedn\u00e9 zna\u010dky \u2013 ke sprchov\u00fdm kout\u016fm RAVAK doporu\u010dujeme<span> <\/span>vani\u010dky na\u0161\u00ed produkce, kter\u00e9 byly v r\u00e1mci v\u00fdvoje otestov\u00e1ny<span> <\/span>s ostatn\u00edmi v\u00fdrobky RAVAK.<\/p>\n<\/div>\n<\/div>\n<p><strong>Upozorn\u011bn\u00ed pro z\u00e1kazn\u00edky ke koupi produkt\u016f na objedn\u00e1n\u00ed:<\/strong> Toto zbo\u017e\u00ed nen\u00ed standardn\u00edm s\u00e9riov\u00fdm v\u00fdrobkem. Bude vyrobeno na p\u0159\u00e1n\u00ed z\u00e1kazn\u00edka a proto jej <strong>nelze dodavateli v z\u00e1konn\u00e9 lh\u016ft\u011b vr\u00e1tit<\/strong>. (viz \u00a71837 odst.d, ob\u010dansk\u00e9ho z\u00e1kon\u00edku). V tomto p\u0159\u00edpad\u011b m\u016f\u017eeme po\u017eadovat nevratnou z\u00e1lohu a\u017e do v\u00fd\u0161e 100 % z ceny v\u00fdrobku.<\/p>\n<\/div><\/div>\n","protected":false},"excerpt":{"rendered":"<p>Detailn\u00ed popis produktu O krok bl\u00ed\u017e k dokonalosti Minimalistick\u00e9, sou\u010dasn\u00e9 tvaroslov\u00ed sprchov\u00e9ho koutu univerz\u00e1ln\u011b zapad\u00e1 do naprost\u00e9 v\u011bt\u0161iny koupelen. R\u00e1m, oto\u010dn\u00fd pant a \u010dist\u00e9 sklo. Nic dal\u0161\u00edho nen\u00ed pro dokonalou spokojenost pot\u0159eba. \u010cist\u00fd a modern\u00ed design Minimum kovov\u00fdch profil\u016f a maximum \u010dist\u00e9ho bezpe\u010dnostn\u00edho skla o tlou\u0161\u0165ce 6 mm. V\u00fdrobky \u0159ady Nexty se vyzna\u010duj\u00ed modern\u00edm tvarem [&hellip;]<\/p>\n","protected":false},"featured_media":67194,"comment_status":"open","ping_status":"open","template":"","meta":[],"product_brand":[],"product_cat":[67],"product_tag":[],"class_list":{"0":"post-67094","1":"product","2":"type-product","3":"status-publish","4":"has-post-thumbnail","6":"product_cat-sprchove-kouty","8":"first","9":"instock","10":"sale","11":"shipping-taxable","12":"purchasable","13":"product-type-simple"},"yoast_head":"<!-- This site is optimized with the Yoast SEO plugin v26.8 - https:\/\/yoast.com\/product\/yoast-seo-wordpress\/ -->\n<title>Akce Ravak Nexty NDOP2 Sprchov\u00e9 dve\u0159e dvoud\u00edln\u00e9 110 cm -<\/title>\n<meta name=\"robots\" content=\"index, follow, max-snippet:-1, max-image-preview:large, max-video-preview:-1\" \/>\n<link rel=\"canonical\" href=\"https:\/\/www.domkraftpro.com\/index.php\/produkt\/akce-ravak-nexty-ndop2-sprchove-dvere-dvoudilne-110-cm-67094\/\" \/>\n<meta property=\"og:locale\" content=\"cs_CZ\" \/>\n<meta property=\"og:type\" content=\"article\" \/>\n<meta property=\"og:title\" content=\"Akce Ravak Nexty NDOP2 Sprchov\u00e9 dve\u0159e dvoud\u00edln\u00e9 110 cm -\" \/>\n<meta property=\"og:description\" content=\"Detailn\u00ed popis produktu O krok bl\u00ed\u017e k dokonalosti Minimalistick\u00e9, sou\u010dasn\u00e9 tvaroslov\u00ed sprchov\u00e9ho koutu univerz\u00e1ln\u011b zapad\u00e1 do naprost\u00e9 v\u011bt\u0161iny koupelen. R\u00e1m, oto\u010dn\u00fd pant a \u010dist\u00e9 sklo. Nic dal\u0161\u00edho nen\u00ed pro dokonalou spokojenost pot\u0159eba. \u010cist\u00fd a modern\u00ed design Minimum kovov\u00fdch profil\u016f a maximum \u010dist\u00e9ho bezpe\u010dnostn\u00edho skla o tlou\u0161\u0165ce 6 mm. V\u00fdrobky \u0159ady Nexty se vyzna\u010duj\u00ed modern\u00edm tvarem [&hellip;]\" \/>\n<meta property=\"og:url\" content=\"https:\/\/www.domkraftpro.com\/index.php\/produkt\/akce-ravak-nexty-ndop2-sprchove-dvere-dvoudilne-110-cm-67094\/\" \/>\n<meta property=\"og:image\" content=\"https:\/\/www.domkraftpro.com\/wp-content\/uploads\/2026\/SK0007577-CZ20260425-093631-0-1777080994-235089_ravak-nexty-ndop2-sprchove-dvere-dvoudilne-110-cm.jp.webp\" \/>\n\t<meta property=\"og:image:width\" content=\"1000\" \/>\n\t<meta property=\"og:image:height\" content=\"750\" \/>\n\t<meta property=\"og:image:type\" content=\"image\/webp\" \/>\n<meta name=\"twitter:card\" content=\"summary_large_image\" \/>\n<meta name=\"twitter:label1\" content=\"Odhadovan\u00e1 doba \u010dten\u00ed\" \/>\n\t<meta name=\"twitter:data1\" content=\"4 minuty\" \/>\n<script type=\"application\/ld+json\" class=\"yoast-schema-graph\">{\"@context\":\"https:\/\/schema.org\",\"@graph\":[{\"@type\":\"WebPage\",\"@id\":\"https:\/\/www.domkraftpro.com\/index.php\/produkt\/akce-ravak-nexty-ndop2-sprchove-dvere-dvoudilne-110-cm-67094\/\",\"url\":\"https:\/\/www.domkraftpro.com\/index.php\/produkt\/akce-ravak-nexty-ndop2-sprchove-dvere-dvoudilne-110-cm-67094\/\",\"name\":\"Akce Ravak Nexty NDOP2 Sprchov\u00e9 dve\u0159e dvoud\u00edln\u00e9 110 cm -\",\"isPartOf\":{\"@id\":\"https:\/\/www.domkraftpro.com\/#website\"},\"primaryImageOfPage\":{\"@id\":\"https:\/\/www.domkraftpro.com\/index.php\/produkt\/akce-ravak-nexty-ndop2-sprchove-dvere-dvoudilne-110-cm-67094\/#primaryimage\"},\"image\":{\"@id\":\"https:\/\/www.domkraftpro.com\/index.php\/produkt\/akce-ravak-nexty-ndop2-sprchove-dvere-dvoudilne-110-cm-67094\/#primaryimage\"},\"thumbnailUrl\":\"https:\/\/www.domkraftpro.com\/wp-content\/uploads\/2026\/SK0007577-CZ20260425-093631-0-1777080994-235089_ravak-nexty-ndop2-sprchove-dvere-dvoudilne-110-cm.jp.webp\",\"datePublished\":\"2026-04-27T04:43:28+00:00\",\"breadcrumb\":{\"@id\":\"https:\/\/www.domkraftpro.com\/index.php\/produkt\/akce-ravak-nexty-ndop2-sprchove-dvere-dvoudilne-110-cm-67094\/#breadcrumb\"},\"inLanguage\":\"cs\",\"potentialAction\":[{\"@type\":\"ReadAction\",\"target\":[\"https:\/\/www.domkraftpro.com\/index.php\/produkt\/akce-ravak-nexty-ndop2-sprchove-dvere-dvoudilne-110-cm-67094\/\"]}]},{\"@type\":\"ImageObject\",\"inLanguage\":\"cs\",\"@id\":\"https:\/\/www.domkraftpro.com\/index.php\/produkt\/akce-ravak-nexty-ndop2-sprchove-dvere-dvoudilne-110-cm-67094\/#primaryimage\",\"url\":\"https:\/\/www.domkraftpro.com\/wp-content\/uploads\/2026\/SK0007577-CZ20260425-093631-0-1777080994-235089_ravak-nexty-ndop2-sprchove-dvere-dvoudilne-110-cm.jp.webp\",\"contentUrl\":\"https:\/\/www.domkraftpro.com\/wp-content\/uploads\/2026\/SK0007577-CZ20260425-093631-0-1777080994-235089_ravak-nexty-ndop2-sprchove-dvere-dvoudilne-110-cm.jp.webp\",\"width\":1000,\"height\":750},{\"@type\":\"BreadcrumbList\",\"@id\":\"https:\/\/www.domkraftpro.com\/index.php\/produkt\/akce-ravak-nexty-ndop2-sprchove-dvere-dvoudilne-110-cm-67094\/#breadcrumb\",\"itemListElement\":[{\"@type\":\"ListItem\",\"position\":1,\"name\":\"Home\",\"item\":\"https:\/\/www.domkraftpro.com\/\"},{\"@type\":\"ListItem\",\"position\":2,\"name\":\"Products\",\"item\":\"https:\/\/www.domkraftpro.com\/index.php\/products\/\"},{\"@type\":\"ListItem\",\"position\":3,\"name\":\"Akce Ravak Nexty NDOP2 Sprchov\u00e9 dve\u0159e dvoud\u00edln\u00e9 110 cm\"}]},{\"@type\":\"WebSite\",\"@id\":\"https:\/\/www.domkraftpro.com\/#website\",\"url\":\"https:\/\/www.domkraftpro.com\/\",\"name\":\"\",\"description\":\"\",\"potentialAction\":[{\"@type\":\"SearchAction\",\"target\":{\"@type\":\"EntryPoint\",\"urlTemplate\":\"https:\/\/www.domkraftpro.com\/?s={search_term_string}\"},\"query-input\":{\"@type\":\"PropertyValueSpecification\",\"valueRequired\":true,\"valueName\":\"search_term_string\"}}],\"inLanguage\":\"cs\"}]}<\/script>\n<!-- \/ Yoast SEO plugin. -->","yoast_head_json":{"title":"Akce Ravak Nexty NDOP2 Sprchov\u00e9 dve\u0159e dvoud\u00edln\u00e9 110 cm -","robots":{"index":"index","follow":"follow","max-snippet":"max-snippet:-1","max-image-preview":"max-image-preview:large","max-video-preview":"max-video-preview:-1"},"canonical":"https:\/\/www.domkraftpro.com\/index.php\/produkt\/akce-ravak-nexty-ndop2-sprchove-dvere-dvoudilne-110-cm-67094\/","og_locale":"cs_CZ","og_type":"article","og_title":"Akce Ravak Nexty NDOP2 Sprchov\u00e9 dve\u0159e dvoud\u00edln\u00e9 110 cm -","og_description":"Detailn\u00ed popis produktu O krok bl\u00ed\u017e k dokonalosti Minimalistick\u00e9, sou\u010dasn\u00e9 tvaroslov\u00ed sprchov\u00e9ho koutu univerz\u00e1ln\u011b zapad\u00e1 do naprost\u00e9 v\u011bt\u0161iny koupelen. R\u00e1m, oto\u010dn\u00fd pant a \u010dist\u00e9 sklo. Nic dal\u0161\u00edho nen\u00ed pro dokonalou spokojenost pot\u0159eba. \u010cist\u00fd a modern\u00ed design Minimum kovov\u00fdch profil\u016f a maximum \u010dist\u00e9ho bezpe\u010dnostn\u00edho skla o tlou\u0161\u0165ce 6 mm. V\u00fdrobky \u0159ady Nexty se vyzna\u010duj\u00ed modern\u00edm tvarem [&hellip;]","og_url":"https:\/\/www.domkraftpro.com\/index.php\/produkt\/akce-ravak-nexty-ndop2-sprchove-dvere-dvoudilne-110-cm-67094\/","og_image":[{"width":1000,"height":750,"url":"https:\/\/www.domkraftpro.com\/wp-content\/uploads\/2026\/SK0007577-CZ20260425-093631-0-1777080994-235089_ravak-nexty-ndop2-sprchove-dvere-dvoudilne-110-cm.jp.webp","type":"image\/webp"}],"twitter_card":"summary_large_image","twitter_misc":{"Odhadovan\u00e1 doba \u010dten\u00ed":"4 minuty"},"schema":{"@context":"https:\/\/schema.org","@graph":[{"@type":"WebPage","@id":"https:\/\/www.domkraftpro.com\/index.php\/produkt\/akce-ravak-nexty-ndop2-sprchove-dvere-dvoudilne-110-cm-67094\/","url":"https:\/\/www.domkraftpro.com\/index.php\/produkt\/akce-ravak-nexty-ndop2-sprchove-dvere-dvoudilne-110-cm-67094\/","name":"Akce Ravak Nexty NDOP2 Sprchov\u00e9 dve\u0159e dvoud\u00edln\u00e9 110 cm -","isPartOf":{"@id":"https:\/\/www.domkraftpro.com\/#website"},"primaryImageOfPage":{"@id":"https:\/\/www.domkraftpro.com\/index.php\/produkt\/akce-ravak-nexty-ndop2-sprchove-dvere-dvoudilne-110-cm-67094\/#primaryimage"},"image":{"@id":"https:\/\/www.domkraftpro.com\/index.php\/produkt\/akce-ravak-nexty-ndop2-sprchove-dvere-dvoudilne-110-cm-67094\/#primaryimage"},"thumbnailUrl":"https:\/\/www.domkraftpro.com\/wp-content\/uploads\/2026\/SK0007577-CZ20260425-093631-0-1777080994-235089_ravak-nexty-ndop2-sprchove-dvere-dvoudilne-110-cm.jp.webp","datePublished":"2026-04-27T04:43:28+00:00","breadcrumb":{"@id":"https:\/\/www.domkraftpro.com\/index.php\/produkt\/akce-ravak-nexty-ndop2-sprchove-dvere-dvoudilne-110-cm-67094\/#breadcrumb"},"inLanguage":"cs","potentialAction":[{"@type":"ReadAction","target":["https:\/\/www.domkraftpro.com\/index.php\/produkt\/akce-ravak-nexty-ndop2-sprchove-dvere-dvoudilne-110-cm-67094\/"]}]},{"@type":"ImageObject","inLanguage":"cs","@id":"https:\/\/www.domkraftpro.com\/index.php\/produkt\/akce-ravak-nexty-ndop2-sprchove-dvere-dvoudilne-110-cm-67094\/#primaryimage","url":"https:\/\/www.domkraftpro.com\/wp-content\/uploads\/2026\/SK0007577-CZ20260425-093631-0-1777080994-235089_ravak-nexty-ndop2-sprchove-dvere-dvoudilne-110-cm.jp.webp","contentUrl":"https:\/\/www.domkraftpro.com\/wp-content\/uploads\/2026\/SK0007577-CZ20260425-093631-0-1777080994-235089_ravak-nexty-ndop2-sprchove-dvere-dvoudilne-110-cm.jp.webp","width":1000,"height":750},{"@type":"BreadcrumbList","@id":"https:\/\/www.domkraftpro.com\/index.php\/produkt\/akce-ravak-nexty-ndop2-sprchove-dvere-dvoudilne-110-cm-67094\/#breadcrumb","itemListElement":[{"@type":"ListItem","position":1,"name":"Home","item":"https:\/\/www.domkraftpro.com\/"},{"@type":"ListItem","position":2,"name":"Products","item":"https:\/\/www.domkraftpro.com\/index.php\/products\/"},{"@type":"ListItem","position":3,"name":"Akce Ravak Nexty NDOP2 Sprchov\u00e9 dve\u0159e dvoud\u00edln\u00e9 110 cm"}]},{"@type":"WebSite","@id":"https:\/\/www.domkraftpro.com\/#website","url":"https:\/\/www.domkraftpro.com\/","name":"","description":"","potentialAction":[{"@type":"SearchAction","target":{"@type":"EntryPoint","urlTemplate":"https:\/\/www.domkraftpro.com\/?s={search_term_string}"},"query-input":{"@type":"PropertyValueSpecification","valueRequired":true,"valueName":"search_term_string"}}],"inLanguage":"cs"}]}},"_links":{"self":[{"href":"https:\/\/www.domkraftpro.com\/index.php\/wp-json\/wp\/v2\/product\/67094","targetHints":{"allow":["GET"]}}],"collection":[{"href":"https:\/\/www.domkraftpro.com\/index.php\/wp-json\/wp\/v2\/product"}],"about":[{"href":"https:\/\/www.domkraftpro.com\/index.php\/wp-json\/wp\/v2\/types\/product"}],"replies":[{"embeddable":true,"href":"https:\/\/www.domkraftpro.com\/index.php\/wp-json\/wp\/v2\/comments?post=67094"}],"wp:featuredmedia":[{"embeddable":true,"href":"https:\/\/www.domkraftpro.com\/index.php\/wp-json\/wp\/v2\/media\/67194"}],"wp:attachment":[{"href":"https:\/\/www.domkraftpro.com\/index.php\/wp-json\/wp\/v2\/media?parent=67094"}],"wp:term":[{"taxonomy":"product_brand","embeddable":true,"href":"https:\/\/www.domkraftpro.com\/index.php\/wp-json\/wp\/v2\/product_brand?post=67094"},{"taxonomy":"product_cat","embeddable":true,"href":"https:\/\/www.domkraftpro.com\/index.php\/wp-json\/wp\/v2\/product_cat?post=67094"},{"taxonomy":"product_tag","embeddable":true,"href":"https:\/\/www.domkraftpro.com\/index.php\/wp-json\/wp\/v2\/product_tag?post=67094"}],"curies":[{"name":"wp","href":"https:\/\/api.w.org\/{rel}","templated":true}]}}