{"id":6698,"date":"2026-04-27T04:40:37","date_gmt":"2026-04-27T04:40:37","guid":{"rendered":""},"modified":"2026-04-27T04:40:37","modified_gmt":"2026-04-27T04:40:37","slug":"akce-samozavlazovaci-kvetinac-scobax-svetle-seda-125-x-39-x-43-cm-6698","status":"publish","type":"product","link":"https:\/\/www.domkraftpro.com\/index.php\/produkt\/akce-samozavlazovaci-kvetinac-scobax-svetle-seda-125-x-39-x-43-cm-6698\/","title":{"rendered":"Akce Samozavla\u017eovac\u00ed kv\u011btin\u00e1\u010d Scobax sv\u011btle \u0161ed\u00e1 125 x 39 x 43 cm"},"content":{"rendered":"<div class=\"detail-description__right\">\n<div class=\"parameters\">\n<div class=\"table table--simple\">\n<table>\n<tbody>\n<tr>\n<td colspan=\"2\">\n<h4>Vlastnosti<\/h4>\n<\/td>\n<\/tr>\n<tr data-perex=\"1\">\n<td>Materi\u00e1l<\/td>\n<td>polyratan, hlin\u00edk, pozinkovan\u00fd plech<\/td>\n<\/tr>\n<tr data-perex=\"1\">\n<td>D\u00e9lka<\/td>\n<td>50\u00a0\u2013 125\u00a0cm<\/td>\n<\/tr>\n<tr data-perex=\"1\">\n<td>\u0160\u00ed\u0159ka<\/td>\n<td>39\u00a0\u2013 50\u00a0cm<\/td>\n<\/tr>\n<tr data-perex=\"1\">\n<td>V\u00fd\u0161ka<\/td>\n<td>43 cm<\/td>\n<\/tr>\n<tr>\n<td>Hmotnost<\/td>\n<td>9,5\u00a0\u2013 14\u00a0kg<\/td>\n<\/tr>\n<tr>\n<td colspan=\"2\">\n<h4>Parametry<\/h4>\n<\/td>\n<\/tr>\n<tr>\n<td>P\u016fvod<\/td>\n<td>Vyrobeno v\u00a0PL<\/td>\n<\/tr>\n<tr>\n<td>Z\u00e1ruka<\/td>\n<td>2 roky<\/td>\n<\/tr>\n<tr>\n<td>Zna\u010dka<\/td>\n<td>Scobax<\/td>\n<\/tr>\n<\/tbody>\n<\/table><\/div>\n<\/div><\/div>\n<div class=\"detail-description__top\">\t\t\t\t<\/div>\n<div class=\"detail-description__left\">\n<div class=\"detail-description__left__overflow\">\n<div class=\"detail-description__left__head\">\t\t\t\t\t\tPopis:\t\t\t\t\t<\/div>\n<div class=\"ul-style ul-style--check\">\n<p>Samozavla\u017eovac\u00ed kv\u011btin\u00e1\u010d je uvnit\u0159 z pozinkovan\u00e9ho plechu, vn\u011bj\u0161\u00ed \u010d\u00e1st je vyrobena z polyratanu a le\u0161t\u011bn\u00e9ho hlin\u00edku. Uvnit\u0159 m\u00e1 kv\u011btin\u00e1\u010d 2 cm tlustou desku ze styroduru a \u010dernou silnou folii. <strong>D\u00e1le je sou\u010d\u00e1st\u00ed p\u0159\u00edvod vody a ukazatel hladiny vody v n\u00e1dr\u017ece.<\/strong><\/p>\n<p>Na dn\u011b kv\u011btin\u00e1\u010de je vodn\u00ed n\u00e1dr\u017e pokryt\u00e1 styrodurem s p\u00e1sy pro rozvod vody. Ukazatel vody signalizuje, kdy je vodu pot\u0159eba doplnit.<\/p>\n<\/div>\n<div class=\"detail-description__left__more\">\t\t\t\t\t\t<span> <\/span><span> <\/span>\t\t\t\t\t<\/div>\n<\/p><\/div>\n<\/p><\/div>\n<div class=\"detail-description__more\"><span> <\/span><span> <\/span><\/div>\n<\/p><\/div>\n<\/p><\/div>\n","protected":false},"excerpt":{"rendered":"<p>Vlastnosti Materi\u00e1l polyratan, hlin\u00edk, pozinkovan\u00fd plech D\u00e9lka 50\u00a0\u2013 125\u00a0cm \u0160\u00ed\u0159ka 39\u00a0\u2013 50\u00a0cm V\u00fd\u0161ka 43 cm Hmotnost 9,5\u00a0\u2013 14\u00a0kg Parametry P\u016fvod Vyrobeno v\u00a0PL Z\u00e1ruka 2 roky Zna\u010dka Scobax Popis: Samozavla\u017eovac\u00ed kv\u011btin\u00e1\u010d je uvnit\u0159 z pozinkovan\u00e9ho plechu, vn\u011bj\u0161\u00ed \u010d\u00e1st je vyrobena z polyratanu a le\u0161t\u011bn\u00e9ho hlin\u00edku. Uvnit\u0159 m\u00e1 kv\u011btin\u00e1\u010d 2 cm tlustou desku ze styroduru a \u010dernou [&hellip;]<\/p>\n","protected":false},"featured_media":6798,"comment_status":"open","ping_status":"open","template":"","meta":[],"product_brand":[],"product_cat":[47],"product_tag":[],"class_list":{"0":"post-6698","1":"product","2":"type-product","3":"status-publish","4":"has-post-thumbnail","6":"product_cat-zahrada","8":"first","9":"instock","10":"sale","11":"shipping-taxable","12":"purchasable","13":"product-type-simple"},"yoast_head":"<!-- This site is optimized with the Yoast SEO plugin v26.8 - https:\/\/yoast.com\/product\/yoast-seo-wordpress\/ -->\n<title>Akce Samozavla\u017eovac\u00ed kv\u011btin\u00e1\u010d Scobax sv\u011btle \u0161ed\u00e1 125 x 39 x 43 cm -<\/title>\n<meta name=\"robots\" content=\"index, follow, max-snippet:-1, max-image-preview:large, max-video-preview:-1\" \/>\n<link rel=\"canonical\" href=\"https:\/\/www.domkraftpro.com\/index.php\/produkt\/akce-samozavlazovaci-kvetinac-scobax-svetle-seda-125-x-39-x-43-cm-6698\/\" \/>\n<meta property=\"og:locale\" content=\"cs_CZ\" \/>\n<meta property=\"og:type\" content=\"article\" \/>\n<meta property=\"og:title\" content=\"Akce Samozavla\u017eovac\u00ed kv\u011btin\u00e1\u010d Scobax sv\u011btle \u0161ed\u00e1 125 x 39 x 43 cm -\" \/>\n<meta property=\"og:description\" content=\"Vlastnosti Materi\u00e1l polyratan, hlin\u00edk, pozinkovan\u00fd plech D\u00e9lka 50\u00a0\u2013 125\u00a0cm \u0160\u00ed\u0159ka 39\u00a0\u2013 50\u00a0cm V\u00fd\u0161ka 43 cm Hmotnost 9,5\u00a0\u2013 14\u00a0kg Parametry P\u016fvod Vyrobeno v\u00a0PL Z\u00e1ruka 2 roky Zna\u010dka Scobax Popis: Samozavla\u017eovac\u00ed kv\u011btin\u00e1\u010d je uvnit\u0159 z pozinkovan\u00e9ho plechu, vn\u011bj\u0161\u00ed \u010d\u00e1st je vyrobena z polyratanu a le\u0161t\u011bn\u00e9ho hlin\u00edku. Uvnit\u0159 m\u00e1 kv\u011btin\u00e1\u010d 2 cm tlustou desku ze styroduru a \u010dernou [&hellip;]\" \/>\n<meta property=\"og:url\" content=\"https:\/\/www.domkraftpro.com\/index.php\/produkt\/akce-samozavlazovaci-kvetinac-scobax-svetle-seda-125-x-39-x-43-cm-6698\/\" \/>\n<meta property=\"og:image\" content=\"https:\/\/www.domkraftpro.com\/wp-content\/uploads\/2026\/SK0010059-CZ20260425-091936-0-1777079982-samozavlazovaci-kvetinac-scobax-svetle-seda-125-x-39-x-43-c.webp\" \/>\n\t<meta property=\"og:image:width\" content=\"1000\" \/>\n\t<meta property=\"og:image:height\" content=\"523\" \/>\n\t<meta property=\"og:image:type\" content=\"image\/webp\" \/>\n<meta name=\"twitter:card\" content=\"summary_large_image\" \/>\n<script type=\"application\/ld+json\" class=\"yoast-schema-graph\">{\"@context\":\"https:\/\/schema.org\",\"@graph\":[{\"@type\":\"WebPage\",\"@id\":\"https:\/\/www.domkraftpro.com\/index.php\/produkt\/akce-samozavlazovaci-kvetinac-scobax-svetle-seda-125-x-39-x-43-cm-6698\/\",\"url\":\"https:\/\/www.domkraftpro.com\/index.php\/produkt\/akce-samozavlazovaci-kvetinac-scobax-svetle-seda-125-x-39-x-43-cm-6698\/\",\"name\":\"Akce Samozavla\u017eovac\u00ed kv\u011btin\u00e1\u010d Scobax sv\u011btle \u0161ed\u00e1 125 x 39 x 43 cm -\",\"isPartOf\":{\"@id\":\"https:\/\/www.domkraftpro.com\/#website\"},\"primaryImageOfPage\":{\"@id\":\"https:\/\/www.domkraftpro.com\/index.php\/produkt\/akce-samozavlazovaci-kvetinac-scobax-svetle-seda-125-x-39-x-43-cm-6698\/#primaryimage\"},\"image\":{\"@id\":\"https:\/\/www.domkraftpro.com\/index.php\/produkt\/akce-samozavlazovaci-kvetinac-scobax-svetle-seda-125-x-39-x-43-cm-6698\/#primaryimage\"},\"thumbnailUrl\":\"https:\/\/www.domkraftpro.com\/wp-content\/uploads\/2026\/SK0010059-CZ20260425-091936-0-1777079982-samozavlazovaci-kvetinac-scobax-svetle-seda-125-x-39-x-43-c.webp\",\"datePublished\":\"2026-04-27T04:40:37+00:00\",\"breadcrumb\":{\"@id\":\"https:\/\/www.domkraftpro.com\/index.php\/produkt\/akce-samozavlazovaci-kvetinac-scobax-svetle-seda-125-x-39-x-43-cm-6698\/#breadcrumb\"},\"inLanguage\":\"cs\",\"potentialAction\":[{\"@type\":\"ReadAction\",\"target\":[\"https:\/\/www.domkraftpro.com\/index.php\/produkt\/akce-samozavlazovaci-kvetinac-scobax-svetle-seda-125-x-39-x-43-cm-6698\/\"]}]},{\"@type\":\"ImageObject\",\"inLanguage\":\"cs\",\"@id\":\"https:\/\/www.domkraftpro.com\/index.php\/produkt\/akce-samozavlazovaci-kvetinac-scobax-svetle-seda-125-x-39-x-43-cm-6698\/#primaryimage\",\"url\":\"https:\/\/www.domkraftpro.com\/wp-content\/uploads\/2026\/SK0010059-CZ20260425-091936-0-1777079982-samozavlazovaci-kvetinac-scobax-svetle-seda-125-x-39-x-43-c.webp\",\"contentUrl\":\"https:\/\/www.domkraftpro.com\/wp-content\/uploads\/2026\/SK0010059-CZ20260425-091936-0-1777079982-samozavlazovaci-kvetinac-scobax-svetle-seda-125-x-39-x-43-c.webp\",\"width\":1000,\"height\":523},{\"@type\":\"BreadcrumbList\",\"@id\":\"https:\/\/www.domkraftpro.com\/index.php\/produkt\/akce-samozavlazovaci-kvetinac-scobax-svetle-seda-125-x-39-x-43-cm-6698\/#breadcrumb\",\"itemListElement\":[{\"@type\":\"ListItem\",\"position\":1,\"name\":\"Home\",\"item\":\"https:\/\/www.domkraftpro.com\/\"},{\"@type\":\"ListItem\",\"position\":2,\"name\":\"Products\",\"item\":\"https:\/\/www.domkraftpro.com\/index.php\/products\/\"},{\"@type\":\"ListItem\",\"position\":3,\"name\":\"Akce Samozavla\u017eovac\u00ed kv\u011btin\u00e1\u010d Scobax sv\u011btle \u0161ed\u00e1 125 x 39 x 43 cm\"}]},{\"@type\":\"WebSite\",\"@id\":\"https:\/\/www.domkraftpro.com\/#website\",\"url\":\"https:\/\/www.domkraftpro.com\/\",\"name\":\"\",\"description\":\"\",\"potentialAction\":[{\"@type\":\"SearchAction\",\"target\":{\"@type\":\"EntryPoint\",\"urlTemplate\":\"https:\/\/www.domkraftpro.com\/?s={search_term_string}\"},\"query-input\":{\"@type\":\"PropertyValueSpecification\",\"valueRequired\":true,\"valueName\":\"search_term_string\"}}],\"inLanguage\":\"cs\"}]}<\/script>\n<!-- \/ Yoast SEO plugin. -->","yoast_head_json":{"title":"Akce Samozavla\u017eovac\u00ed kv\u011btin\u00e1\u010d Scobax sv\u011btle \u0161ed\u00e1 125 x 39 x 43 cm -","robots":{"index":"index","follow":"follow","max-snippet":"max-snippet:-1","max-image-preview":"max-image-preview:large","max-video-preview":"max-video-preview:-1"},"canonical":"https:\/\/www.domkraftpro.com\/index.php\/produkt\/akce-samozavlazovaci-kvetinac-scobax-svetle-seda-125-x-39-x-43-cm-6698\/","og_locale":"cs_CZ","og_type":"article","og_title":"Akce Samozavla\u017eovac\u00ed kv\u011btin\u00e1\u010d Scobax sv\u011btle \u0161ed\u00e1 125 x 39 x 43 cm -","og_description":"Vlastnosti Materi\u00e1l polyratan, hlin\u00edk, pozinkovan\u00fd plech D\u00e9lka 50\u00a0\u2013 125\u00a0cm \u0160\u00ed\u0159ka 39\u00a0\u2013 50\u00a0cm V\u00fd\u0161ka 43 cm Hmotnost 9,5\u00a0\u2013 14\u00a0kg Parametry P\u016fvod Vyrobeno v\u00a0PL Z\u00e1ruka 2 roky Zna\u010dka Scobax Popis: Samozavla\u017eovac\u00ed kv\u011btin\u00e1\u010d je uvnit\u0159 z pozinkovan\u00e9ho plechu, vn\u011bj\u0161\u00ed \u010d\u00e1st je vyrobena z polyratanu a le\u0161t\u011bn\u00e9ho hlin\u00edku. Uvnit\u0159 m\u00e1 kv\u011btin\u00e1\u010d 2 cm tlustou desku ze styroduru a \u010dernou [&hellip;]","og_url":"https:\/\/www.domkraftpro.com\/index.php\/produkt\/akce-samozavlazovaci-kvetinac-scobax-svetle-seda-125-x-39-x-43-cm-6698\/","og_image":[{"width":1000,"height":523,"url":"https:\/\/www.domkraftpro.com\/wp-content\/uploads\/2026\/SK0010059-CZ20260425-091936-0-1777079982-samozavlazovaci-kvetinac-scobax-svetle-seda-125-x-39-x-43-c.webp","type":"image\/webp"}],"twitter_card":"summary_large_image","schema":{"@context":"https:\/\/schema.org","@graph":[{"@type":"WebPage","@id":"https:\/\/www.domkraftpro.com\/index.php\/produkt\/akce-samozavlazovaci-kvetinac-scobax-svetle-seda-125-x-39-x-43-cm-6698\/","url":"https:\/\/www.domkraftpro.com\/index.php\/produkt\/akce-samozavlazovaci-kvetinac-scobax-svetle-seda-125-x-39-x-43-cm-6698\/","name":"Akce Samozavla\u017eovac\u00ed kv\u011btin\u00e1\u010d Scobax sv\u011btle \u0161ed\u00e1 125 x 39 x 43 cm -","isPartOf":{"@id":"https:\/\/www.domkraftpro.com\/#website"},"primaryImageOfPage":{"@id":"https:\/\/www.domkraftpro.com\/index.php\/produkt\/akce-samozavlazovaci-kvetinac-scobax-svetle-seda-125-x-39-x-43-cm-6698\/#primaryimage"},"image":{"@id":"https:\/\/www.domkraftpro.com\/index.php\/produkt\/akce-samozavlazovaci-kvetinac-scobax-svetle-seda-125-x-39-x-43-cm-6698\/#primaryimage"},"thumbnailUrl":"https:\/\/www.domkraftpro.com\/wp-content\/uploads\/2026\/SK0010059-CZ20260425-091936-0-1777079982-samozavlazovaci-kvetinac-scobax-svetle-seda-125-x-39-x-43-c.webp","datePublished":"2026-04-27T04:40:37+00:00","breadcrumb":{"@id":"https:\/\/www.domkraftpro.com\/index.php\/produkt\/akce-samozavlazovaci-kvetinac-scobax-svetle-seda-125-x-39-x-43-cm-6698\/#breadcrumb"},"inLanguage":"cs","potentialAction":[{"@type":"ReadAction","target":["https:\/\/www.domkraftpro.com\/index.php\/produkt\/akce-samozavlazovaci-kvetinac-scobax-svetle-seda-125-x-39-x-43-cm-6698\/"]}]},{"@type":"ImageObject","inLanguage":"cs","@id":"https:\/\/www.domkraftpro.com\/index.php\/produkt\/akce-samozavlazovaci-kvetinac-scobax-svetle-seda-125-x-39-x-43-cm-6698\/#primaryimage","url":"https:\/\/www.domkraftpro.com\/wp-content\/uploads\/2026\/SK0010059-CZ20260425-091936-0-1777079982-samozavlazovaci-kvetinac-scobax-svetle-seda-125-x-39-x-43-c.webp","contentUrl":"https:\/\/www.domkraftpro.com\/wp-content\/uploads\/2026\/SK0010059-CZ20260425-091936-0-1777079982-samozavlazovaci-kvetinac-scobax-svetle-seda-125-x-39-x-43-c.webp","width":1000,"height":523},{"@type":"BreadcrumbList","@id":"https:\/\/www.domkraftpro.com\/index.php\/produkt\/akce-samozavlazovaci-kvetinac-scobax-svetle-seda-125-x-39-x-43-cm-6698\/#breadcrumb","itemListElement":[{"@type":"ListItem","position":1,"name":"Home","item":"https:\/\/www.domkraftpro.com\/"},{"@type":"ListItem","position":2,"name":"Products","item":"https:\/\/www.domkraftpro.com\/index.php\/products\/"},{"@type":"ListItem","position":3,"name":"Akce Samozavla\u017eovac\u00ed kv\u011btin\u00e1\u010d Scobax sv\u011btle \u0161ed\u00e1 125 x 39 x 43 cm"}]},{"@type":"WebSite","@id":"https:\/\/www.domkraftpro.com\/#website","url":"https:\/\/www.domkraftpro.com\/","name":"","description":"","potentialAction":[{"@type":"SearchAction","target":{"@type":"EntryPoint","urlTemplate":"https:\/\/www.domkraftpro.com\/?s={search_term_string}"},"query-input":{"@type":"PropertyValueSpecification","valueRequired":true,"valueName":"search_term_string"}}],"inLanguage":"cs"}]}},"_links":{"self":[{"href":"https:\/\/www.domkraftpro.com\/index.php\/wp-json\/wp\/v2\/product\/6698","targetHints":{"allow":["GET"]}}],"collection":[{"href":"https:\/\/www.domkraftpro.com\/index.php\/wp-json\/wp\/v2\/product"}],"about":[{"href":"https:\/\/www.domkraftpro.com\/index.php\/wp-json\/wp\/v2\/types\/product"}],"replies":[{"embeddable":true,"href":"https:\/\/www.domkraftpro.com\/index.php\/wp-json\/wp\/v2\/comments?post=6698"}],"wp:featuredmedia":[{"embeddable":true,"href":"https:\/\/www.domkraftpro.com\/index.php\/wp-json\/wp\/v2\/media\/6798"}],"wp:attachment":[{"href":"https:\/\/www.domkraftpro.com\/index.php\/wp-json\/wp\/v2\/media?parent=6698"}],"wp:term":[{"taxonomy":"product_brand","embeddable":true,"href":"https:\/\/www.domkraftpro.com\/index.php\/wp-json\/wp\/v2\/product_brand?post=6698"},{"taxonomy":"product_cat","embeddable":true,"href":"https:\/\/www.domkraftpro.com\/index.php\/wp-json\/wp\/v2\/product_cat?post=6698"},{"taxonomy":"product_tag","embeddable":true,"href":"https:\/\/www.domkraftpro.com\/index.php\/wp-json\/wp\/v2\/product_tag?post=6698"}],"curies":[{"name":"wp","href":"https:\/\/api.w.org\/{rel}","templated":true}]}}