{"id":66572,"date":"2026-04-27T04:43:26","date_gmt":"2026-04-27T04:43:26","guid":{"rendered":""},"modified":"2026-04-27T04:43:26","modified_gmt":"2026-04-27T04:43:26","slug":"znackovy-mosaz-hadicnik-1-2-quot-x-14-vnitrni-zavit-66572","status":"publish","type":"product","link":"https:\/\/www.domkraftpro.com\/index.php\/produkt\/znackovy-mosaz-hadicnik-1-2-quot-x-14-vnitrni-zavit-66572\/","title":{"rendered":"Zna\u010dkov\u00fd Mosaz hadi\u010dn\u00edk 1\/2&quot; x 14 vnit\u0159n\u00ed z\u00e1vit"},"content":{"rendered":"<div id=\"e9979602\" class=\"pages\">\n<div>\n<div id=\"PDDescription\" class=\"UserContentView userContent v1a v1 bs-view dcon dc159 PDDescription\" ><dc-con><dc-con><bs-empty><\/bs-empty><\/dc-con><dc-con>        <\/p>\n<div class=\"customDescription\">                    <\/div>\n<p><\/dc-con><dc-con><\/p>\n<p style=\"color: #000000; text-transform: none; text-indent: 0px; letter-spacing: normal; padding-top: 0px; font-family: Arial, Verdana, Tahoma; font-size: 14px; font-style: normal; font-weight: normal; margin-top: 0px; word-spacing: 0px; white-space: normal; orphans: 2; widows: 2; background-color: #ffffff; -webkit-text-stroke-width: 0px; font-variant-ligatures: normal; font-variant-caps: normal;\"><strong>Mosaz hadi\u010dn\u00edk\u00a0 1\/2&#8243; x 14 vnit\u0159n\u00ed z\u00e1vit<\/strong><\/p>\n<p style=\"color: #000000; text-transform: none; text-indent: 0px; letter-spacing: normal; padding-top: 0px; font-family: Arial, Verdana, Tahoma; font-size: 14px; font-style: normal; font-weight: normal; margin-top: 0px; word-spacing: 0px; white-space: normal; orphans: 2; widows: 2; background-color: #ffffff; -webkit-text-stroke-width: 0px; font-variant-ligatures: normal; font-variant-caps: normal;\"><strong>Tlak max.:<\/strong><span class=\"Apple-converted-space\">\u00a0<\/span>PN10<\/p>\n<p style=\"color: #000000; text-transform: none; text-indent: 0px; letter-spacing: normal; padding-top: 0px; font-family: Arial, Verdana, Tahoma; font-size: 14px; font-style: normal; font-weight: normal; margin-top: 0px; word-spacing: 0px; white-space: normal; orphans: 2; widows: 2; background-color: #ffffff; -webkit-text-stroke-width: 0px; font-variant-ligatures: normal; font-variant-caps: normal;\"><strong>Teplota max.:<\/strong><span class=\"Apple-converted-space\">\u00a0<\/span>120\u00b0C<\/p>\n<p style=\"color: #000000; text-transform: none; text-indent: 0px; letter-spacing: normal; padding-top: 0px; font-family: Arial, Verdana, Tahoma; font-size: 14px; font-style: normal; font-weight: normal; margin-top: 0px; word-spacing: 0px; white-space: normal; orphans: 2; widows: 2; background-color: #ffffff; -webkit-text-stroke-width: 0px; font-variant-ligatures: normal; font-variant-caps: normal;\"><strong>Pou\u017eitelnost:<\/strong><span class=\"Apple-converted-space\">\u00a0<\/span>rozvody pitn\u00e9 vody, rozvody topen\u00ed, rozvody vzduchu, rozvody z\u00e1vlahov\u00e9 vody.<\/p>\n<p style=\"color: #000000; text-transform: none; text-indent: 0px; letter-spacing: normal; padding-top: 0px; font-family: Arial, Verdana, Tahoma; font-size: 14px; font-style: normal; font-weight: normal; margin-top: 0px; word-spacing: 0px; white-space: normal; orphans: 2; widows: 2; background-color: #ffffff; -webkit-text-stroke-width: 0px; font-variant-ligatures: normal; font-variant-caps: normal;\"><strong>Mater\u00e1l:<\/strong><span class=\"Apple-converted-space\">\u00a0<\/span>CW617N<\/p>\n<p style=\"color: #000000; text-transform: none; text-indent: 0px; letter-spacing: normal; padding-top: 0px; padding-bottom: 0px; font-family: Arial, Verdana, Tahoma; font-size: 14px; font-style: normal; font-weight: normal; margin-top: 0px; margin-bottom: 0px; word-spacing: 0px; white-space: normal; orphans: 2; widows: 2; background-color: #ffffff; -webkit-text-stroke-width: 0px; font-variant-ligatures: normal; font-variant-caps: normal;\"><span style=\"text-decoration: underline;\"><strong><a style=\"color: #ee0000; text-decoration: underline; cursor: pointer;\" target=\"_blank\" href=\"https:\/\/1907554748.rsc.cdn77.org\/data\/user-content\/Montazni%20predpisy%20-%20mosazne%20tvarovky.pdf\">Mont\u00e1\u017en\u00ed n\u00e1vod ke sta\u017een\u00ed<\/a><\/strong><\/span><\/p>\n<p><\/dc-con><\/dc-con><\/div>\n<\/p><\/div>\n<div id=\"PDTable3\" class=\"ProductDetailTableView v3a v3 bs-view dcon dc180 PDTable3\" >\n<table>\n<thead><\/thead>\n<tbody>\n<tr class=\"attribute attr_typ\">\n<td class=\"caption\">Typ<\/td>\n<td class=\"value\">Hadi\u010dn\u00edky<\/td>\n<\/tr>\n<tr class=\"attribute attr_Novy attr_atribut attr_delka attr_v attr_mm\">\n<td class=\"caption\">D\u00e9lka v mm<\/td>\n<td class=\"value\">14<\/td>\n<\/tr>\n<tr class=\"attribute attr_material\">\n<td class=\"caption\">Materi\u00e1l<\/td>\n<td class=\"value\">Fitinky mosazn\u00e9<\/td>\n<\/tr>\n<tr class=\"attribute attr_rozmerzavitovychtvarovek\">\n<td class=\"caption\">Rozm\u011br z\u00e1vitov\u00fdch tvarovek<\/td>\n<td class=\"value\">DN 15 &#8211; 1\/2&#8243;<\/td>\n<\/tr>\n<tr class=\"attribute attr_bsshop_maker\">\n<td class=\"caption\">V\u00fdrobce<\/td>\n<td class=\"value\">EU<\/td>\n<\/tr>\n<tr class=\"attribute attr_zavit\">\n<td class=\"caption\">Z\u00e1vit<\/td>\n<td class=\"value\">Vnit\u0159n\u00ed<\/td>\n<\/tr>\n<\/tbody>\n<\/table>\n<\/div>\n<\/div>\n<div id=\"e9979603\" class=\"tabs\">\n","protected":false},"excerpt":{"rendered":"<p>Mosaz hadi\u010dn\u00edk\u00a0 1\/2&#8243; x 14 vnit\u0159n\u00ed z\u00e1vit Tlak max.:\u00a0PN10 Teplota max.:\u00a0120\u00b0C Pou\u017eitelnost:\u00a0rozvody pitn\u00e9 vody, rozvody topen\u00ed, rozvody vzduchu, rozvody z\u00e1vlahov\u00e9 vody. Mater\u00e1l:\u00a0CW617N Mont\u00e1\u017en\u00ed n\u00e1vod ke sta\u017een\u00ed Typ Hadi\u010dn\u00edky D\u00e9lka v mm 14 Materi\u00e1l Fitinky mosazn\u00e9 Rozm\u011br z\u00e1vitov\u00fdch tvarovek DN 15 &#8211; 1\/2&#8243; V\u00fdrobce EU Z\u00e1vit Vnit\u0159n\u00ed<\/p>\n","protected":false},"featured_media":66672,"comment_status":"open","ping_status":"open","template":"","meta":[],"product_brand":[],"product_cat":[100],"product_tag":[],"class_list":{"0":"post-66572","1":"product","2":"type-product","3":"status-publish","4":"has-post-thumbnail","6":"product_cat-tvarovky-fitinky","8":"first","9":"instock","10":"sale","11":"shipping-taxable","12":"purchasable","13":"product-type-simple"},"yoast_head":"<!-- This site is optimized with the Yoast SEO plugin v26.8 - https:\/\/yoast.com\/product\/yoast-seo-wordpress\/ -->\n<title>Zna\u010dkov\u00fd Mosaz hadi\u010dn\u00edk 1\/2&quot; x 14 vnit\u0159n\u00ed z\u00e1vit -<\/title>\n<meta name=\"robots\" content=\"index, follow, max-snippet:-1, max-image-preview:large, max-video-preview:-1\" \/>\n<link rel=\"canonical\" href=\"https:\/\/www.domkraftpro.com\/index.php\/produkt\/znackovy-mosaz-hadicnik-1-2-quot-x-14-vnitrni-zavit-66572\/\" \/>\n<meta property=\"og:locale\" content=\"cs_CZ\" \/>\n<meta property=\"og:type\" content=\"article\" \/>\n<meta property=\"og:title\" content=\"Zna\u010dkov\u00fd Mosaz hadi\u010dn\u00edk 1\/2&quot; x 14 vnit\u0159n\u00ed z\u00e1vit -\" \/>\n<meta property=\"og:description\" content=\"Mosaz hadi\u010dn\u00edk\u00a0 1\/2&#8243; x 14 vnit\u0159n\u00ed z\u00e1vit Tlak max.:\u00a0PN10 Teplota max.:\u00a0120\u00b0C Pou\u017eitelnost:\u00a0rozvody pitn\u00e9 vody, rozvody topen\u00ed, rozvody vzduchu, rozvody z\u00e1vlahov\u00e9 vody. Mater\u00e1l:\u00a0CW617N Mont\u00e1\u017en\u00ed n\u00e1vod ke sta\u017een\u00ed Typ Hadi\u010dn\u00edky D\u00e9lka v mm 14 Materi\u00e1l Fitinky mosazn\u00e9 Rozm\u011br z\u00e1vitov\u00fdch tvarovek DN 15 &#8211; 1\/2&#8243; V\u00fdrobce EU Z\u00e1vit Vnit\u0159n\u00ed\" \/>\n<meta property=\"og:url\" content=\"https:\/\/www.domkraftpro.com\/index.php\/produkt\/znackovy-mosaz-hadicnik-1-2-quot-x-14-vnitrni-zavit-66572\/\" \/>\n<meta property=\"og:image\" content=\"https:\/\/www.domkraftpro.com\/wp-content\/uploads\/2026\/SK0008300-CZ20260425-093449-0-1777080895-mosaz-hadicnik-1-2-x-14-vnitrni-zavit.webp\" \/>\n\t<meta property=\"og:image:width\" content=\"1000\" \/>\n\t<meta property=\"og:image:height\" content=\"525\" \/>\n\t<meta property=\"og:image:type\" content=\"image\/webp\" \/>\n<meta name=\"twitter:card\" content=\"summary_large_image\" \/>\n<script type=\"application\/ld+json\" class=\"yoast-schema-graph\">{\"@context\":\"https:\/\/schema.org\",\"@graph\":[{\"@type\":\"WebPage\",\"@id\":\"https:\/\/www.domkraftpro.com\/index.php\/produkt\/znackovy-mosaz-hadicnik-1-2-quot-x-14-vnitrni-zavit-66572\/\",\"url\":\"https:\/\/www.domkraftpro.com\/index.php\/produkt\/znackovy-mosaz-hadicnik-1-2-quot-x-14-vnitrni-zavit-66572\/\",\"name\":\"Zna\u010dkov\u00fd Mosaz hadi\u010dn\u00edk 1\/2&quot; x 14 vnit\u0159n\u00ed z\u00e1vit -\",\"isPartOf\":{\"@id\":\"https:\/\/www.domkraftpro.com\/#website\"},\"primaryImageOfPage\":{\"@id\":\"https:\/\/www.domkraftpro.com\/index.php\/produkt\/znackovy-mosaz-hadicnik-1-2-quot-x-14-vnitrni-zavit-66572\/#primaryimage\"},\"image\":{\"@id\":\"https:\/\/www.domkraftpro.com\/index.php\/produkt\/znackovy-mosaz-hadicnik-1-2-quot-x-14-vnitrni-zavit-66572\/#primaryimage\"},\"thumbnailUrl\":\"https:\/\/www.domkraftpro.com\/wp-content\/uploads\/2026\/SK0008300-CZ20260425-093449-0-1777080895-mosaz-hadicnik-1-2-x-14-vnitrni-zavit.webp\",\"datePublished\":\"2026-04-27T04:43:26+00:00\",\"breadcrumb\":{\"@id\":\"https:\/\/www.domkraftpro.com\/index.php\/produkt\/znackovy-mosaz-hadicnik-1-2-quot-x-14-vnitrni-zavit-66572\/#breadcrumb\"},\"inLanguage\":\"cs\",\"potentialAction\":[{\"@type\":\"ReadAction\",\"target\":[\"https:\/\/www.domkraftpro.com\/index.php\/produkt\/znackovy-mosaz-hadicnik-1-2-quot-x-14-vnitrni-zavit-66572\/\"]}]},{\"@type\":\"ImageObject\",\"inLanguage\":\"cs\",\"@id\":\"https:\/\/www.domkraftpro.com\/index.php\/produkt\/znackovy-mosaz-hadicnik-1-2-quot-x-14-vnitrni-zavit-66572\/#primaryimage\",\"url\":\"https:\/\/www.domkraftpro.com\/wp-content\/uploads\/2026\/SK0008300-CZ20260425-093449-0-1777080895-mosaz-hadicnik-1-2-x-14-vnitrni-zavit.webp\",\"contentUrl\":\"https:\/\/www.domkraftpro.com\/wp-content\/uploads\/2026\/SK0008300-CZ20260425-093449-0-1777080895-mosaz-hadicnik-1-2-x-14-vnitrni-zavit.webp\",\"width\":1000,\"height\":525},{\"@type\":\"BreadcrumbList\",\"@id\":\"https:\/\/www.domkraftpro.com\/index.php\/produkt\/znackovy-mosaz-hadicnik-1-2-quot-x-14-vnitrni-zavit-66572\/#breadcrumb\",\"itemListElement\":[{\"@type\":\"ListItem\",\"position\":1,\"name\":\"Home\",\"item\":\"https:\/\/www.domkraftpro.com\/\"},{\"@type\":\"ListItem\",\"position\":2,\"name\":\"Products\",\"item\":\"https:\/\/www.domkraftpro.com\/index.php\/products\/\"},{\"@type\":\"ListItem\",\"position\":3,\"name\":\"Zna\u010dkov\u00fd Mosaz hadi\u010dn\u00edk 1\/2&quot; x 14 vnit\u0159n\u00ed z\u00e1vit\"}]},{\"@type\":\"WebSite\",\"@id\":\"https:\/\/www.domkraftpro.com\/#website\",\"url\":\"https:\/\/www.domkraftpro.com\/\",\"name\":\"\",\"description\":\"\",\"potentialAction\":[{\"@type\":\"SearchAction\",\"target\":{\"@type\":\"EntryPoint\",\"urlTemplate\":\"https:\/\/www.domkraftpro.com\/?s={search_term_string}\"},\"query-input\":{\"@type\":\"PropertyValueSpecification\",\"valueRequired\":true,\"valueName\":\"search_term_string\"}}],\"inLanguage\":\"cs\"}]}<\/script>\n<!-- \/ Yoast SEO plugin. -->","yoast_head_json":{"title":"Zna\u010dkov\u00fd Mosaz hadi\u010dn\u00edk 1\/2&quot; x 14 vnit\u0159n\u00ed z\u00e1vit -","robots":{"index":"index","follow":"follow","max-snippet":"max-snippet:-1","max-image-preview":"max-image-preview:large","max-video-preview":"max-video-preview:-1"},"canonical":"https:\/\/www.domkraftpro.com\/index.php\/produkt\/znackovy-mosaz-hadicnik-1-2-quot-x-14-vnitrni-zavit-66572\/","og_locale":"cs_CZ","og_type":"article","og_title":"Zna\u010dkov\u00fd Mosaz hadi\u010dn\u00edk 1\/2&quot; x 14 vnit\u0159n\u00ed z\u00e1vit -","og_description":"Mosaz hadi\u010dn\u00edk\u00a0 1\/2&#8243; x 14 vnit\u0159n\u00ed z\u00e1vit Tlak max.:\u00a0PN10 Teplota max.:\u00a0120\u00b0C Pou\u017eitelnost:\u00a0rozvody pitn\u00e9 vody, rozvody topen\u00ed, rozvody vzduchu, rozvody z\u00e1vlahov\u00e9 vody. Mater\u00e1l:\u00a0CW617N Mont\u00e1\u017en\u00ed n\u00e1vod ke sta\u017een\u00ed Typ Hadi\u010dn\u00edky D\u00e9lka v mm 14 Materi\u00e1l Fitinky mosazn\u00e9 Rozm\u011br z\u00e1vitov\u00fdch tvarovek DN 15 &#8211; 1\/2&#8243; V\u00fdrobce EU Z\u00e1vit Vnit\u0159n\u00ed","og_url":"https:\/\/www.domkraftpro.com\/index.php\/produkt\/znackovy-mosaz-hadicnik-1-2-quot-x-14-vnitrni-zavit-66572\/","og_image":[{"width":1000,"height":525,"url":"https:\/\/www.domkraftpro.com\/wp-content\/uploads\/2026\/SK0008300-CZ20260425-093449-0-1777080895-mosaz-hadicnik-1-2-x-14-vnitrni-zavit.webp","type":"image\/webp"}],"twitter_card":"summary_large_image","schema":{"@context":"https:\/\/schema.org","@graph":[{"@type":"WebPage","@id":"https:\/\/www.domkraftpro.com\/index.php\/produkt\/znackovy-mosaz-hadicnik-1-2-quot-x-14-vnitrni-zavit-66572\/","url":"https:\/\/www.domkraftpro.com\/index.php\/produkt\/znackovy-mosaz-hadicnik-1-2-quot-x-14-vnitrni-zavit-66572\/","name":"Zna\u010dkov\u00fd Mosaz hadi\u010dn\u00edk 1\/2&quot; x 14 vnit\u0159n\u00ed z\u00e1vit -","isPartOf":{"@id":"https:\/\/www.domkraftpro.com\/#website"},"primaryImageOfPage":{"@id":"https:\/\/www.domkraftpro.com\/index.php\/produkt\/znackovy-mosaz-hadicnik-1-2-quot-x-14-vnitrni-zavit-66572\/#primaryimage"},"image":{"@id":"https:\/\/www.domkraftpro.com\/index.php\/produkt\/znackovy-mosaz-hadicnik-1-2-quot-x-14-vnitrni-zavit-66572\/#primaryimage"},"thumbnailUrl":"https:\/\/www.domkraftpro.com\/wp-content\/uploads\/2026\/SK0008300-CZ20260425-093449-0-1777080895-mosaz-hadicnik-1-2-x-14-vnitrni-zavit.webp","datePublished":"2026-04-27T04:43:26+00:00","breadcrumb":{"@id":"https:\/\/www.domkraftpro.com\/index.php\/produkt\/znackovy-mosaz-hadicnik-1-2-quot-x-14-vnitrni-zavit-66572\/#breadcrumb"},"inLanguage":"cs","potentialAction":[{"@type":"ReadAction","target":["https:\/\/www.domkraftpro.com\/index.php\/produkt\/znackovy-mosaz-hadicnik-1-2-quot-x-14-vnitrni-zavit-66572\/"]}]},{"@type":"ImageObject","inLanguage":"cs","@id":"https:\/\/www.domkraftpro.com\/index.php\/produkt\/znackovy-mosaz-hadicnik-1-2-quot-x-14-vnitrni-zavit-66572\/#primaryimage","url":"https:\/\/www.domkraftpro.com\/wp-content\/uploads\/2026\/SK0008300-CZ20260425-093449-0-1777080895-mosaz-hadicnik-1-2-x-14-vnitrni-zavit.webp","contentUrl":"https:\/\/www.domkraftpro.com\/wp-content\/uploads\/2026\/SK0008300-CZ20260425-093449-0-1777080895-mosaz-hadicnik-1-2-x-14-vnitrni-zavit.webp","width":1000,"height":525},{"@type":"BreadcrumbList","@id":"https:\/\/www.domkraftpro.com\/index.php\/produkt\/znackovy-mosaz-hadicnik-1-2-quot-x-14-vnitrni-zavit-66572\/#breadcrumb","itemListElement":[{"@type":"ListItem","position":1,"name":"Home","item":"https:\/\/www.domkraftpro.com\/"},{"@type":"ListItem","position":2,"name":"Products","item":"https:\/\/www.domkraftpro.com\/index.php\/products\/"},{"@type":"ListItem","position":3,"name":"Zna\u010dkov\u00fd Mosaz hadi\u010dn\u00edk 1\/2&quot; x 14 vnit\u0159n\u00ed z\u00e1vit"}]},{"@type":"WebSite","@id":"https:\/\/www.domkraftpro.com\/#website","url":"https:\/\/www.domkraftpro.com\/","name":"","description":"","potentialAction":[{"@type":"SearchAction","target":{"@type":"EntryPoint","urlTemplate":"https:\/\/www.domkraftpro.com\/?s={search_term_string}"},"query-input":{"@type":"PropertyValueSpecification","valueRequired":true,"valueName":"search_term_string"}}],"inLanguage":"cs"}]}},"_links":{"self":[{"href":"https:\/\/www.domkraftpro.com\/index.php\/wp-json\/wp\/v2\/product\/66572","targetHints":{"allow":["GET"]}}],"collection":[{"href":"https:\/\/www.domkraftpro.com\/index.php\/wp-json\/wp\/v2\/product"}],"about":[{"href":"https:\/\/www.domkraftpro.com\/index.php\/wp-json\/wp\/v2\/types\/product"}],"replies":[{"embeddable":true,"href":"https:\/\/www.domkraftpro.com\/index.php\/wp-json\/wp\/v2\/comments?post=66572"}],"wp:featuredmedia":[{"embeddable":true,"href":"https:\/\/www.domkraftpro.com\/index.php\/wp-json\/wp\/v2\/media\/66672"}],"wp:attachment":[{"href":"https:\/\/www.domkraftpro.com\/index.php\/wp-json\/wp\/v2\/media?parent=66572"}],"wp:term":[{"taxonomy":"product_brand","embeddable":true,"href":"https:\/\/www.domkraftpro.com\/index.php\/wp-json\/wp\/v2\/product_brand?post=66572"},{"taxonomy":"product_cat","embeddable":true,"href":"https:\/\/www.domkraftpro.com\/index.php\/wp-json\/wp\/v2\/product_cat?post=66572"},{"taxonomy":"product_tag","embeddable":true,"href":"https:\/\/www.domkraftpro.com\/index.php\/wp-json\/wp\/v2\/product_tag?post=66572"}],"curies":[{"name":"wp","href":"https:\/\/api.w.org\/{rel}","templated":true}]}}