{"id":66371,"date":"2026-04-27T04:43:25","date_gmt":"2026-04-27T04:43:25","guid":{"rendered":""},"modified":"2026-04-27T04:43:25","modified_gmt":"2026-04-27T04:43:25","slug":"akce-p-m-h-htc2w-66371","status":"publish","type":"product","link":"https:\/\/www.domkraftpro.com\/index.php\/produkt\/akce-p-m-h-htc2w-66371\/","title":{"rendered":"Akce P.M.H. HTC2W"},"content":{"rendered":"<div id=\"e9939595\" class=\"pages\">\n<div>\n<div id=\"PDDescription\" class=\"UserContentView userContent v1a v1 bs-view dcon dc159 PDDescription\" ><dc-con><dc-con><bs-empty><\/bs-empty><\/dc-con><dc-con>        <\/p>\n<div class=\"customDescription\">\n<p><span style=\"color: #ff0000;\"><strong>Na v\u0161echny koupelnov\u00e9 radi\u00e1tory zna\u010dky P.M.H. po\u017eadujeme 50% z\u00e1lohu!!<br \/><\/strong><\/span><\/p>\n<\/p><\/div>\n<p><\/dc-con><dc-con>B\u00edl\u00e1<\/dc-con><\/dc-con><\/div>\n<div id=\"PDDescription2\" class=\"UserContentView userContent v1a v1 bs-view dcon dc160 PDDescription2\" >\n<p><span style=\"font-weight: bold;\">Dr\u017e\u00e1k ru\u010dn\u00edk\u016f HTC2W &#8211; B\u00edl\u00fd<\/span><\/p>\n<p>vhodn\u00fd pro typ Taifun \u0161\u00ed\u0159ky 600 mm<\/p>\n<\/div><\/div>\n<div id=\"PDTable3\" class=\"ProductDetailTableView v3a v3 bs-view dcon dc180 PDTable3\" >\n<table>\n<thead><\/thead>\n<tbody>\n<tr class=\"attribute attr_typ\">\n<td class=\"caption\">Typ<\/td>\n<td class=\"value\">Dr\u017e\u00e1ky ru\u010dn\u00edk\u016f<\/td>\n<\/tr>\n<tr class=\"attribute attr_bsshop_maker\">\n<td class=\"caption\">V\u00fdrobce<\/td>\n<td class=\"value\">P.M.H. Invest &#038; Trade s.r.o.<\/td>\n<\/tr>\n<tr class=\"attribute attr_bsshop_e1_VPrBsVykonRad\">\n<td class=\"caption\">V\u00fdkon<\/td>\n<td class=\"value\">0.00<\/td>\n<\/tr>\n<\/tbody>\n<\/table>\n<\/div>\n<div id=\"PdProductGpsr\" class=\"ProductGpsrView v1a v1 bs-view dcon dc212 PdProductGpsr\" >\n<div class=\"subject\"><dc-root class=\"dcon dc214\"><span class=\"title\">Zodpov\u011bdn&#253; subjekt:<\/span><dc-con><dc-con><span class=\"company\">P.M.H. Design s.r.o.<\/span><span class=\"name\">P.M.H. Design<\/span><\/dc-con><dc-con><span class=\"street\">P\u0159&#237;se\u010dn&#225; 556<\/span><span class=\"city\">\u010cesk&#253; Krumlov<\/span><span class=\"zip\">381 01<\/span><span class=\"country\">\u010cesko<\/span><\/dc-con><span class=\"email\">info@pmh-co.cz<\/span><span class=\"phone\">380 711 237<\/span><bs-empty><\/bs-empty><a href=\"https:\/\/www.pmh-co.eu\/\" class=\"link\" target=\"_blank\">https:\/\/www.pmh-co.eu\/<\/a><\/dc-con><bs-empty><\/bs-empty><\/dc-root><\/div>\n<p><bs-empty><\/bs-empty><\/div>\n<\/div>\n<div id=\"e9939596\" class=\"tabs\">\n","protected":false},"excerpt":{"rendered":"<p>Na v\u0161echny koupelnov\u00e9 radi\u00e1tory zna\u010dky P.M.H. po\u017eadujeme 50% z\u00e1lohu!! B\u00edl\u00e1 Dr\u017e\u00e1k ru\u010dn\u00edk\u016f HTC2W &#8211; B\u00edl\u00fd vhodn\u00fd pro typ Taifun \u0161\u00ed\u0159ky 600 mm Typ Dr\u017e\u00e1ky ru\u010dn\u00edk\u016f V\u00fdrobce P.M.H. Invest &#038; Trade s.r.o. V\u00fdkon 0.00 Zodpov\u011bdn&#253; subjekt:P.M.H. Design s.r.o.P.M.H. DesignP\u0159&#237;se\u010dn&#225; 556\u010cesk&#253; Krumlov381 01\u010ceskoinfo@pmh-co.cz380 711 237https:\/\/www.pmh-co.eu\/<\/p>\n","protected":false},"featured_media":66471,"comment_status":"open","ping_status":"open","template":"","meta":[],"product_brand":[],"product_cat":[98],"product_tag":[],"class_list":{"0":"post-66371","1":"product","2":"type-product","3":"status-publish","4":"has-post-thumbnail","6":"product_cat-radi-225-tory","8":"first","9":"instock","10":"sale","11":"shipping-taxable","12":"purchasable","13":"product-type-simple"},"yoast_head":"<!-- This site is optimized with the Yoast SEO plugin v26.8 - https:\/\/yoast.com\/product\/yoast-seo-wordpress\/ -->\n<title>Akce P.M.H. HTC2W -<\/title>\n<meta name=\"robots\" content=\"index, follow, max-snippet:-1, max-image-preview:large, max-video-preview:-1\" \/>\n<link rel=\"canonical\" href=\"https:\/\/www.domkraftpro.com\/index.php\/produkt\/akce-p-m-h-htc2w-66371\/\" \/>\n<meta property=\"og:locale\" content=\"cs_CZ\" \/>\n<meta property=\"og:type\" content=\"article\" \/>\n<meta property=\"og:title\" content=\"Akce P.M.H. HTC2W -\" \/>\n<meta property=\"og:description\" content=\"Na v\u0161echny koupelnov\u00e9 radi\u00e1tory zna\u010dky P.M.H. po\u017eadujeme 50% z\u00e1lohu!! B\u00edl\u00e1 Dr\u017e\u00e1k ru\u010dn\u00edk\u016f HTC2W &#8211; B\u00edl\u00fd vhodn\u00fd pro typ Taifun \u0161\u00ed\u0159ky 600 mm Typ Dr\u017e\u00e1ky ru\u010dn\u00edk\u016f V\u00fdrobce P.M.H. Invest &#038; Trade s.r.o. V\u00fdkon 0.00 Zodpov\u011bdn&#253; subjekt:P.M.H. Design s.r.o.P.M.H. DesignP\u0159&#237;se\u010dn&#225; 556\u010cesk&#253; Krumlov381 01\u010ceskoinfo@pmh-co.cz380 711 237https:\/\/www.pmh-co.eu\/\" \/>\n<meta property=\"og:url\" content=\"https:\/\/www.domkraftpro.com\/index.php\/produkt\/akce-p-m-h-htc2w-66371\/\" \/>\n<meta property=\"og:image\" content=\"https:\/\/www.domkraftpro.com\/wp-content\/uploads\/2026\/SK0008193-CZ20260425-093449-0-1777080895-p-m-h-htc2w.webp\" \/>\n\t<meta property=\"og:image:width\" content=\"1000\" \/>\n\t<meta property=\"og:image:height\" content=\"525\" \/>\n\t<meta property=\"og:image:type\" content=\"image\/webp\" \/>\n<meta name=\"twitter:card\" content=\"summary_large_image\" \/>\n<script type=\"application\/ld+json\" class=\"yoast-schema-graph\">{\"@context\":\"https:\/\/schema.org\",\"@graph\":[{\"@type\":\"WebPage\",\"@id\":\"https:\/\/www.domkraftpro.com\/index.php\/produkt\/akce-p-m-h-htc2w-66371\/\",\"url\":\"https:\/\/www.domkraftpro.com\/index.php\/produkt\/akce-p-m-h-htc2w-66371\/\",\"name\":\"Akce P.M.H. HTC2W -\",\"isPartOf\":{\"@id\":\"https:\/\/www.domkraftpro.com\/#website\"},\"primaryImageOfPage\":{\"@id\":\"https:\/\/www.domkraftpro.com\/index.php\/produkt\/akce-p-m-h-htc2w-66371\/#primaryimage\"},\"image\":{\"@id\":\"https:\/\/www.domkraftpro.com\/index.php\/produkt\/akce-p-m-h-htc2w-66371\/#primaryimage\"},\"thumbnailUrl\":\"https:\/\/www.domkraftpro.com\/wp-content\/uploads\/2026\/SK0008193-CZ20260425-093449-0-1777080895-p-m-h-htc2w.webp\",\"datePublished\":\"2026-04-27T04:43:25+00:00\",\"breadcrumb\":{\"@id\":\"https:\/\/www.domkraftpro.com\/index.php\/produkt\/akce-p-m-h-htc2w-66371\/#breadcrumb\"},\"inLanguage\":\"cs\",\"potentialAction\":[{\"@type\":\"ReadAction\",\"target\":[\"https:\/\/www.domkraftpro.com\/index.php\/produkt\/akce-p-m-h-htc2w-66371\/\"]}]},{\"@type\":\"ImageObject\",\"inLanguage\":\"cs\",\"@id\":\"https:\/\/www.domkraftpro.com\/index.php\/produkt\/akce-p-m-h-htc2w-66371\/#primaryimage\",\"url\":\"https:\/\/www.domkraftpro.com\/wp-content\/uploads\/2026\/SK0008193-CZ20260425-093449-0-1777080895-p-m-h-htc2w.webp\",\"contentUrl\":\"https:\/\/www.domkraftpro.com\/wp-content\/uploads\/2026\/SK0008193-CZ20260425-093449-0-1777080895-p-m-h-htc2w.webp\",\"width\":1000,\"height\":525},{\"@type\":\"BreadcrumbList\",\"@id\":\"https:\/\/www.domkraftpro.com\/index.php\/produkt\/akce-p-m-h-htc2w-66371\/#breadcrumb\",\"itemListElement\":[{\"@type\":\"ListItem\",\"position\":1,\"name\":\"Home\",\"item\":\"https:\/\/www.domkraftpro.com\/\"},{\"@type\":\"ListItem\",\"position\":2,\"name\":\"Products\",\"item\":\"https:\/\/www.domkraftpro.com\/index.php\/products\/\"},{\"@type\":\"ListItem\",\"position\":3,\"name\":\"Akce P.M.H. HTC2W\"}]},{\"@type\":\"WebSite\",\"@id\":\"https:\/\/www.domkraftpro.com\/#website\",\"url\":\"https:\/\/www.domkraftpro.com\/\",\"name\":\"\",\"description\":\"\",\"potentialAction\":[{\"@type\":\"SearchAction\",\"target\":{\"@type\":\"EntryPoint\",\"urlTemplate\":\"https:\/\/www.domkraftpro.com\/?s={search_term_string}\"},\"query-input\":{\"@type\":\"PropertyValueSpecification\",\"valueRequired\":true,\"valueName\":\"search_term_string\"}}],\"inLanguage\":\"cs\"}]}<\/script>\n<!-- \/ Yoast SEO plugin. -->","yoast_head_json":{"title":"Akce P.M.H. HTC2W -","robots":{"index":"index","follow":"follow","max-snippet":"max-snippet:-1","max-image-preview":"max-image-preview:large","max-video-preview":"max-video-preview:-1"},"canonical":"https:\/\/www.domkraftpro.com\/index.php\/produkt\/akce-p-m-h-htc2w-66371\/","og_locale":"cs_CZ","og_type":"article","og_title":"Akce P.M.H. HTC2W -","og_description":"Na v\u0161echny koupelnov\u00e9 radi\u00e1tory zna\u010dky P.M.H. po\u017eadujeme 50% z\u00e1lohu!! B\u00edl\u00e1 Dr\u017e\u00e1k ru\u010dn\u00edk\u016f HTC2W &#8211; B\u00edl\u00fd vhodn\u00fd pro typ Taifun \u0161\u00ed\u0159ky 600 mm Typ Dr\u017e\u00e1ky ru\u010dn\u00edk\u016f V\u00fdrobce P.M.H. Invest &#038; Trade s.r.o. V\u00fdkon 0.00 Zodpov\u011bdn&#253; subjekt:P.M.H. Design s.r.o.P.M.H. DesignP\u0159&#237;se\u010dn&#225; 556\u010cesk&#253; Krumlov381 01\u010ceskoinfo@pmh-co.cz380 711 237https:\/\/www.pmh-co.eu\/","og_url":"https:\/\/www.domkraftpro.com\/index.php\/produkt\/akce-p-m-h-htc2w-66371\/","og_image":[{"width":1000,"height":525,"url":"https:\/\/www.domkraftpro.com\/wp-content\/uploads\/2026\/SK0008193-CZ20260425-093449-0-1777080895-p-m-h-htc2w.webp","type":"image\/webp"}],"twitter_card":"summary_large_image","schema":{"@context":"https:\/\/schema.org","@graph":[{"@type":"WebPage","@id":"https:\/\/www.domkraftpro.com\/index.php\/produkt\/akce-p-m-h-htc2w-66371\/","url":"https:\/\/www.domkraftpro.com\/index.php\/produkt\/akce-p-m-h-htc2w-66371\/","name":"Akce P.M.H. HTC2W -","isPartOf":{"@id":"https:\/\/www.domkraftpro.com\/#website"},"primaryImageOfPage":{"@id":"https:\/\/www.domkraftpro.com\/index.php\/produkt\/akce-p-m-h-htc2w-66371\/#primaryimage"},"image":{"@id":"https:\/\/www.domkraftpro.com\/index.php\/produkt\/akce-p-m-h-htc2w-66371\/#primaryimage"},"thumbnailUrl":"https:\/\/www.domkraftpro.com\/wp-content\/uploads\/2026\/SK0008193-CZ20260425-093449-0-1777080895-p-m-h-htc2w.webp","datePublished":"2026-04-27T04:43:25+00:00","breadcrumb":{"@id":"https:\/\/www.domkraftpro.com\/index.php\/produkt\/akce-p-m-h-htc2w-66371\/#breadcrumb"},"inLanguage":"cs","potentialAction":[{"@type":"ReadAction","target":["https:\/\/www.domkraftpro.com\/index.php\/produkt\/akce-p-m-h-htc2w-66371\/"]}]},{"@type":"ImageObject","inLanguage":"cs","@id":"https:\/\/www.domkraftpro.com\/index.php\/produkt\/akce-p-m-h-htc2w-66371\/#primaryimage","url":"https:\/\/www.domkraftpro.com\/wp-content\/uploads\/2026\/SK0008193-CZ20260425-093449-0-1777080895-p-m-h-htc2w.webp","contentUrl":"https:\/\/www.domkraftpro.com\/wp-content\/uploads\/2026\/SK0008193-CZ20260425-093449-0-1777080895-p-m-h-htc2w.webp","width":1000,"height":525},{"@type":"BreadcrumbList","@id":"https:\/\/www.domkraftpro.com\/index.php\/produkt\/akce-p-m-h-htc2w-66371\/#breadcrumb","itemListElement":[{"@type":"ListItem","position":1,"name":"Home","item":"https:\/\/www.domkraftpro.com\/"},{"@type":"ListItem","position":2,"name":"Products","item":"https:\/\/www.domkraftpro.com\/index.php\/products\/"},{"@type":"ListItem","position":3,"name":"Akce P.M.H. HTC2W"}]},{"@type":"WebSite","@id":"https:\/\/www.domkraftpro.com\/#website","url":"https:\/\/www.domkraftpro.com\/","name":"","description":"","potentialAction":[{"@type":"SearchAction","target":{"@type":"EntryPoint","urlTemplate":"https:\/\/www.domkraftpro.com\/?s={search_term_string}"},"query-input":{"@type":"PropertyValueSpecification","valueRequired":true,"valueName":"search_term_string"}}],"inLanguage":"cs"}]}},"_links":{"self":[{"href":"https:\/\/www.domkraftpro.com\/index.php\/wp-json\/wp\/v2\/product\/66371","targetHints":{"allow":["GET"]}}],"collection":[{"href":"https:\/\/www.domkraftpro.com\/index.php\/wp-json\/wp\/v2\/product"}],"about":[{"href":"https:\/\/www.domkraftpro.com\/index.php\/wp-json\/wp\/v2\/types\/product"}],"replies":[{"embeddable":true,"href":"https:\/\/www.domkraftpro.com\/index.php\/wp-json\/wp\/v2\/comments?post=66371"}],"wp:featuredmedia":[{"embeddable":true,"href":"https:\/\/www.domkraftpro.com\/index.php\/wp-json\/wp\/v2\/media\/66471"}],"wp:attachment":[{"href":"https:\/\/www.domkraftpro.com\/index.php\/wp-json\/wp\/v2\/media?parent=66371"}],"wp:term":[{"taxonomy":"product_brand","embeddable":true,"href":"https:\/\/www.domkraftpro.com\/index.php\/wp-json\/wp\/v2\/product_brand?post=66371"},{"taxonomy":"product_cat","embeddable":true,"href":"https:\/\/www.domkraftpro.com\/index.php\/wp-json\/wp\/v2\/product_cat?post=66371"},{"taxonomy":"product_tag","embeddable":true,"href":"https:\/\/www.domkraftpro.com\/index.php\/wp-json\/wp\/v2\/product_tag?post=66371"}],"curies":[{"name":"wp","href":"https:\/\/api.w.org\/{rel}","templated":true}]}}