{"id":66147,"date":"2026-04-27T04:43:25","date_gmt":"2026-04-27T04:43:25","guid":{"rendered":""},"modified":"2026-04-27T04:43:25","modified_gmt":"2026-04-27T04:43:25","slug":"reflex-refix-dd-18-10-omezena-nabidka-66147","status":"publish","type":"product","link":"https:\/\/www.domkraftpro.com\/produkt\/reflex-refix-dd-18-10-omezena-nabidka-66147\/","title":{"rendered":"Reflex Refix DD 18\/10 Omezen\u00e1 Nab\u00eddka"},"content":{"rendered":"<div id=\"e9858839\" class=\"pages\">\n<div>\n<div id=\"PDDescription\" class=\"UserContentView userContent v1a v1 bs-view dcon dc159 PDDescription\" ><dc-con><dc-con><bs-empty><\/bs-empty><\/dc-con><dc-con>        <\/p>\n<div class=\"customDescription\">                    <\/div>\n<p><\/dc-con><dc-con><\/p>\n<p><strong>Expanzn\u00ed n\u00e1doba Reflex Refix DD 18\/10<\/strong><\/p>\n<p><strong>Reflex Refix DD 18<\/strong><\/p>\n<p>Pr\u016fto\u010dn\u00e1 tlakov\u00e1 expanzn\u00ed n\u00e1doba s membr\u00e1nou pro syst\u00e9my oh\u0159evu, dod\u00e1vek a zvy\u0161ov\u00e1n\u00ed tlaku pitn\u00e9 vody. S membr\u00e1nou podle sm\u011brnice o elastomerech a W 270. Vn\u011bj\u0161\u00ed a vnit\u0159n\u00ed ochrann\u00e9 vrstvy podle KTW-A. Vhodn\u00e9 v\u00fdhradn\u011b pro soustavy studen\u00e9 vody. Pr\u016fto\u010dnost je zaji\u0161\u0165ov\u00e1na pomoc\u00ed pr\u016ftokov\u00e9 hv\u011bzdice s vysok\u00fdm pr\u016ftokem a p\u0159ilo\u017een\u00e9ho T-kusu 3\/4&#8243;.<\/p>\n<p>N\u00e1doby v proveden\u00ed podle DIN EN 13831. N\u00e1doby jsou testov\u00e1ny podle normy DIN 4807 T5. N\u00e1doby s p\u0159\u00edpustn\u00fdm provozn\u00edm p\u0159etlakem 10\/16 bar s DIN DVGW reg. \u010d. NW-0411AT2534. schv\u00e1len\u00ed podle sm\u011brnice o tlakov\u00fdch za\u0159\u00edzen\u00edch 2014\/68 \/ EU<\/p>\n<ul>\n<li>pr\u016fto\u010dn\u00e1 s pr\u016ftokovou hv\u011bzdic\u00ed High-Flow<\/li>\n<li>d\u00edly p\u0159ich\u00e1zej\u00edc\u00ed do kontaktu s vodou jsou chr\u00e1n\u011bny proti korozi<\/li>\n<li>nevym\u011bniteln\u00e1 membr\u00e1na ve form\u011b vaku podle DIN EN 13831 DIN 4807 T5, KTW-C a W270<\/li>\n<li>vn\u011bj\u0161\u00ed a vnit\u0159n\u00ed \u00faprava podle KTW-A<\/li>\n<li>lze ji kombinovat s Flowjet pr\u016ftokovou armaturou<\/li>\n<li>33 litr\u016f s upev\u0148ovac\u00edmi z\u00e1v\u011bsy<\/li>\n<li><strong>v\u00fdlu\u010dn\u011b pro pou\u017eit\u00ed v rozvodech studen\u00e9 vody\u00a0<\/strong>(zohledn\u011bte pros\u00edm n\u00e1vod pro mont\u00e1\u017e a pou\u017eit\u00ed)<\/li>\n<\/ul>\n<p>Typ:\u00a0DD 18<br \/>Barva:\u00a0zelen\u00e1<br \/>Jmenovit\u00fd objem:\u00a018 l<br \/>Max. vyu\u017eiteln\u00fd objem:\u00a013,5 l<br \/>Max. p\u0159\u00edpustn\u00e1 teplota soustavy:\u00a070 \u00b0C<br \/>Max. dovol. provozn\u00ed teplota:\u00a070 \u00b0C<br \/>Max. dovol. provozn\u00ed tlak:\u00a010 bar<br \/>P\u0159edtlak plynu \u2013 nastaven\u00ed z v\u00fdroby:\u00a04 bar<br \/>P\u0159ipojen\u00ed:\u00a0G 3\/4&#8243;<br \/>Pr\u016fm\u011br:\u00a0280 mm<br \/>Max. v\u00fd\u0161ka:\u00a0418 mm<br \/>Sklopn\u00fd rozm\u011br cca:\u00a0503 mm<br \/>Hmotnost:\u00a03,04 kg<\/p>\n<p><\/dc-con><\/dc-con><\/div>\n<div id=\"PDDescription2\" class=\"UserContentView userContent v1a v1 bs-view dcon dc160 PDDescription2\" >\n<table style=\"border-collapse: collapse;\">\n<tbody>\n<tr>\n<td style=\"border: 1px solid black;\">\n<p>\u00a0<\/p>\n<\/td>\n<td style=\"border: 1px solid black; text-align: center;\">\n<p><strong>Typ<\/strong><\/p>\n<\/td>\n<td style=\"border: 1px solid black; text-align: center;\" colspan=\"2\">\n<p><strong>obj. \u010d\u00edslo<br \/>zelen\u00e1 \/\u00a0b\u00edl\u00e1<\/strong><\/p>\n<\/td>\n<td style=\"border: 1px solid black; text-align: center;\">\n<p><strong>Po\u010det <\/strong><strong>na<\/strong><strong> palet\u011b<br \/>[ks]<\/strong><\/p>\n<\/td>\n<td style=\"border: 1px solid black; text-align: center;\">\n<p><strong>P\u0159edtlak<br \/>[bar]<\/strong><\/p>\n<\/td>\n<td style=\"border: 1px solid black; text-align: center;\">\n<p><strong>P\u0159ipojen\u00ed<br \/><\/strong><strong>c<\/strong><\/p>\n<\/td>\n<td style=\"border: 1px solid black; text-align: center;\">\n<p><strong>d<br \/>[mm]<\/strong><\/p>\n<\/td>\n<td style=\"border: 1px solid black; text-align: center;\">\n<p><strong>V\u00fd\u0161ka<\/strong><strong> h<br \/>[mm]<\/strong><\/p>\n<\/td>\n<td style=\"border: 1px solid black; text-align: center;\">\n<p><strong>Hmotnost<br \/>[kg]<\/strong><\/p>\n<\/td>\n<\/tr>\n<tr>\n<td style=\"border: 1px solid black; text-align: center;\" rowspan=\"6\">\n<p>\u00a0<\/p>\n<p>\u00a0<\/p>\n<p><strong>10<\/strong><strong>bar<br \/><strong>70\u00b0C<\/strong><\/strong><\/p>\n<\/td>\n<td style=\"border: 1px solid black; text-align: center;\">\n<p>DD2<\/p>\n<\/td>\n<td style=\"border: 1px solid black; text-align: center;\">\n<p>7381500<\/p>\n<\/td>\n<td style=\"border: 1px solid black; text-align: center;\">\n<p>\u2013<\/p>\n<\/td>\n<td style=\"border: 1px solid black; text-align: center;\">\n<p>288<\/p>\n<\/td>\n<td style=\"border: 1px solid black; text-align: center;\">\n<p>4<\/p>\n<\/td>\n<td style=\"border: 1px solid black; text-align: center;\">\n<p>G\u00be&#8220;<\/p>\n<\/td>\n<td style=\"border: 1px solid black; text-align: center;\">\n<p>132<\/p>\n<\/td>\n<td style=\"border: 1px solid black; text-align: center;\">\n<p>269<\/p>\n<\/td>\n<td style=\"border: 1px solid black; text-align: center;\">\n<p>0,98<\/p>\n<\/td>\n<\/tr>\n<tr>\n<td style=\"border: 1px solid black; text-align: center;\">\n<p>DD8<\/p>\n<\/td>\n<td style=\"border: 1px solid black; text-align: center;\">\n<p>7308000<\/p>\n<\/td>\n<td style=\"border: 1px solid black; text-align: center;\">\n<p>7307700<\/p>\n<\/td>\n<td style=\"border: 1px solid black; text-align: center;\">\n<p>96<\/p>\n<\/td>\n<td style=\"border: 1px solid black; text-align: center;\">\n<p>4<\/p>\n<\/td>\n<td style=\"border: 1px solid black; text-align: center;\">\n<p>G\u00be&#8220;<\/p>\n<\/td>\n<td style=\"border: 1px solid black; text-align: center;\">\n<p>206<\/p>\n<\/td>\n<td style=\"border: 1px solid black; text-align: center;\">\n<p>345<\/p>\n<\/td>\n<td style=\"border: 1px solid black; text-align: center;\">\n<p>1,80<\/p>\n<\/td>\n<\/tr>\n<tr>\n<td style=\"border: 1px solid black; text-align: center;\">\n<p>DD12<\/p>\n<\/td>\n<td style=\"border: 1px solid black; text-align: center;\">\n<p>7308200<\/p>\n<\/td>\n<td style=\"border: 1px solid black; text-align: center;\">\n<p>7307800<\/p>\n<\/td>\n<td style=\"border: 1px solid black; text-align: center;\">\n<p>60<\/p>\n<\/td>\n<td style=\"border: 1px solid black; text-align: center;\">\n<p>4<\/p>\n<\/td>\n<td style=\"border: 1px solid black; text-align: center;\">\n<p>G\u00be&#8220;<\/p>\n<\/td>\n<td style=\"border: 1px solid black; text-align: center;\">\n<p>280<\/p>\n<\/td>\n<td style=\"border: 1px solid black; text-align: center;\">\n<p>318<\/p>\n<\/td>\n<td style=\"border: 1px solid black; text-align: center;\">\n<p>2,20<\/p>\n<\/td>\n<\/tr>\n<tr>\n<td style=\"border: 1px solid black; text-align: center;\">\n<p>DD18<\/p>\n<\/td>\n<td style=\"border: 1px solid black; text-align: center;\">\n<p>7308300<\/p>\n<\/td>\n<td style=\"border: 1px solid black; text-align: center;\">\n<p>7307900<\/p>\n<\/td>\n<td style=\"border: 1px solid black; text-align: center;\">\n<p>56<\/p>\n<\/td>\n<td style=\"border: 1px solid black; text-align: center;\">\n<p>4<\/p>\n<\/td>\n<td style=\"border: 1px solid black; text-align: center;\">\n<p>G\u00be&#8220;<\/p>\n<\/td>\n<td style=\"border: 1px solid black; text-align: center;\">\n<p>280<\/p>\n<\/td>\n<td style=\"border: 1px solid black; text-align: center;\">\n<p>418<\/p>\n<\/td>\n<td style=\"border: 1px solid black; text-align: center;\">\n<p>3,04<\/p>\n<\/td>\n<\/tr>\n<tr>\n<td style=\"border: 1px solid black; text-align: center;\">\n<p>DD25<\/p>\n<\/td>\n<td style=\"border: 1px solid black; text-align: center;\">\n<p>7308400<\/p>\n<\/td>\n<td style=\"border: 1px solid black; text-align: center;\">\n<p>7380400<\/p>\n<\/td>\n<td style=\"border: 1px solid black; text-align: center;\">\n<p>42<\/p>\n<\/td>\n<td style=\"border: 1px solid black; text-align: center;\">\n<p>4<\/p>\n<\/td>\n<td style=\"border: 1px solid black; text-align: center;\">\n<p>G\u00be&#8220;<\/p>\n<\/td>\n<td style=\"border: 1px solid black; text-align: center;\">\n<p>280<\/p>\n<\/td>\n<td style=\"border: 1px solid black; text-align: center;\">\n<p>528<\/p>\n<\/td>\n<td style=\"border: 1px solid black; text-align: center;\">\n<p>3,80<\/p>\n<\/td>\n<\/tr>\n<tr>\n<td style=\"border: 1px solid black; text-align: center;\">\n<p>DD33<\/p>\n<\/td>\n<td style=\"border: 1px solid black; text-align: center;\">\n<p>7380700<\/p>\n<\/td>\n<td style=\"border: 1px solid black; text-align: center;\">\n<p>7380800<\/p>\n<\/td>\n<td style=\"border: 1px solid black; text-align: center;\">\n<p>24<\/p>\n<\/td>\n<td style=\"border: 1px solid black; text-align: center;\">\n<p>4<\/p>\n<\/td>\n<td style=\"border: 1px solid black; text-align: center;\">\n<p>G\u00be&#8220;<\/p>\n<\/td>\n<td style=\"border: 1px solid black; text-align: center;\">\n<p>354<\/p>\n<\/td>\n<td style=\"border: 1px solid black; text-align: center;\">\n<p>468<\/p>\n<\/td>\n<td style=\"border: 1px solid black; text-align: center;\">\n<p>5,06<\/p>\n<\/td>\n<\/tr>\n<tr>\n<td style=\"border: 1px solid black; text-align: center;\">\n<p><strong>25<\/strong><strong>bar<br \/><strong>70\u00b0C<\/strong><\/strong><\/p>\n<\/td>\n<td style=\"border: 1px solid black; text-align: center;\">\n<p>DD8<\/p>\n<\/td>\n<td style=\"border: 1px solid black; text-align: center;\">\n<p>7290200<\/p>\n<\/td>\n<td style=\"border: 1px solid black; text-align: center;\">\n<p>7290300<\/p>\n<\/td>\n<td style=\"border: 1px solid black; text-align: center;\">\n<p>60<\/p>\n<\/td>\n<td style=\"border: 1px solid black; text-align: center;\">\n<p>4<\/p>\n<\/td>\n<td style=\"border: 1px solid black; text-align: center;\">\n<p>G\u00be&#8220;<\/p>\n<\/td>\n<td style=\"border: 1px solid black; text-align: center;\">\n<p>206<\/p>\n<\/td>\n<td style=\"border: 1px solid black; text-align: center;\">\n<p>344<\/p>\n<\/td>\n<td style=\"border: 1px solid black; text-align: center;\">\n<p>3,45<\/p>\n<\/td>\n<\/tr>\n<\/tbody>\n<\/table>\n<\/div><\/div>\n<div id=\"PDTable3\" class=\"ProductDetailTableView v3a v3 bs-view dcon dc180 PDTable3\" >\n<table>\n<thead><\/thead>\n<tbody>\n<tr class=\"attribute attr_tlak\">\n<td class=\"caption\">Tlak v barech<\/td>\n<td class=\"value\">10<\/td>\n<\/tr>\n<tr class=\"attribute attr_Obsah attr_v attr_litrech\">\n<td class=\"caption\">Obsah v litrech<\/td>\n<td class=\"value\">18<\/td>\n<\/tr>\n<tr class=\"attribute attr_vyrobce\">\n<td class=\"caption\">V\u00fdrobce<\/td>\n<td class=\"value\">Reflex<\/td>\n<\/tr>\n<tr class=\"attribute attr_typ\">\n<td class=\"caption\">Typ<\/td>\n<td class=\"value\">Vod\u00e1rensk\u00e9<\/td>\n<\/tr>\n<\/tbody>\n<\/table>\n<\/div>\n<div id=\"ProductMedia\" class=\"ProductMediaView MediaViewBase v1a v1 bs-view dcon dc404 ProductMedia\" ><bs-empty><\/bs-empty><\/p>\n<div class=\"files\">\n<div class=\"title sub\">Soubory<\/div>\n<p><a href=\"\/media\/13618\/produktovy-list-refix-dd-18.pdf?&amp;key=ZGpmIyQwNUZfMTM2MTg=\" class=\"pdf\">Produktov&#253; list Refix DD 18<\/a><a href=\"\/media\/13619\/navod-k-pouziti-reflex-refix-dd.pdf?&amp;key=ZGpmIyQwNUZfMTM2MTk=\" class=\"pdf\">N&#225;vod k pou\u017eit&#237; Reflex Refix DD<\/a><\/div>\n<p><bs-empty><\/bs-empty><\/div>\n<div id=\"PdProductGpsr\" class=\"ProductGpsrView v1a v1 bs-view dcon dc212 PdProductGpsr\" >\n<div class=\"subject\"><dc-root class=\"dcon dc214\"><span class=\"title\">Zodpov\u011bdn&#253; subjekt:<\/span><dc-con><dc-con><span class=\"company\">REFLEX CZ, s.r.o.<\/span><span class=\"name\">Reflex<\/span><\/dc-con><dc-con><span class=\"street\">Sezemick&#225; 2757\/2<\/span><span class=\"city\">Praha<\/span><span class=\"zip\">193 00<\/span><span class=\"country\">\u010cesko<\/span><\/dc-con><span class=\"email\">reflex@reflexcz.cz<\/span><span class=\"phone\">272 090 311<\/span><bs-empty><\/bs-empty><a href=\"https:\/\/reflex-winkelmann.com\/cs\/kontakt\" class=\"link\" target=\"_blank\">https:\/\/reflex-winkelmann.com\/cs\/kontakt<\/a><\/dc-con><bs-empty><\/bs-empty><\/dc-root><\/div>\n<p><bs-empty><\/bs-empty><\/div>\n<\/div>\n<div id=\"e9858840\" class=\"tabs\">\n","protected":false},"excerpt":{"rendered":"<p>Expanzn\u00ed n\u00e1doba Reflex Refix DD 18\/10 Reflex Refix DD 18 Pr\u016fto\u010dn\u00e1 tlakov\u00e1 expanzn\u00ed n\u00e1doba s membr\u00e1nou pro syst\u00e9my oh\u0159evu, dod\u00e1vek a zvy\u0161ov\u00e1n\u00ed tlaku pitn\u00e9 vody. S membr\u00e1nou podle sm\u011brnice o elastomerech a W 270. Vn\u011bj\u0161\u00ed a vnit\u0159n\u00ed ochrann\u00e9 vrstvy podle KTW-A. Vhodn\u00e9 v\u00fdhradn\u011b pro soustavy studen\u00e9 vody. Pr\u016fto\u010dnost je zaji\u0161\u0165ov\u00e1na pomoc\u00ed pr\u016ftokov\u00e9 hv\u011bzdice s vysok\u00fdm [&hellip;]<\/p>\n","protected":false},"featured_media":66247,"template":"","meta":[],"product_brand":[],"product_cat":[109],"product_tag":[],"class_list":{"0":"post-66147","1":"product","2":"type-product","3":"status-publish","4":"has-post-thumbnail","6":"product_cat-expanzn-237-n-225-doby","8":"first","9":"instock","10":"sale","11":"shipping-taxable","12":"purchasable","13":"product-type-simple"},"yoast_head":"<!-- This site is optimized with the Yoast SEO plugin v26.8 - https:\/\/yoast.com\/product\/yoast-seo-wordpress\/ -->\n<title>Reflex Refix DD 18\/10 Omezen\u00e1 Nab\u00eddka - Koupelna &amp; N\u00e1\u0159ad\u00ed &amp; Osv\u011btlen\u00ed a Stavebn\u00ed pot\u0159by<\/title>\n<meta name=\"robots\" content=\"index, follow, max-snippet:-1, max-image-preview:large, max-video-preview:-1\" \/>\n<link rel=\"canonical\" href=\"https:\/\/www.domkraftpro.com\/index.php\/produkt\/reflex-refix-dd-18-10-omezena-nabidka-66147\/\" \/>\n<meta property=\"og:locale\" content=\"cs_CZ\" \/>\n<meta property=\"og:type\" content=\"article\" \/>\n<meta property=\"og:title\" content=\"Reflex Refix DD 18\/10 Omezen\u00e1 Nab\u00eddka - Koupelna &amp; N\u00e1\u0159ad\u00ed &amp; Osv\u011btlen\u00ed a Stavebn\u00ed pot\u0159by\" \/>\n<meta property=\"og:description\" content=\"Expanzn\u00ed n\u00e1doba Reflex Refix DD 18\/10 Reflex Refix DD 18 Pr\u016fto\u010dn\u00e1 tlakov\u00e1 expanzn\u00ed n\u00e1doba s membr\u00e1nou pro syst\u00e9my oh\u0159evu, dod\u00e1vek a zvy\u0161ov\u00e1n\u00ed tlaku pitn\u00e9 vody. S membr\u00e1nou podle sm\u011brnice o elastomerech a W 270. Vn\u011bj\u0161\u00ed a vnit\u0159n\u00ed ochrann\u00e9 vrstvy podle KTW-A. Vhodn\u00e9 v\u00fdhradn\u011b pro soustavy studen\u00e9 vody. Pr\u016fto\u010dnost je zaji\u0161\u0165ov\u00e1na pomoc\u00ed pr\u016ftokov\u00e9 hv\u011bzdice s vysok\u00fdm [&hellip;]\" \/>\n<meta property=\"og:url\" content=\"https:\/\/www.domkraftpro.com\/index.php\/produkt\/reflex-refix-dd-18-10-omezena-nabidka-66147\/\" \/>\n<meta property=\"og:site_name\" content=\"Koupelna &amp; N\u00e1\u0159ad\u00ed &amp; Osv\u011btlen\u00ed a Stavebn\u00ed pot\u0159by\" \/>\n<meta property=\"og:image\" content=\"https:\/\/www.domkraftpro.com\/wp-content\/uploads\/2026\/SK0008040-CZ20260425-093449-0-1777080895-reflex-refix-dd-18-10.webp\" \/>\n\t<meta property=\"og:image:width\" content=\"1000\" \/>\n\t<meta property=\"og:image:height\" content=\"525\" \/>\n\t<meta property=\"og:image:type\" content=\"image\/webp\" \/>\n<meta name=\"twitter:card\" content=\"summary_large_image\" \/>\n<meta name=\"twitter:label1\" content=\"Odhadovan\u00e1 doba \u010dten\u00ed\" \/>\n\t<meta name=\"twitter:data1\" content=\"2 minuty\" \/>\n<script type=\"application\/ld+json\" class=\"yoast-schema-graph\">{\"@context\":\"https:\/\/schema.org\",\"@graph\":[{\"@type\":\"WebPage\",\"@id\":\"https:\/\/www.domkraftpro.com\/index.php\/produkt\/reflex-refix-dd-18-10-omezena-nabidka-66147\/\",\"url\":\"https:\/\/www.domkraftpro.com\/index.php\/produkt\/reflex-refix-dd-18-10-omezena-nabidka-66147\/\",\"name\":\"Reflex Refix DD 18\/10 Omezen\u00e1 Nab\u00eddka - Koupelna &amp; N\u00e1\u0159ad\u00ed &amp; Osv\u011btlen\u00ed a Stavebn\u00ed pot\u0159by\",\"isPartOf\":{\"@id\":\"https:\/\/www.domkraftpro.com\/#website\"},\"primaryImageOfPage\":{\"@id\":\"https:\/\/www.domkraftpro.com\/index.php\/produkt\/reflex-refix-dd-18-10-omezena-nabidka-66147\/#primaryimage\"},\"image\":{\"@id\":\"https:\/\/www.domkraftpro.com\/index.php\/produkt\/reflex-refix-dd-18-10-omezena-nabidka-66147\/#primaryimage\"},\"thumbnailUrl\":\"https:\/\/www.domkraftpro.com\/wp-content\/uploads\/2026\/SK0008040-CZ20260425-093449-0-1777080895-reflex-refix-dd-18-10.webp\",\"datePublished\":\"2026-04-27T04:43:25+00:00\",\"breadcrumb\":{\"@id\":\"https:\/\/www.domkraftpro.com\/index.php\/produkt\/reflex-refix-dd-18-10-omezena-nabidka-66147\/#breadcrumb\"},\"inLanguage\":\"cs\",\"potentialAction\":[{\"@type\":\"ReadAction\",\"target\":[\"https:\/\/www.domkraftpro.com\/index.php\/produkt\/reflex-refix-dd-18-10-omezena-nabidka-66147\/\"]}]},{\"@type\":\"ImageObject\",\"inLanguage\":\"cs\",\"@id\":\"https:\/\/www.domkraftpro.com\/index.php\/produkt\/reflex-refix-dd-18-10-omezena-nabidka-66147\/#primaryimage\",\"url\":\"https:\/\/www.domkraftpro.com\/wp-content\/uploads\/2026\/SK0008040-CZ20260425-093449-0-1777080895-reflex-refix-dd-18-10.webp\",\"contentUrl\":\"https:\/\/www.domkraftpro.com\/wp-content\/uploads\/2026\/SK0008040-CZ20260425-093449-0-1777080895-reflex-refix-dd-18-10.webp\",\"width\":1000,\"height\":525},{\"@type\":\"BreadcrumbList\",\"@id\":\"https:\/\/www.domkraftpro.com\/index.php\/produkt\/reflex-refix-dd-18-10-omezena-nabidka-66147\/#breadcrumb\",\"itemListElement\":[{\"@type\":\"ListItem\",\"position\":1,\"name\":\"Home\",\"item\":\"https:\/\/www.domkraftpro.com\/\"},{\"@type\":\"ListItem\",\"position\":2,\"name\":\"Products\",\"item\":\"https:\/\/www.domkraftpro.com\/products\/\"},{\"@type\":\"ListItem\",\"position\":3,\"name\":\"Reflex Refix DD 18\/10 Omezen\u00e1 Nab\u00eddka\"}]},{\"@type\":\"WebSite\",\"@id\":\"https:\/\/www.domkraftpro.com\/#website\",\"url\":\"https:\/\/www.domkraftpro.com\/\",\"name\":\"Koupelna &amp; N\u00e1\u0159ad\u00ed &amp; Osv\u011btlen\u00ed a Stavebn\u00ed pot\u0159by\",\"description\":\"Koupelna &amp; N\u00e1\u0159ad\u00ed &amp; Osv\u011btlen\u00ed a Stavebn\u00ed pot\u0159by\",\"publisher\":{\"@id\":\"https:\/\/www.domkraftpro.com\/#organization\"},\"potentialAction\":[{\"@type\":\"SearchAction\",\"target\":{\"@type\":\"EntryPoint\",\"urlTemplate\":\"https:\/\/www.domkraftpro.com\/?s={search_term_string}\"},\"query-input\":{\"@type\":\"PropertyValueSpecification\",\"valueRequired\":true,\"valueName\":\"search_term_string\"}}],\"inLanguage\":\"cs\"},{\"@type\":\"Organization\",\"@id\":\"https:\/\/www.domkraftpro.com\/#organization\",\"name\":\"Koupelna &amp; N\u00e1\u0159ad\u00ed &amp; Osv\u011btlen\u00ed a Stavebn\u00ed pot\u0159by\",\"url\":\"https:\/\/www.domkraftpro.com\/\",\"logo\":{\"@type\":\"ImageObject\",\"inLanguage\":\"cs\",\"@id\":\"https:\/\/www.domkraftpro.com\/#\/schema\/logo\/image\/\",\"url\":\"https:\/\/www.domkraftpro.com\/wp-content\/uploads\/2026\/04\/domkraftpro_logo.svg\",\"contentUrl\":\"https:\/\/www.domkraftpro.com\/wp-content\/uploads\/2026\/04\/domkraftpro_logo.svg\",\"width\":760,\"height\":180,\"caption\":\"Koupelna &amp; N\u00e1\u0159ad\u00ed &amp; Osv\u011btlen\u00ed a Stavebn\u00ed pot\u0159by\"},\"image\":{\"@id\":\"https:\/\/www.domkraftpro.com\/#\/schema\/logo\/image\/\"}}]}<\/script>\n<!-- \/ Yoast SEO plugin. -->","yoast_head_json":{"title":"Reflex Refix DD 18\/10 Omezen\u00e1 Nab\u00eddka - Koupelna &amp; N\u00e1\u0159ad\u00ed &amp; Osv\u011btlen\u00ed a Stavebn\u00ed pot\u0159by","robots":{"index":"index","follow":"follow","max-snippet":"max-snippet:-1","max-image-preview":"max-image-preview:large","max-video-preview":"max-video-preview:-1"},"canonical":"https:\/\/www.domkraftpro.com\/index.php\/produkt\/reflex-refix-dd-18-10-omezena-nabidka-66147\/","og_locale":"cs_CZ","og_type":"article","og_title":"Reflex Refix DD 18\/10 Omezen\u00e1 Nab\u00eddka - Koupelna &amp; N\u00e1\u0159ad\u00ed &amp; Osv\u011btlen\u00ed a Stavebn\u00ed pot\u0159by","og_description":"Expanzn\u00ed n\u00e1doba Reflex Refix DD 18\/10 Reflex Refix DD 18 Pr\u016fto\u010dn\u00e1 tlakov\u00e1 expanzn\u00ed n\u00e1doba s membr\u00e1nou pro syst\u00e9my oh\u0159evu, dod\u00e1vek a zvy\u0161ov\u00e1n\u00ed tlaku pitn\u00e9 vody. S membr\u00e1nou podle sm\u011brnice o elastomerech a W 270. Vn\u011bj\u0161\u00ed a vnit\u0159n\u00ed ochrann\u00e9 vrstvy podle KTW-A. Vhodn\u00e9 v\u00fdhradn\u011b pro soustavy studen\u00e9 vody. Pr\u016fto\u010dnost je zaji\u0161\u0165ov\u00e1na pomoc\u00ed pr\u016ftokov\u00e9 hv\u011bzdice s vysok\u00fdm [&hellip;]","og_url":"https:\/\/www.domkraftpro.com\/index.php\/produkt\/reflex-refix-dd-18-10-omezena-nabidka-66147\/","og_site_name":"Koupelna &amp; N\u00e1\u0159ad\u00ed &amp; Osv\u011btlen\u00ed a Stavebn\u00ed pot\u0159by","og_image":[{"width":1000,"height":525,"url":"https:\/\/www.domkraftpro.com\/wp-content\/uploads\/2026\/SK0008040-CZ20260425-093449-0-1777080895-reflex-refix-dd-18-10.webp","type":"image\/webp"}],"twitter_card":"summary_large_image","twitter_misc":{"Odhadovan\u00e1 doba \u010dten\u00ed":"2 minuty"},"schema":{"@context":"https:\/\/schema.org","@graph":[{"@type":"WebPage","@id":"https:\/\/www.domkraftpro.com\/index.php\/produkt\/reflex-refix-dd-18-10-omezena-nabidka-66147\/","url":"https:\/\/www.domkraftpro.com\/index.php\/produkt\/reflex-refix-dd-18-10-omezena-nabidka-66147\/","name":"Reflex Refix DD 18\/10 Omezen\u00e1 Nab\u00eddka - Koupelna &amp; N\u00e1\u0159ad\u00ed &amp; Osv\u011btlen\u00ed a Stavebn\u00ed pot\u0159by","isPartOf":{"@id":"https:\/\/www.domkraftpro.com\/#website"},"primaryImageOfPage":{"@id":"https:\/\/www.domkraftpro.com\/index.php\/produkt\/reflex-refix-dd-18-10-omezena-nabidka-66147\/#primaryimage"},"image":{"@id":"https:\/\/www.domkraftpro.com\/index.php\/produkt\/reflex-refix-dd-18-10-omezena-nabidka-66147\/#primaryimage"},"thumbnailUrl":"https:\/\/www.domkraftpro.com\/wp-content\/uploads\/2026\/SK0008040-CZ20260425-093449-0-1777080895-reflex-refix-dd-18-10.webp","datePublished":"2026-04-27T04:43:25+00:00","breadcrumb":{"@id":"https:\/\/www.domkraftpro.com\/index.php\/produkt\/reflex-refix-dd-18-10-omezena-nabidka-66147\/#breadcrumb"},"inLanguage":"cs","potentialAction":[{"@type":"ReadAction","target":["https:\/\/www.domkraftpro.com\/index.php\/produkt\/reflex-refix-dd-18-10-omezena-nabidka-66147\/"]}]},{"@type":"ImageObject","inLanguage":"cs","@id":"https:\/\/www.domkraftpro.com\/index.php\/produkt\/reflex-refix-dd-18-10-omezena-nabidka-66147\/#primaryimage","url":"https:\/\/www.domkraftpro.com\/wp-content\/uploads\/2026\/SK0008040-CZ20260425-093449-0-1777080895-reflex-refix-dd-18-10.webp","contentUrl":"https:\/\/www.domkraftpro.com\/wp-content\/uploads\/2026\/SK0008040-CZ20260425-093449-0-1777080895-reflex-refix-dd-18-10.webp","width":1000,"height":525},{"@type":"BreadcrumbList","@id":"https:\/\/www.domkraftpro.com\/index.php\/produkt\/reflex-refix-dd-18-10-omezena-nabidka-66147\/#breadcrumb","itemListElement":[{"@type":"ListItem","position":1,"name":"Home","item":"https:\/\/www.domkraftpro.com\/"},{"@type":"ListItem","position":2,"name":"Products","item":"https:\/\/www.domkraftpro.com\/products\/"},{"@type":"ListItem","position":3,"name":"Reflex Refix DD 18\/10 Omezen\u00e1 Nab\u00eddka"}]},{"@type":"WebSite","@id":"https:\/\/www.domkraftpro.com\/#website","url":"https:\/\/www.domkraftpro.com\/","name":"Koupelna &amp; N\u00e1\u0159ad\u00ed &amp; Osv\u011btlen\u00ed a Stavebn\u00ed pot\u0159by","description":"Koupelna &amp; N\u00e1\u0159ad\u00ed &amp; Osv\u011btlen\u00ed a Stavebn\u00ed pot\u0159by","publisher":{"@id":"https:\/\/www.domkraftpro.com\/#organization"},"potentialAction":[{"@type":"SearchAction","target":{"@type":"EntryPoint","urlTemplate":"https:\/\/www.domkraftpro.com\/?s={search_term_string}"},"query-input":{"@type":"PropertyValueSpecification","valueRequired":true,"valueName":"search_term_string"}}],"inLanguage":"cs"},{"@type":"Organization","@id":"https:\/\/www.domkraftpro.com\/#organization","name":"Koupelna &amp; N\u00e1\u0159ad\u00ed &amp; Osv\u011btlen\u00ed a Stavebn\u00ed pot\u0159by","url":"https:\/\/www.domkraftpro.com\/","logo":{"@type":"ImageObject","inLanguage":"cs","@id":"https:\/\/www.domkraftpro.com\/#\/schema\/logo\/image\/","url":"https:\/\/www.domkraftpro.com\/wp-content\/uploads\/2026\/04\/domkraftpro_logo.svg","contentUrl":"https:\/\/www.domkraftpro.com\/wp-content\/uploads\/2026\/04\/domkraftpro_logo.svg","width":760,"height":180,"caption":"Koupelna &amp; N\u00e1\u0159ad\u00ed &amp; Osv\u011btlen\u00ed a Stavebn\u00ed pot\u0159by"},"image":{"@id":"https:\/\/www.domkraftpro.com\/#\/schema\/logo\/image\/"}}]}},"_links":{"self":[{"href":"https:\/\/www.domkraftpro.com\/wp-json\/wp\/v2\/product\/66147","targetHints":{"allow":["GET"]}}],"collection":[{"href":"https:\/\/www.domkraftpro.com\/wp-json\/wp\/v2\/product"}],"about":[{"href":"https:\/\/www.domkraftpro.com\/wp-json\/wp\/v2\/types\/product"}],"wp:featuredmedia":[{"embeddable":true,"href":"https:\/\/www.domkraftpro.com\/wp-json\/wp\/v2\/media\/66247"}],"wp:attachment":[{"href":"https:\/\/www.domkraftpro.com\/wp-json\/wp\/v2\/media?parent=66147"}],"wp:term":[{"taxonomy":"product_brand","embeddable":true,"href":"https:\/\/www.domkraftpro.com\/wp-json\/wp\/v2\/product_brand?post=66147"},{"taxonomy":"product_cat","embeddable":true,"href":"https:\/\/www.domkraftpro.com\/wp-json\/wp\/v2\/product_cat?post=66147"},{"taxonomy":"product_tag","embeddable":true,"href":"https:\/\/www.domkraftpro.com\/wp-json\/wp\/v2\/product_tag?post=66147"}],"curies":[{"name":"wp","href":"https:\/\/api.w.org\/{rel}","templated":true}]}}