{"id":65717,"date":"2026-04-27T04:43:24","date_gmt":"2026-04-27T04:43:24","guid":{"rendered":""},"modified":"2026-04-27T04:43:24","modified_gmt":"2026-04-27T04:43:24","slug":"akce-hs-flamingo-krbova-mrizka-16x16-cm-brouseny-chrom-65717","status":"publish","type":"product","link":"https:\/\/www.domkraftpro.com\/index.php\/produkt\/akce-hs-flamingo-krbova-mrizka-16x16-cm-brouseny-chrom-65717\/","title":{"rendered":"Akce HS Flamingo Krbov\u00e1 m\u0159\u00ed\u017eka 16&#215;16 cm, brou\u0161en\u00fd chrom"},"content":{"rendered":"<div id=\"e21253454\" class=\"pages\">\n<div>\n<div id=\"PDDescription\" class=\"UserContentView userContent v1a v1 bs-view dcon dc159 PDDescription\" ><dc-con><dc-con><bs-empty><\/bs-empty><\/dc-con><dc-con>        <\/p>\n<div class=\"customDescription\">                    <\/div>\n<p><\/dc-con><dc-con>Ventila\u010dn\u00ed m\u0159\u00ed\u017eky r\u016fzn\u00fdch rozm\u011br\u016f a v n\u011bkolika barv\u00e1ch. Ocelov\u00e9 s mont\u00e1\u017en\u00edm r\u00e1me\u010dkem, lakovan\u00e9 pr\u00e1\u0161kovou barvou vysok\u00e9 kvality, kter\u00e1 je odoln\u00e1 v\u016f\u010di vysok\u00fdm teplot\u00e1m. I po n\u011bkolikalet\u00e9m provozu zachov\u00e1v\u00e1 sv\u016fj p\u016fvodn\u00ed lesk a odst\u00edn. M\u0159\u00ed\u017eky pln\u00ed t\u00e9\u017e funkci dekora\u010dn\u00ed. Slou\u017e\u00ed ke clon\u011bn\u00ed ventila\u010dn\u00edch otvor\u016f. Jsou vyrobeny z ocelov\u00fdch \u010d\u00e1st\u00ed a p\u0159\u00edslu\u0161n\u011b upraveny technologick\u00fdm procesem. Tento typ m\u0159\u00ed\u017eek je ur\u010den pro mont\u00e1\u017ee do kom\u00ednov\u00fdch sopouch\u016f, st\u011bn a podlah (nepou\u017e\u00edvat na stropech).<\/dc-con><\/dc-con><\/div>\n<div id=\"PDDescription2\" class=\"UserContentView userContent v1a v1 bs-view dcon dc160 PDDescription2\" >\n<table class='techparam_table'>\n<tr>\n<td>Materi\u00e1l<\/td>\n<td>ocelov\u00fd plech <\/td>\n<\/tr>\n<tr>\n<td>Barva<\/td>\n<td>brou\u0161en\u00fd chrom <\/td>\n<\/tr>\n<tr>\n<td>\u017daluzie<\/td>\n<td>Ne <\/td>\n<\/tr>\n<tr>\n<td>Vn\u011bj\u0161\u00ed rozm\u011br m\u0159\u00ed\u017eky (\u0160 x V x H)<\/td>\n<td>194&#215;194 mm<\/td>\n<\/tr>\n<tr>\n<td>Rozm\u011br mont\u00e1\u017en\u00edho r\u00e1me\u010dku (\u0160 x V x H)<\/td>\n<td>164x168x35 mm<\/td>\n<\/tr>\n<tr>\n<td>V\u00fdrobce<\/td>\n<td>Amstal <\/td>\n<\/tr>\n<tr>\n<td>Distributor pro \u010cR a SR<\/td>\n<td>HS Flamingo s.r.o. &#8211; www.hsflamingo.cz <\/td>\n<\/tr>\n<\/table>\n<\/div><\/div>\n<div id=\"PDTable3\" class=\"ProductDetailTableView v3a v3 bs-view dcon dc180 PDTable3\" >\n<table>\n<thead><\/thead>\n<tbody>\n<tr class=\"attribute attr_bsshop_maker\">\n<td class=\"caption\">V\u00fdrobce<\/td>\n<td class=\"value\">Parkanex<\/td>\n<\/tr>\n<\/tbody>\n<\/table>\n<\/div>\n<\/div>\n<div id=\"e21253455\" class=\"tabs\">\n","protected":false},"excerpt":{"rendered":"<p>Ventila\u010dn\u00ed m\u0159\u00ed\u017eky r\u016fzn\u00fdch rozm\u011br\u016f a v n\u011bkolika barv\u00e1ch. Ocelov\u00e9 s mont\u00e1\u017en\u00edm r\u00e1me\u010dkem, lakovan\u00e9 pr\u00e1\u0161kovou barvou vysok\u00e9 kvality, kter\u00e1 je odoln\u00e1 v\u016f\u010di vysok\u00fdm teplot\u00e1m. I po n\u011bkolikalet\u00e9m provozu zachov\u00e1v\u00e1 sv\u016fj p\u016fvodn\u00ed lesk a odst\u00edn. M\u0159\u00ed\u017eky pln\u00ed t\u00e9\u017e funkci dekora\u010dn\u00ed. Slou\u017e\u00ed ke clon\u011bn\u00ed ventila\u010dn\u00edch otvor\u016f. Jsou vyrobeny z ocelov\u00fdch \u010d\u00e1st\u00ed a p\u0159\u00edslu\u0161n\u011b upraveny technologick\u00fdm procesem. Tento typ [&hellip;]<\/p>\n","protected":false},"featured_media":65817,"comment_status":"open","ping_status":"open","template":"","meta":[],"product_brand":[],"product_cat":[129],"product_tag":[],"class_list":{"0":"post-65717","1":"product","2":"type-product","3":"status-publish","4":"has-post-thumbnail","6":"product_cat-krby-a-kamna","8":"first","9":"instock","10":"sale","11":"shipping-taxable","12":"purchasable","13":"product-type-simple"},"yoast_head":"<!-- This site is optimized with the Yoast SEO plugin v26.8 - https:\/\/yoast.com\/product\/yoast-seo-wordpress\/ -->\n<title>Akce HS Flamingo Krbov\u00e1 m\u0159\u00ed\u017eka 16x16 cm, brou\u0161en\u00fd chrom -<\/title>\n<meta name=\"robots\" content=\"index, follow, max-snippet:-1, max-image-preview:large, max-video-preview:-1\" \/>\n<link rel=\"canonical\" href=\"https:\/\/www.domkraftpro.com\/index.php\/produkt\/akce-hs-flamingo-krbova-mrizka-16x16-cm-brouseny-chrom-65717\/\" \/>\n<meta property=\"og:locale\" content=\"cs_CZ\" \/>\n<meta property=\"og:type\" content=\"article\" \/>\n<meta property=\"og:title\" content=\"Akce HS Flamingo Krbov\u00e1 m\u0159\u00ed\u017eka 16x16 cm, brou\u0161en\u00fd chrom -\" \/>\n<meta property=\"og:description\" content=\"Ventila\u010dn\u00ed m\u0159\u00ed\u017eky r\u016fzn\u00fdch rozm\u011br\u016f a v n\u011bkolika barv\u00e1ch. Ocelov\u00e9 s mont\u00e1\u017en\u00edm r\u00e1me\u010dkem, lakovan\u00e9 pr\u00e1\u0161kovou barvou vysok\u00e9 kvality, kter\u00e1 je odoln\u00e1 v\u016f\u010di vysok\u00fdm teplot\u00e1m. I po n\u011bkolikalet\u00e9m provozu zachov\u00e1v\u00e1 sv\u016fj p\u016fvodn\u00ed lesk a odst\u00edn. M\u0159\u00ed\u017eky pln\u00ed t\u00e9\u017e funkci dekora\u010dn\u00ed. Slou\u017e\u00ed ke clon\u011bn\u00ed ventila\u010dn\u00edch otvor\u016f. Jsou vyrobeny z ocelov\u00fdch \u010d\u00e1st\u00ed a p\u0159\u00edslu\u0161n\u011b upraveny technologick\u00fdm procesem. Tento typ [&hellip;]\" \/>\n<meta property=\"og:url\" content=\"https:\/\/www.domkraftpro.com\/index.php\/produkt\/akce-hs-flamingo-krbova-mrizka-16x16-cm-brouseny-chrom-65717\/\" \/>\n<meta property=\"og:image\" content=\"https:\/\/www.domkraftpro.com\/wp-content\/uploads\/2026\/SK0007804-CZ20260425-093449-0-1777080895-hs-flamingo-krbova-mrizka-16x16-cm-brouseny-chrom.webp\" \/>\n\t<meta property=\"og:image:width\" content=\"1000\" \/>\n\t<meta property=\"og:image:height\" content=\"525\" \/>\n\t<meta property=\"og:image:type\" content=\"image\/webp\" \/>\n<meta name=\"twitter:card\" content=\"summary_large_image\" \/>\n<meta name=\"twitter:label1\" content=\"Odhadovan\u00e1 doba \u010dten\u00ed\" \/>\n\t<meta name=\"twitter:data1\" content=\"1 minuta\" \/>\n<script type=\"application\/ld+json\" class=\"yoast-schema-graph\">{\"@context\":\"https:\/\/schema.org\",\"@graph\":[{\"@type\":\"WebPage\",\"@id\":\"https:\/\/www.domkraftpro.com\/index.php\/produkt\/akce-hs-flamingo-krbova-mrizka-16x16-cm-brouseny-chrom-65717\/\",\"url\":\"https:\/\/www.domkraftpro.com\/index.php\/produkt\/akce-hs-flamingo-krbova-mrizka-16x16-cm-brouseny-chrom-65717\/\",\"name\":\"Akce HS Flamingo Krbov\u00e1 m\u0159\u00ed\u017eka 16x16 cm, brou\u0161en\u00fd chrom -\",\"isPartOf\":{\"@id\":\"https:\/\/www.domkraftpro.com\/#website\"},\"primaryImageOfPage\":{\"@id\":\"https:\/\/www.domkraftpro.com\/index.php\/produkt\/akce-hs-flamingo-krbova-mrizka-16x16-cm-brouseny-chrom-65717\/#primaryimage\"},\"image\":{\"@id\":\"https:\/\/www.domkraftpro.com\/index.php\/produkt\/akce-hs-flamingo-krbova-mrizka-16x16-cm-brouseny-chrom-65717\/#primaryimage\"},\"thumbnailUrl\":\"https:\/\/www.domkraftpro.com\/wp-content\/uploads\/2026\/SK0007804-CZ20260425-093449-0-1777080895-hs-flamingo-krbova-mrizka-16x16-cm-brouseny-chrom.webp\",\"datePublished\":\"2026-04-27T04:43:24+00:00\",\"breadcrumb\":{\"@id\":\"https:\/\/www.domkraftpro.com\/index.php\/produkt\/akce-hs-flamingo-krbova-mrizka-16x16-cm-brouseny-chrom-65717\/#breadcrumb\"},\"inLanguage\":\"cs\",\"potentialAction\":[{\"@type\":\"ReadAction\",\"target\":[\"https:\/\/www.domkraftpro.com\/index.php\/produkt\/akce-hs-flamingo-krbova-mrizka-16x16-cm-brouseny-chrom-65717\/\"]}]},{\"@type\":\"ImageObject\",\"inLanguage\":\"cs\",\"@id\":\"https:\/\/www.domkraftpro.com\/index.php\/produkt\/akce-hs-flamingo-krbova-mrizka-16x16-cm-brouseny-chrom-65717\/#primaryimage\",\"url\":\"https:\/\/www.domkraftpro.com\/wp-content\/uploads\/2026\/SK0007804-CZ20260425-093449-0-1777080895-hs-flamingo-krbova-mrizka-16x16-cm-brouseny-chrom.webp\",\"contentUrl\":\"https:\/\/www.domkraftpro.com\/wp-content\/uploads\/2026\/SK0007804-CZ20260425-093449-0-1777080895-hs-flamingo-krbova-mrizka-16x16-cm-brouseny-chrom.webp\",\"width\":1000,\"height\":525},{\"@type\":\"BreadcrumbList\",\"@id\":\"https:\/\/www.domkraftpro.com\/index.php\/produkt\/akce-hs-flamingo-krbova-mrizka-16x16-cm-brouseny-chrom-65717\/#breadcrumb\",\"itemListElement\":[{\"@type\":\"ListItem\",\"position\":1,\"name\":\"Home\",\"item\":\"https:\/\/www.domkraftpro.com\/\"},{\"@type\":\"ListItem\",\"position\":2,\"name\":\"Products\",\"item\":\"https:\/\/www.domkraftpro.com\/index.php\/products\/\"},{\"@type\":\"ListItem\",\"position\":3,\"name\":\"Akce HS Flamingo Krbov\u00e1 m\u0159\u00ed\u017eka 16&#215;16 cm, brou\u0161en\u00fd chrom\"}]},{\"@type\":\"WebSite\",\"@id\":\"https:\/\/www.domkraftpro.com\/#website\",\"url\":\"https:\/\/www.domkraftpro.com\/\",\"name\":\"\",\"description\":\"\",\"potentialAction\":[{\"@type\":\"SearchAction\",\"target\":{\"@type\":\"EntryPoint\",\"urlTemplate\":\"https:\/\/www.domkraftpro.com\/?s={search_term_string}\"},\"query-input\":{\"@type\":\"PropertyValueSpecification\",\"valueRequired\":true,\"valueName\":\"search_term_string\"}}],\"inLanguage\":\"cs\"}]}<\/script>\n<!-- \/ Yoast SEO plugin. -->","yoast_head_json":{"title":"Akce HS Flamingo Krbov\u00e1 m\u0159\u00ed\u017eka 16x16 cm, brou\u0161en\u00fd chrom -","robots":{"index":"index","follow":"follow","max-snippet":"max-snippet:-1","max-image-preview":"max-image-preview:large","max-video-preview":"max-video-preview:-1"},"canonical":"https:\/\/www.domkraftpro.com\/index.php\/produkt\/akce-hs-flamingo-krbova-mrizka-16x16-cm-brouseny-chrom-65717\/","og_locale":"cs_CZ","og_type":"article","og_title":"Akce HS Flamingo Krbov\u00e1 m\u0159\u00ed\u017eka 16x16 cm, brou\u0161en\u00fd chrom -","og_description":"Ventila\u010dn\u00ed m\u0159\u00ed\u017eky r\u016fzn\u00fdch rozm\u011br\u016f a v n\u011bkolika barv\u00e1ch. Ocelov\u00e9 s mont\u00e1\u017en\u00edm r\u00e1me\u010dkem, lakovan\u00e9 pr\u00e1\u0161kovou barvou vysok\u00e9 kvality, kter\u00e1 je odoln\u00e1 v\u016f\u010di vysok\u00fdm teplot\u00e1m. I po n\u011bkolikalet\u00e9m provozu zachov\u00e1v\u00e1 sv\u016fj p\u016fvodn\u00ed lesk a odst\u00edn. M\u0159\u00ed\u017eky pln\u00ed t\u00e9\u017e funkci dekora\u010dn\u00ed. Slou\u017e\u00ed ke clon\u011bn\u00ed ventila\u010dn\u00edch otvor\u016f. Jsou vyrobeny z ocelov\u00fdch \u010d\u00e1st\u00ed a p\u0159\u00edslu\u0161n\u011b upraveny technologick\u00fdm procesem. Tento typ [&hellip;]","og_url":"https:\/\/www.domkraftpro.com\/index.php\/produkt\/akce-hs-flamingo-krbova-mrizka-16x16-cm-brouseny-chrom-65717\/","og_image":[{"width":1000,"height":525,"url":"https:\/\/www.domkraftpro.com\/wp-content\/uploads\/2026\/SK0007804-CZ20260425-093449-0-1777080895-hs-flamingo-krbova-mrizka-16x16-cm-brouseny-chrom.webp","type":"image\/webp"}],"twitter_card":"summary_large_image","twitter_misc":{"Odhadovan\u00e1 doba \u010dten\u00ed":"1 minuta"},"schema":{"@context":"https:\/\/schema.org","@graph":[{"@type":"WebPage","@id":"https:\/\/www.domkraftpro.com\/index.php\/produkt\/akce-hs-flamingo-krbova-mrizka-16x16-cm-brouseny-chrom-65717\/","url":"https:\/\/www.domkraftpro.com\/index.php\/produkt\/akce-hs-flamingo-krbova-mrizka-16x16-cm-brouseny-chrom-65717\/","name":"Akce HS Flamingo Krbov\u00e1 m\u0159\u00ed\u017eka 16x16 cm, brou\u0161en\u00fd chrom -","isPartOf":{"@id":"https:\/\/www.domkraftpro.com\/#website"},"primaryImageOfPage":{"@id":"https:\/\/www.domkraftpro.com\/index.php\/produkt\/akce-hs-flamingo-krbova-mrizka-16x16-cm-brouseny-chrom-65717\/#primaryimage"},"image":{"@id":"https:\/\/www.domkraftpro.com\/index.php\/produkt\/akce-hs-flamingo-krbova-mrizka-16x16-cm-brouseny-chrom-65717\/#primaryimage"},"thumbnailUrl":"https:\/\/www.domkraftpro.com\/wp-content\/uploads\/2026\/SK0007804-CZ20260425-093449-0-1777080895-hs-flamingo-krbova-mrizka-16x16-cm-brouseny-chrom.webp","datePublished":"2026-04-27T04:43:24+00:00","breadcrumb":{"@id":"https:\/\/www.domkraftpro.com\/index.php\/produkt\/akce-hs-flamingo-krbova-mrizka-16x16-cm-brouseny-chrom-65717\/#breadcrumb"},"inLanguage":"cs","potentialAction":[{"@type":"ReadAction","target":["https:\/\/www.domkraftpro.com\/index.php\/produkt\/akce-hs-flamingo-krbova-mrizka-16x16-cm-brouseny-chrom-65717\/"]}]},{"@type":"ImageObject","inLanguage":"cs","@id":"https:\/\/www.domkraftpro.com\/index.php\/produkt\/akce-hs-flamingo-krbova-mrizka-16x16-cm-brouseny-chrom-65717\/#primaryimage","url":"https:\/\/www.domkraftpro.com\/wp-content\/uploads\/2026\/SK0007804-CZ20260425-093449-0-1777080895-hs-flamingo-krbova-mrizka-16x16-cm-brouseny-chrom.webp","contentUrl":"https:\/\/www.domkraftpro.com\/wp-content\/uploads\/2026\/SK0007804-CZ20260425-093449-0-1777080895-hs-flamingo-krbova-mrizka-16x16-cm-brouseny-chrom.webp","width":1000,"height":525},{"@type":"BreadcrumbList","@id":"https:\/\/www.domkraftpro.com\/index.php\/produkt\/akce-hs-flamingo-krbova-mrizka-16x16-cm-brouseny-chrom-65717\/#breadcrumb","itemListElement":[{"@type":"ListItem","position":1,"name":"Home","item":"https:\/\/www.domkraftpro.com\/"},{"@type":"ListItem","position":2,"name":"Products","item":"https:\/\/www.domkraftpro.com\/index.php\/products\/"},{"@type":"ListItem","position":3,"name":"Akce HS Flamingo Krbov\u00e1 m\u0159\u00ed\u017eka 16&#215;16 cm, brou\u0161en\u00fd chrom"}]},{"@type":"WebSite","@id":"https:\/\/www.domkraftpro.com\/#website","url":"https:\/\/www.domkraftpro.com\/","name":"","description":"","potentialAction":[{"@type":"SearchAction","target":{"@type":"EntryPoint","urlTemplate":"https:\/\/www.domkraftpro.com\/?s={search_term_string}"},"query-input":{"@type":"PropertyValueSpecification","valueRequired":true,"valueName":"search_term_string"}}],"inLanguage":"cs"}]}},"_links":{"self":[{"href":"https:\/\/www.domkraftpro.com\/index.php\/wp-json\/wp\/v2\/product\/65717","targetHints":{"allow":["GET"]}}],"collection":[{"href":"https:\/\/www.domkraftpro.com\/index.php\/wp-json\/wp\/v2\/product"}],"about":[{"href":"https:\/\/www.domkraftpro.com\/index.php\/wp-json\/wp\/v2\/types\/product"}],"replies":[{"embeddable":true,"href":"https:\/\/www.domkraftpro.com\/index.php\/wp-json\/wp\/v2\/comments?post=65717"}],"wp:featuredmedia":[{"embeddable":true,"href":"https:\/\/www.domkraftpro.com\/index.php\/wp-json\/wp\/v2\/media\/65817"}],"wp:attachment":[{"href":"https:\/\/www.domkraftpro.com\/index.php\/wp-json\/wp\/v2\/media?parent=65717"}],"wp:term":[{"taxonomy":"product_brand","embeddable":true,"href":"https:\/\/www.domkraftpro.com\/index.php\/wp-json\/wp\/v2\/product_brand?post=65717"},{"taxonomy":"product_cat","embeddable":true,"href":"https:\/\/www.domkraftpro.com\/index.php\/wp-json\/wp\/v2\/product_cat?post=65717"},{"taxonomy":"product_tag","embeddable":true,"href":"https:\/\/www.domkraftpro.com\/index.php\/wp-json\/wp\/v2\/product_tag?post=65717"}],"curies":[{"name":"wp","href":"https:\/\/api.w.org\/{rel}","templated":true}]}}