{"id":65530,"date":"2026-04-27T04:43:23","date_gmt":"2026-04-27T04:43:23","guid":{"rendered":""},"modified":"2026-04-27T04:43:23","modified_gmt":"2026-04-27T04:43:23","slug":"levny-hs-flamingo-stahovaci-spona-160-mm-65530","status":"publish","type":"product","link":"https:\/\/www.domkraftpro.com\/index.php\/produkt\/levny-hs-flamingo-stahovaci-spona-160-mm-65530\/","title":{"rendered":"Levn\u00fd HS Flamingo Stahovac\u00ed spona 160 mm"},"content":{"rendered":"<div id=\"e9688034\" class=\"pages\">\n<div>\n<div id=\"PDDescription\" class=\"UserContentView userContent v1a v1 bs-view dcon dc159 PDDescription\" ><dc-con><dc-con><bs-empty><\/bs-empty><\/dc-con><dc-con>        <\/p>\n<div class=\"customDescription\">                    <\/div>\n<p><\/dc-con><dc-con>Syst\u00e9m \u010dty\u0159hrann\u00fdch rozvod\u016f v rozm\u011bru 150x50mm z pozinkovan\u00e9ho plechu. Pou\u017e\u00edv\u00e1 se k rozv\u00e1d\u011bn\u00ed tepl\u00e9ho vzduchu do v\u00edce m\u00edstnost\u00ed nebo k \u010derp\u00e1n\u00ed studen\u00e9ho vzduchu pod krbovou vlo\u017eku<\/dc-con><\/dc-con><\/div>\n<div id=\"PDDescription2\" class=\"UserContentView userContent v1a v1 bs-view dcon dc160 PDDescription2\" >\n<table class='techparam_table'>\n<tr>\n<td>Materi\u00e1l<\/td>\n<td>pozinkovan\u00fd plech <\/td>\n<\/tr>\n<tr>\n<td>Pr\u016fm\u011br<\/td>\n<td>max. 160 mm<\/td>\n<\/tr>\n<tr>\n<td>Distributor pro \u010cR a SR<\/td>\n<td>HS Flamingo s.r.o. &#8211; www.hsflamingo.cz <\/td>\n<\/tr>\n<tr>\n<td>Barva<\/td>\n<td>pozink <\/td>\n<\/tr>\n<\/table>\n<\/div><\/div>\n<div id=\"PDTable3\" class=\"ProductDetailTableView v3a v3 bs-view dcon dc180 PDTable3\" >\n<table>\n<thead><\/thead>\n<tbody>\n<tr class=\"attribute attr_bsshop_maker\">\n<td class=\"caption\">V\u00fdrobce<\/td>\n<td class=\"value\">Parkanex<\/td>\n<\/tr>\n<\/tbody>\n<\/table>\n<\/div>\n<\/div>\n<div id=\"e9688035\" class=\"tabs\">\n","protected":false},"excerpt":{"rendered":"<p>Syst\u00e9m \u010dty\u0159hrann\u00fdch rozvod\u016f v rozm\u011bru 150x50mm z pozinkovan\u00e9ho plechu. Pou\u017e\u00edv\u00e1 se k rozv\u00e1d\u011bn\u00ed tepl\u00e9ho vzduchu do v\u00edce m\u00edstnost\u00ed nebo k \u010derp\u00e1n\u00ed studen\u00e9ho vzduchu pod krbovou vlo\u017eku Materi\u00e1l pozinkovan\u00fd plech Pr\u016fm\u011br max. 160 mm Distributor pro \u010cR a SR HS Flamingo s.r.o. &#8211; www.hsflamingo.cz Barva pozink V\u00fdrobce Parkanex<\/p>\n","protected":false},"featured_media":65630,"comment_status":"open","ping_status":"open","template":"","meta":[],"product_brand":[],"product_cat":[129],"product_tag":[],"class_list":{"0":"post-65530","1":"product","2":"type-product","3":"status-publish","4":"has-post-thumbnail","6":"product_cat-krby-a-kamna","8":"first","9":"instock","10":"sale","11":"shipping-taxable","12":"purchasable","13":"product-type-simple"},"yoast_head":"<!-- This site is optimized with the Yoast SEO plugin v26.8 - https:\/\/yoast.com\/product\/yoast-seo-wordpress\/ -->\n<title>Levn\u00fd HS Flamingo Stahovac\u00ed spona 160 mm -<\/title>\n<meta name=\"robots\" content=\"index, follow, max-snippet:-1, max-image-preview:large, max-video-preview:-1\" \/>\n<link rel=\"canonical\" href=\"https:\/\/www.domkraftpro.com\/index.php\/produkt\/levny-hs-flamingo-stahovaci-spona-160-mm-65530\/\" \/>\n<meta property=\"og:locale\" content=\"cs_CZ\" \/>\n<meta property=\"og:type\" content=\"article\" \/>\n<meta property=\"og:title\" content=\"Levn\u00fd HS Flamingo Stahovac\u00ed spona 160 mm -\" \/>\n<meta property=\"og:description\" content=\"Syst\u00e9m \u010dty\u0159hrann\u00fdch rozvod\u016f v rozm\u011bru 150x50mm z pozinkovan\u00e9ho plechu. Pou\u017e\u00edv\u00e1 se k rozv\u00e1d\u011bn\u00ed tepl\u00e9ho vzduchu do v\u00edce m\u00edstnost\u00ed nebo k \u010derp\u00e1n\u00ed studen\u00e9ho vzduchu pod krbovou vlo\u017eku Materi\u00e1l pozinkovan\u00fd plech Pr\u016fm\u011br max. 160 mm Distributor pro \u010cR a SR HS Flamingo s.r.o. &#8211; www.hsflamingo.cz Barva pozink V\u00fdrobce Parkanex\" \/>\n<meta property=\"og:url\" content=\"https:\/\/www.domkraftpro.com\/index.php\/produkt\/levny-hs-flamingo-stahovaci-spona-160-mm-65530\/\" \/>\n<meta property=\"og:image\" content=\"https:\/\/www.domkraftpro.com\/wp-content\/uploads\/2026\/SK0007717-CZ20260425-093449-0-1777080895-hs-flamingo-stahovaci-spona-160-mm.webp\" \/>\n\t<meta property=\"og:image:width\" content=\"1000\" \/>\n\t<meta property=\"og:image:height\" content=\"525\" \/>\n\t<meta property=\"og:image:type\" content=\"image\/webp\" \/>\n<meta name=\"twitter:card\" content=\"summary_large_image\" \/>\n<script type=\"application\/ld+json\" class=\"yoast-schema-graph\">{\"@context\":\"https:\/\/schema.org\",\"@graph\":[{\"@type\":\"WebPage\",\"@id\":\"https:\/\/www.domkraftpro.com\/index.php\/produkt\/levny-hs-flamingo-stahovaci-spona-160-mm-65530\/\",\"url\":\"https:\/\/www.domkraftpro.com\/index.php\/produkt\/levny-hs-flamingo-stahovaci-spona-160-mm-65530\/\",\"name\":\"Levn\u00fd HS Flamingo Stahovac\u00ed spona 160 mm -\",\"isPartOf\":{\"@id\":\"https:\/\/www.domkraftpro.com\/#website\"},\"primaryImageOfPage\":{\"@id\":\"https:\/\/www.domkraftpro.com\/index.php\/produkt\/levny-hs-flamingo-stahovaci-spona-160-mm-65530\/#primaryimage\"},\"image\":{\"@id\":\"https:\/\/www.domkraftpro.com\/index.php\/produkt\/levny-hs-flamingo-stahovaci-spona-160-mm-65530\/#primaryimage\"},\"thumbnailUrl\":\"https:\/\/www.domkraftpro.com\/wp-content\/uploads\/2026\/SK0007717-CZ20260425-093449-0-1777080895-hs-flamingo-stahovaci-spona-160-mm.webp\",\"datePublished\":\"2026-04-27T04:43:23+00:00\",\"breadcrumb\":{\"@id\":\"https:\/\/www.domkraftpro.com\/index.php\/produkt\/levny-hs-flamingo-stahovaci-spona-160-mm-65530\/#breadcrumb\"},\"inLanguage\":\"cs\",\"potentialAction\":[{\"@type\":\"ReadAction\",\"target\":[\"https:\/\/www.domkraftpro.com\/index.php\/produkt\/levny-hs-flamingo-stahovaci-spona-160-mm-65530\/\"]}]},{\"@type\":\"ImageObject\",\"inLanguage\":\"cs\",\"@id\":\"https:\/\/www.domkraftpro.com\/index.php\/produkt\/levny-hs-flamingo-stahovaci-spona-160-mm-65530\/#primaryimage\",\"url\":\"https:\/\/www.domkraftpro.com\/wp-content\/uploads\/2026\/SK0007717-CZ20260425-093449-0-1777080895-hs-flamingo-stahovaci-spona-160-mm.webp\",\"contentUrl\":\"https:\/\/www.domkraftpro.com\/wp-content\/uploads\/2026\/SK0007717-CZ20260425-093449-0-1777080895-hs-flamingo-stahovaci-spona-160-mm.webp\",\"width\":1000,\"height\":525},{\"@type\":\"BreadcrumbList\",\"@id\":\"https:\/\/www.domkraftpro.com\/index.php\/produkt\/levny-hs-flamingo-stahovaci-spona-160-mm-65530\/#breadcrumb\",\"itemListElement\":[{\"@type\":\"ListItem\",\"position\":1,\"name\":\"Home\",\"item\":\"https:\/\/www.domkraftpro.com\/\"},{\"@type\":\"ListItem\",\"position\":2,\"name\":\"Products\",\"item\":\"https:\/\/www.domkraftpro.com\/index.php\/products\/\"},{\"@type\":\"ListItem\",\"position\":3,\"name\":\"Levn\u00fd HS Flamingo Stahovac\u00ed spona 160 mm\"}]},{\"@type\":\"WebSite\",\"@id\":\"https:\/\/www.domkraftpro.com\/#website\",\"url\":\"https:\/\/www.domkraftpro.com\/\",\"name\":\"\",\"description\":\"\",\"potentialAction\":[{\"@type\":\"SearchAction\",\"target\":{\"@type\":\"EntryPoint\",\"urlTemplate\":\"https:\/\/www.domkraftpro.com\/?s={search_term_string}\"},\"query-input\":{\"@type\":\"PropertyValueSpecification\",\"valueRequired\":true,\"valueName\":\"search_term_string\"}}],\"inLanguage\":\"cs\"}]}<\/script>\n<!-- \/ Yoast SEO plugin. -->","yoast_head_json":{"title":"Levn\u00fd HS Flamingo Stahovac\u00ed spona 160 mm -","robots":{"index":"index","follow":"follow","max-snippet":"max-snippet:-1","max-image-preview":"max-image-preview:large","max-video-preview":"max-video-preview:-1"},"canonical":"https:\/\/www.domkraftpro.com\/index.php\/produkt\/levny-hs-flamingo-stahovaci-spona-160-mm-65530\/","og_locale":"cs_CZ","og_type":"article","og_title":"Levn\u00fd HS Flamingo Stahovac\u00ed spona 160 mm -","og_description":"Syst\u00e9m \u010dty\u0159hrann\u00fdch rozvod\u016f v rozm\u011bru 150x50mm z pozinkovan\u00e9ho plechu. Pou\u017e\u00edv\u00e1 se k rozv\u00e1d\u011bn\u00ed tepl\u00e9ho vzduchu do v\u00edce m\u00edstnost\u00ed nebo k \u010derp\u00e1n\u00ed studen\u00e9ho vzduchu pod krbovou vlo\u017eku Materi\u00e1l pozinkovan\u00fd plech Pr\u016fm\u011br max. 160 mm Distributor pro \u010cR a SR HS Flamingo s.r.o. &#8211; www.hsflamingo.cz Barva pozink V\u00fdrobce Parkanex","og_url":"https:\/\/www.domkraftpro.com\/index.php\/produkt\/levny-hs-flamingo-stahovaci-spona-160-mm-65530\/","og_image":[{"width":1000,"height":525,"url":"https:\/\/www.domkraftpro.com\/wp-content\/uploads\/2026\/SK0007717-CZ20260425-093449-0-1777080895-hs-flamingo-stahovaci-spona-160-mm.webp","type":"image\/webp"}],"twitter_card":"summary_large_image","schema":{"@context":"https:\/\/schema.org","@graph":[{"@type":"WebPage","@id":"https:\/\/www.domkraftpro.com\/index.php\/produkt\/levny-hs-flamingo-stahovaci-spona-160-mm-65530\/","url":"https:\/\/www.domkraftpro.com\/index.php\/produkt\/levny-hs-flamingo-stahovaci-spona-160-mm-65530\/","name":"Levn\u00fd HS Flamingo Stahovac\u00ed spona 160 mm -","isPartOf":{"@id":"https:\/\/www.domkraftpro.com\/#website"},"primaryImageOfPage":{"@id":"https:\/\/www.domkraftpro.com\/index.php\/produkt\/levny-hs-flamingo-stahovaci-spona-160-mm-65530\/#primaryimage"},"image":{"@id":"https:\/\/www.domkraftpro.com\/index.php\/produkt\/levny-hs-flamingo-stahovaci-spona-160-mm-65530\/#primaryimage"},"thumbnailUrl":"https:\/\/www.domkraftpro.com\/wp-content\/uploads\/2026\/SK0007717-CZ20260425-093449-0-1777080895-hs-flamingo-stahovaci-spona-160-mm.webp","datePublished":"2026-04-27T04:43:23+00:00","breadcrumb":{"@id":"https:\/\/www.domkraftpro.com\/index.php\/produkt\/levny-hs-flamingo-stahovaci-spona-160-mm-65530\/#breadcrumb"},"inLanguage":"cs","potentialAction":[{"@type":"ReadAction","target":["https:\/\/www.domkraftpro.com\/index.php\/produkt\/levny-hs-flamingo-stahovaci-spona-160-mm-65530\/"]}]},{"@type":"ImageObject","inLanguage":"cs","@id":"https:\/\/www.domkraftpro.com\/index.php\/produkt\/levny-hs-flamingo-stahovaci-spona-160-mm-65530\/#primaryimage","url":"https:\/\/www.domkraftpro.com\/wp-content\/uploads\/2026\/SK0007717-CZ20260425-093449-0-1777080895-hs-flamingo-stahovaci-spona-160-mm.webp","contentUrl":"https:\/\/www.domkraftpro.com\/wp-content\/uploads\/2026\/SK0007717-CZ20260425-093449-0-1777080895-hs-flamingo-stahovaci-spona-160-mm.webp","width":1000,"height":525},{"@type":"BreadcrumbList","@id":"https:\/\/www.domkraftpro.com\/index.php\/produkt\/levny-hs-flamingo-stahovaci-spona-160-mm-65530\/#breadcrumb","itemListElement":[{"@type":"ListItem","position":1,"name":"Home","item":"https:\/\/www.domkraftpro.com\/"},{"@type":"ListItem","position":2,"name":"Products","item":"https:\/\/www.domkraftpro.com\/index.php\/products\/"},{"@type":"ListItem","position":3,"name":"Levn\u00fd HS Flamingo Stahovac\u00ed spona 160 mm"}]},{"@type":"WebSite","@id":"https:\/\/www.domkraftpro.com\/#website","url":"https:\/\/www.domkraftpro.com\/","name":"","description":"","potentialAction":[{"@type":"SearchAction","target":{"@type":"EntryPoint","urlTemplate":"https:\/\/www.domkraftpro.com\/?s={search_term_string}"},"query-input":{"@type":"PropertyValueSpecification","valueRequired":true,"valueName":"search_term_string"}}],"inLanguage":"cs"}]}},"_links":{"self":[{"href":"https:\/\/www.domkraftpro.com\/index.php\/wp-json\/wp\/v2\/product\/65530","targetHints":{"allow":["GET"]}}],"collection":[{"href":"https:\/\/www.domkraftpro.com\/index.php\/wp-json\/wp\/v2\/product"}],"about":[{"href":"https:\/\/www.domkraftpro.com\/index.php\/wp-json\/wp\/v2\/types\/product"}],"replies":[{"embeddable":true,"href":"https:\/\/www.domkraftpro.com\/index.php\/wp-json\/wp\/v2\/comments?post=65530"}],"wp:featuredmedia":[{"embeddable":true,"href":"https:\/\/www.domkraftpro.com\/index.php\/wp-json\/wp\/v2\/media\/65630"}],"wp:attachment":[{"href":"https:\/\/www.domkraftpro.com\/index.php\/wp-json\/wp\/v2\/media?parent=65530"}],"wp:term":[{"taxonomy":"product_brand","embeddable":true,"href":"https:\/\/www.domkraftpro.com\/index.php\/wp-json\/wp\/v2\/product_brand?post=65530"},{"taxonomy":"product_cat","embeddable":true,"href":"https:\/\/www.domkraftpro.com\/index.php\/wp-json\/wp\/v2\/product_cat?post=65530"},{"taxonomy":"product_tag","embeddable":true,"href":"https:\/\/www.domkraftpro.com\/index.php\/wp-json\/wp\/v2\/product_tag?post=65530"}],"curies":[{"name":"wp","href":"https:\/\/api.w.org\/{rel}","templated":true}]}}