{"id":65518,"date":"2026-04-27T04:43:23","date_gmt":"2026-04-27T04:43:23","guid":{"rendered":""},"modified":"2026-04-27T04:43:23","modified_gmt":"2026-04-27T04:43:23","slug":"rychle-dodani-hs-flamingo-krbovy-ventilator-540-65518","status":"publish","type":"product","link":"https:\/\/www.domkraftpro.com\/index.php\/produkt\/rychle-dodani-hs-flamingo-krbovy-ventilator-540-65518\/","title":{"rendered":"Rychl\u00e9 Dod\u00e1n\u00ed HS Flamingo Krbov\u00fd ventil\u00e1tor 540"},"content":{"rendered":"<div id=\"e9682898\" class=\"pages\">\n<div>\n<div id=\"PDDescription\" class=\"UserContentView userContent v1a v1 bs-view dcon dc159 PDDescription\" ><dc-con><dc-con><bs-empty><\/bs-empty><\/dc-con><dc-con>        <\/p>\n<div class=\"customDescription\">                    <\/div>\n<p><\/dc-con><dc-con><br \/>Ventil\u00e1tor s&nbsp;termostatem ur\u010den\u00fd k&nbsp;nucen\u00e9mu ob\u011bhu hork\u00e9ho vzduchu. Termostat se zap\u00edn\u00e1, kdy\u017e teplota vzduchu proud\u00edc\u00edho za\u0159\u00edzen\u00edm dos\u00e1hne po\u017eadovan\u00e9 hodnoty, a vyp\u00edn\u00e1 se, kdy\u017e teplota po\u017eadovan\u00e9 hodnoty nedosahuje. Ventil\u00e1tor m\u016f\u017ee pracovat rovn\u011b\u017e v&nbsp;nep\u0159etr\u017eit\u00e9m provozu. Syst\u00e9m potrub\u00ed s&nbsp;obd\u00e9ln\u00edkov\u00fdm nebo kulat\u00fdm pr\u016f\u0159ezem umo\u017e\u0148uje rozvod hork\u00e9ho vzduchu na v\u011bt\u0161\u00ed vzd\u00e1lenost. Vytvo\u0159en\u00fd tlak zaji\u0161\u0165uje rozvod hork\u00e9ho vzduchu do n\u011bkolika m\u00edstnost\u00ed sou\u010dasn\u011b. Ventil\u00e1tor je konstruov\u00e1na pro nep\u0159etr\u017eitou pr\u00e1ci p\u0159i teplot\u00e1ch od +20 do +150\u00b0C. Ventil\u00e1tor lze p\u0159ipojit k&nbsp;automatick\u00e9mu regul\u00e1toru ot\u00e1\u010dek. <br \/>Ur\u010den\u00ed: Ventil\u00e1tor lze vyu\u017e\u00edvat pro rozvod hork\u00e9ho vzduchu z&nbsp;krbu, u klimatiza\u010dn\u00edho syst\u00e9mu pak tak\u00e9 pro vys\u00e1v\u00e1n\u00ed&nbsp; nadm\u011brn\u00e9ho mno\u017estv\u00ed hork\u00e9ho vzduchu z&nbsp;klimatizovan\u00e9 m\u00edstnosti. Ventil\u00e1tor m\u016f\u017ee pracovat dlouhodob\u011b a bez p\u0159eru\u0161en\u00ed. <br \/>Bezpe\u010dnostn\u00ed po\u017eadavky: Mont\u00e1\u017e ventil\u00e1toru mus\u00ed b\u00fdt provedena kvalifikovan\u00fdm elektrik\u00e1\u0159em v&nbsp;souladu s&nbsp;platn\u00fdmi p\u0159edpisy. \u00dadr\u017ebu a opravy ventil\u00e1toru lze prov\u00e1d\u011bt v\u00fdhradn\u011b po p\u0159edchoz\u00edm odpojen\u00ed ze s\u00edt\u011b. P\u0159ed zapojen\u00edm ventil\u00e1toru do s\u00edt\u011b se ujist\u011bte, \u017ee nedo\u0161lo k po\u0161kozen\u00ed rotoru nebo pl\u00e1\u0161t\u011b a \u017ee se v&nbsp;pr\u016ftokov\u00e9 \u010d\u00e1sti pl\u00e1\u0161t\u011b nenach\u00e1zej\u00ed&nbsp;\u017e\u00e1dn\u00e9 p\u0159edm\u011bty. P\u0159i pou\u017e\u00edv\u00e1n\u00ed ventil\u00e1toru v&nbsp;syst\u00e9mech horkovzdu\u0161n\u00e9ho vyt\u00e1p\u011bn\u00ed je zak\u00e1z\u00e1no: <br \/>&#8211; montovat ventil\u00e1tor na ho\u0159lav\u00e9m materi\u00e1lu, &#8211; p\u0159ikr\u00fdvat ventil\u00e1tor, &#8211; zabudov\u00e1vat ventil\u00e1tor do st\u011bny, &#8211; umis\u0165ovat ventil\u00e1tor do&nbsp;tubusu krbu.<br \/>Mont\u00e1\u017e a zapojen\u00ed ventil\u00e1toru: Po rozbalen\u00ed ventil\u00e1toru zkontrolujte: <br \/>&#8211; stav nap\u00e1je\u010d\u016f (stav izolace), &#8211; stav pl\u00e1\u0161t\u011b ventil\u00e1toru &nbsp;(pr\u016fhyby, deformace, rotor se nesm\u00ed dot\u00fdkat pl\u00e1\u0161t\u011b ventil\u00e1toru). <br \/>V\u00fd\u0161e uveden\u00e9 \u010dinnosti se prov\u00e1d\u011bj\u00ed s&nbsp;ohledem na p\u0159\u00edpadn\u00e1 po\u0161kozen\u00ed vznikl\u00e1&nbsp;v pr\u016fb\u011bhu p\u0159epravy. Nebylo-li zji\u0161t\u011bno \u017e\u00e1dn\u00e9 po\u0161kozen\u00ed, lze zah\u00e1jit mont\u00e1\u017e ventil\u00e1toru na m\u00edst\u011b ur\u010den\u00ed. Plocha ur\u010den\u00e1 pro instalaci ventil\u00e1toru mus\u00ed b\u00fdt dokonale vyrovn\u00e1na. Pro omezen\u00ed vibrac\u00ed ventil\u00e1tor zamontujte na podlo\u017ece z&nbsp;miner\u00e1ln\u00ed vlny. Instalujte syst\u00e9m vzduchov\u00e9ho potrub\u00ed od ventil\u00e1toru do m\u00edstnost\u00ed, kter\u00e9 budou vyt\u00e1p\u011bny. Pou\u017e\u00edvejte pouze kovov\u00e9 izolovan\u00e9 potrub\u00ed (kan\u00e1ly nebo izolovan\u00e9 hlin\u00edkov\u00e9 potrub\u00ed). Rozv\u00e1d\u011b\u010d mus\u00ed m\u00edt zaji\u0161t\u011bn p\u0159\u00edstup vzduchu. Za\u0159\u00edzen\u00ed nesm\u00ed b\u00fdt provozov\u00e1no v&nbsp;zapr\u00e1\u0161en\u00e9m prost\u0159ed\u00ed, nap\u0159. p\u0159i stavebn\u00edch pracech. <br \/>&nbsp;<\/dc-con><\/dc-con><\/div>\n<div id=\"PDDescription2\" class=\"UserContentView userContent v1a v1 bs-view dcon dc160 PDDescription2\" >\n<table class='techparam_table'>\n<tr>\n<td>V\u00fdrobce<\/td>\n<td>Vents <\/td>\n<\/tr>\n<tr>\n<td>Pr\u016fm\u011br<\/td>\n<td>160 mm<\/td>\n<\/tr>\n<tr>\n<td>Distributor pro \u010cR a SR<\/td>\n<td>HS Flamingo s.r.o. &#8211; www.hsflamingo.cz <\/td>\n<\/tr>\n<tr>\n<td>Barva<\/td>\n<td>pozink <\/td>\n<\/tr>\n<tr>\n<td>P\u0159\u00edkon<\/td>\n<td>116 W<\/td>\n<\/tr>\n<tr>\n<td>Ot\u00e1\u010dky<\/td>\n<td>1280 ot\/min RPM<\/td>\n<\/tr>\n<tr>\n<td>V\u00e1ha<\/td>\n<td>5,7 kg<\/td>\n<\/tr>\n<tr>\n<td>Hlu\u010dnost<\/td>\n<td>42 dB<\/td>\n<\/tr>\n<tr>\n<td>Proudov\u00e9 zat\u00ed\u017een\u00ed<\/td>\n<td>0,86 A<\/td>\n<\/tr>\n<tr>\n<td>\u0160\u00ed\u0159ka<\/td>\n<td>300 mm<\/td>\n<\/tr>\n<tr>\n<td>V\u00fd\u0161ka<\/td>\n<td>285 mm<\/td>\n<\/tr>\n<tr>\n<td>Hloubka<\/td>\n<td>250 mm<\/td>\n<\/tr>\n<\/table>\n<\/div><\/div>\n<div id=\"PDTable3\" class=\"ProductDetailTableView v3a v3 bs-view dcon dc180 PDTable3\" >\n<table>\n<thead><\/thead>\n<tbody>\n<tr class=\"attribute attr_bsshop_maker\">\n<td class=\"caption\">V\u00fdrobce<\/td>\n<td class=\"value\">Parkanex<\/td>\n<\/tr>\n<\/tbody>\n<\/table>\n<\/div>\n<\/div>\n<div id=\"e9682899\" class=\"tabs\">\n","protected":false},"excerpt":{"rendered":"<p>Ventil\u00e1tor s&nbsp;termostatem ur\u010den\u00fd k&nbsp;nucen\u00e9mu ob\u011bhu hork\u00e9ho vzduchu. Termostat se zap\u00edn\u00e1, kdy\u017e teplota vzduchu proud\u00edc\u00edho za\u0159\u00edzen\u00edm dos\u00e1hne po\u017eadovan\u00e9 hodnoty, a vyp\u00edn\u00e1 se, kdy\u017e teplota po\u017eadovan\u00e9 hodnoty nedosahuje. Ventil\u00e1tor m\u016f\u017ee pracovat rovn\u011b\u017e v&nbsp;nep\u0159etr\u017eit\u00e9m provozu. Syst\u00e9m potrub\u00ed s&nbsp;obd\u00e9ln\u00edkov\u00fdm nebo kulat\u00fdm pr\u016f\u0159ezem umo\u017e\u0148uje rozvod hork\u00e9ho vzduchu na v\u011bt\u0161\u00ed vzd\u00e1lenost. Vytvo\u0159en\u00fd tlak zaji\u0161\u0165uje rozvod hork\u00e9ho vzduchu do n\u011bkolika m\u00edstnost\u00ed sou\u010dasn\u011b. [&hellip;]<\/p>\n","protected":false},"featured_media":65618,"comment_status":"open","ping_status":"open","template":"","meta":[],"product_brand":[],"product_cat":[129],"product_tag":[],"class_list":{"0":"post-65518","1":"product","2":"type-product","3":"status-publish","4":"has-post-thumbnail","6":"product_cat-krby-a-kamna","8":"first","9":"instock","10":"sale","11":"shipping-taxable","12":"purchasable","13":"product-type-simple"},"yoast_head":"<!-- This site is optimized with the Yoast SEO plugin v26.8 - https:\/\/yoast.com\/product\/yoast-seo-wordpress\/ -->\n<title>Rychl\u00e9 Dod\u00e1n\u00ed HS Flamingo Krbov\u00fd ventil\u00e1tor 540 -<\/title>\n<meta name=\"robots\" content=\"index, follow, max-snippet:-1, max-image-preview:large, max-video-preview:-1\" \/>\n<link rel=\"canonical\" href=\"https:\/\/www.domkraftpro.com\/index.php\/produkt\/rychle-dodani-hs-flamingo-krbovy-ventilator-540-65518\/\" \/>\n<meta property=\"og:locale\" content=\"cs_CZ\" \/>\n<meta property=\"og:type\" content=\"article\" \/>\n<meta property=\"og:title\" content=\"Rychl\u00e9 Dod\u00e1n\u00ed HS Flamingo Krbov\u00fd ventil\u00e1tor 540 -\" \/>\n<meta property=\"og:description\" content=\"Ventil\u00e1tor s&nbsp;termostatem ur\u010den\u00fd k&nbsp;nucen\u00e9mu ob\u011bhu hork\u00e9ho vzduchu. Termostat se zap\u00edn\u00e1, kdy\u017e teplota vzduchu proud\u00edc\u00edho za\u0159\u00edzen\u00edm dos\u00e1hne po\u017eadovan\u00e9 hodnoty, a vyp\u00edn\u00e1 se, kdy\u017e teplota po\u017eadovan\u00e9 hodnoty nedosahuje. Ventil\u00e1tor m\u016f\u017ee pracovat rovn\u011b\u017e v&nbsp;nep\u0159etr\u017eit\u00e9m provozu. Syst\u00e9m potrub\u00ed s&nbsp;obd\u00e9ln\u00edkov\u00fdm nebo kulat\u00fdm pr\u016f\u0159ezem umo\u017e\u0148uje rozvod hork\u00e9ho vzduchu na v\u011bt\u0161\u00ed vzd\u00e1lenost. Vytvo\u0159en\u00fd tlak zaji\u0161\u0165uje rozvod hork\u00e9ho vzduchu do n\u011bkolika m\u00edstnost\u00ed sou\u010dasn\u011b. [&hellip;]\" \/>\n<meta property=\"og:url\" content=\"https:\/\/www.domkraftpro.com\/index.php\/produkt\/rychle-dodani-hs-flamingo-krbovy-ventilator-540-65518\/\" \/>\n<meta property=\"og:image\" content=\"https:\/\/www.domkraftpro.com\/wp-content\/uploads\/2026\/SK0007705-CZ20260425-093449-0-1777080895-hs-flamingo-krbovy-ventilator-540.webp\" \/>\n\t<meta property=\"og:image:width\" content=\"1000\" \/>\n\t<meta property=\"og:image:height\" content=\"525\" \/>\n\t<meta property=\"og:image:type\" content=\"image\/webp\" \/>\n<meta name=\"twitter:card\" content=\"summary_large_image\" \/>\n<meta name=\"twitter:label1\" content=\"Odhadovan\u00e1 doba \u010dten\u00ed\" \/>\n\t<meta name=\"twitter:data1\" content=\"3 minuty\" \/>\n<script type=\"application\/ld+json\" class=\"yoast-schema-graph\">{\"@context\":\"https:\/\/schema.org\",\"@graph\":[{\"@type\":\"WebPage\",\"@id\":\"https:\/\/www.domkraftpro.com\/index.php\/produkt\/rychle-dodani-hs-flamingo-krbovy-ventilator-540-65518\/\",\"url\":\"https:\/\/www.domkraftpro.com\/index.php\/produkt\/rychle-dodani-hs-flamingo-krbovy-ventilator-540-65518\/\",\"name\":\"Rychl\u00e9 Dod\u00e1n\u00ed HS Flamingo Krbov\u00fd ventil\u00e1tor 540 -\",\"isPartOf\":{\"@id\":\"https:\/\/www.domkraftpro.com\/#website\"},\"primaryImageOfPage\":{\"@id\":\"https:\/\/www.domkraftpro.com\/index.php\/produkt\/rychle-dodani-hs-flamingo-krbovy-ventilator-540-65518\/#primaryimage\"},\"image\":{\"@id\":\"https:\/\/www.domkraftpro.com\/index.php\/produkt\/rychle-dodani-hs-flamingo-krbovy-ventilator-540-65518\/#primaryimage\"},\"thumbnailUrl\":\"https:\/\/www.domkraftpro.com\/wp-content\/uploads\/2026\/SK0007705-CZ20260425-093449-0-1777080895-hs-flamingo-krbovy-ventilator-540.webp\",\"datePublished\":\"2026-04-27T04:43:23+00:00\",\"breadcrumb\":{\"@id\":\"https:\/\/www.domkraftpro.com\/index.php\/produkt\/rychle-dodani-hs-flamingo-krbovy-ventilator-540-65518\/#breadcrumb\"},\"inLanguage\":\"cs\",\"potentialAction\":[{\"@type\":\"ReadAction\",\"target\":[\"https:\/\/www.domkraftpro.com\/index.php\/produkt\/rychle-dodani-hs-flamingo-krbovy-ventilator-540-65518\/\"]}]},{\"@type\":\"ImageObject\",\"inLanguage\":\"cs\",\"@id\":\"https:\/\/www.domkraftpro.com\/index.php\/produkt\/rychle-dodani-hs-flamingo-krbovy-ventilator-540-65518\/#primaryimage\",\"url\":\"https:\/\/www.domkraftpro.com\/wp-content\/uploads\/2026\/SK0007705-CZ20260425-093449-0-1777080895-hs-flamingo-krbovy-ventilator-540.webp\",\"contentUrl\":\"https:\/\/www.domkraftpro.com\/wp-content\/uploads\/2026\/SK0007705-CZ20260425-093449-0-1777080895-hs-flamingo-krbovy-ventilator-540.webp\",\"width\":1000,\"height\":525},{\"@type\":\"BreadcrumbList\",\"@id\":\"https:\/\/www.domkraftpro.com\/index.php\/produkt\/rychle-dodani-hs-flamingo-krbovy-ventilator-540-65518\/#breadcrumb\",\"itemListElement\":[{\"@type\":\"ListItem\",\"position\":1,\"name\":\"Home\",\"item\":\"https:\/\/www.domkraftpro.com\/\"},{\"@type\":\"ListItem\",\"position\":2,\"name\":\"Products\",\"item\":\"https:\/\/www.domkraftpro.com\/index.php\/products\/\"},{\"@type\":\"ListItem\",\"position\":3,\"name\":\"Rychl\u00e9 Dod\u00e1n\u00ed HS Flamingo Krbov\u00fd ventil\u00e1tor 540\"}]},{\"@type\":\"WebSite\",\"@id\":\"https:\/\/www.domkraftpro.com\/#website\",\"url\":\"https:\/\/www.domkraftpro.com\/\",\"name\":\"\",\"description\":\"\",\"potentialAction\":[{\"@type\":\"SearchAction\",\"target\":{\"@type\":\"EntryPoint\",\"urlTemplate\":\"https:\/\/www.domkraftpro.com\/?s={search_term_string}\"},\"query-input\":{\"@type\":\"PropertyValueSpecification\",\"valueRequired\":true,\"valueName\":\"search_term_string\"}}],\"inLanguage\":\"cs\"}]}<\/script>\n<!-- \/ Yoast SEO plugin. -->","yoast_head_json":{"title":"Rychl\u00e9 Dod\u00e1n\u00ed HS Flamingo Krbov\u00fd ventil\u00e1tor 540 -","robots":{"index":"index","follow":"follow","max-snippet":"max-snippet:-1","max-image-preview":"max-image-preview:large","max-video-preview":"max-video-preview:-1"},"canonical":"https:\/\/www.domkraftpro.com\/index.php\/produkt\/rychle-dodani-hs-flamingo-krbovy-ventilator-540-65518\/","og_locale":"cs_CZ","og_type":"article","og_title":"Rychl\u00e9 Dod\u00e1n\u00ed HS Flamingo Krbov\u00fd ventil\u00e1tor 540 -","og_description":"Ventil\u00e1tor s&nbsp;termostatem ur\u010den\u00fd k&nbsp;nucen\u00e9mu ob\u011bhu hork\u00e9ho vzduchu. Termostat se zap\u00edn\u00e1, kdy\u017e teplota vzduchu proud\u00edc\u00edho za\u0159\u00edzen\u00edm dos\u00e1hne po\u017eadovan\u00e9 hodnoty, a vyp\u00edn\u00e1 se, kdy\u017e teplota po\u017eadovan\u00e9 hodnoty nedosahuje. Ventil\u00e1tor m\u016f\u017ee pracovat rovn\u011b\u017e v&nbsp;nep\u0159etr\u017eit\u00e9m provozu. Syst\u00e9m potrub\u00ed s&nbsp;obd\u00e9ln\u00edkov\u00fdm nebo kulat\u00fdm pr\u016f\u0159ezem umo\u017e\u0148uje rozvod hork\u00e9ho vzduchu na v\u011bt\u0161\u00ed vzd\u00e1lenost. Vytvo\u0159en\u00fd tlak zaji\u0161\u0165uje rozvod hork\u00e9ho vzduchu do n\u011bkolika m\u00edstnost\u00ed sou\u010dasn\u011b. [&hellip;]","og_url":"https:\/\/www.domkraftpro.com\/index.php\/produkt\/rychle-dodani-hs-flamingo-krbovy-ventilator-540-65518\/","og_image":[{"width":1000,"height":525,"url":"https:\/\/www.domkraftpro.com\/wp-content\/uploads\/2026\/SK0007705-CZ20260425-093449-0-1777080895-hs-flamingo-krbovy-ventilator-540.webp","type":"image\/webp"}],"twitter_card":"summary_large_image","twitter_misc":{"Odhadovan\u00e1 doba \u010dten\u00ed":"3 minuty"},"schema":{"@context":"https:\/\/schema.org","@graph":[{"@type":"WebPage","@id":"https:\/\/www.domkraftpro.com\/index.php\/produkt\/rychle-dodani-hs-flamingo-krbovy-ventilator-540-65518\/","url":"https:\/\/www.domkraftpro.com\/index.php\/produkt\/rychle-dodani-hs-flamingo-krbovy-ventilator-540-65518\/","name":"Rychl\u00e9 Dod\u00e1n\u00ed HS Flamingo Krbov\u00fd ventil\u00e1tor 540 -","isPartOf":{"@id":"https:\/\/www.domkraftpro.com\/#website"},"primaryImageOfPage":{"@id":"https:\/\/www.domkraftpro.com\/index.php\/produkt\/rychle-dodani-hs-flamingo-krbovy-ventilator-540-65518\/#primaryimage"},"image":{"@id":"https:\/\/www.domkraftpro.com\/index.php\/produkt\/rychle-dodani-hs-flamingo-krbovy-ventilator-540-65518\/#primaryimage"},"thumbnailUrl":"https:\/\/www.domkraftpro.com\/wp-content\/uploads\/2026\/SK0007705-CZ20260425-093449-0-1777080895-hs-flamingo-krbovy-ventilator-540.webp","datePublished":"2026-04-27T04:43:23+00:00","breadcrumb":{"@id":"https:\/\/www.domkraftpro.com\/index.php\/produkt\/rychle-dodani-hs-flamingo-krbovy-ventilator-540-65518\/#breadcrumb"},"inLanguage":"cs","potentialAction":[{"@type":"ReadAction","target":["https:\/\/www.domkraftpro.com\/index.php\/produkt\/rychle-dodani-hs-flamingo-krbovy-ventilator-540-65518\/"]}]},{"@type":"ImageObject","inLanguage":"cs","@id":"https:\/\/www.domkraftpro.com\/index.php\/produkt\/rychle-dodani-hs-flamingo-krbovy-ventilator-540-65518\/#primaryimage","url":"https:\/\/www.domkraftpro.com\/wp-content\/uploads\/2026\/SK0007705-CZ20260425-093449-0-1777080895-hs-flamingo-krbovy-ventilator-540.webp","contentUrl":"https:\/\/www.domkraftpro.com\/wp-content\/uploads\/2026\/SK0007705-CZ20260425-093449-0-1777080895-hs-flamingo-krbovy-ventilator-540.webp","width":1000,"height":525},{"@type":"BreadcrumbList","@id":"https:\/\/www.domkraftpro.com\/index.php\/produkt\/rychle-dodani-hs-flamingo-krbovy-ventilator-540-65518\/#breadcrumb","itemListElement":[{"@type":"ListItem","position":1,"name":"Home","item":"https:\/\/www.domkraftpro.com\/"},{"@type":"ListItem","position":2,"name":"Products","item":"https:\/\/www.domkraftpro.com\/index.php\/products\/"},{"@type":"ListItem","position":3,"name":"Rychl\u00e9 Dod\u00e1n\u00ed HS Flamingo Krbov\u00fd ventil\u00e1tor 540"}]},{"@type":"WebSite","@id":"https:\/\/www.domkraftpro.com\/#website","url":"https:\/\/www.domkraftpro.com\/","name":"","description":"","potentialAction":[{"@type":"SearchAction","target":{"@type":"EntryPoint","urlTemplate":"https:\/\/www.domkraftpro.com\/?s={search_term_string}"},"query-input":{"@type":"PropertyValueSpecification","valueRequired":true,"valueName":"search_term_string"}}],"inLanguage":"cs"}]}},"_links":{"self":[{"href":"https:\/\/www.domkraftpro.com\/index.php\/wp-json\/wp\/v2\/product\/65518","targetHints":{"allow":["GET"]}}],"collection":[{"href":"https:\/\/www.domkraftpro.com\/index.php\/wp-json\/wp\/v2\/product"}],"about":[{"href":"https:\/\/www.domkraftpro.com\/index.php\/wp-json\/wp\/v2\/types\/product"}],"replies":[{"embeddable":true,"href":"https:\/\/www.domkraftpro.com\/index.php\/wp-json\/wp\/v2\/comments?post=65518"}],"wp:featuredmedia":[{"embeddable":true,"href":"https:\/\/www.domkraftpro.com\/index.php\/wp-json\/wp\/v2\/media\/65618"}],"wp:attachment":[{"href":"https:\/\/www.domkraftpro.com\/index.php\/wp-json\/wp\/v2\/media?parent=65518"}],"wp:term":[{"taxonomy":"product_brand","embeddable":true,"href":"https:\/\/www.domkraftpro.com\/index.php\/wp-json\/wp\/v2\/product_brand?post=65518"},{"taxonomy":"product_cat","embeddable":true,"href":"https:\/\/www.domkraftpro.com\/index.php\/wp-json\/wp\/v2\/product_cat?post=65518"},{"taxonomy":"product_tag","embeddable":true,"href":"https:\/\/www.domkraftpro.com\/index.php\/wp-json\/wp\/v2\/product_tag?post=65518"}],"curies":[{"name":"wp","href":"https:\/\/api.w.org\/{rel}","templated":true}]}}