{"id":65338,"date":"2026-04-27T04:43:23","date_gmt":"2026-04-27T04:43:23","guid":{"rendered":""},"modified":"2026-04-27T04:43:23","modified_gmt":"2026-04-27T04:43:23","slug":"izomat-izotub-als-izolace-s-hlinikovou-folii-70-20-mm-originalni-65338","status":"publish","type":"product","link":"https:\/\/www.domkraftpro.com\/index.php\/produkt\/izomat-izotub-als-izolace-s-hlinikovou-folii-70-20-mm-originalni-65338\/","title":{"rendered":"Izomat Izotub ALS izolace s hlin\u00edkovou foli\u00ed 70\/20 mm Origin\u00e1ln\u00ed"},"content":{"rendered":"<div id=\"e21166188\" class=\"pages\">\n<div>\n<div id=\"PDDescription\" class=\"UserContentView userContent v1a v1 bs-view dcon dc159 PDDescription\" ><dc-con><dc-con><bs-empty><\/bs-empty><\/dc-con><dc-con>        <\/p>\n<div class=\"customDescription\">                    <\/div>\n<p><\/dc-con><dc-con><\/p>\n<p><span style=\"color: #ff0000; font-weight: bold; text-decoration: underline;\">Uveden\u00e1 cena je za 1 ks. Trubky jsou vyr\u00e1b\u011bny\u00a0v d\u00e9lce\u00a01,2m.<\/span><\/p>\n<p style=\"text-align: justify;\"><strong>Charakteristika<\/strong><br \/>IZOTUB je vlastn\u00ed v\u00fdrobek, kter\u00fd vznik\u00e1 vy\u0159ez\u00e1v\u00e1n\u00edm z blok\u016f miner\u00e1ln\u00ed plsti. Pou\u017e\u00edv\u00e1 se k rychl\u00e9mu a efektivn\u00edmu vytvo\u0159en\u00ed izola\u010dn\u00ed vrstvy potrub\u00ed. Vnit\u0159n\u00ed rozm\u011br odpov\u00edd\u00e1 normov\u00fdm pr\u016fm\u011br\u016fm potrub\u00ed. Tlou\u0161\u0165ka m\u016f\u017ee b\u00fdt od 20 do 100 i v\u00edce mm. Rychlej\u0161\u00ed postup mont\u00e1\u017en\u00edch prac\u00ed umo\u017e\u0148uje d\u00e9lka pouzdra 1,2 m, co\u017e v kone\u010dn\u00e9m d\u016fsledku \u0161et\u0159\u00ed mont\u00e1\u017en\u00ed \u010das a\u017e o 20 %. IZOTUB se dod\u00e1v\u00e1 ve dvou proveden\u00edch s ozna\u010den\u00edm IZOTUB &#8211; bez povrchov\u00e9 \u00fapravy a IZOTUB ALS s povrchovou \u00fapravou. Tvo\u0159\u00ed ji hlin\u00edkov\u00e1 folie s vysokou radia\u010dn\u00ed odrazivost\u00ed a je vyztu\u017eena sklen\u011bnou m\u0159\u00ed\u017ekou pro zv\u00fd\u0161en\u00ed pevnosti a pat\u0159i\u010dn\u00fdm p\u0159esahem v pod\u00e9ln\u00e9 \u010d\u00e1sti pro usnadn\u011bn\u00ed mont\u00e1\u017ee a uzav\u0159en\u00ed pod\u00e9ln\u00e9 sp\u00e1ry. IZOTUB je mo\u017en\u00e9 po dohod\u011b dod\u00e1vat v nestandardn\u00edch rozm\u011brech a tvarech.<\/p>\n<p style=\"text-align: justify;\"><strong>Pou\u017eit\u00ed<\/strong><br \/>Tepeln\u00e1 izolace potrub\u00ed se vytvo\u0159\u00ed prost\u00fdm p\u0159ilo\u017een\u00edm skru\u017ee IZOTUB nebo IZOTUB ALS na jeho vn\u011bj\u0161\u00ed povrch. Tzv. z\u00e1mek zaru\u010duje provizorn\u00ed samosvornost b\u011bhem mont\u00e1\u017ee a vylu\u010duje vytvo\u0159en\u00ed tepeln\u00e9ho mostu, tento z\u00e1mek je od s\u00edly st\u011bny <strong>40mm<\/strong>.Trval\u00e9 osazen\u00ed se zaji\u0161\u0165uje u typu IZOTUB proveden\u00edm dodate\u010dn\u00e9 povrchov\u00e9 \u00fapravy, kter\u00e1 chr\u00e1n\u00ed izolaci p\u0159ed p\u0159\u00edpadn\u00fdm mechanick\u00fdm po\u0161kozen\u00edm. U skru\u017e\u00ed IZOTUB ALS, ji\u017e tvo\u0159\u00ed povrchovou\u00a0 ochranu hlin\u00edkov\u00e1 folie s pat\u0159i\u010dn\u00fdm p\u0159esahem, opat\u0159en\u00fdm samolep\u00edc\u00ed t\u011bsn\u00edc\u00ed p\u00e1skou. Jej\u00edm p\u0159itisknut\u00edm se dos\u00e1hne spolehliv\u00e9ho uzav\u0159en\u00ed hlin\u00edkov\u00e9 folie po cel\u00e9m obvodu izolace. P\u0159\u00ed\u010dn\u00e9 sp\u00e1ry se tak\u00e9 p\u0159elep\u00ed kvalitn\u00ed hlin\u00edkovou p\u00e1skou, je\u017e m\u016f\u017ee b\u00fdt sou\u010d\u00e1st\u00ed dod\u00e1vky v\u00fdrobk\u016f Izotub. Nejvy\u0161\u0161\u00ed atestovan\u00e1 provozn\u00ed teplota skru\u017e\u00ed IZOTUB je 620\u00b0C, t\u0159\u00edda A1. U skru\u017e\u00ed IZOTUB ALS nem\u00e1 vn\u011bj\u0161\u00ed teplota izola\u010dn\u00ed vrstvy p\u0159es\u00e1hnout teplotu 100\u00b0C a atestovan\u00e1 reakce na ohe\u0148 je A2. Skru\u017ee IZOTUB maj\u00ed univers\u00e1ln\u00ed pou\u017eit\u00ed. Omezen\u00ed plat\u00ed jen pro provozy s mo\u017enost\u00ed v\u00fdskytu plynn\u00e9ho nebo tekut\u00e9ho kysl\u00edku.<\/p>\n<p style=\"text-align: justify;\"><strong>V\u00fdhody<\/strong><br \/>Rychl\u00e1 a jednoduch\u00e1 mont\u00e1\u017e d\u00edky speci\u00e1ln\u00ed konstrukci a prodlou\u017een\u00e9 d\u00e9lce izola\u010dn\u00edho prvku.<br \/>St\u00e1l\u00e1 jakost potvrzen\u00e1 pravideln\u011b opakovanou certifikac\u00ed.<br \/>Operativnost a rychlost dod\u00e1vek ze skladu v\u00fdrobce.<br \/>Mo\u017enost p\u0159izp\u016fsoben\u00ed nestandardn\u00edch rozm\u011br\u016f a tvar\u016f.<\/p>\n<p><\/dc-con><\/dc-con><\/div>\n<\/p><\/div>\n<div id=\"PDTable3\" class=\"ProductDetailTableView v3a v3 bs-view dcon dc180 PDTable3\" >\n<table>\n<thead><\/thead>\n<tbody>\n<tr class=\"attribute attr_potrubi\">\n<td class=\"caption\">Pro potrub\u00ed v mm<\/td>\n<td class=\"value\">70<\/td>\n<\/tr>\n<tr class=\"attribute attr_silasteny\">\n<td class=\"caption\">S\u00edla st\u011bny v mm<\/td>\n<td class=\"value\">20<\/td>\n<\/tr>\n<tr class=\"attribute attr_material\">\n<td class=\"caption\">Materi\u00e1l<\/td>\n<td class=\"value\">Miner\u00e1ln\u00ed pls\u0165 s Al \u00fapravou<\/td>\n<\/tr>\n<tr class=\"attribute attr_teplotamax\">\n<td class=\"caption\">Teplota C\u00b0 Max.<\/td>\n<td class=\"value\">620<\/td>\n<\/tr>\n<tr class=\"attribute attr_typ\">\n<td class=\"caption\">Typ<\/td>\n<td class=\"value\">Izotub<\/td>\n<\/tr>\n<tr class=\"attribute attr_bsshop_maker\">\n<td class=\"caption\">V\u00fdrobce<\/td>\n<td class=\"value\">Izomat<\/td>\n<\/tr>\n<\/tbody>\n<\/table>\n<\/div>\n<\/div>\n<div id=\"e21166189\" class=\"tabs\">\n","protected":false},"excerpt":{"rendered":"<p>Uveden\u00e1 cena je za 1 ks. Trubky jsou vyr\u00e1b\u011bny\u00a0v d\u00e9lce\u00a01,2m. CharakteristikaIZOTUB je vlastn\u00ed v\u00fdrobek, kter\u00fd vznik\u00e1 vy\u0159ez\u00e1v\u00e1n\u00edm z blok\u016f miner\u00e1ln\u00ed plsti. Pou\u017e\u00edv\u00e1 se k rychl\u00e9mu a efektivn\u00edmu vytvo\u0159en\u00ed izola\u010dn\u00ed vrstvy potrub\u00ed. Vnit\u0159n\u00ed rozm\u011br odpov\u00edd\u00e1 normov\u00fdm pr\u016fm\u011br\u016fm potrub\u00ed. Tlou\u0161\u0165ka m\u016f\u017ee b\u00fdt od 20 do 100 i v\u00edce mm. Rychlej\u0161\u00ed postup mont\u00e1\u017en\u00edch prac\u00ed umo\u017e\u0148uje d\u00e9lka pouzdra 1,2 [&hellip;]<\/p>\n","protected":false},"featured_media":65438,"comment_status":"open","ping_status":"open","template":"","meta":[],"product_brand":[],"product_cat":[106],"product_tag":[],"class_list":{"0":"post-65338","1":"product","2":"type-product","3":"status-publish","4":"has-post-thumbnail","6":"product_cat-tepeln-225-izolace","8":"first","9":"instock","10":"sale","11":"shipping-taxable","12":"purchasable","13":"product-type-simple"},"yoast_head":"<!-- This site is optimized with the Yoast SEO plugin v26.8 - https:\/\/yoast.com\/product\/yoast-seo-wordpress\/ -->\n<title>Izomat Izotub ALS izolace s hlin\u00edkovou foli\u00ed 70\/20 mm Origin\u00e1ln\u00ed -<\/title>\n<meta name=\"robots\" content=\"index, follow, max-snippet:-1, max-image-preview:large, max-video-preview:-1\" \/>\n<link rel=\"canonical\" href=\"https:\/\/www.domkraftpro.com\/index.php\/produkt\/izomat-izotub-als-izolace-s-hlinikovou-folii-70-20-mm-originalni-65338\/\" \/>\n<meta property=\"og:locale\" content=\"cs_CZ\" \/>\n<meta property=\"og:type\" content=\"article\" \/>\n<meta property=\"og:title\" content=\"Izomat Izotub ALS izolace s hlin\u00edkovou foli\u00ed 70\/20 mm Origin\u00e1ln\u00ed -\" \/>\n<meta property=\"og:description\" content=\"Uveden\u00e1 cena je za 1 ks. Trubky jsou vyr\u00e1b\u011bny\u00a0v d\u00e9lce\u00a01,2m. CharakteristikaIZOTUB je vlastn\u00ed v\u00fdrobek, kter\u00fd vznik\u00e1 vy\u0159ez\u00e1v\u00e1n\u00edm z blok\u016f miner\u00e1ln\u00ed plsti. Pou\u017e\u00edv\u00e1 se k rychl\u00e9mu a efektivn\u00edmu vytvo\u0159en\u00ed izola\u010dn\u00ed vrstvy potrub\u00ed. Vnit\u0159n\u00ed rozm\u011br odpov\u00edd\u00e1 normov\u00fdm pr\u016fm\u011br\u016fm potrub\u00ed. Tlou\u0161\u0165ka m\u016f\u017ee b\u00fdt od 20 do 100 i v\u00edce mm. Rychlej\u0161\u00ed postup mont\u00e1\u017en\u00edch prac\u00ed umo\u017e\u0148uje d\u00e9lka pouzdra 1,2 [&hellip;]\" \/>\n<meta property=\"og:url\" content=\"https:\/\/www.domkraftpro.com\/index.php\/produkt\/izomat-izotub-als-izolace-s-hlinikovou-folii-70-20-mm-originalni-65338\/\" \/>\n<meta property=\"og:image\" content=\"https:\/\/www.domkraftpro.com\/wp-content\/uploads\/2026\/SK0007606-CZ20260425-093449-0-1777080895-izomat-izotub-als-izolace-s-hlinikovou-folii-70-20-mm.webp\" \/>\n\t<meta property=\"og:image:width\" content=\"1000\" \/>\n\t<meta property=\"og:image:height\" content=\"525\" \/>\n\t<meta property=\"og:image:type\" content=\"image\/webp\" \/>\n<meta name=\"twitter:card\" content=\"summary_large_image\" \/>\n<meta name=\"twitter:label1\" content=\"Odhadovan\u00e1 doba \u010dten\u00ed\" \/>\n\t<meta name=\"twitter:data1\" content=\"2 minuty\" \/>\n<script type=\"application\/ld+json\" class=\"yoast-schema-graph\">{\"@context\":\"https:\/\/schema.org\",\"@graph\":[{\"@type\":\"WebPage\",\"@id\":\"https:\/\/www.domkraftpro.com\/index.php\/produkt\/izomat-izotub-als-izolace-s-hlinikovou-folii-70-20-mm-originalni-65338\/\",\"url\":\"https:\/\/www.domkraftpro.com\/index.php\/produkt\/izomat-izotub-als-izolace-s-hlinikovou-folii-70-20-mm-originalni-65338\/\",\"name\":\"Izomat Izotub ALS izolace s hlin\u00edkovou foli\u00ed 70\/20 mm Origin\u00e1ln\u00ed -\",\"isPartOf\":{\"@id\":\"https:\/\/www.domkraftpro.com\/#website\"},\"primaryImageOfPage\":{\"@id\":\"https:\/\/www.domkraftpro.com\/index.php\/produkt\/izomat-izotub-als-izolace-s-hlinikovou-folii-70-20-mm-originalni-65338\/#primaryimage\"},\"image\":{\"@id\":\"https:\/\/www.domkraftpro.com\/index.php\/produkt\/izomat-izotub-als-izolace-s-hlinikovou-folii-70-20-mm-originalni-65338\/#primaryimage\"},\"thumbnailUrl\":\"https:\/\/www.domkraftpro.com\/wp-content\/uploads\/2026\/SK0007606-CZ20260425-093449-0-1777080895-izomat-izotub-als-izolace-s-hlinikovou-folii-70-20-mm.webp\",\"datePublished\":\"2026-04-27T04:43:23+00:00\",\"breadcrumb\":{\"@id\":\"https:\/\/www.domkraftpro.com\/index.php\/produkt\/izomat-izotub-als-izolace-s-hlinikovou-folii-70-20-mm-originalni-65338\/#breadcrumb\"},\"inLanguage\":\"cs\",\"potentialAction\":[{\"@type\":\"ReadAction\",\"target\":[\"https:\/\/www.domkraftpro.com\/index.php\/produkt\/izomat-izotub-als-izolace-s-hlinikovou-folii-70-20-mm-originalni-65338\/\"]}]},{\"@type\":\"ImageObject\",\"inLanguage\":\"cs\",\"@id\":\"https:\/\/www.domkraftpro.com\/index.php\/produkt\/izomat-izotub-als-izolace-s-hlinikovou-folii-70-20-mm-originalni-65338\/#primaryimage\",\"url\":\"https:\/\/www.domkraftpro.com\/wp-content\/uploads\/2026\/SK0007606-CZ20260425-093449-0-1777080895-izomat-izotub-als-izolace-s-hlinikovou-folii-70-20-mm.webp\",\"contentUrl\":\"https:\/\/www.domkraftpro.com\/wp-content\/uploads\/2026\/SK0007606-CZ20260425-093449-0-1777080895-izomat-izotub-als-izolace-s-hlinikovou-folii-70-20-mm.webp\",\"width\":1000,\"height\":525},{\"@type\":\"BreadcrumbList\",\"@id\":\"https:\/\/www.domkraftpro.com\/index.php\/produkt\/izomat-izotub-als-izolace-s-hlinikovou-folii-70-20-mm-originalni-65338\/#breadcrumb\",\"itemListElement\":[{\"@type\":\"ListItem\",\"position\":1,\"name\":\"Home\",\"item\":\"https:\/\/www.domkraftpro.com\/\"},{\"@type\":\"ListItem\",\"position\":2,\"name\":\"Products\",\"item\":\"https:\/\/www.domkraftpro.com\/index.php\/products\/\"},{\"@type\":\"ListItem\",\"position\":3,\"name\":\"Izomat Izotub ALS izolace s hlin\u00edkovou foli\u00ed 70\/20 mm Origin\u00e1ln\u00ed\"}]},{\"@type\":\"WebSite\",\"@id\":\"https:\/\/www.domkraftpro.com\/#website\",\"url\":\"https:\/\/www.domkraftpro.com\/\",\"name\":\"\",\"description\":\"\",\"potentialAction\":[{\"@type\":\"SearchAction\",\"target\":{\"@type\":\"EntryPoint\",\"urlTemplate\":\"https:\/\/www.domkraftpro.com\/?s={search_term_string}\"},\"query-input\":{\"@type\":\"PropertyValueSpecification\",\"valueRequired\":true,\"valueName\":\"search_term_string\"}}],\"inLanguage\":\"cs\"}]}<\/script>\n<!-- \/ Yoast SEO plugin. -->","yoast_head_json":{"title":"Izomat Izotub ALS izolace s hlin\u00edkovou foli\u00ed 70\/20 mm Origin\u00e1ln\u00ed -","robots":{"index":"index","follow":"follow","max-snippet":"max-snippet:-1","max-image-preview":"max-image-preview:large","max-video-preview":"max-video-preview:-1"},"canonical":"https:\/\/www.domkraftpro.com\/index.php\/produkt\/izomat-izotub-als-izolace-s-hlinikovou-folii-70-20-mm-originalni-65338\/","og_locale":"cs_CZ","og_type":"article","og_title":"Izomat Izotub ALS izolace s hlin\u00edkovou foli\u00ed 70\/20 mm Origin\u00e1ln\u00ed -","og_description":"Uveden\u00e1 cena je za 1 ks. Trubky jsou vyr\u00e1b\u011bny\u00a0v d\u00e9lce\u00a01,2m. CharakteristikaIZOTUB je vlastn\u00ed v\u00fdrobek, kter\u00fd vznik\u00e1 vy\u0159ez\u00e1v\u00e1n\u00edm z blok\u016f miner\u00e1ln\u00ed plsti. Pou\u017e\u00edv\u00e1 se k rychl\u00e9mu a efektivn\u00edmu vytvo\u0159en\u00ed izola\u010dn\u00ed vrstvy potrub\u00ed. Vnit\u0159n\u00ed rozm\u011br odpov\u00edd\u00e1 normov\u00fdm pr\u016fm\u011br\u016fm potrub\u00ed. Tlou\u0161\u0165ka m\u016f\u017ee b\u00fdt od 20 do 100 i v\u00edce mm. Rychlej\u0161\u00ed postup mont\u00e1\u017en\u00edch prac\u00ed umo\u017e\u0148uje d\u00e9lka pouzdra 1,2 [&hellip;]","og_url":"https:\/\/www.domkraftpro.com\/index.php\/produkt\/izomat-izotub-als-izolace-s-hlinikovou-folii-70-20-mm-originalni-65338\/","og_image":[{"width":1000,"height":525,"url":"https:\/\/www.domkraftpro.com\/wp-content\/uploads\/2026\/SK0007606-CZ20260425-093449-0-1777080895-izomat-izotub-als-izolace-s-hlinikovou-folii-70-20-mm.webp","type":"image\/webp"}],"twitter_card":"summary_large_image","twitter_misc":{"Odhadovan\u00e1 doba \u010dten\u00ed":"2 minuty"},"schema":{"@context":"https:\/\/schema.org","@graph":[{"@type":"WebPage","@id":"https:\/\/www.domkraftpro.com\/index.php\/produkt\/izomat-izotub-als-izolace-s-hlinikovou-folii-70-20-mm-originalni-65338\/","url":"https:\/\/www.domkraftpro.com\/index.php\/produkt\/izomat-izotub-als-izolace-s-hlinikovou-folii-70-20-mm-originalni-65338\/","name":"Izomat Izotub ALS izolace s hlin\u00edkovou foli\u00ed 70\/20 mm Origin\u00e1ln\u00ed -","isPartOf":{"@id":"https:\/\/www.domkraftpro.com\/#website"},"primaryImageOfPage":{"@id":"https:\/\/www.domkraftpro.com\/index.php\/produkt\/izomat-izotub-als-izolace-s-hlinikovou-folii-70-20-mm-originalni-65338\/#primaryimage"},"image":{"@id":"https:\/\/www.domkraftpro.com\/index.php\/produkt\/izomat-izotub-als-izolace-s-hlinikovou-folii-70-20-mm-originalni-65338\/#primaryimage"},"thumbnailUrl":"https:\/\/www.domkraftpro.com\/wp-content\/uploads\/2026\/SK0007606-CZ20260425-093449-0-1777080895-izomat-izotub-als-izolace-s-hlinikovou-folii-70-20-mm.webp","datePublished":"2026-04-27T04:43:23+00:00","breadcrumb":{"@id":"https:\/\/www.domkraftpro.com\/index.php\/produkt\/izomat-izotub-als-izolace-s-hlinikovou-folii-70-20-mm-originalni-65338\/#breadcrumb"},"inLanguage":"cs","potentialAction":[{"@type":"ReadAction","target":["https:\/\/www.domkraftpro.com\/index.php\/produkt\/izomat-izotub-als-izolace-s-hlinikovou-folii-70-20-mm-originalni-65338\/"]}]},{"@type":"ImageObject","inLanguage":"cs","@id":"https:\/\/www.domkraftpro.com\/index.php\/produkt\/izomat-izotub-als-izolace-s-hlinikovou-folii-70-20-mm-originalni-65338\/#primaryimage","url":"https:\/\/www.domkraftpro.com\/wp-content\/uploads\/2026\/SK0007606-CZ20260425-093449-0-1777080895-izomat-izotub-als-izolace-s-hlinikovou-folii-70-20-mm.webp","contentUrl":"https:\/\/www.domkraftpro.com\/wp-content\/uploads\/2026\/SK0007606-CZ20260425-093449-0-1777080895-izomat-izotub-als-izolace-s-hlinikovou-folii-70-20-mm.webp","width":1000,"height":525},{"@type":"BreadcrumbList","@id":"https:\/\/www.domkraftpro.com\/index.php\/produkt\/izomat-izotub-als-izolace-s-hlinikovou-folii-70-20-mm-originalni-65338\/#breadcrumb","itemListElement":[{"@type":"ListItem","position":1,"name":"Home","item":"https:\/\/www.domkraftpro.com\/"},{"@type":"ListItem","position":2,"name":"Products","item":"https:\/\/www.domkraftpro.com\/index.php\/products\/"},{"@type":"ListItem","position":3,"name":"Izomat Izotub ALS izolace s hlin\u00edkovou foli\u00ed 70\/20 mm Origin\u00e1ln\u00ed"}]},{"@type":"WebSite","@id":"https:\/\/www.domkraftpro.com\/#website","url":"https:\/\/www.domkraftpro.com\/","name":"","description":"","potentialAction":[{"@type":"SearchAction","target":{"@type":"EntryPoint","urlTemplate":"https:\/\/www.domkraftpro.com\/?s={search_term_string}"},"query-input":{"@type":"PropertyValueSpecification","valueRequired":true,"valueName":"search_term_string"}}],"inLanguage":"cs"}]}},"_links":{"self":[{"href":"https:\/\/www.domkraftpro.com\/index.php\/wp-json\/wp\/v2\/product\/65338","targetHints":{"allow":["GET"]}}],"collection":[{"href":"https:\/\/www.domkraftpro.com\/index.php\/wp-json\/wp\/v2\/product"}],"about":[{"href":"https:\/\/www.domkraftpro.com\/index.php\/wp-json\/wp\/v2\/types\/product"}],"replies":[{"embeddable":true,"href":"https:\/\/www.domkraftpro.com\/index.php\/wp-json\/wp\/v2\/comments?post=65338"}],"wp:featuredmedia":[{"embeddable":true,"href":"https:\/\/www.domkraftpro.com\/index.php\/wp-json\/wp\/v2\/media\/65438"}],"wp:attachment":[{"href":"https:\/\/www.domkraftpro.com\/index.php\/wp-json\/wp\/v2\/media?parent=65338"}],"wp:term":[{"taxonomy":"product_brand","embeddable":true,"href":"https:\/\/www.domkraftpro.com\/index.php\/wp-json\/wp\/v2\/product_brand?post=65338"},{"taxonomy":"product_cat","embeddable":true,"href":"https:\/\/www.domkraftpro.com\/index.php\/wp-json\/wp\/v2\/product_cat?post=65338"},{"taxonomy":"product_tag","embeddable":true,"href":"https:\/\/www.domkraftpro.com\/index.php\/wp-json\/wp\/v2\/product_tag?post=65338"}],"curies":[{"name":"wp","href":"https:\/\/api.w.org\/{rel}","templated":true}]}}