{"id":65164,"date":"2026-04-27T04:43:22","date_gmt":"2026-04-27T04:43:22","guid":{"rendered":""},"modified":"2026-04-27T04:43:22","modified_gmt":"2026-04-27T04:43:22","slug":"akce-cu-lisovaci-t-kus-redukovany-9131-35-x-28-x-35-pro-topeni-i-rozvod-plynu-65164","status":"publish","type":"product","link":"https:\/\/www.domkraftpro.com\/index.php\/produkt\/akce-cu-lisovaci-t-kus-redukovany-9131-35-x-28-x-35-pro-topeni-i-rozvod-plynu-65164\/","title":{"rendered":"Akce CU lisovac\u00ed T-kus redukovan\u00fd  9131 &#8211; 35 x 28 x 35 &#8211; pro topen\u00ed i rozvod plynu"},"content":{"rendered":"<div id=\"e9591555\" class=\"pages\">\n<div>\n<div id=\"PDDescription\" class=\"UserContentView userContent v1a v1 bs-view dcon dc159 PDDescription\" ><dc-con><dc-con><bs-empty><\/bs-empty><\/dc-con><dc-con>        <\/p>\n<div class=\"customDescription\">                    <\/div>\n<p><\/dc-con><dc-con><\/p>\n<p><strong>CU lisovac\u00ed tvarovky Italsk\u00e9ho v\u00fdrobce\u00a0<\/strong><\/p>\n<p><strong>Lisovac\u00ed tvarovka<\/strong> ur\u010den\u00e1 pro lisov\u00e1n\u00ed topn\u00fdch syst\u00e9m\u016f a rozvod\u016f plynu i pitn\u00e9 vody!<br \/>Tvarovky jsou certifikov\u00e1ny jak pro vyt\u00e1p\u011bn\u00ed, pitnou vodu i rozvody zemn\u00edho plynu.<br \/>Nejedn\u00e1 se o v\u00fdrobky z \u010c\u00edny ani Turecka, ale o certifikovan\u00fd produkt z It\u00e1lie.<\/p>\n<p>Ur\u010deno pro lisov\u00e1n\u00ed \u010delistmi od v\u00fdrobce REMS profil typu &#8222;V&#8220;<\/p>\n<p>Oblast pou\u017eit\u00ed:<\/p>\n<p>Pitn\u00e1 voda, upraven\u00e1 voda, de\u0161\u0165ov\u00e1 voda, topn\u00e9 okruhy, chlad\u00edc\u00ed okruhy<\/p>\n<p>-20 \/ +120 \u00b0C provozn\u00ed tlak max 16 bar &#8211; EN681 DM174 t\u011bsn\u011bn\u00ed \u017elut\u00e9 HNBR<\/p>\n<p>\u00a0<\/p>\n<p>Plyn:<\/p>\n<p>Zemn\u00ed plyn, metan, LPG ( plynn\u00e1 f\u00e1ze ) stla\u010den\u00fd vzduch (t\u0159\u00edda 1\u00f75)<\/p>\n<p>-20 \/ +70\u00b0C provozn\u00ed tlak max 5 bar<\/p>\n<p>\u00a0<\/p>\n<p>\u00a0<\/p>\n<p><\/dc-con><\/dc-con><\/div>\n<\/p><\/div>\n<div id=\"PDTable3\" class=\"ProductDetailTableView v3a v3 bs-view dcon dc180 PDTable3\" >\n<table>\n<thead><\/thead>\n<tbody>\n<tr class=\"attribute attr_typ\">\n<td class=\"caption\">Typ<\/td>\n<td class=\"value\">T-kusy redukovan\u00e9<\/td>\n<\/tr>\n<tr class=\"attribute attr_dimenzemm\">\n<td class=\"caption\">Dimenze v mm<\/td>\n<td class=\"value\">35 x 28 x 35 mm<\/td>\n<\/tr>\n<tr class=\"attribute attr_material\">\n<td class=\"caption\">Materi\u00e1l<\/td>\n<td class=\"value\">Fitinky &#8211; Cu m\u011bd\u011bn\u00e9<\/td>\n<\/tr>\n<tr class=\"attribute attr_rozmer\">\n<td class=\"caption\">Rozm\u011br tvarovek<\/td>\n<td class=\"value\">28 mm, 35 mm<\/td>\n<\/tr>\n<tr class=\"attribute attr_bsshop_maker\">\n<td class=\"caption\">V\u00fdrobce<\/td>\n<td class=\"value\">Raccorderie Metalliche<\/td>\n<\/tr>\n<\/tbody>\n<\/table>\n<\/div>\n<\/div>\n<div id=\"e9591556\" class=\"tabs\">\n","protected":false},"excerpt":{"rendered":"<p>CU lisovac\u00ed tvarovky Italsk\u00e9ho v\u00fdrobce\u00a0 Lisovac\u00ed tvarovka ur\u010den\u00e1 pro lisov\u00e1n\u00ed topn\u00fdch syst\u00e9m\u016f a rozvod\u016f plynu i pitn\u00e9 vody!Tvarovky jsou certifikov\u00e1ny jak pro vyt\u00e1p\u011bn\u00ed, pitnou vodu i rozvody zemn\u00edho plynu.Nejedn\u00e1 se o v\u00fdrobky z \u010c\u00edny ani Turecka, ale o certifikovan\u00fd produkt z It\u00e1lie. Ur\u010deno pro lisov\u00e1n\u00ed \u010delistmi od v\u00fdrobce REMS profil typu &#8222;V&#8220; Oblast pou\u017eit\u00ed: Pitn\u00e1 [&hellip;]<\/p>\n","protected":false},"featured_media":65264,"comment_status":"open","ping_status":"open","template":"","meta":[],"product_brand":[],"product_cat":[100],"product_tag":[],"class_list":{"0":"post-65164","1":"product","2":"type-product","3":"status-publish","4":"has-post-thumbnail","6":"product_cat-tvarovky-fitinky","8":"first","9":"instock","10":"sale","11":"shipping-taxable","12":"purchasable","13":"product-type-simple"},"yoast_head":"<!-- This site is optimized with the Yoast SEO plugin v26.8 - https:\/\/yoast.com\/product\/yoast-seo-wordpress\/ -->\n<title>Akce CU lisovac\u00ed T-kus redukovan\u00fd 9131 - 35 x 28 x 35 - pro topen\u00ed i rozvod plynu -<\/title>\n<meta name=\"robots\" content=\"index, follow, max-snippet:-1, max-image-preview:large, max-video-preview:-1\" \/>\n<link rel=\"canonical\" href=\"https:\/\/www.domkraftpro.com\/index.php\/produkt\/akce-cu-lisovaci-t-kus-redukovany-9131-35-x-28-x-35-pro-topeni-i-rozvod-plynu-65164\/\" \/>\n<meta property=\"og:locale\" content=\"cs_CZ\" \/>\n<meta property=\"og:type\" content=\"article\" \/>\n<meta property=\"og:title\" content=\"Akce CU lisovac\u00ed T-kus redukovan\u00fd 9131 - 35 x 28 x 35 - pro topen\u00ed i rozvod plynu -\" \/>\n<meta property=\"og:description\" content=\"CU lisovac\u00ed tvarovky Italsk\u00e9ho v\u00fdrobce\u00a0 Lisovac\u00ed tvarovka ur\u010den\u00e1 pro lisov\u00e1n\u00ed topn\u00fdch syst\u00e9m\u016f a rozvod\u016f plynu i pitn\u00e9 vody!Tvarovky jsou certifikov\u00e1ny jak pro vyt\u00e1p\u011bn\u00ed, pitnou vodu i rozvody zemn\u00edho plynu.Nejedn\u00e1 se o v\u00fdrobky z \u010c\u00edny ani Turecka, ale o certifikovan\u00fd produkt z It\u00e1lie. Ur\u010deno pro lisov\u00e1n\u00ed \u010delistmi od v\u00fdrobce REMS profil typu &#8222;V&#8220; Oblast pou\u017eit\u00ed: Pitn\u00e1 [&hellip;]\" \/>\n<meta property=\"og:url\" content=\"https:\/\/www.domkraftpro.com\/index.php\/produkt\/akce-cu-lisovaci-t-kus-redukovany-9131-35-x-28-x-35-pro-topeni-i-rozvod-plynu-65164\/\" \/>\n<meta property=\"og:image\" content=\"https:\/\/www.domkraftpro.com\/wp-content\/uploads\/2026\/SK0007532-CZ20260425-093449-0-1777080895-cu-lisovaci-t-kus-redukovany-9131-35-x-28-x-35-pro-topeni-i.webp\" \/>\n\t<meta property=\"og:image:width\" content=\"1000\" \/>\n\t<meta property=\"og:image:height\" content=\"525\" \/>\n\t<meta property=\"og:image:type\" content=\"image\/webp\" \/>\n<meta name=\"twitter:card\" content=\"summary_large_image\" \/>\n<meta name=\"twitter:label1\" content=\"Odhadovan\u00e1 doba \u010dten\u00ed\" \/>\n\t<meta name=\"twitter:data1\" content=\"1 minuta\" \/>\n<script type=\"application\/ld+json\" class=\"yoast-schema-graph\">{\"@context\":\"https:\/\/schema.org\",\"@graph\":[{\"@type\":\"WebPage\",\"@id\":\"https:\/\/www.domkraftpro.com\/index.php\/produkt\/akce-cu-lisovaci-t-kus-redukovany-9131-35-x-28-x-35-pro-topeni-i-rozvod-plynu-65164\/\",\"url\":\"https:\/\/www.domkraftpro.com\/index.php\/produkt\/akce-cu-lisovaci-t-kus-redukovany-9131-35-x-28-x-35-pro-topeni-i-rozvod-plynu-65164\/\",\"name\":\"Akce CU lisovac\u00ed T-kus redukovan\u00fd 9131 - 35 x 28 x 35 - pro topen\u00ed i rozvod plynu -\",\"isPartOf\":{\"@id\":\"https:\/\/www.domkraftpro.com\/#website\"},\"primaryImageOfPage\":{\"@id\":\"https:\/\/www.domkraftpro.com\/index.php\/produkt\/akce-cu-lisovaci-t-kus-redukovany-9131-35-x-28-x-35-pro-topeni-i-rozvod-plynu-65164\/#primaryimage\"},\"image\":{\"@id\":\"https:\/\/www.domkraftpro.com\/index.php\/produkt\/akce-cu-lisovaci-t-kus-redukovany-9131-35-x-28-x-35-pro-topeni-i-rozvod-plynu-65164\/#primaryimage\"},\"thumbnailUrl\":\"https:\/\/www.domkraftpro.com\/wp-content\/uploads\/2026\/SK0007532-CZ20260425-093449-0-1777080895-cu-lisovaci-t-kus-redukovany-9131-35-x-28-x-35-pro-topeni-i.webp\",\"datePublished\":\"2026-04-27T04:43:22+00:00\",\"breadcrumb\":{\"@id\":\"https:\/\/www.domkraftpro.com\/index.php\/produkt\/akce-cu-lisovaci-t-kus-redukovany-9131-35-x-28-x-35-pro-topeni-i-rozvod-plynu-65164\/#breadcrumb\"},\"inLanguage\":\"cs\",\"potentialAction\":[{\"@type\":\"ReadAction\",\"target\":[\"https:\/\/www.domkraftpro.com\/index.php\/produkt\/akce-cu-lisovaci-t-kus-redukovany-9131-35-x-28-x-35-pro-topeni-i-rozvod-plynu-65164\/\"]}]},{\"@type\":\"ImageObject\",\"inLanguage\":\"cs\",\"@id\":\"https:\/\/www.domkraftpro.com\/index.php\/produkt\/akce-cu-lisovaci-t-kus-redukovany-9131-35-x-28-x-35-pro-topeni-i-rozvod-plynu-65164\/#primaryimage\",\"url\":\"https:\/\/www.domkraftpro.com\/wp-content\/uploads\/2026\/SK0007532-CZ20260425-093449-0-1777080895-cu-lisovaci-t-kus-redukovany-9131-35-x-28-x-35-pro-topeni-i.webp\",\"contentUrl\":\"https:\/\/www.domkraftpro.com\/wp-content\/uploads\/2026\/SK0007532-CZ20260425-093449-0-1777080895-cu-lisovaci-t-kus-redukovany-9131-35-x-28-x-35-pro-topeni-i.webp\",\"width\":1000,\"height\":525},{\"@type\":\"BreadcrumbList\",\"@id\":\"https:\/\/www.domkraftpro.com\/index.php\/produkt\/akce-cu-lisovaci-t-kus-redukovany-9131-35-x-28-x-35-pro-topeni-i-rozvod-plynu-65164\/#breadcrumb\",\"itemListElement\":[{\"@type\":\"ListItem\",\"position\":1,\"name\":\"Home\",\"item\":\"https:\/\/www.domkraftpro.com\/\"},{\"@type\":\"ListItem\",\"position\":2,\"name\":\"Products\",\"item\":\"https:\/\/www.domkraftpro.com\/index.php\/products\/\"},{\"@type\":\"ListItem\",\"position\":3,\"name\":\"Akce CU lisovac\u00ed T-kus redukovan\u00fd 9131 &#8211; 35 x 28 x 35 &#8211; pro topen\u00ed i rozvod plynu\"}]},{\"@type\":\"WebSite\",\"@id\":\"https:\/\/www.domkraftpro.com\/#website\",\"url\":\"https:\/\/www.domkraftpro.com\/\",\"name\":\"\",\"description\":\"\",\"potentialAction\":[{\"@type\":\"SearchAction\",\"target\":{\"@type\":\"EntryPoint\",\"urlTemplate\":\"https:\/\/www.domkraftpro.com\/?s={search_term_string}\"},\"query-input\":{\"@type\":\"PropertyValueSpecification\",\"valueRequired\":true,\"valueName\":\"search_term_string\"}}],\"inLanguage\":\"cs\"}]}<\/script>\n<!-- \/ Yoast SEO plugin. -->","yoast_head_json":{"title":"Akce CU lisovac\u00ed T-kus redukovan\u00fd 9131 - 35 x 28 x 35 - pro topen\u00ed i rozvod plynu -","robots":{"index":"index","follow":"follow","max-snippet":"max-snippet:-1","max-image-preview":"max-image-preview:large","max-video-preview":"max-video-preview:-1"},"canonical":"https:\/\/www.domkraftpro.com\/index.php\/produkt\/akce-cu-lisovaci-t-kus-redukovany-9131-35-x-28-x-35-pro-topeni-i-rozvod-plynu-65164\/","og_locale":"cs_CZ","og_type":"article","og_title":"Akce CU lisovac\u00ed T-kus redukovan\u00fd 9131 - 35 x 28 x 35 - pro topen\u00ed i rozvod plynu -","og_description":"CU lisovac\u00ed tvarovky Italsk\u00e9ho v\u00fdrobce\u00a0 Lisovac\u00ed tvarovka ur\u010den\u00e1 pro lisov\u00e1n\u00ed topn\u00fdch syst\u00e9m\u016f a rozvod\u016f plynu i pitn\u00e9 vody!Tvarovky jsou certifikov\u00e1ny jak pro vyt\u00e1p\u011bn\u00ed, pitnou vodu i rozvody zemn\u00edho plynu.Nejedn\u00e1 se o v\u00fdrobky z \u010c\u00edny ani Turecka, ale o certifikovan\u00fd produkt z It\u00e1lie. Ur\u010deno pro lisov\u00e1n\u00ed \u010delistmi od v\u00fdrobce REMS profil typu &#8222;V&#8220; Oblast pou\u017eit\u00ed: Pitn\u00e1 [&hellip;]","og_url":"https:\/\/www.domkraftpro.com\/index.php\/produkt\/akce-cu-lisovaci-t-kus-redukovany-9131-35-x-28-x-35-pro-topeni-i-rozvod-plynu-65164\/","og_image":[{"width":1000,"height":525,"url":"https:\/\/www.domkraftpro.com\/wp-content\/uploads\/2026\/SK0007532-CZ20260425-093449-0-1777080895-cu-lisovaci-t-kus-redukovany-9131-35-x-28-x-35-pro-topeni-i.webp","type":"image\/webp"}],"twitter_card":"summary_large_image","twitter_misc":{"Odhadovan\u00e1 doba \u010dten\u00ed":"1 minuta"},"schema":{"@context":"https:\/\/schema.org","@graph":[{"@type":"WebPage","@id":"https:\/\/www.domkraftpro.com\/index.php\/produkt\/akce-cu-lisovaci-t-kus-redukovany-9131-35-x-28-x-35-pro-topeni-i-rozvod-plynu-65164\/","url":"https:\/\/www.domkraftpro.com\/index.php\/produkt\/akce-cu-lisovaci-t-kus-redukovany-9131-35-x-28-x-35-pro-topeni-i-rozvod-plynu-65164\/","name":"Akce CU lisovac\u00ed T-kus redukovan\u00fd 9131 - 35 x 28 x 35 - pro topen\u00ed i rozvod plynu -","isPartOf":{"@id":"https:\/\/www.domkraftpro.com\/#website"},"primaryImageOfPage":{"@id":"https:\/\/www.domkraftpro.com\/index.php\/produkt\/akce-cu-lisovaci-t-kus-redukovany-9131-35-x-28-x-35-pro-topeni-i-rozvod-plynu-65164\/#primaryimage"},"image":{"@id":"https:\/\/www.domkraftpro.com\/index.php\/produkt\/akce-cu-lisovaci-t-kus-redukovany-9131-35-x-28-x-35-pro-topeni-i-rozvod-plynu-65164\/#primaryimage"},"thumbnailUrl":"https:\/\/www.domkraftpro.com\/wp-content\/uploads\/2026\/SK0007532-CZ20260425-093449-0-1777080895-cu-lisovaci-t-kus-redukovany-9131-35-x-28-x-35-pro-topeni-i.webp","datePublished":"2026-04-27T04:43:22+00:00","breadcrumb":{"@id":"https:\/\/www.domkraftpro.com\/index.php\/produkt\/akce-cu-lisovaci-t-kus-redukovany-9131-35-x-28-x-35-pro-topeni-i-rozvod-plynu-65164\/#breadcrumb"},"inLanguage":"cs","potentialAction":[{"@type":"ReadAction","target":["https:\/\/www.domkraftpro.com\/index.php\/produkt\/akce-cu-lisovaci-t-kus-redukovany-9131-35-x-28-x-35-pro-topeni-i-rozvod-plynu-65164\/"]}]},{"@type":"ImageObject","inLanguage":"cs","@id":"https:\/\/www.domkraftpro.com\/index.php\/produkt\/akce-cu-lisovaci-t-kus-redukovany-9131-35-x-28-x-35-pro-topeni-i-rozvod-plynu-65164\/#primaryimage","url":"https:\/\/www.domkraftpro.com\/wp-content\/uploads\/2026\/SK0007532-CZ20260425-093449-0-1777080895-cu-lisovaci-t-kus-redukovany-9131-35-x-28-x-35-pro-topeni-i.webp","contentUrl":"https:\/\/www.domkraftpro.com\/wp-content\/uploads\/2026\/SK0007532-CZ20260425-093449-0-1777080895-cu-lisovaci-t-kus-redukovany-9131-35-x-28-x-35-pro-topeni-i.webp","width":1000,"height":525},{"@type":"BreadcrumbList","@id":"https:\/\/www.domkraftpro.com\/index.php\/produkt\/akce-cu-lisovaci-t-kus-redukovany-9131-35-x-28-x-35-pro-topeni-i-rozvod-plynu-65164\/#breadcrumb","itemListElement":[{"@type":"ListItem","position":1,"name":"Home","item":"https:\/\/www.domkraftpro.com\/"},{"@type":"ListItem","position":2,"name":"Products","item":"https:\/\/www.domkraftpro.com\/index.php\/products\/"},{"@type":"ListItem","position":3,"name":"Akce CU lisovac\u00ed T-kus redukovan\u00fd 9131 &#8211; 35 x 28 x 35 &#8211; pro topen\u00ed i rozvod plynu"}]},{"@type":"WebSite","@id":"https:\/\/www.domkraftpro.com\/#website","url":"https:\/\/www.domkraftpro.com\/","name":"","description":"","potentialAction":[{"@type":"SearchAction","target":{"@type":"EntryPoint","urlTemplate":"https:\/\/www.domkraftpro.com\/?s={search_term_string}"},"query-input":{"@type":"PropertyValueSpecification","valueRequired":true,"valueName":"search_term_string"}}],"inLanguage":"cs"}]}},"_links":{"self":[{"href":"https:\/\/www.domkraftpro.com\/index.php\/wp-json\/wp\/v2\/product\/65164","targetHints":{"allow":["GET"]}}],"collection":[{"href":"https:\/\/www.domkraftpro.com\/index.php\/wp-json\/wp\/v2\/product"}],"about":[{"href":"https:\/\/www.domkraftpro.com\/index.php\/wp-json\/wp\/v2\/types\/product"}],"replies":[{"embeddable":true,"href":"https:\/\/www.domkraftpro.com\/index.php\/wp-json\/wp\/v2\/comments?post=65164"}],"wp:featuredmedia":[{"embeddable":true,"href":"https:\/\/www.domkraftpro.com\/index.php\/wp-json\/wp\/v2\/media\/65264"}],"wp:attachment":[{"href":"https:\/\/www.domkraftpro.com\/index.php\/wp-json\/wp\/v2\/media?parent=65164"}],"wp:term":[{"taxonomy":"product_brand","embeddable":true,"href":"https:\/\/www.domkraftpro.com\/index.php\/wp-json\/wp\/v2\/product_brand?post=65164"},{"taxonomy":"product_cat","embeddable":true,"href":"https:\/\/www.domkraftpro.com\/index.php\/wp-json\/wp\/v2\/product_cat?post=65164"},{"taxonomy":"product_tag","embeddable":true,"href":"https:\/\/www.domkraftpro.com\/index.php\/wp-json\/wp\/v2\/product_tag?post=65164"}],"curies":[{"name":"wp","href":"https:\/\/api.w.org\/{rel}","templated":true}]}}