{"id":64954,"date":"2026-04-27T04:43:21","date_gmt":"2026-04-27T04:43:21","guid":{"rendered":""},"modified":"2026-04-27T04:43:21","modified_gmt":"2026-04-27T04:43:21","slug":"doprava-zdarma-novaservis-drez-40x50-nerez-dr40-50-64954","status":"publish","type":"product","link":"https:\/\/www.domkraftpro.com\/index.php\/produkt\/doprava-zdarma-novaservis-drez-40x50-nerez-dr40-50-64954\/","title":{"rendered":"Doprava Zdarma NOVASERVIS D\u0159ez 40&#215;50 nerez &#8211; DR40\/50"},"content":{"rendered":"<div id=\"e21078144\" class=\"pages\">\n<div>\n<div id=\"PDDescription\" class=\"UserContentView userContent v1a v1 bs-view dcon dc159 PDDescription\" ><dc-con><dc-con><bs-empty><\/bs-empty><\/dc-con><dc-con>        <\/p>\n<div class=\"customDescription\">                    <\/div>\n<p><\/dc-con><dc-con>Vn\u011bj\u0161\u00ed rozm\u011br 40&#215;50 cm a hloubka 15,5 cm. Kuchy\u0148sk\u00fd d\u0159ez bez p\u0159epadu. Sou\u010d\u00e1st\u00ed balen\u00ed je sifon NSP 45. <b>Prodlou\u017een\u00e1 z\u00e1ruka\u00a05\u00a0let.<\/b><\/dc-con><\/dc-con><\/div>\n<div id=\"PDDescription2\" class=\"UserContentView userContent v1a v1 bs-view dcon dc160 PDDescription2\" >Kuchy\u0148sk\u00e9 d\u0159ezy NOVASERVIS v sob\u011b kloub\u00ed kvalitn\u00ed nerezovou ocel, odolnost a nad\u010dasov\u00fd modern\u00ed design. Materi\u00e1l AISI 304 je z\u00e1rukou kvality. Dod\u00e1v\u00e1me \u0159adu typ\u016f d\u0159ez\u016f, kter\u00e9 designem i funk\u010dnost\u00ed koresponduj\u00ed s \u0161irokou nab\u00eddkou typ\u016f vodovodn\u00edch bateri\u00ed, kter\u00e9 tak\u00e9 najdete v na\u0161\u00ed nab\u00eddce.<\/div>\n<\/p><\/div>\n<div id=\"PDTable3\" class=\"ProductDetailTableView v3a v3 bs-view dcon dc180 PDTable3\" >\n<table>\n<thead><\/thead>\n<tbody>\n<tr class=\"attribute attr_material\">\n<td class=\"caption\">Materi\u00e1l<\/td>\n<td class=\"value\">Nerez<\/td>\n<\/tr>\n<tr class=\"attribute attr_typ\">\n<td class=\"caption\">Typ<\/td>\n<td class=\"value\">Bez odkap\u00e1vac\u00ed plochy<\/td>\n<\/tr>\n<tr class=\"attribute attr_bsshop_maker\">\n<td class=\"caption\">V\u00fdrobce<\/td>\n<td class=\"value\">Novaservis<\/td>\n<\/tr>\n<tr class=\"weight\">\n<td class=\"caption\"><span>Hmotnost<\/span><\/td>\n<td class=\"value\"><span>1,50 kg<\/span><\/td>\n<\/tr>\n<\/tbody>\n<\/table>\n<\/div>\n<div id=\"ProductMedia\" class=\"ProductMediaView MediaViewBase v1a v1 bs-view dcon dc404 ProductMedia\" ><bs-empty><\/bs-empty><\/p>\n<div class=\"files\">\n<div class=\"title sub\">Soubory<\/div>\n<p><a href=\"\/media\/7902\/130417.pdf?&amp;key=ZGpmIyQwNUZfNzkwMg==\" class=\"pdf\">130417.pdf<\/a><a href=\"\/media\/7903\/dr-40-50.jpg?&amp;key=ZGpmIyQwNUZfNzkwMw==\" class=\"jpg\">dr_40_50.jpg<\/a><a href=\"\/media\/36484\/2024krums2407.pdf?&amp;key=ZGpmIyQwNUZfMzY0ODQ=\" class=\"pdf\">2024KRUMS2407.pdf<\/a><\/div>\n<p><bs-empty><\/bs-empty><\/div>\n<div id=\"PdProductGpsr\" class=\"ProductGpsrView v1a v1 bs-view dcon dc212 PdProductGpsr\" >\n<div class=\"subject\"><dc-root class=\"dcon dc214\"><span class=\"title\">Zodpov\u011bdn&#253; subjekt:<\/span><dc-con><dc-con><span class=\"company\">NOVASERVIS spol. s r.o.<\/span><span class=\"name\">Novaservis<\/span><\/dc-con><dc-con><span class=\"street\">Dru\u017estevn&#237; 5<\/span><span class=\"city\">Znojmo<\/span><span class=\"zip\">669 02<\/span><span class=\"country\">\u010cesko<\/span><\/dc-con><span class=\"email\">shop@novaservis.cz<\/span><span class=\"phone\">515 282 111 <\/span><bs-empty><\/bs-empty><a href=\"https:\/\/www.novaservis.cz\/kontakt\/\" class=\"link\" target=\"_blank\">https:\/\/www.novaservis.cz\/kontakt\/<\/a><\/dc-con><bs-empty><\/bs-empty><\/dc-root><\/div>\n<p><bs-empty><\/bs-empty><\/div>\n<\/div>\n<div id=\"e21078145\" class=\"tabs\">\n","protected":false},"excerpt":{"rendered":"<p>Vn\u011bj\u0161\u00ed rozm\u011br 40&#215;50 cm a hloubka 15,5 cm. Kuchy\u0148sk\u00fd d\u0159ez bez p\u0159epadu. Sou\u010d\u00e1st\u00ed balen\u00ed je sifon NSP 45. Prodlou\u017een\u00e1 z\u00e1ruka\u00a05\u00a0let. Kuchy\u0148sk\u00e9 d\u0159ezy NOVASERVIS v sob\u011b kloub\u00ed kvalitn\u00ed nerezovou ocel, odolnost a nad\u010dasov\u00fd modern\u00ed design. Materi\u00e1l AISI 304 je z\u00e1rukou kvality. Dod\u00e1v\u00e1me \u0159adu typ\u016f d\u0159ez\u016f, kter\u00e9 designem i funk\u010dnost\u00ed koresponduj\u00ed s \u0161irokou nab\u00eddkou typ\u016f vodovodn\u00edch bateri\u00ed, [&hellip;]<\/p>\n","protected":false},"featured_media":65054,"comment_status":"open","ping_status":"open","template":"","meta":[],"product_brand":[],"product_cat":[127],"product_tag":[],"class_list":{"0":"post-64954","1":"product","2":"type-product","3":"status-publish","4":"has-post-thumbnail","6":"product_cat-pochutiny-dum-a-zahrada","8":"first","9":"instock","10":"sale","11":"shipping-taxable","12":"purchasable","13":"product-type-simple"},"yoast_head":"<!-- This site is optimized with the Yoast SEO plugin v26.8 - https:\/\/yoast.com\/product\/yoast-seo-wordpress\/ -->\n<title>Doprava Zdarma NOVASERVIS D\u0159ez 40x50 nerez - DR40\/50 -<\/title>\n<meta name=\"robots\" content=\"index, follow, max-snippet:-1, max-image-preview:large, max-video-preview:-1\" \/>\n<link rel=\"canonical\" href=\"https:\/\/www.domkraftpro.com\/index.php\/produkt\/doprava-zdarma-novaservis-drez-40x50-nerez-dr40-50-64954\/\" \/>\n<meta property=\"og:locale\" content=\"cs_CZ\" \/>\n<meta property=\"og:type\" content=\"article\" \/>\n<meta property=\"og:title\" content=\"Doprava Zdarma NOVASERVIS D\u0159ez 40x50 nerez - DR40\/50 -\" \/>\n<meta property=\"og:description\" content=\"Vn\u011bj\u0161\u00ed rozm\u011br 40&#215;50 cm a hloubka 15,5 cm. Kuchy\u0148sk\u00fd d\u0159ez bez p\u0159epadu. Sou\u010d\u00e1st\u00ed balen\u00ed je sifon NSP 45. Prodlou\u017een\u00e1 z\u00e1ruka\u00a05\u00a0let. Kuchy\u0148sk\u00e9 d\u0159ezy NOVASERVIS v sob\u011b kloub\u00ed kvalitn\u00ed nerezovou ocel, odolnost a nad\u010dasov\u00fd modern\u00ed design. Materi\u00e1l AISI 304 je z\u00e1rukou kvality. Dod\u00e1v\u00e1me \u0159adu typ\u016f d\u0159ez\u016f, kter\u00e9 designem i funk\u010dnost\u00ed koresponduj\u00ed s \u0161irokou nab\u00eddkou typ\u016f vodovodn\u00edch bateri\u00ed, [&hellip;]\" \/>\n<meta property=\"og:url\" content=\"https:\/\/www.domkraftpro.com\/index.php\/produkt\/doprava-zdarma-novaservis-drez-40x50-nerez-dr40-50-64954\/\" \/>\n<meta property=\"og:image\" content=\"https:\/\/www.domkraftpro.com\/wp-content\/uploads\/2026\/SK0007422-CZ20260425-093449-0-1777080895-novaservis-drez-40x50-nerez-dr40-50.webp\" \/>\n\t<meta property=\"og:image:width\" content=\"1000\" \/>\n\t<meta property=\"og:image:height\" content=\"525\" \/>\n\t<meta property=\"og:image:type\" content=\"image\/webp\" \/>\n<meta name=\"twitter:card\" content=\"summary_large_image\" \/>\n<meta name=\"twitter:label1\" content=\"Odhadovan\u00e1 doba \u010dten\u00ed\" \/>\n\t<meta name=\"twitter:data1\" content=\"1 minuta\" \/>\n<script type=\"application\/ld+json\" class=\"yoast-schema-graph\">{\"@context\":\"https:\/\/schema.org\",\"@graph\":[{\"@type\":\"WebPage\",\"@id\":\"https:\/\/www.domkraftpro.com\/index.php\/produkt\/doprava-zdarma-novaservis-drez-40x50-nerez-dr40-50-64954\/\",\"url\":\"https:\/\/www.domkraftpro.com\/index.php\/produkt\/doprava-zdarma-novaservis-drez-40x50-nerez-dr40-50-64954\/\",\"name\":\"Doprava Zdarma NOVASERVIS D\u0159ez 40x50 nerez - DR40\/50 -\",\"isPartOf\":{\"@id\":\"https:\/\/www.domkraftpro.com\/#website\"},\"primaryImageOfPage\":{\"@id\":\"https:\/\/www.domkraftpro.com\/index.php\/produkt\/doprava-zdarma-novaservis-drez-40x50-nerez-dr40-50-64954\/#primaryimage\"},\"image\":{\"@id\":\"https:\/\/www.domkraftpro.com\/index.php\/produkt\/doprava-zdarma-novaservis-drez-40x50-nerez-dr40-50-64954\/#primaryimage\"},\"thumbnailUrl\":\"https:\/\/www.domkraftpro.com\/wp-content\/uploads\/2026\/SK0007422-CZ20260425-093449-0-1777080895-novaservis-drez-40x50-nerez-dr40-50.webp\",\"datePublished\":\"2026-04-27T04:43:21+00:00\",\"breadcrumb\":{\"@id\":\"https:\/\/www.domkraftpro.com\/index.php\/produkt\/doprava-zdarma-novaservis-drez-40x50-nerez-dr40-50-64954\/#breadcrumb\"},\"inLanguage\":\"cs\",\"potentialAction\":[{\"@type\":\"ReadAction\",\"target\":[\"https:\/\/www.domkraftpro.com\/index.php\/produkt\/doprava-zdarma-novaservis-drez-40x50-nerez-dr40-50-64954\/\"]}]},{\"@type\":\"ImageObject\",\"inLanguage\":\"cs\",\"@id\":\"https:\/\/www.domkraftpro.com\/index.php\/produkt\/doprava-zdarma-novaservis-drez-40x50-nerez-dr40-50-64954\/#primaryimage\",\"url\":\"https:\/\/www.domkraftpro.com\/wp-content\/uploads\/2026\/SK0007422-CZ20260425-093449-0-1777080895-novaservis-drez-40x50-nerez-dr40-50.webp\",\"contentUrl\":\"https:\/\/www.domkraftpro.com\/wp-content\/uploads\/2026\/SK0007422-CZ20260425-093449-0-1777080895-novaservis-drez-40x50-nerez-dr40-50.webp\",\"width\":1000,\"height\":525},{\"@type\":\"BreadcrumbList\",\"@id\":\"https:\/\/www.domkraftpro.com\/index.php\/produkt\/doprava-zdarma-novaservis-drez-40x50-nerez-dr40-50-64954\/#breadcrumb\",\"itemListElement\":[{\"@type\":\"ListItem\",\"position\":1,\"name\":\"Home\",\"item\":\"https:\/\/www.domkraftpro.com\/\"},{\"@type\":\"ListItem\",\"position\":2,\"name\":\"Products\",\"item\":\"https:\/\/www.domkraftpro.com\/index.php\/products\/\"},{\"@type\":\"ListItem\",\"position\":3,\"name\":\"Doprava Zdarma NOVASERVIS D\u0159ez 40&#215;50 nerez &#8211; DR40\/50\"}]},{\"@type\":\"WebSite\",\"@id\":\"https:\/\/www.domkraftpro.com\/#website\",\"url\":\"https:\/\/www.domkraftpro.com\/\",\"name\":\"\",\"description\":\"\",\"potentialAction\":[{\"@type\":\"SearchAction\",\"target\":{\"@type\":\"EntryPoint\",\"urlTemplate\":\"https:\/\/www.domkraftpro.com\/?s={search_term_string}\"},\"query-input\":{\"@type\":\"PropertyValueSpecification\",\"valueRequired\":true,\"valueName\":\"search_term_string\"}}],\"inLanguage\":\"cs\"}]}<\/script>\n<!-- \/ Yoast SEO plugin. -->","yoast_head_json":{"title":"Doprava Zdarma NOVASERVIS D\u0159ez 40x50 nerez - DR40\/50 -","robots":{"index":"index","follow":"follow","max-snippet":"max-snippet:-1","max-image-preview":"max-image-preview:large","max-video-preview":"max-video-preview:-1"},"canonical":"https:\/\/www.domkraftpro.com\/index.php\/produkt\/doprava-zdarma-novaservis-drez-40x50-nerez-dr40-50-64954\/","og_locale":"cs_CZ","og_type":"article","og_title":"Doprava Zdarma NOVASERVIS D\u0159ez 40x50 nerez - DR40\/50 -","og_description":"Vn\u011bj\u0161\u00ed rozm\u011br 40&#215;50 cm a hloubka 15,5 cm. Kuchy\u0148sk\u00fd d\u0159ez bez p\u0159epadu. Sou\u010d\u00e1st\u00ed balen\u00ed je sifon NSP 45. Prodlou\u017een\u00e1 z\u00e1ruka\u00a05\u00a0let. Kuchy\u0148sk\u00e9 d\u0159ezy NOVASERVIS v sob\u011b kloub\u00ed kvalitn\u00ed nerezovou ocel, odolnost a nad\u010dasov\u00fd modern\u00ed design. Materi\u00e1l AISI 304 je z\u00e1rukou kvality. Dod\u00e1v\u00e1me \u0159adu typ\u016f d\u0159ez\u016f, kter\u00e9 designem i funk\u010dnost\u00ed koresponduj\u00ed s \u0161irokou nab\u00eddkou typ\u016f vodovodn\u00edch bateri\u00ed, [&hellip;]","og_url":"https:\/\/www.domkraftpro.com\/index.php\/produkt\/doprava-zdarma-novaservis-drez-40x50-nerez-dr40-50-64954\/","og_image":[{"width":1000,"height":525,"url":"https:\/\/www.domkraftpro.com\/wp-content\/uploads\/2026\/SK0007422-CZ20260425-093449-0-1777080895-novaservis-drez-40x50-nerez-dr40-50.webp","type":"image\/webp"}],"twitter_card":"summary_large_image","twitter_misc":{"Odhadovan\u00e1 doba \u010dten\u00ed":"1 minuta"},"schema":{"@context":"https:\/\/schema.org","@graph":[{"@type":"WebPage","@id":"https:\/\/www.domkraftpro.com\/index.php\/produkt\/doprava-zdarma-novaservis-drez-40x50-nerez-dr40-50-64954\/","url":"https:\/\/www.domkraftpro.com\/index.php\/produkt\/doprava-zdarma-novaservis-drez-40x50-nerez-dr40-50-64954\/","name":"Doprava Zdarma NOVASERVIS D\u0159ez 40x50 nerez - DR40\/50 -","isPartOf":{"@id":"https:\/\/www.domkraftpro.com\/#website"},"primaryImageOfPage":{"@id":"https:\/\/www.domkraftpro.com\/index.php\/produkt\/doprava-zdarma-novaservis-drez-40x50-nerez-dr40-50-64954\/#primaryimage"},"image":{"@id":"https:\/\/www.domkraftpro.com\/index.php\/produkt\/doprava-zdarma-novaservis-drez-40x50-nerez-dr40-50-64954\/#primaryimage"},"thumbnailUrl":"https:\/\/www.domkraftpro.com\/wp-content\/uploads\/2026\/SK0007422-CZ20260425-093449-0-1777080895-novaservis-drez-40x50-nerez-dr40-50.webp","datePublished":"2026-04-27T04:43:21+00:00","breadcrumb":{"@id":"https:\/\/www.domkraftpro.com\/index.php\/produkt\/doprava-zdarma-novaservis-drez-40x50-nerez-dr40-50-64954\/#breadcrumb"},"inLanguage":"cs","potentialAction":[{"@type":"ReadAction","target":["https:\/\/www.domkraftpro.com\/index.php\/produkt\/doprava-zdarma-novaservis-drez-40x50-nerez-dr40-50-64954\/"]}]},{"@type":"ImageObject","inLanguage":"cs","@id":"https:\/\/www.domkraftpro.com\/index.php\/produkt\/doprava-zdarma-novaservis-drez-40x50-nerez-dr40-50-64954\/#primaryimage","url":"https:\/\/www.domkraftpro.com\/wp-content\/uploads\/2026\/SK0007422-CZ20260425-093449-0-1777080895-novaservis-drez-40x50-nerez-dr40-50.webp","contentUrl":"https:\/\/www.domkraftpro.com\/wp-content\/uploads\/2026\/SK0007422-CZ20260425-093449-0-1777080895-novaservis-drez-40x50-nerez-dr40-50.webp","width":1000,"height":525},{"@type":"BreadcrumbList","@id":"https:\/\/www.domkraftpro.com\/index.php\/produkt\/doprava-zdarma-novaservis-drez-40x50-nerez-dr40-50-64954\/#breadcrumb","itemListElement":[{"@type":"ListItem","position":1,"name":"Home","item":"https:\/\/www.domkraftpro.com\/"},{"@type":"ListItem","position":2,"name":"Products","item":"https:\/\/www.domkraftpro.com\/index.php\/products\/"},{"@type":"ListItem","position":3,"name":"Doprava Zdarma NOVASERVIS D\u0159ez 40&#215;50 nerez &#8211; DR40\/50"}]},{"@type":"WebSite","@id":"https:\/\/www.domkraftpro.com\/#website","url":"https:\/\/www.domkraftpro.com\/","name":"","description":"","potentialAction":[{"@type":"SearchAction","target":{"@type":"EntryPoint","urlTemplate":"https:\/\/www.domkraftpro.com\/?s={search_term_string}"},"query-input":{"@type":"PropertyValueSpecification","valueRequired":true,"valueName":"search_term_string"}}],"inLanguage":"cs"}]}},"_links":{"self":[{"href":"https:\/\/www.domkraftpro.com\/index.php\/wp-json\/wp\/v2\/product\/64954","targetHints":{"allow":["GET"]}}],"collection":[{"href":"https:\/\/www.domkraftpro.com\/index.php\/wp-json\/wp\/v2\/product"}],"about":[{"href":"https:\/\/www.domkraftpro.com\/index.php\/wp-json\/wp\/v2\/types\/product"}],"replies":[{"embeddable":true,"href":"https:\/\/www.domkraftpro.com\/index.php\/wp-json\/wp\/v2\/comments?post=64954"}],"wp:featuredmedia":[{"embeddable":true,"href":"https:\/\/www.domkraftpro.com\/index.php\/wp-json\/wp\/v2\/media\/65054"}],"wp:attachment":[{"href":"https:\/\/www.domkraftpro.com\/index.php\/wp-json\/wp\/v2\/media?parent=64954"}],"wp:term":[{"taxonomy":"product_brand","embeddable":true,"href":"https:\/\/www.domkraftpro.com\/index.php\/wp-json\/wp\/v2\/product_brand?post=64954"},{"taxonomy":"product_cat","embeddable":true,"href":"https:\/\/www.domkraftpro.com\/index.php\/wp-json\/wp\/v2\/product_cat?post=64954"},{"taxonomy":"product_tag","embeddable":true,"href":"https:\/\/www.domkraftpro.com\/index.php\/wp-json\/wp\/v2\/product_tag?post=64954"}],"curies":[{"name":"wp","href":"https:\/\/api.w.org\/{rel}","templated":true}]}}