{"id":64931,"date":"2026-04-27T04:43:21","date_gmt":"2026-04-27T04:43:21","guid":{"rendered":""},"modified":"2026-04-27T04:43:21","modified_gmt":"2026-04-27T04:43:21","slug":"znackovy-korado-koralux-rondo-classic-krcm-750-900-64931","status":"publish","type":"product","link":"https:\/\/www.domkraftpro.com\/index.php\/produkt\/znackovy-korado-koralux-rondo-classic-krcm-750-900-64931\/","title":{"rendered":"Zna\u010dkov\u00fd Korado Koralux Rondo Classic KRCM 750\/ 900"},"content":{"rendered":"<div id=\"e21065471\" class=\"pages\">\n<div>\n<div id=\"PDDescription\" class=\"UserContentView userContent v1a v1 bs-view dcon dc159 PDDescription\" ><dc-con><dc-con><bs-empty><\/bs-empty><\/dc-con><dc-con>        <\/p>\n<div class=\"customDescription\">                    <\/div>\n<p><\/dc-con><dc-con><\/p>\n<p>Obl\u00e9 proveden\u00ed<\/p>\n<p><\/dc-con><\/dc-con><\/div>\n<div id=\"PDDescription2\" class=\"UserContentView userContent v1a v1 bs-view dcon dc160 PDDescription2\" >\n<p class=\"first\">Trubkov\u00e1 otopn\u00e1 t\u011blesa <span style=\"font-weight: bold;\">KORALUX RONDO CLASSIC \u2013 M<\/span> jsou vyrobena z\u00a0uzav\u0159en\u00fdch ocelov\u00fdch profil\u016f s\u00a0pr\u016f\u0159ezem ve tvaru \u201cD\u201d a\u00a0rovn\u00fdch profil\u016f s\u00a0kruhov\u00fdm pr\u016f\u0159ezem. Spodn\u00ed st\u0159edov\u00e9 p\u0159ipojen\u00ed s\u00a0p\u0159ipojovac\u00ed rozte\u010d\u00ed 50\u00a0mm. Otopn\u00e1 t\u011blesa jsou dod\u00e1van\u00e1 se sadou pro upevn\u011bn\u00ed na st\u011bnu v\u010detn\u011b odvzdu\u0161\u0148ovac\u00ed a\u00a0zaslepovac\u00ed z\u00e1tky.<\/p>\n<p>Lze je rovn\u011b\u017e pou\u017e\u00edt pro kombinovan\u00e9 vyt\u00e1p\u011bn\u00ed.<\/p>\n<p>Konstruk\u010dn\u00ed \u0159e\u0161en\u00ed umo\u017e\u0148uje dosou\u0161en\u00ed textili\u00ed. V\u00a0na\u0161\u00ed nab\u00eddce nyn\u00ed naleznete su\u0161\u00e1ky a\u00a0v\u011b\u0161\u00e1ky, kter\u00e9 roz\u0161\u00ed\u0159\u00ed praktick\u00e9 vyu\u017eit\u00ed trubkov\u00fdch otopn\u00fdch t\u011bles KORALUX.<\/p>\n<p><img decoding=\"async\" title=\"\" style=\"width: 695px; height: 425px;\" src=\"\/\/cdn.topenilevne.cz\/data\/user-content\/tabulky radiatory\/krcm rozkres.jpg\"><\/p>\n<p><img decoding=\"async\" title=\"\" style=\"width: 691px; height: 1024px;\" src=\"\/\/cdn.topenilevne.cz\/data\/user-content\/tabulky radiatory\/krcm velka tabulka.jpg\"><\/p>\n<p><img decoding=\"async\" title=\"\" style=\"width: 699px; height: 246px;\" src=\"\/\/cdn.topenilevne.cz\/data\/user-content\/tabulky radiatory\/krcm mala tabulka.jpg\"><\/p>\n<p><img decoding=\"async\" title=\"\" src=\"\/\/cdn.topenilevne.cz\/data\/user-content\/tabulky radiatory\/krcm pripojeni.jpg\"><\/p>\n<\/div><\/div>\n<div id=\"PDTable3\" class=\"ProductDetailTableView v3a v3 bs-view dcon dc180 PDTable3\" >\n<table>\n<thead><\/thead>\n<tbody>\n<tr class=\"attribute attr_sirka\">\n<td class=\"caption\">\u0160\u00ed\u0159ka v mm<\/td>\n<td class=\"value\">750<\/td>\n<\/tr>\n<tr class=\"attribute attr_Vyska\">\n<td class=\"caption\">V\u00fd\u0161ka v mm<\/td>\n<td class=\"value\">900<\/td>\n<\/tr>\n<tr class=\"attribute attr_pripojeni\">\n<td class=\"caption\">P\u0159ipojen\u00ed<\/td>\n<td class=\"value\">St\u0159edov\u00e9<\/td>\n<\/tr>\n<tr class=\"attribute attr_vyrobce\">\n<td class=\"caption\">V\u00fdrobce<\/td>\n<td class=\"value\">Korado &#8211; Koralux<\/td>\n<\/tr>\n<tr class=\"attribute attr_bsshop_e1_VPrBsVykonRad\">\n<td class=\"caption\">V\u00fdkon<\/td>\n<td class=\"value\">637 W<\/td>\n<\/tr>\n<tr class=\"weight\">\n<td class=\"caption\"><span>Hmotnost<\/span><\/td>\n<td class=\"value\"><span>8,57 kg<\/span><\/td>\n<\/tr>\n<\/tbody>\n<\/table>\n<\/div>\n<div id=\"PdProductGpsr\" class=\"ProductGpsrView v1a v1 bs-view dcon dc212 PdProductGpsr\" >\n<div class=\"subject\"><dc-root class=\"dcon dc214\"><span class=\"title\">Zodpov\u011bdn&#253; subjekt:<\/span><dc-con><dc-con><span class=\"company\">KORADO, a.s.<\/span><span class=\"name\">Korado<\/span><\/dc-con><dc-con><span class=\"street\">B\u0159&#237; Hub&#225;lk\u016f 869<\/span><span class=\"city\">\u010cesk&#225; T\u0159ebov&#225;<\/span><span class=\"zip\">560 02<\/span><span class=\"country\">\u010cesko<\/span><\/dc-con><span class=\"email\">info@korado.cz<\/span><span class=\"phone\">800 111 506<\/span><bs-empty><\/bs-empty><a href=\"https:\/\/www.korado.cz\/\" class=\"link\" target=\"_blank\">https:\/\/www.korado.cz\/<\/a><\/dc-con><bs-empty><\/bs-empty><\/dc-root><\/div>\n<p><bs-empty><\/bs-empty><\/div>\n<\/div>\n<div id=\"e21065472\" class=\"tabs\">\n","protected":false},"excerpt":{"rendered":"<p>Obl\u00e9 proveden\u00ed Trubkov\u00e1 otopn\u00e1 t\u011blesa KORALUX RONDO CLASSIC \u2013 M jsou vyrobena z\u00a0uzav\u0159en\u00fdch ocelov\u00fdch profil\u016f s\u00a0pr\u016f\u0159ezem ve tvaru \u201cD\u201d a\u00a0rovn\u00fdch profil\u016f s\u00a0kruhov\u00fdm pr\u016f\u0159ezem. Spodn\u00ed st\u0159edov\u00e9 p\u0159ipojen\u00ed s\u00a0p\u0159ipojovac\u00ed rozte\u010d\u00ed 50\u00a0mm. Otopn\u00e1 t\u011blesa jsou dod\u00e1van\u00e1 se sadou pro upevn\u011bn\u00ed na st\u011bnu v\u010detn\u011b odvzdu\u0161\u0148ovac\u00ed a\u00a0zaslepovac\u00ed z\u00e1tky. Lze je rovn\u011b\u017e pou\u017e\u00edt pro kombinovan\u00e9 vyt\u00e1p\u011bn\u00ed. Konstruk\u010dn\u00ed \u0159e\u0161en\u00ed umo\u017e\u0148uje dosou\u0161en\u00ed textili\u00ed. [&hellip;]<\/p>\n","protected":false},"featured_media":65031,"comment_status":"open","ping_status":"open","template":"","meta":[],"product_brand":[],"product_cat":[98],"product_tag":[],"class_list":{"0":"post-64931","1":"product","2":"type-product","3":"status-publish","4":"has-post-thumbnail","6":"product_cat-radi-225-tory","8":"first","9":"instock","10":"sale","11":"shipping-taxable","12":"purchasable","13":"product-type-simple"},"yoast_head":"<!-- This site is optimized with the Yoast SEO plugin v26.8 - https:\/\/yoast.com\/product\/yoast-seo-wordpress\/ -->\n<title>Zna\u010dkov\u00fd Korado Koralux Rondo Classic KRCM 750\/ 900 -<\/title>\n<meta name=\"robots\" content=\"index, follow, max-snippet:-1, max-image-preview:large, max-video-preview:-1\" \/>\n<link rel=\"canonical\" href=\"https:\/\/www.domkraftpro.com\/index.php\/produkt\/znackovy-korado-koralux-rondo-classic-krcm-750-900-64931\/\" \/>\n<meta property=\"og:locale\" content=\"cs_CZ\" \/>\n<meta property=\"og:type\" content=\"article\" \/>\n<meta property=\"og:title\" content=\"Zna\u010dkov\u00fd Korado Koralux Rondo Classic KRCM 750\/ 900 -\" \/>\n<meta property=\"og:description\" content=\"Obl\u00e9 proveden\u00ed Trubkov\u00e1 otopn\u00e1 t\u011blesa KORALUX RONDO CLASSIC \u2013 M jsou vyrobena z\u00a0uzav\u0159en\u00fdch ocelov\u00fdch profil\u016f s\u00a0pr\u016f\u0159ezem ve tvaru \u201cD\u201d a\u00a0rovn\u00fdch profil\u016f s\u00a0kruhov\u00fdm pr\u016f\u0159ezem. Spodn\u00ed st\u0159edov\u00e9 p\u0159ipojen\u00ed s\u00a0p\u0159ipojovac\u00ed rozte\u010d\u00ed 50\u00a0mm. Otopn\u00e1 t\u011blesa jsou dod\u00e1van\u00e1 se sadou pro upevn\u011bn\u00ed na st\u011bnu v\u010detn\u011b odvzdu\u0161\u0148ovac\u00ed a\u00a0zaslepovac\u00ed z\u00e1tky. Lze je rovn\u011b\u017e pou\u017e\u00edt pro kombinovan\u00e9 vyt\u00e1p\u011bn\u00ed. Konstruk\u010dn\u00ed \u0159e\u0161en\u00ed umo\u017e\u0148uje dosou\u0161en\u00ed textili\u00ed. [&hellip;]\" \/>\n<meta property=\"og:url\" content=\"https:\/\/www.domkraftpro.com\/index.php\/produkt\/znackovy-korado-koralux-rondo-classic-krcm-750-900-64931\/\" \/>\n<meta property=\"og:image\" content=\"https:\/\/www.domkraftpro.com\/wp-content\/uploads\/2026\/SK0007399-CZ20260425-093449-0-1777080895-korado-koralux-rondo-classic-krcm-750-900.webp\" \/>\n\t<meta property=\"og:image:width\" content=\"1000\" \/>\n\t<meta property=\"og:image:height\" content=\"525\" \/>\n\t<meta property=\"og:image:type\" content=\"image\/webp\" \/>\n<meta name=\"twitter:card\" content=\"summary_large_image\" \/>\n<meta name=\"twitter:label1\" content=\"Odhadovan\u00e1 doba \u010dten\u00ed\" \/>\n\t<meta name=\"twitter:data1\" content=\"1 minuta\" \/>\n<script type=\"application\/ld+json\" class=\"yoast-schema-graph\">{\"@context\":\"https:\/\/schema.org\",\"@graph\":[{\"@type\":\"WebPage\",\"@id\":\"https:\/\/www.domkraftpro.com\/index.php\/produkt\/znackovy-korado-koralux-rondo-classic-krcm-750-900-64931\/\",\"url\":\"https:\/\/www.domkraftpro.com\/index.php\/produkt\/znackovy-korado-koralux-rondo-classic-krcm-750-900-64931\/\",\"name\":\"Zna\u010dkov\u00fd Korado Koralux Rondo Classic KRCM 750\/ 900 -\",\"isPartOf\":{\"@id\":\"https:\/\/www.domkraftpro.com\/#website\"},\"primaryImageOfPage\":{\"@id\":\"https:\/\/www.domkraftpro.com\/index.php\/produkt\/znackovy-korado-koralux-rondo-classic-krcm-750-900-64931\/#primaryimage\"},\"image\":{\"@id\":\"https:\/\/www.domkraftpro.com\/index.php\/produkt\/znackovy-korado-koralux-rondo-classic-krcm-750-900-64931\/#primaryimage\"},\"thumbnailUrl\":\"https:\/\/www.domkraftpro.com\/wp-content\/uploads\/2026\/SK0007399-CZ20260425-093449-0-1777080895-korado-koralux-rondo-classic-krcm-750-900.webp\",\"datePublished\":\"2026-04-27T04:43:21+00:00\",\"breadcrumb\":{\"@id\":\"https:\/\/www.domkraftpro.com\/index.php\/produkt\/znackovy-korado-koralux-rondo-classic-krcm-750-900-64931\/#breadcrumb\"},\"inLanguage\":\"cs\",\"potentialAction\":[{\"@type\":\"ReadAction\",\"target\":[\"https:\/\/www.domkraftpro.com\/index.php\/produkt\/znackovy-korado-koralux-rondo-classic-krcm-750-900-64931\/\"]}]},{\"@type\":\"ImageObject\",\"inLanguage\":\"cs\",\"@id\":\"https:\/\/www.domkraftpro.com\/index.php\/produkt\/znackovy-korado-koralux-rondo-classic-krcm-750-900-64931\/#primaryimage\",\"url\":\"https:\/\/www.domkraftpro.com\/wp-content\/uploads\/2026\/SK0007399-CZ20260425-093449-0-1777080895-korado-koralux-rondo-classic-krcm-750-900.webp\",\"contentUrl\":\"https:\/\/www.domkraftpro.com\/wp-content\/uploads\/2026\/SK0007399-CZ20260425-093449-0-1777080895-korado-koralux-rondo-classic-krcm-750-900.webp\",\"width\":1000,\"height\":525},{\"@type\":\"BreadcrumbList\",\"@id\":\"https:\/\/www.domkraftpro.com\/index.php\/produkt\/znackovy-korado-koralux-rondo-classic-krcm-750-900-64931\/#breadcrumb\",\"itemListElement\":[{\"@type\":\"ListItem\",\"position\":1,\"name\":\"Home\",\"item\":\"https:\/\/www.domkraftpro.com\/\"},{\"@type\":\"ListItem\",\"position\":2,\"name\":\"Products\",\"item\":\"https:\/\/www.domkraftpro.com\/index.php\/products\/\"},{\"@type\":\"ListItem\",\"position\":3,\"name\":\"Zna\u010dkov\u00fd Korado Koralux Rondo Classic KRCM 750\/ 900\"}]},{\"@type\":\"WebSite\",\"@id\":\"https:\/\/www.domkraftpro.com\/#website\",\"url\":\"https:\/\/www.domkraftpro.com\/\",\"name\":\"\",\"description\":\"\",\"potentialAction\":[{\"@type\":\"SearchAction\",\"target\":{\"@type\":\"EntryPoint\",\"urlTemplate\":\"https:\/\/www.domkraftpro.com\/?s={search_term_string}\"},\"query-input\":{\"@type\":\"PropertyValueSpecification\",\"valueRequired\":true,\"valueName\":\"search_term_string\"}}],\"inLanguage\":\"cs\"}]}<\/script>\n<!-- \/ Yoast SEO plugin. -->","yoast_head_json":{"title":"Zna\u010dkov\u00fd Korado Koralux Rondo Classic KRCM 750\/ 900 -","robots":{"index":"index","follow":"follow","max-snippet":"max-snippet:-1","max-image-preview":"max-image-preview:large","max-video-preview":"max-video-preview:-1"},"canonical":"https:\/\/www.domkraftpro.com\/index.php\/produkt\/znackovy-korado-koralux-rondo-classic-krcm-750-900-64931\/","og_locale":"cs_CZ","og_type":"article","og_title":"Zna\u010dkov\u00fd Korado Koralux Rondo Classic KRCM 750\/ 900 -","og_description":"Obl\u00e9 proveden\u00ed Trubkov\u00e1 otopn\u00e1 t\u011blesa KORALUX RONDO CLASSIC \u2013 M jsou vyrobena z\u00a0uzav\u0159en\u00fdch ocelov\u00fdch profil\u016f s\u00a0pr\u016f\u0159ezem ve tvaru \u201cD\u201d a\u00a0rovn\u00fdch profil\u016f s\u00a0kruhov\u00fdm pr\u016f\u0159ezem. Spodn\u00ed st\u0159edov\u00e9 p\u0159ipojen\u00ed s\u00a0p\u0159ipojovac\u00ed rozte\u010d\u00ed 50\u00a0mm. Otopn\u00e1 t\u011blesa jsou dod\u00e1van\u00e1 se sadou pro upevn\u011bn\u00ed na st\u011bnu v\u010detn\u011b odvzdu\u0161\u0148ovac\u00ed a\u00a0zaslepovac\u00ed z\u00e1tky. Lze je rovn\u011b\u017e pou\u017e\u00edt pro kombinovan\u00e9 vyt\u00e1p\u011bn\u00ed. Konstruk\u010dn\u00ed \u0159e\u0161en\u00ed umo\u017e\u0148uje dosou\u0161en\u00ed textili\u00ed. [&hellip;]","og_url":"https:\/\/www.domkraftpro.com\/index.php\/produkt\/znackovy-korado-koralux-rondo-classic-krcm-750-900-64931\/","og_image":[{"width":1000,"height":525,"url":"https:\/\/www.domkraftpro.com\/wp-content\/uploads\/2026\/SK0007399-CZ20260425-093449-0-1777080895-korado-koralux-rondo-classic-krcm-750-900.webp","type":"image\/webp"}],"twitter_card":"summary_large_image","twitter_misc":{"Odhadovan\u00e1 doba \u010dten\u00ed":"1 minuta"},"schema":{"@context":"https:\/\/schema.org","@graph":[{"@type":"WebPage","@id":"https:\/\/www.domkraftpro.com\/index.php\/produkt\/znackovy-korado-koralux-rondo-classic-krcm-750-900-64931\/","url":"https:\/\/www.domkraftpro.com\/index.php\/produkt\/znackovy-korado-koralux-rondo-classic-krcm-750-900-64931\/","name":"Zna\u010dkov\u00fd Korado Koralux Rondo Classic KRCM 750\/ 900 -","isPartOf":{"@id":"https:\/\/www.domkraftpro.com\/#website"},"primaryImageOfPage":{"@id":"https:\/\/www.domkraftpro.com\/index.php\/produkt\/znackovy-korado-koralux-rondo-classic-krcm-750-900-64931\/#primaryimage"},"image":{"@id":"https:\/\/www.domkraftpro.com\/index.php\/produkt\/znackovy-korado-koralux-rondo-classic-krcm-750-900-64931\/#primaryimage"},"thumbnailUrl":"https:\/\/www.domkraftpro.com\/wp-content\/uploads\/2026\/SK0007399-CZ20260425-093449-0-1777080895-korado-koralux-rondo-classic-krcm-750-900.webp","datePublished":"2026-04-27T04:43:21+00:00","breadcrumb":{"@id":"https:\/\/www.domkraftpro.com\/index.php\/produkt\/znackovy-korado-koralux-rondo-classic-krcm-750-900-64931\/#breadcrumb"},"inLanguage":"cs","potentialAction":[{"@type":"ReadAction","target":["https:\/\/www.domkraftpro.com\/index.php\/produkt\/znackovy-korado-koralux-rondo-classic-krcm-750-900-64931\/"]}]},{"@type":"ImageObject","inLanguage":"cs","@id":"https:\/\/www.domkraftpro.com\/index.php\/produkt\/znackovy-korado-koralux-rondo-classic-krcm-750-900-64931\/#primaryimage","url":"https:\/\/www.domkraftpro.com\/wp-content\/uploads\/2026\/SK0007399-CZ20260425-093449-0-1777080895-korado-koralux-rondo-classic-krcm-750-900.webp","contentUrl":"https:\/\/www.domkraftpro.com\/wp-content\/uploads\/2026\/SK0007399-CZ20260425-093449-0-1777080895-korado-koralux-rondo-classic-krcm-750-900.webp","width":1000,"height":525},{"@type":"BreadcrumbList","@id":"https:\/\/www.domkraftpro.com\/index.php\/produkt\/znackovy-korado-koralux-rondo-classic-krcm-750-900-64931\/#breadcrumb","itemListElement":[{"@type":"ListItem","position":1,"name":"Home","item":"https:\/\/www.domkraftpro.com\/"},{"@type":"ListItem","position":2,"name":"Products","item":"https:\/\/www.domkraftpro.com\/index.php\/products\/"},{"@type":"ListItem","position":3,"name":"Zna\u010dkov\u00fd Korado Koralux Rondo Classic KRCM 750\/ 900"}]},{"@type":"WebSite","@id":"https:\/\/www.domkraftpro.com\/#website","url":"https:\/\/www.domkraftpro.com\/","name":"","description":"","potentialAction":[{"@type":"SearchAction","target":{"@type":"EntryPoint","urlTemplate":"https:\/\/www.domkraftpro.com\/?s={search_term_string}"},"query-input":{"@type":"PropertyValueSpecification","valueRequired":true,"valueName":"search_term_string"}}],"inLanguage":"cs"}]}},"_links":{"self":[{"href":"https:\/\/www.domkraftpro.com\/index.php\/wp-json\/wp\/v2\/product\/64931","targetHints":{"allow":["GET"]}}],"collection":[{"href":"https:\/\/www.domkraftpro.com\/index.php\/wp-json\/wp\/v2\/product"}],"about":[{"href":"https:\/\/www.domkraftpro.com\/index.php\/wp-json\/wp\/v2\/types\/product"}],"replies":[{"embeddable":true,"href":"https:\/\/www.domkraftpro.com\/index.php\/wp-json\/wp\/v2\/comments?post=64931"}],"wp:featuredmedia":[{"embeddable":true,"href":"https:\/\/www.domkraftpro.com\/index.php\/wp-json\/wp\/v2\/media\/65031"}],"wp:attachment":[{"href":"https:\/\/www.domkraftpro.com\/index.php\/wp-json\/wp\/v2\/media?parent=64931"}],"wp:term":[{"taxonomy":"product_brand","embeddable":true,"href":"https:\/\/www.domkraftpro.com\/index.php\/wp-json\/wp\/v2\/product_brand?post=64931"},{"taxonomy":"product_cat","embeddable":true,"href":"https:\/\/www.domkraftpro.com\/index.php\/wp-json\/wp\/v2\/product_cat?post=64931"},{"taxonomy":"product_tag","embeddable":true,"href":"https:\/\/www.domkraftpro.com\/index.php\/wp-json\/wp\/v2\/product_tag?post=64931"}],"curies":[{"name":"wp","href":"https:\/\/api.w.org\/{rel}","templated":true}]}}