{"id":64716,"date":"2026-04-27T04:43:21","date_gmt":"2026-04-27T04:43:21","guid":{"rendered":""},"modified":"2026-04-27T04:43:21","modified_gmt":"2026-04-27T04:43:21","slug":"akce-easy-sprcha-jednopolohova-plast-chrom-satin-64716","status":"publish","type":"product","link":"https:\/\/www.domkraftpro.com\/index.php\/produkt\/akce-easy-sprcha-jednopolohova-plast-chrom-satin-64716\/","title":{"rendered":"Akce EASY Sprcha jednopolohov\u00e1 &#8211; plast\/chrom\/satin"},"content":{"rendered":"<div id=\"e9453870\" class=\"pages\">\n<div>\n<div id=\"PDDescription\" class=\"UserContentView userContent v1a v1 bs-view dcon dc159 PDDescription\" ><dc-con><dc-con><bs-empty><\/bs-empty><\/dc-con><dc-con>        <\/p>\n<div class=\"customDescription\">                    <\/div>\n<p><\/dc-con><dc-con><\/p>\n<div>Jednopolohov\u00e1 sprchov\u00e1 hlavice se vyzna\u010duje modern\u00edm designem, vysokou variabilitou a p\u0159edev\u0161\u00edm umo\u017e\u0148uje t\u00e9m\u011b\u0159 libovolnou kombinaci s p\u0159\u00edslu\u0161enstv\u00edm sprchov\u00e9ho programu. Sprcha je osazena standardn\u00edm z\u00e1vitem 1\/2&#8243; pro p\u0159ipojen\u00ed na sprchovou hadici.<\/p>\n<p>Funkce sprchy:<br \/>&#8211; fast clean: syst\u00e9m snadn\u00e9ho o\u010di\u0161t\u011bn\u00ed od usazenin vodn\u00edho kamene<br \/>&#8211; water saver: syst\u00e9m pro \u00fasporu vody p\u0159i sprchov\u00e1n\u00ed<br \/>&#8211; spray<\/div>\n<table class='techparam_table'>\n<tr>\n<td>Typ<\/td>\n<td>Sprchov\u00fd<\/td>\n<\/tr>\n<tr>\n<td>Barva<\/td>\n<td>Chrom<\/td>\n<\/tr>\n<tr>\n<td>Design<\/td>\n<td>Obl\u00fd<\/td>\n<\/tr>\n<tr>\n<td>Materi\u00e1l<\/td>\n<td>Plast\/chrom\/satin<\/td>\n<\/tr>\n<tr>\n<td>Po\u010det poloh<\/td>\n<td>Jednopolohov\u00e1<\/td>\n<\/tr>\n<tr>\n<td>Velikost hlavice<\/td>\n<td>6 x 8 cm<\/td>\n<\/tr>\n<\/table>\n<p><\/dc-con><\/dc-con><\/div>\n<\/p><\/div>\n<div id=\"ProductMedia\" class=\"ProductMediaView MediaViewBase v1a v1 bs-view dcon dc404 ProductMedia\" ><bs-empty><\/bs-empty><\/p>\n<div class=\"files\">\n<div class=\"title sub\">Soubory<\/div>\n<p><a href=\"\/media\/10261\/cb465e-technicky-list.pdf?&amp;key=ZGpmIyQwNUZfMTAyNjE=\" class=\"pdf\">CB465E_technicky_list.pdf<\/a><a href=\"\/media\/42901\/767564828131fe-cb465e-technicky-list-pdf-2023-11-10-08-37-46.pdf?&amp;key=ZGpmIyQwNUZfNDI5MDE=\" class=\"pdf\">767564828131fe-cb465e-technicky-list-pdf-2023-11-10-08-37-46.pdf<\/a><\/div>\n<p><bs-empty><\/bs-empty><\/div>\n<\/div>\n<div id=\"e9453871\" class=\"tabs\">\n","protected":false},"excerpt":{"rendered":"<p>Jednopolohov\u00e1 sprchov\u00e1 hlavice se vyzna\u010duje modern\u00edm designem, vysokou variabilitou a p\u0159edev\u0161\u00edm umo\u017e\u0148uje t\u00e9m\u011b\u0159 libovolnou kombinaci s p\u0159\u00edslu\u0161enstv\u00edm sprchov\u00e9ho programu. Sprcha je osazena standardn\u00edm z\u00e1vitem 1\/2&#8243; pro p\u0159ipojen\u00ed na sprchovou hadici. Funkce sprchy:&#8211; fast clean: syst\u00e9m snadn\u00e9ho o\u010di\u0161t\u011bn\u00ed od usazenin vodn\u00edho kamene&#8211; water saver: syst\u00e9m pro \u00fasporu vody p\u0159i sprchov\u00e1n\u00ed&#8211; spray Typ Sprchov\u00fd Barva Chrom Design [&hellip;]<\/p>\n","protected":false},"featured_media":64816,"comment_status":"open","ping_status":"open","template":"","meta":[],"product_brand":[],"product_cat":[101],"product_tag":[],"class_list":{"0":"post-64716","1":"product","2":"type-product","3":"status-publish","4":"has-post-thumbnail","6":"product_cat-vybaven-237-koupelny","8":"first","9":"instock","10":"sale","11":"shipping-taxable","12":"purchasable","13":"product-type-simple"},"yoast_head":"<!-- This site is optimized with the Yoast SEO plugin v26.8 - https:\/\/yoast.com\/product\/yoast-seo-wordpress\/ -->\n<title>Akce EASY Sprcha jednopolohov\u00e1 - plast\/chrom\/satin -<\/title>\n<meta name=\"robots\" content=\"index, follow, max-snippet:-1, max-image-preview:large, max-video-preview:-1\" \/>\n<link rel=\"canonical\" href=\"https:\/\/www.domkraftpro.com\/index.php\/produkt\/akce-easy-sprcha-jednopolohova-plast-chrom-satin-64716\/\" \/>\n<meta property=\"og:locale\" content=\"cs_CZ\" \/>\n<meta property=\"og:type\" content=\"article\" \/>\n<meta property=\"og:title\" content=\"Akce EASY Sprcha jednopolohov\u00e1 - plast\/chrom\/satin -\" \/>\n<meta property=\"og:description\" content=\"Jednopolohov\u00e1 sprchov\u00e1 hlavice se vyzna\u010duje modern\u00edm designem, vysokou variabilitou a p\u0159edev\u0161\u00edm umo\u017e\u0148uje t\u00e9m\u011b\u0159 libovolnou kombinaci s p\u0159\u00edslu\u0161enstv\u00edm sprchov\u00e9ho programu. Sprcha je osazena standardn\u00edm z\u00e1vitem 1\/2&#8243; pro p\u0159ipojen\u00ed na sprchovou hadici. Funkce sprchy:&#8211; fast clean: syst\u00e9m snadn\u00e9ho o\u010di\u0161t\u011bn\u00ed od usazenin vodn\u00edho kamene&#8211; water saver: syst\u00e9m pro \u00fasporu vody p\u0159i sprchov\u00e1n\u00ed&#8211; spray Typ Sprchov\u00fd Barva Chrom Design [&hellip;]\" \/>\n<meta property=\"og:url\" content=\"https:\/\/www.domkraftpro.com\/index.php\/produkt\/akce-easy-sprcha-jednopolohova-plast-chrom-satin-64716\/\" \/>\n<meta property=\"og:image\" content=\"https:\/\/www.domkraftpro.com\/wp-content\/uploads\/2026\/SK0007281-CZ20260425-093449-0-1777080895-easy-sprcha-jednopolohova-plast-chrom-satin.webp\" \/>\n\t<meta property=\"og:image:width\" content=\"1000\" \/>\n\t<meta property=\"og:image:height\" content=\"525\" \/>\n\t<meta property=\"og:image:type\" content=\"image\/webp\" \/>\n<meta name=\"twitter:card\" content=\"summary_large_image\" \/>\n<script type=\"application\/ld+json\" class=\"yoast-schema-graph\">{\"@context\":\"https:\/\/schema.org\",\"@graph\":[{\"@type\":\"WebPage\",\"@id\":\"https:\/\/www.domkraftpro.com\/index.php\/produkt\/akce-easy-sprcha-jednopolohova-plast-chrom-satin-64716\/\",\"url\":\"https:\/\/www.domkraftpro.com\/index.php\/produkt\/akce-easy-sprcha-jednopolohova-plast-chrom-satin-64716\/\",\"name\":\"Akce EASY Sprcha jednopolohov\u00e1 - plast\/chrom\/satin -\",\"isPartOf\":{\"@id\":\"https:\/\/www.domkraftpro.com\/#website\"},\"primaryImageOfPage\":{\"@id\":\"https:\/\/www.domkraftpro.com\/index.php\/produkt\/akce-easy-sprcha-jednopolohova-plast-chrom-satin-64716\/#primaryimage\"},\"image\":{\"@id\":\"https:\/\/www.domkraftpro.com\/index.php\/produkt\/akce-easy-sprcha-jednopolohova-plast-chrom-satin-64716\/#primaryimage\"},\"thumbnailUrl\":\"https:\/\/www.domkraftpro.com\/wp-content\/uploads\/2026\/SK0007281-CZ20260425-093449-0-1777080895-easy-sprcha-jednopolohova-plast-chrom-satin.webp\",\"datePublished\":\"2026-04-27T04:43:21+00:00\",\"breadcrumb\":{\"@id\":\"https:\/\/www.domkraftpro.com\/index.php\/produkt\/akce-easy-sprcha-jednopolohova-plast-chrom-satin-64716\/#breadcrumb\"},\"inLanguage\":\"cs\",\"potentialAction\":[{\"@type\":\"ReadAction\",\"target\":[\"https:\/\/www.domkraftpro.com\/index.php\/produkt\/akce-easy-sprcha-jednopolohova-plast-chrom-satin-64716\/\"]}]},{\"@type\":\"ImageObject\",\"inLanguage\":\"cs\",\"@id\":\"https:\/\/www.domkraftpro.com\/index.php\/produkt\/akce-easy-sprcha-jednopolohova-plast-chrom-satin-64716\/#primaryimage\",\"url\":\"https:\/\/www.domkraftpro.com\/wp-content\/uploads\/2026\/SK0007281-CZ20260425-093449-0-1777080895-easy-sprcha-jednopolohova-plast-chrom-satin.webp\",\"contentUrl\":\"https:\/\/www.domkraftpro.com\/wp-content\/uploads\/2026\/SK0007281-CZ20260425-093449-0-1777080895-easy-sprcha-jednopolohova-plast-chrom-satin.webp\",\"width\":1000,\"height\":525},{\"@type\":\"BreadcrumbList\",\"@id\":\"https:\/\/www.domkraftpro.com\/index.php\/produkt\/akce-easy-sprcha-jednopolohova-plast-chrom-satin-64716\/#breadcrumb\",\"itemListElement\":[{\"@type\":\"ListItem\",\"position\":1,\"name\":\"Home\",\"item\":\"https:\/\/www.domkraftpro.com\/\"},{\"@type\":\"ListItem\",\"position\":2,\"name\":\"Products\",\"item\":\"https:\/\/www.domkraftpro.com\/index.php\/products\/\"},{\"@type\":\"ListItem\",\"position\":3,\"name\":\"Akce EASY Sprcha jednopolohov\u00e1 &#8211; plast\/chrom\/satin\"}]},{\"@type\":\"WebSite\",\"@id\":\"https:\/\/www.domkraftpro.com\/#website\",\"url\":\"https:\/\/www.domkraftpro.com\/\",\"name\":\"\",\"description\":\"\",\"potentialAction\":[{\"@type\":\"SearchAction\",\"target\":{\"@type\":\"EntryPoint\",\"urlTemplate\":\"https:\/\/www.domkraftpro.com\/?s={search_term_string}\"},\"query-input\":{\"@type\":\"PropertyValueSpecification\",\"valueRequired\":true,\"valueName\":\"search_term_string\"}}],\"inLanguage\":\"cs\"}]}<\/script>\n<!-- \/ Yoast SEO plugin. -->","yoast_head_json":{"title":"Akce EASY Sprcha jednopolohov\u00e1 - plast\/chrom\/satin -","robots":{"index":"index","follow":"follow","max-snippet":"max-snippet:-1","max-image-preview":"max-image-preview:large","max-video-preview":"max-video-preview:-1"},"canonical":"https:\/\/www.domkraftpro.com\/index.php\/produkt\/akce-easy-sprcha-jednopolohova-plast-chrom-satin-64716\/","og_locale":"cs_CZ","og_type":"article","og_title":"Akce EASY Sprcha jednopolohov\u00e1 - plast\/chrom\/satin -","og_description":"Jednopolohov\u00e1 sprchov\u00e1 hlavice se vyzna\u010duje modern\u00edm designem, vysokou variabilitou a p\u0159edev\u0161\u00edm umo\u017e\u0148uje t\u00e9m\u011b\u0159 libovolnou kombinaci s p\u0159\u00edslu\u0161enstv\u00edm sprchov\u00e9ho programu. Sprcha je osazena standardn\u00edm z\u00e1vitem 1\/2&#8243; pro p\u0159ipojen\u00ed na sprchovou hadici. Funkce sprchy:&#8211; fast clean: syst\u00e9m snadn\u00e9ho o\u010di\u0161t\u011bn\u00ed od usazenin vodn\u00edho kamene&#8211; water saver: syst\u00e9m pro \u00fasporu vody p\u0159i sprchov\u00e1n\u00ed&#8211; spray Typ Sprchov\u00fd Barva Chrom Design [&hellip;]","og_url":"https:\/\/www.domkraftpro.com\/index.php\/produkt\/akce-easy-sprcha-jednopolohova-plast-chrom-satin-64716\/","og_image":[{"width":1000,"height":525,"url":"https:\/\/www.domkraftpro.com\/wp-content\/uploads\/2026\/SK0007281-CZ20260425-093449-0-1777080895-easy-sprcha-jednopolohova-plast-chrom-satin.webp","type":"image\/webp"}],"twitter_card":"summary_large_image","schema":{"@context":"https:\/\/schema.org","@graph":[{"@type":"WebPage","@id":"https:\/\/www.domkraftpro.com\/index.php\/produkt\/akce-easy-sprcha-jednopolohova-plast-chrom-satin-64716\/","url":"https:\/\/www.domkraftpro.com\/index.php\/produkt\/akce-easy-sprcha-jednopolohova-plast-chrom-satin-64716\/","name":"Akce EASY Sprcha jednopolohov\u00e1 - plast\/chrom\/satin -","isPartOf":{"@id":"https:\/\/www.domkraftpro.com\/#website"},"primaryImageOfPage":{"@id":"https:\/\/www.domkraftpro.com\/index.php\/produkt\/akce-easy-sprcha-jednopolohova-plast-chrom-satin-64716\/#primaryimage"},"image":{"@id":"https:\/\/www.domkraftpro.com\/index.php\/produkt\/akce-easy-sprcha-jednopolohova-plast-chrom-satin-64716\/#primaryimage"},"thumbnailUrl":"https:\/\/www.domkraftpro.com\/wp-content\/uploads\/2026\/SK0007281-CZ20260425-093449-0-1777080895-easy-sprcha-jednopolohova-plast-chrom-satin.webp","datePublished":"2026-04-27T04:43:21+00:00","breadcrumb":{"@id":"https:\/\/www.domkraftpro.com\/index.php\/produkt\/akce-easy-sprcha-jednopolohova-plast-chrom-satin-64716\/#breadcrumb"},"inLanguage":"cs","potentialAction":[{"@type":"ReadAction","target":["https:\/\/www.domkraftpro.com\/index.php\/produkt\/akce-easy-sprcha-jednopolohova-plast-chrom-satin-64716\/"]}]},{"@type":"ImageObject","inLanguage":"cs","@id":"https:\/\/www.domkraftpro.com\/index.php\/produkt\/akce-easy-sprcha-jednopolohova-plast-chrom-satin-64716\/#primaryimage","url":"https:\/\/www.domkraftpro.com\/wp-content\/uploads\/2026\/SK0007281-CZ20260425-093449-0-1777080895-easy-sprcha-jednopolohova-plast-chrom-satin.webp","contentUrl":"https:\/\/www.domkraftpro.com\/wp-content\/uploads\/2026\/SK0007281-CZ20260425-093449-0-1777080895-easy-sprcha-jednopolohova-plast-chrom-satin.webp","width":1000,"height":525},{"@type":"BreadcrumbList","@id":"https:\/\/www.domkraftpro.com\/index.php\/produkt\/akce-easy-sprcha-jednopolohova-plast-chrom-satin-64716\/#breadcrumb","itemListElement":[{"@type":"ListItem","position":1,"name":"Home","item":"https:\/\/www.domkraftpro.com\/"},{"@type":"ListItem","position":2,"name":"Products","item":"https:\/\/www.domkraftpro.com\/index.php\/products\/"},{"@type":"ListItem","position":3,"name":"Akce EASY Sprcha jednopolohov\u00e1 &#8211; plast\/chrom\/satin"}]},{"@type":"WebSite","@id":"https:\/\/www.domkraftpro.com\/#website","url":"https:\/\/www.domkraftpro.com\/","name":"","description":"","potentialAction":[{"@type":"SearchAction","target":{"@type":"EntryPoint","urlTemplate":"https:\/\/www.domkraftpro.com\/?s={search_term_string}"},"query-input":{"@type":"PropertyValueSpecification","valueRequired":true,"valueName":"search_term_string"}}],"inLanguage":"cs"}]}},"_links":{"self":[{"href":"https:\/\/www.domkraftpro.com\/index.php\/wp-json\/wp\/v2\/product\/64716","targetHints":{"allow":["GET"]}}],"collection":[{"href":"https:\/\/www.domkraftpro.com\/index.php\/wp-json\/wp\/v2\/product"}],"about":[{"href":"https:\/\/www.domkraftpro.com\/index.php\/wp-json\/wp\/v2\/types\/product"}],"replies":[{"embeddable":true,"href":"https:\/\/www.domkraftpro.com\/index.php\/wp-json\/wp\/v2\/comments?post=64716"}],"wp:featuredmedia":[{"embeddable":true,"href":"https:\/\/www.domkraftpro.com\/index.php\/wp-json\/wp\/v2\/media\/64816"}],"wp:attachment":[{"href":"https:\/\/www.domkraftpro.com\/index.php\/wp-json\/wp\/v2\/media?parent=64716"}],"wp:term":[{"taxonomy":"product_brand","embeddable":true,"href":"https:\/\/www.domkraftpro.com\/index.php\/wp-json\/wp\/v2\/product_brand?post=64716"},{"taxonomy":"product_cat","embeddable":true,"href":"https:\/\/www.domkraftpro.com\/index.php\/wp-json\/wp\/v2\/product_cat?post=64716"},{"taxonomy":"product_tag","embeddable":true,"href":"https:\/\/www.domkraftpro.com\/index.php\/wp-json\/wp\/v2\/product_tag?post=64716"}],"curies":[{"name":"wp","href":"https:\/\/api.w.org\/{rel}","templated":true}]}}