{"id":64581,"date":"2026-04-27T04:43:20","date_gmt":"2026-04-27T04:43:20","guid":{"rendered":""},"modified":"2026-04-27T04:43:20","modified_gmt":"2026-04-27T04:43:20","slug":"nizka-cena-lovo-baterie-umyvadlova-stojankova-s-vypusti-64581","status":"publish","type":"product","link":"https:\/\/www.domkraftpro.com\/index.php\/produkt\/nizka-cena-lovo-baterie-umyvadlova-stojankova-s-vypusti-64581\/","title":{"rendered":"N\u00edzk\u00e1 Cena LOVO baterie umyvadlov\u00e1 stoj\u00e1nkov\u00e1 s v\u00fdpust\u00ed"},"content":{"rendered":"<div id=\"e21001594\" class=\"pages\">\n<div>\n<div id=\"PDDescription\" class=\"UserContentView userContent v1a v1 bs-view dcon dc159 PDDescription\" ><dc-con><dc-con><bs-empty><\/bs-empty><\/dc-con><dc-con>        <\/p>\n<div class=\"customDescription\">                    <\/div>\n<p><\/dc-con><dc-con><\/p>\n<p><strong>LOVO baterie umyvadlov\u00e1<\/strong><\/p>\n<p>&#8211; stoj\u00e1nkov\u00e1 s v\u00fdpust\u00ed<br \/>&#8211; kartu\u0161e 40 mm <br \/>&#8211; t\u0159\u00edkrokov\u00e1<\/p>\n<p><\/dc-con><\/dc-con><\/div>\n<\/p><\/div>\n<div id=\"PDTable3\" class=\"ProductDetailTableView v3a v3 bs-view dcon dc180 PDTable3\" >\n<table>\n<thead><\/thead>\n<tbody>\n<tr class=\"attribute attr_ovladani\">\n<td class=\"caption\">Ovl\u00e1d\u00e1n\u00ed<\/td>\n<td class=\"value\">P\u00e1kov\u00e9<\/td>\n<\/tr>\n<tr class=\"attribute attr_typ\">\n<td class=\"caption\">Typ<\/td>\n<td class=\"value\">Stoj\u00e1nkov\u00e9 baterie<\/td>\n<\/tr>\n<tr class=\"attribute attr_pouziti\">\n<td class=\"caption\">Pou\u017eit\u00ed<\/td>\n<td class=\"value\">Umyvadlov\u00e9\/ D\u0159ezov\u00e9 baterie<\/td>\n<\/tr>\n<tr class=\"attribute attr_bsshop_maker\">\n<td class=\"caption\">V\u00fdrobce<\/td>\n<td class=\"value\">Mereo<\/td>\n<\/tr>\n<\/tbody>\n<\/table>\n<\/div>\n<div id=\"PdProductGpsr\" class=\"ProductGpsrView v1a v1 bs-view dcon dc212 PdProductGpsr\" >\n<div class=\"subject\"><dc-root class=\"dcon dc214\"><span class=\"title\">Zodpov\u011bdn&#253; subjekt:<\/span><dc-con><dc-con><span class=\"company\">MSO Trade a.s.<\/span><span class=\"name\">MSO Trade<\/span><\/dc-con><dc-con><span class=\"street\">Svatoborsk&#225; 1431\/87c<\/span><span class=\"city\">Kyjov<\/span><span class=\"zip\">697 01<\/span><span class=\"country\">\u010cesko<\/span><\/dc-con><span class=\"email\">objednavky@msotrade.cz<\/span><span class=\"phone\">518 398 831<\/span><bs-empty><\/bs-empty><a href=\"https:\/\/www.msotrade.cz\/kontakt\/\" class=\"link\" target=\"_blank\">https:\/\/www.msotrade.cz\/kontakt\/<\/a><\/dc-con><bs-empty><\/bs-empty><\/dc-root><\/div>\n<p><bs-empty><\/bs-empty><\/div>\n<\/div>\n<div id=\"e21001595\" class=\"tabs\">\n","protected":false},"excerpt":{"rendered":"<p>LOVO baterie umyvadlov\u00e1 &#8211; stoj\u00e1nkov\u00e1 s v\u00fdpust\u00ed&#8211; kartu\u0161e 40 mm &#8211; t\u0159\u00edkrokov\u00e1 Ovl\u00e1d\u00e1n\u00ed P\u00e1kov\u00e9 Typ Stoj\u00e1nkov\u00e9 baterie Pou\u017eit\u00ed Umyvadlov\u00e9\/ D\u0159ezov\u00e9 baterie V\u00fdrobce Mereo Zodpov\u011bdn&#253; subjekt:MSO Trade a.s.MSO TradeSvatoborsk&#225; 1431\/87cKyjov697 01\u010ceskoobjednavky@msotrade.cz518 398 831https:\/\/www.msotrade.cz\/kontakt\/<\/p>\n","protected":false},"featured_media":64681,"comment_status":"open","ping_status":"open","template":"","meta":[],"product_brand":[],"product_cat":[101],"product_tag":[],"class_list":{"0":"post-64581","1":"product","2":"type-product","3":"status-publish","4":"has-post-thumbnail","6":"product_cat-vybaven-237-koupelny","8":"first","9":"instock","10":"sale","11":"shipping-taxable","12":"purchasable","13":"product-type-simple"},"yoast_head":"<!-- This site is optimized with the Yoast SEO plugin v26.8 - https:\/\/yoast.com\/product\/yoast-seo-wordpress\/ -->\n<title>N\u00edzk\u00e1 Cena LOVO baterie umyvadlov\u00e1 stoj\u00e1nkov\u00e1 s v\u00fdpust\u00ed -<\/title>\n<meta name=\"robots\" content=\"index, follow, max-snippet:-1, max-image-preview:large, max-video-preview:-1\" \/>\n<link rel=\"canonical\" href=\"https:\/\/www.domkraftpro.com\/index.php\/produkt\/nizka-cena-lovo-baterie-umyvadlova-stojankova-s-vypusti-64581\/\" \/>\n<meta property=\"og:locale\" content=\"cs_CZ\" \/>\n<meta property=\"og:type\" content=\"article\" \/>\n<meta property=\"og:title\" content=\"N\u00edzk\u00e1 Cena LOVO baterie umyvadlov\u00e1 stoj\u00e1nkov\u00e1 s v\u00fdpust\u00ed -\" \/>\n<meta property=\"og:description\" content=\"LOVO baterie umyvadlov\u00e1 &#8211; stoj\u00e1nkov\u00e1 s v\u00fdpust\u00ed&#8211; kartu\u0161e 40 mm &#8211; t\u0159\u00edkrokov\u00e1 Ovl\u00e1d\u00e1n\u00ed P\u00e1kov\u00e9 Typ Stoj\u00e1nkov\u00e9 baterie Pou\u017eit\u00ed Umyvadlov\u00e9\/ D\u0159ezov\u00e9 baterie V\u00fdrobce Mereo Zodpov\u011bdn&#253; subjekt:MSO Trade a.s.MSO TradeSvatoborsk&#225; 1431\/87cKyjov697 01\u010ceskoobjednavky@msotrade.cz518 398 831https:\/\/www.msotrade.cz\/kontakt\/\" \/>\n<meta property=\"og:url\" content=\"https:\/\/www.domkraftpro.com\/index.php\/produkt\/nizka-cena-lovo-baterie-umyvadlova-stojankova-s-vypusti-64581\/\" \/>\n<meta property=\"og:image\" content=\"https:\/\/www.domkraftpro.com\/wp-content\/uploads\/2026\/SK0007246-CZ20260425-093449-0-1777080895-lovo-baterie-umyvadlova-stojankova-s-vypusti.webp\" \/>\n\t<meta property=\"og:image:width\" content=\"1000\" \/>\n\t<meta property=\"og:image:height\" content=\"525\" \/>\n\t<meta property=\"og:image:type\" content=\"image\/webp\" \/>\n<meta name=\"twitter:card\" content=\"summary_large_image\" \/>\n<script type=\"application\/ld+json\" class=\"yoast-schema-graph\">{\"@context\":\"https:\/\/schema.org\",\"@graph\":[{\"@type\":\"WebPage\",\"@id\":\"https:\/\/www.domkraftpro.com\/index.php\/produkt\/nizka-cena-lovo-baterie-umyvadlova-stojankova-s-vypusti-64581\/\",\"url\":\"https:\/\/www.domkraftpro.com\/index.php\/produkt\/nizka-cena-lovo-baterie-umyvadlova-stojankova-s-vypusti-64581\/\",\"name\":\"N\u00edzk\u00e1 Cena LOVO baterie umyvadlov\u00e1 stoj\u00e1nkov\u00e1 s v\u00fdpust\u00ed -\",\"isPartOf\":{\"@id\":\"https:\/\/www.domkraftpro.com\/#website\"},\"primaryImageOfPage\":{\"@id\":\"https:\/\/www.domkraftpro.com\/index.php\/produkt\/nizka-cena-lovo-baterie-umyvadlova-stojankova-s-vypusti-64581\/#primaryimage\"},\"image\":{\"@id\":\"https:\/\/www.domkraftpro.com\/index.php\/produkt\/nizka-cena-lovo-baterie-umyvadlova-stojankova-s-vypusti-64581\/#primaryimage\"},\"thumbnailUrl\":\"https:\/\/www.domkraftpro.com\/wp-content\/uploads\/2026\/SK0007246-CZ20260425-093449-0-1777080895-lovo-baterie-umyvadlova-stojankova-s-vypusti.webp\",\"datePublished\":\"2026-04-27T04:43:20+00:00\",\"breadcrumb\":{\"@id\":\"https:\/\/www.domkraftpro.com\/index.php\/produkt\/nizka-cena-lovo-baterie-umyvadlova-stojankova-s-vypusti-64581\/#breadcrumb\"},\"inLanguage\":\"cs\",\"potentialAction\":[{\"@type\":\"ReadAction\",\"target\":[\"https:\/\/www.domkraftpro.com\/index.php\/produkt\/nizka-cena-lovo-baterie-umyvadlova-stojankova-s-vypusti-64581\/\"]}]},{\"@type\":\"ImageObject\",\"inLanguage\":\"cs\",\"@id\":\"https:\/\/www.domkraftpro.com\/index.php\/produkt\/nizka-cena-lovo-baterie-umyvadlova-stojankova-s-vypusti-64581\/#primaryimage\",\"url\":\"https:\/\/www.domkraftpro.com\/wp-content\/uploads\/2026\/SK0007246-CZ20260425-093449-0-1777080895-lovo-baterie-umyvadlova-stojankova-s-vypusti.webp\",\"contentUrl\":\"https:\/\/www.domkraftpro.com\/wp-content\/uploads\/2026\/SK0007246-CZ20260425-093449-0-1777080895-lovo-baterie-umyvadlova-stojankova-s-vypusti.webp\",\"width\":1000,\"height\":525},{\"@type\":\"BreadcrumbList\",\"@id\":\"https:\/\/www.domkraftpro.com\/index.php\/produkt\/nizka-cena-lovo-baterie-umyvadlova-stojankova-s-vypusti-64581\/#breadcrumb\",\"itemListElement\":[{\"@type\":\"ListItem\",\"position\":1,\"name\":\"Home\",\"item\":\"https:\/\/www.domkraftpro.com\/\"},{\"@type\":\"ListItem\",\"position\":2,\"name\":\"Products\",\"item\":\"https:\/\/www.domkraftpro.com\/index.php\/products\/\"},{\"@type\":\"ListItem\",\"position\":3,\"name\":\"N\u00edzk\u00e1 Cena LOVO baterie umyvadlov\u00e1 stoj\u00e1nkov\u00e1 s v\u00fdpust\u00ed\"}]},{\"@type\":\"WebSite\",\"@id\":\"https:\/\/www.domkraftpro.com\/#website\",\"url\":\"https:\/\/www.domkraftpro.com\/\",\"name\":\"\",\"description\":\"\",\"potentialAction\":[{\"@type\":\"SearchAction\",\"target\":{\"@type\":\"EntryPoint\",\"urlTemplate\":\"https:\/\/www.domkraftpro.com\/?s={search_term_string}\"},\"query-input\":{\"@type\":\"PropertyValueSpecification\",\"valueRequired\":true,\"valueName\":\"search_term_string\"}}],\"inLanguage\":\"cs\"}]}<\/script>\n<!-- \/ Yoast SEO plugin. -->","yoast_head_json":{"title":"N\u00edzk\u00e1 Cena LOVO baterie umyvadlov\u00e1 stoj\u00e1nkov\u00e1 s v\u00fdpust\u00ed -","robots":{"index":"index","follow":"follow","max-snippet":"max-snippet:-1","max-image-preview":"max-image-preview:large","max-video-preview":"max-video-preview:-1"},"canonical":"https:\/\/www.domkraftpro.com\/index.php\/produkt\/nizka-cena-lovo-baterie-umyvadlova-stojankova-s-vypusti-64581\/","og_locale":"cs_CZ","og_type":"article","og_title":"N\u00edzk\u00e1 Cena LOVO baterie umyvadlov\u00e1 stoj\u00e1nkov\u00e1 s v\u00fdpust\u00ed -","og_description":"LOVO baterie umyvadlov\u00e1 &#8211; stoj\u00e1nkov\u00e1 s v\u00fdpust\u00ed&#8211; kartu\u0161e 40 mm &#8211; t\u0159\u00edkrokov\u00e1 Ovl\u00e1d\u00e1n\u00ed P\u00e1kov\u00e9 Typ Stoj\u00e1nkov\u00e9 baterie Pou\u017eit\u00ed Umyvadlov\u00e9\/ D\u0159ezov\u00e9 baterie V\u00fdrobce Mereo Zodpov\u011bdn&#253; subjekt:MSO Trade a.s.MSO TradeSvatoborsk&#225; 1431\/87cKyjov697 01\u010ceskoobjednavky@msotrade.cz518 398 831https:\/\/www.msotrade.cz\/kontakt\/","og_url":"https:\/\/www.domkraftpro.com\/index.php\/produkt\/nizka-cena-lovo-baterie-umyvadlova-stojankova-s-vypusti-64581\/","og_image":[{"width":1000,"height":525,"url":"https:\/\/www.domkraftpro.com\/wp-content\/uploads\/2026\/SK0007246-CZ20260425-093449-0-1777080895-lovo-baterie-umyvadlova-stojankova-s-vypusti.webp","type":"image\/webp"}],"twitter_card":"summary_large_image","schema":{"@context":"https:\/\/schema.org","@graph":[{"@type":"WebPage","@id":"https:\/\/www.domkraftpro.com\/index.php\/produkt\/nizka-cena-lovo-baterie-umyvadlova-stojankova-s-vypusti-64581\/","url":"https:\/\/www.domkraftpro.com\/index.php\/produkt\/nizka-cena-lovo-baterie-umyvadlova-stojankova-s-vypusti-64581\/","name":"N\u00edzk\u00e1 Cena LOVO baterie umyvadlov\u00e1 stoj\u00e1nkov\u00e1 s v\u00fdpust\u00ed -","isPartOf":{"@id":"https:\/\/www.domkraftpro.com\/#website"},"primaryImageOfPage":{"@id":"https:\/\/www.domkraftpro.com\/index.php\/produkt\/nizka-cena-lovo-baterie-umyvadlova-stojankova-s-vypusti-64581\/#primaryimage"},"image":{"@id":"https:\/\/www.domkraftpro.com\/index.php\/produkt\/nizka-cena-lovo-baterie-umyvadlova-stojankova-s-vypusti-64581\/#primaryimage"},"thumbnailUrl":"https:\/\/www.domkraftpro.com\/wp-content\/uploads\/2026\/SK0007246-CZ20260425-093449-0-1777080895-lovo-baterie-umyvadlova-stojankova-s-vypusti.webp","datePublished":"2026-04-27T04:43:20+00:00","breadcrumb":{"@id":"https:\/\/www.domkraftpro.com\/index.php\/produkt\/nizka-cena-lovo-baterie-umyvadlova-stojankova-s-vypusti-64581\/#breadcrumb"},"inLanguage":"cs","potentialAction":[{"@type":"ReadAction","target":["https:\/\/www.domkraftpro.com\/index.php\/produkt\/nizka-cena-lovo-baterie-umyvadlova-stojankova-s-vypusti-64581\/"]}]},{"@type":"ImageObject","inLanguage":"cs","@id":"https:\/\/www.domkraftpro.com\/index.php\/produkt\/nizka-cena-lovo-baterie-umyvadlova-stojankova-s-vypusti-64581\/#primaryimage","url":"https:\/\/www.domkraftpro.com\/wp-content\/uploads\/2026\/SK0007246-CZ20260425-093449-0-1777080895-lovo-baterie-umyvadlova-stojankova-s-vypusti.webp","contentUrl":"https:\/\/www.domkraftpro.com\/wp-content\/uploads\/2026\/SK0007246-CZ20260425-093449-0-1777080895-lovo-baterie-umyvadlova-stojankova-s-vypusti.webp","width":1000,"height":525},{"@type":"BreadcrumbList","@id":"https:\/\/www.domkraftpro.com\/index.php\/produkt\/nizka-cena-lovo-baterie-umyvadlova-stojankova-s-vypusti-64581\/#breadcrumb","itemListElement":[{"@type":"ListItem","position":1,"name":"Home","item":"https:\/\/www.domkraftpro.com\/"},{"@type":"ListItem","position":2,"name":"Products","item":"https:\/\/www.domkraftpro.com\/index.php\/products\/"},{"@type":"ListItem","position":3,"name":"N\u00edzk\u00e1 Cena LOVO baterie umyvadlov\u00e1 stoj\u00e1nkov\u00e1 s v\u00fdpust\u00ed"}]},{"@type":"WebSite","@id":"https:\/\/www.domkraftpro.com\/#website","url":"https:\/\/www.domkraftpro.com\/","name":"","description":"","potentialAction":[{"@type":"SearchAction","target":{"@type":"EntryPoint","urlTemplate":"https:\/\/www.domkraftpro.com\/?s={search_term_string}"},"query-input":{"@type":"PropertyValueSpecification","valueRequired":true,"valueName":"search_term_string"}}],"inLanguage":"cs"}]}},"_links":{"self":[{"href":"https:\/\/www.domkraftpro.com\/index.php\/wp-json\/wp\/v2\/product\/64581","targetHints":{"allow":["GET"]}}],"collection":[{"href":"https:\/\/www.domkraftpro.com\/index.php\/wp-json\/wp\/v2\/product"}],"about":[{"href":"https:\/\/www.domkraftpro.com\/index.php\/wp-json\/wp\/v2\/types\/product"}],"replies":[{"embeddable":true,"href":"https:\/\/www.domkraftpro.com\/index.php\/wp-json\/wp\/v2\/comments?post=64581"}],"wp:featuredmedia":[{"embeddable":true,"href":"https:\/\/www.domkraftpro.com\/index.php\/wp-json\/wp\/v2\/media\/64681"}],"wp:attachment":[{"href":"https:\/\/www.domkraftpro.com\/index.php\/wp-json\/wp\/v2\/media?parent=64581"}],"wp:term":[{"taxonomy":"product_brand","embeddable":true,"href":"https:\/\/www.domkraftpro.com\/index.php\/wp-json\/wp\/v2\/product_brand?post=64581"},{"taxonomy":"product_cat","embeddable":true,"href":"https:\/\/www.domkraftpro.com\/index.php\/wp-json\/wp\/v2\/product_cat?post=64581"},{"taxonomy":"product_tag","embeddable":true,"href":"https:\/\/www.domkraftpro.com\/index.php\/wp-json\/wp\/v2\/product_tag?post=64581"}],"curies":[{"name":"wp","href":"https:\/\/api.w.org\/{rel}","templated":true}]}}