{"id":64571,"date":"2026-04-27T04:43:20","date_gmt":"2026-04-27T04:43:20","guid":{"rendered":""},"modified":"2026-04-27T04:43:20","modified_gmt":"2026-04-27T04:43:20","slug":"nejprodavanejsi-jomo-duofix-pro-zavesne-wc-do-sadrokartonu-64571","status":"publish","type":"product","link":"https:\/\/www.domkraftpro.com\/index.php\/produkt\/nejprodavanejsi-jomo-duofix-pro-zavesne-wc-do-sadrokartonu-64571\/","title":{"rendered":"Nejprod\u00e1van\u011bj\u0161\u00ed JOMO Duofix pro z\u00e1v\u011bsn\u00e9 WC do s\u00e1drokartonu"},"content":{"rendered":"<div id=\"e9424462\" class=\"pages\">\n<div>\n<div id=\"PDDescription\" class=\"UserContentView userContent v1a v1 bs-view dcon dc159 PDDescription\" ><dc-con><dc-con><bs-empty><\/bs-empty><\/dc-con><dc-con>        <\/p>\n<div class=\"customDescription\">                    <\/div>\n<p><\/dc-con><dc-con><\/p>\n<p><strong>Duofix pro z\u00e1v\u011bsn\u00e9 WC<\/strong><\/p>\n<p>&#8211; JOMO TGA 2v1 jednotliv\u00fd prvek pro z\u00e1v\u011bsn\u00e9 WC\u00a0 s podom\u00edtkov\u00fdm splachova\u010dem SLK\u00a0, s ovl\u00e1d\u00e1n\u00edm zep\u0159edu<br \/>&#8211; splachovac\u00ed technika 2 mno\u017estv\u00ed<br \/>&#8211; do lehk\u00fdch p\u0159\u00ed\u010dek<br \/>&#8211; stavebn\u00ed v\u00fd\u0161ka 1180 mm <br \/>&#8211; \u0161\u00ed\u0159e 500 mm<\/p>\n<p><strong><span style=\"color: #ff0000;\">Sada dr\u017e\u00e1k\u016f v cen\u011b.<\/span><\/strong><br \/><strong><span style=\"color: #ff0000;\">Mo\u017eno i pro mont\u00e1\u017e do rohu!!!<\/span> <\/strong><\/p>\n<p><\/dc-con><\/dc-con><\/div>\n<div id=\"PDDescription2\" class=\"UserContentView userContent v1a v1 bs-view dcon dc160 PDDescription2\" >\n<p>Firma WERIT otv\u00edr\u00e1 stavebn\u00ed technikou u JOMO TGA zcela novou kapitolu p\u0159i stavb\u011b instala\u010dn\u00edch st\u011bn v\u00a0oblasti technick\u00e9ho vybaven\u00ed budov, co\u017e v\u00a0n\u011bm\u010din\u011b odpov\u00edd\u00e1 zkratce \u00b4TGA`. Firma WERIT tak sleduje jasn\u00e9 trendy \u0159e\u0161en\u00ed instala\u010dn\u00ed techniky p\u0159esahuj\u00edc\u00ed jednotliv\u00e9 profese a nab\u00edz\u00ed od jednotliv\u00fdch prvk\u016f JOMO TGA s\u00a0jednoduchou mont\u00e1\u017e\u00ed a\u017e po kompletn\u00ed, z\u00a0hlediska stavebn\u011b-fyzik\u00e1ln\u00edho p\u0159ezkou\u0161en\u00e9 a povolen\u00e9, instala\u010dn\u00ed st\u011bny JOMO TGA.<br \/>Bezpe\u010dnost je vedle funk\u010dn\u00edho a cenov\u011b v\u00fdhodn\u00e9ho \u0159e\u0161en\u00ed pro investory, u\u017eivatele a tak\u00e9 pro v\u0161echny dal\u0161\u00ed profese pod\u00edlej\u00edc\u00ed se na stavb\u011b \u2013 a\u0165 se jedn\u00e1 o architekty, projektanty nebo prov\u00e1d\u011bj\u00edc\u00ed firmy \u2013 na p\u0159edn\u00edm m\u00edst\u011b. Rizika v\u00a0sou\u010dasnosti vznikaj\u00ed p\u0159edev\u0161\u00edm v\u00a0oblasti stavebn\u011b-fyzik\u00e1ln\u00edch po\u017eadavk\u016f na protipo\u017e\u00e1rn\u00ed ochranu a ochranu proti hluku, jako\u017e i na statick\u00e9 vlastnosti. Zvl\u00e1\u0161t\u011b dramatick\u00e9 jsou probl\u00e9my u instalac\u00ed p\u0159esahuj\u00edc\u00edch \u0159adu profes\u00ed, proto\u017ee nap\u00e1jec\u00ed \u0161achty jsou st\u00e1le men\u0161\u00ed. <br \/>\u010casto z\u016fst\u00e1v\u00e1 v\u00fdsledek daleko za o\u010dek\u00e1v\u00e1n\u00edm a vede tak k\u00a0nep\u0159ijateln\u00e9mu riziku pro provozovatele \u010di u\u017eivatele. <br \/>N\u00e1sledkem jsou dlouh\u00e9 \u010dasy v\u00fdstavby, \u0161patn\u00e1 hodnota stavebn\u00edch v\u00fdkon\u016f, vysok\u00e9 riziko n\u00e1klad\u016f spojen\u00fdch se z\u00e1rukou a ru\u010den\u00edm a chyb\u011bj\u00edc\u00ed stavebn\u011b-pr\u00e1vn\u00ed ji\u0161t\u011bn\u00ed. Vedle mal\u00e9 mo\u017enosti zachov\u00e1n\u00ed hodnot jdou v\u0161echna tato rizika tak\u00e9 k\u00a0t\u00ed\u017ei spokojenosti z\u00e1kazn\u00edk\u016f.<br \/>Stavebn\u00ed techniky JOMO TGA zjednodu\u0161uj\u00ed a \u010din\u00ed bezpe\u010dn\u011bj\u0161\u00ed instalaci. P\u0159isp\u00edvaj\u00ed k\u00a0vy\u0159e\u0161en\u00ed probl\u00e9m\u016f v\u00a0oblasti dod\u00e1vky a odvodu m\u00e9di\u00ed pro profese sanit\u00e1rn\u00ed techniky, vyt\u00e1p\u011bn\u00ed, ventilace, silnoproud a jin\u00e9 vnit\u0159n\u00ed stavebn\u00ed syst\u00e9my v\u00a0instala\u010dn\u00edch st\u011bn\u00e1ch a \u0161acht\u00e1ch. <br \/>Jednotliv\u00e9 prvky JOMO TGA jsou samonosn\u00fdmi mont\u00e1\u017en\u00edmi r\u00e1my. Slou\u017e\u00ed pro rychlou mont\u00e1\u017e v\u0161ech standardizovan\u00fdch a bezbari\u00e9rov\u00fdch instalac\u00ed sanit\u00e1rn\u00edch apar\u00e1t\u016f pro WC, umyvadla, bidety a piso\u00e1ry. Jednotliv\u00e9 prvky JOMO TGA lze voln\u011b volit pro mont\u00e1\u017e s\u00a0masivn\u00ed st\u011bnou nebo s\u00a0lehkou stavebn\u00ed st\u011bnou.<br \/>Mont\u00e1\u017e zcela nov\u011b koncipovan\u00fdch jednotliv\u00fdch prvk\u016f JOMO TGA je mimo\u0159\u00e1dn\u011b jednoduch\u00e1 a lze ji realizovat v\u00a0ka\u017ed\u00e9m p\u0159\u00edpad\u011b pou\u017eit\u00ed.<br \/>Tyto prvky jsou konstruov\u00e1ny p\u0159edev\u0161\u00edm pro flexibiln\u00ed pou\u017eit\u00ed v\u00a0mal\u00fdch koupeln\u00e1ch a v\u00a0prostor\u00e1ch pro WC, jejich\u017e prostorov\u00e9 pom\u011bry jsou mimo\u0159\u00e1dn\u011b mal\u00e9, jak je tomu nap\u0159\u00edklad v\u00a0l\u00e1ze\u0148sk\u00fdch prostor\u00e1ch. Minim\u00e1ln\u00ed instala\u010dn\u00ed hloubky lze dos\u00e1hnout p\u0159i sanov\u00e1n\u00ed nebo u nov\u00fdch staveb.<br \/>Toto zaji\u0161\u0165uj\u00ed p\u0159edev\u0161\u00edm nov\u00e9 n\u00e1st\u011bnn\u00e9 dr\u017e\u00e1ky, kter\u00e9 lze plynule nastavit a pou\u017e\u00edt pro nejr\u016fzn\u011bj\u0161\u00ed instala\u010dn\u00ed hloubky. Lze je nato\u010dit o 360\u00b0, a proto jsou vhodn\u00e9 pro v\u0161echny oblasti pou\u017eit\u00ed, a\u0165 voln\u011b p\u0159ed st\u00e1vaj\u00edc\u00ed st\u011bnu, nebo v\u00a0li\u0161t\u011b pro instala\u010dn\u00ed st\u011bnu JOMO TGA. P\u0159\u00eddavn\u00e1 mo\u017enost zaklopen\u00ed desky a napojen\u00ed ke st\u011bn\u011b zvy\u0161uje flexibilitu pro oblasti pou\u017eit\u00ed jako jsou rohy, \u0161ikm\u00e9 stropy nebo pro mont\u00e1\u017e v\u00a0p\u0159esazen\u00fdch st\u011bn\u00e1ch.<br \/>Samonosn\u00e9 mont\u00e1\u017en\u00ed r\u00e1my prvk\u016f zaru\u010duj\u00ed krom\u011b toho vysokou bezpe\u010dnost z\u00a0hlediska zat\u00ed\u017eitelnosti tak\u00e9 p\u0159i mont\u00e1\u017ei na podlaze a\u017e do 200mm. To je dosa\u017eeno plynul\u00fdm vysouv\u00e1n\u00edm patek. V\u00fdm\u011bna patek zaji\u0161\u0165uje p\u0159\u00eddavn\u011b zcela jednoduchou mont\u00e1\u017e.\u00a0 <br \/>V oblasti sanit\u00e1rn\u00edch instalac\u00ed nab\u00edz\u00ed firma WERIT WC-jednotliv\u00e9 prvky se splachova\u010di UP JOMO SLK osv\u011bd\u010den\u00ed s objemem 7,5 litr\u016f a s technikou 2 mno\u017estv\u00ed nebo s funkc\u00ed start\/stop. Samoz\u0159ejmost\u00ed tak\u00e9 nab\u00edz\u00ed ve v\u0161ech b\u011b\u017en\u00fdch sanit\u00e1rn\u00edch barv\u00e1ch.<br \/>Alternativn\u011b nab\u00edz\u00edme bezdotykov\u00e9 armatury jako p\u0159edem smontovan\u00e9 jednotky pro hygienicky \u010dist\u00e1 \u0159e\u0161en\u00ed pro oblasti WC a piso\u00e1r\u016f. Tyto jednotky se dod\u00e1vaj\u00ed pro s\u00ed\u0165ov\u00e9 nap\u00e1jen\u00ed nebo pro n\u00e1sledn\u011b vybaven\u00fd bateriov\u00fd provoz.<\/p>\n<\/div><\/div>\n<div id=\"PDTable3\" class=\"ProductDetailTableView v3a v3 bs-view dcon dc180 PDTable3\" >\n<table>\n<thead><\/thead>\n<tbody>\n<tr class=\"attribute attr_typ\">\n<td class=\"caption\">Typ<\/td>\n<td class=\"value\">do lehk\u00e9 p\u0159\u00ed\u010dky<\/td>\n<\/tr>\n<tr class=\"attribute attr_kategorie\">\n<td class=\"caption\">Kategorie<\/td>\n<td class=\"value\">samostatn\u00fd modul<\/td>\n<\/tr>\n<tr class=\"attribute attr_bsshop_maker\">\n<td class=\"caption\">V\u00fdrobce<\/td>\n<td class=\"value\">JOMO<\/td>\n<\/tr>\n<tr class=\"weight\">\n<td class=\"caption\"><span>Hmotnost<\/span><\/td>\n<td class=\"value\"><span>13,50 kg<\/span><\/td>\n<\/tr>\n<\/tbody>\n<\/table>\n<\/div>\n<\/div>\n<div id=\"e9424463\" class=\"tabs\">\n","protected":false},"excerpt":{"rendered":"<p>Duofix pro z\u00e1v\u011bsn\u00e9 WC &#8211; JOMO TGA 2v1 jednotliv\u00fd prvek pro z\u00e1v\u011bsn\u00e9 WC\u00a0 s podom\u00edtkov\u00fdm splachova\u010dem SLK\u00a0, s ovl\u00e1d\u00e1n\u00edm zep\u0159edu&#8211; splachovac\u00ed technika 2 mno\u017estv\u00ed&#8211; do lehk\u00fdch p\u0159\u00ed\u010dek&#8211; stavebn\u00ed v\u00fd\u0161ka 1180 mm &#8211; \u0161\u00ed\u0159e 500 mm Sada dr\u017e\u00e1k\u016f v cen\u011b.Mo\u017eno i pro mont\u00e1\u017e do rohu!!! Firma WERIT otv\u00edr\u00e1 stavebn\u00ed technikou u JOMO TGA zcela novou kapitolu [&hellip;]<\/p>\n","protected":false},"featured_media":64671,"comment_status":"open","ping_status":"open","template":"","meta":[],"product_brand":[],"product_cat":[101],"product_tag":[],"class_list":{"0":"post-64571","1":"product","2":"type-product","3":"status-publish","4":"has-post-thumbnail","6":"product_cat-vybaven-237-koupelny","8":"first","9":"instock","10":"sale","11":"shipping-taxable","12":"purchasable","13":"product-type-simple"},"yoast_head":"<!-- This site is optimized with the Yoast SEO plugin v26.8 - https:\/\/yoast.com\/product\/yoast-seo-wordpress\/ -->\n<title>Nejprod\u00e1van\u011bj\u0161\u00ed JOMO Duofix pro z\u00e1v\u011bsn\u00e9 WC do s\u00e1drokartonu -<\/title>\n<meta name=\"robots\" content=\"index, follow, max-snippet:-1, max-image-preview:large, max-video-preview:-1\" \/>\n<link rel=\"canonical\" href=\"https:\/\/www.domkraftpro.com\/index.php\/produkt\/nejprodavanejsi-jomo-duofix-pro-zavesne-wc-do-sadrokartonu-64571\/\" \/>\n<meta property=\"og:locale\" content=\"cs_CZ\" \/>\n<meta property=\"og:type\" content=\"article\" \/>\n<meta property=\"og:title\" content=\"Nejprod\u00e1van\u011bj\u0161\u00ed JOMO Duofix pro z\u00e1v\u011bsn\u00e9 WC do s\u00e1drokartonu -\" \/>\n<meta property=\"og:description\" content=\"Duofix pro z\u00e1v\u011bsn\u00e9 WC &#8211; JOMO TGA 2v1 jednotliv\u00fd prvek pro z\u00e1v\u011bsn\u00e9 WC\u00a0 s podom\u00edtkov\u00fdm splachova\u010dem SLK\u00a0, s ovl\u00e1d\u00e1n\u00edm zep\u0159edu&#8211; splachovac\u00ed technika 2 mno\u017estv\u00ed&#8211; do lehk\u00fdch p\u0159\u00ed\u010dek&#8211; stavebn\u00ed v\u00fd\u0161ka 1180 mm &#8211; \u0161\u00ed\u0159e 500 mm Sada dr\u017e\u00e1k\u016f v cen\u011b.Mo\u017eno i pro mont\u00e1\u017e do rohu!!! Firma WERIT otv\u00edr\u00e1 stavebn\u00ed technikou u JOMO TGA zcela novou kapitolu [&hellip;]\" \/>\n<meta property=\"og:url\" content=\"https:\/\/www.domkraftpro.com\/index.php\/produkt\/nejprodavanejsi-jomo-duofix-pro-zavesne-wc-do-sadrokartonu-64571\/\" \/>\n<meta property=\"og:image\" content=\"https:\/\/www.domkraftpro.com\/wp-content\/uploads\/2026\/SK0007236-CZ20260425-093449-0-1777080895-jomo-duofix-pro-zavesne-wc-do-sadrokartonu.webp\" \/>\n\t<meta property=\"og:image:width\" content=\"1000\" \/>\n\t<meta property=\"og:image:height\" content=\"525\" \/>\n\t<meta property=\"og:image:type\" content=\"image\/webp\" \/>\n<meta name=\"twitter:card\" content=\"summary_large_image\" \/>\n<meta name=\"twitter:label1\" content=\"Odhadovan\u00e1 doba \u010dten\u00ed\" \/>\n\t<meta name=\"twitter:data1\" content=\"4 minuty\" \/>\n<script type=\"application\/ld+json\" class=\"yoast-schema-graph\">{\"@context\":\"https:\/\/schema.org\",\"@graph\":[{\"@type\":\"WebPage\",\"@id\":\"https:\/\/www.domkraftpro.com\/index.php\/produkt\/nejprodavanejsi-jomo-duofix-pro-zavesne-wc-do-sadrokartonu-64571\/\",\"url\":\"https:\/\/www.domkraftpro.com\/index.php\/produkt\/nejprodavanejsi-jomo-duofix-pro-zavesne-wc-do-sadrokartonu-64571\/\",\"name\":\"Nejprod\u00e1van\u011bj\u0161\u00ed JOMO Duofix pro z\u00e1v\u011bsn\u00e9 WC do s\u00e1drokartonu -\",\"isPartOf\":{\"@id\":\"https:\/\/www.domkraftpro.com\/#website\"},\"primaryImageOfPage\":{\"@id\":\"https:\/\/www.domkraftpro.com\/index.php\/produkt\/nejprodavanejsi-jomo-duofix-pro-zavesne-wc-do-sadrokartonu-64571\/#primaryimage\"},\"image\":{\"@id\":\"https:\/\/www.domkraftpro.com\/index.php\/produkt\/nejprodavanejsi-jomo-duofix-pro-zavesne-wc-do-sadrokartonu-64571\/#primaryimage\"},\"thumbnailUrl\":\"https:\/\/www.domkraftpro.com\/wp-content\/uploads\/2026\/SK0007236-CZ20260425-093449-0-1777080895-jomo-duofix-pro-zavesne-wc-do-sadrokartonu.webp\",\"datePublished\":\"2026-04-27T04:43:20+00:00\",\"breadcrumb\":{\"@id\":\"https:\/\/www.domkraftpro.com\/index.php\/produkt\/nejprodavanejsi-jomo-duofix-pro-zavesne-wc-do-sadrokartonu-64571\/#breadcrumb\"},\"inLanguage\":\"cs\",\"potentialAction\":[{\"@type\":\"ReadAction\",\"target\":[\"https:\/\/www.domkraftpro.com\/index.php\/produkt\/nejprodavanejsi-jomo-duofix-pro-zavesne-wc-do-sadrokartonu-64571\/\"]}]},{\"@type\":\"ImageObject\",\"inLanguage\":\"cs\",\"@id\":\"https:\/\/www.domkraftpro.com\/index.php\/produkt\/nejprodavanejsi-jomo-duofix-pro-zavesne-wc-do-sadrokartonu-64571\/#primaryimage\",\"url\":\"https:\/\/www.domkraftpro.com\/wp-content\/uploads\/2026\/SK0007236-CZ20260425-093449-0-1777080895-jomo-duofix-pro-zavesne-wc-do-sadrokartonu.webp\",\"contentUrl\":\"https:\/\/www.domkraftpro.com\/wp-content\/uploads\/2026\/SK0007236-CZ20260425-093449-0-1777080895-jomo-duofix-pro-zavesne-wc-do-sadrokartonu.webp\",\"width\":1000,\"height\":525},{\"@type\":\"BreadcrumbList\",\"@id\":\"https:\/\/www.domkraftpro.com\/index.php\/produkt\/nejprodavanejsi-jomo-duofix-pro-zavesne-wc-do-sadrokartonu-64571\/#breadcrumb\",\"itemListElement\":[{\"@type\":\"ListItem\",\"position\":1,\"name\":\"Home\",\"item\":\"https:\/\/www.domkraftpro.com\/\"},{\"@type\":\"ListItem\",\"position\":2,\"name\":\"Products\",\"item\":\"https:\/\/www.domkraftpro.com\/index.php\/products\/\"},{\"@type\":\"ListItem\",\"position\":3,\"name\":\"Nejprod\u00e1van\u011bj\u0161\u00ed JOMO Duofix pro z\u00e1v\u011bsn\u00e9 WC do s\u00e1drokartonu\"}]},{\"@type\":\"WebSite\",\"@id\":\"https:\/\/www.domkraftpro.com\/#website\",\"url\":\"https:\/\/www.domkraftpro.com\/\",\"name\":\"\",\"description\":\"\",\"potentialAction\":[{\"@type\":\"SearchAction\",\"target\":{\"@type\":\"EntryPoint\",\"urlTemplate\":\"https:\/\/www.domkraftpro.com\/?s={search_term_string}\"},\"query-input\":{\"@type\":\"PropertyValueSpecification\",\"valueRequired\":true,\"valueName\":\"search_term_string\"}}],\"inLanguage\":\"cs\"}]}<\/script>\n<!-- \/ Yoast SEO plugin. -->","yoast_head_json":{"title":"Nejprod\u00e1van\u011bj\u0161\u00ed JOMO Duofix pro z\u00e1v\u011bsn\u00e9 WC do s\u00e1drokartonu -","robots":{"index":"index","follow":"follow","max-snippet":"max-snippet:-1","max-image-preview":"max-image-preview:large","max-video-preview":"max-video-preview:-1"},"canonical":"https:\/\/www.domkraftpro.com\/index.php\/produkt\/nejprodavanejsi-jomo-duofix-pro-zavesne-wc-do-sadrokartonu-64571\/","og_locale":"cs_CZ","og_type":"article","og_title":"Nejprod\u00e1van\u011bj\u0161\u00ed JOMO Duofix pro z\u00e1v\u011bsn\u00e9 WC do s\u00e1drokartonu -","og_description":"Duofix pro z\u00e1v\u011bsn\u00e9 WC &#8211; JOMO TGA 2v1 jednotliv\u00fd prvek pro z\u00e1v\u011bsn\u00e9 WC\u00a0 s podom\u00edtkov\u00fdm splachova\u010dem SLK\u00a0, s ovl\u00e1d\u00e1n\u00edm zep\u0159edu&#8211; splachovac\u00ed technika 2 mno\u017estv\u00ed&#8211; do lehk\u00fdch p\u0159\u00ed\u010dek&#8211; stavebn\u00ed v\u00fd\u0161ka 1180 mm &#8211; \u0161\u00ed\u0159e 500 mm Sada dr\u017e\u00e1k\u016f v cen\u011b.Mo\u017eno i pro mont\u00e1\u017e do rohu!!! Firma WERIT otv\u00edr\u00e1 stavebn\u00ed technikou u JOMO TGA zcela novou kapitolu [&hellip;]","og_url":"https:\/\/www.domkraftpro.com\/index.php\/produkt\/nejprodavanejsi-jomo-duofix-pro-zavesne-wc-do-sadrokartonu-64571\/","og_image":[{"width":1000,"height":525,"url":"https:\/\/www.domkraftpro.com\/wp-content\/uploads\/2026\/SK0007236-CZ20260425-093449-0-1777080895-jomo-duofix-pro-zavesne-wc-do-sadrokartonu.webp","type":"image\/webp"}],"twitter_card":"summary_large_image","twitter_misc":{"Odhadovan\u00e1 doba \u010dten\u00ed":"4 minuty"},"schema":{"@context":"https:\/\/schema.org","@graph":[{"@type":"WebPage","@id":"https:\/\/www.domkraftpro.com\/index.php\/produkt\/nejprodavanejsi-jomo-duofix-pro-zavesne-wc-do-sadrokartonu-64571\/","url":"https:\/\/www.domkraftpro.com\/index.php\/produkt\/nejprodavanejsi-jomo-duofix-pro-zavesne-wc-do-sadrokartonu-64571\/","name":"Nejprod\u00e1van\u011bj\u0161\u00ed JOMO Duofix pro z\u00e1v\u011bsn\u00e9 WC do s\u00e1drokartonu -","isPartOf":{"@id":"https:\/\/www.domkraftpro.com\/#website"},"primaryImageOfPage":{"@id":"https:\/\/www.domkraftpro.com\/index.php\/produkt\/nejprodavanejsi-jomo-duofix-pro-zavesne-wc-do-sadrokartonu-64571\/#primaryimage"},"image":{"@id":"https:\/\/www.domkraftpro.com\/index.php\/produkt\/nejprodavanejsi-jomo-duofix-pro-zavesne-wc-do-sadrokartonu-64571\/#primaryimage"},"thumbnailUrl":"https:\/\/www.domkraftpro.com\/wp-content\/uploads\/2026\/SK0007236-CZ20260425-093449-0-1777080895-jomo-duofix-pro-zavesne-wc-do-sadrokartonu.webp","datePublished":"2026-04-27T04:43:20+00:00","breadcrumb":{"@id":"https:\/\/www.domkraftpro.com\/index.php\/produkt\/nejprodavanejsi-jomo-duofix-pro-zavesne-wc-do-sadrokartonu-64571\/#breadcrumb"},"inLanguage":"cs","potentialAction":[{"@type":"ReadAction","target":["https:\/\/www.domkraftpro.com\/index.php\/produkt\/nejprodavanejsi-jomo-duofix-pro-zavesne-wc-do-sadrokartonu-64571\/"]}]},{"@type":"ImageObject","inLanguage":"cs","@id":"https:\/\/www.domkraftpro.com\/index.php\/produkt\/nejprodavanejsi-jomo-duofix-pro-zavesne-wc-do-sadrokartonu-64571\/#primaryimage","url":"https:\/\/www.domkraftpro.com\/wp-content\/uploads\/2026\/SK0007236-CZ20260425-093449-0-1777080895-jomo-duofix-pro-zavesne-wc-do-sadrokartonu.webp","contentUrl":"https:\/\/www.domkraftpro.com\/wp-content\/uploads\/2026\/SK0007236-CZ20260425-093449-0-1777080895-jomo-duofix-pro-zavesne-wc-do-sadrokartonu.webp","width":1000,"height":525},{"@type":"BreadcrumbList","@id":"https:\/\/www.domkraftpro.com\/index.php\/produkt\/nejprodavanejsi-jomo-duofix-pro-zavesne-wc-do-sadrokartonu-64571\/#breadcrumb","itemListElement":[{"@type":"ListItem","position":1,"name":"Home","item":"https:\/\/www.domkraftpro.com\/"},{"@type":"ListItem","position":2,"name":"Products","item":"https:\/\/www.domkraftpro.com\/index.php\/products\/"},{"@type":"ListItem","position":3,"name":"Nejprod\u00e1van\u011bj\u0161\u00ed JOMO Duofix pro z\u00e1v\u011bsn\u00e9 WC do s\u00e1drokartonu"}]},{"@type":"WebSite","@id":"https:\/\/www.domkraftpro.com\/#website","url":"https:\/\/www.domkraftpro.com\/","name":"","description":"","potentialAction":[{"@type":"SearchAction","target":{"@type":"EntryPoint","urlTemplate":"https:\/\/www.domkraftpro.com\/?s={search_term_string}"},"query-input":{"@type":"PropertyValueSpecification","valueRequired":true,"valueName":"search_term_string"}}],"inLanguage":"cs"}]}},"_links":{"self":[{"href":"https:\/\/www.domkraftpro.com\/index.php\/wp-json\/wp\/v2\/product\/64571","targetHints":{"allow":["GET"]}}],"collection":[{"href":"https:\/\/www.domkraftpro.com\/index.php\/wp-json\/wp\/v2\/product"}],"about":[{"href":"https:\/\/www.domkraftpro.com\/index.php\/wp-json\/wp\/v2\/types\/product"}],"replies":[{"embeddable":true,"href":"https:\/\/www.domkraftpro.com\/index.php\/wp-json\/wp\/v2\/comments?post=64571"}],"wp:featuredmedia":[{"embeddable":true,"href":"https:\/\/www.domkraftpro.com\/index.php\/wp-json\/wp\/v2\/media\/64671"}],"wp:attachment":[{"href":"https:\/\/www.domkraftpro.com\/index.php\/wp-json\/wp\/v2\/media?parent=64571"}],"wp:term":[{"taxonomy":"product_brand","embeddable":true,"href":"https:\/\/www.domkraftpro.com\/index.php\/wp-json\/wp\/v2\/product_brand?post=64571"},{"taxonomy":"product_cat","embeddable":true,"href":"https:\/\/www.domkraftpro.com\/index.php\/wp-json\/wp\/v2\/product_cat?post=64571"},{"taxonomy":"product_tag","embeddable":true,"href":"https:\/\/www.domkraftpro.com\/index.php\/wp-json\/wp\/v2\/product_tag?post=64571"}],"curies":[{"name":"wp","href":"https:\/\/api.w.org\/{rel}","templated":true}]}}