{"id":64565,"date":"2026-04-27T04:43:20","date_gmt":"2026-04-27T04:43:20","guid":{"rendered":""},"modified":"2026-04-27T04:43:20","modified_gmt":"2026-04-27T04:43:20","slug":"profi-rich-sprchovy-kout-obdelnikovy-120x-90x190-chrom-sklo-cire-akcni-cena-64565","status":"publish","type":"product","link":"https:\/\/www.domkraftpro.com\/index.php\/produkt\/profi-rich-sprchovy-kout-obdelnikovy-120x-90x190-chrom-sklo-cire-akcni-cena-64565\/","title":{"rendered":"PROFI-RICH Sprchov\u00fd kout obd\u00e9ln\u00edkov\u00fd 120x 90&#215;190 chrom &#8211; sklo &#8211; \u010dir\u00e9 Ak\u010dn\u00ed Cena"},"content":{"rendered":"<div id=\"e9422512\" class=\"pages\">\n<div>\n<div id=\"PDDescription\" class=\"UserContentView userContent v1a v1 bs-view dcon dc159 PDDescription\" ><dc-con><dc-con><bs-empty><\/bs-empty><\/dc-con><dc-con>        <\/p>\n<div class=\"customDescription\">                    <\/div>\n<p><\/dc-con><dc-con><\/p>\n<p><span style=\"color: #333333; text-transform: none; text-indent: 0px; letter-spacing: normal; font-family: Roboto, 'Helvetica Neue', Helvetica, Arial, sans-serif; font-size: 16px; font-style: normal; font-weight: 300; word-spacing: 0px; float: none; display: inline !important; white-space: normal; orphans: 2; widows: 2; background-color: #ffffff; font-variant-ligatures: normal; font-variant-caps: normal; -webkit-text-stroke-width: 0px; text-decoration-style: initial; text-decoration-color: initial;\">V\u0161echny detaily sprchov\u00e9ho koutu jsou promy\u0161len\u00e9 do v\u0161ech detail\u016f s ohledem na eleganci i budouc\u00ed \u00fadr\u017ebu. Tlou\u0161\u0165ka bezpe\u010dnostn\u00edho skla je 6 mm a je o\u0161et\u0159eno povrchovou \u00fapravou EASY CLEAN. Snadn\u00e9 zav\u0159en\u00ed a t\u011bsnost zaji\u0161\u0165uj\u00ed st\u00edrac\u00ed a silikonov\u00e9 li\u0161ty, opat\u0159en\u00e9 na vstupn\u00ed \u010d\u00e1sti magnetem, nejedn\u00e1 se v\u0161ak o hermeticky uzav\u0159en\u00fd v\u00fdrobek.<\/span><br style=\"color: #333333; text-transform: none; text-indent: 0px; letter-spacing: normal; font-family: Roboto, 'Helvetica Neue', Helvetica, Arial, sans-serif; font-size: 16px; font-style: normal; font-weight: 300; word-spacing: 0px; white-space: normal; box-sizing: border-box; orphans: 2; widows: 2; background-color: #ffffff; font-variant-ligatures: normal; font-variant-caps: normal; -webkit-text-stroke-width: 0px; text-decoration-style: initial; text-decoration-color: initial;\"><br style=\"color: #333333; text-transform: none; text-indent: 0px; letter-spacing: normal; font-family: Roboto, 'Helvetica Neue', Helvetica, Arial, sans-serif; font-size: 16px; font-style: normal; font-weight: 300; word-spacing: 0px; white-space: normal; box-sizing: border-box; orphans: 2; widows: 2; background-color: #ffffff; font-variant-ligatures: normal; font-variant-caps: normal; -webkit-text-stroke-width: 0px; text-decoration-style: initial; text-decoration-color: initial;\"><span style=\"color: #333333; text-transform: none; text-indent: 0px; letter-spacing: normal; font-family: Roboto, 'Helvetica Neue', Helvetica, Arial, sans-serif; font-size: 16px; font-style: normal; font-weight: 300; word-spacing: 0px; float: none; display: inline !important; white-space: normal; orphans: 2; widows: 2; background-color: #ffffff; font-variant-ligatures: normal; font-variant-caps: normal; -webkit-text-stroke-width: 0px; text-decoration-style: initial; text-decoration-color: initial;\">Panty jsou robustn\u00ed, ale p\u0159esto elegantn\u00ed, podobn\u011b jako masivn\u00ed vzp\u011bry na zav\u011btrov\u00e1n\u00ed. Stavitelnost pant\u016f nav\u00edc umo\u017e\u0148uje perfektn\u00ed se\u0159\u00edzen\u00ed dve\u0159\u00ed. Kvalitn\u00ed d\u00edlensk\u00e9 zpracov\u00e1n\u00ed v\u0161ech \u010d\u00e1st\u00ed sprchov\u00fdch dve\u0159\u00ed Fantasy zaru\u010duje p\u0159i spr\u00e1vn\u00e9 \u00fadr\u017eb\u011b dlouhou \u017eivotnost a spolehlivost. Stejn\u011b jako u obdobn\u00fdch v\u00fdrobk\u016f je nutn\u00e9 db\u00e1t na dokonalou stavebn\u00ed p\u0159ipravenost, tzn. dodr\u017eet kolmost st\u011bn k podlaze.<\/span><br style=\"color: #333333; text-transform: none; text-indent: 0px; letter-spacing: normal; font-family: Roboto, 'Helvetica Neue', Helvetica, Arial, sans-serif; font-size: 16px; font-style: normal; font-weight: 300; word-spacing: 0px; white-space: normal; box-sizing: border-box; orphans: 2; widows: 2; background-color: #ffffff; font-variant-ligatures: normal; font-variant-caps: normal; -webkit-text-stroke-width: 0px; text-decoration-style: initial; text-decoration-color: initial;\"><br style=\"color: #333333; text-transform: none; text-indent: 0px; letter-spacing: normal; font-family: Roboto, 'Helvetica Neue', Helvetica, Arial, sans-serif; font-size: 16px; font-style: normal; font-weight: 300; word-spacing: 0px; white-space: normal; box-sizing: border-box; orphans: 2; widows: 2; background-color: #ffffff; font-variant-ligatures: normal; font-variant-caps: normal; -webkit-text-stroke-width: 0px; text-decoration-style: initial; text-decoration-color: initial;\"><span style=\"color: #333333; text-transform: none; text-indent: 0px; letter-spacing: normal; font-family: Roboto, 'Helvetica Neue', Helvetica, Arial, sans-serif; font-size: 16px; font-style: normal; font-weight: 300; word-spacing: 0px; float: none; display: inline !important; white-space: normal; orphans: 2; widows: 2; background-color: #ffffff; font-variant-ligatures: normal; font-variant-caps: normal; -webkit-text-stroke-width: 0px; text-decoration-style: initial; text-decoration-color: initial;\">EASY CLEAN je vodoodpudiv\u00e1 ochrann\u00e1 vrstva, d\u00edky kter\u00e9 na skle nedoch\u00e1z\u00ed k usazov\u00e1n\u00ed ne\u010distot a sklo je snadno \u010distiteln\u00e9. Vrstva je odoln\u00e1 v\u016f\u010di \u010dist\u00edc\u00edm p\u0159\u00edpravk\u016fm b\u011b\u017en\u011b pou\u017e\u00edvan\u00fdm na okna a sklen\u011bn\u00e9 v\u00fdpln\u011b. Sklen\u011bnou v\u00fdpl\u0148 sprchov\u00e9ho koutu doporu\u010dujeme o\u0161et\u0159it nejm\u00e9n\u011b 4x do roka p\u0159\u00edpravkem\u00a0Anticalc.<\/span><br style=\"color: #333333; text-transform: none; text-indent: 0px; letter-spacing: normal; font-family: Roboto, 'Helvetica Neue', Helvetica, Arial, sans-serif; font-size: 16px; font-style: normal; font-weight: 300; word-spacing: 0px; white-space: normal; box-sizing: border-box; orphans: 2; widows: 2; background-color: #ffffff; font-variant-ligatures: normal; font-variant-caps: normal; -webkit-text-stroke-width: 0px; text-decoration-style: initial; text-decoration-color: initial;\"><br style=\"color: #333333; text-transform: none; text-indent: 0px; letter-spacing: normal; font-family: Roboto, 'Helvetica Neue', Helvetica, Arial, sans-serif; font-size: 16px; font-style: normal; font-weight: 300; word-spacing: 0px; white-space: normal; box-sizing: border-box; orphans: 2; widows: 2; background-color: #ffffff; font-variant-ligatures: normal; font-variant-caps: normal; -webkit-text-stroke-width: 0px; text-decoration-style: initial; text-decoration-color: initial;\"><span style=\"color: #333333; text-transform: none; text-indent: 0px; letter-spacing: normal; font-family: Roboto, 'Helvetica Neue', Helvetica, Arial, sans-serif; font-size: 16px; font-style: normal; font-weight: 300; word-spacing: 0px; float: none; display: inline !important; white-space: normal; orphans: 2; widows: 2; background-color: #ffffff; font-variant-ligatures: normal; font-variant-caps: normal; -webkit-text-stroke-width: 0px; text-decoration-style: initial; text-decoration-color: initial;\">V cen\u011b koutu nen\u00ed zahrnuta cena \u017elabu.<\/span><\/p>\n<p><strong><span style=\"color: #ff0000;\">Sou\u010d\u00e1st\u00ed sprchov\u00e9ho koutu nen\u00ed vani\u010dka, nutno objednat zvl\u00e1\u0161\u0165!<\/span><\/strong><\/p>\n<p><\/dc-con><\/dc-con><\/div>\n<div id=\"PDDescription2\" class=\"UserContentView userContent v1a v1 bs-view dcon dc160 PDDescription2\" >\n<div>Technick\u00e9 parametry<\/div>\n<div>\n<div>\n<div><span title=\"\" data-original-title=\"Fantasy\" data-placement=\"top\" data-toggle=\"tooltip\">\u00a0<\/span><\/div>\n<div>\u0160\u00ed\u0159ka:<span title=\"\" data-original-title=\"1000                ,\u00a0              1200                ,\u00a0              800                ,\u00a0              900              \u00a0mm\" data-placement=\"top\" data-toggle=\"tooltip\">\u00a0 1200 mm<\/span><\/div>\n<div>Hloubka:<span title=\"\" data-original-title=\"1000                ,\u00a0              800                ,\u00a0              900              \u00a0mm\" data-placement=\"top\" data-toggle=\"tooltip\">\u00a0 900 \u00a0mm<\/span><\/div>\n<div>D\u00e9lka (V\u00fd\u0161ka):\u00a0\u00a0 <span title=\"\" data-original-title=\"1900              \u00a0mm\" data-placement=\"top\" data-toggle=\"tooltip\">1900 \u00a0mm<\/span><\/div>\n<div>Typ:\u00a0\u00a0 <span title=\"\" data-original-title=\"Obd\u00e9ln\u00edk\" data-placement=\"top\" data-toggle=\"tooltip\">Obd\u00e9ln\u00edk<\/span><\/div>\n<div>Proveden\u00ed:\u00a0\u00a0 <span title=\"\" data-original-title=\"L\/P univerz\u00e1ln\u00ed\" data-placement=\"top\" data-toggle=\"tooltip\">L\/P univerz\u00e1ln\u00ed<\/span><\/div>\n<div>Panty:\u00a0\u00a0 <span title=\"\" data-original-title=\"Hranat\u00e9\" data-placement=\"top\" data-toggle=\"tooltip\">Hranat\u00e9<\/span><\/div>\n<\/div>\n<div>\n<div>Materi\u00e1l:\u00a0\u00a0 <span title=\"\" data-original-title=\"Hlin\u00edkov\u00e9 profily\" data-placement=\"top\" data-toggle=\"tooltip\">Hlin\u00edkov\u00e9 profily<\/span><\/div>\n<div>Sklo:\u00a0\u00a0 <span title=\"\" data-original-title=\"\u010cir\u00e9\" data-placement=\"top\" data-toggle=\"tooltip\">\u010cir\u00e9<\/span><\/div>\n<div>Sklo (pevn\u00e9\/dve\u0159e):\u00a0\u00a0 <span title=\"\" data-original-title=\" 6 mm                ,\u00a0               8\/6 mm\" data-placement=\"top\" data-toggle=\"tooltip\">6 mm\u00a0<\/span><\/div>\n<div><span title=\"\" data-original-title=\" 6 mm                ,\u00a0               8\/6 mm\" data-placement=\"top\" data-toggle=\"tooltip\">Vstupn\u00ed otvor:\u00a0\u00a0\u00a0<span title=\"\" data-original-title=\"530                ,\u00a0              600\" data-placement=\"top\" data-toggle=\"tooltip\">600\u00a0 mm<\/span><\/span><\/div>\n<div>Stavitelnost:<span title=\"\" data-original-title=\"1181-1191 x 781-791                ,\u00a0              1181-1191 x 881-891                ,\u00a0              1181-1191 x 981-991                ,\u00a0              781-791 x 881-891                ,\u00a0              781-791 x 981-991                ,\u00a0              881-891 x 781-791                ,\u00a0              881-891 x 981-991                ,\u00a0              981-991 x 781-791                ,\u00a0              981-991 x 881-891\" data-placement=\"top\" data-toggle=\"tooltip\">\u00a0 1181-1191 x 881-891 mm<\/span><\/div>\n<div>Ochrann\u00e1 vrstva skla:\u00a0 <span title=\"\" data-original-title=\"EASY CLEAN\" data-placement=\"top\" data-toggle=\"tooltip\">EASY CLEAN<\/span><\/div>\n<div>\u00a0<\/div>\n<\/div>\n<\/div>\n<\/div><\/div>\n<div id=\"PDTable3\" class=\"ProductDetailTableView v3a v3 bs-view dcon dc180 PDTable3\" >\n<table>\n<thead><\/thead>\n<tbody>\n<tr class=\"attribute attr_kategorie\">\n<td class=\"caption\">Kategorie<\/td>\n<td class=\"value\">Obd\u00e9ln\u00edkov\u00e9<\/td>\n<\/tr>\n<tr class=\"attribute attr_typskla\">\n<td class=\"caption\">Typ skla<\/td>\n<td class=\"value\">Transparent<\/td>\n<\/tr>\n<tr class=\"attribute attr_Vyska attr_1\">\n<td class=\"caption\">V\u00fd\u0161ka v mm<\/td>\n<td class=\"value\">1900<\/td>\n<\/tr>\n<tr class=\"attribute attr_bsshop_maker\">\n<td class=\"caption\">V\u00fdrobce<\/td>\n<td class=\"value\">Mereo<\/td>\n<\/tr>\n<\/tbody>\n<\/table>\n<\/div>\n<div id=\"PdProductGpsr\" class=\"ProductGpsrView v1a v1 bs-view dcon dc212 PdProductGpsr\" >\n<div class=\"subject\"><dc-root class=\"dcon dc214\"><span class=\"title\">Zodpov\u011bdn&#253; subjekt:<\/span><dc-con><dc-con><span class=\"company\">MSO Trade a.s.<\/span><span class=\"name\">MSO Trade<\/span><\/dc-con><dc-con><span class=\"street\">Svatoborsk&#225; 1431\/87c<\/span><span class=\"city\">Kyjov<\/span><span class=\"zip\">697 01<\/span><span class=\"country\">\u010cesko<\/span><\/dc-con><span class=\"email\">objednavky@msotrade.cz<\/span><span class=\"phone\">518 398 831<\/span><bs-empty><\/bs-empty><a href=\"https:\/\/www.msotrade.cz\/kontakt\/\" class=\"link\" target=\"_blank\">https:\/\/www.msotrade.cz\/kontakt\/<\/a><\/dc-con><bs-empty><\/bs-empty><\/dc-root><\/div>\n<p><bs-empty><\/bs-empty><\/div>\n<\/div>\n<div id=\"e9422513\" class=\"tabs\">\n","protected":false},"excerpt":{"rendered":"<p>V\u0161echny detaily sprchov\u00e9ho koutu jsou promy\u0161len\u00e9 do v\u0161ech detail\u016f s ohledem na eleganci i budouc\u00ed \u00fadr\u017ebu. Tlou\u0161\u0165ka bezpe\u010dnostn\u00edho skla je 6 mm a je o\u0161et\u0159eno povrchovou \u00fapravou EASY CLEAN. Snadn\u00e9 zav\u0159en\u00ed a t\u011bsnost zaji\u0161\u0165uj\u00ed st\u00edrac\u00ed a silikonov\u00e9 li\u0161ty, opat\u0159en\u00e9 na vstupn\u00ed \u010d\u00e1sti magnetem, nejedn\u00e1 se v\u0161ak o hermeticky uzav\u0159en\u00fd v\u00fdrobek.Panty jsou robustn\u00ed, ale p\u0159esto elegantn\u00ed, [&hellip;]<\/p>\n","protected":false},"featured_media":64665,"comment_status":"open","ping_status":"open","template":"","meta":[],"product_brand":[],"product_cat":[101],"product_tag":[],"class_list":{"0":"post-64565","1":"product","2":"type-product","3":"status-publish","4":"has-post-thumbnail","6":"product_cat-vybaven-237-koupelny","8":"first","9":"instock","10":"sale","11":"shipping-taxable","12":"purchasable","13":"product-type-simple"},"yoast_head":"<!-- This site is optimized with the Yoast SEO plugin v26.8 - https:\/\/yoast.com\/product\/yoast-seo-wordpress\/ -->\n<title>PROFI-RICH Sprchov\u00fd kout obd\u00e9ln\u00edkov\u00fd 120x 90x190 chrom - sklo - \u010dir\u00e9 Ak\u010dn\u00ed Cena -<\/title>\n<meta name=\"robots\" content=\"index, follow, max-snippet:-1, max-image-preview:large, max-video-preview:-1\" \/>\n<link rel=\"canonical\" href=\"https:\/\/www.domkraftpro.com\/index.php\/produkt\/profi-rich-sprchovy-kout-obdelnikovy-120x-90x190-chrom-sklo-cire-akcni-cena-64565\/\" \/>\n<meta property=\"og:locale\" content=\"cs_CZ\" \/>\n<meta property=\"og:type\" content=\"article\" \/>\n<meta property=\"og:title\" content=\"PROFI-RICH Sprchov\u00fd kout obd\u00e9ln\u00edkov\u00fd 120x 90x190 chrom - sklo - \u010dir\u00e9 Ak\u010dn\u00ed Cena -\" \/>\n<meta property=\"og:description\" content=\"V\u0161echny detaily sprchov\u00e9ho koutu jsou promy\u0161len\u00e9 do v\u0161ech detail\u016f s ohledem na eleganci i budouc\u00ed \u00fadr\u017ebu. Tlou\u0161\u0165ka bezpe\u010dnostn\u00edho skla je 6 mm a je o\u0161et\u0159eno povrchovou \u00fapravou EASY CLEAN. Snadn\u00e9 zav\u0159en\u00ed a t\u011bsnost zaji\u0161\u0165uj\u00ed st\u00edrac\u00ed a silikonov\u00e9 li\u0161ty, opat\u0159en\u00e9 na vstupn\u00ed \u010d\u00e1sti magnetem, nejedn\u00e1 se v\u0161ak o hermeticky uzav\u0159en\u00fd v\u00fdrobek.Panty jsou robustn\u00ed, ale p\u0159esto elegantn\u00ed, [&hellip;]\" \/>\n<meta property=\"og:url\" content=\"https:\/\/www.domkraftpro.com\/index.php\/produkt\/profi-rich-sprchovy-kout-obdelnikovy-120x-90x190-chrom-sklo-cire-akcni-cena-64565\/\" \/>\n<meta property=\"og:image\" content=\"https:\/\/www.domkraftpro.com\/wp-content\/uploads\/2026\/SK0007230-CZ20260425-093449-0-1777080895-profi-rich-sprchovy-kout-obdelnikovy-120x-90x190-chrom-sklo.webp\" \/>\n\t<meta property=\"og:image:width\" content=\"1000\" \/>\n\t<meta property=\"og:image:height\" content=\"525\" \/>\n\t<meta property=\"og:image:type\" content=\"image\/webp\" \/>\n<meta name=\"twitter:card\" content=\"summary_large_image\" \/>\n<meta name=\"twitter:label1\" content=\"Odhadovan\u00e1 doba \u010dten\u00ed\" \/>\n\t<meta name=\"twitter:data1\" content=\"1 minuta\" \/>\n<script type=\"application\/ld+json\" class=\"yoast-schema-graph\">{\"@context\":\"https:\/\/schema.org\",\"@graph\":[{\"@type\":\"WebPage\",\"@id\":\"https:\/\/www.domkraftpro.com\/index.php\/produkt\/profi-rich-sprchovy-kout-obdelnikovy-120x-90x190-chrom-sklo-cire-akcni-cena-64565\/\",\"url\":\"https:\/\/www.domkraftpro.com\/index.php\/produkt\/profi-rich-sprchovy-kout-obdelnikovy-120x-90x190-chrom-sklo-cire-akcni-cena-64565\/\",\"name\":\"PROFI-RICH Sprchov\u00fd kout obd\u00e9ln\u00edkov\u00fd 120x 90x190 chrom - sklo - \u010dir\u00e9 Ak\u010dn\u00ed Cena -\",\"isPartOf\":{\"@id\":\"https:\/\/www.domkraftpro.com\/#website\"},\"primaryImageOfPage\":{\"@id\":\"https:\/\/www.domkraftpro.com\/index.php\/produkt\/profi-rich-sprchovy-kout-obdelnikovy-120x-90x190-chrom-sklo-cire-akcni-cena-64565\/#primaryimage\"},\"image\":{\"@id\":\"https:\/\/www.domkraftpro.com\/index.php\/produkt\/profi-rich-sprchovy-kout-obdelnikovy-120x-90x190-chrom-sklo-cire-akcni-cena-64565\/#primaryimage\"},\"thumbnailUrl\":\"https:\/\/www.domkraftpro.com\/wp-content\/uploads\/2026\/SK0007230-CZ20260425-093449-0-1777080895-profi-rich-sprchovy-kout-obdelnikovy-120x-90x190-chrom-sklo.webp\",\"datePublished\":\"2026-04-27T04:43:20+00:00\",\"breadcrumb\":{\"@id\":\"https:\/\/www.domkraftpro.com\/index.php\/produkt\/profi-rich-sprchovy-kout-obdelnikovy-120x-90x190-chrom-sklo-cire-akcni-cena-64565\/#breadcrumb\"},\"inLanguage\":\"cs\",\"potentialAction\":[{\"@type\":\"ReadAction\",\"target\":[\"https:\/\/www.domkraftpro.com\/index.php\/produkt\/profi-rich-sprchovy-kout-obdelnikovy-120x-90x190-chrom-sklo-cire-akcni-cena-64565\/\"]}]},{\"@type\":\"ImageObject\",\"inLanguage\":\"cs\",\"@id\":\"https:\/\/www.domkraftpro.com\/index.php\/produkt\/profi-rich-sprchovy-kout-obdelnikovy-120x-90x190-chrom-sklo-cire-akcni-cena-64565\/#primaryimage\",\"url\":\"https:\/\/www.domkraftpro.com\/wp-content\/uploads\/2026\/SK0007230-CZ20260425-093449-0-1777080895-profi-rich-sprchovy-kout-obdelnikovy-120x-90x190-chrom-sklo.webp\",\"contentUrl\":\"https:\/\/www.domkraftpro.com\/wp-content\/uploads\/2026\/SK0007230-CZ20260425-093449-0-1777080895-profi-rich-sprchovy-kout-obdelnikovy-120x-90x190-chrom-sklo.webp\",\"width\":1000,\"height\":525},{\"@type\":\"BreadcrumbList\",\"@id\":\"https:\/\/www.domkraftpro.com\/index.php\/produkt\/profi-rich-sprchovy-kout-obdelnikovy-120x-90x190-chrom-sklo-cire-akcni-cena-64565\/#breadcrumb\",\"itemListElement\":[{\"@type\":\"ListItem\",\"position\":1,\"name\":\"Home\",\"item\":\"https:\/\/www.domkraftpro.com\/\"},{\"@type\":\"ListItem\",\"position\":2,\"name\":\"Products\",\"item\":\"https:\/\/www.domkraftpro.com\/index.php\/products\/\"},{\"@type\":\"ListItem\",\"position\":3,\"name\":\"PROFI-RICH Sprchov\u00fd kout obd\u00e9ln\u00edkov\u00fd 120x 90&#215;190 chrom &#8211; sklo &#8211; \u010dir\u00e9 Ak\u010dn\u00ed Cena\"}]},{\"@type\":\"WebSite\",\"@id\":\"https:\/\/www.domkraftpro.com\/#website\",\"url\":\"https:\/\/www.domkraftpro.com\/\",\"name\":\"\",\"description\":\"\",\"potentialAction\":[{\"@type\":\"SearchAction\",\"target\":{\"@type\":\"EntryPoint\",\"urlTemplate\":\"https:\/\/www.domkraftpro.com\/?s={search_term_string}\"},\"query-input\":{\"@type\":\"PropertyValueSpecification\",\"valueRequired\":true,\"valueName\":\"search_term_string\"}}],\"inLanguage\":\"cs\"}]}<\/script>\n<!-- \/ Yoast SEO plugin. -->","yoast_head_json":{"title":"PROFI-RICH Sprchov\u00fd kout obd\u00e9ln\u00edkov\u00fd 120x 90x190 chrom - sklo - \u010dir\u00e9 Ak\u010dn\u00ed Cena -","robots":{"index":"index","follow":"follow","max-snippet":"max-snippet:-1","max-image-preview":"max-image-preview:large","max-video-preview":"max-video-preview:-1"},"canonical":"https:\/\/www.domkraftpro.com\/index.php\/produkt\/profi-rich-sprchovy-kout-obdelnikovy-120x-90x190-chrom-sklo-cire-akcni-cena-64565\/","og_locale":"cs_CZ","og_type":"article","og_title":"PROFI-RICH Sprchov\u00fd kout obd\u00e9ln\u00edkov\u00fd 120x 90x190 chrom - sklo - \u010dir\u00e9 Ak\u010dn\u00ed Cena -","og_description":"V\u0161echny detaily sprchov\u00e9ho koutu jsou promy\u0161len\u00e9 do v\u0161ech detail\u016f s ohledem na eleganci i budouc\u00ed \u00fadr\u017ebu. Tlou\u0161\u0165ka bezpe\u010dnostn\u00edho skla je 6 mm a je o\u0161et\u0159eno povrchovou \u00fapravou EASY CLEAN. Snadn\u00e9 zav\u0159en\u00ed a t\u011bsnost zaji\u0161\u0165uj\u00ed st\u00edrac\u00ed a silikonov\u00e9 li\u0161ty, opat\u0159en\u00e9 na vstupn\u00ed \u010d\u00e1sti magnetem, nejedn\u00e1 se v\u0161ak o hermeticky uzav\u0159en\u00fd v\u00fdrobek.Panty jsou robustn\u00ed, ale p\u0159esto elegantn\u00ed, [&hellip;]","og_url":"https:\/\/www.domkraftpro.com\/index.php\/produkt\/profi-rich-sprchovy-kout-obdelnikovy-120x-90x190-chrom-sklo-cire-akcni-cena-64565\/","og_image":[{"width":1000,"height":525,"url":"https:\/\/www.domkraftpro.com\/wp-content\/uploads\/2026\/SK0007230-CZ20260425-093449-0-1777080895-profi-rich-sprchovy-kout-obdelnikovy-120x-90x190-chrom-sklo.webp","type":"image\/webp"}],"twitter_card":"summary_large_image","twitter_misc":{"Odhadovan\u00e1 doba \u010dten\u00ed":"1 minuta"},"schema":{"@context":"https:\/\/schema.org","@graph":[{"@type":"WebPage","@id":"https:\/\/www.domkraftpro.com\/index.php\/produkt\/profi-rich-sprchovy-kout-obdelnikovy-120x-90x190-chrom-sklo-cire-akcni-cena-64565\/","url":"https:\/\/www.domkraftpro.com\/index.php\/produkt\/profi-rich-sprchovy-kout-obdelnikovy-120x-90x190-chrom-sklo-cire-akcni-cena-64565\/","name":"PROFI-RICH Sprchov\u00fd kout obd\u00e9ln\u00edkov\u00fd 120x 90x190 chrom - sklo - \u010dir\u00e9 Ak\u010dn\u00ed Cena -","isPartOf":{"@id":"https:\/\/www.domkraftpro.com\/#website"},"primaryImageOfPage":{"@id":"https:\/\/www.domkraftpro.com\/index.php\/produkt\/profi-rich-sprchovy-kout-obdelnikovy-120x-90x190-chrom-sklo-cire-akcni-cena-64565\/#primaryimage"},"image":{"@id":"https:\/\/www.domkraftpro.com\/index.php\/produkt\/profi-rich-sprchovy-kout-obdelnikovy-120x-90x190-chrom-sklo-cire-akcni-cena-64565\/#primaryimage"},"thumbnailUrl":"https:\/\/www.domkraftpro.com\/wp-content\/uploads\/2026\/SK0007230-CZ20260425-093449-0-1777080895-profi-rich-sprchovy-kout-obdelnikovy-120x-90x190-chrom-sklo.webp","datePublished":"2026-04-27T04:43:20+00:00","breadcrumb":{"@id":"https:\/\/www.domkraftpro.com\/index.php\/produkt\/profi-rich-sprchovy-kout-obdelnikovy-120x-90x190-chrom-sklo-cire-akcni-cena-64565\/#breadcrumb"},"inLanguage":"cs","potentialAction":[{"@type":"ReadAction","target":["https:\/\/www.domkraftpro.com\/index.php\/produkt\/profi-rich-sprchovy-kout-obdelnikovy-120x-90x190-chrom-sklo-cire-akcni-cena-64565\/"]}]},{"@type":"ImageObject","inLanguage":"cs","@id":"https:\/\/www.domkraftpro.com\/index.php\/produkt\/profi-rich-sprchovy-kout-obdelnikovy-120x-90x190-chrom-sklo-cire-akcni-cena-64565\/#primaryimage","url":"https:\/\/www.domkraftpro.com\/wp-content\/uploads\/2026\/SK0007230-CZ20260425-093449-0-1777080895-profi-rich-sprchovy-kout-obdelnikovy-120x-90x190-chrom-sklo.webp","contentUrl":"https:\/\/www.domkraftpro.com\/wp-content\/uploads\/2026\/SK0007230-CZ20260425-093449-0-1777080895-profi-rich-sprchovy-kout-obdelnikovy-120x-90x190-chrom-sklo.webp","width":1000,"height":525},{"@type":"BreadcrumbList","@id":"https:\/\/www.domkraftpro.com\/index.php\/produkt\/profi-rich-sprchovy-kout-obdelnikovy-120x-90x190-chrom-sklo-cire-akcni-cena-64565\/#breadcrumb","itemListElement":[{"@type":"ListItem","position":1,"name":"Home","item":"https:\/\/www.domkraftpro.com\/"},{"@type":"ListItem","position":2,"name":"Products","item":"https:\/\/www.domkraftpro.com\/index.php\/products\/"},{"@type":"ListItem","position":3,"name":"PROFI-RICH Sprchov\u00fd kout obd\u00e9ln\u00edkov\u00fd 120x 90&#215;190 chrom &#8211; sklo &#8211; \u010dir\u00e9 Ak\u010dn\u00ed Cena"}]},{"@type":"WebSite","@id":"https:\/\/www.domkraftpro.com\/#website","url":"https:\/\/www.domkraftpro.com\/","name":"","description":"","potentialAction":[{"@type":"SearchAction","target":{"@type":"EntryPoint","urlTemplate":"https:\/\/www.domkraftpro.com\/?s={search_term_string}"},"query-input":{"@type":"PropertyValueSpecification","valueRequired":true,"valueName":"search_term_string"}}],"inLanguage":"cs"}]}},"_links":{"self":[{"href":"https:\/\/www.domkraftpro.com\/index.php\/wp-json\/wp\/v2\/product\/64565","targetHints":{"allow":["GET"]}}],"collection":[{"href":"https:\/\/www.domkraftpro.com\/index.php\/wp-json\/wp\/v2\/product"}],"about":[{"href":"https:\/\/www.domkraftpro.com\/index.php\/wp-json\/wp\/v2\/types\/product"}],"replies":[{"embeddable":true,"href":"https:\/\/www.domkraftpro.com\/index.php\/wp-json\/wp\/v2\/comments?post=64565"}],"wp:featuredmedia":[{"embeddable":true,"href":"https:\/\/www.domkraftpro.com\/index.php\/wp-json\/wp\/v2\/media\/64665"}],"wp:attachment":[{"href":"https:\/\/www.domkraftpro.com\/index.php\/wp-json\/wp\/v2\/media?parent=64565"}],"wp:term":[{"taxonomy":"product_brand","embeddable":true,"href":"https:\/\/www.domkraftpro.com\/index.php\/wp-json\/wp\/v2\/product_brand?post=64565"},{"taxonomy":"product_cat","embeddable":true,"href":"https:\/\/www.domkraftpro.com\/index.php\/wp-json\/wp\/v2\/product_cat?post=64565"},{"taxonomy":"product_tag","embeddable":true,"href":"https:\/\/www.domkraftpro.com\/index.php\/wp-json\/wp\/v2\/product_tag?post=64565"}],"curies":[{"name":"wp","href":"https:\/\/api.w.org\/{rel}","templated":true}]}}