{"id":64529,"date":"2026-04-27T04:43:20","date_gmt":"2026-04-27T04:43:20","guid":{"rendered":""},"modified":"2026-04-27T04:43:20","modified_gmt":"2026-04-27T04:43:20","slug":"honeywell-termostaticka-hlavice-pro-tuv-s-kapilarou-2m-30-70degc-m30x1-5-doprava-zdarma-64529","status":"publish","type":"product","link":"https:\/\/www.domkraftpro.com\/index.php\/produkt\/honeywell-termostaticka-hlavice-pro-tuv-s-kapilarou-2m-30-70degc-m30x1-5-doprava-zdarma-64529\/","title":{"rendered":"Honeywell termostatick\u00e1 hlavice pro TUV s kapil\u00e1rou 2m 30-70\u00b0C (M30x1,5) Doprava Zdarma"},"content":{"rendered":"<div id=\"e9399017\" class=\"pages\">\n<div>\n<div id=\"PDDescription\" class=\"UserContentView userContent v1a v1 bs-view dcon dc159 PDDescription\" ><dc-con><dc-con><bs-empty><\/bs-empty><\/dc-con><dc-con>        <\/p>\n<div class=\"customDescription\">                    <\/div>\n<p><\/dc-con><dc-con><\/p>\n<p><strong>Honeywell hlavice termostatick\u00e1 pro TUV s kapil\u00e1rou 2m<\/strong><\/p>\n<p>Rozsah teploty 20-70\u00b0C<\/p>\n<p>Honeywell hlavice termostatick\u00e1 pro TUV s kapil\u00e1rou 2m 20-70\u00b0C.Termostatick\u00e1 hlavice ur\u010den\u00e1 pro \u0159\u00edzen\u00ed oh\u0159evu tepl\u00e9 u\u017eitkov\u00e9 vody\u00a0do kombinovan\u00fdch bojler\u016f. Pou\u017e\u00edv\u00e1 se spole\u010dn\u011b s termostatick\u00fdm samot\u00ed\u017en\u00fdm ventilem. Nap\u0159.: Heimeier ventil termostatick\u00fd samot\u00ed\u017en\u00fd.<\/p>\n<p><a rel=\"noopener\" target=\"_blank\" href=\"\/\/cdn.topenilevne.cz\/data\/user-content\/produktove listy\/0027885_navod.pdf\">Zobrazit produktov\u00fd list<\/a><\/p>\n<p>K tomuto produktu <a href=\"https:\/\/www.topenilevne.cz\/jimka-k-termostaticke-hlavici-pro-tuv-s-kapilarou-honeywell-t750120-p553056\/\">doporu\u010dujeme p\u0159ikoupit J\u00edmku k termostatick\u00e9 hlavici Honeywell T750120, 105 mm, G1\/2B, vnit\u0159n\u00ed pr\u016fm\u011br 10 mm<\/a><\/p>\n<p><\/dc-con><\/dc-con><\/div>\n<\/p><\/div>\n<div id=\"PDTable3\" class=\"ProductDetailTableView v3a v3 bs-view dcon dc180 PDTable3\" >\n<table>\n<thead><\/thead>\n<tbody>\n<tr class=\"attribute attr_bsshop_maker\">\n<td class=\"caption\">V\u00fdrobce<\/td>\n<td class=\"value\">Honeywell<\/td>\n<\/tr>\n<\/tbody>\n<\/table>\n<\/div>\n<div id=\"PdProductGpsr\" class=\"ProductGpsrView v1a v1 bs-view dcon dc212 PdProductGpsr\" >\n<div class=\"subject\"><dc-root class=\"dcon dc214\"><span class=\"title\">Zodpov\u011bdn&#253; subjekt:<\/span><dc-con><dc-con><span class=\"company\">Honeywell, spol. s r.o. &#8211; HTS CZ o.z.<\/span><span class=\"name\">Honeywell<\/span><\/dc-con><dc-con><span class=\"street\">Tu\u0159anka 1387\/100<\/span><span class=\"city\">Brno<\/span><span class=\"zip\">627 00<\/span><span class=\"country\">\u010cesko<\/span><\/dc-con><bs-empty><\/bs-empty><span class=\"phone\">532 115 111<\/span><bs-empty><\/bs-empty><a href=\"https:\/\/www.honeywell.com\/cz\/en\" class=\"link\" target=\"_blank\">https:\/\/www.honeywell.com\/cz\/en<\/a><\/dc-con><bs-empty><\/bs-empty><\/dc-root><\/div>\n<p><bs-empty><\/bs-empty><\/div>\n<\/div>\n<div id=\"e9399018\" class=\"tabs\">\n","protected":false},"excerpt":{"rendered":"<p>Honeywell hlavice termostatick\u00e1 pro TUV s kapil\u00e1rou 2m Rozsah teploty 20-70\u00b0C Honeywell hlavice termostatick\u00e1 pro TUV s kapil\u00e1rou 2m 20-70\u00b0C.Termostatick\u00e1 hlavice ur\u010den\u00e1 pro \u0159\u00edzen\u00ed oh\u0159evu tepl\u00e9 u\u017eitkov\u00e9 vody\u00a0do kombinovan\u00fdch bojler\u016f. Pou\u017e\u00edv\u00e1 se spole\u010dn\u011b s termostatick\u00fdm samot\u00ed\u017en\u00fdm ventilem. Nap\u0159.: Heimeier ventil termostatick\u00fd samot\u00ed\u017en\u00fd. Zobrazit produktov\u00fd list K tomuto produktu doporu\u010dujeme p\u0159ikoupit J\u00edmku k termostatick\u00e9 hlavici Honeywell [&hellip;]<\/p>\n","protected":false},"featured_media":64629,"comment_status":"open","ping_status":"open","template":"","meta":[],"product_brand":[],"product_cat":[104],"product_tag":[],"class_list":{"0":"post-64529","1":"product","2":"type-product","3":"status-publish","4":"has-post-thumbnail","6":"product_cat-armatury","8":"first","9":"instock","10":"sale","11":"shipping-taxable","12":"purchasable","13":"product-type-simple"},"yoast_head":"<!-- This site is optimized with the Yoast SEO plugin v26.8 - https:\/\/yoast.com\/product\/yoast-seo-wordpress\/ -->\n<title>Honeywell termostatick\u00e1 hlavice pro TUV s kapil\u00e1rou 2m 30-70\u00b0C (M30x1,5) Doprava Zdarma -<\/title>\n<meta name=\"robots\" content=\"index, follow, max-snippet:-1, max-image-preview:large, max-video-preview:-1\" \/>\n<link rel=\"canonical\" href=\"https:\/\/www.domkraftpro.com\/index.php\/produkt\/honeywell-termostaticka-hlavice-pro-tuv-s-kapilarou-2m-30-70degc-m30x1-5-doprava-zdarma-64529\/\" \/>\n<meta property=\"og:locale\" content=\"cs_CZ\" \/>\n<meta property=\"og:type\" content=\"article\" \/>\n<meta property=\"og:title\" content=\"Honeywell termostatick\u00e1 hlavice pro TUV s kapil\u00e1rou 2m 30-70\u00b0C (M30x1,5) Doprava Zdarma -\" \/>\n<meta property=\"og:description\" content=\"Honeywell hlavice termostatick\u00e1 pro TUV s kapil\u00e1rou 2m Rozsah teploty 20-70\u00b0C Honeywell hlavice termostatick\u00e1 pro TUV s kapil\u00e1rou 2m 20-70\u00b0C.Termostatick\u00e1 hlavice ur\u010den\u00e1 pro \u0159\u00edzen\u00ed oh\u0159evu tepl\u00e9 u\u017eitkov\u00e9 vody\u00a0do kombinovan\u00fdch bojler\u016f. Pou\u017e\u00edv\u00e1 se spole\u010dn\u011b s termostatick\u00fdm samot\u00ed\u017en\u00fdm ventilem. Nap\u0159.: Heimeier ventil termostatick\u00fd samot\u00ed\u017en\u00fd. Zobrazit produktov\u00fd list K tomuto produktu doporu\u010dujeme p\u0159ikoupit J\u00edmku k termostatick\u00e9 hlavici Honeywell [&hellip;]\" \/>\n<meta property=\"og:url\" content=\"https:\/\/www.domkraftpro.com\/index.php\/produkt\/honeywell-termostaticka-hlavice-pro-tuv-s-kapilarou-2m-30-70degc-m30x1-5-doprava-zdarma-64529\/\" \/>\n<meta property=\"og:image\" content=\"https:\/\/www.domkraftpro.com\/wp-content\/uploads\/2026\/SK0007192-CZ20260425-093449-0-1777080895-honeywell-termostaticka-hlavice-pro-tuv-s-kapilarou-2m-30-7.webp\" \/>\n\t<meta property=\"og:image:width\" content=\"1000\" \/>\n\t<meta property=\"og:image:height\" content=\"525\" \/>\n\t<meta property=\"og:image:type\" content=\"image\/webp\" \/>\n<meta name=\"twitter:card\" content=\"summary_large_image\" \/>\n<meta name=\"twitter:label1\" content=\"Odhadovan\u00e1 doba \u010dten\u00ed\" \/>\n\t<meta name=\"twitter:data1\" content=\"1 minuta\" \/>\n<script type=\"application\/ld+json\" class=\"yoast-schema-graph\">{\"@context\":\"https:\/\/schema.org\",\"@graph\":[{\"@type\":\"WebPage\",\"@id\":\"https:\/\/www.domkraftpro.com\/index.php\/produkt\/honeywell-termostaticka-hlavice-pro-tuv-s-kapilarou-2m-30-70degc-m30x1-5-doprava-zdarma-64529\/\",\"url\":\"https:\/\/www.domkraftpro.com\/index.php\/produkt\/honeywell-termostaticka-hlavice-pro-tuv-s-kapilarou-2m-30-70degc-m30x1-5-doprava-zdarma-64529\/\",\"name\":\"Honeywell termostatick\u00e1 hlavice pro TUV s kapil\u00e1rou 2m 30-70\u00b0C (M30x1,5) Doprava Zdarma -\",\"isPartOf\":{\"@id\":\"https:\/\/www.domkraftpro.com\/#website\"},\"primaryImageOfPage\":{\"@id\":\"https:\/\/www.domkraftpro.com\/index.php\/produkt\/honeywell-termostaticka-hlavice-pro-tuv-s-kapilarou-2m-30-70degc-m30x1-5-doprava-zdarma-64529\/#primaryimage\"},\"image\":{\"@id\":\"https:\/\/www.domkraftpro.com\/index.php\/produkt\/honeywell-termostaticka-hlavice-pro-tuv-s-kapilarou-2m-30-70degc-m30x1-5-doprava-zdarma-64529\/#primaryimage\"},\"thumbnailUrl\":\"https:\/\/www.domkraftpro.com\/wp-content\/uploads\/2026\/SK0007192-CZ20260425-093449-0-1777080895-honeywell-termostaticka-hlavice-pro-tuv-s-kapilarou-2m-30-7.webp\",\"datePublished\":\"2026-04-27T04:43:20+00:00\",\"breadcrumb\":{\"@id\":\"https:\/\/www.domkraftpro.com\/index.php\/produkt\/honeywell-termostaticka-hlavice-pro-tuv-s-kapilarou-2m-30-70degc-m30x1-5-doprava-zdarma-64529\/#breadcrumb\"},\"inLanguage\":\"cs\",\"potentialAction\":[{\"@type\":\"ReadAction\",\"target\":[\"https:\/\/www.domkraftpro.com\/index.php\/produkt\/honeywell-termostaticka-hlavice-pro-tuv-s-kapilarou-2m-30-70degc-m30x1-5-doprava-zdarma-64529\/\"]}]},{\"@type\":\"ImageObject\",\"inLanguage\":\"cs\",\"@id\":\"https:\/\/www.domkraftpro.com\/index.php\/produkt\/honeywell-termostaticka-hlavice-pro-tuv-s-kapilarou-2m-30-70degc-m30x1-5-doprava-zdarma-64529\/#primaryimage\",\"url\":\"https:\/\/www.domkraftpro.com\/wp-content\/uploads\/2026\/SK0007192-CZ20260425-093449-0-1777080895-honeywell-termostaticka-hlavice-pro-tuv-s-kapilarou-2m-30-7.webp\",\"contentUrl\":\"https:\/\/www.domkraftpro.com\/wp-content\/uploads\/2026\/SK0007192-CZ20260425-093449-0-1777080895-honeywell-termostaticka-hlavice-pro-tuv-s-kapilarou-2m-30-7.webp\",\"width\":1000,\"height\":525},{\"@type\":\"BreadcrumbList\",\"@id\":\"https:\/\/www.domkraftpro.com\/index.php\/produkt\/honeywell-termostaticka-hlavice-pro-tuv-s-kapilarou-2m-30-70degc-m30x1-5-doprava-zdarma-64529\/#breadcrumb\",\"itemListElement\":[{\"@type\":\"ListItem\",\"position\":1,\"name\":\"Home\",\"item\":\"https:\/\/www.domkraftpro.com\/\"},{\"@type\":\"ListItem\",\"position\":2,\"name\":\"Products\",\"item\":\"https:\/\/www.domkraftpro.com\/index.php\/products\/\"},{\"@type\":\"ListItem\",\"position\":3,\"name\":\"Honeywell termostatick\u00e1 hlavice pro TUV s kapil\u00e1rou 2m 30-70\u00b0C (M30x1,5) Doprava Zdarma\"}]},{\"@type\":\"WebSite\",\"@id\":\"https:\/\/www.domkraftpro.com\/#website\",\"url\":\"https:\/\/www.domkraftpro.com\/\",\"name\":\"\",\"description\":\"\",\"potentialAction\":[{\"@type\":\"SearchAction\",\"target\":{\"@type\":\"EntryPoint\",\"urlTemplate\":\"https:\/\/www.domkraftpro.com\/?s={search_term_string}\"},\"query-input\":{\"@type\":\"PropertyValueSpecification\",\"valueRequired\":true,\"valueName\":\"search_term_string\"}}],\"inLanguage\":\"cs\"}]}<\/script>\n<!-- \/ Yoast SEO plugin. -->","yoast_head_json":{"title":"Honeywell termostatick\u00e1 hlavice pro TUV s kapil\u00e1rou 2m 30-70\u00b0C (M30x1,5) Doprava Zdarma -","robots":{"index":"index","follow":"follow","max-snippet":"max-snippet:-1","max-image-preview":"max-image-preview:large","max-video-preview":"max-video-preview:-1"},"canonical":"https:\/\/www.domkraftpro.com\/index.php\/produkt\/honeywell-termostaticka-hlavice-pro-tuv-s-kapilarou-2m-30-70degc-m30x1-5-doprava-zdarma-64529\/","og_locale":"cs_CZ","og_type":"article","og_title":"Honeywell termostatick\u00e1 hlavice pro TUV s kapil\u00e1rou 2m 30-70\u00b0C (M30x1,5) Doprava Zdarma -","og_description":"Honeywell hlavice termostatick\u00e1 pro TUV s kapil\u00e1rou 2m Rozsah teploty 20-70\u00b0C Honeywell hlavice termostatick\u00e1 pro TUV s kapil\u00e1rou 2m 20-70\u00b0C.Termostatick\u00e1 hlavice ur\u010den\u00e1 pro \u0159\u00edzen\u00ed oh\u0159evu tepl\u00e9 u\u017eitkov\u00e9 vody\u00a0do kombinovan\u00fdch bojler\u016f. Pou\u017e\u00edv\u00e1 se spole\u010dn\u011b s termostatick\u00fdm samot\u00ed\u017en\u00fdm ventilem. Nap\u0159.: Heimeier ventil termostatick\u00fd samot\u00ed\u017en\u00fd. Zobrazit produktov\u00fd list K tomuto produktu doporu\u010dujeme p\u0159ikoupit J\u00edmku k termostatick\u00e9 hlavici Honeywell [&hellip;]","og_url":"https:\/\/www.domkraftpro.com\/index.php\/produkt\/honeywell-termostaticka-hlavice-pro-tuv-s-kapilarou-2m-30-70degc-m30x1-5-doprava-zdarma-64529\/","og_image":[{"width":1000,"height":525,"url":"https:\/\/www.domkraftpro.com\/wp-content\/uploads\/2026\/SK0007192-CZ20260425-093449-0-1777080895-honeywell-termostaticka-hlavice-pro-tuv-s-kapilarou-2m-30-7.webp","type":"image\/webp"}],"twitter_card":"summary_large_image","twitter_misc":{"Odhadovan\u00e1 doba \u010dten\u00ed":"1 minuta"},"schema":{"@context":"https:\/\/schema.org","@graph":[{"@type":"WebPage","@id":"https:\/\/www.domkraftpro.com\/index.php\/produkt\/honeywell-termostaticka-hlavice-pro-tuv-s-kapilarou-2m-30-70degc-m30x1-5-doprava-zdarma-64529\/","url":"https:\/\/www.domkraftpro.com\/index.php\/produkt\/honeywell-termostaticka-hlavice-pro-tuv-s-kapilarou-2m-30-70degc-m30x1-5-doprava-zdarma-64529\/","name":"Honeywell termostatick\u00e1 hlavice pro TUV s kapil\u00e1rou 2m 30-70\u00b0C (M30x1,5) Doprava Zdarma -","isPartOf":{"@id":"https:\/\/www.domkraftpro.com\/#website"},"primaryImageOfPage":{"@id":"https:\/\/www.domkraftpro.com\/index.php\/produkt\/honeywell-termostaticka-hlavice-pro-tuv-s-kapilarou-2m-30-70degc-m30x1-5-doprava-zdarma-64529\/#primaryimage"},"image":{"@id":"https:\/\/www.domkraftpro.com\/index.php\/produkt\/honeywell-termostaticka-hlavice-pro-tuv-s-kapilarou-2m-30-70degc-m30x1-5-doprava-zdarma-64529\/#primaryimage"},"thumbnailUrl":"https:\/\/www.domkraftpro.com\/wp-content\/uploads\/2026\/SK0007192-CZ20260425-093449-0-1777080895-honeywell-termostaticka-hlavice-pro-tuv-s-kapilarou-2m-30-7.webp","datePublished":"2026-04-27T04:43:20+00:00","breadcrumb":{"@id":"https:\/\/www.domkraftpro.com\/index.php\/produkt\/honeywell-termostaticka-hlavice-pro-tuv-s-kapilarou-2m-30-70degc-m30x1-5-doprava-zdarma-64529\/#breadcrumb"},"inLanguage":"cs","potentialAction":[{"@type":"ReadAction","target":["https:\/\/www.domkraftpro.com\/index.php\/produkt\/honeywell-termostaticka-hlavice-pro-tuv-s-kapilarou-2m-30-70degc-m30x1-5-doprava-zdarma-64529\/"]}]},{"@type":"ImageObject","inLanguage":"cs","@id":"https:\/\/www.domkraftpro.com\/index.php\/produkt\/honeywell-termostaticka-hlavice-pro-tuv-s-kapilarou-2m-30-70degc-m30x1-5-doprava-zdarma-64529\/#primaryimage","url":"https:\/\/www.domkraftpro.com\/wp-content\/uploads\/2026\/SK0007192-CZ20260425-093449-0-1777080895-honeywell-termostaticka-hlavice-pro-tuv-s-kapilarou-2m-30-7.webp","contentUrl":"https:\/\/www.domkraftpro.com\/wp-content\/uploads\/2026\/SK0007192-CZ20260425-093449-0-1777080895-honeywell-termostaticka-hlavice-pro-tuv-s-kapilarou-2m-30-7.webp","width":1000,"height":525},{"@type":"BreadcrumbList","@id":"https:\/\/www.domkraftpro.com\/index.php\/produkt\/honeywell-termostaticka-hlavice-pro-tuv-s-kapilarou-2m-30-70degc-m30x1-5-doprava-zdarma-64529\/#breadcrumb","itemListElement":[{"@type":"ListItem","position":1,"name":"Home","item":"https:\/\/www.domkraftpro.com\/"},{"@type":"ListItem","position":2,"name":"Products","item":"https:\/\/www.domkraftpro.com\/index.php\/products\/"},{"@type":"ListItem","position":3,"name":"Honeywell termostatick\u00e1 hlavice pro TUV s kapil\u00e1rou 2m 30-70\u00b0C (M30x1,5) Doprava Zdarma"}]},{"@type":"WebSite","@id":"https:\/\/www.domkraftpro.com\/#website","url":"https:\/\/www.domkraftpro.com\/","name":"","description":"","potentialAction":[{"@type":"SearchAction","target":{"@type":"EntryPoint","urlTemplate":"https:\/\/www.domkraftpro.com\/?s={search_term_string}"},"query-input":{"@type":"PropertyValueSpecification","valueRequired":true,"valueName":"search_term_string"}}],"inLanguage":"cs"}]}},"_links":{"self":[{"href":"https:\/\/www.domkraftpro.com\/index.php\/wp-json\/wp\/v2\/product\/64529","targetHints":{"allow":["GET"]}}],"collection":[{"href":"https:\/\/www.domkraftpro.com\/index.php\/wp-json\/wp\/v2\/product"}],"about":[{"href":"https:\/\/www.domkraftpro.com\/index.php\/wp-json\/wp\/v2\/types\/product"}],"replies":[{"embeddable":true,"href":"https:\/\/www.domkraftpro.com\/index.php\/wp-json\/wp\/v2\/comments?post=64529"}],"wp:featuredmedia":[{"embeddable":true,"href":"https:\/\/www.domkraftpro.com\/index.php\/wp-json\/wp\/v2\/media\/64629"}],"wp:attachment":[{"href":"https:\/\/www.domkraftpro.com\/index.php\/wp-json\/wp\/v2\/media?parent=64529"}],"wp:term":[{"taxonomy":"product_brand","embeddable":true,"href":"https:\/\/www.domkraftpro.com\/index.php\/wp-json\/wp\/v2\/product_brand?post=64529"},{"taxonomy":"product_cat","embeddable":true,"href":"https:\/\/www.domkraftpro.com\/index.php\/wp-json\/wp\/v2\/product_cat?post=64529"},{"taxonomy":"product_tag","embeddable":true,"href":"https:\/\/www.domkraftpro.com\/index.php\/wp-json\/wp\/v2\/product_tag?post=64529"}],"curies":[{"name":"wp","href":"https:\/\/api.w.org\/{rel}","templated":true}]}}