{"id":64491,"date":"2026-04-27T04:43:20","date_gmt":"2026-04-27T04:43:20","guid":{"rendered":""},"modified":"2026-04-27T04:43:20","modified_gmt":"2026-04-27T04:43:20","slug":"zlevneny-varna-redukce-dn-32-x-dn-20-42-4-x-26-9-64491","status":"publish","type":"product","link":"https:\/\/www.domkraftpro.com\/produkt\/zlevneny-varna-redukce-dn-32-x-dn-20-42-4-x-26-9-64491\/","title":{"rendered":"Zlevn\u011bn\u00fd Varn\u00e1 redukce DN 32 x DN 20 &#8211; 42,4 x 26,9"},"content":{"rendered":"<div id=\"e20939020\" class=\"pages\">\n<div>\n<div id=\"PDDescription\" class=\"UserContentView userContent v1a v1 bs-view dcon dc159 PDDescription\" ><dc-con><dc-con><bs-empty><\/bs-empty><\/dc-con><dc-con>        <\/p>\n<div class=\"customDescription\">                    <\/div>\n<p><\/dc-con><dc-con><\/p>\n<p><strong>P\u0159\u00edm\u00e9<\/strong><\/p>\n<p>Potrubn\u00ed tvarovka z uhl\u00edkov\u00e9 oceli ur\u010den\u00e1 pro spojov\u00e1n\u00ed p\u0159iva\u0159en\u00edm tup\u00fdm svarem. <br \/>Druh &#8211; redukce koncentrick\u00e1 (souos\u00e1), tvar 1. Dod\u00e1vaj\u00ed se v \u010dern\u00e9m stavu opat\u0159en\u00e9 tenkou vrstvou konzerva\u010dn\u00edho oleje.<br \/>Vyrobeno podle normy EN 10253-1.<\/p>\n<p><strong>Pou\u017eit\u00ed:<\/strong> <br \/>Tvarovky se pou\u017e\u00edvaj\u00ed pro p\u0159epravu tekutin a plyn\u016f (u\u017eitkov\u00e1 voda, vzduch, zemn\u00ed plyn, propan, butan, sm\u011bs propan-butan, neabrazivn\u00ed a neagresivn\u00ed tekutiny)<\/p>\n<p><strong>Pracovn\u00ed parametry:<\/strong><br \/>Maxim\u00e1ln\u00ed provozn\u00ed tlak 2,0 Mpa p\u0159i teplot\u011b od -20\u00b0C do +120\u00b0C, p\u0159epravovan\u00e1 l\u00e1tka nesm\u00ed zamrznout<\/p>\n<p><\/dc-con><\/dc-con><\/div>\n<\/p><\/div>\n<div id=\"PDTable3\" class=\"ProductDetailTableView v3a v3 bs-view dcon dc180 PDTable3\" >\n<table>\n<thead><\/thead>\n<tbody>\n<tr class=\"attribute attr_typ\">\n<td class=\"caption\">Typ<\/td>\n<td class=\"value\">Redukce varn\u00e9 &#8211; p\u0159iva\u0159ovac\u00ed<\/td>\n<\/tr>\n<tr class=\"attribute attr_material\">\n<td class=\"caption\">Materi\u00e1l<\/td>\n<td class=\"value\">Fitinky varn\u00e9<\/td>\n<\/tr>\n<tr class=\"attribute attr_rozmervarnych\">\n<td class=\"caption\">Rozm\u011br p\u0159iva\u0159ovac\u00edch tvarovek<\/td>\n<td class=\"value\">DN 20 &#8211; 3\/4&#8243; &#8211; 26,9 mm, DN 32 &#8211; 5\/4&#8243; &#8211; 42,4 mm<\/td>\n<\/tr>\n<tr class=\"attribute attr_bsshop_maker\">\n<td class=\"caption\">V\u00fdrobce<\/td>\n<td class=\"value\">EU<\/td>\n<\/tr>\n<\/tbody>\n<\/table>\n<\/div>\n<\/div>\n<div id=\"e20939021\" class=\"tabs\">\n","protected":false},"excerpt":{"rendered":"<p>P\u0159\u00edm\u00e9 Potrubn\u00ed tvarovka z uhl\u00edkov\u00e9 oceli ur\u010den\u00e1 pro spojov\u00e1n\u00ed p\u0159iva\u0159en\u00edm tup\u00fdm svarem. Druh &#8211; redukce koncentrick\u00e1 (souos\u00e1), tvar 1. Dod\u00e1vaj\u00ed se v \u010dern\u00e9m stavu opat\u0159en\u00e9 tenkou vrstvou konzerva\u010dn\u00edho oleje.Vyrobeno podle normy EN 10253-1. Pou\u017eit\u00ed: Tvarovky se pou\u017e\u00edvaj\u00ed pro p\u0159epravu tekutin a plyn\u016f (u\u017eitkov\u00e1 voda, vzduch, zemn\u00ed plyn, propan, butan, sm\u011bs propan-butan, neabrazivn\u00ed a neagresivn\u00ed tekutiny) [&hellip;]<\/p>\n","protected":false},"featured_media":64591,"template":"","meta":[],"product_brand":[],"product_cat":[100],"product_tag":[],"class_list":{"0":"post-64491","1":"product","2":"type-product","3":"status-publish","4":"has-post-thumbnail","6":"product_cat-tvarovky-fitinky","8":"first","9":"instock","10":"sale","11":"shipping-taxable","12":"purchasable","13":"product-type-simple"},"yoast_head":"<!-- This site is optimized with the Yoast SEO plugin v26.8 - https:\/\/yoast.com\/product\/yoast-seo-wordpress\/ -->\n<title>Zlevn\u011bn\u00fd Varn\u00e1 redukce DN 32 x DN 20 - 42,4 x 26,9 - Koupelna &amp; N\u00e1\u0159ad\u00ed &amp; Osv\u011btlen\u00ed a Stavebn\u00ed pot\u0159by<\/title>\n<meta name=\"robots\" content=\"index, follow, max-snippet:-1, max-image-preview:large, max-video-preview:-1\" \/>\n<link rel=\"canonical\" href=\"https:\/\/www.domkraftpro.com\/index.php\/produkt\/zlevneny-varna-redukce-dn-32-x-dn-20-42-4-x-26-9-64491\/\" \/>\n<meta property=\"og:locale\" content=\"cs_CZ\" \/>\n<meta property=\"og:type\" content=\"article\" \/>\n<meta property=\"og:title\" content=\"Zlevn\u011bn\u00fd Varn\u00e1 redukce DN 32 x DN 20 - 42,4 x 26,9 - Koupelna &amp; N\u00e1\u0159ad\u00ed &amp; Osv\u011btlen\u00ed a Stavebn\u00ed pot\u0159by\" \/>\n<meta property=\"og:description\" content=\"P\u0159\u00edm\u00e9 Potrubn\u00ed tvarovka z uhl\u00edkov\u00e9 oceli ur\u010den\u00e1 pro spojov\u00e1n\u00ed p\u0159iva\u0159en\u00edm tup\u00fdm svarem. Druh &#8211; redukce koncentrick\u00e1 (souos\u00e1), tvar 1. Dod\u00e1vaj\u00ed se v \u010dern\u00e9m stavu opat\u0159en\u00e9 tenkou vrstvou konzerva\u010dn\u00edho oleje.Vyrobeno podle normy EN 10253-1. Pou\u017eit\u00ed: Tvarovky se pou\u017e\u00edvaj\u00ed pro p\u0159epravu tekutin a plyn\u016f (u\u017eitkov\u00e1 voda, vzduch, zemn\u00ed plyn, propan, butan, sm\u011bs propan-butan, neabrazivn\u00ed a neagresivn\u00ed tekutiny) [&hellip;]\" \/>\n<meta property=\"og:url\" content=\"https:\/\/www.domkraftpro.com\/index.php\/produkt\/zlevneny-varna-redukce-dn-32-x-dn-20-42-4-x-26-9-64491\/\" \/>\n<meta property=\"og:site_name\" content=\"Koupelna &amp; N\u00e1\u0159ad\u00ed &amp; Osv\u011btlen\u00ed a Stavebn\u00ed pot\u0159by\" \/>\n<meta property=\"og:image\" content=\"https:\/\/www.domkraftpro.com\/wp-content\/uploads\/2026\/SK0007154-CZ20260425-093449-0-1777080895-varna-redukce-dn-32-x-dn-20-42-4-x-26-9.webp\" \/>\n\t<meta property=\"og:image:width\" content=\"1000\" \/>\n\t<meta property=\"og:image:height\" content=\"525\" \/>\n\t<meta property=\"og:image:type\" content=\"image\/webp\" \/>\n<meta name=\"twitter:card\" content=\"summary_large_image\" \/>\n<meta name=\"twitter:label1\" content=\"Odhadovan\u00e1 doba \u010dten\u00ed\" \/>\n\t<meta name=\"twitter:data1\" content=\"1 minuta\" \/>\n<script type=\"application\/ld+json\" class=\"yoast-schema-graph\">{\"@context\":\"https:\/\/schema.org\",\"@graph\":[{\"@type\":\"WebPage\",\"@id\":\"https:\/\/www.domkraftpro.com\/index.php\/produkt\/zlevneny-varna-redukce-dn-32-x-dn-20-42-4-x-26-9-64491\/\",\"url\":\"https:\/\/www.domkraftpro.com\/index.php\/produkt\/zlevneny-varna-redukce-dn-32-x-dn-20-42-4-x-26-9-64491\/\",\"name\":\"Zlevn\u011bn\u00fd Varn\u00e1 redukce DN 32 x DN 20 - 42,4 x 26,9 - Koupelna &amp; N\u00e1\u0159ad\u00ed &amp; Osv\u011btlen\u00ed a Stavebn\u00ed pot\u0159by\",\"isPartOf\":{\"@id\":\"https:\/\/www.domkraftpro.com\/#website\"},\"primaryImageOfPage\":{\"@id\":\"https:\/\/www.domkraftpro.com\/index.php\/produkt\/zlevneny-varna-redukce-dn-32-x-dn-20-42-4-x-26-9-64491\/#primaryimage\"},\"image\":{\"@id\":\"https:\/\/www.domkraftpro.com\/index.php\/produkt\/zlevneny-varna-redukce-dn-32-x-dn-20-42-4-x-26-9-64491\/#primaryimage\"},\"thumbnailUrl\":\"https:\/\/www.domkraftpro.com\/wp-content\/uploads\/2026\/SK0007154-CZ20260425-093449-0-1777080895-varna-redukce-dn-32-x-dn-20-42-4-x-26-9.webp\",\"datePublished\":\"2026-04-27T04:43:20+00:00\",\"breadcrumb\":{\"@id\":\"https:\/\/www.domkraftpro.com\/index.php\/produkt\/zlevneny-varna-redukce-dn-32-x-dn-20-42-4-x-26-9-64491\/#breadcrumb\"},\"inLanguage\":\"cs\",\"potentialAction\":[{\"@type\":\"ReadAction\",\"target\":[\"https:\/\/www.domkraftpro.com\/index.php\/produkt\/zlevneny-varna-redukce-dn-32-x-dn-20-42-4-x-26-9-64491\/\"]}]},{\"@type\":\"ImageObject\",\"inLanguage\":\"cs\",\"@id\":\"https:\/\/www.domkraftpro.com\/index.php\/produkt\/zlevneny-varna-redukce-dn-32-x-dn-20-42-4-x-26-9-64491\/#primaryimage\",\"url\":\"https:\/\/www.domkraftpro.com\/wp-content\/uploads\/2026\/SK0007154-CZ20260425-093449-0-1777080895-varna-redukce-dn-32-x-dn-20-42-4-x-26-9.webp\",\"contentUrl\":\"https:\/\/www.domkraftpro.com\/wp-content\/uploads\/2026\/SK0007154-CZ20260425-093449-0-1777080895-varna-redukce-dn-32-x-dn-20-42-4-x-26-9.webp\",\"width\":1000,\"height\":525},{\"@type\":\"BreadcrumbList\",\"@id\":\"https:\/\/www.domkraftpro.com\/index.php\/produkt\/zlevneny-varna-redukce-dn-32-x-dn-20-42-4-x-26-9-64491\/#breadcrumb\",\"itemListElement\":[{\"@type\":\"ListItem\",\"position\":1,\"name\":\"Home\",\"item\":\"https:\/\/www.domkraftpro.com\/\"},{\"@type\":\"ListItem\",\"position\":2,\"name\":\"Products\",\"item\":\"https:\/\/www.domkraftpro.com\/products\/\"},{\"@type\":\"ListItem\",\"position\":3,\"name\":\"Zlevn\u011bn\u00fd Varn\u00e1 redukce DN 32 x DN 20 &#8211; 42,4 x 26,9\"}]},{\"@type\":\"WebSite\",\"@id\":\"https:\/\/www.domkraftpro.com\/#website\",\"url\":\"https:\/\/www.domkraftpro.com\/\",\"name\":\"Koupelna &amp; N\u00e1\u0159ad\u00ed &amp; Osv\u011btlen\u00ed a Stavebn\u00ed pot\u0159by\",\"description\":\"Koupelna &amp; N\u00e1\u0159ad\u00ed &amp; Osv\u011btlen\u00ed a Stavebn\u00ed pot\u0159by\",\"publisher\":{\"@id\":\"https:\/\/www.domkraftpro.com\/#organization\"},\"potentialAction\":[{\"@type\":\"SearchAction\",\"target\":{\"@type\":\"EntryPoint\",\"urlTemplate\":\"https:\/\/www.domkraftpro.com\/?s={search_term_string}\"},\"query-input\":{\"@type\":\"PropertyValueSpecification\",\"valueRequired\":true,\"valueName\":\"search_term_string\"}}],\"inLanguage\":\"cs\"},{\"@type\":\"Organization\",\"@id\":\"https:\/\/www.domkraftpro.com\/#organization\",\"name\":\"Koupelna &amp; N\u00e1\u0159ad\u00ed &amp; Osv\u011btlen\u00ed a Stavebn\u00ed pot\u0159by\",\"url\":\"https:\/\/www.domkraftpro.com\/\",\"logo\":{\"@type\":\"ImageObject\",\"inLanguage\":\"cs\",\"@id\":\"https:\/\/www.domkraftpro.com\/#\/schema\/logo\/image\/\",\"url\":\"https:\/\/www.domkraftpro.com\/wp-content\/uploads\/2026\/04\/domkraftpro_logo.svg\",\"contentUrl\":\"https:\/\/www.domkraftpro.com\/wp-content\/uploads\/2026\/04\/domkraftpro_logo.svg\",\"width\":760,\"height\":180,\"caption\":\"Koupelna &amp; N\u00e1\u0159ad\u00ed &amp; Osv\u011btlen\u00ed a Stavebn\u00ed pot\u0159by\"},\"image\":{\"@id\":\"https:\/\/www.domkraftpro.com\/#\/schema\/logo\/image\/\"}}]}<\/script>\n<!-- \/ Yoast SEO plugin. -->","yoast_head_json":{"title":"Zlevn\u011bn\u00fd Varn\u00e1 redukce DN 32 x DN 20 - 42,4 x 26,9 - Koupelna &amp; N\u00e1\u0159ad\u00ed &amp; Osv\u011btlen\u00ed a Stavebn\u00ed pot\u0159by","robots":{"index":"index","follow":"follow","max-snippet":"max-snippet:-1","max-image-preview":"max-image-preview:large","max-video-preview":"max-video-preview:-1"},"canonical":"https:\/\/www.domkraftpro.com\/index.php\/produkt\/zlevneny-varna-redukce-dn-32-x-dn-20-42-4-x-26-9-64491\/","og_locale":"cs_CZ","og_type":"article","og_title":"Zlevn\u011bn\u00fd Varn\u00e1 redukce DN 32 x DN 20 - 42,4 x 26,9 - Koupelna &amp; N\u00e1\u0159ad\u00ed &amp; Osv\u011btlen\u00ed a Stavebn\u00ed pot\u0159by","og_description":"P\u0159\u00edm\u00e9 Potrubn\u00ed tvarovka z uhl\u00edkov\u00e9 oceli ur\u010den\u00e1 pro spojov\u00e1n\u00ed p\u0159iva\u0159en\u00edm tup\u00fdm svarem. Druh &#8211; redukce koncentrick\u00e1 (souos\u00e1), tvar 1. Dod\u00e1vaj\u00ed se v \u010dern\u00e9m stavu opat\u0159en\u00e9 tenkou vrstvou konzerva\u010dn\u00edho oleje.Vyrobeno podle normy EN 10253-1. Pou\u017eit\u00ed: Tvarovky se pou\u017e\u00edvaj\u00ed pro p\u0159epravu tekutin a plyn\u016f (u\u017eitkov\u00e1 voda, vzduch, zemn\u00ed plyn, propan, butan, sm\u011bs propan-butan, neabrazivn\u00ed a neagresivn\u00ed tekutiny) [&hellip;]","og_url":"https:\/\/www.domkraftpro.com\/index.php\/produkt\/zlevneny-varna-redukce-dn-32-x-dn-20-42-4-x-26-9-64491\/","og_site_name":"Koupelna &amp; N\u00e1\u0159ad\u00ed &amp; Osv\u011btlen\u00ed a Stavebn\u00ed pot\u0159by","og_image":[{"width":1000,"height":525,"url":"https:\/\/www.domkraftpro.com\/wp-content\/uploads\/2026\/SK0007154-CZ20260425-093449-0-1777080895-varna-redukce-dn-32-x-dn-20-42-4-x-26-9.webp","type":"image\/webp"}],"twitter_card":"summary_large_image","twitter_misc":{"Odhadovan\u00e1 doba \u010dten\u00ed":"1 minuta"},"schema":{"@context":"https:\/\/schema.org","@graph":[{"@type":"WebPage","@id":"https:\/\/www.domkraftpro.com\/index.php\/produkt\/zlevneny-varna-redukce-dn-32-x-dn-20-42-4-x-26-9-64491\/","url":"https:\/\/www.domkraftpro.com\/index.php\/produkt\/zlevneny-varna-redukce-dn-32-x-dn-20-42-4-x-26-9-64491\/","name":"Zlevn\u011bn\u00fd Varn\u00e1 redukce DN 32 x DN 20 - 42,4 x 26,9 - Koupelna &amp; N\u00e1\u0159ad\u00ed &amp; Osv\u011btlen\u00ed a Stavebn\u00ed pot\u0159by","isPartOf":{"@id":"https:\/\/www.domkraftpro.com\/#website"},"primaryImageOfPage":{"@id":"https:\/\/www.domkraftpro.com\/index.php\/produkt\/zlevneny-varna-redukce-dn-32-x-dn-20-42-4-x-26-9-64491\/#primaryimage"},"image":{"@id":"https:\/\/www.domkraftpro.com\/index.php\/produkt\/zlevneny-varna-redukce-dn-32-x-dn-20-42-4-x-26-9-64491\/#primaryimage"},"thumbnailUrl":"https:\/\/www.domkraftpro.com\/wp-content\/uploads\/2026\/SK0007154-CZ20260425-093449-0-1777080895-varna-redukce-dn-32-x-dn-20-42-4-x-26-9.webp","datePublished":"2026-04-27T04:43:20+00:00","breadcrumb":{"@id":"https:\/\/www.domkraftpro.com\/index.php\/produkt\/zlevneny-varna-redukce-dn-32-x-dn-20-42-4-x-26-9-64491\/#breadcrumb"},"inLanguage":"cs","potentialAction":[{"@type":"ReadAction","target":["https:\/\/www.domkraftpro.com\/index.php\/produkt\/zlevneny-varna-redukce-dn-32-x-dn-20-42-4-x-26-9-64491\/"]}]},{"@type":"ImageObject","inLanguage":"cs","@id":"https:\/\/www.domkraftpro.com\/index.php\/produkt\/zlevneny-varna-redukce-dn-32-x-dn-20-42-4-x-26-9-64491\/#primaryimage","url":"https:\/\/www.domkraftpro.com\/wp-content\/uploads\/2026\/SK0007154-CZ20260425-093449-0-1777080895-varna-redukce-dn-32-x-dn-20-42-4-x-26-9.webp","contentUrl":"https:\/\/www.domkraftpro.com\/wp-content\/uploads\/2026\/SK0007154-CZ20260425-093449-0-1777080895-varna-redukce-dn-32-x-dn-20-42-4-x-26-9.webp","width":1000,"height":525},{"@type":"BreadcrumbList","@id":"https:\/\/www.domkraftpro.com\/index.php\/produkt\/zlevneny-varna-redukce-dn-32-x-dn-20-42-4-x-26-9-64491\/#breadcrumb","itemListElement":[{"@type":"ListItem","position":1,"name":"Home","item":"https:\/\/www.domkraftpro.com\/"},{"@type":"ListItem","position":2,"name":"Products","item":"https:\/\/www.domkraftpro.com\/products\/"},{"@type":"ListItem","position":3,"name":"Zlevn\u011bn\u00fd Varn\u00e1 redukce DN 32 x DN 20 &#8211; 42,4 x 26,9"}]},{"@type":"WebSite","@id":"https:\/\/www.domkraftpro.com\/#website","url":"https:\/\/www.domkraftpro.com\/","name":"Koupelna &amp; N\u00e1\u0159ad\u00ed &amp; Osv\u011btlen\u00ed a Stavebn\u00ed pot\u0159by","description":"Koupelna &amp; N\u00e1\u0159ad\u00ed &amp; Osv\u011btlen\u00ed a Stavebn\u00ed pot\u0159by","publisher":{"@id":"https:\/\/www.domkraftpro.com\/#organization"},"potentialAction":[{"@type":"SearchAction","target":{"@type":"EntryPoint","urlTemplate":"https:\/\/www.domkraftpro.com\/?s={search_term_string}"},"query-input":{"@type":"PropertyValueSpecification","valueRequired":true,"valueName":"search_term_string"}}],"inLanguage":"cs"},{"@type":"Organization","@id":"https:\/\/www.domkraftpro.com\/#organization","name":"Koupelna &amp; N\u00e1\u0159ad\u00ed &amp; Osv\u011btlen\u00ed a Stavebn\u00ed pot\u0159by","url":"https:\/\/www.domkraftpro.com\/","logo":{"@type":"ImageObject","inLanguage":"cs","@id":"https:\/\/www.domkraftpro.com\/#\/schema\/logo\/image\/","url":"https:\/\/www.domkraftpro.com\/wp-content\/uploads\/2026\/04\/domkraftpro_logo.svg","contentUrl":"https:\/\/www.domkraftpro.com\/wp-content\/uploads\/2026\/04\/domkraftpro_logo.svg","width":760,"height":180,"caption":"Koupelna &amp; N\u00e1\u0159ad\u00ed &amp; Osv\u011btlen\u00ed a Stavebn\u00ed pot\u0159by"},"image":{"@id":"https:\/\/www.domkraftpro.com\/#\/schema\/logo\/image\/"}}]}},"_links":{"self":[{"href":"https:\/\/www.domkraftpro.com\/wp-json\/wp\/v2\/product\/64491","targetHints":{"allow":["GET"]}}],"collection":[{"href":"https:\/\/www.domkraftpro.com\/wp-json\/wp\/v2\/product"}],"about":[{"href":"https:\/\/www.domkraftpro.com\/wp-json\/wp\/v2\/types\/product"}],"wp:featuredmedia":[{"embeddable":true,"href":"https:\/\/www.domkraftpro.com\/wp-json\/wp\/v2\/media\/64591"}],"wp:attachment":[{"href":"https:\/\/www.domkraftpro.com\/wp-json\/wp\/v2\/media?parent=64491"}],"wp:term":[{"taxonomy":"product_brand","embeddable":true,"href":"https:\/\/www.domkraftpro.com\/wp-json\/wp\/v2\/product_brand?post=64491"},{"taxonomy":"product_cat","embeddable":true,"href":"https:\/\/www.domkraftpro.com\/wp-json\/wp\/v2\/product_cat?post=64491"},{"taxonomy":"product_tag","embeddable":true,"href":"https:\/\/www.domkraftpro.com\/wp-json\/wp\/v2\/product_tag?post=64491"}],"curies":[{"name":"wp","href":"https:\/\/api.w.org\/{rel}","templated":true}]}}