{"id":64293,"date":"2026-04-27T04:43:20","date_gmt":"2026-04-27T04:43:20","guid":{"rendered":""},"modified":"2026-04-27T04:43:20","modified_gmt":"2026-04-27T04:43:20","slug":"cerna-vsuvka-redukovana-245r-6-4-quot-x1-quot-novinka-64293","status":"publish","type":"product","link":"https:\/\/www.domkraftpro.com\/index.php\/produkt\/cerna-vsuvka-redukovana-245r-6-4-quot-x1-quot-novinka-64293\/","title":{"rendered":"\u010cern\u00e1 vsuvka redukovan\u00e1 245R &#8211;  6\/4&quot;x1&quot; Novinka"},"content":{"rendered":"<div id=\"e20885538\" class=\"pages\">\n<div>\n<div id=\"PDDescription\" class=\"UserContentView userContent v1a v1 bs-view dcon dc159 PDDescription\" ><dc-con><dc-con><bs-empty><\/bs-empty><\/dc-con><dc-con>        <\/p>\n<div class=\"customDescription\">                    <\/div>\n<p><\/dc-con><dc-con><\/p>\n<p><strong>\u010cern\u00e1 redukce 245R<\/strong><\/p>\n<p>Armatury z temperovan\u00e9 litiny v souladu s n\u00ed\u017ee uvedenou normou jsou vhodn\u00e9 pro m\u00e9dia stla\u010den\u00fd vzduch,ho\u0159lav\u00fd plyn,uhlovod\u00edk a jin\u00e1, pokud jsou dodr\u017eeny p\u0159edepsan\u00e9 hodnoty teplot a tlak\u016f.<\/p>\n<p><strong>Standarrdn\u00ed pou\u017eit\u00ed:<\/strong><br \/>Povolen\u00fd pracovn\u00ed tlak p\u0159i teplot\u00e1ch mezi -20 a 120\u00b0C:25 bar<br \/>Povolen\u00fd pracovn\u00ed tlak p\u0159i teplot\u00e1ch mezi 120 a 300\u00b0C:20-25 bar<\/p>\n<p><\/dc-con><\/dc-con><\/div>\n<\/p><\/div>\n<div id=\"PDTable3\" class=\"ProductDetailTableView v3a v3 bs-view dcon dc180 PDTable3\" >\n<table>\n<thead><\/thead>\n<tbody>\n<tr class=\"attribute attr_typ\">\n<td class=\"caption\">Typ<\/td>\n<td class=\"value\">Vsuvky redukovan\u00e9<\/td>\n<\/tr>\n<tr class=\"attribute attr_material\">\n<td class=\"caption\">Materi\u00e1l<\/td>\n<td class=\"value\">Fitinky \u010dern\u00e9<\/td>\n<\/tr>\n<tr class=\"attribute attr_rozmerzavitovychtvarovek\">\n<td class=\"caption\">Rozm\u011br z\u00e1vitov\u00fdch tvarovek<\/td>\n<td class=\"value\">DN 25 &#8211; 1&#8243;, DN 40 &#8211; 6\/4&#8243;<\/td>\n<\/tr>\n<tr class=\"attribute attr_bsshop_maker\">\n<td class=\"caption\">V\u00fdrobce<\/td>\n<td class=\"value\">EU<\/td>\n<\/tr>\n<tr class=\"attribute attr_zavit\">\n<td class=\"caption\">Z\u00e1vit<\/td>\n<td class=\"value\">Vn\u011bj\u0161\u00ed vn\u011bj\u0161\u00ed<\/td>\n<\/tr>\n<\/tbody>\n<\/table>\n<\/div>\n<\/div>\n<div id=\"e20885539\" class=\"tabs\">\n","protected":false},"excerpt":{"rendered":"<p>\u010cern\u00e1 redukce 245R Armatury z temperovan\u00e9 litiny v souladu s n\u00ed\u017ee uvedenou normou jsou vhodn\u00e9 pro m\u00e9dia stla\u010den\u00fd vzduch,ho\u0159lav\u00fd plyn,uhlovod\u00edk a jin\u00e1, pokud jsou dodr\u017eeny p\u0159edepsan\u00e9 hodnoty teplot a tlak\u016f. Standarrdn\u00ed pou\u017eit\u00ed:Povolen\u00fd pracovn\u00ed tlak p\u0159i teplot\u00e1ch mezi -20 a 120\u00b0C:25 barPovolen\u00fd pracovn\u00ed tlak p\u0159i teplot\u00e1ch mezi 120 a 300\u00b0C:20-25 bar Typ Vsuvky redukovan\u00e9 Materi\u00e1l Fitinky [&hellip;]<\/p>\n","protected":false},"featured_media":64393,"comment_status":"open","ping_status":"open","template":"","meta":[],"product_brand":[],"product_cat":[100],"product_tag":[],"class_list":{"0":"post-64293","1":"product","2":"type-product","3":"status-publish","4":"has-post-thumbnail","6":"product_cat-tvarovky-fitinky","8":"first","9":"instock","10":"sale","11":"shipping-taxable","12":"purchasable","13":"product-type-simple"},"yoast_head":"<!-- This site is optimized with the Yoast SEO plugin v26.8 - https:\/\/yoast.com\/product\/yoast-seo-wordpress\/ -->\n<title>\u010cern\u00e1 vsuvka redukovan\u00e1 245R - 6\/4&quot;x1&quot; Novinka -<\/title>\n<meta name=\"robots\" content=\"index, follow, max-snippet:-1, max-image-preview:large, max-video-preview:-1\" \/>\n<link rel=\"canonical\" href=\"https:\/\/www.domkraftpro.com\/index.php\/produkt\/cerna-vsuvka-redukovana-245r-6-4-quot-x1-quot-novinka-64293\/\" \/>\n<meta property=\"og:locale\" content=\"cs_CZ\" \/>\n<meta property=\"og:type\" content=\"article\" \/>\n<meta property=\"og:title\" content=\"\u010cern\u00e1 vsuvka redukovan\u00e1 245R - 6\/4&quot;x1&quot; Novinka -\" \/>\n<meta property=\"og:description\" content=\"\u010cern\u00e1 redukce 245R Armatury z temperovan\u00e9 litiny v souladu s n\u00ed\u017ee uvedenou normou jsou vhodn\u00e9 pro m\u00e9dia stla\u010den\u00fd vzduch,ho\u0159lav\u00fd plyn,uhlovod\u00edk a jin\u00e1, pokud jsou dodr\u017eeny p\u0159edepsan\u00e9 hodnoty teplot a tlak\u016f. Standarrdn\u00ed pou\u017eit\u00ed:Povolen\u00fd pracovn\u00ed tlak p\u0159i teplot\u00e1ch mezi -20 a 120\u00b0C:25 barPovolen\u00fd pracovn\u00ed tlak p\u0159i teplot\u00e1ch mezi 120 a 300\u00b0C:20-25 bar Typ Vsuvky redukovan\u00e9 Materi\u00e1l Fitinky [&hellip;]\" \/>\n<meta property=\"og:url\" content=\"https:\/\/www.domkraftpro.com\/index.php\/produkt\/cerna-vsuvka-redukovana-245r-6-4-quot-x1-quot-novinka-64293\/\" \/>\n<meta property=\"og:image\" content=\"https:\/\/www.domkraftpro.com\/wp-content\/uploads\/2026\/SK0007056-CZ20260425-093449-0-1777080895-cerna-vsuvka-redukovana-245r-6-4-x1.webp\" \/>\n\t<meta property=\"og:image:width\" content=\"1000\" \/>\n\t<meta property=\"og:image:height\" content=\"525\" \/>\n\t<meta property=\"og:image:type\" content=\"image\/webp\" \/>\n<meta name=\"twitter:card\" content=\"summary_large_image\" \/>\n<script type=\"application\/ld+json\" class=\"yoast-schema-graph\">{\"@context\":\"https:\/\/schema.org\",\"@graph\":[{\"@type\":\"WebPage\",\"@id\":\"https:\/\/www.domkraftpro.com\/index.php\/produkt\/cerna-vsuvka-redukovana-245r-6-4-quot-x1-quot-novinka-64293\/\",\"url\":\"https:\/\/www.domkraftpro.com\/index.php\/produkt\/cerna-vsuvka-redukovana-245r-6-4-quot-x1-quot-novinka-64293\/\",\"name\":\"\u010cern\u00e1 vsuvka redukovan\u00e1 245R - 6\/4&quot;x1&quot; Novinka -\",\"isPartOf\":{\"@id\":\"https:\/\/www.domkraftpro.com\/#website\"},\"primaryImageOfPage\":{\"@id\":\"https:\/\/www.domkraftpro.com\/index.php\/produkt\/cerna-vsuvka-redukovana-245r-6-4-quot-x1-quot-novinka-64293\/#primaryimage\"},\"image\":{\"@id\":\"https:\/\/www.domkraftpro.com\/index.php\/produkt\/cerna-vsuvka-redukovana-245r-6-4-quot-x1-quot-novinka-64293\/#primaryimage\"},\"thumbnailUrl\":\"https:\/\/www.domkraftpro.com\/wp-content\/uploads\/2026\/SK0007056-CZ20260425-093449-0-1777080895-cerna-vsuvka-redukovana-245r-6-4-x1.webp\",\"datePublished\":\"2026-04-27T04:43:20+00:00\",\"breadcrumb\":{\"@id\":\"https:\/\/www.domkraftpro.com\/index.php\/produkt\/cerna-vsuvka-redukovana-245r-6-4-quot-x1-quot-novinka-64293\/#breadcrumb\"},\"inLanguage\":\"cs\",\"potentialAction\":[{\"@type\":\"ReadAction\",\"target\":[\"https:\/\/www.domkraftpro.com\/index.php\/produkt\/cerna-vsuvka-redukovana-245r-6-4-quot-x1-quot-novinka-64293\/\"]}]},{\"@type\":\"ImageObject\",\"inLanguage\":\"cs\",\"@id\":\"https:\/\/www.domkraftpro.com\/index.php\/produkt\/cerna-vsuvka-redukovana-245r-6-4-quot-x1-quot-novinka-64293\/#primaryimage\",\"url\":\"https:\/\/www.domkraftpro.com\/wp-content\/uploads\/2026\/SK0007056-CZ20260425-093449-0-1777080895-cerna-vsuvka-redukovana-245r-6-4-x1.webp\",\"contentUrl\":\"https:\/\/www.domkraftpro.com\/wp-content\/uploads\/2026\/SK0007056-CZ20260425-093449-0-1777080895-cerna-vsuvka-redukovana-245r-6-4-x1.webp\",\"width\":1000,\"height\":525},{\"@type\":\"BreadcrumbList\",\"@id\":\"https:\/\/www.domkraftpro.com\/index.php\/produkt\/cerna-vsuvka-redukovana-245r-6-4-quot-x1-quot-novinka-64293\/#breadcrumb\",\"itemListElement\":[{\"@type\":\"ListItem\",\"position\":1,\"name\":\"Home\",\"item\":\"https:\/\/www.domkraftpro.com\/\"},{\"@type\":\"ListItem\",\"position\":2,\"name\":\"Products\",\"item\":\"https:\/\/www.domkraftpro.com\/index.php\/products\/\"},{\"@type\":\"ListItem\",\"position\":3,\"name\":\"\u010cern\u00e1 vsuvka redukovan\u00e1 245R &#8211; 6\/4&quot;x1&quot; Novinka\"}]},{\"@type\":\"WebSite\",\"@id\":\"https:\/\/www.domkraftpro.com\/#website\",\"url\":\"https:\/\/www.domkraftpro.com\/\",\"name\":\"\",\"description\":\"\",\"potentialAction\":[{\"@type\":\"SearchAction\",\"target\":{\"@type\":\"EntryPoint\",\"urlTemplate\":\"https:\/\/www.domkraftpro.com\/?s={search_term_string}\"},\"query-input\":{\"@type\":\"PropertyValueSpecification\",\"valueRequired\":true,\"valueName\":\"search_term_string\"}}],\"inLanguage\":\"cs\"}]}<\/script>\n<!-- \/ Yoast SEO plugin. -->","yoast_head_json":{"title":"\u010cern\u00e1 vsuvka redukovan\u00e1 245R - 6\/4&quot;x1&quot; Novinka -","robots":{"index":"index","follow":"follow","max-snippet":"max-snippet:-1","max-image-preview":"max-image-preview:large","max-video-preview":"max-video-preview:-1"},"canonical":"https:\/\/www.domkraftpro.com\/index.php\/produkt\/cerna-vsuvka-redukovana-245r-6-4-quot-x1-quot-novinka-64293\/","og_locale":"cs_CZ","og_type":"article","og_title":"\u010cern\u00e1 vsuvka redukovan\u00e1 245R - 6\/4&quot;x1&quot; Novinka -","og_description":"\u010cern\u00e1 redukce 245R Armatury z temperovan\u00e9 litiny v souladu s n\u00ed\u017ee uvedenou normou jsou vhodn\u00e9 pro m\u00e9dia stla\u010den\u00fd vzduch,ho\u0159lav\u00fd plyn,uhlovod\u00edk a jin\u00e1, pokud jsou dodr\u017eeny p\u0159edepsan\u00e9 hodnoty teplot a tlak\u016f. Standarrdn\u00ed pou\u017eit\u00ed:Povolen\u00fd pracovn\u00ed tlak p\u0159i teplot\u00e1ch mezi -20 a 120\u00b0C:25 barPovolen\u00fd pracovn\u00ed tlak p\u0159i teplot\u00e1ch mezi 120 a 300\u00b0C:20-25 bar Typ Vsuvky redukovan\u00e9 Materi\u00e1l Fitinky [&hellip;]","og_url":"https:\/\/www.domkraftpro.com\/index.php\/produkt\/cerna-vsuvka-redukovana-245r-6-4-quot-x1-quot-novinka-64293\/","og_image":[{"width":1000,"height":525,"url":"https:\/\/www.domkraftpro.com\/wp-content\/uploads\/2026\/SK0007056-CZ20260425-093449-0-1777080895-cerna-vsuvka-redukovana-245r-6-4-x1.webp","type":"image\/webp"}],"twitter_card":"summary_large_image","schema":{"@context":"https:\/\/schema.org","@graph":[{"@type":"WebPage","@id":"https:\/\/www.domkraftpro.com\/index.php\/produkt\/cerna-vsuvka-redukovana-245r-6-4-quot-x1-quot-novinka-64293\/","url":"https:\/\/www.domkraftpro.com\/index.php\/produkt\/cerna-vsuvka-redukovana-245r-6-4-quot-x1-quot-novinka-64293\/","name":"\u010cern\u00e1 vsuvka redukovan\u00e1 245R - 6\/4&quot;x1&quot; Novinka -","isPartOf":{"@id":"https:\/\/www.domkraftpro.com\/#website"},"primaryImageOfPage":{"@id":"https:\/\/www.domkraftpro.com\/index.php\/produkt\/cerna-vsuvka-redukovana-245r-6-4-quot-x1-quot-novinka-64293\/#primaryimage"},"image":{"@id":"https:\/\/www.domkraftpro.com\/index.php\/produkt\/cerna-vsuvka-redukovana-245r-6-4-quot-x1-quot-novinka-64293\/#primaryimage"},"thumbnailUrl":"https:\/\/www.domkraftpro.com\/wp-content\/uploads\/2026\/SK0007056-CZ20260425-093449-0-1777080895-cerna-vsuvka-redukovana-245r-6-4-x1.webp","datePublished":"2026-04-27T04:43:20+00:00","breadcrumb":{"@id":"https:\/\/www.domkraftpro.com\/index.php\/produkt\/cerna-vsuvka-redukovana-245r-6-4-quot-x1-quot-novinka-64293\/#breadcrumb"},"inLanguage":"cs","potentialAction":[{"@type":"ReadAction","target":["https:\/\/www.domkraftpro.com\/index.php\/produkt\/cerna-vsuvka-redukovana-245r-6-4-quot-x1-quot-novinka-64293\/"]}]},{"@type":"ImageObject","inLanguage":"cs","@id":"https:\/\/www.domkraftpro.com\/index.php\/produkt\/cerna-vsuvka-redukovana-245r-6-4-quot-x1-quot-novinka-64293\/#primaryimage","url":"https:\/\/www.domkraftpro.com\/wp-content\/uploads\/2026\/SK0007056-CZ20260425-093449-0-1777080895-cerna-vsuvka-redukovana-245r-6-4-x1.webp","contentUrl":"https:\/\/www.domkraftpro.com\/wp-content\/uploads\/2026\/SK0007056-CZ20260425-093449-0-1777080895-cerna-vsuvka-redukovana-245r-6-4-x1.webp","width":1000,"height":525},{"@type":"BreadcrumbList","@id":"https:\/\/www.domkraftpro.com\/index.php\/produkt\/cerna-vsuvka-redukovana-245r-6-4-quot-x1-quot-novinka-64293\/#breadcrumb","itemListElement":[{"@type":"ListItem","position":1,"name":"Home","item":"https:\/\/www.domkraftpro.com\/"},{"@type":"ListItem","position":2,"name":"Products","item":"https:\/\/www.domkraftpro.com\/index.php\/products\/"},{"@type":"ListItem","position":3,"name":"\u010cern\u00e1 vsuvka redukovan\u00e1 245R &#8211; 6\/4&quot;x1&quot; Novinka"}]},{"@type":"WebSite","@id":"https:\/\/www.domkraftpro.com\/#website","url":"https:\/\/www.domkraftpro.com\/","name":"","description":"","potentialAction":[{"@type":"SearchAction","target":{"@type":"EntryPoint","urlTemplate":"https:\/\/www.domkraftpro.com\/?s={search_term_string}"},"query-input":{"@type":"PropertyValueSpecification","valueRequired":true,"valueName":"search_term_string"}}],"inLanguage":"cs"}]}},"_links":{"self":[{"href":"https:\/\/www.domkraftpro.com\/index.php\/wp-json\/wp\/v2\/product\/64293","targetHints":{"allow":["GET"]}}],"collection":[{"href":"https:\/\/www.domkraftpro.com\/index.php\/wp-json\/wp\/v2\/product"}],"about":[{"href":"https:\/\/www.domkraftpro.com\/index.php\/wp-json\/wp\/v2\/types\/product"}],"replies":[{"embeddable":true,"href":"https:\/\/www.domkraftpro.com\/index.php\/wp-json\/wp\/v2\/comments?post=64293"}],"wp:featuredmedia":[{"embeddable":true,"href":"https:\/\/www.domkraftpro.com\/index.php\/wp-json\/wp\/v2\/media\/64393"}],"wp:attachment":[{"href":"https:\/\/www.domkraftpro.com\/index.php\/wp-json\/wp\/v2\/media?parent=64293"}],"wp:term":[{"taxonomy":"product_brand","embeddable":true,"href":"https:\/\/www.domkraftpro.com\/index.php\/wp-json\/wp\/v2\/product_brand?post=64293"},{"taxonomy":"product_cat","embeddable":true,"href":"https:\/\/www.domkraftpro.com\/index.php\/wp-json\/wp\/v2\/product_cat?post=64293"},{"taxonomy":"product_tag","embeddable":true,"href":"https:\/\/www.domkraftpro.com\/index.php\/wp-json\/wp\/v2\/product_tag?post=64293"}],"curies":[{"name":"wp","href":"https:\/\/api.w.org\/{rel}","templated":true}]}}