{"id":6377,"date":"2026-04-27T04:40:36","date_gmt":"2026-04-27T04:40:36","guid":{"rendered":""},"modified":"2026-04-27T04:40:36","modified_gmt":"2026-04-27T04:40:36","slug":"znackovy-scobax-bari-antracit-cira-160-x-90-cm-6377","status":"publish","type":"product","link":"https:\/\/www.domkraftpro.com\/index.php\/produkt\/znackovy-scobax-bari-antracit-cira-160-x-90-cm-6377\/","title":{"rendered":"Zna\u010dkov\u00fd Scobax Bari antracit \/ \u010dir\u00e1 160 x 90 cm"},"content":{"rendered":"<div class=\"detail-description__right\">\n<div class=\"parameters\">\n<div class=\"table\">\n<table>\n<tbody>\n<tr class=\"parameters-switch-tr\">\n<td colspan=\"2\" class=\"parameters-switch\">\n<h4>Zasklen\u00ed<\/h4>\n<\/td>\n<\/tr>\n<tr>\n<th>\t\t\t\t\t\t\tMateri\u00e1l zasklen\u00ed \t\t\t\t\t\t<\/th>\n<td>\t\t\t\t\t\t\t\t\tpolykarbon\u00e1t\t\t\t\t\t\t<\/td>\n<\/tr>\n<tr>\n<th>\t\t\t\t\t\t\tTlou\u0161\u0165ka zasklen\u00ed \t\t\t\t\t\t<\/th>\n<td>\t\t\t\t\t\t\t\t\t4,5\u00a0mm\t\t\t\t\t\t<\/td>\n<\/tr>\n<tr>\n<th>\t\t\t\t\t\t\tBarva \t\t\t\t\t\t<\/th>\n<td>\t\t\t\t\t\t\t\t\t\u010dir\u00e1, op\u00e1l\t\t\t\t\t\t<\/td>\n<\/tr>\n<tr>\n<th>\t\t\t\t\t\t\tUchycen\u00ed \t\t\t\t\t\t<\/th>\n<td>\t\t\t\t\t\t\t\t\tli\u0161ty\t\t\t\t\t\t<\/td>\n<\/tr>\n<tr>\n<th>\t\t\t\t\t\t\tUV ochrana \t\t\t\t\t\t<\/th>\n<td>\t\t\t\t\t\t\t\t\tano\t\t\t\t\t\t<\/td>\n<\/tr>\n<tr class=\"parameters-switch-tr\">\n<td colspan=\"2\" class=\"parameters-switch\">\n<h4>Konstrukce<\/h4>\n<\/td>\n<\/tr>\n<tr>\n<th>\t\t\t\t\t\t\tAntikorozn\u00ed ochrana \t\t\t\t\t\t<\/th>\n<td>\t\t\t\t\t\t\t\t\t\u2013\t\t\t\t\t\t<\/td>\n<\/tr>\n<tr>\n<th>\t\t\t\t\t\t\tTvar \t\t\t\t\t\t<\/th>\n<td>\t\t\t\t\t\t\t\t\tobl\u00e1\t\t\t\t\t\t<\/td>\n<\/tr>\n<tr>\n<th>\t\t\t\t\t\t\tMateri\u00e1l konstrukce \t\t\t\t\t\t<\/th>\n<td>\t\t\t\t\t\t\t\t\thlin\u00edk\t\t\t\t\t\t<\/td>\n<\/tr>\n<tr>\n<th>\t\t\t\t\t\t\tBarva \t\t\t\t\t\t<\/th>\n<td>\t\t\t\t\t\t\t\t\tantracit, hn\u011bd\u00e1\t\t\t\t\t\t<\/td>\n<\/tr>\n<tr class=\"parameters-switch-tr\">\n<td colspan=\"2\" class=\"parameters-switch\">\n<h4>V\u00fdbava<\/h4>\n<\/td>\n<\/tr>\n<tr>\n<th>\t\t\t\t\t\t\tOkap \t\t\t\t\t\t<\/th>\n<td>\t\t\t\t\t\t\t\t\tne\t\t\t\t\t\t<\/td>\n<\/tr>\n<tr>\n<th>\t\t\t\t\t\t\tProdlou\u017een\u00ed \t\t\t\t\t\t<\/th>\n<td>\t\t\t\t\t\t\t\t\tne\t\t\t\t\t\t<\/td>\n<\/tr>\n<tr>\n<th>\t\t\t\t\t\t\tZkr\u00e1cen\u00ed \u0161\u00ed\u0159ky \t\t\t\t\t\t<\/th>\n<td>\t\t\t\t\t\t\t\t\tne\t\t\t\t\t\t<\/td>\n<\/tr>\n<tr>\n<th>\t\t\t\t\t\t\tBo\u010dn\u00ed st\u011bna \t\t\t\t\t\t<\/th>\n<td>\t\t\t\t\t\t\t\t\tne\t\t\t\t\t\t<\/td>\n<\/tr>\n<tr>\n<th>\t\t\t\t\t\t\tOsv\u011btlen\u00ed \t\t\t\t\t\t<\/th>\n<td>\t\t\t\t\t\t\t\t\tne\t\t\t\t\t\t<\/td>\n<\/tr>\n<tr class=\"parameters-switch-tr\">\n<td colspan=\"2\" class=\"parameters-switch\">\n<h4>St\u011bnov\u00e1 instalace<\/h4>\n<\/td>\n<\/tr>\n<tr>\n<th>\t\t\t\t\t\t\tKotv\u00edc\u00ed materi\u00e1l \t\t\t\t\t\t<\/th>\n<td>\t\t\t\t\t\t\t\t\tano\t\t\t\t\t\t<\/td>\n<\/tr>\n<tr>\n<th>\t\t\t\t\t\t\tKotv\u00edc\u00ed materi\u00e1l (ur\u010den\u00ed) \t\t\t\t\t\t<\/th>\n<td>\t\t\t\t\t\t\t\t\tnezateplen\u00e1 fas\u00e1da\t\t\t\t\t\t<\/td>\n<\/tr>\n<tr class=\"parameters-switch-tr\">\n<td colspan=\"2\" class=\"parameters-switch\">\n<h4>Parametry<\/h4>\n<\/td>\n<\/tr>\n<tr>\n<th>P\u016fvod<\/th>\n<td>Vyrobeno v PL<\/td>\n<\/tr>\n<tr>\n<th>Z\u00e1ruka<\/th>\n<td>2 roky<\/td>\n<\/tr>\n<tr>\n<th>Zna\u010dka<\/th>\n<td>Scobax<\/td>\n<\/tr>\n<tr class=\"parameters-switch-tr-last\">\n<th colspan=\"2\"><\/th>\n<\/tr>\n<\/tbody>\n<thead>\n<tr>\n<th colspan=\"2\">Parametry produktu:<\/th>\n<\/tr>\n<\/thead>\n<\/table><\/div>\n<\/div><\/div>\n<div class=\"detail-description__top\">\n<div class=\"rating-promo\">\n<div class=\"raty raty--big\" data-score=\"4.75\" data-read-only=\"true\" title=\"4.75\"><\/div>\n<div class=\"rating-promo__number\">\t\t\t<strong>2<\/strong><small>recenze<\/small>\t\t<\/div>\n<div class=\"rating-promo__number\">\t\t\t<strong>2<\/strong><small>z\u00e1kazn\u00edci doporu\u010duj\u00ed<\/small>\t\t<\/div>\n<p>\t\tV\u0161echny recenze\t<\/p><\/div>\n<\/p><\/div>\n<div class=\"detail-description__left\">\n<div class=\"detail-description__left__overflow\">\n<div class=\"detail-description__left__head\">\t\t\t\t\t\tPopis:\t\t\t\t\t<\/div>\n<div class=\"ul-style ul-style--check\">\n<p>St\u0159\u00ed\u0161ka m\u00e1 t\u0159i hlin\u00edkov\u00e9 nosn\u00edky, konstrukce je pr\u00e1\u0161kov\u011b lakovan\u00e1. V\u00fdpl\u0148 tvo\u0159\u00ed polykarbon\u00e1t tlou\u0161\u0165ky 4,5 mm. <strong>Vyhnut\u00ed v p\u0159edn\u00ed \u010d\u00e1sti<\/strong> slou\u017e\u00ed pro svod de\u0161\u0165ov\u00e9 vody do stran st\u0159\u00ed\u0161ky. K dispozici je ve dvou barevn\u00fdch proveden\u00edch &#8211; konstrukce v barv\u011b antracit s \u010dirou deskou nebo konstrukce v hn\u011bd\u00e9 barv\u011b s op\u00e1lovou deskou.<\/p>\n<ul class=\"plusminus\">\n<li><i class=\"fas fa-check\"><\/i><span>Odoln\u00e1 hlin\u00edkov\u00e1 konstrukce<\/span><\/li>\n<li><i class=\"fas fa-check\"><\/i><span>Evropsk\u00e1 v\u00fdroba<\/span><\/li>\n<li><i class=\"fas fa-check\"><\/i><span>Rychl\u00e1 instalace<\/span><\/li>\n<\/ul>\n<\/div>\n<div class=\"detail-description__left__more\">\t\t\t\t\t\t<span> <\/span><span> <\/span>\t\t\t\t\t<\/div>\n<\/p><\/div>\n<\/p><\/div>\n<div class=\"detail-description__more\"><span> <\/span><span> <\/span><\/div>\n<\/p><\/div>\n<\/p><\/div>\n","protected":false},"excerpt":{"rendered":"<p>Zasklen\u00ed Materi\u00e1l zasklen\u00ed polykarbon\u00e1t Tlou\u0161\u0165ka zasklen\u00ed 4,5\u00a0mm Barva \u010dir\u00e1, op\u00e1l Uchycen\u00ed li\u0161ty UV ochrana ano Konstrukce Antikorozn\u00ed ochrana \u2013 Tvar obl\u00e1 Materi\u00e1l konstrukce hlin\u00edk Barva antracit, hn\u011bd\u00e1 V\u00fdbava Okap ne Prodlou\u017een\u00ed ne Zkr\u00e1cen\u00ed \u0161\u00ed\u0159ky ne Bo\u010dn\u00ed st\u011bna ne Osv\u011btlen\u00ed ne St\u011bnov\u00e1 instalace Kotv\u00edc\u00ed materi\u00e1l ano Kotv\u00edc\u00ed materi\u00e1l (ur\u010den\u00ed) nezateplen\u00e1 fas\u00e1da Parametry P\u016fvod Vyrobeno v PL [&hellip;]<\/p>\n","protected":false},"featured_media":6477,"comment_status":"open","ping_status":"open","template":"","meta":[],"product_brand":[],"product_cat":[44],"product_tag":[],"class_list":{"0":"post-6377","1":"product","2":"type-product","3":"status-publish","4":"has-post-thumbnail","6":"product_cat-stavba","8":"first","9":"instock","10":"sale","11":"shipping-taxable","12":"purchasable","13":"product-type-simple"},"yoast_head":"<!-- This site is optimized with the Yoast SEO plugin v26.8 - https:\/\/yoast.com\/product\/yoast-seo-wordpress\/ -->\n<title>Zna\u010dkov\u00fd Scobax Bari antracit \/ \u010dir\u00e1 160 x 90 cm -<\/title>\n<meta name=\"robots\" content=\"index, follow, max-snippet:-1, max-image-preview:large, max-video-preview:-1\" \/>\n<link rel=\"canonical\" href=\"https:\/\/www.domkraftpro.com\/index.php\/produkt\/znackovy-scobax-bari-antracit-cira-160-x-90-cm-6377\/\" \/>\n<meta property=\"og:locale\" content=\"cs_CZ\" \/>\n<meta property=\"og:type\" content=\"article\" \/>\n<meta property=\"og:title\" content=\"Zna\u010dkov\u00fd Scobax Bari antracit \/ \u010dir\u00e1 160 x 90 cm -\" \/>\n<meta property=\"og:description\" content=\"Zasklen\u00ed Materi\u00e1l zasklen\u00ed polykarbon\u00e1t Tlou\u0161\u0165ka zasklen\u00ed 4,5\u00a0mm Barva \u010dir\u00e1, op\u00e1l Uchycen\u00ed li\u0161ty UV ochrana ano Konstrukce Antikorozn\u00ed ochrana \u2013 Tvar obl\u00e1 Materi\u00e1l konstrukce hlin\u00edk Barva antracit, hn\u011bd\u00e1 V\u00fdbava Okap ne Prodlou\u017een\u00ed ne Zkr\u00e1cen\u00ed \u0161\u00ed\u0159ky ne Bo\u010dn\u00ed st\u011bna ne Osv\u011btlen\u00ed ne St\u011bnov\u00e1 instalace Kotv\u00edc\u00ed materi\u00e1l ano Kotv\u00edc\u00ed materi\u00e1l (ur\u010den\u00ed) nezateplen\u00e1 fas\u00e1da Parametry P\u016fvod Vyrobeno v PL [&hellip;]\" \/>\n<meta property=\"og:url\" content=\"https:\/\/www.domkraftpro.com\/index.php\/produkt\/znackovy-scobax-bari-antracit-cira-160-x-90-cm-6377\/\" \/>\n<meta property=\"og:image\" content=\"https:\/\/www.domkraftpro.com\/wp-content\/uploads\/2026\/SK0009938-CZ20260425-091936-0-1777079982-vchodova-striska-scobax-bari-antracit-cira-160-x-90-cm-w120.webp\" \/>\n\t<meta property=\"og:image:width\" content=\"1000\" \/>\n\t<meta property=\"og:image:height\" content=\"523\" \/>\n\t<meta property=\"og:image:type\" content=\"image\/webp\" \/>\n<meta name=\"twitter:card\" content=\"summary_large_image\" \/>\n<meta name=\"twitter:label1\" content=\"Odhadovan\u00e1 doba \u010dten\u00ed\" \/>\n\t<meta name=\"twitter:data1\" content=\"1 minuta\" \/>\n<script type=\"application\/ld+json\" class=\"yoast-schema-graph\">{\"@context\":\"https:\/\/schema.org\",\"@graph\":[{\"@type\":\"WebPage\",\"@id\":\"https:\/\/www.domkraftpro.com\/index.php\/produkt\/znackovy-scobax-bari-antracit-cira-160-x-90-cm-6377\/\",\"url\":\"https:\/\/www.domkraftpro.com\/index.php\/produkt\/znackovy-scobax-bari-antracit-cira-160-x-90-cm-6377\/\",\"name\":\"Zna\u010dkov\u00fd Scobax Bari antracit \/ \u010dir\u00e1 160 x 90 cm -\",\"isPartOf\":{\"@id\":\"https:\/\/www.domkraftpro.com\/#website\"},\"primaryImageOfPage\":{\"@id\":\"https:\/\/www.domkraftpro.com\/index.php\/produkt\/znackovy-scobax-bari-antracit-cira-160-x-90-cm-6377\/#primaryimage\"},\"image\":{\"@id\":\"https:\/\/www.domkraftpro.com\/index.php\/produkt\/znackovy-scobax-bari-antracit-cira-160-x-90-cm-6377\/#primaryimage\"},\"thumbnailUrl\":\"https:\/\/www.domkraftpro.com\/wp-content\/uploads\/2026\/SK0009938-CZ20260425-091936-0-1777079982-vchodova-striska-scobax-bari-antracit-cira-160-x-90-cm-w120.webp\",\"datePublished\":\"2026-04-27T04:40:36+00:00\",\"breadcrumb\":{\"@id\":\"https:\/\/www.domkraftpro.com\/index.php\/produkt\/znackovy-scobax-bari-antracit-cira-160-x-90-cm-6377\/#breadcrumb\"},\"inLanguage\":\"cs\",\"potentialAction\":[{\"@type\":\"ReadAction\",\"target\":[\"https:\/\/www.domkraftpro.com\/index.php\/produkt\/znackovy-scobax-bari-antracit-cira-160-x-90-cm-6377\/\"]}]},{\"@type\":\"ImageObject\",\"inLanguage\":\"cs\",\"@id\":\"https:\/\/www.domkraftpro.com\/index.php\/produkt\/znackovy-scobax-bari-antracit-cira-160-x-90-cm-6377\/#primaryimage\",\"url\":\"https:\/\/www.domkraftpro.com\/wp-content\/uploads\/2026\/SK0009938-CZ20260425-091936-0-1777079982-vchodova-striska-scobax-bari-antracit-cira-160-x-90-cm-w120.webp\",\"contentUrl\":\"https:\/\/www.domkraftpro.com\/wp-content\/uploads\/2026\/SK0009938-CZ20260425-091936-0-1777079982-vchodova-striska-scobax-bari-antracit-cira-160-x-90-cm-w120.webp\",\"width\":1000,\"height\":523},{\"@type\":\"BreadcrumbList\",\"@id\":\"https:\/\/www.domkraftpro.com\/index.php\/produkt\/znackovy-scobax-bari-antracit-cira-160-x-90-cm-6377\/#breadcrumb\",\"itemListElement\":[{\"@type\":\"ListItem\",\"position\":1,\"name\":\"Home\",\"item\":\"https:\/\/www.domkraftpro.com\/\"},{\"@type\":\"ListItem\",\"position\":2,\"name\":\"Products\",\"item\":\"https:\/\/www.domkraftpro.com\/index.php\/products\/\"},{\"@type\":\"ListItem\",\"position\":3,\"name\":\"Zna\u010dkov\u00fd Scobax Bari antracit \/ \u010dir\u00e1 160 x 90 cm\"}]},{\"@type\":\"WebSite\",\"@id\":\"https:\/\/www.domkraftpro.com\/#website\",\"url\":\"https:\/\/www.domkraftpro.com\/\",\"name\":\"\",\"description\":\"\",\"potentialAction\":[{\"@type\":\"SearchAction\",\"target\":{\"@type\":\"EntryPoint\",\"urlTemplate\":\"https:\/\/www.domkraftpro.com\/?s={search_term_string}\"},\"query-input\":{\"@type\":\"PropertyValueSpecification\",\"valueRequired\":true,\"valueName\":\"search_term_string\"}}],\"inLanguage\":\"cs\"}]}<\/script>\n<!-- \/ Yoast SEO plugin. -->","yoast_head_json":{"title":"Zna\u010dkov\u00fd Scobax Bari antracit \/ \u010dir\u00e1 160 x 90 cm -","robots":{"index":"index","follow":"follow","max-snippet":"max-snippet:-1","max-image-preview":"max-image-preview:large","max-video-preview":"max-video-preview:-1"},"canonical":"https:\/\/www.domkraftpro.com\/index.php\/produkt\/znackovy-scobax-bari-antracit-cira-160-x-90-cm-6377\/","og_locale":"cs_CZ","og_type":"article","og_title":"Zna\u010dkov\u00fd Scobax Bari antracit \/ \u010dir\u00e1 160 x 90 cm -","og_description":"Zasklen\u00ed Materi\u00e1l zasklen\u00ed polykarbon\u00e1t Tlou\u0161\u0165ka zasklen\u00ed 4,5\u00a0mm Barva \u010dir\u00e1, op\u00e1l Uchycen\u00ed li\u0161ty UV ochrana ano Konstrukce Antikorozn\u00ed ochrana \u2013 Tvar obl\u00e1 Materi\u00e1l konstrukce hlin\u00edk Barva antracit, hn\u011bd\u00e1 V\u00fdbava Okap ne Prodlou\u017een\u00ed ne Zkr\u00e1cen\u00ed \u0161\u00ed\u0159ky ne Bo\u010dn\u00ed st\u011bna ne Osv\u011btlen\u00ed ne St\u011bnov\u00e1 instalace Kotv\u00edc\u00ed materi\u00e1l ano Kotv\u00edc\u00ed materi\u00e1l (ur\u010den\u00ed) nezateplen\u00e1 fas\u00e1da Parametry P\u016fvod Vyrobeno v PL [&hellip;]","og_url":"https:\/\/www.domkraftpro.com\/index.php\/produkt\/znackovy-scobax-bari-antracit-cira-160-x-90-cm-6377\/","og_image":[{"width":1000,"height":523,"url":"https:\/\/www.domkraftpro.com\/wp-content\/uploads\/2026\/SK0009938-CZ20260425-091936-0-1777079982-vchodova-striska-scobax-bari-antracit-cira-160-x-90-cm-w120.webp","type":"image\/webp"}],"twitter_card":"summary_large_image","twitter_misc":{"Odhadovan\u00e1 doba \u010dten\u00ed":"1 minuta"},"schema":{"@context":"https:\/\/schema.org","@graph":[{"@type":"WebPage","@id":"https:\/\/www.domkraftpro.com\/index.php\/produkt\/znackovy-scobax-bari-antracit-cira-160-x-90-cm-6377\/","url":"https:\/\/www.domkraftpro.com\/index.php\/produkt\/znackovy-scobax-bari-antracit-cira-160-x-90-cm-6377\/","name":"Zna\u010dkov\u00fd Scobax Bari antracit \/ \u010dir\u00e1 160 x 90 cm -","isPartOf":{"@id":"https:\/\/www.domkraftpro.com\/#website"},"primaryImageOfPage":{"@id":"https:\/\/www.domkraftpro.com\/index.php\/produkt\/znackovy-scobax-bari-antracit-cira-160-x-90-cm-6377\/#primaryimage"},"image":{"@id":"https:\/\/www.domkraftpro.com\/index.php\/produkt\/znackovy-scobax-bari-antracit-cira-160-x-90-cm-6377\/#primaryimage"},"thumbnailUrl":"https:\/\/www.domkraftpro.com\/wp-content\/uploads\/2026\/SK0009938-CZ20260425-091936-0-1777079982-vchodova-striska-scobax-bari-antracit-cira-160-x-90-cm-w120.webp","datePublished":"2026-04-27T04:40:36+00:00","breadcrumb":{"@id":"https:\/\/www.domkraftpro.com\/index.php\/produkt\/znackovy-scobax-bari-antracit-cira-160-x-90-cm-6377\/#breadcrumb"},"inLanguage":"cs","potentialAction":[{"@type":"ReadAction","target":["https:\/\/www.domkraftpro.com\/index.php\/produkt\/znackovy-scobax-bari-antracit-cira-160-x-90-cm-6377\/"]}]},{"@type":"ImageObject","inLanguage":"cs","@id":"https:\/\/www.domkraftpro.com\/index.php\/produkt\/znackovy-scobax-bari-antracit-cira-160-x-90-cm-6377\/#primaryimage","url":"https:\/\/www.domkraftpro.com\/wp-content\/uploads\/2026\/SK0009938-CZ20260425-091936-0-1777079982-vchodova-striska-scobax-bari-antracit-cira-160-x-90-cm-w120.webp","contentUrl":"https:\/\/www.domkraftpro.com\/wp-content\/uploads\/2026\/SK0009938-CZ20260425-091936-0-1777079982-vchodova-striska-scobax-bari-antracit-cira-160-x-90-cm-w120.webp","width":1000,"height":523},{"@type":"BreadcrumbList","@id":"https:\/\/www.domkraftpro.com\/index.php\/produkt\/znackovy-scobax-bari-antracit-cira-160-x-90-cm-6377\/#breadcrumb","itemListElement":[{"@type":"ListItem","position":1,"name":"Home","item":"https:\/\/www.domkraftpro.com\/"},{"@type":"ListItem","position":2,"name":"Products","item":"https:\/\/www.domkraftpro.com\/index.php\/products\/"},{"@type":"ListItem","position":3,"name":"Zna\u010dkov\u00fd Scobax Bari antracit \/ \u010dir\u00e1 160 x 90 cm"}]},{"@type":"WebSite","@id":"https:\/\/www.domkraftpro.com\/#website","url":"https:\/\/www.domkraftpro.com\/","name":"","description":"","potentialAction":[{"@type":"SearchAction","target":{"@type":"EntryPoint","urlTemplate":"https:\/\/www.domkraftpro.com\/?s={search_term_string}"},"query-input":{"@type":"PropertyValueSpecification","valueRequired":true,"valueName":"search_term_string"}}],"inLanguage":"cs"}]}},"_links":{"self":[{"href":"https:\/\/www.domkraftpro.com\/index.php\/wp-json\/wp\/v2\/product\/6377","targetHints":{"allow":["GET"]}}],"collection":[{"href":"https:\/\/www.domkraftpro.com\/index.php\/wp-json\/wp\/v2\/product"}],"about":[{"href":"https:\/\/www.domkraftpro.com\/index.php\/wp-json\/wp\/v2\/types\/product"}],"replies":[{"embeddable":true,"href":"https:\/\/www.domkraftpro.com\/index.php\/wp-json\/wp\/v2\/comments?post=6377"}],"wp:featuredmedia":[{"embeddable":true,"href":"https:\/\/www.domkraftpro.com\/index.php\/wp-json\/wp\/v2\/media\/6477"}],"wp:attachment":[{"href":"https:\/\/www.domkraftpro.com\/index.php\/wp-json\/wp\/v2\/media?parent=6377"}],"wp:term":[{"taxonomy":"product_brand","embeddable":true,"href":"https:\/\/www.domkraftpro.com\/index.php\/wp-json\/wp\/v2\/product_brand?post=6377"},{"taxonomy":"product_cat","embeddable":true,"href":"https:\/\/www.domkraftpro.com\/index.php\/wp-json\/wp\/v2\/product_cat?post=6377"},{"taxonomy":"product_tag","embeddable":true,"href":"https:\/\/www.domkraftpro.com\/index.php\/wp-json\/wp\/v2\/product_tag?post=6377"}],"curies":[{"name":"wp","href":"https:\/\/api.w.org\/{rel}","templated":true}]}}