{"id":63747,"date":"2026-04-27T04:43:18","date_gmt":"2026-04-27T04:43:18","guid":{"rendered":""},"modified":"2026-04-27T04:43:18","modified_gmt":"2026-04-27T04:43:18","slug":"znackovy-otocny-drzak-sprchy-cerny-d-multi1-5-63747","status":"publish","type":"product","link":"https:\/\/www.domkraftpro.com\/index.php\/produkt\/znackovy-otocny-drzak-sprchy-cerny-d-multi1-5-63747\/","title":{"rendered":"Zna\u010dkov\u00fd Oto\u010dn\u00fd dr\u017e\u00e1k sprchy, \u010dern\u00fd D\/MULTI1,5"},"content":{"rendered":"<div class=\"basic-description\">\n<h3>Detailn\u00ed popis produktu<\/h3>\n<p>                                    &lt;br \/&gt;Polohovateln\u00fd dr\u017e\u00e1k ru\u010dn\u00ed sprchy v \u010dern\u00e9 barv\u011b.                            <\/p><\/div>\n","protected":false},"excerpt":{"rendered":"<p>Detailn\u00ed popis produktu &lt;br \/&gt;Polohovateln\u00fd dr\u017e\u00e1k ru\u010dn\u00ed sprchy v \u010dern\u00e9 barv\u011b.<\/p>\n","protected":false},"featured_media":63847,"comment_status":"open","ping_status":"open","template":"","meta":[],"product_brand":[],"product_cat":[96],"product_tag":[],"class_list":{"0":"post-63747","1":"product","2":"type-product","3":"status-publish","4":"has-post-thumbnail","6":"product_cat-koupelny-a-sanitarni-technika","8":"first","9":"instock","10":"sale","11":"shipping-taxable","12":"purchasable","13":"product-type-simple"},"yoast_head":"<!-- This site is optimized with the Yoast SEO plugin v26.8 - https:\/\/yoast.com\/product\/yoast-seo-wordpress\/ -->\n<title>Zna\u010dkov\u00fd Oto\u010dn\u00fd dr\u017e\u00e1k sprchy, \u010dern\u00fd D\/MULTI1,5 -<\/title>\n<meta name=\"robots\" content=\"index, follow, max-snippet:-1, max-image-preview:large, max-video-preview:-1\" \/>\n<link rel=\"canonical\" href=\"https:\/\/www.domkraftpro.com\/index.php\/produkt\/znackovy-otocny-drzak-sprchy-cerny-d-multi1-5-63747\/\" \/>\n<meta property=\"og:locale\" content=\"cs_CZ\" \/>\n<meta property=\"og:type\" content=\"article\" \/>\n<meta property=\"og:title\" content=\"Zna\u010dkov\u00fd Oto\u010dn\u00fd dr\u017e\u00e1k sprchy, \u010dern\u00fd D\/MULTI1,5 -\" \/>\n<meta property=\"og:description\" content=\"Detailn\u00ed popis produktu &lt;br \/&gt;Polohovateln\u00fd dr\u017e\u00e1k ru\u010dn\u00ed sprchy v \u010dern\u00e9 barv\u011b.\" \/>\n<meta property=\"og:url\" content=\"https:\/\/www.domkraftpro.com\/index.php\/produkt\/znackovy-otocny-drzak-sprchy-cerny-d-multi1-5-63747\/\" \/>\n<meta property=\"og:image\" content=\"https:\/\/www.domkraftpro.com\/wp-content\/uploads\/2026\/SK0008861-CZ20260425-093351-0-1777080838-1203594_d-multi-1-5.webp\" \/>\n\t<meta property=\"og:image:width\" content=\"1000\" \/>\n\t<meta property=\"og:image:height\" content=\"750\" \/>\n\t<meta property=\"og:image:type\" content=\"image\/webp\" \/>\n<meta name=\"twitter:card\" content=\"summary_large_image\" \/>\n<script type=\"application\/ld+json\" class=\"yoast-schema-graph\">{\"@context\":\"https:\/\/schema.org\",\"@graph\":[{\"@type\":\"WebPage\",\"@id\":\"https:\/\/www.domkraftpro.com\/index.php\/produkt\/znackovy-otocny-drzak-sprchy-cerny-d-multi1-5-63747\/\",\"url\":\"https:\/\/www.domkraftpro.com\/index.php\/produkt\/znackovy-otocny-drzak-sprchy-cerny-d-multi1-5-63747\/\",\"name\":\"Zna\u010dkov\u00fd Oto\u010dn\u00fd dr\u017e\u00e1k sprchy, \u010dern\u00fd D\/MULTI1,5 -\",\"isPartOf\":{\"@id\":\"https:\/\/www.domkraftpro.com\/#website\"},\"primaryImageOfPage\":{\"@id\":\"https:\/\/www.domkraftpro.com\/index.php\/produkt\/znackovy-otocny-drzak-sprchy-cerny-d-multi1-5-63747\/#primaryimage\"},\"image\":{\"@id\":\"https:\/\/www.domkraftpro.com\/index.php\/produkt\/znackovy-otocny-drzak-sprchy-cerny-d-multi1-5-63747\/#primaryimage\"},\"thumbnailUrl\":\"https:\/\/www.domkraftpro.com\/wp-content\/uploads\/2026\/SK0008861-CZ20260425-093351-0-1777080838-1203594_d-multi-1-5.webp\",\"datePublished\":\"2026-04-27T04:43:18+00:00\",\"breadcrumb\":{\"@id\":\"https:\/\/www.domkraftpro.com\/index.php\/produkt\/znackovy-otocny-drzak-sprchy-cerny-d-multi1-5-63747\/#breadcrumb\"},\"inLanguage\":\"cs\",\"potentialAction\":[{\"@type\":\"ReadAction\",\"target\":[\"https:\/\/www.domkraftpro.com\/index.php\/produkt\/znackovy-otocny-drzak-sprchy-cerny-d-multi1-5-63747\/\"]}]},{\"@type\":\"ImageObject\",\"inLanguage\":\"cs\",\"@id\":\"https:\/\/www.domkraftpro.com\/index.php\/produkt\/znackovy-otocny-drzak-sprchy-cerny-d-multi1-5-63747\/#primaryimage\",\"url\":\"https:\/\/www.domkraftpro.com\/wp-content\/uploads\/2026\/SK0008861-CZ20260425-093351-0-1777080838-1203594_d-multi-1-5.webp\",\"contentUrl\":\"https:\/\/www.domkraftpro.com\/wp-content\/uploads\/2026\/SK0008861-CZ20260425-093351-0-1777080838-1203594_d-multi-1-5.webp\",\"width\":1000,\"height\":750},{\"@type\":\"BreadcrumbList\",\"@id\":\"https:\/\/www.domkraftpro.com\/index.php\/produkt\/znackovy-otocny-drzak-sprchy-cerny-d-multi1-5-63747\/#breadcrumb\",\"itemListElement\":[{\"@type\":\"ListItem\",\"position\":1,\"name\":\"Home\",\"item\":\"https:\/\/www.domkraftpro.com\/\"},{\"@type\":\"ListItem\",\"position\":2,\"name\":\"Products\",\"item\":\"https:\/\/www.domkraftpro.com\/index.php\/products\/\"},{\"@type\":\"ListItem\",\"position\":3,\"name\":\"Zna\u010dkov\u00fd Oto\u010dn\u00fd dr\u017e\u00e1k sprchy, \u010dern\u00fd D\/MULTI1,5\"}]},{\"@type\":\"WebSite\",\"@id\":\"https:\/\/www.domkraftpro.com\/#website\",\"url\":\"https:\/\/www.domkraftpro.com\/\",\"name\":\"\",\"description\":\"\",\"potentialAction\":[{\"@type\":\"SearchAction\",\"target\":{\"@type\":\"EntryPoint\",\"urlTemplate\":\"https:\/\/www.domkraftpro.com\/?s={search_term_string}\"},\"query-input\":{\"@type\":\"PropertyValueSpecification\",\"valueRequired\":true,\"valueName\":\"search_term_string\"}}],\"inLanguage\":\"cs\"}]}<\/script>\n<!-- \/ Yoast SEO plugin. -->","yoast_head_json":{"title":"Zna\u010dkov\u00fd Oto\u010dn\u00fd dr\u017e\u00e1k sprchy, \u010dern\u00fd D\/MULTI1,5 -","robots":{"index":"index","follow":"follow","max-snippet":"max-snippet:-1","max-image-preview":"max-image-preview:large","max-video-preview":"max-video-preview:-1"},"canonical":"https:\/\/www.domkraftpro.com\/index.php\/produkt\/znackovy-otocny-drzak-sprchy-cerny-d-multi1-5-63747\/","og_locale":"cs_CZ","og_type":"article","og_title":"Zna\u010dkov\u00fd Oto\u010dn\u00fd dr\u017e\u00e1k sprchy, \u010dern\u00fd D\/MULTI1,5 -","og_description":"Detailn\u00ed popis produktu &lt;br \/&gt;Polohovateln\u00fd dr\u017e\u00e1k ru\u010dn\u00ed sprchy v \u010dern\u00e9 barv\u011b.","og_url":"https:\/\/www.domkraftpro.com\/index.php\/produkt\/znackovy-otocny-drzak-sprchy-cerny-d-multi1-5-63747\/","og_image":[{"width":1000,"height":750,"url":"https:\/\/www.domkraftpro.com\/wp-content\/uploads\/2026\/SK0008861-CZ20260425-093351-0-1777080838-1203594_d-multi-1-5.webp","type":"image\/webp"}],"twitter_card":"summary_large_image","schema":{"@context":"https:\/\/schema.org","@graph":[{"@type":"WebPage","@id":"https:\/\/www.domkraftpro.com\/index.php\/produkt\/znackovy-otocny-drzak-sprchy-cerny-d-multi1-5-63747\/","url":"https:\/\/www.domkraftpro.com\/index.php\/produkt\/znackovy-otocny-drzak-sprchy-cerny-d-multi1-5-63747\/","name":"Zna\u010dkov\u00fd Oto\u010dn\u00fd dr\u017e\u00e1k sprchy, \u010dern\u00fd D\/MULTI1,5 -","isPartOf":{"@id":"https:\/\/www.domkraftpro.com\/#website"},"primaryImageOfPage":{"@id":"https:\/\/www.domkraftpro.com\/index.php\/produkt\/znackovy-otocny-drzak-sprchy-cerny-d-multi1-5-63747\/#primaryimage"},"image":{"@id":"https:\/\/www.domkraftpro.com\/index.php\/produkt\/znackovy-otocny-drzak-sprchy-cerny-d-multi1-5-63747\/#primaryimage"},"thumbnailUrl":"https:\/\/www.domkraftpro.com\/wp-content\/uploads\/2026\/SK0008861-CZ20260425-093351-0-1777080838-1203594_d-multi-1-5.webp","datePublished":"2026-04-27T04:43:18+00:00","breadcrumb":{"@id":"https:\/\/www.domkraftpro.com\/index.php\/produkt\/znackovy-otocny-drzak-sprchy-cerny-d-multi1-5-63747\/#breadcrumb"},"inLanguage":"cs","potentialAction":[{"@type":"ReadAction","target":["https:\/\/www.domkraftpro.com\/index.php\/produkt\/znackovy-otocny-drzak-sprchy-cerny-d-multi1-5-63747\/"]}]},{"@type":"ImageObject","inLanguage":"cs","@id":"https:\/\/www.domkraftpro.com\/index.php\/produkt\/znackovy-otocny-drzak-sprchy-cerny-d-multi1-5-63747\/#primaryimage","url":"https:\/\/www.domkraftpro.com\/wp-content\/uploads\/2026\/SK0008861-CZ20260425-093351-0-1777080838-1203594_d-multi-1-5.webp","contentUrl":"https:\/\/www.domkraftpro.com\/wp-content\/uploads\/2026\/SK0008861-CZ20260425-093351-0-1777080838-1203594_d-multi-1-5.webp","width":1000,"height":750},{"@type":"BreadcrumbList","@id":"https:\/\/www.domkraftpro.com\/index.php\/produkt\/znackovy-otocny-drzak-sprchy-cerny-d-multi1-5-63747\/#breadcrumb","itemListElement":[{"@type":"ListItem","position":1,"name":"Home","item":"https:\/\/www.domkraftpro.com\/"},{"@type":"ListItem","position":2,"name":"Products","item":"https:\/\/www.domkraftpro.com\/index.php\/products\/"},{"@type":"ListItem","position":3,"name":"Zna\u010dkov\u00fd Oto\u010dn\u00fd dr\u017e\u00e1k sprchy, \u010dern\u00fd D\/MULTI1,5"}]},{"@type":"WebSite","@id":"https:\/\/www.domkraftpro.com\/#website","url":"https:\/\/www.domkraftpro.com\/","name":"","description":"","potentialAction":[{"@type":"SearchAction","target":{"@type":"EntryPoint","urlTemplate":"https:\/\/www.domkraftpro.com\/?s={search_term_string}"},"query-input":{"@type":"PropertyValueSpecification","valueRequired":true,"valueName":"search_term_string"}}],"inLanguage":"cs"}]}},"_links":{"self":[{"href":"https:\/\/www.domkraftpro.com\/index.php\/wp-json\/wp\/v2\/product\/63747","targetHints":{"allow":["GET"]}}],"collection":[{"href":"https:\/\/www.domkraftpro.com\/index.php\/wp-json\/wp\/v2\/product"}],"about":[{"href":"https:\/\/www.domkraftpro.com\/index.php\/wp-json\/wp\/v2\/types\/product"}],"replies":[{"embeddable":true,"href":"https:\/\/www.domkraftpro.com\/index.php\/wp-json\/wp\/v2\/comments?post=63747"}],"wp:featuredmedia":[{"embeddable":true,"href":"https:\/\/www.domkraftpro.com\/index.php\/wp-json\/wp\/v2\/media\/63847"}],"wp:attachment":[{"href":"https:\/\/www.domkraftpro.com\/index.php\/wp-json\/wp\/v2\/media?parent=63747"}],"wp:term":[{"taxonomy":"product_brand","embeddable":true,"href":"https:\/\/www.domkraftpro.com\/index.php\/wp-json\/wp\/v2\/product_brand?post=63747"},{"taxonomy":"product_cat","embeddable":true,"href":"https:\/\/www.domkraftpro.com\/index.php\/wp-json\/wp\/v2\/product_cat?post=63747"},{"taxonomy":"product_tag","embeddable":true,"href":"https:\/\/www.domkraftpro.com\/index.php\/wp-json\/wp\/v2\/product_tag?post=63747"}],"curies":[{"name":"wp","href":"https:\/\/api.w.org\/{rel}","templated":true}]}}