{"id":6323,"date":"2026-04-27T04:40:36","date_gmt":"2026-04-27T04:40:36","guid":{"rendered":""},"modified":"2026-04-27T04:40:36","modified_gmt":"2026-04-27T04:40:36","slug":"znackovy-scobax-balcony-500-cm-x-100-cm-hneda-6323","status":"publish","type":"product","link":"https:\/\/www.domkraftpro.com\/index.php\/produkt\/znackovy-scobax-balcony-500-cm-x-100-cm-hneda-6323\/","title":{"rendered":"Zna\u010dkov\u00fd Scobax Balcony 500 cm x 100 cm hn\u011bd\u00e1"},"content":{"rendered":"<div class=\"detail-description__right\">\n<div class=\"parameters\">\n<div class=\"table table--simple\">\n<table>\n<tbody>\n<tr>\n<td colspan=\"2\">\n<h4>Vlastnosti<\/h4>\n<\/td>\n<\/tr>\n<tr data-perex=\"1\">\n<td>Materi\u00e1l<\/td>\n<td>polyratan<\/td>\n<\/tr>\n<tr data-perex=\"1\">\n<td>D\u00e9lka<\/td>\n<td>300\u00a0\u2013 500\u00a0cm<\/td>\n<\/tr>\n<tr data-perex=\"1\">\n<td>V\u00fd\u0161ka<\/td>\n<td>90\u00a0\u2013 100\u00a0cm<\/td>\n<\/tr>\n<tr data-perex=\"1\">\n<td>Plo\u0161n\u00e1 hmotnost<\/td>\n<td>1300 g\/m\u00b2<\/td>\n<\/tr>\n<tr data-perex=\"1\">\n<td>Instala\u010dn\u00ed oka<\/td>\n<td>ne<\/td>\n<\/tr>\n<tr>\n<td>Instalace<\/td>\n<td>p\u00e1sky, spony, \u0161rouby<\/td>\n<\/tr>\n<tr>\n<td>Zast\u00edn\u011bn\u00ed<\/td>\n<td>100%<\/td>\n<\/tr>\n<tr>\n<td>UV odolnost<\/td>\n<td>ano<\/td>\n<\/tr>\n<tr>\n<td>Odolnost v\u016f\u010di pl\u00edsn\u00edm<\/td>\n<td>ano<\/td>\n<\/tr>\n<tr>\n<td>Oboustrann\u00fd<\/td>\n<td>ano<\/td>\n<\/tr>\n<tr>\n<td>Mo\u017enost \u00fapravy tvaru st\u0159\u00edh\u00e1n\u00edm<\/td>\n<td>ano<\/td>\n<\/tr>\n<tr>\n<td colspan=\"2\">\n<h4>Parametry<\/h4>\n<\/td>\n<\/tr>\n<tr>\n<td>P\u016fvod<\/td>\n<td>Vyrobeno v\u00a0PL<\/td>\n<\/tr>\n<tr>\n<td>Z\u00e1ruka<\/td>\n<td>2 roky<\/td>\n<\/tr>\n<tr>\n<td>Zna\u010dka<\/td>\n<td>Scobax<\/td>\n<\/tr>\n<\/tbody>\n<\/table><\/div>\n<\/div><\/div>\n<div class=\"detail-description__top\">\t\t\t\t<\/div>\n<div class=\"detail-description__left\">\n<div class=\"detail-description__left__overflow\">\n<div class=\"detail-description__left__head\">\t\t\t\t\t\tPopis:\t\t\t\t\t<\/div>\n<div class=\"ul-style ul-style--check\">\n<p>Balkonov\u00e1\u00a0z\u00e1st\u011bna je tvo\u0159ena spl\u00e9tan\u00fdmi p\u00e1sky ze syntetick\u00e9ho ratanu. Tento materi\u00e1l m\u00e1 vysokou \u017eivotnost a je\u00a0<strong>odoln\u00fd v\u016f\u010di mrazu, v\u011btru, vlhkosti, \u0161p\u00edn\u011b a UV z\u00e1\u0159en\u00ed<\/strong>.\u00a0Z\u00e1st\u011bnu m\u016f\u017eete vyu\u017e\u00edt na\u00a0balkonu, terase, plotu \u010di t\u0159eba z\u00e1bradl\u00ed. D\u00edky nepr\u016fhlednosti zaji\u0161\u0165uje 100% zast\u00edn\u011bn\u00ed a maxim\u00e1ln\u00ed soukrom\u00ed. Na instalaci m\u016f\u017eete vyu\u017e\u00edt stahovac\u00ed p\u00e1sky, \u0161rouby, h\u0159eb\u00edky \u010di vruty, nebo nast\u0159elovac\u00ed spony.<\/p>\n<ul class=\"plusminus\">\n<li><i class=\"fas fa-check\"><\/i><span>Snadn\u00e9 st\u0159\u00edh\u00e1n\u00ed i\u00a0tvarov\u00e1n\u00ed<\/span><\/li>\n<li><i class=\"fas fa-check\"><\/i><span>Odolnost v\u016f\u010di UV z\u00e1\u0159en\u00ed, mrazu, vod\u011b, pl\u00edsn\u00edm<\/span><\/li>\n<li><i class=\"fas fa-check\"><\/i><span>100% zast\u00edn\u011bn\u00ed<\/span><\/li>\n<\/ul>\n<p>Jednotliv\u00e9 p\u00e1sky, ze kter\u00fdch je\u00a0z\u00e1st\u011bna tvo\u0159ena jsou k sob\u011b p\u0159ilepen\u00e9, d\u00edky \u010demu\u017e\u00a0<strong>se materi\u00e1l nerozpl\u00e9t\u00e1 a z\u00e1rove\u0148 je mo\u017en\u00e9 ho snadlo st\u0159\u00edhat a upravit do po\u017eadovan\u00e9 d\u00e9lky \u010di tvaru<\/strong>.\u00a0Mont\u00e1\u017e se nedoporu\u010duje p\u0159i p\u0159\u00edli\u0161 n\u00edzk\u00fdch teplot\u00e1ch, nebo\u0165 se\u00a0z\u00e1st\u011bna m\u016f\u017ee smr\u0161\u0165ovat. Naopak p\u0159i p\u0159\u00edli\u0161 vysok\u00fdch teplot\u00e1ch m\u016f\u017ee doj\u00edt k p\u0159\u00edli\u0161n\u00e9mu rozta\u017een\u00ed. Idealn\u00ed teplota pro instalaci je kolem 25\u00b0C.<\/p>\n<\/div>\n<div class=\"detail-description__left__more\">\t\t\t\t\t\t<span> <\/span><span> <\/span>\t\t\t\t\t<\/div>\n<\/p><\/div>\n<\/p><\/div>\n<div class=\"detail-description__more\"><span> <\/span><span> <\/span><\/div>\n<\/p><\/div>\n<\/p><\/div>\n","protected":false},"excerpt":{"rendered":"<p>Vlastnosti Materi\u00e1l polyratan D\u00e9lka 300\u00a0\u2013 500\u00a0cm V\u00fd\u0161ka 90\u00a0\u2013 100\u00a0cm Plo\u0161n\u00e1 hmotnost 1300 g\/m\u00b2 Instala\u010dn\u00ed oka ne Instalace p\u00e1sky, spony, \u0161rouby Zast\u00edn\u011bn\u00ed 100% UV odolnost ano Odolnost v\u016f\u010di pl\u00edsn\u00edm ano Oboustrann\u00fd ano Mo\u017enost \u00fapravy tvaru st\u0159\u00edh\u00e1n\u00edm ano Parametry P\u016fvod Vyrobeno v\u00a0PL Z\u00e1ruka 2 roky Zna\u010dka Scobax Popis: Balkonov\u00e1\u00a0z\u00e1st\u011bna je tvo\u0159ena spl\u00e9tan\u00fdmi p\u00e1sky ze syntetick\u00e9ho ratanu. Tento [&hellip;]<\/p>\n","protected":false},"featured_media":6423,"comment_status":"open","ping_status":"open","template":"","meta":[],"product_brand":[],"product_cat":[47],"product_tag":[],"class_list":{"0":"post-6323","1":"product","2":"type-product","3":"status-publish","4":"has-post-thumbnail","6":"product_cat-zahrada","8":"first","9":"instock","10":"sale","11":"shipping-taxable","12":"purchasable","13":"product-type-simple"},"yoast_head":"<!-- This site is optimized with the Yoast SEO plugin v26.8 - https:\/\/yoast.com\/product\/yoast-seo-wordpress\/ -->\n<title>Zna\u010dkov\u00fd Scobax Balcony 500 cm x 100 cm hn\u011bd\u00e1 -<\/title>\n<meta name=\"robots\" content=\"index, follow, max-snippet:-1, max-image-preview:large, max-video-preview:-1\" \/>\n<link rel=\"canonical\" href=\"https:\/\/www.domkraftpro.com\/index.php\/produkt\/znackovy-scobax-balcony-500-cm-x-100-cm-hneda-6323\/\" \/>\n<meta property=\"og:locale\" content=\"cs_CZ\" \/>\n<meta property=\"og:type\" content=\"article\" \/>\n<meta property=\"og:title\" content=\"Zna\u010dkov\u00fd Scobax Balcony 500 cm x 100 cm hn\u011bd\u00e1 -\" \/>\n<meta property=\"og:description\" content=\"Vlastnosti Materi\u00e1l polyratan D\u00e9lka 300\u00a0\u2013 500\u00a0cm V\u00fd\u0161ka 90\u00a0\u2013 100\u00a0cm Plo\u0161n\u00e1 hmotnost 1300 g\/m\u00b2 Instala\u010dn\u00ed oka ne Instalace p\u00e1sky, spony, \u0161rouby Zast\u00edn\u011bn\u00ed 100% UV odolnost ano Odolnost v\u016f\u010di pl\u00edsn\u00edm ano Oboustrann\u00fd ano Mo\u017enost \u00fapravy tvaru st\u0159\u00edh\u00e1n\u00edm ano Parametry P\u016fvod Vyrobeno v\u00a0PL Z\u00e1ruka 2 roky Zna\u010dka Scobax Popis: Balkonov\u00e1\u00a0z\u00e1st\u011bna je tvo\u0159ena spl\u00e9tan\u00fdmi p\u00e1sky ze syntetick\u00e9ho ratanu. Tento [&hellip;]\" \/>\n<meta property=\"og:url\" content=\"https:\/\/www.domkraftpro.com\/index.php\/produkt\/znackovy-scobax-balcony-500-cm-x-100-cm-hneda-6323\/\" \/>\n<meta property=\"og:image\" content=\"https:\/\/www.domkraftpro.com\/wp-content\/uploads\/2026\/SK0009884-CZ20260425-091936-0-1777079982-balkonova-zastena-scobax-balcony-300-cm-x-90-cm-cerna-w1200.webp\" \/>\n\t<meta property=\"og:image:width\" content=\"1000\" \/>\n\t<meta property=\"og:image:height\" content=\"523\" \/>\n\t<meta property=\"og:image:type\" content=\"image\/webp\" \/>\n<meta name=\"twitter:card\" content=\"summary_large_image\" \/>\n<meta name=\"twitter:label1\" content=\"Odhadovan\u00e1 doba \u010dten\u00ed\" \/>\n\t<meta name=\"twitter:data1\" content=\"1 minuta\" \/>\n<script type=\"application\/ld+json\" class=\"yoast-schema-graph\">{\"@context\":\"https:\/\/schema.org\",\"@graph\":[{\"@type\":\"WebPage\",\"@id\":\"https:\/\/www.domkraftpro.com\/index.php\/produkt\/znackovy-scobax-balcony-500-cm-x-100-cm-hneda-6323\/\",\"url\":\"https:\/\/www.domkraftpro.com\/index.php\/produkt\/znackovy-scobax-balcony-500-cm-x-100-cm-hneda-6323\/\",\"name\":\"Zna\u010dkov\u00fd Scobax Balcony 500 cm x 100 cm hn\u011bd\u00e1 -\",\"isPartOf\":{\"@id\":\"https:\/\/www.domkraftpro.com\/#website\"},\"primaryImageOfPage\":{\"@id\":\"https:\/\/www.domkraftpro.com\/index.php\/produkt\/znackovy-scobax-balcony-500-cm-x-100-cm-hneda-6323\/#primaryimage\"},\"image\":{\"@id\":\"https:\/\/www.domkraftpro.com\/index.php\/produkt\/znackovy-scobax-balcony-500-cm-x-100-cm-hneda-6323\/#primaryimage\"},\"thumbnailUrl\":\"https:\/\/www.domkraftpro.com\/wp-content\/uploads\/2026\/SK0009884-CZ20260425-091936-0-1777079982-balkonova-zastena-scobax-balcony-300-cm-x-90-cm-cerna-w1200.webp\",\"datePublished\":\"2026-04-27T04:40:36+00:00\",\"breadcrumb\":{\"@id\":\"https:\/\/www.domkraftpro.com\/index.php\/produkt\/znackovy-scobax-balcony-500-cm-x-100-cm-hneda-6323\/#breadcrumb\"},\"inLanguage\":\"cs\",\"potentialAction\":[{\"@type\":\"ReadAction\",\"target\":[\"https:\/\/www.domkraftpro.com\/index.php\/produkt\/znackovy-scobax-balcony-500-cm-x-100-cm-hneda-6323\/\"]}]},{\"@type\":\"ImageObject\",\"inLanguage\":\"cs\",\"@id\":\"https:\/\/www.domkraftpro.com\/index.php\/produkt\/znackovy-scobax-balcony-500-cm-x-100-cm-hneda-6323\/#primaryimage\",\"url\":\"https:\/\/www.domkraftpro.com\/wp-content\/uploads\/2026\/SK0009884-CZ20260425-091936-0-1777079982-balkonova-zastena-scobax-balcony-300-cm-x-90-cm-cerna-w1200.webp\",\"contentUrl\":\"https:\/\/www.domkraftpro.com\/wp-content\/uploads\/2026\/SK0009884-CZ20260425-091936-0-1777079982-balkonova-zastena-scobax-balcony-300-cm-x-90-cm-cerna-w1200.webp\",\"width\":1000,\"height\":523},{\"@type\":\"BreadcrumbList\",\"@id\":\"https:\/\/www.domkraftpro.com\/index.php\/produkt\/znackovy-scobax-balcony-500-cm-x-100-cm-hneda-6323\/#breadcrumb\",\"itemListElement\":[{\"@type\":\"ListItem\",\"position\":1,\"name\":\"Home\",\"item\":\"https:\/\/www.domkraftpro.com\/\"},{\"@type\":\"ListItem\",\"position\":2,\"name\":\"Products\",\"item\":\"https:\/\/www.domkraftpro.com\/index.php\/products\/\"},{\"@type\":\"ListItem\",\"position\":3,\"name\":\"Zna\u010dkov\u00fd Scobax Balcony 500 cm x 100 cm hn\u011bd\u00e1\"}]},{\"@type\":\"WebSite\",\"@id\":\"https:\/\/www.domkraftpro.com\/#website\",\"url\":\"https:\/\/www.domkraftpro.com\/\",\"name\":\"\",\"description\":\"\",\"potentialAction\":[{\"@type\":\"SearchAction\",\"target\":{\"@type\":\"EntryPoint\",\"urlTemplate\":\"https:\/\/www.domkraftpro.com\/?s={search_term_string}\"},\"query-input\":{\"@type\":\"PropertyValueSpecification\",\"valueRequired\":true,\"valueName\":\"search_term_string\"}}],\"inLanguage\":\"cs\"}]}<\/script>\n<!-- \/ Yoast SEO plugin. -->","yoast_head_json":{"title":"Zna\u010dkov\u00fd Scobax Balcony 500 cm x 100 cm hn\u011bd\u00e1 -","robots":{"index":"index","follow":"follow","max-snippet":"max-snippet:-1","max-image-preview":"max-image-preview:large","max-video-preview":"max-video-preview:-1"},"canonical":"https:\/\/www.domkraftpro.com\/index.php\/produkt\/znackovy-scobax-balcony-500-cm-x-100-cm-hneda-6323\/","og_locale":"cs_CZ","og_type":"article","og_title":"Zna\u010dkov\u00fd Scobax Balcony 500 cm x 100 cm hn\u011bd\u00e1 -","og_description":"Vlastnosti Materi\u00e1l polyratan D\u00e9lka 300\u00a0\u2013 500\u00a0cm V\u00fd\u0161ka 90\u00a0\u2013 100\u00a0cm Plo\u0161n\u00e1 hmotnost 1300 g\/m\u00b2 Instala\u010dn\u00ed oka ne Instalace p\u00e1sky, spony, \u0161rouby Zast\u00edn\u011bn\u00ed 100% UV odolnost ano Odolnost v\u016f\u010di pl\u00edsn\u00edm ano Oboustrann\u00fd ano Mo\u017enost \u00fapravy tvaru st\u0159\u00edh\u00e1n\u00edm ano Parametry P\u016fvod Vyrobeno v\u00a0PL Z\u00e1ruka 2 roky Zna\u010dka Scobax Popis: Balkonov\u00e1\u00a0z\u00e1st\u011bna je tvo\u0159ena spl\u00e9tan\u00fdmi p\u00e1sky ze syntetick\u00e9ho ratanu. Tento [&hellip;]","og_url":"https:\/\/www.domkraftpro.com\/index.php\/produkt\/znackovy-scobax-balcony-500-cm-x-100-cm-hneda-6323\/","og_image":[{"width":1000,"height":523,"url":"https:\/\/www.domkraftpro.com\/wp-content\/uploads\/2026\/SK0009884-CZ20260425-091936-0-1777079982-balkonova-zastena-scobax-balcony-300-cm-x-90-cm-cerna-w1200.webp","type":"image\/webp"}],"twitter_card":"summary_large_image","twitter_misc":{"Odhadovan\u00e1 doba \u010dten\u00ed":"1 minuta"},"schema":{"@context":"https:\/\/schema.org","@graph":[{"@type":"WebPage","@id":"https:\/\/www.domkraftpro.com\/index.php\/produkt\/znackovy-scobax-balcony-500-cm-x-100-cm-hneda-6323\/","url":"https:\/\/www.domkraftpro.com\/index.php\/produkt\/znackovy-scobax-balcony-500-cm-x-100-cm-hneda-6323\/","name":"Zna\u010dkov\u00fd Scobax Balcony 500 cm x 100 cm hn\u011bd\u00e1 -","isPartOf":{"@id":"https:\/\/www.domkraftpro.com\/#website"},"primaryImageOfPage":{"@id":"https:\/\/www.domkraftpro.com\/index.php\/produkt\/znackovy-scobax-balcony-500-cm-x-100-cm-hneda-6323\/#primaryimage"},"image":{"@id":"https:\/\/www.domkraftpro.com\/index.php\/produkt\/znackovy-scobax-balcony-500-cm-x-100-cm-hneda-6323\/#primaryimage"},"thumbnailUrl":"https:\/\/www.domkraftpro.com\/wp-content\/uploads\/2026\/SK0009884-CZ20260425-091936-0-1777079982-balkonova-zastena-scobax-balcony-300-cm-x-90-cm-cerna-w1200.webp","datePublished":"2026-04-27T04:40:36+00:00","breadcrumb":{"@id":"https:\/\/www.domkraftpro.com\/index.php\/produkt\/znackovy-scobax-balcony-500-cm-x-100-cm-hneda-6323\/#breadcrumb"},"inLanguage":"cs","potentialAction":[{"@type":"ReadAction","target":["https:\/\/www.domkraftpro.com\/index.php\/produkt\/znackovy-scobax-balcony-500-cm-x-100-cm-hneda-6323\/"]}]},{"@type":"ImageObject","inLanguage":"cs","@id":"https:\/\/www.domkraftpro.com\/index.php\/produkt\/znackovy-scobax-balcony-500-cm-x-100-cm-hneda-6323\/#primaryimage","url":"https:\/\/www.domkraftpro.com\/wp-content\/uploads\/2026\/SK0009884-CZ20260425-091936-0-1777079982-balkonova-zastena-scobax-balcony-300-cm-x-90-cm-cerna-w1200.webp","contentUrl":"https:\/\/www.domkraftpro.com\/wp-content\/uploads\/2026\/SK0009884-CZ20260425-091936-0-1777079982-balkonova-zastena-scobax-balcony-300-cm-x-90-cm-cerna-w1200.webp","width":1000,"height":523},{"@type":"BreadcrumbList","@id":"https:\/\/www.domkraftpro.com\/index.php\/produkt\/znackovy-scobax-balcony-500-cm-x-100-cm-hneda-6323\/#breadcrumb","itemListElement":[{"@type":"ListItem","position":1,"name":"Home","item":"https:\/\/www.domkraftpro.com\/"},{"@type":"ListItem","position":2,"name":"Products","item":"https:\/\/www.domkraftpro.com\/index.php\/products\/"},{"@type":"ListItem","position":3,"name":"Zna\u010dkov\u00fd Scobax Balcony 500 cm x 100 cm hn\u011bd\u00e1"}]},{"@type":"WebSite","@id":"https:\/\/www.domkraftpro.com\/#website","url":"https:\/\/www.domkraftpro.com\/","name":"","description":"","potentialAction":[{"@type":"SearchAction","target":{"@type":"EntryPoint","urlTemplate":"https:\/\/www.domkraftpro.com\/?s={search_term_string}"},"query-input":{"@type":"PropertyValueSpecification","valueRequired":true,"valueName":"search_term_string"}}],"inLanguage":"cs"}]}},"_links":{"self":[{"href":"https:\/\/www.domkraftpro.com\/index.php\/wp-json\/wp\/v2\/product\/6323","targetHints":{"allow":["GET"]}}],"collection":[{"href":"https:\/\/www.domkraftpro.com\/index.php\/wp-json\/wp\/v2\/product"}],"about":[{"href":"https:\/\/www.domkraftpro.com\/index.php\/wp-json\/wp\/v2\/types\/product"}],"replies":[{"embeddable":true,"href":"https:\/\/www.domkraftpro.com\/index.php\/wp-json\/wp\/v2\/comments?post=6323"}],"wp:featuredmedia":[{"embeddable":true,"href":"https:\/\/www.domkraftpro.com\/index.php\/wp-json\/wp\/v2\/media\/6423"}],"wp:attachment":[{"href":"https:\/\/www.domkraftpro.com\/index.php\/wp-json\/wp\/v2\/media?parent=6323"}],"wp:term":[{"taxonomy":"product_brand","embeddable":true,"href":"https:\/\/www.domkraftpro.com\/index.php\/wp-json\/wp\/v2\/product_brand?post=6323"},{"taxonomy":"product_cat","embeddable":true,"href":"https:\/\/www.domkraftpro.com\/index.php\/wp-json\/wp\/v2\/product_cat?post=6323"},{"taxonomy":"product_tag","embeddable":true,"href":"https:\/\/www.domkraftpro.com\/index.php\/wp-json\/wp\/v2\/product_tag?post=6323"}],"curies":[{"name":"wp","href":"https:\/\/api.w.org\/{rel}","templated":true}]}}