{"id":62975,"date":"2026-04-27T04:43:16","date_gmt":"2026-04-27T04:43:16","guid":{"rendered":""},"modified":"2026-04-27T04:43:16","modified_gmt":"2026-04-27T04:43:16","slug":"znackovy-wc-stetka-metalia-11-chrom-0133-0-62975","status":"publish","type":"product","link":"https:\/\/www.domkraftpro.com\/index.php\/produkt\/znackovy-wc-stetka-metalia-11-chrom-0133-0-62975\/","title":{"rendered":"Zna\u010dkov\u00fd WC \u0161t\u011btka Metalia 11 chrom 0133,0"},"content":{"rendered":"<div class=\"basic-description\">\n<h3>Detailn\u00ed popis produktu<\/h3>\n<p>                                    NALEP NEBO VRTEJ. Obl\u00e9 k\u0159ivky podtrhnou dokonal\u00fd design t\u00e9to s\u00e9rie. METALIA je tradi\u010dn\u00ed zna\u010dka \u010desk\u00fdch koupelnov\u00fdch dopl\u0148k\u016f &lt;b&gt;s\u00a0prodlou\u017eenou z\u00e1rukou na funk\u010dnost\u00a025\u00a0let&lt;\/b&gt;, kter\u00e9 p\u0159in\u00e1\u0161ej\u00ed do ka\u017ed\u00e9 koupelny dokonal\u00e9 pohodl\u00ed, funk\u010dnost a nab\u00edzej\u00ed origin\u00e1ln\u00ed styl, kter\u00fd na sebe pout\u00e1 pozornost jedine\u010dn\u00fdm stylem pro detail. Dopl\u0148ky jsou vyr\u00e1b\u011bny z mosazi, nerezu a kvalitn\u00edch materi\u00e1l\u016f. Jednotliv\u00e9 \u010d\u00e1sti jsou zhotoveny p\u0159edev\u0161\u00edm z mosazi, zaru\u010duj\u00ed 100% ochranu proti korozi. P\u0159ednost\u00ed je rychl\u00e1 a jednoduch\u00e1 mont\u00e1\u017e na m\u00edst\u011b ur\u010den\u00ed. V\u0161echny \u0159ady maj\u00ed origin\u00e1ln\u00ed design, navr\u017een\u00fd p\u0159edn\u00edmi odborn\u00edky. Lepidlo 6100,L nen\u00ed sou\u010d\u00e1st\u00ed balen\u00ed.                            <\/p><\/div>\n","protected":false},"excerpt":{"rendered":"<p>Detailn\u00ed popis produktu NALEP NEBO VRTEJ. Obl\u00e9 k\u0159ivky podtrhnou dokonal\u00fd design t\u00e9to s\u00e9rie. METALIA je tradi\u010dn\u00ed zna\u010dka \u010desk\u00fdch koupelnov\u00fdch dopl\u0148k\u016f &lt;b&gt;s\u00a0prodlou\u017eenou z\u00e1rukou na funk\u010dnost\u00a025\u00a0let&lt;\/b&gt;, kter\u00e9 p\u0159in\u00e1\u0161ej\u00ed do ka\u017ed\u00e9 koupelny dokonal\u00e9 pohodl\u00ed, funk\u010dnost a nab\u00edzej\u00ed origin\u00e1ln\u00ed styl, kter\u00fd na sebe pout\u00e1 pozornost jedine\u010dn\u00fdm stylem pro detail. Dopl\u0148ky jsou vyr\u00e1b\u011bny z mosazi, nerezu a kvalitn\u00edch materi\u00e1l\u016f. Jednotliv\u00e9 [&hellip;]<\/p>\n","protected":false},"featured_media":63075,"comment_status":"open","ping_status":"open","template":"","meta":[],"product_brand":[],"product_cat":[96],"product_tag":[],"class_list":{"0":"post-62975","1":"product","2":"type-product","3":"status-publish","4":"has-post-thumbnail","6":"product_cat-koupelny-a-sanitarni-technika","8":"first","9":"instock","10":"sale","11":"shipping-taxable","12":"purchasable","13":"product-type-simple"},"yoast_head":"<!-- This site is optimized with the Yoast SEO plugin v26.8 - https:\/\/yoast.com\/product\/yoast-seo-wordpress\/ -->\n<title>Zna\u010dkov\u00fd WC \u0161t\u011btka Metalia 11 chrom 0133,0 -<\/title>\n<meta name=\"robots\" content=\"index, follow, max-snippet:-1, max-image-preview:large, max-video-preview:-1\" \/>\n<link rel=\"canonical\" href=\"https:\/\/www.domkraftpro.com\/index.php\/produkt\/znackovy-wc-stetka-metalia-11-chrom-0133-0-62975\/\" \/>\n<meta property=\"og:locale\" content=\"cs_CZ\" \/>\n<meta property=\"og:type\" content=\"article\" \/>\n<meta property=\"og:title\" content=\"Zna\u010dkov\u00fd WC \u0161t\u011btka Metalia 11 chrom 0133,0 -\" \/>\n<meta property=\"og:description\" content=\"Detailn\u00ed popis produktu NALEP NEBO VRTEJ. Obl\u00e9 k\u0159ivky podtrhnou dokonal\u00fd design t\u00e9to s\u00e9rie. METALIA je tradi\u010dn\u00ed zna\u010dka \u010desk\u00fdch koupelnov\u00fdch dopl\u0148k\u016f &lt;b&gt;s\u00a0prodlou\u017eenou z\u00e1rukou na funk\u010dnost\u00a025\u00a0let&lt;\/b&gt;, kter\u00e9 p\u0159in\u00e1\u0161ej\u00ed do ka\u017ed\u00e9 koupelny dokonal\u00e9 pohodl\u00ed, funk\u010dnost a nab\u00edzej\u00ed origin\u00e1ln\u00ed styl, kter\u00fd na sebe pout\u00e1 pozornost jedine\u010dn\u00fdm stylem pro detail. Dopl\u0148ky jsou vyr\u00e1b\u011bny z mosazi, nerezu a kvalitn\u00edch materi\u00e1l\u016f. Jednotliv\u00e9 [&hellip;]\" \/>\n<meta property=\"og:url\" content=\"https:\/\/www.domkraftpro.com\/index.php\/produkt\/znackovy-wc-stetka-metalia-11-chrom-0133-0-62975\/\" \/>\n<meta property=\"og:image\" content=\"https:\/\/www.domkraftpro.com\/wp-content\/uploads\/2026\/SK0008489-CZ20260425-093351-0-1777080838-1205430_wc-stetka-metalia-11-chrom-0133-0.webp\" \/>\n\t<meta property=\"og:image:width\" content=\"1000\" \/>\n\t<meta property=\"og:image:height\" content=\"750\" \/>\n\t<meta property=\"og:image:type\" content=\"image\/webp\" \/>\n<meta name=\"twitter:card\" content=\"summary_large_image\" \/>\n<meta name=\"twitter:label1\" content=\"Odhadovan\u00e1 doba \u010dten\u00ed\" \/>\n\t<meta name=\"twitter:data1\" content=\"1 minuta\" \/>\n<script type=\"application\/ld+json\" class=\"yoast-schema-graph\">{\"@context\":\"https:\/\/schema.org\",\"@graph\":[{\"@type\":\"WebPage\",\"@id\":\"https:\/\/www.domkraftpro.com\/index.php\/produkt\/znackovy-wc-stetka-metalia-11-chrom-0133-0-62975\/\",\"url\":\"https:\/\/www.domkraftpro.com\/index.php\/produkt\/znackovy-wc-stetka-metalia-11-chrom-0133-0-62975\/\",\"name\":\"Zna\u010dkov\u00fd WC \u0161t\u011btka Metalia 11 chrom 0133,0 -\",\"isPartOf\":{\"@id\":\"https:\/\/www.domkraftpro.com\/#website\"},\"primaryImageOfPage\":{\"@id\":\"https:\/\/www.domkraftpro.com\/index.php\/produkt\/znackovy-wc-stetka-metalia-11-chrom-0133-0-62975\/#primaryimage\"},\"image\":{\"@id\":\"https:\/\/www.domkraftpro.com\/index.php\/produkt\/znackovy-wc-stetka-metalia-11-chrom-0133-0-62975\/#primaryimage\"},\"thumbnailUrl\":\"https:\/\/www.domkraftpro.com\/wp-content\/uploads\/2026\/SK0008489-CZ20260425-093351-0-1777080838-1205430_wc-stetka-metalia-11-chrom-0133-0.webp\",\"datePublished\":\"2026-04-27T04:43:16+00:00\",\"breadcrumb\":{\"@id\":\"https:\/\/www.domkraftpro.com\/index.php\/produkt\/znackovy-wc-stetka-metalia-11-chrom-0133-0-62975\/#breadcrumb\"},\"inLanguage\":\"cs\",\"potentialAction\":[{\"@type\":\"ReadAction\",\"target\":[\"https:\/\/www.domkraftpro.com\/index.php\/produkt\/znackovy-wc-stetka-metalia-11-chrom-0133-0-62975\/\"]}]},{\"@type\":\"ImageObject\",\"inLanguage\":\"cs\",\"@id\":\"https:\/\/www.domkraftpro.com\/index.php\/produkt\/znackovy-wc-stetka-metalia-11-chrom-0133-0-62975\/#primaryimage\",\"url\":\"https:\/\/www.domkraftpro.com\/wp-content\/uploads\/2026\/SK0008489-CZ20260425-093351-0-1777080838-1205430_wc-stetka-metalia-11-chrom-0133-0.webp\",\"contentUrl\":\"https:\/\/www.domkraftpro.com\/wp-content\/uploads\/2026\/SK0008489-CZ20260425-093351-0-1777080838-1205430_wc-stetka-metalia-11-chrom-0133-0.webp\",\"width\":1000,\"height\":750},{\"@type\":\"BreadcrumbList\",\"@id\":\"https:\/\/www.domkraftpro.com\/index.php\/produkt\/znackovy-wc-stetka-metalia-11-chrom-0133-0-62975\/#breadcrumb\",\"itemListElement\":[{\"@type\":\"ListItem\",\"position\":1,\"name\":\"Home\",\"item\":\"https:\/\/www.domkraftpro.com\/\"},{\"@type\":\"ListItem\",\"position\":2,\"name\":\"Products\",\"item\":\"https:\/\/www.domkraftpro.com\/index.php\/products\/\"},{\"@type\":\"ListItem\",\"position\":3,\"name\":\"Zna\u010dkov\u00fd WC \u0161t\u011btka Metalia 11 chrom 0133,0\"}]},{\"@type\":\"WebSite\",\"@id\":\"https:\/\/www.domkraftpro.com\/#website\",\"url\":\"https:\/\/www.domkraftpro.com\/\",\"name\":\"\",\"description\":\"\",\"potentialAction\":[{\"@type\":\"SearchAction\",\"target\":{\"@type\":\"EntryPoint\",\"urlTemplate\":\"https:\/\/www.domkraftpro.com\/?s={search_term_string}\"},\"query-input\":{\"@type\":\"PropertyValueSpecification\",\"valueRequired\":true,\"valueName\":\"search_term_string\"}}],\"inLanguage\":\"cs\"}]}<\/script>\n<!-- \/ Yoast SEO plugin. -->","yoast_head_json":{"title":"Zna\u010dkov\u00fd WC \u0161t\u011btka Metalia 11 chrom 0133,0 -","robots":{"index":"index","follow":"follow","max-snippet":"max-snippet:-1","max-image-preview":"max-image-preview:large","max-video-preview":"max-video-preview:-1"},"canonical":"https:\/\/www.domkraftpro.com\/index.php\/produkt\/znackovy-wc-stetka-metalia-11-chrom-0133-0-62975\/","og_locale":"cs_CZ","og_type":"article","og_title":"Zna\u010dkov\u00fd WC \u0161t\u011btka Metalia 11 chrom 0133,0 -","og_description":"Detailn\u00ed popis produktu NALEP NEBO VRTEJ. Obl\u00e9 k\u0159ivky podtrhnou dokonal\u00fd design t\u00e9to s\u00e9rie. METALIA je tradi\u010dn\u00ed zna\u010dka \u010desk\u00fdch koupelnov\u00fdch dopl\u0148k\u016f &lt;b&gt;s\u00a0prodlou\u017eenou z\u00e1rukou na funk\u010dnost\u00a025\u00a0let&lt;\/b&gt;, kter\u00e9 p\u0159in\u00e1\u0161ej\u00ed do ka\u017ed\u00e9 koupelny dokonal\u00e9 pohodl\u00ed, funk\u010dnost a nab\u00edzej\u00ed origin\u00e1ln\u00ed styl, kter\u00fd na sebe pout\u00e1 pozornost jedine\u010dn\u00fdm stylem pro detail. Dopl\u0148ky jsou vyr\u00e1b\u011bny z mosazi, nerezu a kvalitn\u00edch materi\u00e1l\u016f. Jednotliv\u00e9 [&hellip;]","og_url":"https:\/\/www.domkraftpro.com\/index.php\/produkt\/znackovy-wc-stetka-metalia-11-chrom-0133-0-62975\/","og_image":[{"width":1000,"height":750,"url":"https:\/\/www.domkraftpro.com\/wp-content\/uploads\/2026\/SK0008489-CZ20260425-093351-0-1777080838-1205430_wc-stetka-metalia-11-chrom-0133-0.webp","type":"image\/webp"}],"twitter_card":"summary_large_image","twitter_misc":{"Odhadovan\u00e1 doba \u010dten\u00ed":"1 minuta"},"schema":{"@context":"https:\/\/schema.org","@graph":[{"@type":"WebPage","@id":"https:\/\/www.domkraftpro.com\/index.php\/produkt\/znackovy-wc-stetka-metalia-11-chrom-0133-0-62975\/","url":"https:\/\/www.domkraftpro.com\/index.php\/produkt\/znackovy-wc-stetka-metalia-11-chrom-0133-0-62975\/","name":"Zna\u010dkov\u00fd WC \u0161t\u011btka Metalia 11 chrom 0133,0 -","isPartOf":{"@id":"https:\/\/www.domkraftpro.com\/#website"},"primaryImageOfPage":{"@id":"https:\/\/www.domkraftpro.com\/index.php\/produkt\/znackovy-wc-stetka-metalia-11-chrom-0133-0-62975\/#primaryimage"},"image":{"@id":"https:\/\/www.domkraftpro.com\/index.php\/produkt\/znackovy-wc-stetka-metalia-11-chrom-0133-0-62975\/#primaryimage"},"thumbnailUrl":"https:\/\/www.domkraftpro.com\/wp-content\/uploads\/2026\/SK0008489-CZ20260425-093351-0-1777080838-1205430_wc-stetka-metalia-11-chrom-0133-0.webp","datePublished":"2026-04-27T04:43:16+00:00","breadcrumb":{"@id":"https:\/\/www.domkraftpro.com\/index.php\/produkt\/znackovy-wc-stetka-metalia-11-chrom-0133-0-62975\/#breadcrumb"},"inLanguage":"cs","potentialAction":[{"@type":"ReadAction","target":["https:\/\/www.domkraftpro.com\/index.php\/produkt\/znackovy-wc-stetka-metalia-11-chrom-0133-0-62975\/"]}]},{"@type":"ImageObject","inLanguage":"cs","@id":"https:\/\/www.domkraftpro.com\/index.php\/produkt\/znackovy-wc-stetka-metalia-11-chrom-0133-0-62975\/#primaryimage","url":"https:\/\/www.domkraftpro.com\/wp-content\/uploads\/2026\/SK0008489-CZ20260425-093351-0-1777080838-1205430_wc-stetka-metalia-11-chrom-0133-0.webp","contentUrl":"https:\/\/www.domkraftpro.com\/wp-content\/uploads\/2026\/SK0008489-CZ20260425-093351-0-1777080838-1205430_wc-stetka-metalia-11-chrom-0133-0.webp","width":1000,"height":750},{"@type":"BreadcrumbList","@id":"https:\/\/www.domkraftpro.com\/index.php\/produkt\/znackovy-wc-stetka-metalia-11-chrom-0133-0-62975\/#breadcrumb","itemListElement":[{"@type":"ListItem","position":1,"name":"Home","item":"https:\/\/www.domkraftpro.com\/"},{"@type":"ListItem","position":2,"name":"Products","item":"https:\/\/www.domkraftpro.com\/index.php\/products\/"},{"@type":"ListItem","position":3,"name":"Zna\u010dkov\u00fd WC \u0161t\u011btka Metalia 11 chrom 0133,0"}]},{"@type":"WebSite","@id":"https:\/\/www.domkraftpro.com\/#website","url":"https:\/\/www.domkraftpro.com\/","name":"","description":"","potentialAction":[{"@type":"SearchAction","target":{"@type":"EntryPoint","urlTemplate":"https:\/\/www.domkraftpro.com\/?s={search_term_string}"},"query-input":{"@type":"PropertyValueSpecification","valueRequired":true,"valueName":"search_term_string"}}],"inLanguage":"cs"}]}},"_links":{"self":[{"href":"https:\/\/www.domkraftpro.com\/index.php\/wp-json\/wp\/v2\/product\/62975","targetHints":{"allow":["GET"]}}],"collection":[{"href":"https:\/\/www.domkraftpro.com\/index.php\/wp-json\/wp\/v2\/product"}],"about":[{"href":"https:\/\/www.domkraftpro.com\/index.php\/wp-json\/wp\/v2\/types\/product"}],"replies":[{"embeddable":true,"href":"https:\/\/www.domkraftpro.com\/index.php\/wp-json\/wp\/v2\/comments?post=62975"}],"wp:featuredmedia":[{"embeddable":true,"href":"https:\/\/www.domkraftpro.com\/index.php\/wp-json\/wp\/v2\/media\/63075"}],"wp:attachment":[{"href":"https:\/\/www.domkraftpro.com\/index.php\/wp-json\/wp\/v2\/media?parent=62975"}],"wp:term":[{"taxonomy":"product_brand","embeddable":true,"href":"https:\/\/www.domkraftpro.com\/index.php\/wp-json\/wp\/v2\/product_brand?post=62975"},{"taxonomy":"product_cat","embeddable":true,"href":"https:\/\/www.domkraftpro.com\/index.php\/wp-json\/wp\/v2\/product_cat?post=62975"},{"taxonomy":"product_tag","embeddable":true,"href":"https:\/\/www.domkraftpro.com\/index.php\/wp-json\/wp\/v2\/product_tag?post=62975"}],"curies":[{"name":"wp","href":"https:\/\/api.w.org\/{rel}","templated":true}]}}