{"id":62762,"date":"2026-04-27T04:43:15","date_gmt":"2026-04-27T04:43:15","guid":{"rendered":""},"modified":"2026-04-27T04:43:15","modified_gmt":"2026-04-27T04:43:15","slug":"advantix-cleviva-zakladni-teleso-sprchoveho-zlabku-dn40-50-794-415-znackovy-62762","status":"publish","type":"product","link":"https:\/\/www.domkraftpro.com\/index.php\/produkt\/advantix-cleviva-zakladni-teleso-sprchoveho-zlabku-dn40-50-794-415-znackovy-62762\/","title":{"rendered":"Advantix Cleviva z\u00e1kladn\u00ed t\u011bleso sprchov\u00e9ho \u017el\u00e1bku DN40\/50, 794 415 Zna\u010dkov\u00fd"},"content":{"rendered":"<div class=\"basic-description\">\n<h3>Detailn\u00ed popis produktu<\/h3>\n<p><span style=\"font-size: 14pt; font-family: 'Source Sans 3', sans-serif;\">Advantix Cleviva z\u00e1kladn\u00ed t\u011bleso sprchov\u00e9ho \u017el\u00e1bku DN40\/50, 794 415<\/span><\/p>\n<p><span style=\"font-size: 11pt; font-family: 'Source Sans 3', sans-serif;\">(sana\u010dn\u00ed model)<\/span><\/p>\n<ul>\n<li><span style=\"font-size: 11pt; font-family: 'Source Sans 3', sans-serif;\">pro n\u00e1sleduj\u00edc\u00ed produkty a pou\u017eit\u00ed: izola\u010dn\u00ed st\u011brka (v oblo\u017een\u00fdch sprch\u00e1ch), Samonivela\u010dn\u00ed n\u00e1t\u011br<\/span><\/li>\n<li><span style=\"font-size: 11pt; font-family: 'Source Sans 3', sans-serif;\">nen\u00ed vhodn\u00e9 pro&nbsp;Advantix-potrubn\u00ed pr\u016fchodka model 4923.5<\/span><\/li>\n<\/ul>\n<p>&nbsp;<\/p>\n<h3><span style=\"font-size: 11pt;\"><strong><span style=\"font-family: 'Source Sans 3', sans-serif;\">Vybaven\u00ed:<\/span><\/strong><\/span><\/h3>\n<p><span style=\"font-size: 11pt; font-family: 'Source Sans 3', sans-serif;\">z\u00e1pachov\u00fd uz\u00e1v\u011br, mont\u00e1\u017en\u00ed p\u0159\u00edruba, ut\u011bs\u0148ovac\u00ed man\u017eeta p\u0159edmontovan\u00e1 z v\u00fdroby, tvarovka pro v\u00fd\u0161kov\u00e9 vyrovn\u00e1n\u00ed, odtokov\u00e1 trubka, vlo\u017eka se s\u00edtkem<\/span><\/p>\n<h3><span style=\"font-size: 11pt;\"><strong><span style=\"font-family: 'Source Sans 3', sans-serif;\">Technick\u00e1 data:<\/span><\/strong><\/span><\/h3>\n<p><span style=\"font-size: 11pt; font-family: 'Source Sans 3', sans-serif;\">t\u0159\u00edda zat\u00ed\u017een\u00ed K = 300 kg<\/span><br \/><span style=\"font-size: 11pt; font-family: 'Source Sans 3', sans-serif;\">v\u00fd\u0161ka vodn\u00ed uz\u00e1v\u011bry 25 mm<\/span><br \/><span style=\"font-size: 11pt; font-family: 'Source Sans 3', sans-serif;\">odtokov\u00fd v\u00fdkon p\u0159i v\u00fd\u0161ce vodn\u00ed hladiny 10 mm 0,4\u20130,5 l\/s<\/span><br \/><span style=\"font-size: 11pt; font-family: 'Source Sans 3', sans-serif;\">odtokov\u00fd v\u00fdkon p\u0159i v\u00fd\u0161ce vodn\u00ed hladiny 20 mm 0,45\u20130,55 l\/s<\/span><\/p>\n<h3><span style=\"font-size: 11pt;\"><strong><span style=\"font-family: 'Source Sans 3', sans-serif;\">Upozorn\u011bn\u00ed:<\/span><\/strong><\/span><\/h3>\n<p><span style=\"font-size: 11pt; font-family: 'Source Sans 3', sans-serif;\">Uveden\u00e9ho odtokov\u00e9ho v\u00fdkonu je dosa\u017eeno s vlo\u017ekou se s\u00edtkem.<\/span><br \/><span style=\"font-size: 11pt; font-family: 'Source Sans 3', sans-serif;\">U tohoto modelu odtoku nen\u00ed kv\u016fli um\u00edst\u011bn\u00ed p\u0159ipojovac\u00ed trubky v dan\u00e9 v\u00fd\u0161ce mo\u017en\u00e9 nan\u00e9st pot\u0159ebnou vrstvu pot\u011bru. Projektant to mus\u00ed v\u010das zohlednit. Velikost dla\u017edic a\/nebo p\u0159\u00edpadn\u00e9 zalit\u00ed epoxidovou prysky\u0159ic\u00ed je nutn\u00e9 napl\u00e1novat ve vlastn\u00ed re\u017eii!&nbsp;<br \/><\/span><span style=\"font-size: 11pt; font-family: 'Source Sans 3', sans-serif;\">Odtokov\u00fd v\u00fdkon podle DIN EN 1253.<\/span><\/p>\n<p><span style=\"font-size: 11pt; font-family: 'Source Sans 3', sans-serif;\"><strong><br \/>model 4981.81<\/strong><\/span><\/p>\n<\/p><\/div>\n","protected":false},"excerpt":{"rendered":"<p>Detailn\u00ed popis produktu Advantix Cleviva z\u00e1kladn\u00ed t\u011bleso sprchov\u00e9ho \u017el\u00e1bku DN40\/50, 794 415 (sana\u010dn\u00ed model) pro n\u00e1sleduj\u00edc\u00ed produkty a pou\u017eit\u00ed: izola\u010dn\u00ed st\u011brka (v oblo\u017een\u00fdch sprch\u00e1ch), Samonivela\u010dn\u00ed n\u00e1t\u011br nen\u00ed vhodn\u00e9 pro&nbsp;Advantix-potrubn\u00ed pr\u016fchodka model 4923.5 &nbsp; Vybaven\u00ed: z\u00e1pachov\u00fd uz\u00e1v\u011br, mont\u00e1\u017en\u00ed p\u0159\u00edruba, ut\u011bs\u0148ovac\u00ed man\u017eeta p\u0159edmontovan\u00e1 z v\u00fdroby, tvarovka pro v\u00fd\u0161kov\u00e9 vyrovn\u00e1n\u00ed, odtokov\u00e1 trubka, vlo\u017eka se s\u00edtkem Technick\u00e1 data: t\u0159\u00edda [&hellip;]<\/p>\n","protected":false},"featured_media":62862,"comment_status":"open","ping_status":"open","template":"","meta":[],"product_brand":[],"product_cat":[96],"product_tag":[],"class_list":{"0":"post-62762","1":"product","2":"type-product","3":"status-publish","4":"has-post-thumbnail","6":"product_cat-koupelny-a-sanitarni-technika","8":"first","9":"instock","10":"sale","11":"shipping-taxable","12":"purchasable","13":"product-type-simple"},"yoast_head":"<!-- This site is optimized with the Yoast SEO plugin v26.8 - https:\/\/yoast.com\/product\/yoast-seo-wordpress\/ -->\n<title>Advantix Cleviva z\u00e1kladn\u00ed t\u011bleso sprchov\u00e9ho \u017el\u00e1bku DN40\/50, 794 415 Zna\u010dkov\u00fd -<\/title>\n<meta name=\"robots\" content=\"index, follow, max-snippet:-1, max-image-preview:large, max-video-preview:-1\" \/>\n<link rel=\"canonical\" href=\"https:\/\/www.domkraftpro.com\/index.php\/produkt\/advantix-cleviva-zakladni-teleso-sprchoveho-zlabku-dn40-50-794-415-znackovy-62762\/\" \/>\n<meta property=\"og:locale\" content=\"cs_CZ\" \/>\n<meta property=\"og:type\" content=\"article\" \/>\n<meta property=\"og:title\" content=\"Advantix Cleviva z\u00e1kladn\u00ed t\u011bleso sprchov\u00e9ho \u017el\u00e1bku DN40\/50, 794 415 Zna\u010dkov\u00fd -\" \/>\n<meta property=\"og:description\" content=\"Detailn\u00ed popis produktu Advantix Cleviva z\u00e1kladn\u00ed t\u011bleso sprchov\u00e9ho \u017el\u00e1bku DN40\/50, 794 415 (sana\u010dn\u00ed model) pro n\u00e1sleduj\u00edc\u00ed produkty a pou\u017eit\u00ed: izola\u010dn\u00ed st\u011brka (v oblo\u017een\u00fdch sprch\u00e1ch), Samonivela\u010dn\u00ed n\u00e1t\u011br nen\u00ed vhodn\u00e9 pro&nbsp;Advantix-potrubn\u00ed pr\u016fchodka model 4923.5 &nbsp; Vybaven\u00ed: z\u00e1pachov\u00fd uz\u00e1v\u011br, mont\u00e1\u017en\u00ed p\u0159\u00edruba, ut\u011bs\u0148ovac\u00ed man\u017eeta p\u0159edmontovan\u00e1 z v\u00fdroby, tvarovka pro v\u00fd\u0161kov\u00e9 vyrovn\u00e1n\u00ed, odtokov\u00e1 trubka, vlo\u017eka se s\u00edtkem Technick\u00e1 data: t\u0159\u00edda [&hellip;]\" \/>\n<meta property=\"og:url\" content=\"https:\/\/www.domkraftpro.com\/index.php\/produkt\/advantix-cleviva-zakladni-teleso-sprchoveho-zlabku-dn40-50-794-415-znackovy-62762\/\" \/>\n<meta property=\"og:image\" content=\"https:\/\/www.domkraftpro.com\/wp-content\/uploads\/2026\/SK0008376-CZ20260425-093351-0-1777080838-1210035_1_794415-jpg.webp\" \/>\n\t<meta property=\"og:image:width\" content=\"1000\" \/>\n\t<meta property=\"og:image:height\" content=\"750\" \/>\n\t<meta property=\"og:image:type\" content=\"image\/webp\" \/>\n<meta name=\"twitter:card\" content=\"summary_large_image\" \/>\n<meta name=\"twitter:label1\" content=\"Odhadovan\u00e1 doba \u010dten\u00ed\" \/>\n\t<meta name=\"twitter:data1\" content=\"1 minuta\" \/>\n<script type=\"application\/ld+json\" class=\"yoast-schema-graph\">{\"@context\":\"https:\/\/schema.org\",\"@graph\":[{\"@type\":\"WebPage\",\"@id\":\"https:\/\/www.domkraftpro.com\/index.php\/produkt\/advantix-cleviva-zakladni-teleso-sprchoveho-zlabku-dn40-50-794-415-znackovy-62762\/\",\"url\":\"https:\/\/www.domkraftpro.com\/index.php\/produkt\/advantix-cleviva-zakladni-teleso-sprchoveho-zlabku-dn40-50-794-415-znackovy-62762\/\",\"name\":\"Advantix Cleviva z\u00e1kladn\u00ed t\u011bleso sprchov\u00e9ho \u017el\u00e1bku DN40\/50, 794 415 Zna\u010dkov\u00fd -\",\"isPartOf\":{\"@id\":\"https:\/\/www.domkraftpro.com\/#website\"},\"primaryImageOfPage\":{\"@id\":\"https:\/\/www.domkraftpro.com\/index.php\/produkt\/advantix-cleviva-zakladni-teleso-sprchoveho-zlabku-dn40-50-794-415-znackovy-62762\/#primaryimage\"},\"image\":{\"@id\":\"https:\/\/www.domkraftpro.com\/index.php\/produkt\/advantix-cleviva-zakladni-teleso-sprchoveho-zlabku-dn40-50-794-415-znackovy-62762\/#primaryimage\"},\"thumbnailUrl\":\"https:\/\/www.domkraftpro.com\/wp-content\/uploads\/2026\/SK0008376-CZ20260425-093351-0-1777080838-1210035_1_794415-jpg.webp\",\"datePublished\":\"2026-04-27T04:43:15+00:00\",\"breadcrumb\":{\"@id\":\"https:\/\/www.domkraftpro.com\/index.php\/produkt\/advantix-cleviva-zakladni-teleso-sprchoveho-zlabku-dn40-50-794-415-znackovy-62762\/#breadcrumb\"},\"inLanguage\":\"cs\",\"potentialAction\":[{\"@type\":\"ReadAction\",\"target\":[\"https:\/\/www.domkraftpro.com\/index.php\/produkt\/advantix-cleviva-zakladni-teleso-sprchoveho-zlabku-dn40-50-794-415-znackovy-62762\/\"]}]},{\"@type\":\"ImageObject\",\"inLanguage\":\"cs\",\"@id\":\"https:\/\/www.domkraftpro.com\/index.php\/produkt\/advantix-cleviva-zakladni-teleso-sprchoveho-zlabku-dn40-50-794-415-znackovy-62762\/#primaryimage\",\"url\":\"https:\/\/www.domkraftpro.com\/wp-content\/uploads\/2026\/SK0008376-CZ20260425-093351-0-1777080838-1210035_1_794415-jpg.webp\",\"contentUrl\":\"https:\/\/www.domkraftpro.com\/wp-content\/uploads\/2026\/SK0008376-CZ20260425-093351-0-1777080838-1210035_1_794415-jpg.webp\",\"width\":1000,\"height\":750},{\"@type\":\"BreadcrumbList\",\"@id\":\"https:\/\/www.domkraftpro.com\/index.php\/produkt\/advantix-cleviva-zakladni-teleso-sprchoveho-zlabku-dn40-50-794-415-znackovy-62762\/#breadcrumb\",\"itemListElement\":[{\"@type\":\"ListItem\",\"position\":1,\"name\":\"Home\",\"item\":\"https:\/\/www.domkraftpro.com\/\"},{\"@type\":\"ListItem\",\"position\":2,\"name\":\"Products\",\"item\":\"https:\/\/www.domkraftpro.com\/index.php\/products\/\"},{\"@type\":\"ListItem\",\"position\":3,\"name\":\"Advantix Cleviva z\u00e1kladn\u00ed t\u011bleso sprchov\u00e9ho \u017el\u00e1bku DN40\/50, 794 415 Zna\u010dkov\u00fd\"}]},{\"@type\":\"WebSite\",\"@id\":\"https:\/\/www.domkraftpro.com\/#website\",\"url\":\"https:\/\/www.domkraftpro.com\/\",\"name\":\"\",\"description\":\"\",\"potentialAction\":[{\"@type\":\"SearchAction\",\"target\":{\"@type\":\"EntryPoint\",\"urlTemplate\":\"https:\/\/www.domkraftpro.com\/?s={search_term_string}\"},\"query-input\":{\"@type\":\"PropertyValueSpecification\",\"valueRequired\":true,\"valueName\":\"search_term_string\"}}],\"inLanguage\":\"cs\"}]}<\/script>\n<!-- \/ Yoast SEO plugin. -->","yoast_head_json":{"title":"Advantix Cleviva z\u00e1kladn\u00ed t\u011bleso sprchov\u00e9ho \u017el\u00e1bku DN40\/50, 794 415 Zna\u010dkov\u00fd -","robots":{"index":"index","follow":"follow","max-snippet":"max-snippet:-1","max-image-preview":"max-image-preview:large","max-video-preview":"max-video-preview:-1"},"canonical":"https:\/\/www.domkraftpro.com\/index.php\/produkt\/advantix-cleviva-zakladni-teleso-sprchoveho-zlabku-dn40-50-794-415-znackovy-62762\/","og_locale":"cs_CZ","og_type":"article","og_title":"Advantix Cleviva z\u00e1kladn\u00ed t\u011bleso sprchov\u00e9ho \u017el\u00e1bku DN40\/50, 794 415 Zna\u010dkov\u00fd -","og_description":"Detailn\u00ed popis produktu Advantix Cleviva z\u00e1kladn\u00ed t\u011bleso sprchov\u00e9ho \u017el\u00e1bku DN40\/50, 794 415 (sana\u010dn\u00ed model) pro n\u00e1sleduj\u00edc\u00ed produkty a pou\u017eit\u00ed: izola\u010dn\u00ed st\u011brka (v oblo\u017een\u00fdch sprch\u00e1ch), Samonivela\u010dn\u00ed n\u00e1t\u011br nen\u00ed vhodn\u00e9 pro&nbsp;Advantix-potrubn\u00ed pr\u016fchodka model 4923.5 &nbsp; Vybaven\u00ed: z\u00e1pachov\u00fd uz\u00e1v\u011br, mont\u00e1\u017en\u00ed p\u0159\u00edruba, ut\u011bs\u0148ovac\u00ed man\u017eeta p\u0159edmontovan\u00e1 z v\u00fdroby, tvarovka pro v\u00fd\u0161kov\u00e9 vyrovn\u00e1n\u00ed, odtokov\u00e1 trubka, vlo\u017eka se s\u00edtkem Technick\u00e1 data: t\u0159\u00edda [&hellip;]","og_url":"https:\/\/www.domkraftpro.com\/index.php\/produkt\/advantix-cleviva-zakladni-teleso-sprchoveho-zlabku-dn40-50-794-415-znackovy-62762\/","og_image":[{"width":1000,"height":750,"url":"https:\/\/www.domkraftpro.com\/wp-content\/uploads\/2026\/SK0008376-CZ20260425-093351-0-1777080838-1210035_1_794415-jpg.webp","type":"image\/webp"}],"twitter_card":"summary_large_image","twitter_misc":{"Odhadovan\u00e1 doba \u010dten\u00ed":"1 minuta"},"schema":{"@context":"https:\/\/schema.org","@graph":[{"@type":"WebPage","@id":"https:\/\/www.domkraftpro.com\/index.php\/produkt\/advantix-cleviva-zakladni-teleso-sprchoveho-zlabku-dn40-50-794-415-znackovy-62762\/","url":"https:\/\/www.domkraftpro.com\/index.php\/produkt\/advantix-cleviva-zakladni-teleso-sprchoveho-zlabku-dn40-50-794-415-znackovy-62762\/","name":"Advantix Cleviva z\u00e1kladn\u00ed t\u011bleso sprchov\u00e9ho \u017el\u00e1bku DN40\/50, 794 415 Zna\u010dkov\u00fd -","isPartOf":{"@id":"https:\/\/www.domkraftpro.com\/#website"},"primaryImageOfPage":{"@id":"https:\/\/www.domkraftpro.com\/index.php\/produkt\/advantix-cleviva-zakladni-teleso-sprchoveho-zlabku-dn40-50-794-415-znackovy-62762\/#primaryimage"},"image":{"@id":"https:\/\/www.domkraftpro.com\/index.php\/produkt\/advantix-cleviva-zakladni-teleso-sprchoveho-zlabku-dn40-50-794-415-znackovy-62762\/#primaryimage"},"thumbnailUrl":"https:\/\/www.domkraftpro.com\/wp-content\/uploads\/2026\/SK0008376-CZ20260425-093351-0-1777080838-1210035_1_794415-jpg.webp","datePublished":"2026-04-27T04:43:15+00:00","breadcrumb":{"@id":"https:\/\/www.domkraftpro.com\/index.php\/produkt\/advantix-cleviva-zakladni-teleso-sprchoveho-zlabku-dn40-50-794-415-znackovy-62762\/#breadcrumb"},"inLanguage":"cs","potentialAction":[{"@type":"ReadAction","target":["https:\/\/www.domkraftpro.com\/index.php\/produkt\/advantix-cleviva-zakladni-teleso-sprchoveho-zlabku-dn40-50-794-415-znackovy-62762\/"]}]},{"@type":"ImageObject","inLanguage":"cs","@id":"https:\/\/www.domkraftpro.com\/index.php\/produkt\/advantix-cleviva-zakladni-teleso-sprchoveho-zlabku-dn40-50-794-415-znackovy-62762\/#primaryimage","url":"https:\/\/www.domkraftpro.com\/wp-content\/uploads\/2026\/SK0008376-CZ20260425-093351-0-1777080838-1210035_1_794415-jpg.webp","contentUrl":"https:\/\/www.domkraftpro.com\/wp-content\/uploads\/2026\/SK0008376-CZ20260425-093351-0-1777080838-1210035_1_794415-jpg.webp","width":1000,"height":750},{"@type":"BreadcrumbList","@id":"https:\/\/www.domkraftpro.com\/index.php\/produkt\/advantix-cleviva-zakladni-teleso-sprchoveho-zlabku-dn40-50-794-415-znackovy-62762\/#breadcrumb","itemListElement":[{"@type":"ListItem","position":1,"name":"Home","item":"https:\/\/www.domkraftpro.com\/"},{"@type":"ListItem","position":2,"name":"Products","item":"https:\/\/www.domkraftpro.com\/index.php\/products\/"},{"@type":"ListItem","position":3,"name":"Advantix Cleviva z\u00e1kladn\u00ed t\u011bleso sprchov\u00e9ho \u017el\u00e1bku DN40\/50, 794 415 Zna\u010dkov\u00fd"}]},{"@type":"WebSite","@id":"https:\/\/www.domkraftpro.com\/#website","url":"https:\/\/www.domkraftpro.com\/","name":"","description":"","potentialAction":[{"@type":"SearchAction","target":{"@type":"EntryPoint","urlTemplate":"https:\/\/www.domkraftpro.com\/?s={search_term_string}"},"query-input":{"@type":"PropertyValueSpecification","valueRequired":true,"valueName":"search_term_string"}}],"inLanguage":"cs"}]}},"_links":{"self":[{"href":"https:\/\/www.domkraftpro.com\/index.php\/wp-json\/wp\/v2\/product\/62762","targetHints":{"allow":["GET"]}}],"collection":[{"href":"https:\/\/www.domkraftpro.com\/index.php\/wp-json\/wp\/v2\/product"}],"about":[{"href":"https:\/\/www.domkraftpro.com\/index.php\/wp-json\/wp\/v2\/types\/product"}],"replies":[{"embeddable":true,"href":"https:\/\/www.domkraftpro.com\/index.php\/wp-json\/wp\/v2\/comments?post=62762"}],"wp:featuredmedia":[{"embeddable":true,"href":"https:\/\/www.domkraftpro.com\/index.php\/wp-json\/wp\/v2\/media\/62862"}],"wp:attachment":[{"href":"https:\/\/www.domkraftpro.com\/index.php\/wp-json\/wp\/v2\/media?parent=62762"}],"wp:term":[{"taxonomy":"product_brand","embeddable":true,"href":"https:\/\/www.domkraftpro.com\/index.php\/wp-json\/wp\/v2\/product_brand?post=62762"},{"taxonomy":"product_cat","embeddable":true,"href":"https:\/\/www.domkraftpro.com\/index.php\/wp-json\/wp\/v2\/product_cat?post=62762"},{"taxonomy":"product_tag","embeddable":true,"href":"https:\/\/www.domkraftpro.com\/index.php\/wp-json\/wp\/v2\/product_tag?post=62762"}],"curies":[{"name":"wp","href":"https:\/\/api.w.org\/{rel}","templated":true}]}}